{"id":20685,"date":"2024-03-11T14:25:37","date_gmt":"2024-03-11T14:25:37","guid":{"rendered":"https:\/\/devel.valcucine.com\/unternehmen\/certificazioni\/"},"modified":"2026-04-29T14:43:38","modified_gmt":"2026-04-29T14:43:38","slug":"zertifizierungen-valcucine","status":"publish","type":"page","link":"https:\/\/www.valcucine.com\/de\/unternehmen\/zertifizierungen-valcucine\/","title":{"rendered":"Zertifizierungen"},"content":{"rendered":"<div class=\"wpb-content-wrapper\"><p>[vc_row css=&#8220;.vc_custom_1709740056130{padding-top: 40px !important;padding-bottom: 40px !important;}&#8220;][vc_column]\n        \n        <h1 class=\"text-center  main__title__h1  \" style=\"color:#333333;\"> \n\n         Zertifizierungen\n        \n        <\/h1>[\/vc_column][\/vc_row][vc_row][vc_column width=&#8220;1\/4&#8243;][vc_single_image image=&#8220;3230&#8243; img_size=&#8220;200&#215;169&#8243; alignment=&#8220;center&#8220;][\/vc_column][vc_column width=&#8220;3\/4&#8243;]\n        \n        <h3 class=\"text-start  main__title__h3  vc_custom_1710167740359 \" style=\"color:;\"> \n\n         LEED\n        \n        <\/h3>[vc_column_text]LEED v.4.1 Beitrag Matrix f\u00fcr Valcucine K\u00fcchen<\/p>\n<p>Seit \u00fcber vierzig Jahren zeichnet sich Valcucine durch die Gestaltung und Produktion von hochwertigen K\u00fcchen aus. Immer bestrebt, Exzellenz in Bezug auf Nachhaltigkeit, Innovation und Handwerkskunst zu bieten, setzt Valcucine erneut den Ma\u00dfstab mit der Kartierung der LEED v.4.1 f\u00fcr K\u00fcchen.<\/p>\n<p>LEED (Leadership in Energy and Environmental Design) ist das am h\u00e4ufigsten genutzte System f\u00fcr die Drittanbieter-\u00dcberpr\u00fcfung von \u00f6kologischen Geb\u00e4uden. LEED bietet einen Rahmen f\u00fcr gesunde, effiziente, kohlenstoffarme und kosteng\u00fcnstige \u00f6kologische Geb\u00e4ude.<br \/>\nDie LEED v.4.1 Zertifizierung ist ein weltweit anerkanntes Symbol f\u00fcr Erfolg und F\u00fchrung in Sachen Nachhaltigkeit.<\/p>\n<p><strong><a href=\"http:\/\/www.valcucine.com\/uploads\/files_block\/25_2_leed-matrix-valcucine-.pdf\" target=\"_blank\" rel=\"noopener\">Laden Sie die LEED Beitrag Matrix herunter<\/a><\/strong><\/p>\n<p>[\/vc_column_text][\/vc_column][\/vc_row][vc_row][vc_column width=&#8220;1\/4&#8243;][vc_single_image image=&#8220;3252&#8243; img_size=&#8220;200&#215;169&#8243; alignment=&#8220;center&#8220;][\/vc_column][vc_column width=&#8220;3\/4&#8243;]\n        \n        <h3 class=\"text-start  main__title__h3  vc_custom_1710167934334 \" style=\"color:;\"> \n\n         FSC\n        \n        <\/h3>[vc_column_text css=&#8220;&#8220;]Als Zeugnis ihres Umweltengagements hat Valcucine ihr Sortiment an FSC\u00ae-zertifizierten K\u00fcchenm\u00f6beln erweitert, um sicherzustellen, dass Holz oder seine Derivate aus Lieferketten von FSC\u00ae-zertifizierten Anbietern stammen.<\/p>\n<p>FSC verpflichtet Forstmanager, sowohl auf \u00f6ffentlichen als auch auf privaten Fl\u00e4chen, die Mitglieder lokaler Gemeinschaften in Entscheidungsprozesse einzubeziehen und die Rechte indigener Bev\u00f6lkerungen zu sch\u00fctzen. Dadurch wird sichergestellt, dass ihre Stimmen integraler Bestandteil des Zertifizierungsprozesses sind und dass die Auswirkungen der Verwaltungsma\u00dfnahmen \u00fcbertroffen werden. FSC verlangt auch, dass die Ergebnisse der Zertifizierungspr\u00fcfungen \u00f6ffentlich gemacht werden, auch wenn es sich um Privatbesitz handelt &#8211; dies ist ein charakteristisches Merkmal im Vergleich zu anderen Zertifizierungstypen.<\/p>\n<p><a href=\"https:\/\/www.valcucine.com\/wp-content\/uploads\/2026\/04\/Certificato-FSC-2028-3.pdf\"><b><strong>Laden Sie die FSC-Zertifizierung herunter<\/strong><\/b><\/a>[\/vc_column_text][\/vc_column][\/vc_row][vc_row][vc_column width=&#8220;1\/4&#8243;][vc_single_image image=&#8220;3270&#8243; img_size=&#8220;200&#215;200&#8243; alignment=&#8220;center&#8220;][\/vc_column][vc_column width=&#8220;3\/4&#8243;]\n        \n        <h3 class=\"text-start  main__title__h3  vc_custom_1710170819835 \" style=\"color:;\"> \n\n         ISO 14001\n        \n        <\/h3>[vc_column_text css=&#8220;&#8220;]Die ISO 14001 Umweltzertifizierung gew\u00e4hrleistet, dass das Unternehmen die Umweltgesetze bez\u00fcglich giftiger Emissionen, L\u00e4rm und Abwasser einh\u00e4lt; dass das Unternehmen \u00fcber ein kontrolliertes und registriertes Abfallentsorgungssystem verf\u00fcgt; dass es sich f\u00fcr die Reduzierung des Energieverbrauchs engagiert und Projekte zu diesem Zweck umsetzt; und dass das Unternehmen sich an Umweltprojekten beteiligt.<\/p>\n<p><a href=\"https:\/\/www.valcucine.com\/wp-content\/uploads\/2026\/04\/Certificato-ISO-14001-2028-2.pdf\"><strong>Laden Sie die ISO 14001 Zertifizierung herunter<\/strong><\/a>[\/vc_column_text][\/vc_column][\/vc_row][vc_row][vc_column width=&#8220;1\/4&#8243;][vc_single_image image=&#8220;3275&#8243; img_size=&#8220;200&#215;129&#8243; alignment=&#8220;center&#8220;][\/vc_column][vc_column width=&#8220;3\/4&#8243;]\n        \n        <h3 class=\"text-start  main__title__h3  vc_custom_1710170830986 \" style=\"color:;\"> \n\n         ISO 45001\n        \n        <\/h3>[vc_column_text css=&#8220;&#8220;]Im Jahr 2011 hat Valcucine die Zertifizierung OHSAS (Occupational Health and Safety Assessment Series) erhalten, die einen internationalen Standard f\u00fcr ein Managementsystem f\u00fcr Arbeitssicherheit und Gesundheit identifiziert. Anschlie\u00dfend hat das Unternehmen die neue Zertifizierung ISO 45001 als Ersatz erlangt.<\/p>\n<p><a href=\"https:\/\/www.valcucine.com\/wp-content\/uploads\/2026\/04\/Certificato-ISO-45001-2026-2.pdf\"><strong>Laden Sie die ISO 45001 Zertifizierung herunter<\/strong><\/a>[\/vc_column_text][\/vc_column][\/vc_row][vc_row][vc_column width=&#8220;1\/4&#8243;][vc_single_image image=&#8220;3280&#8243; img_size=&#8220;200&#215;229&#8243; alignment=&#8220;center&#8220;][\/vc_column][vc_column width=&#8220;3\/4&#8243;]\n        \n        <h3 class=\"text-start  main__title__h3  vc_custom_1724415685796 \" style=\"color:;\"> \n\n         F4 STARS\n        \n        <\/h3>[vc_column_text]Die Zertifizierung F4 STARS\u00a0sieht eigene Pr\u00fcfmethoden vor und legt einen sehr restriktiven Grenzwert von 0,04 ppm fest. Zum Vergleich: Die amerikanische Norm CARB 2\/TSCA Title VI sieht 0,09 ppm vor, die europ\u00e4ische Norm E1 0,1 ppm, und die deutsche UBA 0,1 ppm. Diese Zertifizierung gilt f\u00fcr rohe oder beschichtete Holzwerkstoffplatten und bescheinigt die Konformit\u00e4t mit den in Japan festgelegten Anforderungen f\u00fcr die Formaldehydemissionen von Produkten f\u00fcr Bau und M\u00f6bel.<\/p>\n<p><strong>Zertifizierung auf Anfrage.<\/strong>[\/vc_column_text][\/vc_column][\/vc_row][vc_row css=&#8220;.vc_custom_1710779497857{margin-bottom: 40px !important;}&#8220;][vc_column][vc_separator color=&#8220;custom&#8220; el_width=&#8220;10&#8243; accent_color=&#8220;#333333&#8243;][\/vc_column][\/vc_row]<\/p>\n<\/div>","protected":false},"excerpt":{"rendered":"<p>[vc_row css=&#8220;.vc_custom_1709740056130{padding-top: 40px !important;padding-bottom: 40px !important;}&#8220;][vc_column][\/vc_column][\/vc_row][vc_row][vc_column width=&#8220;1\/4&#8243;][vc_single_image image=&#8220;3230&#8243; img_size=&#8220;200&#215;169&#8243; alignment=&#8220;center&#8220;][\/vc_column][vc_column width=&#8220;3\/4&#8243;][vc_column_text]LEED v.4.1 Beitrag Matrix f\u00fcr Valcucine K\u00fcchen Seit \u00fcber vierzig Jahren zeichnet sich Valcucine durch die Gestaltung und Produktion von hochwertigen K\u00fcchen aus. Immer bestrebt, Exzellenz in Bezug auf Nachhaltigkeit, Innovation und Handwerkskunst zu bieten, setzt Valcucine erneut den Ma\u00dfstab mit der Kartierung der LEED [&hellip;]<\/p>\n","protected":false},"author":1,"featured_media":0,"parent":20679,"menu_order":0,"comment_status":"closed","ping_status":"closed","template":"","meta":{"footnotes":""},"class_list":["post-20685","page","type-page","status-publish","hentry"],"yoast_head":"<!-- This site is optimized with the Yoast SEO plugin v26.2 - https:\/\/yoast.com\/wordpress\/plugins\/seo\/ -->\n<title>Zertifizierungen - Valcucine<\/title>\n<meta name=\"robots\" content=\"index, follow, max-snippet:-1, max-image-preview:large, max-video-preview:-1\" \/>\n<link rel=\"canonical\" href=\"https:\/\/www.valcucine.com\/de\/unternehmen\/zertifizierungen-valcucine\/\" \/>\n<meta property=\"og:locale\" content=\"de_DE\" \/>\n<meta property=\"og:type\" content=\"article\" \/>\n<meta property=\"og:title\" content=\"Zertifizierungen - Valcucine\" \/>\n<meta property=\"og:description\" content=\"[vc_row css=&#8220;.vc_custom_1709740056130{padding-top: 40px !important;padding-bottom: 40px !important;}&#8220;][vc_column][\/vc_column][\/vc_row][vc_row][vc_column width=&#8220;1\/4&#8243;][vc_single_image image=&#8220;3230&#8243; img_size=&#8220;200&#215;169&#8243; alignment=&#8220;center&#8220;][\/vc_column][vc_column width=&#8220;3\/4&#8243;][vc_column_text]LEED v.4.1 Beitrag Matrix f\u00fcr Valcucine K\u00fcchen Seit \u00fcber vierzig Jahren zeichnet sich Valcucine durch die Gestaltung und Produktion von hochwertigen K\u00fcchen aus. Immer bestrebt, Exzellenz in Bezug auf Nachhaltigkeit, Innovation und Handwerkskunst zu bieten, setzt Valcucine erneut den Ma\u00dfstab mit der Kartierung der LEED [&hellip;]\" \/>\n<meta property=\"og:url\" content=\"https:\/\/www.valcucine.com\/de\/unternehmen\/zertifizierungen-valcucine\/\" \/>\n<meta property=\"og:site_name\" content=\"Valcucine\" \/>\n<meta property=\"article:publisher\" content=\"https:\/\/www.facebook.com\/valcucine\/\" \/>\n<meta property=\"article:modified_time\" content=\"2026-04-29T14:43:38+00:00\" \/>\n<meta name=\"twitter:card\" content=\"summary_large_image\" \/>\n<meta name=\"twitter:label1\" content=\"Gesch\u00e4tzte Lesezeit\" \/>\n\t<meta name=\"twitter:data1\" content=\"4\u00a0Minuten\" \/>\n<script type=\"application\/ld+json\" class=\"yoast-schema-graph\">{\"@context\":\"https:\/\/schema.org\",\"@graph\":[{\"@type\":\"WebPage\",\"@id\":\"https:\/\/www.valcucine.com\/de\/unternehmen\/zertifizierungen-valcucine\/\",\"url\":\"https:\/\/www.valcucine.com\/de\/unternehmen\/zertifizierungen-valcucine\/\",\"name\":\"Zertifizierungen - Valcucine\",\"isPartOf\":{\"@id\":\"https:\/\/www.valcucine.com\/#website\"},\"datePublished\":\"2024-03-11T14:25:37+00:00\",\"dateModified\":\"2026-04-29T14:43:38+00:00\",\"breadcrumb\":{\"@id\":\"https:\/\/www.valcucine.com\/de\/unternehmen\/zertifizierungen-valcucine\/#breadcrumb\"},\"inLanguage\":\"de\",\"potentialAction\":[{\"@type\":\"ReadAction\",\"target\":[\"https:\/\/www.valcucine.com\/de\/unternehmen\/zertifizierungen-valcucine\/\"]}]},{\"@type\":\"BreadcrumbList\",\"@id\":\"https:\/\/www.valcucine.com\/de\/unternehmen\/zertifizierungen-valcucine\/#breadcrumb\",\"itemListElement\":[{\"@type\":\"ListItem\",\"position\":1,\"name\":\"Valcucine\",\"item\":\"https:\/\/www.valcucine.com\/de\/\"},{\"@type\":\"ListItem\",\"position\":2,\"name\":\"Unternehmen\",\"item\":\"https:\/\/www.valcucine.com\/de\/unternehmen\/\"},{\"@type\":\"ListItem\",\"position\":3,\"name\":\"Zertifizierungen\"}]},{\"@type\":\"WebSite\",\"@id\":\"https:\/\/www.valcucine.com\/#website\",\"url\":\"https:\/\/www.valcucine.com\/\",\"name\":\"Valcucine\",\"description\":\"\",\"publisher\":{\"@id\":\"https:\/\/www.valcucine.com\/#organization\"},\"potentialAction\":[{\"@type\":\"SearchAction\",\"target\":{\"@type\":\"EntryPoint\",\"urlTemplate\":\"https:\/\/www.valcucine.com\/?s={search_term_string}\"},\"query-input\":{\"@type\":\"PropertyValueSpecification\",\"valueRequired\":true,\"valueName\":\"search_term_string\"}}],\"inLanguage\":\"de\"},{\"@type\":\"Organization\",\"@id\":\"https:\/\/www.valcucine.com\/#organization\",\"name\":\"Valcucine\",\"url\":\"https:\/\/www.valcucine.com\/\",\"logo\":{\"@type\":\"ImageObject\",\"inLanguage\":\"de\",\"@id\":\"https:\/\/www.valcucine.com\/#\/schema\/logo\/image\/\",\"url\":\"https:\/\/www.valcucine.com\/wp-content\/uploads\/2024\/02\/logo-valcucine.webp?wsr\",\"contentUrl\":\"https:\/\/www.valcucine.com\/wp-content\/uploads\/2024\/02\/logo-valcucine.webp?wsr\",\"width\":288,\"height\":46,\"caption\":\"Valcucine\"},\"image\":{\"@id\":\"https:\/\/www.valcucine.com\/#\/schema\/logo\/image\/\"},\"sameAs\":[\"https:\/\/www.facebook.com\/valcucine\/\",\"https:\/\/www.instagram.com\/valcucine\/\",\"https:\/\/www.linkedin.com\/company\/valcucine\"]}]}<\/script>\n<!-- \/ Yoast SEO plugin. -->","yoast_head_json":{"title":"Zertifizierungen - Valcucine","robots":{"index":"index","follow":"follow","max-snippet":"max-snippet:-1","max-image-preview":"max-image-preview:large","max-video-preview":"max-video-preview:-1"},"canonical":"https:\/\/www.valcucine.com\/de\/unternehmen\/zertifizierungen-valcucine\/","og_locale":"de_DE","og_type":"article","og_title":"Zertifizierungen - Valcucine","og_description":"[vc_row css=&#8220;.vc_custom_1709740056130{padding-top: 40px !important;padding-bottom: 40px !important;}&#8220;][vc_column][\/vc_column][\/vc_row][vc_row][vc_column width=&#8220;1\/4&#8243;][vc_single_image image=&#8220;3230&#8243; img_size=&#8220;200&#215;169&#8243; alignment=&#8220;center&#8220;][\/vc_column][vc_column width=&#8220;3\/4&#8243;][vc_column_text]LEED v.4.1 Beitrag Matrix f\u00fcr Valcucine K\u00fcchen Seit \u00fcber vierzig Jahren zeichnet sich Valcucine durch die Gestaltung und Produktion von hochwertigen K\u00fcchen aus. Immer bestrebt, Exzellenz in Bezug auf Nachhaltigkeit, Innovation und Handwerkskunst zu bieten, setzt Valcucine erneut den Ma\u00dfstab mit der Kartierung der LEED [&hellip;]","og_url":"https:\/\/www.valcucine.com\/de\/unternehmen\/zertifizierungen-valcucine\/","og_site_name":"Valcucine","article_publisher":"https:\/\/www.facebook.com\/valcucine\/","article_modified_time":"2026-04-29T14:43:38+00:00","twitter_card":"summary_large_image","twitter_misc":{"Gesch\u00e4tzte Lesezeit":"4\u00a0Minuten"},"schema":{"@context":"https:\/\/schema.org","@graph":[{"@type":"WebPage","@id":"https:\/\/www.valcucine.com\/de\/unternehmen\/zertifizierungen-valcucine\/","url":"https:\/\/www.valcucine.com\/de\/unternehmen\/zertifizierungen-valcucine\/","name":"Zertifizierungen - Valcucine","isPartOf":{"@id":"https:\/\/www.valcucine.com\/#website"},"datePublished":"2024-03-11T14:25:37+00:00","dateModified":"2026-04-29T14:43:38+00:00","breadcrumb":{"@id":"https:\/\/www.valcucine.com\/de\/unternehmen\/zertifizierungen-valcucine\/#breadcrumb"},"inLanguage":"de","potentialAction":[{"@type":"ReadAction","target":["https:\/\/www.valcucine.com\/de\/unternehmen\/zertifizierungen-valcucine\/"]}]},{"@type":"BreadcrumbList","@id":"https:\/\/www.valcucine.com\/de\/unternehmen\/zertifizierungen-valcucine\/#breadcrumb","itemListElement":[{"@type":"ListItem","position":1,"name":"Valcucine","item":"https:\/\/www.valcucine.com\/de\/"},{"@type":"ListItem","position":2,"name":"Unternehmen","item":"https:\/\/www.valcucine.com\/de\/unternehmen\/"},{"@type":"ListItem","position":3,"name":"Zertifizierungen"}]},{"@type":"WebSite","@id":"https:\/\/www.valcucine.com\/#website","url":"https:\/\/www.valcucine.com\/","name":"Valcucine","description":"","publisher":{"@id":"https:\/\/www.valcucine.com\/#organization"},"potentialAction":[{"@type":"SearchAction","target":{"@type":"EntryPoint","urlTemplate":"https:\/\/www.valcucine.com\/?s={search_term_string}"},"query-input":{"@type":"PropertyValueSpecification","valueRequired":true,"valueName":"search_term_string"}}],"inLanguage":"de"},{"@type":"Organization","@id":"https:\/\/www.valcucine.com\/#organization","name":"Valcucine","url":"https:\/\/www.valcucine.com\/","logo":{"@type":"ImageObject","inLanguage":"de","@id":"https:\/\/www.valcucine.com\/#\/schema\/logo\/image\/","url":"https:\/\/www.valcucine.com\/wp-content\/uploads\/2024\/02\/logo-valcucine.webp?wsr","contentUrl":"https:\/\/www.valcucine.com\/wp-content\/uploads\/2024\/02\/logo-valcucine.webp?wsr","width":288,"height":46,"caption":"Valcucine"},"image":{"@id":"https:\/\/www.valcucine.com\/#\/schema\/logo\/image\/"},"sameAs":["https:\/\/www.facebook.com\/valcucine\/","https:\/\/www.instagram.com\/valcucine\/","https:\/\/www.linkedin.com\/company\/valcucine"]}]}},"_links":{"self":[{"href":"https:\/\/www.valcucine.com\/de\/wp-json\/wp\/v2\/pages\/20685","targetHints":{"allow":["GET"]}}],"collection":[{"href":"https:\/\/www.valcucine.com\/de\/wp-json\/wp\/v2\/pages"}],"about":[{"href":"https:\/\/www.valcucine.com\/de\/wp-json\/wp\/v2\/types\/page"}],"author":[{"embeddable":true,"href":"https:\/\/www.valcucine.com\/de\/wp-json\/wp\/v2\/users\/1"}],"replies":[{"embeddable":true,"href":"https:\/\/www.valcucine.com\/de\/wp-json\/wp\/v2\/comments?post=20685"}],"version-history":[{"count":6,"href":"https:\/\/www.valcucine.com\/de\/wp-json\/wp\/v2\/pages\/20685\/revisions"}],"predecessor-version":[{"id":54290,"href":"https:\/\/www.valcucine.com\/de\/wp-json\/wp\/v2\/pages\/20685\/revisions\/54290"}],"up":[{"embeddable":true,"href":"https:\/\/www.valcucine.com\/de\/wp-json\/wp\/v2\/pages\/20679"}],"wp:attachment":[{"href":"https:\/\/www.valcucine.com\/de\/wp-json\/wp\/v2\/media?parent=20685"}],"curies":[{"name":"wp","href":"https:\/\/api.w.org\/{rel}","templated":true}]}}