{"id":20704,"date":"2024-03-11T11:22:54","date_gmt":"2024-03-11T11:22:54","guid":{"rendered":"https:\/\/devel.valcucine.com\/unternehmen\/mission-und-werte\/durata\/"},"modified":"2025-06-04T13:49:30","modified_gmt":"2025-06-04T13:49:30","slug":"zeitlos-kueche","status":"publish","type":"page","link":"https:\/\/www.valcucine.com\/de\/unternehmen\/mission-und-werte\/zeitlos-kueche\/","title":{"rendered":"Zeitlosigkeit"},"content":{"rendered":"<div class=\"wpb-content-wrapper\"><p>[vc_row css=&#8220;.vc_custom_1709740111226{padding-top: 40px !important;padding-bottom: 40px !important;}&#8220;][vc_column]\n        \n        <h1 class=\"text-center  main__title__h1  \" style=\"color:#333333;\"> \n\n         Zeitlosigkeit\n        \n        <\/h1>[\/vc_column][\/vc_row][vc_row][vc_column][vc_column_text]Kompositionen mit \u00e4sthetisch definierter Linienf\u00fchrung; eine Synthese aus st\u00e4ndiger Forschungs- und Entwicklungsarbeit, unverg\u00e4nglicher Eleganz sowie Wissen und Erfahrung. Eine Harmonie, die jeder t\u00e4glichen Geste Wert verleiht, voller Vertrauen in die Zuverl\u00e4ssigkeit und Langlebigkeit der Produkte. Eine Philosophie, die \u00fcber die Wechselhaftigkeit der Moden hinweggeht und uns das in Erinnerung ruft, was wesentlich, unentbehrlich und wichtig ist. Das ist der Kern unseres Designs, positiv und konkret.[\/vc_column_text][\/vc_column][\/vc_row][vc_row][vc_column][vc_separator color=&#8220;custom&#8220; el_width=&#8220;10&#8243; accent_color=&#8220;#333333&#8243;][\/vc_column][\/vc_row][vc_row css=&#8220;.vc_custom_1709311982565{padding-bottom: 30px !important;}&#8220;][vc_column]<div class=\"block__img__gradient\" style=\"background-image:url(https:\/\/www.valcucine.com\/wp-content\/uploads\/2024\/03\/10_durabilta_bkg.webp?wsr)\"><\/div><div class=\"block__img__gradient__content\"><h2 class='block__img__gradient__title'>HALTBARKEIT<\/h2><p class='block__img__gradient__text'><\/p>\n<div class=\"text\">\n<div>Jedes Detail der K\u00fcche ist ein Synonym f\u00fcr Exzellenz, auch wenn dies mitunter nicht sofort und direkt zu sehen ist. Doch es macht unsere K\u00fcchen zeitlos: Das sanfte Schlie\u00dfen der Fronten, die Unterschr\u00e4nke aus wasserabweisender Spanplatte (\u201eP3\u201c) und die Verwendung unzerst\u00f6rbarer Silikondichtungen, die daf\u00fcr sorgen, dass weder Wasser noch Feuchtigkeit eindringt. Die Langlebigkeit und die Zuverl\u00e4ssigkeit unserer Materialien sind das Ergebnis st\u00e4ndiger Qualit\u00e4tsanalysen sowie technischer Tests, welche die Erf\u00fcllung h\u00f6chster Standards bez\u00fcglich Widerstandsf\u00e4higkeit gegen\u00fcber Lichteinwirkung, Hitze- und Schlagfestigkeit sowie Fleckenresistenz garantieren.<\/div>\n<\/div>\n<p><\/p><\/div>[\/vc_column][\/vc_row][vc_row css=&#8220;.vc_custom_1710779233886{margin-bottom: 40px !important;padding-bottom: 30px !important;}&#8220;][vc_column]<div class=\"block__img__gradient\" style=\"background-image:url(https:\/\/www.valcucine.com\/wp-content\/uploads\/2024\/03\/36_modern-kitchen-with-mosaics-customisation.webp?wsr)\"><\/div><div class=\"block__img__gradient__content\"><h2 class='block__img__gradient__title'>DESIGN JENSEITS VON TRENDS UND MODEN<\/h2><p class='block__img__gradient__text'><\/p>\n<div class=\"text\">\n<div>Damit eine K\u00fcche zu einer wirklichen Oase des Wohlbefindens wird, muss jedem Aspekt &#8211; egal wie gro\u00df oder klein er sein mag &#8211; die n\u00f6tige Beachtung geschenkt werden. Unsere Aufmerksamkeit und unser Blick auf die Details begleiten daher jeden kreativen Entwicklungsschritt von der Idee bis zur Umsetzung. Alles hat einen Sinn: Das grafische Bild der auf das Wesentliche beschr\u00e4nkten und ausgesuchten Linienf\u00fchrung, die reine Volumensprache, die Leichtigkeit, die Empfindungen, die das Urspr\u00fcngliche in uns ber\u00fchren. Die innovativen Materialien und die individuelle Gestaltung eines Raumes, der immer eine Geschichte erz\u00e4hlt. Sch\u00f6nheit und Funktion befinden sich im Gleichgewicht, in einem st\u00e4ndigen Austausch. Unsere K\u00fcchen \u00fcberwinden die Grenzen der Zeit und widerstehen den Einfl\u00fcssen der Mode.<\/div>\n<\/div>\n<p><\/p><\/div>[\/vc_column][\/vc_row]<\/p>\n<\/div>","protected":false},"excerpt":{"rendered":"<p>[vc_row css=&#8220;.vc_custom_1709740111226{padding-top: 40px !important;padding-bottom: 40px !important;}&#8220;][vc_column][\/vc_column][\/vc_row][vc_row][vc_column][vc_column_text]Kompositionen mit \u00e4sthetisch definierter Linienf\u00fchrung; eine Synthese aus st\u00e4ndiger Forschungs- und Entwicklungsarbeit, unverg\u00e4nglicher Eleganz sowie Wissen und Erfahrung. Eine Harmonie, die jeder t\u00e4glichen Geste Wert verleiht, voller Vertrauen in die Zuverl\u00e4ssigkeit und Langlebigkeit der Produkte. Eine Philosophie, die \u00fcber die Wechselhaftigkeit der Moden hinweggeht und uns das in Erinnerung ruft, [&hellip;]<\/p>\n","protected":false},"author":1,"featured_media":0,"parent":20682,"menu_order":0,"comment_status":"closed","ping_status":"closed","template":"","meta":{"footnotes":""},"class_list":["post-20704","page","type-page","status-publish","hentry"],"yoast_head":"<!-- This site is optimized with the Yoast SEO plugin v26.2 - https:\/\/yoast.com\/wordpress\/plugins\/seo\/ -->\n<title>Zeitlosigkeit - Valcucine<\/title>\n<meta name=\"robots\" content=\"index, follow, max-snippet:-1, max-image-preview:large, max-video-preview:-1\" \/>\n<link rel=\"canonical\" href=\"https:\/\/www.valcucine.com\/de\/unternehmen\/mission-und-werte\/zeitlos-kueche\/\" \/>\n<meta property=\"og:locale\" content=\"de_DE\" \/>\n<meta property=\"og:type\" content=\"article\" \/>\n<meta property=\"og:title\" content=\"Zeitlosigkeit - Valcucine\" \/>\n<meta property=\"og:description\" content=\"[vc_row css=&#8220;.vc_custom_1709740111226{padding-top: 40px !important;padding-bottom: 40px !important;}&#8220;][vc_column][\/vc_column][\/vc_row][vc_row][vc_column][vc_column_text]Kompositionen mit \u00e4sthetisch definierter Linienf\u00fchrung; eine Synthese aus st\u00e4ndiger Forschungs- und Entwicklungsarbeit, unverg\u00e4nglicher Eleganz sowie Wissen und Erfahrung. Eine Harmonie, die jeder t\u00e4glichen Geste Wert verleiht, voller Vertrauen in die Zuverl\u00e4ssigkeit und Langlebigkeit der Produkte. Eine Philosophie, die \u00fcber die Wechselhaftigkeit der Moden hinweggeht und uns das in Erinnerung ruft, [&hellip;]\" \/>\n<meta property=\"og:url\" content=\"https:\/\/www.valcucine.com\/de\/unternehmen\/mission-und-werte\/zeitlos-kueche\/\" \/>\n<meta property=\"og:site_name\" content=\"Valcucine\" \/>\n<meta property=\"article:publisher\" content=\"https:\/\/www.facebook.com\/valcucine\/\" \/>\n<meta property=\"article:modified_time\" content=\"2025-06-04T13:49:30+00:00\" \/>\n<meta name=\"twitter:card\" content=\"summary_large_image\" \/>\n<meta name=\"twitter:label1\" content=\"Gesch\u00e4tzte Lesezeit\" \/>\n\t<meta name=\"twitter:data1\" content=\"2\u00a0Minuten\" \/>\n<script type=\"application\/ld+json\" class=\"yoast-schema-graph\">{\"@context\":\"https:\/\/schema.org\",\"@graph\":[{\"@type\":\"WebPage\",\"@id\":\"https:\/\/www.valcucine.com\/de\/unternehmen\/mission-und-werte\/zeitlos-kueche\/\",\"url\":\"https:\/\/www.valcucine.com\/de\/unternehmen\/mission-und-werte\/zeitlos-kueche\/\",\"name\":\"Zeitlosigkeit - Valcucine\",\"isPartOf\":{\"@id\":\"https:\/\/www.valcucine.com\/#website\"},\"datePublished\":\"2024-03-11T11:22:54+00:00\",\"dateModified\":\"2025-06-04T13:49:30+00:00\",\"breadcrumb\":{\"@id\":\"https:\/\/www.valcucine.com\/de\/unternehmen\/mission-und-werte\/zeitlos-kueche\/#breadcrumb\"},\"inLanguage\":\"de\",\"potentialAction\":[{\"@type\":\"ReadAction\",\"target\":[\"https:\/\/www.valcucine.com\/de\/unternehmen\/mission-und-werte\/zeitlos-kueche\/\"]}]},{\"@type\":\"BreadcrumbList\",\"@id\":\"https:\/\/www.valcucine.com\/de\/unternehmen\/mission-und-werte\/zeitlos-kueche\/#breadcrumb\",\"itemListElement\":[{\"@type\":\"ListItem\",\"position\":1,\"name\":\"Valcucine\",\"item\":\"https:\/\/www.valcucine.com\/de\/\"},{\"@type\":\"ListItem\",\"position\":2,\"name\":\"Unternehmen\",\"item\":\"https:\/\/www.valcucine.com\/de\/unternehmen\/\"},{\"@type\":\"ListItem\",\"position\":3,\"name\":\"Mission und Werte\",\"item\":\"https:\/\/www.valcucine.com\/de\/unternehmen\/mission-und-werte\/\"},{\"@type\":\"ListItem\",\"position\":4,\"name\":\"Zeitlosigkeit\"}]},{\"@type\":\"WebSite\",\"@id\":\"https:\/\/www.valcucine.com\/#website\",\"url\":\"https:\/\/www.valcucine.com\/\",\"name\":\"Valcucine\",\"description\":\"\",\"publisher\":{\"@id\":\"https:\/\/www.valcucine.com\/#organization\"},\"potentialAction\":[{\"@type\":\"SearchAction\",\"target\":{\"@type\":\"EntryPoint\",\"urlTemplate\":\"https:\/\/www.valcucine.com\/?s={search_term_string}\"},\"query-input\":{\"@type\":\"PropertyValueSpecification\",\"valueRequired\":true,\"valueName\":\"search_term_string\"}}],\"inLanguage\":\"de\"},{\"@type\":\"Organization\",\"@id\":\"https:\/\/www.valcucine.com\/#organization\",\"name\":\"Valcucine\",\"url\":\"https:\/\/www.valcucine.com\/\",\"logo\":{\"@type\":\"ImageObject\",\"inLanguage\":\"de\",\"@id\":\"https:\/\/www.valcucine.com\/#\/schema\/logo\/image\/\",\"url\":\"https:\/\/www.valcucine.com\/wp-content\/uploads\/2024\/02\/logo-valcucine.webp?wsr\",\"contentUrl\":\"https:\/\/www.valcucine.com\/wp-content\/uploads\/2024\/02\/logo-valcucine.webp?wsr\",\"width\":288,\"height\":46,\"caption\":\"Valcucine\"},\"image\":{\"@id\":\"https:\/\/www.valcucine.com\/#\/schema\/logo\/image\/\"},\"sameAs\":[\"https:\/\/www.facebook.com\/valcucine\/\",\"https:\/\/www.instagram.com\/valcucine\/\",\"https:\/\/www.linkedin.com\/company\/valcucine\"]}]}<\/script>\n<!-- \/ Yoast SEO plugin. -->","yoast_head_json":{"title":"Zeitlosigkeit - Valcucine","robots":{"index":"index","follow":"follow","max-snippet":"max-snippet:-1","max-image-preview":"max-image-preview:large","max-video-preview":"max-video-preview:-1"},"canonical":"https:\/\/www.valcucine.com\/de\/unternehmen\/mission-und-werte\/zeitlos-kueche\/","og_locale":"de_DE","og_type":"article","og_title":"Zeitlosigkeit - Valcucine","og_description":"[vc_row css=&#8220;.vc_custom_1709740111226{padding-top: 40px !important;padding-bottom: 40px !important;}&#8220;][vc_column][\/vc_column][\/vc_row][vc_row][vc_column][vc_column_text]Kompositionen mit \u00e4sthetisch definierter Linienf\u00fchrung; eine Synthese aus st\u00e4ndiger Forschungs- und Entwicklungsarbeit, unverg\u00e4nglicher Eleganz sowie Wissen und Erfahrung. Eine Harmonie, die jeder t\u00e4glichen Geste Wert verleiht, voller Vertrauen in die Zuverl\u00e4ssigkeit und Langlebigkeit der Produkte. Eine Philosophie, die \u00fcber die Wechselhaftigkeit der Moden hinweggeht und uns das in Erinnerung ruft, [&hellip;]","og_url":"https:\/\/www.valcucine.com\/de\/unternehmen\/mission-und-werte\/zeitlos-kueche\/","og_site_name":"Valcucine","article_publisher":"https:\/\/www.facebook.com\/valcucine\/","article_modified_time":"2025-06-04T13:49:30+00:00","twitter_card":"summary_large_image","twitter_misc":{"Gesch\u00e4tzte Lesezeit":"2\u00a0Minuten"},"schema":{"@context":"https:\/\/schema.org","@graph":[{"@type":"WebPage","@id":"https:\/\/www.valcucine.com\/de\/unternehmen\/mission-und-werte\/zeitlos-kueche\/","url":"https:\/\/www.valcucine.com\/de\/unternehmen\/mission-und-werte\/zeitlos-kueche\/","name":"Zeitlosigkeit - Valcucine","isPartOf":{"@id":"https:\/\/www.valcucine.com\/#website"},"datePublished":"2024-03-11T11:22:54+00:00","dateModified":"2025-06-04T13:49:30+00:00","breadcrumb":{"@id":"https:\/\/www.valcucine.com\/de\/unternehmen\/mission-und-werte\/zeitlos-kueche\/#breadcrumb"},"inLanguage":"de","potentialAction":[{"@type":"ReadAction","target":["https:\/\/www.valcucine.com\/de\/unternehmen\/mission-und-werte\/zeitlos-kueche\/"]}]},{"@type":"BreadcrumbList","@id":"https:\/\/www.valcucine.com\/de\/unternehmen\/mission-und-werte\/zeitlos-kueche\/#breadcrumb","itemListElement":[{"@type":"ListItem","position":1,"name":"Valcucine","item":"https:\/\/www.valcucine.com\/de\/"},{"@type":"ListItem","position":2,"name":"Unternehmen","item":"https:\/\/www.valcucine.com\/de\/unternehmen\/"},{"@type":"ListItem","position":3,"name":"Mission und Werte","item":"https:\/\/www.valcucine.com\/de\/unternehmen\/mission-und-werte\/"},{"@type":"ListItem","position":4,"name":"Zeitlosigkeit"}]},{"@type":"WebSite","@id":"https:\/\/www.valcucine.com\/#website","url":"https:\/\/www.valcucine.com\/","name":"Valcucine","description":"","publisher":{"@id":"https:\/\/www.valcucine.com\/#organization"},"potentialAction":[{"@type":"SearchAction","target":{"@type":"EntryPoint","urlTemplate":"https:\/\/www.valcucine.com\/?s={search_term_string}"},"query-input":{"@type":"PropertyValueSpecification","valueRequired":true,"valueName":"search_term_string"}}],"inLanguage":"de"},{"@type":"Organization","@id":"https:\/\/www.valcucine.com\/#organization","name":"Valcucine","url":"https:\/\/www.valcucine.com\/","logo":{"@type":"ImageObject","inLanguage":"de","@id":"https:\/\/www.valcucine.com\/#\/schema\/logo\/image\/","url":"https:\/\/www.valcucine.com\/wp-content\/uploads\/2024\/02\/logo-valcucine.webp?wsr","contentUrl":"https:\/\/www.valcucine.com\/wp-content\/uploads\/2024\/02\/logo-valcucine.webp?wsr","width":288,"height":46,"caption":"Valcucine"},"image":{"@id":"https:\/\/www.valcucine.com\/#\/schema\/logo\/image\/"},"sameAs":["https:\/\/www.facebook.com\/valcucine\/","https:\/\/www.instagram.com\/valcucine\/","https:\/\/www.linkedin.com\/company\/valcucine"]}]}},"_links":{"self":[{"href":"https:\/\/www.valcucine.com\/de\/wp-json\/wp\/v2\/pages\/20704","targetHints":{"allow":["GET"]}}],"collection":[{"href":"https:\/\/www.valcucine.com\/de\/wp-json\/wp\/v2\/pages"}],"about":[{"href":"https:\/\/www.valcucine.com\/de\/wp-json\/wp\/v2\/types\/page"}],"author":[{"embeddable":true,"href":"https:\/\/www.valcucine.com\/de\/wp-json\/wp\/v2\/users\/1"}],"replies":[{"embeddable":true,"href":"https:\/\/www.valcucine.com\/de\/wp-json\/wp\/v2\/comments?post=20704"}],"version-history":[{"count":1,"href":"https:\/\/www.valcucine.com\/de\/wp-json\/wp\/v2\/pages\/20704\/revisions"}],"predecessor-version":[{"id":20706,"href":"https:\/\/www.valcucine.com\/de\/wp-json\/wp\/v2\/pages\/20704\/revisions\/20706"}],"up":[{"embeddable":true,"href":"https:\/\/www.valcucine.com\/de\/wp-json\/wp\/v2\/pages\/20682"}],"wp:attachment":[{"href":"https:\/\/www.valcucine.com\/de\/wp-json\/wp\/v2\/media?parent=20704"}],"curies":[{"name":"wp","href":"https:\/\/api.w.org\/{rel}","templated":true}]}}