{"id":20730,"date":"2024-03-18T13:10:06","date_gmt":"2024-03-18T13:10:06","guid":{"rendered":"https:\/\/devel.valcucine.com\/merkante-elemente\/vitrum-il-vetro-valcucine\/"},"modified":"2025-05-09T09:04:46","modified_gmt":"2025-05-09T09:04:46","slug":"vitrum-das-valcucine-glas","status":"publish","type":"page","link":"https:\/\/www.valcucine.com\/de\/merkante-elemente\/vitrum-das-valcucine-glas\/","title":{"rendered":"\u200bVitrum: das Valcucine-Glas"},"content":{"rendered":"<div class=\"wpb-content-wrapper\"><p>[vc_row][vc_column]\n\t\t\t<!-- START Vitrum: il vetro Valcucine REVOLUTION SLIDER 6.7.38 --><p class=\"rs-p-wp-fix\"><\/p>\n\t\t\t<rs-module-wrap id=\"rev_slider_25_1_wrapper\" data-source=\"gallery\" style=\"visibility:hidden;background:transparent;padding:0;\">\n\t\t\t\t<rs-module id=\"rev_slider_25_1\" style=\"\" data-version=\"6.7.38\">\n\t\t\t\t\t<rs-slides style=\"overflow: hidden; position: absolute;\">\n\t\t\t\t\t\t<rs-slide style=\"position: absolute;\" data-key=\"rs-148\" data-title=\"Slide\" data-thumb=\"\/\/www.valcucine.com\/wp-content\/uploads\/2024\/03\/1960_2_vitrum_resistente-50x100.webp\" data-in=\"o:0;\" data-out=\"a:false;\">\n\t\t\t\t\t\t\t<img decoding=\"async\" src=\"\/\/www.valcucine.com\/wp-content\/plugins\/revslider\/sr6\/assets\/assets\/dummy.png\" alt=\"\" title=\"1960_2_vitrum_resistente\" width=\"2400\" height=\"1200\" class=\"rev-slidebg tp-rs-img rs-lazyload\" data-lazyload=\"\/\/www.valcucine.com\/wp-content\/uploads\/2024\/03\/1960_2_vitrum_resistente.webp\" data-no-retina>\n<!---->\t\t\t\t\t<\/rs-slide>\n\t\t\t\t\t\t<rs-slide style=\"position: absolute;\" data-key=\"rs-149\" data-title=\"Slide\" data-thumb=\"\/\/www.valcucine.com\/wp-content\/uploads\/2024\/03\/1961_vitrum_lucido_e_opaco__intro-50x100.webp\" data-in=\"o:0;\" data-out=\"a:false;\">\n\t\t\t\t\t\t\t<img decoding=\"async\" src=\"\/\/www.valcucine.com\/wp-content\/plugins\/revslider\/sr6\/assets\/assets\/dummy.png\" alt=\"\" title=\"1961_vitrum_lucido_e_opaco__intro\" width=\"1024\" height=\"837\" class=\"rev-slidebg tp-rs-img rs-lazyload\" data-lazyload=\"\/\/www.valcucine.com\/wp-content\/uploads\/2024\/03\/1961_vitrum_lucido_e_opaco__intro.webp\" data-no-retina>\n<!---->\t\t\t\t\t<\/rs-slide>\n\t\t\t\t\t\t<rs-slide style=\"position: absolute;\" data-key=\"rs-150\" data-title=\"Slide\" data-thumb=\"\/\/www.valcucine.com\/wp-content\/uploads\/2024\/03\/1962_valcucine_1078_low-50x100.webp\" data-in=\"o:0;\" data-out=\"a:false;\">\n\t\t\t\t\t\t\t<img decoding=\"async\" src=\"\/\/www.valcucine.com\/wp-content\/plugins\/revslider\/sr6\/assets\/assets\/dummy.png\" alt=\"\" title=\"1962_valcucine_1078_low\" width=\"2400\" height=\"1200\" class=\"rev-slidebg tp-rs-img rs-lazyload\" data-lazyload=\"\/\/www.valcucine.com\/wp-content\/uploads\/2024\/03\/1962_valcucine_1078_low.webp\" data-no-retina>\n<!---->\t\t\t\t\t<\/rs-slide>\n\t\t\t\t\t\t<rs-slide style=\"position: absolute;\" data-key=\"rs-151\" data-title=\"Slide\" data-thumb=\"\/\/www.valcucine.com\/wp-content\/uploads\/2024\/03\/1963_vitrum_velato_intro-50x100.webp\" data-in=\"o:0;\" data-out=\"a:false;\">\n\t\t\t\t\t\t\t<img decoding=\"async\" src=\"\/\/www.valcucine.com\/wp-content\/plugins\/revslider\/sr6\/assets\/assets\/dummy.png\" alt=\"\" title=\"1963_vitrum_velato_intro\" width=\"2400\" height=\"1200\" class=\"rev-slidebg tp-rs-img rs-lazyload\" data-lazyload=\"\/\/www.valcucine.com\/wp-content\/uploads\/2024\/03\/1963_vitrum_velato_intro.webp\" data-no-retina>\n<!---->\t\t\t\t\t<\/rs-slide>\n\t\t\t\t\t<\/rs-slides>\n\t\t\t\t\t<rs-static-layers><!--\n\n\t\t\t\t\t\t\t--><rs-layer\n\t\t\t\t\t\t\t\tid=\"slider-25-slide-24-layer-12\" \n\t\t\t\t\t\t\t\tclass=\"play-button rs-svg rs-layer-static\"\n\t\t\t\t\t\t\t\tdata-type=\"svg\"\n\t\t\t\t\t\t\t\tdata-rsp_ch=\"on\"\n\t\t\t\t\t\t\t\tdata-xy=\"xo:20px;y:b;yo:20px;\"\n\t\t\t\t\t\t\t\tdata-text=\"w:normal;s:20,20,20,7;l:0,0,0,9;\"\n\t\t\t\t\t\t\t\tdata-dim=\"w:20px,20px,20px,30px;h:20px,20px,20px,30px;\"\n\t\t\t\t\t\t\t\tdata-actions='o:click;a:playslider;'\n\t\t\t\t\t\t\t\tdata-svg_src=\"\/\/www.valcucine.com\/wp-content\/uploads\/revslider\/svg\/objects\/svgcustom\/circle-play.svg\"\n\t\t\t\t\t\t\t\tdata-svgi=\"oc:t;\"\n\t\t\t\t\t\t\t\tdata-basealign=\"slide\"\n\t\t\t\t\t\t\t\tdata-onslides=\"s:1;\"\n\t\t\t\t\t\t\t\tdata-frame_999=\"o:0;st:w;\"\n\t\t\t\t\t\t\t\tstyle=\"z-index:7;font-family:'Roboto';\"\n\t\t\t\t\t\t\t> \n\t\t\t\t\t\t\t<\/rs-layer><!--\n\n\t\t\t\t\t\t\t--><rs-layer\n\t\t\t\t\t\t\t\tid=\"slider-25-slide-24-layer-13\" \n\t\t\t\t\t\t\t\tclass=\"pause-button current-slider rs-svg rs-layer-static\"\n\t\t\t\t\t\t\t\tdata-type=\"svg\"\n\t\t\t\t\t\t\t\tdata-rsp_ch=\"on\"\n\t\t\t\t\t\t\t\tdata-xy=\"xo:20px;y:b;yo:20px;\"\n\t\t\t\t\t\t\t\tdata-text=\"w:normal;s:20,20,20,7;l:0,0,0,9;\"\n\t\t\t\t\t\t\t\tdata-dim=\"w:20px,20px,20px,30px;h:20px,20px,20px,30px;\"\n\t\t\t\t\t\t\t\tdata-actions='o:click;a:pauseslider;'\n\t\t\t\t\t\t\t\tdata-svg_src=\"\/\/www.valcucine.com\/wp-content\/uploads\/revslider\/svg\/objects\/svgcustom\/circle-pause.svg\"\n\t\t\t\t\t\t\t\tdata-svgi=\"oc:t;\"\n\t\t\t\t\t\t\t\tdata-basealign=\"slide\"\n\t\t\t\t\t\t\t\tdata-onslides=\"s:1;\"\n\t\t\t\t\t\t\t\tdata-frame_999=\"o:0;st:w;\"\n\t\t\t\t\t\t\t\tstyle=\"z-index:8;font-family:'Roboto';\"\n\t\t\t\t\t\t\t> \n\t\t\t\t\t\t\t<\/rs-layer><!--\n\t\t\t\t\t--><\/rs-static-layers>\n\t\t\t\t<\/rs-module>\n\t\t\t\t<script>\n\t\t\t\t\tsetREVStartSize({c: 'rev_slider_25_1',rl:[1240,1240,1240,480],el:[568.984,568.984,568.984,480],gw:[1240,1240,1240,480],gh:[569,569,569,480],type:'standard',justify:'',layout:'fullscreen',offsetContainer:'#slider__height',offset:'0px',mh:\"0\"});if (window.RS_MODULES!==undefined && window.RS_MODULES.modules!==undefined && window.RS_MODULES.modules[\"revslider251\"]!==undefined) {window.RS_MODULES.modules[\"revslider251\"].once = false;window.revapi25 = undefined;if (window.RS_MODULES.checkMinimal!==undefined) window.RS_MODULES.checkMinimal()}\n\t\t\t\t<\/script>\n\t\t\t<\/rs-module-wrap>\n\t\t\t<!-- END REVOLUTION SLIDER -->\n[\/vc_column][\/vc_row][vc_row el_class=&#8220;pt-6&#8243; css=&#8220;.vc_custom_1709741038744{padding-top: 40px !important;}&#8220;][vc_column]\n        \n        <h1 class=\"text-center  main__title__h1  \" style=\"color:#333333;\"> \n\n         Vitrum: das Valcucine-Glas\n        \n        <\/h1>[\/vc_column][\/vc_row][vc_row][vc_column css=&#8220;.vc_custom_1710767731304{padding-bottom: 30px !important;}&#8220;]\n        \n        <h2 class=\"text-center  main__title__h2  \" style=\"color:#333333;\"> \n\n         Die gl\u00e4serne K\u00fcche\n        \n        <\/h2>[\/vc_column][\/vc_row][vc_row css=&#8220;.vc_custom_1709741045295{margin-top: 10px !important;}&#8220;][vc_column][vc_column_text]<\/p>\n<div style=\"text-align: center;\"><em>Glas ist f\u00fcr mich ein magisches Material, dessen Verarbeitung seit dreitausend Jahren<br \/>\nmit Mysterien verbunden ist. Es ist umweltvertr\u00e4glich und widerstandsf\u00e4hig<br \/>\nund spiegelt daher die Philosophie wider, die meine Art, Design zu machen charakterisiert.<br \/>\nF\u00fcr Ihr Wohlbefinden in der K\u00fcche&#8220;.<\/em><\/div>\n<div style=\"text-align: center;\"><\/div>\n<div style=\"text-align: center;\">Gabriele Centazzo, Designer Valcucine<\/div>\n<p>[\/vc_column_text][\/vc_column][\/vc_row][vc_row][vc_column css=&#8220;.vc_custom_1710767612318{padding-bottom: 40px !important;}&#8220;][vc_separator color=&#8220;custom&#8220; el_width=&#8220;10&#8243; accent_color=&#8220;#666666&#8243;][\/vc_column][\/vc_row][vc_row][vc_column][vc_column_text]Valcucine verwendete als erster K\u00fcchenhersteller Glas und er\u00f6ffnete damit revolution\u00e4re Perspektiven, die voller Faszination und Technologie sind. Edel und hochwertig &#8211; Glas ist ein Material mit gro\u00dfer Asdruckskraft. Auf den ersten Blick scheint es zerbrechlich zu sein, aber in Wirklichkeit ist es \u00e4u\u00dferst haltbar und widerstandsf\u00e4hig. Au\u00dferdem vermittelt es ein Gef\u00fchl unvermuteter und verbl\u00fcffender Leichtigkeit. Glas er\u00f6ffnet unendlich viele M\u00f6glichkeiten &#8211; in einem kontinuierlichen Spiel mit Farben und \u00fcberraschenden Wirkungen bei Ber\u00fchrung.<\/p>\n<p><strong>STABIL<\/strong><\/p>\n<p>Das Glas der Vitrum wird speziellen Tests und Behandlungen unterzogen. Diese harten Pr\u00fcfungen sorgen daf\u00fcr, dass es noch leistungsf\u00e4higer wird. Als Folge des H\u00e4rtungsprozesses ist das Glas f\u00fcnfmal<br \/>\nh\u00e4rter und stabiler als normales Glas. Im Falle eines Bruches zerbricht es in kleine, nicht schneidende Teilchen.<\/p>\n<p><strong>EINE ENTSCHEIDUNG F\u00dcR DIE UMWELT<\/strong><\/p>\n<p>Dank der durchgef\u00fchrten Forschungsarbeiten und eines verantwortungsbewussten Umgangs mit Rohstoffen und Materialien ist das Glas von Valcucine der maximale Ausdruck<br \/>\numweltfreundlichen Designs. Es erm\u00f6glicht die Planung von Produkten, die zu 100% recycelbar sind, in h\u00f6chstem Ma\u00dfe dematerialisiert sind sowie keinerlei Formaldehyd abgeben. Au\u00dferdem garantieren sie eine sehr lange Lebensdauer sowohl unter technischen als auch \u00e4sthetischen Gesichtspunkten.<\/p>\n<p><strong>PRAKTISCH, LANGLEBIG UND LEICHT ZU REINIGEN<\/strong><\/p>\n<p>Glas zeichnet sich nicht nur durch seine hervorragenden \u00e4sthetischen Eigenschaften aus, sondern garantiert au\u00dferdem eine hohe Resistenz gegen\u00fcber Flecken und Kalk. Es quillt nicht auf und brennt nicht. Glas ist<br \/>\nhygienisch, bildet Schimmel und Bakterien keine Angriffsfl\u00e4che und l\u00e4sst sich leicht reinigen. Nur wenige Materialien weisen eine so hohe Best\u00e4ndigkeit und Langlebigkeit auf wie Glas.<\/p>\n<p><strong>FARBEN MIT GRO\u00dfER BEST\u00c4NDIGKEIT<\/strong><\/p>\n<p>Durch langj\u00e4hrige Forschungsarbeit kann Valcucine eine einheitliche und im Zeitablauf unver\u00e4nderliche Farbgebung garantieren. Anspruchsvolle Studien und herausragende technische Kompetenz haben zur Entwicklung des ersten Lackes gef\u00fchrt, der exzellent auf Glas haftet und dessen Farbton unver\u00e4ndert bleibt.<\/p>\n<p><strong>UNGIFTIG<\/strong><\/p>\n<p>F\u00fcr gesch\u00fctzte Glasoberfl\u00e4chen und Farbbest\u00e4ndigkeit im Zeitablauf. Valcucine setzt Lackierungszyklen auf Wasserbasis ein, welche die Verwendung synthetischer L\u00f6sungsmittel verringert. Auf den Einsatz stark krebserregender, aromatischer L\u00f6sungsmittel wird vollst\u00e4ndig verzichtet.<\/p>\n<p><strong>INDIVIDUELLE GESTALTUNG<\/strong><\/p>\n<p>Durch besonderen Bearbeitungstechniken, die von Valcucine entworfen oder weiterentwickelt wurden, gelingt es, mit Glas immer neue, andersartige Wirkungen zu erzielen. So kann es einen Grafikeffekt haben, mit Designs, die sich an der Natur inspirieren oder mit der Variante Mimesis einen Natursteineffekt. Bei Tattile weist es eine unseren Tastsinn ansprechende Wirkung auf, die Variante Textileffekt dagegen vermittelt den Eindruck lebhafter Vibrationen und Velato das Erwartung erzeugende Gef\u00fchl unsichtbarer Sichtbarkeit. Bei der Gestaltungsvariante Arte werden die Fl\u00e4chen Ihrer K\u00fcche zu handgefertigten Intarsien. Da auch Bilder des Endkunden umgesetzt werden k\u00f6nnen, wird damit jede K\u00fcche zu einem Einzelst\u00fcck. Die grenzenlosen M\u00f6glichkeiten des Glases erlauben es, genau die L\u00f6sung zu finden, die dem eigenen Geschmack und Lebensstil entspricht.[\/vc_column_text][\/vc_column][\/vc_row][vc_row][vc_column width=&#8220;1\/3&#8243;][vc_single_image image=&#8220;45510&#8243; img_size=&#8220;full&#8220;][vc_column_text]<sup> Vitrum mit Grafikeffekt | Nat\u00fcrliche Hexagone Wolkenwei\u00df <\/sup>[\/vc_column_text][\/vc_column][vc_column width=&#8220;1\/3&#8243;][vc_single_image image=&#8220;45515&#8243; img_size=&#8220;full&#8220;][vc_column_text]<sup> Vitrum mit Grafikeffekt | Schmetterlingsfl\u00fcgel Feuergrau <\/sup>[\/vc_column_text][\/vc_column][vc_column width=&#8220;1\/3&#8243;][vc_single_image image=&#8220;45505&#8243; img_size=&#8220;full&#8220;][vc_column_text]<sup> Mimesis Vitrum | NLCO Calacatta Gold <\/sup>[\/vc_column_text][\/vc_column][\/vc_row]<\/p>\n<\/div>","protected":false},"excerpt":{"rendered":"<p>[vc_row][vc_column][\/vc_column][\/vc_row][vc_row el_class=&#8220;pt-6&#8243; css=&#8220;.vc_custom_1709741038744{padding-top: 40px !important;}&#8220;][vc_column][\/vc_column][\/vc_row][vc_row][vc_column css=&#8220;.vc_custom_1710767731304{padding-bottom: 30px !important;}&#8220;][\/vc_column][\/vc_row][vc_row css=&#8220;.vc_custom_1709741045295{margin-top: 10px !important;}&#8220;][vc_column][vc_column_text] Glas ist f\u00fcr mich ein magisches Material, dessen Verarbeitung seit dreitausend Jahren mit Mysterien verbunden ist. Es ist umweltvertr\u00e4glich und widerstandsf\u00e4hig und spiegelt daher die Philosophie wider, die meine Art, Design zu machen charakterisiert. F\u00fcr Ihr Wohlbefinden in der K\u00fcche&#8220;. Gabriele Centazzo, Designer Valcucine [&hellip;]<\/p>\n","protected":false},"author":1,"featured_media":0,"parent":20716,"menu_order":0,"comment_status":"closed","ping_status":"closed","template":"","meta":{"footnotes":""},"class_list":["post-20730","page","type-page","status-publish","hentry"],"yoast_head":"<!-- This site is optimized with the Yoast SEO plugin v26.2 - https:\/\/yoast.com\/wordpress\/plugins\/seo\/ -->\n<title>\u200bVitrum: das Valcucine-Glas - Valcucine<\/title>\n<meta name=\"robots\" content=\"index, follow, max-snippet:-1, max-image-preview:large, max-video-preview:-1\" \/>\n<link rel=\"canonical\" href=\"https:\/\/www.valcucine.com\/de\/merkante-elemente\/vitrum-das-valcucine-glas\/\" \/>\n<meta property=\"og:locale\" content=\"de_DE\" \/>\n<meta property=\"og:type\" content=\"article\" \/>\n<meta property=\"og:title\" content=\"\u200bVitrum: das Valcucine-Glas - Valcucine\" \/>\n<meta property=\"og:description\" content=\"[vc_row][vc_column][\/vc_column][\/vc_row][vc_row el_class=&#8220;pt-6&#8243; css=&#8220;.vc_custom_1709741038744{padding-top: 40px !important;}&#8220;][vc_column][\/vc_column][\/vc_row][vc_row][vc_column css=&#8220;.vc_custom_1710767731304{padding-bottom: 30px !important;}&#8220;][\/vc_column][\/vc_row][vc_row css=&#8220;.vc_custom_1709741045295{margin-top: 10px !important;}&#8220;][vc_column][vc_column_text] Glas ist f\u00fcr mich ein magisches Material, dessen Verarbeitung seit dreitausend Jahren mit Mysterien verbunden ist. Es ist umweltvertr\u00e4glich und widerstandsf\u00e4hig und spiegelt daher die Philosophie wider, die meine Art, Design zu machen charakterisiert. F\u00fcr Ihr Wohlbefinden in der K\u00fcche&#8220;. Gabriele Centazzo, Designer Valcucine [&hellip;]\" \/>\n<meta property=\"og:url\" content=\"https:\/\/www.valcucine.com\/de\/merkante-elemente\/vitrum-das-valcucine-glas\/\" \/>\n<meta property=\"og:site_name\" content=\"Valcucine\" \/>\n<meta property=\"article:publisher\" content=\"https:\/\/www.facebook.com\/valcucine\/\" \/>\n<meta property=\"article:modified_time\" content=\"2025-05-09T09:04:46+00:00\" \/>\n<meta name=\"twitter:card\" content=\"summary_large_image\" \/>\n<meta name=\"twitter:label1\" content=\"Gesch\u00e4tzte Lesezeit\" \/>\n\t<meta name=\"twitter:data1\" content=\"4\u00a0Minuten\" \/>\n<script type=\"application\/ld+json\" class=\"yoast-schema-graph\">{\"@context\":\"https:\/\/schema.org\",\"@graph\":[{\"@type\":\"WebPage\",\"@id\":\"https:\/\/www.valcucine.com\/de\/merkante-elemente\/vitrum-das-valcucine-glas\/\",\"url\":\"https:\/\/www.valcucine.com\/de\/merkante-elemente\/vitrum-das-valcucine-glas\/\",\"name\":\"\u200bVitrum: das Valcucine-Glas - Valcucine\",\"isPartOf\":{\"@id\":\"https:\/\/www.valcucine.com\/#website\"},\"datePublished\":\"2024-03-18T13:10:06+00:00\",\"dateModified\":\"2025-05-09T09:04:46+00:00\",\"breadcrumb\":{\"@id\":\"https:\/\/www.valcucine.com\/de\/merkante-elemente\/vitrum-das-valcucine-glas\/#breadcrumb\"},\"inLanguage\":\"de\",\"potentialAction\":[{\"@type\":\"ReadAction\",\"target\":[\"https:\/\/www.valcucine.com\/de\/merkante-elemente\/vitrum-das-valcucine-glas\/\"]}]},{\"@type\":\"BreadcrumbList\",\"@id\":\"https:\/\/www.valcucine.com\/de\/merkante-elemente\/vitrum-das-valcucine-glas\/#breadcrumb\",\"itemListElement\":[{\"@type\":\"ListItem\",\"position\":1,\"name\":\"Valcucine\",\"item\":\"https:\/\/www.valcucine.com\/de\/\"},{\"@type\":\"ListItem\",\"position\":2,\"name\":\"Merkante Elemente\",\"item\":\"https:\/\/www.valcucine.com\/de\/merkante-elemente\/\"},{\"@type\":\"ListItem\",\"position\":3,\"name\":\"\u200bVitrum: das Valcucine-Glas\"}]},{\"@type\":\"WebSite\",\"@id\":\"https:\/\/www.valcucine.com\/#website\",\"url\":\"https:\/\/www.valcucine.com\/\",\"name\":\"Valcucine\",\"description\":\"\",\"publisher\":{\"@id\":\"https:\/\/www.valcucine.com\/#organization\"},\"potentialAction\":[{\"@type\":\"SearchAction\",\"target\":{\"@type\":\"EntryPoint\",\"urlTemplate\":\"https:\/\/www.valcucine.com\/?s={search_term_string}\"},\"query-input\":{\"@type\":\"PropertyValueSpecification\",\"valueRequired\":true,\"valueName\":\"search_term_string\"}}],\"inLanguage\":\"de\"},{\"@type\":\"Organization\",\"@id\":\"https:\/\/www.valcucine.com\/#organization\",\"name\":\"Valcucine\",\"url\":\"https:\/\/www.valcucine.com\/\",\"logo\":{\"@type\":\"ImageObject\",\"inLanguage\":\"de\",\"@id\":\"https:\/\/www.valcucine.com\/#\/schema\/logo\/image\/\",\"url\":\"https:\/\/www.valcucine.com\/wp-content\/uploads\/2024\/02\/logo-valcucine.webp?wsr\",\"contentUrl\":\"https:\/\/www.valcucine.com\/wp-content\/uploads\/2024\/02\/logo-valcucine.webp?wsr\",\"width\":288,\"height\":46,\"caption\":\"Valcucine\"},\"image\":{\"@id\":\"https:\/\/www.valcucine.com\/#\/schema\/logo\/image\/\"},\"sameAs\":[\"https:\/\/www.facebook.com\/valcucine\/\",\"https:\/\/www.instagram.com\/valcucine\/\",\"https:\/\/www.linkedin.com\/company\/valcucine\"]}]}<\/script>\n<!-- \/ Yoast SEO plugin. -->","yoast_head_json":{"title":"\u200bVitrum: das Valcucine-Glas - Valcucine","robots":{"index":"index","follow":"follow","max-snippet":"max-snippet:-1","max-image-preview":"max-image-preview:large","max-video-preview":"max-video-preview:-1"},"canonical":"https:\/\/www.valcucine.com\/de\/merkante-elemente\/vitrum-das-valcucine-glas\/","og_locale":"de_DE","og_type":"article","og_title":"\u200bVitrum: das Valcucine-Glas - Valcucine","og_description":"[vc_row][vc_column][\/vc_column][\/vc_row][vc_row el_class=&#8220;pt-6&#8243; css=&#8220;.vc_custom_1709741038744{padding-top: 40px !important;}&#8220;][vc_column][\/vc_column][\/vc_row][vc_row][vc_column css=&#8220;.vc_custom_1710767731304{padding-bottom: 30px !important;}&#8220;][\/vc_column][\/vc_row][vc_row css=&#8220;.vc_custom_1709741045295{margin-top: 10px !important;}&#8220;][vc_column][vc_column_text] Glas ist f\u00fcr mich ein magisches Material, dessen Verarbeitung seit dreitausend Jahren mit Mysterien verbunden ist. Es ist umweltvertr\u00e4glich und widerstandsf\u00e4hig und spiegelt daher die Philosophie wider, die meine Art, Design zu machen charakterisiert. F\u00fcr Ihr Wohlbefinden in der K\u00fcche&#8220;. Gabriele Centazzo, Designer Valcucine [&hellip;]","og_url":"https:\/\/www.valcucine.com\/de\/merkante-elemente\/vitrum-das-valcucine-glas\/","og_site_name":"Valcucine","article_publisher":"https:\/\/www.facebook.com\/valcucine\/","article_modified_time":"2025-05-09T09:04:46+00:00","twitter_card":"summary_large_image","twitter_misc":{"Gesch\u00e4tzte Lesezeit":"4\u00a0Minuten"},"schema":{"@context":"https:\/\/schema.org","@graph":[{"@type":"WebPage","@id":"https:\/\/www.valcucine.com\/de\/merkante-elemente\/vitrum-das-valcucine-glas\/","url":"https:\/\/www.valcucine.com\/de\/merkante-elemente\/vitrum-das-valcucine-glas\/","name":"\u200bVitrum: das Valcucine-Glas - Valcucine","isPartOf":{"@id":"https:\/\/www.valcucine.com\/#website"},"datePublished":"2024-03-18T13:10:06+00:00","dateModified":"2025-05-09T09:04:46+00:00","breadcrumb":{"@id":"https:\/\/www.valcucine.com\/de\/merkante-elemente\/vitrum-das-valcucine-glas\/#breadcrumb"},"inLanguage":"de","potentialAction":[{"@type":"ReadAction","target":["https:\/\/www.valcucine.com\/de\/merkante-elemente\/vitrum-das-valcucine-glas\/"]}]},{"@type":"BreadcrumbList","@id":"https:\/\/www.valcucine.com\/de\/merkante-elemente\/vitrum-das-valcucine-glas\/#breadcrumb","itemListElement":[{"@type":"ListItem","position":1,"name":"Valcucine","item":"https:\/\/www.valcucine.com\/de\/"},{"@type":"ListItem","position":2,"name":"Merkante Elemente","item":"https:\/\/www.valcucine.com\/de\/merkante-elemente\/"},{"@type":"ListItem","position":3,"name":"\u200bVitrum: das Valcucine-Glas"}]},{"@type":"WebSite","@id":"https:\/\/www.valcucine.com\/#website","url":"https:\/\/www.valcucine.com\/","name":"Valcucine","description":"","publisher":{"@id":"https:\/\/www.valcucine.com\/#organization"},"potentialAction":[{"@type":"SearchAction","target":{"@type":"EntryPoint","urlTemplate":"https:\/\/www.valcucine.com\/?s={search_term_string}"},"query-input":{"@type":"PropertyValueSpecification","valueRequired":true,"valueName":"search_term_string"}}],"inLanguage":"de"},{"@type":"Organization","@id":"https:\/\/www.valcucine.com\/#organization","name":"Valcucine","url":"https:\/\/www.valcucine.com\/","logo":{"@type":"ImageObject","inLanguage":"de","@id":"https:\/\/www.valcucine.com\/#\/schema\/logo\/image\/","url":"https:\/\/www.valcucine.com\/wp-content\/uploads\/2024\/02\/logo-valcucine.webp?wsr","contentUrl":"https:\/\/www.valcucine.com\/wp-content\/uploads\/2024\/02\/logo-valcucine.webp?wsr","width":288,"height":46,"caption":"Valcucine"},"image":{"@id":"https:\/\/www.valcucine.com\/#\/schema\/logo\/image\/"},"sameAs":["https:\/\/www.facebook.com\/valcucine\/","https:\/\/www.instagram.com\/valcucine\/","https:\/\/www.linkedin.com\/company\/valcucine"]}]}},"_links":{"self":[{"href":"https:\/\/www.valcucine.com\/de\/wp-json\/wp\/v2\/pages\/20730","targetHints":{"allow":["GET"]}}],"collection":[{"href":"https:\/\/www.valcucine.com\/de\/wp-json\/wp\/v2\/pages"}],"about":[{"href":"https:\/\/www.valcucine.com\/de\/wp-json\/wp\/v2\/types\/page"}],"author":[{"embeddable":true,"href":"https:\/\/www.valcucine.com\/de\/wp-json\/wp\/v2\/users\/1"}],"replies":[{"embeddable":true,"href":"https:\/\/www.valcucine.com\/de\/wp-json\/wp\/v2\/comments?post=20730"}],"version-history":[{"count":6,"href":"https:\/\/www.valcucine.com\/de\/wp-json\/wp\/v2\/pages\/20730\/revisions"}],"predecessor-version":[{"id":45532,"href":"https:\/\/www.valcucine.com\/de\/wp-json\/wp\/v2\/pages\/20730\/revisions\/45532"}],"up":[{"embeddable":true,"href":"https:\/\/www.valcucine.com\/de\/wp-json\/wp\/v2\/pages\/20716"}],"wp:attachment":[{"href":"https:\/\/www.valcucine.com\/de\/wp-json\/wp\/v2\/media?parent=20730"}],"curies":[{"name":"wp","href":"https:\/\/api.w.org\/{rel}","templated":true}]}}