{"id":20980,"date":"2024-03-15T08:19:45","date_gmt":"2024-03-15T08:19:45","guid":{"rendered":"https:\/\/devel.valcucine.com\/accessori\/"},"modified":"2025-06-04T13:35:18","modified_gmt":"2025-06-04T13:35:18","slug":"zubehr","status":"publish","type":"page","link":"https:\/\/www.valcucine.com\/de\/zubehr\/","title":{"rendered":"Zubeh\u00f6r"},"content":{"rendered":"<div class=\"wpb-content-wrapper\"><p>[vc_row css=&#8220;.vc_custom_1709739912507{padding-top: 40px !important;padding-bottom: 40px !important;}&#8220;][vc_column]\n        \n        <h1 class=\"text-center  main__title__h1  \" style=\"color:#333333;\"> \n\n         Zubeh\u00f6r\n        \n        <\/h1>[\/vc_column][\/vc_row][vc_row][vc_column css=&#8220;.vc_custom_1710771304167{padding-bottom: 20px !important;}&#8220;]\n        \n        <h2 class=\"text-center  main__title__h2  \" style=\"color:#333333;\"> \n\n         Mit Einfallsreichtum gedacht\n        \n        <\/h2>[\/vc_column][\/vc_row][vc_row][vc_column][vc_column_text]<\/p>\n<div class=\"text\">\n<div>Das mobile Element aus schwarz eloxiertem Aluminium nutzt die schiefe Ebene und eignet sich zur Aufbewahrung von Gegenst\u00e4nden, die h\u00f6her sind als die Eind\u00e4mmungsh\u00f6he von Logica Theca, wie z. B. Mixer und Flaschen. So st\u00f6ren die im best\u00fcckten Kanal positionierten Hochbeh\u00e4lter die geschlossene T\u00fcr nicht, sie bleiben immer sichtbar und leicht zug\u00e4nglich.<\/div>\n<\/div>\n<p>[\/vc_column_text][\/vc_column][\/vc_row][vc_row][vc_column][vc_separator color=&#8220;custom&#8220; el_width=&#8220;10&#8243; accent_color=&#8220;#666666&#8243;][\/vc_column][\/vc_row][vc_row css=&#8220;.vc_custom_1710778288217{margin-bottom: 40px !important;}&#8220;][vc_column width=&#8220;1\/3&#8243;]<div class=\"block__img__hover\"><a href=\"https:\/\/www.valcucine.com\/de\/zubehr\/zubehr-accessori\/\" target=\"\" rel=\"\" style=\"background-image:url(https:\/\/www.valcucine.com\/wp-content\/uploads\/2024\/03\/316_artematica_logica-theca_valcucine-special-elements-modern-kitchens.webp?wsr)\"><img src='https:\/\/www.valcucine.com\/wp-content\/uploads\/2024\/03\/316_artematica_logica-theca_valcucine-special-elements-modern-kitchens.webp?wsr' alt='' style='display:none'><h4>Zubeh\u00f6r Logica Theca<\/h4><\/a><\/div>[\/vc_column][vc_column width=&#8220;1\/3&#8243;]<div class=\"block__img__hover\"><a href=\"https:\/\/www.valcucine.com\/de\/zubehr\/zubehrelemente-fr-schubksten\/\" target=\"\" rel=\"\" style=\"background-image:url(https:\/\/www.valcucine.com\/wp-content\/uploads\/2024\/03\/507_accessori-cassetti-e-cassettoni.webp?wsr)\"><img src='https:\/\/www.valcucine.com\/wp-content\/uploads\/2024\/03\/507_accessori-cassetti-e-cassettoni.webp?wsr' alt='' style='display:none'><h4>Zubeh\u00f6relemente f\u00fcr Schubk\u00e4sten<\/h4><\/a><\/div>[\/vc_column][vc_column width=&#8220;1\/3&#8243;]<div class=\"block__img__hover\"><a href=\"https:\/\/www.valcucine.com\/de\/zubehr\/accessori-ponte-attrezzato\/\" target=\"\" rel=\"\" style=\"background-image:url(https:\/\/www.valcucine.com\/wp-content\/uploads\/2024\/03\/320_1188_826_genius-loci_0437.webp?wsr)\"><img src='https:\/\/www.valcucine.com\/wp-content\/uploads\/2024\/03\/320_1188_826_genius-loci_0437.webp?wsr' alt='' style='display:none'><h4>Zubeh\u00f6rbr\u00fccke: alles Zubeh\u00f6r<\/h4><\/a><\/div>[\/vc_column][\/vc_row]<\/p>\n<\/div>","protected":false},"excerpt":{"rendered":"<p>[vc_row css=&#8220;.vc_custom_1709739912507{padding-top: 40px !important;padding-bottom: 40px !important;}&#8220;][vc_column][\/vc_column][\/vc_row][vc_row][vc_column css=&#8220;.vc_custom_1710771304167{padding-bottom: 20px !important;}&#8220;][\/vc_column][\/vc_row][vc_row][vc_column][vc_column_text] Das mobile Element aus schwarz eloxiertem Aluminium nutzt die schiefe Ebene und eignet sich zur Aufbewahrung von Gegenst\u00e4nden, die h\u00f6her sind als die Eind\u00e4mmungsh\u00f6he von Logica Theca, wie z. B. Mixer und Flaschen. So st\u00f6ren die im best\u00fcckten Kanal positionierten Hochbeh\u00e4lter die geschlossene T\u00fcr nicht, sie [&hellip;]<\/p>\n","protected":false},"author":1,"featured_media":0,"parent":0,"menu_order":0,"comment_status":"closed","ping_status":"closed","template":"","meta":{"footnotes":""},"class_list":["post-20980","page","type-page","status-publish","hentry"],"yoast_head":"<!-- This site is optimized with the Yoast SEO plugin v26.2 - https:\/\/yoast.com\/wordpress\/plugins\/seo\/ -->\n<title>Zubeh\u00f6r - Valcucine<\/title>\n<meta name=\"description\" content=\"Das mobile Element aus schwarz eloxiertem Aluminium nutzt die schiefe Ebene und eignet sich zur Aufbewahrung von Gegenst\u00e4nden, die h\u00f6her sind als die Eind\u00e4mmungsh\u00f6he von Logica Theca, wie z. B. Mixer und Flaschen. So st\u00f6ren die im best\u00fcckten Kanal positionierten Hochbeh\u00e4lter die geschlossene T\u00fcr nicht, sie bleiben immer sichtbar und leicht zug\u00e4nglich.\" \/>\n<meta name=\"robots\" content=\"index, follow, max-snippet:-1, max-image-preview:large, max-video-preview:-1\" \/>\n<link rel=\"canonical\" href=\"https:\/\/www.valcucine.com\/de\/zubehr\/\" \/>\n<meta property=\"og:locale\" content=\"de_DE\" \/>\n<meta property=\"og:type\" content=\"article\" \/>\n<meta property=\"og:title\" content=\"Zubeh\u00f6r - Valcucine\" \/>\n<meta property=\"og:description\" content=\"Das mobile Element aus schwarz eloxiertem Aluminium nutzt die schiefe Ebene und eignet sich zur Aufbewahrung von Gegenst\u00e4nden, die h\u00f6her sind als die Eind\u00e4mmungsh\u00f6he von Logica Theca, wie z. B. Mixer und Flaschen. So st\u00f6ren die im best\u00fcckten Kanal positionierten Hochbeh\u00e4lter die geschlossene T\u00fcr nicht, sie bleiben immer sichtbar und leicht zug\u00e4nglich.\" \/>\n<meta property=\"og:url\" content=\"https:\/\/www.valcucine.com\/de\/zubehr\/\" \/>\n<meta property=\"og:site_name\" content=\"Valcucine\" \/>\n<meta property=\"article:publisher\" content=\"https:\/\/www.facebook.com\/valcucine\/\" \/>\n<meta property=\"article:modified_time\" content=\"2025-06-04T13:35:18+00:00\" \/>\n<meta name=\"twitter:card\" content=\"summary_large_image\" \/>\n<meta name=\"twitter:label1\" content=\"Gesch\u00e4tzte Lesezeit\" \/>\n\t<meta name=\"twitter:data1\" content=\"1\u00a0Minute\" \/>\n<script type=\"application\/ld+json\" class=\"yoast-schema-graph\">{\"@context\":\"https:\/\/schema.org\",\"@graph\":[{\"@type\":\"WebPage\",\"@id\":\"https:\/\/www.valcucine.com\/de\/zubehr\/\",\"url\":\"https:\/\/www.valcucine.com\/de\/zubehr\/\",\"name\":\"Zubeh\u00f6r - Valcucine\",\"isPartOf\":{\"@id\":\"https:\/\/www.valcucine.com\/#website\"},\"datePublished\":\"2024-03-15T08:19:45+00:00\",\"dateModified\":\"2025-06-04T13:35:18+00:00\",\"description\":\"Das mobile Element aus schwarz eloxiertem Aluminium nutzt die schiefe Ebene und eignet sich zur Aufbewahrung von Gegenst\u00e4nden, die h\u00f6her sind als die Eind\u00e4mmungsh\u00f6he von Logica Theca, wie z. B. Mixer und Flaschen. So st\u00f6ren die im best\u00fcckten Kanal positionierten Hochbeh\u00e4lter die geschlossene T\u00fcr nicht, sie bleiben immer sichtbar und leicht zug\u00e4nglich.\",\"breadcrumb\":{\"@id\":\"https:\/\/www.valcucine.com\/de\/zubehr\/#breadcrumb\"},\"inLanguage\":\"de\",\"potentialAction\":[{\"@type\":\"ReadAction\",\"target\":[\"https:\/\/www.valcucine.com\/de\/zubehr\/\"]}]},{\"@type\":\"BreadcrumbList\",\"@id\":\"https:\/\/www.valcucine.com\/de\/zubehr\/#breadcrumb\",\"itemListElement\":[{\"@type\":\"ListItem\",\"position\":1,\"name\":\"Valcucine\",\"item\":\"https:\/\/www.valcucine.com\/de\/\"},{\"@type\":\"ListItem\",\"position\":2,\"name\":\"Zubeh\u00f6r\"}]},{\"@type\":\"WebSite\",\"@id\":\"https:\/\/www.valcucine.com\/#website\",\"url\":\"https:\/\/www.valcucine.com\/\",\"name\":\"Valcucine\",\"description\":\"\",\"publisher\":{\"@id\":\"https:\/\/www.valcucine.com\/#organization\"},\"potentialAction\":[{\"@type\":\"SearchAction\",\"target\":{\"@type\":\"EntryPoint\",\"urlTemplate\":\"https:\/\/www.valcucine.com\/?s={search_term_string}\"},\"query-input\":{\"@type\":\"PropertyValueSpecification\",\"valueRequired\":true,\"valueName\":\"search_term_string\"}}],\"inLanguage\":\"de\"},{\"@type\":\"Organization\",\"@id\":\"https:\/\/www.valcucine.com\/#organization\",\"name\":\"Valcucine\",\"url\":\"https:\/\/www.valcucine.com\/\",\"logo\":{\"@type\":\"ImageObject\",\"inLanguage\":\"de\",\"@id\":\"https:\/\/www.valcucine.com\/#\/schema\/logo\/image\/\",\"url\":\"https:\/\/www.valcucine.com\/wp-content\/uploads\/2024\/02\/logo-valcucine.webp?wsr\",\"contentUrl\":\"https:\/\/www.valcucine.com\/wp-content\/uploads\/2024\/02\/logo-valcucine.webp?wsr\",\"width\":288,\"height\":46,\"caption\":\"Valcucine\"},\"image\":{\"@id\":\"https:\/\/www.valcucine.com\/#\/schema\/logo\/image\/\"},\"sameAs\":[\"https:\/\/www.facebook.com\/valcucine\/\",\"https:\/\/www.instagram.com\/valcucine\/\",\"https:\/\/www.linkedin.com\/company\/valcucine\"]}]}<\/script>\n<!-- \/ Yoast SEO plugin. -->","yoast_head_json":{"title":"Zubeh\u00f6r - Valcucine","description":"Das mobile Element aus schwarz eloxiertem Aluminium nutzt die schiefe Ebene und eignet sich zur Aufbewahrung von Gegenst\u00e4nden, die h\u00f6her sind als die Eind\u00e4mmungsh\u00f6he von Logica Theca, wie z. B. Mixer und Flaschen. So st\u00f6ren die im best\u00fcckten Kanal positionierten Hochbeh\u00e4lter die geschlossene T\u00fcr nicht, sie bleiben immer sichtbar und leicht zug\u00e4nglich.","robots":{"index":"index","follow":"follow","max-snippet":"max-snippet:-1","max-image-preview":"max-image-preview:large","max-video-preview":"max-video-preview:-1"},"canonical":"https:\/\/www.valcucine.com\/de\/zubehr\/","og_locale":"de_DE","og_type":"article","og_title":"Zubeh\u00f6r - Valcucine","og_description":"Das mobile Element aus schwarz eloxiertem Aluminium nutzt die schiefe Ebene und eignet sich zur Aufbewahrung von Gegenst\u00e4nden, die h\u00f6her sind als die Eind\u00e4mmungsh\u00f6he von Logica Theca, wie z. B. Mixer und Flaschen. So st\u00f6ren die im best\u00fcckten Kanal positionierten Hochbeh\u00e4lter die geschlossene T\u00fcr nicht, sie bleiben immer sichtbar und leicht zug\u00e4nglich.","og_url":"https:\/\/www.valcucine.com\/de\/zubehr\/","og_site_name":"Valcucine","article_publisher":"https:\/\/www.facebook.com\/valcucine\/","article_modified_time":"2025-06-04T13:35:18+00:00","twitter_card":"summary_large_image","twitter_misc":{"Gesch\u00e4tzte Lesezeit":"1\u00a0Minute"},"schema":{"@context":"https:\/\/schema.org","@graph":[{"@type":"WebPage","@id":"https:\/\/www.valcucine.com\/de\/zubehr\/","url":"https:\/\/www.valcucine.com\/de\/zubehr\/","name":"Zubeh\u00f6r - Valcucine","isPartOf":{"@id":"https:\/\/www.valcucine.com\/#website"},"datePublished":"2024-03-15T08:19:45+00:00","dateModified":"2025-06-04T13:35:18+00:00","description":"Das mobile Element aus schwarz eloxiertem Aluminium nutzt die schiefe Ebene und eignet sich zur Aufbewahrung von Gegenst\u00e4nden, die h\u00f6her sind als die Eind\u00e4mmungsh\u00f6he von Logica Theca, wie z. B. Mixer und Flaschen. So st\u00f6ren die im best\u00fcckten Kanal positionierten Hochbeh\u00e4lter die geschlossene T\u00fcr nicht, sie bleiben immer sichtbar und leicht zug\u00e4nglich.","breadcrumb":{"@id":"https:\/\/www.valcucine.com\/de\/zubehr\/#breadcrumb"},"inLanguage":"de","potentialAction":[{"@type":"ReadAction","target":["https:\/\/www.valcucine.com\/de\/zubehr\/"]}]},{"@type":"BreadcrumbList","@id":"https:\/\/www.valcucine.com\/de\/zubehr\/#breadcrumb","itemListElement":[{"@type":"ListItem","position":1,"name":"Valcucine","item":"https:\/\/www.valcucine.com\/de\/"},{"@type":"ListItem","position":2,"name":"Zubeh\u00f6r"}]},{"@type":"WebSite","@id":"https:\/\/www.valcucine.com\/#website","url":"https:\/\/www.valcucine.com\/","name":"Valcucine","description":"","publisher":{"@id":"https:\/\/www.valcucine.com\/#organization"},"potentialAction":[{"@type":"SearchAction","target":{"@type":"EntryPoint","urlTemplate":"https:\/\/www.valcucine.com\/?s={search_term_string}"},"query-input":{"@type":"PropertyValueSpecification","valueRequired":true,"valueName":"search_term_string"}}],"inLanguage":"de"},{"@type":"Organization","@id":"https:\/\/www.valcucine.com\/#organization","name":"Valcucine","url":"https:\/\/www.valcucine.com\/","logo":{"@type":"ImageObject","inLanguage":"de","@id":"https:\/\/www.valcucine.com\/#\/schema\/logo\/image\/","url":"https:\/\/www.valcucine.com\/wp-content\/uploads\/2024\/02\/logo-valcucine.webp?wsr","contentUrl":"https:\/\/www.valcucine.com\/wp-content\/uploads\/2024\/02\/logo-valcucine.webp?wsr","width":288,"height":46,"caption":"Valcucine"},"image":{"@id":"https:\/\/www.valcucine.com\/#\/schema\/logo\/image\/"},"sameAs":["https:\/\/www.facebook.com\/valcucine\/","https:\/\/www.instagram.com\/valcucine\/","https:\/\/www.linkedin.com\/company\/valcucine"]}]}},"_links":{"self":[{"href":"https:\/\/www.valcucine.com\/de\/wp-json\/wp\/v2\/pages\/20980","targetHints":{"allow":["GET"]}}],"collection":[{"href":"https:\/\/www.valcucine.com\/de\/wp-json\/wp\/v2\/pages"}],"about":[{"href":"https:\/\/www.valcucine.com\/de\/wp-json\/wp\/v2\/types\/page"}],"author":[{"embeddable":true,"href":"https:\/\/www.valcucine.com\/de\/wp-json\/wp\/v2\/users\/1"}],"replies":[{"embeddable":true,"href":"https:\/\/www.valcucine.com\/de\/wp-json\/wp\/v2\/comments?post=20980"}],"version-history":[{"count":4,"href":"https:\/\/www.valcucine.com\/de\/wp-json\/wp\/v2\/pages\/20980\/revisions"}],"predecessor-version":[{"id":20997,"href":"https:\/\/www.valcucine.com\/de\/wp-json\/wp\/v2\/pages\/20980\/revisions\/20997"}],"wp:attachment":[{"href":"https:\/\/www.valcucine.com\/de\/wp-json\/wp\/v2\/media?parent=20980"}],"curies":[{"name":"wp","href":"https:\/\/api.w.org\/{rel}","templated":true}]}}