{"id":21003,"date":"2024-03-12T11:26:48","date_gmt":"2024-03-12T11:26:48","guid":{"rendered":"https:\/\/devel.valcucine.com\/servizi-cliente\/"},"modified":"2025-06-04T13:38:22","modified_gmt":"2025-06-04T13:38:22","slug":"kundendienst","status":"publish","type":"page","link":"https:\/\/www.valcucine.com\/de\/kundendienst\/","title":{"rendered":"Kundendienst"},"content":{"rendered":"<div class=\"wpb-content-wrapper\"><p>[vc_row][vc_column][vc_empty_space height=&#8220;10px&#8220;]\n        \n        <h1 class=\"text-center  main__title__h1  \" style=\"color:#333333;\"> \n\n         Pflege\n        \n        <\/h1>[vc_empty_space height=&#8220;10px&#8220;][vc_column_text]<\/p>\n<h5 style=\"text-align: center;\">Vielen Dank f\u00fcr den Kauf einer Valcucine-K\u00fcche<\/h5>\n<p>[\/vc_column_text][\/vc_column][\/vc_row][vc_row][vc_column][vc_column_text]Die Langlebigkeit und Zuverl\u00e4ssigkeit unserer Materialien sind das Ergebnis st\u00e4ndiger Qualit\u00e4tsanalysen, technischer Tests, Liebe zum Detail, Handwerkskunst und vor allem viel Leidenschaft. Dies sind die grundlegenden Merkmale aller unserer K\u00fcchen, die ihre funktionalen und \u00e4sthetischen Qualit\u00e4ten im Laufe der Zeit unver\u00e4ndert beibehalten. Die 10-j\u00e4hrige Garantieverl\u00e4ngerung und der Wartungsleitfaden sind unser Qualit\u00e4tsversprechen, die Gewissheit, dass Sie sich immer auf uns verlassen k\u00f6nnen.[\/vc_column_text][\/vc_column][\/vc_row][vc_row][vc_column][vc_separator el_width=&#8220;10&#8243;][\/vc_column][\/vc_row][vc_row css=&#8220;.vc_custom_1710835389790{margin-bottom: 40px !important;}&#8220;][vc_column width=&#8220;1\/2&#8243;]<div class=\"block__img__hover\"><a href=\"https:\/\/www.valcucine.com\/de\/kundendienst\/garantie\/\" target=\"\" rel=\"\" style=\"background-image:url(https:\/\/www.valcucine.com\/wp-content\/uploads\/2024\/03\/363_garanzie.webp?wsr)\"><img src='https:\/\/www.valcucine.com\/wp-content\/uploads\/2024\/03\/363_garanzie.webp?wsr' alt='' style='display:none'><h4>Valcucine Garantie<\/h4><\/a><\/div>[\/vc_column][vc_column width=&#8220;1\/2&#8243;]<div class=\"block__img__hover\"><a href=\"https:\/\/www.valcucine.com\/de\/kundendienst\/wartung\/\" target=\"\" rel=\"\" style=\"background-image:url(https:\/\/www.valcucine.com\/wp-content\/uploads\/2024\/03\/148_linee-guida-per-la-cura-e-la-pulizia-delle-superfici.webp?wsr)\"><img src='https:\/\/www.valcucine.com\/wp-content\/uploads\/2024\/03\/148_linee-guida-per-la-cura-e-la-pulizia-delle-superfici.webp?wsr' alt='' style='display:none'><h4>Pflege<\/h4><\/a><\/div>[\/vc_column][\/vc_row]<\/p>\n<\/div>","protected":false},"excerpt":{"rendered":"<p>[vc_row][vc_column][vc_empty_space height=&#8220;10px&#8220;][vc_empty_space height=&#8220;10px&#8220;][vc_column_text] Vielen Dank f\u00fcr den Kauf einer Valcucine-K\u00fcche [\/vc_column_text][\/vc_column][\/vc_row][vc_row][vc_column][vc_column_text]Die Langlebigkeit und Zuverl\u00e4ssigkeit unserer Materialien sind das Ergebnis st\u00e4ndiger Qualit\u00e4tsanalysen, technischer Tests, Liebe zum Detail, Handwerkskunst und vor allem viel Leidenschaft. Dies sind die grundlegenden Merkmale aller unserer K\u00fcchen, die ihre funktionalen und \u00e4sthetischen Qualit\u00e4ten im Laufe der Zeit unver\u00e4ndert beibehalten. Die 10-j\u00e4hrige Garantieverl\u00e4ngerung [&hellip;]<\/p>\n","protected":false},"author":1,"featured_media":0,"parent":0,"menu_order":0,"comment_status":"closed","ping_status":"closed","template":"","meta":{"footnotes":""},"class_list":["post-21003","page","type-page","status-publish","hentry"],"yoast_head":"<!-- This site is optimized with the Yoast SEO plugin v26.2 - https:\/\/yoast.com\/wordpress\/plugins\/seo\/ -->\n<title>Dienstleistungen f\u00fcr Kunden Valcucine<\/title>\n<meta name=\"description\" content=\"Wir bieten die M\u00f6glichkeit, die normale Garantieleistung auf 10 Jahre zu verl\u00e4ngern mit Valcucine.\" \/>\n<meta name=\"robots\" content=\"index, follow, max-snippet:-1, max-image-preview:large, max-video-preview:-1\" \/>\n<link rel=\"canonical\" href=\"https:\/\/www.valcucine.com\/de\/kundendienst\/\" \/>\n<meta property=\"og:locale\" content=\"de_DE\" \/>\n<meta property=\"og:type\" content=\"article\" \/>\n<meta property=\"og:title\" content=\"Dienstleistungen f\u00fcr Kunden Valcucine\" \/>\n<meta property=\"og:description\" content=\"Wir bieten die M\u00f6glichkeit, die normale Garantieleistung auf 10 Jahre zu verl\u00e4ngern mit Valcucine.\" \/>\n<meta property=\"og:url\" content=\"https:\/\/www.valcucine.com\/de\/kundendienst\/\" \/>\n<meta property=\"og:site_name\" content=\"Valcucine\" \/>\n<meta property=\"article:publisher\" content=\"https:\/\/www.facebook.com\/valcucine\/\" \/>\n<meta property=\"article:modified_time\" content=\"2025-06-04T13:38:22+00:00\" \/>\n<meta name=\"twitter:card\" content=\"summary_large_image\" \/>\n<meta name=\"twitter:label1\" content=\"Gesch\u00e4tzte Lesezeit\" \/>\n\t<meta name=\"twitter:data1\" content=\"1\u00a0Minute\" \/>\n<script type=\"application\/ld+json\" class=\"yoast-schema-graph\">{\"@context\":\"https:\/\/schema.org\",\"@graph\":[{\"@type\":\"WebPage\",\"@id\":\"https:\/\/www.valcucine.com\/de\/kundendienst\/\",\"url\":\"https:\/\/www.valcucine.com\/de\/kundendienst\/\",\"name\":\"Dienstleistungen f\u00fcr Kunden Valcucine\",\"isPartOf\":{\"@id\":\"https:\/\/www.valcucine.com\/#website\"},\"datePublished\":\"2024-03-12T11:26:48+00:00\",\"dateModified\":\"2025-06-04T13:38:22+00:00\",\"description\":\"Wir bieten die M\u00f6glichkeit, die normale Garantieleistung auf 10 Jahre zu verl\u00e4ngern mit Valcucine.\",\"breadcrumb\":{\"@id\":\"https:\/\/www.valcucine.com\/de\/kundendienst\/#breadcrumb\"},\"inLanguage\":\"de\",\"potentialAction\":[{\"@type\":\"ReadAction\",\"target\":[\"https:\/\/www.valcucine.com\/de\/kundendienst\/\"]}]},{\"@type\":\"BreadcrumbList\",\"@id\":\"https:\/\/www.valcucine.com\/de\/kundendienst\/#breadcrumb\",\"itemListElement\":[{\"@type\":\"ListItem\",\"position\":1,\"name\":\"Valcucine\",\"item\":\"https:\/\/www.valcucine.com\/de\/\"},{\"@type\":\"ListItem\",\"position\":2,\"name\":\"Kundendienst\"}]},{\"@type\":\"WebSite\",\"@id\":\"https:\/\/www.valcucine.com\/#website\",\"url\":\"https:\/\/www.valcucine.com\/\",\"name\":\"Valcucine\",\"description\":\"\",\"publisher\":{\"@id\":\"https:\/\/www.valcucine.com\/#organization\"},\"potentialAction\":[{\"@type\":\"SearchAction\",\"target\":{\"@type\":\"EntryPoint\",\"urlTemplate\":\"https:\/\/www.valcucine.com\/?s={search_term_string}\"},\"query-input\":{\"@type\":\"PropertyValueSpecification\",\"valueRequired\":true,\"valueName\":\"search_term_string\"}}],\"inLanguage\":\"de\"},{\"@type\":\"Organization\",\"@id\":\"https:\/\/www.valcucine.com\/#organization\",\"name\":\"Valcucine\",\"url\":\"https:\/\/www.valcucine.com\/\",\"logo\":{\"@type\":\"ImageObject\",\"inLanguage\":\"de\",\"@id\":\"https:\/\/www.valcucine.com\/#\/schema\/logo\/image\/\",\"url\":\"https:\/\/www.valcucine.com\/wp-content\/uploads\/2024\/02\/logo-valcucine.webp?wsr\",\"contentUrl\":\"https:\/\/www.valcucine.com\/wp-content\/uploads\/2024\/02\/logo-valcucine.webp?wsr\",\"width\":288,\"height\":46,\"caption\":\"Valcucine\"},\"image\":{\"@id\":\"https:\/\/www.valcucine.com\/#\/schema\/logo\/image\/\"},\"sameAs\":[\"https:\/\/www.facebook.com\/valcucine\/\",\"https:\/\/www.instagram.com\/valcucine\/\",\"https:\/\/www.linkedin.com\/company\/valcucine\"]}]}<\/script>\n<!-- \/ Yoast SEO plugin. -->","yoast_head_json":{"title":"Dienstleistungen f\u00fcr Kunden Valcucine","description":"Wir bieten die M\u00f6glichkeit, die normale Garantieleistung auf 10 Jahre zu verl\u00e4ngern mit Valcucine.","robots":{"index":"index","follow":"follow","max-snippet":"max-snippet:-1","max-image-preview":"max-image-preview:large","max-video-preview":"max-video-preview:-1"},"canonical":"https:\/\/www.valcucine.com\/de\/kundendienst\/","og_locale":"de_DE","og_type":"article","og_title":"Dienstleistungen f\u00fcr Kunden Valcucine","og_description":"Wir bieten die M\u00f6glichkeit, die normale Garantieleistung auf 10 Jahre zu verl\u00e4ngern mit Valcucine.","og_url":"https:\/\/www.valcucine.com\/de\/kundendienst\/","og_site_name":"Valcucine","article_publisher":"https:\/\/www.facebook.com\/valcucine\/","article_modified_time":"2025-06-04T13:38:22+00:00","twitter_card":"summary_large_image","twitter_misc":{"Gesch\u00e4tzte Lesezeit":"1\u00a0Minute"},"schema":{"@context":"https:\/\/schema.org","@graph":[{"@type":"WebPage","@id":"https:\/\/www.valcucine.com\/de\/kundendienst\/","url":"https:\/\/www.valcucine.com\/de\/kundendienst\/","name":"Dienstleistungen f\u00fcr Kunden Valcucine","isPartOf":{"@id":"https:\/\/www.valcucine.com\/#website"},"datePublished":"2024-03-12T11:26:48+00:00","dateModified":"2025-06-04T13:38:22+00:00","description":"Wir bieten die M\u00f6glichkeit, die normale Garantieleistung auf 10 Jahre zu verl\u00e4ngern mit Valcucine.","breadcrumb":{"@id":"https:\/\/www.valcucine.com\/de\/kundendienst\/#breadcrumb"},"inLanguage":"de","potentialAction":[{"@type":"ReadAction","target":["https:\/\/www.valcucine.com\/de\/kundendienst\/"]}]},{"@type":"BreadcrumbList","@id":"https:\/\/www.valcucine.com\/de\/kundendienst\/#breadcrumb","itemListElement":[{"@type":"ListItem","position":1,"name":"Valcucine","item":"https:\/\/www.valcucine.com\/de\/"},{"@type":"ListItem","position":2,"name":"Kundendienst"}]},{"@type":"WebSite","@id":"https:\/\/www.valcucine.com\/#website","url":"https:\/\/www.valcucine.com\/","name":"Valcucine","description":"","publisher":{"@id":"https:\/\/www.valcucine.com\/#organization"},"potentialAction":[{"@type":"SearchAction","target":{"@type":"EntryPoint","urlTemplate":"https:\/\/www.valcucine.com\/?s={search_term_string}"},"query-input":{"@type":"PropertyValueSpecification","valueRequired":true,"valueName":"search_term_string"}}],"inLanguage":"de"},{"@type":"Organization","@id":"https:\/\/www.valcucine.com\/#organization","name":"Valcucine","url":"https:\/\/www.valcucine.com\/","logo":{"@type":"ImageObject","inLanguage":"de","@id":"https:\/\/www.valcucine.com\/#\/schema\/logo\/image\/","url":"https:\/\/www.valcucine.com\/wp-content\/uploads\/2024\/02\/logo-valcucine.webp?wsr","contentUrl":"https:\/\/www.valcucine.com\/wp-content\/uploads\/2024\/02\/logo-valcucine.webp?wsr","width":288,"height":46,"caption":"Valcucine"},"image":{"@id":"https:\/\/www.valcucine.com\/#\/schema\/logo\/image\/"},"sameAs":["https:\/\/www.facebook.com\/valcucine\/","https:\/\/www.instagram.com\/valcucine\/","https:\/\/www.linkedin.com\/company\/valcucine"]}]}},"_links":{"self":[{"href":"https:\/\/www.valcucine.com\/de\/wp-json\/wp\/v2\/pages\/21003","targetHints":{"allow":["GET"]}}],"collection":[{"href":"https:\/\/www.valcucine.com\/de\/wp-json\/wp\/v2\/pages"}],"about":[{"href":"https:\/\/www.valcucine.com\/de\/wp-json\/wp\/v2\/types\/page"}],"author":[{"embeddable":true,"href":"https:\/\/www.valcucine.com\/de\/wp-json\/wp\/v2\/users\/1"}],"replies":[{"embeddable":true,"href":"https:\/\/www.valcucine.com\/de\/wp-json\/wp\/v2\/comments?post=21003"}],"version-history":[{"count":7,"href":"https:\/\/www.valcucine.com\/de\/wp-json\/wp\/v2\/pages\/21003\/revisions"}],"predecessor-version":[{"id":42500,"href":"https:\/\/www.valcucine.com\/de\/wp-json\/wp\/v2\/pages\/21003\/revisions\/42500"}],"wp:attachment":[{"href":"https:\/\/www.valcucine.com\/de\/wp-json\/wp\/v2\/media?parent=21003"}],"curies":[{"name":"wp","href":"https:\/\/api.w.org\/{rel}","templated":true}]}}