{"id":21012,"date":"2024-03-12T13:20:16","date_gmt":"2024-03-12T13:20:16","guid":{"rendered":"https:\/\/devel.valcucine.com\/kundendienst\/garantie\/garanzia-10-anni\/"},"modified":"2025-06-04T13:58:01","modified_gmt":"2025-06-04T13:58:01","slug":"10-jahre-garantie","status":"publish","type":"page","link":"https:\/\/www.valcucine.com\/de\/kundendienst\/garantie\/10-jahre-garantie\/","title":{"rendered":"10 JAHRE GARANTIE"},"content":{"rendered":"<div class=\"wpb-content-wrapper\"><p>[vc_row][vc_column]\n        \n        <h1 class=\"text-center  main__title__h1  vc_custom_1724744353352 \" style=\"color:#333333;\"> \n\n         10 JAHRE GARANTIE\n        \n        <\/h1>[\/vc_column][\/vc_row][vc_row][vc_column]\n        \n        <h2 class=\"text-start  main__title__h2  vc_custom_1724744438410 \" style=\"color:#333333;\"> \n\n         Verl\u00e4ngern Sie kostenlos Ihre 2-j\u00e4hrige gesetzliche Gew\u00e4hrleistung auf das Produkt\n        \n        <\/h2>[vc_column_text]Die Aktivierung des 10-Jahres-Garantie k\u00f6nnen an der Valcucine H\u00e4ndler angefordert werden, beim Kauf Definition einfach Ihre pers\u00f6nlichen Daten zu hinterlassen. F\u00fcr weitere Informationen \u00fcber die 10 Jahre Herstellergarantie-Aktivierung steht Ihnen der Customer Care Valcucine zur Verf\u00fcgung. Kontaktieren Sie uns per E-Mail an <strong>customercare@valcucine.it<\/strong><\/p>\n<p>Allgemeine Garantiebedingungen f\u00fcr den Endverbraucher<br \/>\nDie Garantie f\u00fcr die Produkte von Valcucine tr\u00e4gt Valcucine S.p.A., Gesch\u00e4ftssitz in Via Savio Nr.11, 33170 Pordenone, Italien, Handelsregister Pordenone, Umsatzsteuer-Identifikationsnummer 00407160936 (im Folgenden \u201eValcucine\u201c genannt). Dies gilt nicht f\u00fcr die Verpflichtungen, die vom Gesetzgeber dem H\u00e4ndler \u00fcbertragen wurden.<\/p>\n<p>1) Dauer<br \/>\n1.1 Die Garantie gilt f\u00fcr eine Dauer von 10 (zehn) Jahren und beginnt mit dem Kauf-\/ Lieferdatum der Produkte durch den Erstk\u00e4ufer. Dieses Datum muss durch den Kaufbeleg oder Kassenbon belegt werden.<br \/>\n1.2 Um diese Garantieleistungen in Anspruch nehmen zu k\u00f6nnen, muss der Endverbraucher die Kundenkarte aufheben und im Garantiefall vorweisen. Die Kundenkarte liegt dem Produkt bei Lieferung bei und enth\u00e4lt alle Daten zur Identifikation des Kaufs.<br \/>\n1.3 Im Falle des Kaufs eines im Showroom des H\u00e4ndlers ausgestellten Produktes oder eines bereits vorab durch den H\u00e4ndler gekauften Produktes (Produkte auf Lager) beginnt die Garantielaufzeit mit der Lieferung der Produkte durch Valcucine an den H\u00e4ndler.<br \/>\n1.4 Wenn die Garantieanfrage mit beigef\u00fcgtem Kaufbeleg oder Kassenbon nach Ablauf von 2 (zwei) Jahren gestellt wird &#8211; gerechnet ab Kauf-\/ Lieferdatum der Produkte durch den Erstk\u00e4ufer &#8211; kann der H\u00e4ndler dem Endverbraucher die Kosten f\u00fcr die Arbeitsstunden der Reparatur-\/ Austauscharbeiten des defekten Teiles sowie die Transportkosten vom Lager des H\u00e4ndlers zur Wohnung des Endverbrauchers in Rechnung stellen.<\/p>\n<p>2) Nutzung der Produkte<br \/>\nGarantieleistungen werden aufgrund der baulichen Eigenschaften der Produkte nur im Falle ihrer Nutzung im h\u00e4uslichen Bereich erbracht. Die Garantie gilt folglich nicht, wenn die Produkte gewerbsm\u00e4\u00dfig und\/oder industriell genutzt werden.<\/p>\n<p>3) Einschr\u00e4nkung der Garantie<br \/>\n3.1 Die Garantie gilt nicht f\u00fcr Elektroger\u00e4te, Sp\u00fclbecken, Armaturen, Beleuchtungssysteme sowie jede Art von Zubeh\u00f6r, das nicht von Valcucine hergestellt wurde.<br \/>\nDer Endverbraucher muss sich im Falle eines Defektes an diesen Ger\u00e4ten und Elementen oder im Falle von Sch\u00e4den, die durch diese entstanden sind, direkt an den Hersteller wenden. Es gelten die Garantiebedingungen, die der Hersteller f\u00fcr diese Produkte vorgesehen hat.<br \/>\n3.2 Au\u00dferdem sind folgende F\u00e4lle von der Garantie ausgeschlossen:<br \/>\n&#8211; Normale Abnutzung der Komponenten,<br \/>\n&#8211; Sch\u00e4den, die durch Nichtbeachtung der Angaben zu Pflege und Wartung entstanden sind oder durch Nichtbefolgung der Regeln in der Gebrauchsanweisung,<br \/>\n&#8211; Sch\u00e4den, die durch nicht bestimmungsgem\u00e4\u00dfen Gebrauch der Produkte entstanden sind,<br \/>\n&#8211; Schl\u00e4ge und St\u00f6\u00dfe,<br \/>\n&#8211; Farbunterschiede zwischen dem w\u00e4hrend des Kaufvorgangs pr\u00e4sentierten Muster und dem gelieferten Produkt,<br \/>\n&#8211; Farbunterschiede, die im Laufe der Zeit auftreten (beispielsweise bei H\u00f6lzern, lackierten Oberfl\u00e4chen, etc.),<br \/>\n&#8211; Ma\u00dfver\u00e4nderungen, die durch \u00c4nderungen im Feuchtigkeitsgleichgewicht der Umgebung aufgetreten sind,<br \/>\n&#8211; Sch\u00e4den, die durch eine nicht korrekte Montage entstanden sind,<br \/>\n&#8211; Sch\u00e4den, die durch die Installation und Montage von nicht originalen Zubeh\u00f6r- oder Austauschteilen entstanden sind,<br \/>\n&#8211; Sch\u00e4den, die auf Reparaturen zur\u00fcckzuf\u00fchren sind, die durch nicht befugte Personen durchgef\u00fchrt wurden,<br \/>\n&#8211; Aufbrechen\/Auseinanderbauen der Produkte,<br \/>\n&#8211; Sch\u00e4den, die durch nicht geeignete oder unzul\u00e4ngliche Elektroanlagen entstanden sind.<br \/>\n3.3. Die Garantie f\u00fcr Glas sieht einen Ersatz der Glasteile im Falle eines vollst\u00e4ndigen Bruches vor (Zertr\u00fcmmerung).<br \/>\nDamit sind Kratzspuren, Muschelausbr\u00fcche oder Schrammen durch die Garantie nicht abgedeckt. Das Glas ist geh\u00e4rtet, aber eventuelle Schl\u00e4ge oder St\u00f6\u00dfe mit gleichharten oder h\u00e4rteren Gegenst\u00e4nden (z.B. Keramik) k\u00f6nnen zu Kratz- oder Schleifspuren f\u00fchren.<br \/>\nAu\u00dferdem sind solche Br\u00fcche von der Garantie ausgeschlossen, die durch Situationen und Vorf\u00e4lle entstanden sind, die im vorherigen Paragrafen 3.2. aufgef\u00fchrt wurden. Dazu geh\u00f6ren insbesondere Sch\u00e4den durch Schl\u00e4ge, Zusammenst\u00f6\u00dfe sowie nicht bestimmungsgem\u00e4\u00dfen Gebrauch (z.B. \u00dcberlastung).<\/p>\n<p>4) R\u00e4umlicher G\u00fcltigkeitsbereich<br \/>\nDie vorliegende Garantie gilt f\u00fcr jedes Land der Welt.<\/p>\n<p>5) Vorgehen im Garantieanfall<br \/>\nDie Garantieanfrage ist ausschlie\u00dflich und schriftlich an den H\u00e4ndler zu richten, bei dem die Produkte gekauft wurden; unter Angabe des Reklamationsgrundes und wenn m\u00f6glich unter Beilage von Fotografien.<br \/>\nSollte der H\u00e4ndler, bei dem die Produkte gekauft wurden, kein autorisierter Valcucine-H\u00e4ndler mehr sein, dann kann sich der Endkunde an einen anderen autorisierten H\u00e4ndler in seiner N\u00e4he wenden.<br \/>\nEine Liste der Valcucine-H\u00e4ndler ist auf der Internetseite von Valcucine einsehbar: www.valcucine.com.<br \/>\nDer Endkunde muss in einem Zeitraum von 20 Tagen nach Feststellung des Mangels am Produkt oder des Schadens diesen bei Valcucine anzeigen. Der Mangelanzeige m\u00fcssen eine Kopie des Kaufbelegs oder des Kassenbons sowie m\u00f6glichst Fotografien beiliegen.<\/p>\n<p>6) Abwicklung der Garantieleistungen<br \/>\n6.1 Auf keinen Fall k\u00f6nnen Garantieleistungen von nicht autorisierten H\u00e4ndlern vorgenommen werden.<br \/>\nDer Endkunde kann w\u00e4hlen, ob er das Produkt repariert oder ersetzt haben m\u00f6chte. In beiden F\u00e4llen entstehen ihm keine Kosten.<br \/>\nSollte die gew\u00e4hlte Leistung objektiv unm\u00f6glich oder nach Einsch\u00e4tzung von Valcucine im Vergleich zur Alternative \u00fcberm\u00e4\u00dfig kostspielig sein, wird Valcucine zuerst die M\u00f6glichkeit in Erw\u00e4gung ziehen, das Produkt zu reparieren, wenn dies m\u00f6glich ist und falls die Reparaturkosten im Vergleich zu Wert und Verkaufspreis des Produktes nicht unverh\u00e4ltnism\u00e4\u00dfig hoch sind.<br \/>\nWenn die Reparaturkosten als unverh\u00e4ltnism\u00e4\u00dfig angesehen werden, wird Valcucine das Produkt ersetzen. In diesem Fall steht es Valcucine und\/oder dem H\u00e4ndler frei, das zu ersetzende Produkt abzuholen und damit wieder Eigent\u00fcmer des Produktes zu werden.<br \/>\nEs steht Valcucine frei, das mangelhafte oder defekte Produkt, wo es m\u00f6glich ist, mit einem neueren Modell gleicher Qualit\u00e4t und Leistung zu ersetzen.<br \/>\nDie Garantieleistungen werden innerhalb eines vertretbaren Zeitraums ab Garantieanfrage (mit kompletter Dokumentation) durchgef\u00fchrt. Die Festlegung des Zeitraums liegt im Ermessen von Valcucine.<br \/>\n6.2 Im Falle von Garantieleistungen au\u00dferhalb Italiens, aber innerhalb der Europ\u00e4ischen Union, \u00fcbernimmt Valcucine die Transportkosten f\u00fcr die Austauschelemente nur bis zum autorisierten H\u00e4ndler, bei dem der Endverbraucher die Produkte erworben hat. Der Endverbraucher tr\u00e4gt die zus\u00e4tzlich anfallenden Transportkosten.<br \/>\nIm Falle von Garantieleistungen in L\u00e4ndern au\u00dferhalb der Europ\u00e4ischen Union stehen die Austauschelemente ab Werk zur Verf\u00fcgung; der Transport geht damit zu Lasten des Endverbrauchers und\/oder H\u00e4ndlers, bei dem das Produkt gekauft wurde.<\/p>\n<p>7) Datenschutzinformationen<br \/>\n7.1 Im Sinne des gesetzesvertretenden Dekrets Nr. 196\/2003 \u201eGesetzesvorschriften zum Schutz personenbezogener Daten\u201c, mit sp\u00e4teren \u00c4nderungen und Erg\u00e4nzungen (im Folgenden \u201eVorschriften zur Privacy\u201c genannt) gilt: Die Behandlung der von Valcucine gesammelten personenbezogenen Daten des Endverbrauchers liegt in der Verantwortung von Valcucine. Sowohl bei ihrer elektronischen und automatisierten als auch manuellen Bearbeitung werden Applikationen und Ma\u00dfnahmen zum Schutz der personenbezogenen Daten eingesetzt. Die Daten werden ausschlie\u00dflich zur Erf\u00fcllung der vertraglich oder gesetzlich geregelten Verpflichtungen verwendet. Ziel ist die Nutzung der durch die vorliegende Garantievereinbarung geregelten Leistungen und die Erleichterung ihrer Abwicklung.<br \/>\nAus diesem Grund ist die Mitteilung dieser Daten erforderlich. Fehlende Angaben zu Beginn oder im Verlauf der vertraglichen Beziehung k\u00f6nnen dazu f\u00fchren, dass Valcucine die Garantieleistungen zu Gunsten des Endverbrauchers nicht erf\u00fcllen kann.<br \/>\n7.2 Die von Valcucine gesammelten und\/oder vom Endverbraucher zur Verf\u00fcgung gestellten Daten, ebenso wie die \u00fcber telematische Instrumente und Prozeduren von Valcucine gesammelten und genutzten Daten \u2013 immer unter Beachtung der Vorschriften zur Privacy \u2013 k\u00f6nnen in einer elektronischen oder anders gestalteten Datenbank gesammelt werden, die Eigentum von Valcucine ist. Ihre Nutzung ist direkt an die Aktivit\u00e4ten von Valcucine und die Erf\u00fcllung und Abwicklung von Serviceleistungen, wie die vorliegende Garantie, gebunden.<br \/>\n7.3 Personenbezogene Daten des Endverbrauchers k\u00f6nnen folgenden Personengruppen zug\u00e4nglich gemacht werden: Gruppen, deren Zugriff auf die Daten gesetzlich oder durch Rechtsordnungen geregelt ist; Kreditinstitute f\u00fcr die Abwicklung des Zahlungsverkehrs, Finanz-, Versicherungsinstitute sowie Buchpr\u00fcfung; Inkassounternehmen; B\u00fcros und Kanzleien zur Rechts-, Verwaltungs- und Steuerberatung; Unternehmen f\u00fcr Datenverarbeitung und Informationsservices; Dienstleistungsunternehmen zum Versand von Korrespondenzen; anh\u00e4ngige, Tochter- oder Muttergesellschaften.<br \/>\nPersonenbezogene Daten werden niemals ohne explizite Einwilligung durch den Endverbraucher an Dritte weitergegeben.<br \/>\n7.4 Bez\u00fcglich der Behandlung personenbezogener Daten, im Sinne des Art. 7 der Vorschriften zur Privacy hat der Endverbraucher unter anderem das Recht von Valcucine Folgendes zu verlangen: a) Best\u00e4tigung der Existenz der eigenen, personenbezogenen Daten sowie die Bekanntgabe, in verst\u00e4ndlicher Form, dieser Daten unabh\u00e4ngig von ihrer Herkunft und der Art ihrer Verarbeitung und Behandlung; b) die L\u00f6schung, Anonymisierung oder Blockierung der Daten, die rechtswidrig behandelt wurden; c) die Aktualisierung, d.h. Berichtigung, bei Interesse, Eingabe von Daten.<br \/>\nDer Endverbraucher hat au\u00dferdem das Recht im Falle berechtigter Gr\u00fcnde, die Be- und Verarbeitung seiner personenbezogenen Daten zu verweigern.<\/p>\n<p>8) Geltende Rechtsvorschriften und Rechtstreit<br \/>\n8.1 Die vorliegende Garantievereinbarung sowie alle Rechtsstreitigkeiten unterliegen dem italienischen Recht. Dies gilt sowohl bez\u00fcglich des Vertrags als auch au\u00dfervertraglich und betrifft Produkte und\/oder durch Produkte verursachte Sch\u00e4den.<br \/>\n8.2 F\u00fcr jeden Rechtsstreit, der sich aus der Interpretation und\/oder Anwendung der vorliegenden Garantievereinbarung und\/oder der Reklamation von M\u00e4ngeln, Qualit\u00e4tsm\u00e4ngeln und\/oder durch das Produkt verursachten Sch\u00e4den ergibt, ist ausschlie\u00dflich das Gericht Pordenone (Italien) zust\u00e4ndig.<\/p>\n<p>9) Unabdingbare Rechte<br \/>\nUnabh\u00e4ngig von den Regelungen dieser Garantievereinbarung kann der Endverbraucher die Rechte und Befugnisse geltend machen, die durch die geltende Gesetzgebung f\u00fcr den Verkauf von Konsumg\u00fctern geregelt werden. Diese werden durch die vorliegenden allgemeinen Garantiebedingungen nicht beeintr\u00e4chtigt.[\/vc_column_text][\/vc_column][\/vc_row][vc_row css=&#8220;.vc_custom_1710772302130{margin-bottom: 40px !important;}&#8220;][vc_column][vc_separator color=&#8220;custom&#8220; el_width=&#8220;10&#8243; accent_color=&#8220;#666666&#8243;][\/vc_column][\/vc_row]<\/p>\n<\/div>","protected":false},"excerpt":{"rendered":"<p>[vc_row][vc_column][\/vc_column][\/vc_row][vc_row][vc_column][vc_column_text]Die Aktivierung des 10-Jahres-Garantie k\u00f6nnen an der Valcucine H\u00e4ndler angefordert werden, beim Kauf Definition einfach Ihre pers\u00f6nlichen Daten zu hinterlassen. F\u00fcr weitere Informationen \u00fcber die 10 Jahre Herstellergarantie-Aktivierung steht Ihnen der Customer Care Valcucine zur Verf\u00fcgung. Kontaktieren Sie uns per E-Mail an customercare@valcucine.it Allgemeine Garantiebedingungen f\u00fcr den Endverbraucher Die Garantie f\u00fcr die Produkte von Valcucine [&hellip;]<\/p>\n","protected":false},"author":1,"featured_media":0,"parent":21008,"menu_order":0,"comment_status":"closed","ping_status":"closed","template":"","meta":{"footnotes":""},"class_list":["post-21012","page","type-page","status-publish","hentry"],"yoast_head":"<!-- This site is optimized with the Yoast SEO plugin v26.2 - https:\/\/yoast.com\/wordpress\/plugins\/seo\/ -->\n<title>10 Jahre Garantie mit Valcucine<\/title>\n<meta name=\"description\" content=\"Verl\u00e4ngern Sie kostenlos Ihre 2-j\u00e4hrige gesetzliche Gew\u00e4hrleistung auf das Produkt mit Valcucine.\" \/>\n<meta name=\"robots\" content=\"index, follow, max-snippet:-1, max-image-preview:large, max-video-preview:-1\" \/>\n<link rel=\"canonical\" href=\"https:\/\/www.valcucine.com\/de\/kundendienst\/garantie\/10-jahre-garantie\/\" \/>\n<meta property=\"og:locale\" content=\"de_DE\" \/>\n<meta property=\"og:type\" content=\"article\" \/>\n<meta property=\"og:title\" content=\"10 Jahre Garantie mit Valcucine\" \/>\n<meta property=\"og:description\" content=\"Verl\u00e4ngern Sie kostenlos Ihre 2-j\u00e4hrige gesetzliche Gew\u00e4hrleistung auf das Produkt mit Valcucine.\" \/>\n<meta property=\"og:url\" content=\"https:\/\/www.valcucine.com\/de\/kundendienst\/garantie\/10-jahre-garantie\/\" \/>\n<meta property=\"og:site_name\" content=\"Valcucine\" \/>\n<meta property=\"article:publisher\" content=\"https:\/\/www.facebook.com\/valcucine\/\" \/>\n<meta property=\"article:modified_time\" content=\"2025-06-04T13:58:01+00:00\" \/>\n<meta name=\"twitter:card\" content=\"summary_large_image\" \/>\n<meta name=\"twitter:label1\" content=\"Gesch\u00e4tzte Lesezeit\" \/>\n\t<meta name=\"twitter:data1\" content=\"8\u00a0Minuten\" \/>\n<script type=\"application\/ld+json\" class=\"yoast-schema-graph\">{\"@context\":\"https:\/\/schema.org\",\"@graph\":[{\"@type\":\"WebPage\",\"@id\":\"https:\/\/www.valcucine.com\/de\/kundendienst\/garantie\/10-jahre-garantie\/\",\"url\":\"https:\/\/www.valcucine.com\/de\/kundendienst\/garantie\/10-jahre-garantie\/\",\"name\":\"10 Jahre Garantie mit Valcucine\",\"isPartOf\":{\"@id\":\"https:\/\/www.valcucine.com\/#website\"},\"datePublished\":\"2024-03-12T13:20:16+00:00\",\"dateModified\":\"2025-06-04T13:58:01+00:00\",\"description\":\"Verl\u00e4ngern Sie kostenlos Ihre 2-j\u00e4hrige gesetzliche Gew\u00e4hrleistung auf das Produkt mit Valcucine.\",\"breadcrumb\":{\"@id\":\"https:\/\/www.valcucine.com\/de\/kundendienst\/garantie\/10-jahre-garantie\/#breadcrumb\"},\"inLanguage\":\"de\",\"potentialAction\":[{\"@type\":\"ReadAction\",\"target\":[\"https:\/\/www.valcucine.com\/de\/kundendienst\/garantie\/10-jahre-garantie\/\"]}]},{\"@type\":\"BreadcrumbList\",\"@id\":\"https:\/\/www.valcucine.com\/de\/kundendienst\/garantie\/10-jahre-garantie\/#breadcrumb\",\"itemListElement\":[{\"@type\":\"ListItem\",\"position\":1,\"name\":\"Valcucine\",\"item\":\"https:\/\/www.valcucine.com\/de\/\"},{\"@type\":\"ListItem\",\"position\":2,\"name\":\"Kundendienst\",\"item\":\"https:\/\/www.valcucine.com\/de\/kundendienst\/\"},{\"@type\":\"ListItem\",\"position\":3,\"name\":\"Valcucine Garantie\",\"item\":\"https:\/\/www.valcucine.com\/de\/kundendienst\/garantie\/\"},{\"@type\":\"ListItem\",\"position\":4,\"name\":\"10 JAHRE GARANTIE\"}]},{\"@type\":\"WebSite\",\"@id\":\"https:\/\/www.valcucine.com\/#website\",\"url\":\"https:\/\/www.valcucine.com\/\",\"name\":\"Valcucine\",\"description\":\"\",\"publisher\":{\"@id\":\"https:\/\/www.valcucine.com\/#organization\"},\"potentialAction\":[{\"@type\":\"SearchAction\",\"target\":{\"@type\":\"EntryPoint\",\"urlTemplate\":\"https:\/\/www.valcucine.com\/?s={search_term_string}\"},\"query-input\":{\"@type\":\"PropertyValueSpecification\",\"valueRequired\":true,\"valueName\":\"search_term_string\"}}],\"inLanguage\":\"de\"},{\"@type\":\"Organization\",\"@id\":\"https:\/\/www.valcucine.com\/#organization\",\"name\":\"Valcucine\",\"url\":\"https:\/\/www.valcucine.com\/\",\"logo\":{\"@type\":\"ImageObject\",\"inLanguage\":\"de\",\"@id\":\"https:\/\/www.valcucine.com\/#\/schema\/logo\/image\/\",\"url\":\"https:\/\/www.valcucine.com\/wp-content\/uploads\/2024\/02\/logo-valcucine.webp?wsr\",\"contentUrl\":\"https:\/\/www.valcucine.com\/wp-content\/uploads\/2024\/02\/logo-valcucine.webp?wsr\",\"width\":288,\"height\":46,\"caption\":\"Valcucine\"},\"image\":{\"@id\":\"https:\/\/www.valcucine.com\/#\/schema\/logo\/image\/\"},\"sameAs\":[\"https:\/\/www.facebook.com\/valcucine\/\",\"https:\/\/www.instagram.com\/valcucine\/\",\"https:\/\/www.linkedin.com\/company\/valcucine\"]}]}<\/script>\n<!-- \/ Yoast SEO plugin. -->","yoast_head_json":{"title":"10 Jahre Garantie mit Valcucine","description":"Verl\u00e4ngern Sie kostenlos Ihre 2-j\u00e4hrige gesetzliche Gew\u00e4hrleistung auf das Produkt mit Valcucine.","robots":{"index":"index","follow":"follow","max-snippet":"max-snippet:-1","max-image-preview":"max-image-preview:large","max-video-preview":"max-video-preview:-1"},"canonical":"https:\/\/www.valcucine.com\/de\/kundendienst\/garantie\/10-jahre-garantie\/","og_locale":"de_DE","og_type":"article","og_title":"10 Jahre Garantie mit Valcucine","og_description":"Verl\u00e4ngern Sie kostenlos Ihre 2-j\u00e4hrige gesetzliche Gew\u00e4hrleistung auf das Produkt mit Valcucine.","og_url":"https:\/\/www.valcucine.com\/de\/kundendienst\/garantie\/10-jahre-garantie\/","og_site_name":"Valcucine","article_publisher":"https:\/\/www.facebook.com\/valcucine\/","article_modified_time":"2025-06-04T13:58:01+00:00","twitter_card":"summary_large_image","twitter_misc":{"Gesch\u00e4tzte Lesezeit":"8\u00a0Minuten"},"schema":{"@context":"https:\/\/schema.org","@graph":[{"@type":"WebPage","@id":"https:\/\/www.valcucine.com\/de\/kundendienst\/garantie\/10-jahre-garantie\/","url":"https:\/\/www.valcucine.com\/de\/kundendienst\/garantie\/10-jahre-garantie\/","name":"10 Jahre Garantie mit Valcucine","isPartOf":{"@id":"https:\/\/www.valcucine.com\/#website"},"datePublished":"2024-03-12T13:20:16+00:00","dateModified":"2025-06-04T13:58:01+00:00","description":"Verl\u00e4ngern Sie kostenlos Ihre 2-j\u00e4hrige gesetzliche Gew\u00e4hrleistung auf das Produkt mit Valcucine.","breadcrumb":{"@id":"https:\/\/www.valcucine.com\/de\/kundendienst\/garantie\/10-jahre-garantie\/#breadcrumb"},"inLanguage":"de","potentialAction":[{"@type":"ReadAction","target":["https:\/\/www.valcucine.com\/de\/kundendienst\/garantie\/10-jahre-garantie\/"]}]},{"@type":"BreadcrumbList","@id":"https:\/\/www.valcucine.com\/de\/kundendienst\/garantie\/10-jahre-garantie\/#breadcrumb","itemListElement":[{"@type":"ListItem","position":1,"name":"Valcucine","item":"https:\/\/www.valcucine.com\/de\/"},{"@type":"ListItem","position":2,"name":"Kundendienst","item":"https:\/\/www.valcucine.com\/de\/kundendienst\/"},{"@type":"ListItem","position":3,"name":"Valcucine Garantie","item":"https:\/\/www.valcucine.com\/de\/kundendienst\/garantie\/"},{"@type":"ListItem","position":4,"name":"10 JAHRE GARANTIE"}]},{"@type":"WebSite","@id":"https:\/\/www.valcucine.com\/#website","url":"https:\/\/www.valcucine.com\/","name":"Valcucine","description":"","publisher":{"@id":"https:\/\/www.valcucine.com\/#organization"},"potentialAction":[{"@type":"SearchAction","target":{"@type":"EntryPoint","urlTemplate":"https:\/\/www.valcucine.com\/?s={search_term_string}"},"query-input":{"@type":"PropertyValueSpecification","valueRequired":true,"valueName":"search_term_string"}}],"inLanguage":"de"},{"@type":"Organization","@id":"https:\/\/www.valcucine.com\/#organization","name":"Valcucine","url":"https:\/\/www.valcucine.com\/","logo":{"@type":"ImageObject","inLanguage":"de","@id":"https:\/\/www.valcucine.com\/#\/schema\/logo\/image\/","url":"https:\/\/www.valcucine.com\/wp-content\/uploads\/2024\/02\/logo-valcucine.webp?wsr","contentUrl":"https:\/\/www.valcucine.com\/wp-content\/uploads\/2024\/02\/logo-valcucine.webp?wsr","width":288,"height":46,"caption":"Valcucine"},"image":{"@id":"https:\/\/www.valcucine.com\/#\/schema\/logo\/image\/"},"sameAs":["https:\/\/www.facebook.com\/valcucine\/","https:\/\/www.instagram.com\/valcucine\/","https:\/\/www.linkedin.com\/company\/valcucine"]}]}},"_links":{"self":[{"href":"https:\/\/www.valcucine.com\/de\/wp-json\/wp\/v2\/pages\/21012","targetHints":{"allow":["GET"]}}],"collection":[{"href":"https:\/\/www.valcucine.com\/de\/wp-json\/wp\/v2\/pages"}],"about":[{"href":"https:\/\/www.valcucine.com\/de\/wp-json\/wp\/v2\/types\/page"}],"author":[{"embeddable":true,"href":"https:\/\/www.valcucine.com\/de\/wp-json\/wp\/v2\/users\/1"}],"replies":[{"embeddable":true,"href":"https:\/\/www.valcucine.com\/de\/wp-json\/wp\/v2\/comments?post=21012"}],"version-history":[{"count":2,"href":"https:\/\/www.valcucine.com\/de\/wp-json\/wp\/v2\/pages\/21012\/revisions"}],"predecessor-version":[{"id":21014,"href":"https:\/\/www.valcucine.com\/de\/wp-json\/wp\/v2\/pages\/21012\/revisions\/21014"}],"up":[{"embeddable":true,"href":"https:\/\/www.valcucine.com\/de\/wp-json\/wp\/v2\/pages\/21008"}],"wp:attachment":[{"href":"https:\/\/www.valcucine.com\/de\/wp-json\/wp\/v2\/media?parent=21012"}],"curies":[{"name":"wp","href":"https:\/\/api.w.org\/{rel}","templated":true}]}}