{"id":21053,"date":"2024-03-20T08:45:42","date_gmt":"2024-03-20T08:45:42","guid":{"rendered":"https:\/\/devel.valcucine.com\/merkante-elemente\/handwerkskunst\/cassetti-genius-loci\/"},"modified":"2025-03-19T16:06:51","modified_gmt":"2025-03-19T16:06:51","slug":"cassetti-genius-loci","status":"publish","type":"page","link":"https:\/\/www.valcucine.com\/de\/merkante-elemente\/handwerkskunst\/cassetti-genius-loci\/","title":{"rendered":"Mosaik. Die Meditation"},"content":{"rendered":"<div class=\"wpb-content-wrapper\"><p>[vc_row][vc_column]\n\t\t\t<!-- START Cassetti Genius Loci REVOLUTION SLIDER 6.7.38 --><p class=\"rs-p-wp-fix\"><\/p>\n\t\t\t<rs-module-wrap id=\"rev_slider_79_1_wrapper\" data-source=\"gallery\" style=\"visibility:hidden;background:transparent;padding:0;\">\n\t\t\t\t<rs-module id=\"rev_slider_79_1\" style=\"\" data-version=\"6.7.38\">\n\t\t\t\t\t<rs-slides style=\"overflow: hidden; position: absolute;\">\n\t\t\t\t\t\t<rs-slide style=\"position: absolute;\" data-key=\"rs-333\" data-title=\"Slide\" data-thumb=\"\/\/www.valcucine.com\/wp-content\/uploads\/2024\/03\/972_mosaico_0071-50x100.webp\" data-in=\"o:0;\" data-out=\"a:false;\">\n\t\t\t\t\t\t\t<img decoding=\"async\" src=\"\/\/www.valcucine.com\/wp-content\/plugins\/revslider\/sr6\/assets\/assets\/dummy.png\" alt=\"\" title=\"972_mosaico_0071\" width=\"2400\" height=\"1200\" class=\"rev-slidebg tp-rs-img rs-lazyload\" data-lazyload=\"\/\/www.valcucine.com\/wp-content\/uploads\/2024\/03\/972_mosaico_0071.webp\" data-no-retina>\n<!---->\t\t\t\t\t<\/rs-slide>\n\t\t\t\t\t\t<rs-slide style=\"position: absolute;\" data-key=\"rs-334\" data-title=\"Slide\" data-thumb=\"\/\/www.valcucine.com\/wp-content\/uploads\/2024\/03\/973_marmo-11as-50x100.webp\" data-in=\"o:0;\" data-out=\"a:false;\">\n\t\t\t\t\t\t\t<img decoding=\"async\" src=\"\/\/www.valcucine.com\/wp-content\/plugins\/revslider\/sr6\/assets\/assets\/dummy.png\" alt=\"\" title=\"973_marmo-11as\" width=\"2400\" height=\"1200\" class=\"rev-slidebg tp-rs-img rs-lazyload\" data-lazyload=\"\/\/www.valcucine.com\/wp-content\/uploads\/2024\/03\/973_marmo-11as.webp\" data-no-retina>\n<!---->\t\t\t\t\t<\/rs-slide>\n\t\t\t\t\t\t<rs-slide style=\"position: absolute;\" data-key=\"rs-335\" data-title=\"Slide\" data-thumb=\"\/\/www.valcucine.com\/wp-content\/uploads\/2024\/03\/974_valcucine-vetro-11-50x100.webp\" data-in=\"o:0;\" data-out=\"a:false;\">\n\t\t\t\t\t\t\t<img decoding=\"async\" src=\"\/\/www.valcucine.com\/wp-content\/plugins\/revslider\/sr6\/assets\/assets\/dummy.png\" alt=\"\" title=\"974_valcucine-vetro-11\" width=\"2400\" height=\"1200\" class=\"rev-slidebg tp-rs-img rs-lazyload\" data-lazyload=\"\/\/www.valcucine.com\/wp-content\/uploads\/2024\/03\/974_valcucine-vetro-11.webp\" data-no-retina>\n<!---->\t\t\t\t\t<\/rs-slide>\n\t\t\t\t\t<\/rs-slides>\n\t\t\t\t\t<rs-static-layers><!--\n\n\t\t\t\t\t\t\t--><rs-layer\n\t\t\t\t\t\t\t\tid=\"slider-79-slide-70-layer-12\" \n\t\t\t\t\t\t\t\tclass=\"play-button rs-svg rs-layer-static\"\n\t\t\t\t\t\t\t\tdata-type=\"svg\"\n\t\t\t\t\t\t\t\tdata-rsp_ch=\"on\"\n\t\t\t\t\t\t\t\tdata-xy=\"xo:20px;y:b;yo:20px;\"\n\t\t\t\t\t\t\t\tdata-text=\"w:normal;s:20,20,20,7;l:0,0,0,9;\"\n\t\t\t\t\t\t\t\tdata-dim=\"w:20px,20px,20px,30px;h:20px,20px,20px,30px;\"\n\t\t\t\t\t\t\t\tdata-actions='o:click;a:playslider;'\n\t\t\t\t\t\t\t\tdata-svg_src=\"\/\/www.valcucine.com\/wp-content\/uploads\/revslider\/svg\/objects\/svgcustom\/circle-play.svg\"\n\t\t\t\t\t\t\t\tdata-svgi=\"oc:t;\"\n\t\t\t\t\t\t\t\tdata-basealign=\"slide\"\n\t\t\t\t\t\t\t\tdata-onslides=\"s:1;\"\n\t\t\t\t\t\t\t\tdata-frame_999=\"o:0;st:w;\"\n\t\t\t\t\t\t\t\tstyle=\"z-index:7;font-family:'Roboto';\"\n\t\t\t\t\t\t\t> \n\t\t\t\t\t\t\t<\/rs-layer><!--\n\n\t\t\t\t\t\t\t--><rs-layer\n\t\t\t\t\t\t\t\tid=\"slider-79-slide-70-layer-13\" \n\t\t\t\t\t\t\t\tclass=\"pause-button current-slider rs-svg rs-layer-static\"\n\t\t\t\t\t\t\t\tdata-type=\"svg\"\n\t\t\t\t\t\t\t\tdata-rsp_ch=\"on\"\n\t\t\t\t\t\t\t\tdata-xy=\"xo:20px;y:b;yo:20px;\"\n\t\t\t\t\t\t\t\tdata-text=\"w:normal;s:20,20,20,7;l:0,0,0,9;\"\n\t\t\t\t\t\t\t\tdata-dim=\"w:20px,20px,20px,30px;h:20px,20px,20px,30px;\"\n\t\t\t\t\t\t\t\tdata-actions='o:click;a:pauseslider;'\n\t\t\t\t\t\t\t\tdata-svg_src=\"\/\/www.valcucine.com\/wp-content\/uploads\/revslider\/svg\/objects\/svgcustom\/circle-pause.svg\"\n\t\t\t\t\t\t\t\tdata-svgi=\"oc:t;\"\n\t\t\t\t\t\t\t\tdata-basealign=\"slide\"\n\t\t\t\t\t\t\t\tdata-onslides=\"s:1;\"\n\t\t\t\t\t\t\t\tdata-frame_999=\"o:0;st:w;\"\n\t\t\t\t\t\t\t\tstyle=\"z-index:8;font-family:'Roboto';\"\n\t\t\t\t\t\t\t> \n\t\t\t\t\t\t\t<\/rs-layer><!--\n\t\t\t\t\t--><\/rs-static-layers>\n\t\t\t\t<\/rs-module>\n\t\t\t\t<script>\n\t\t\t\t\tsetREVStartSize({c: 'rev_slider_79_1',rl:[1240,1240,1240,480],el:[568.984,568.984,568.984,480],gw:[1240,1240,1240,480],gh:[569,569,569,480],type:'standard',justify:'',layout:'fullscreen',offsetContainer:'#slider__height',offset:'0px',mh:\"0\"});if (window.RS_MODULES!==undefined && window.RS_MODULES.modules!==undefined && window.RS_MODULES.modules[\"revslider791\"]!==undefined) {window.RS_MODULES.modules[\"revslider791\"].once = false;window.revapi79 = undefined;if (window.RS_MODULES.checkMinimal!==undefined) window.RS_MODULES.checkMinimal()}\n\t\t\t\t<\/script>\n\t\t\t<\/rs-module-wrap>\n\t\t\t<!-- END REVOLUTION SLIDER -->\n[\/vc_column][\/vc_row][vc_row][vc_column css=&#8220;.vc_custom_1710922740545{padding-top: 40px !important;padding-bottom: 40px !important;}&#8220;]\n        \n        <h1 class=\"text-center  main__title__h1  \" style=\"color:#333333;\"> \n\n         Mosaik. Die Meditation\n        \n        <\/h1>\n        \n        <h2 class=\"text-center  main__title__h2  \" style=\"color:#333333;\"> \n\n         Die Exzellenz der Gesten\n        \n        <\/h2>[\/vc_column][\/vc_row][vc_row][vc_column][vc_column_text]<\/p>\n<div>Die Schublade Genius Loci kann in verschiedenen Materialien und hochwertigen Ausf\u00fchrungen gestaltet werden. Von Holzintarsien, \u00fcber Schnitzwerk bis hin zu bearbeiteten Natursteinen und Edelmetallen. Valcucine greift alte Handwerksk\u00fcnste auf und interpretiert diese neu. Diese kostbaren Kenntnissen und Erinnerungen drohen verloren zu gehen. Valcucine gibt ihnen ihre Bedeutung und Sch\u00f6nheit zur\u00fcck und verbeugt sich damit vor dem traditionellen, italienischen K\u00f6nnen, der Erfahrung und dem Wissen aller italienischen K\u00fcnstler &#8211; seit jeher Inspirationsquelle f\u00fcr das Design der K\u00fcchen von Valcucine. Die individuelle Gestaltung des Schubkastens Genius Loci erh\u00e4lt und unterstreicht die ganze Sch\u00f6nheit und Kostbarkeit althergebrachter Handwerksk\u00fcnste. Sie erwecken die Verbindung mit dem Urspr\u00fcnglichen in uns zu neuem Leben und erlauben es uns, wie ein Arch\u00e4ologe aus dem Fragment auf das Ganze zu schlie\u00dfen, des Menschen und der Natur der Materie.<\/div>\n<p>[\/vc_column_text][\/vc_column][\/vc_row][vc_row][vc_column css=&#8220;.vc_custom_1710921950963{padding-bottom: 40px !important;}&#8220;]<div class='menu__page'><a href='https:\/\/www.valcucine.com\/store-locator\/' target='' rel=''>Trova rivenditore<\/a><a href='https:\/\/www.valcucine.com\/wp-content\/uploads\/2024\/03\/287_catalogo_it_valcucine_cassetti_genius-loci.pdf' target='' rel=''>Download catalogo<\/a><\/div>[\/vc_column][\/vc_row][vc_row][vc_column width=&#8220;1\/3&#8243;]<div class=\"block__img__hover\"><a href=\"https:\/\/www.valcucine.com\/de\/merkante-elemente\/handwerkskunst\/cassetti-genius-loci\/rame\/\" target=\"\" rel=\"\" style=\"background-image:url(https:\/\/www.valcucine.com\/wp-content\/uploads\/2024\/03\/228_valcucine_rame_6.webp?wsr)\"><img src='https:\/\/www.valcucine.com\/wp-content\/uploads\/2024\/03\/228_valcucine_rame_6.webp?wsr' alt='' style='display:none'><h4>Kupfer. Die Urspr\u00fcnge<\/h4><\/a><\/div>[\/vc_column][vc_column width=&#8220;1\/3&#8243;]<div class=\"block__img__hover\"><a href=\"https:\/\/www.valcucine.com\/de\/merkante-elemente\/handwerkskunst\/cassetti-genius-loci\/intaglio\/\" target=\"\" rel=\"\" style=\"background-image:url(https:\/\/www.valcucine.com\/wp-content\/uploads\/2024\/03\/234_valcucine-intaglio-3.webp?wsr)\"><img src='https:\/\/www.valcucine.com\/wp-content\/uploads\/2024\/03\/234_valcucine-intaglio-3.webp?wsr' alt='' style='display:none'><h4>Schnitzwerk. Die Entdeckung<\/h4><\/a><\/div>[\/vc_column][vc_column width=&#8220;1\/3&#8243;]<div class=\"block__img__hover\"><a href=\"https:\/\/www.valcucine.com\/de\/merkante-elemente\/handwerkskunst\/cassetti-genius-loci\/intarsio\/\" target=\"\" rel=\"\" style=\"background-image:url(https:\/\/www.valcucine.com\/wp-content\/uploads\/2024\/03\/232_intarsio_0343.webp?wsr)\"><img src='https:\/\/www.valcucine.com\/wp-content\/uploads\/2024\/03\/232_intarsio_0343.webp?wsr' alt='' style='display:none'><h4>Intarsien. Der Kontrast<\/h4><\/a><\/div>[\/vc_column][\/vc_row][vc_row][vc_column width=&#8220;1\/3&#8243;]<div class=\"block__img__hover\"><a href=\"https:\/\/www.valcucine.com\/de\/merkante-elemente\/handwerkskunst\/cassetti-genius-loci\/marmo\/\" target=\"\" rel=\"\" style=\"background-image:url(https:\/\/www.valcucine.com\/wp-content\/uploads\/2024\/03\/231_valcucine-art_marmo_0076.webp?wsr)\"><img src='https:\/\/www.valcucine.com\/wp-content\/uploads\/2024\/03\/231_valcucine-art_marmo_0076.webp?wsr' alt='' style='display:none'><h4>Marmor. Der Charakter<\/h4><\/a><\/div>[\/vc_column][vc_column width=&#8220;1\/3&#8243;]<div class=\"block__img__hover\"><a href=\"https:\/\/www.valcucine.com\/de\/merkante-elemente\/handwerkskunst\/cassetti-genius-loci\/mosaico\/\" target=\"\" rel=\"\" style=\"background-image:url(https:\/\/www.valcucine.com\/wp-content\/uploads\/2024\/03\/233_mosaico_0071.webp?wsr)\"><img src='https:\/\/www.valcucine.com\/wp-content\/uploads\/2024\/03\/233_mosaico_0071.webp?wsr' alt='' style='display:none'><h4>Mosaik. Die Meditation<\/h4><\/a><\/div>[\/vc_column][vc_column width=&#8220;1\/3&#8243;]<div class=\"block__img__hover\"><a href=\"https:\/\/www.valcucine.com\/de\/merkante-elemente\/handwerkskunst\/cassetti-genius-loci\/ottone\/\" target=\"\" rel=\"\" style=\"background-image:url(https:\/\/www.valcucine.com\/wp-content\/uploads\/2024\/03\/229_ottone_0219.webp?wsr)\"><img src='https:\/\/www.valcucine.com\/wp-content\/uploads\/2024\/03\/229_ottone_0219.webp?wsr' alt='' style='display:none'><h4>Messing. Die Harmonie<\/h4><\/a><\/div>[\/vc_column][\/vc_row][vc_row][vc_column width=&#8220;1\/3&#8243;]<div class=\"block__img__hover\"><a href=\"https:\/\/www.valcucine.com\/de\/merkante-elemente\/handwerkskunst\/cassetti-genius-loci\/titanio\/\" target=\"\" rel=\"\" style=\"background-image:url(https:\/\/www.valcucine.com\/wp-content\/uploads\/2024\/03\/230_titanio-15as.webp?wsr)\"><img src='https:\/\/www.valcucine.com\/wp-content\/uploads\/2024\/03\/230_titanio-15as.webp?wsr' alt='' style='display:none'><h4>Titan. Das Unverg\u00e4ngliche<\/h4><\/a><\/div>[\/vc_column][vc_column width=&#8220;1\/3&#8243;]<div class=\"block__img__hover\"><a href=\"https:\/\/www.valcucine.com\/de\/merkante-elemente\/handwerkskunst\/cassetti-genius-loci\/vetro-molato\/\" target=\"\" rel=\"\" style=\"background-image:url(https:\/\/www.valcucine.com\/wp-content\/uploads\/2024\/03\/235_valcucine-vetro-9.webp?wsr)\"><img src='https:\/\/www.valcucine.com\/wp-content\/uploads\/2024\/03\/235_valcucine-vetro-9.webp?wsr' alt='' style='display:none'><h4>Geschliffenes Glas. Die Pr\u00e4zision<\/h4><\/a><\/div>[\/vc_column][vc_column width=&#8220;1\/3&#8243;][\/vc_column][\/vc_row]<\/p>\n<\/div>","protected":false},"excerpt":{"rendered":"<p>[vc_row][vc_column][\/vc_column][\/vc_row][vc_row][vc_column css=&#8220;.vc_custom_1710922740545{padding-top: 40px !important;padding-bottom: 40px !important;}&#8220;][\/vc_column][\/vc_row][vc_row][vc_column][vc_column_text] Die Schublade Genius Loci kann in verschiedenen Materialien und hochwertigen Ausf\u00fchrungen gestaltet werden. Von Holzintarsien, \u00fcber Schnitzwerk bis hin zu bearbeiteten Natursteinen und Edelmetallen. Valcucine greift alte Handwerksk\u00fcnste auf und interpretiert diese neu. Diese kostbaren Kenntnissen und Erinnerungen drohen verloren zu gehen. Valcucine gibt ihnen ihre Bedeutung und Sch\u00f6nheit [&hellip;]<\/p>\n","protected":false},"author":1,"featured_media":0,"parent":20739,"menu_order":0,"comment_status":"closed","ping_status":"closed","template":"","meta":{"footnotes":""},"class_list":["post-21053","page","type-page","status-publish","hentry"],"yoast_head":"<!-- This site is optimized with the Yoast SEO plugin v26.2 - https:\/\/yoast.com\/wordpress\/plugins\/seo\/ -->\n<title>Mosaik. Die Meditation - Valcucine<\/title>\n<meta name=\"description\" content=\"Entdecken Sie die Handwerkskunst der Genius Loci-Schubladen, die f\u00fcr Eleganz und versteckte Aufbewahrungsl\u00f6sungen konzipiert sind.\" \/>\n<meta name=\"robots\" content=\"index, follow, max-snippet:-1, max-image-preview:large, max-video-preview:-1\" \/>\n<link rel=\"canonical\" href=\"https:\/\/www.valcucine.com\/de\/merkante-elemente\/handwerkskunst\/cassetti-genius-loci\/\" \/>\n<meta property=\"og:locale\" content=\"de_DE\" \/>\n<meta property=\"og:type\" content=\"article\" \/>\n<meta property=\"og:title\" content=\"Mosaik. Die Meditation - Valcucine\" \/>\n<meta property=\"og:description\" content=\"Entdecken Sie die Handwerkskunst der Genius Loci-Schubladen, die f\u00fcr Eleganz und versteckte Aufbewahrungsl\u00f6sungen konzipiert sind.\" \/>\n<meta property=\"og:url\" content=\"https:\/\/www.valcucine.com\/de\/merkante-elemente\/handwerkskunst\/cassetti-genius-loci\/\" \/>\n<meta property=\"og:site_name\" content=\"Valcucine\" \/>\n<meta property=\"article:publisher\" content=\"https:\/\/www.facebook.com\/valcucine\/\" \/>\n<meta property=\"article:modified_time\" content=\"2025-03-19T16:06:51+00:00\" \/>\n<meta name=\"twitter:card\" content=\"summary_large_image\" \/>\n<meta name=\"twitter:label1\" content=\"Gesch\u00e4tzte Lesezeit\" \/>\n\t<meta name=\"twitter:data1\" content=\"2\u00a0Minuten\" \/>\n<script type=\"application\/ld+json\" class=\"yoast-schema-graph\">{\"@context\":\"https:\/\/schema.org\",\"@graph\":[{\"@type\":\"WebPage\",\"@id\":\"https:\/\/www.valcucine.com\/de\/merkante-elemente\/handwerkskunst\/cassetti-genius-loci\/\",\"url\":\"https:\/\/www.valcucine.com\/de\/merkante-elemente\/handwerkskunst\/cassetti-genius-loci\/\",\"name\":\"Mosaik. Die Meditation - Valcucine\",\"isPartOf\":{\"@id\":\"https:\/\/www.valcucine.com\/#website\"},\"datePublished\":\"2024-03-20T08:45:42+00:00\",\"dateModified\":\"2025-03-19T16:06:51+00:00\",\"description\":\"Entdecken Sie die Handwerkskunst der Genius Loci-Schubladen, die f\u00fcr Eleganz und versteckte Aufbewahrungsl\u00f6sungen konzipiert sind.\",\"breadcrumb\":{\"@id\":\"https:\/\/www.valcucine.com\/de\/merkante-elemente\/handwerkskunst\/cassetti-genius-loci\/#breadcrumb\"},\"inLanguage\":\"de\",\"potentialAction\":[{\"@type\":\"ReadAction\",\"target\":[\"https:\/\/www.valcucine.com\/de\/merkante-elemente\/handwerkskunst\/cassetti-genius-loci\/\"]}]},{\"@type\":\"BreadcrumbList\",\"@id\":\"https:\/\/www.valcucine.com\/de\/merkante-elemente\/handwerkskunst\/cassetti-genius-loci\/#breadcrumb\",\"itemListElement\":[{\"@type\":\"ListItem\",\"position\":1,\"name\":\"Valcucine\",\"item\":\"https:\/\/www.valcucine.com\/de\/\"},{\"@type\":\"ListItem\",\"position\":2,\"name\":\"Merkante Elemente\",\"item\":\"https:\/\/www.valcucine.com\/de\/merkante-elemente\/\"},{\"@type\":\"ListItem\",\"position\":3,\"name\":\"Handwerkskunst\",\"item\":\"https:\/\/www.valcucine.com\/de\/merkante-elemente\/handwerkskunst\/\"},{\"@type\":\"ListItem\",\"position\":4,\"name\":\"Mosaik. Die Meditation\"}]},{\"@type\":\"WebSite\",\"@id\":\"https:\/\/www.valcucine.com\/#website\",\"url\":\"https:\/\/www.valcucine.com\/\",\"name\":\"Valcucine\",\"description\":\"\",\"publisher\":{\"@id\":\"https:\/\/www.valcucine.com\/#organization\"},\"potentialAction\":[{\"@type\":\"SearchAction\",\"target\":{\"@type\":\"EntryPoint\",\"urlTemplate\":\"https:\/\/www.valcucine.com\/?s={search_term_string}\"},\"query-input\":{\"@type\":\"PropertyValueSpecification\",\"valueRequired\":true,\"valueName\":\"search_term_string\"}}],\"inLanguage\":\"de\"},{\"@type\":\"Organization\",\"@id\":\"https:\/\/www.valcucine.com\/#organization\",\"name\":\"Valcucine\",\"url\":\"https:\/\/www.valcucine.com\/\",\"logo\":{\"@type\":\"ImageObject\",\"inLanguage\":\"de\",\"@id\":\"https:\/\/www.valcucine.com\/#\/schema\/logo\/image\/\",\"url\":\"https:\/\/www.valcucine.com\/wp-content\/uploads\/2024\/02\/logo-valcucine.webp?wsr\",\"contentUrl\":\"https:\/\/www.valcucine.com\/wp-content\/uploads\/2024\/02\/logo-valcucine.webp?wsr\",\"width\":288,\"height\":46,\"caption\":\"Valcucine\"},\"image\":{\"@id\":\"https:\/\/www.valcucine.com\/#\/schema\/logo\/image\/\"},\"sameAs\":[\"https:\/\/www.facebook.com\/valcucine\/\",\"https:\/\/www.instagram.com\/valcucine\/\",\"https:\/\/www.linkedin.com\/company\/valcucine\"]}]}<\/script>\n<!-- \/ Yoast SEO plugin. -->","yoast_head_json":{"title":"Mosaik. Die Meditation - Valcucine","description":"Entdecken Sie die Handwerkskunst der Genius Loci-Schubladen, die f\u00fcr Eleganz und versteckte Aufbewahrungsl\u00f6sungen konzipiert sind.","robots":{"index":"index","follow":"follow","max-snippet":"max-snippet:-1","max-image-preview":"max-image-preview:large","max-video-preview":"max-video-preview:-1"},"canonical":"https:\/\/www.valcucine.com\/de\/merkante-elemente\/handwerkskunst\/cassetti-genius-loci\/","og_locale":"de_DE","og_type":"article","og_title":"Mosaik. Die Meditation - Valcucine","og_description":"Entdecken Sie die Handwerkskunst der Genius Loci-Schubladen, die f\u00fcr Eleganz und versteckte Aufbewahrungsl\u00f6sungen konzipiert sind.","og_url":"https:\/\/www.valcucine.com\/de\/merkante-elemente\/handwerkskunst\/cassetti-genius-loci\/","og_site_name":"Valcucine","article_publisher":"https:\/\/www.facebook.com\/valcucine\/","article_modified_time":"2025-03-19T16:06:51+00:00","twitter_card":"summary_large_image","twitter_misc":{"Gesch\u00e4tzte Lesezeit":"2\u00a0Minuten"},"schema":{"@context":"https:\/\/schema.org","@graph":[{"@type":"WebPage","@id":"https:\/\/www.valcucine.com\/de\/merkante-elemente\/handwerkskunst\/cassetti-genius-loci\/","url":"https:\/\/www.valcucine.com\/de\/merkante-elemente\/handwerkskunst\/cassetti-genius-loci\/","name":"Mosaik. Die Meditation - Valcucine","isPartOf":{"@id":"https:\/\/www.valcucine.com\/#website"},"datePublished":"2024-03-20T08:45:42+00:00","dateModified":"2025-03-19T16:06:51+00:00","description":"Entdecken Sie die Handwerkskunst der Genius Loci-Schubladen, die f\u00fcr Eleganz und versteckte Aufbewahrungsl\u00f6sungen konzipiert sind.","breadcrumb":{"@id":"https:\/\/www.valcucine.com\/de\/merkante-elemente\/handwerkskunst\/cassetti-genius-loci\/#breadcrumb"},"inLanguage":"de","potentialAction":[{"@type":"ReadAction","target":["https:\/\/www.valcucine.com\/de\/merkante-elemente\/handwerkskunst\/cassetti-genius-loci\/"]}]},{"@type":"BreadcrumbList","@id":"https:\/\/www.valcucine.com\/de\/merkante-elemente\/handwerkskunst\/cassetti-genius-loci\/#breadcrumb","itemListElement":[{"@type":"ListItem","position":1,"name":"Valcucine","item":"https:\/\/www.valcucine.com\/de\/"},{"@type":"ListItem","position":2,"name":"Merkante Elemente","item":"https:\/\/www.valcucine.com\/de\/merkante-elemente\/"},{"@type":"ListItem","position":3,"name":"Handwerkskunst","item":"https:\/\/www.valcucine.com\/de\/merkante-elemente\/handwerkskunst\/"},{"@type":"ListItem","position":4,"name":"Mosaik. Die Meditation"}]},{"@type":"WebSite","@id":"https:\/\/www.valcucine.com\/#website","url":"https:\/\/www.valcucine.com\/","name":"Valcucine","description":"","publisher":{"@id":"https:\/\/www.valcucine.com\/#organization"},"potentialAction":[{"@type":"SearchAction","target":{"@type":"EntryPoint","urlTemplate":"https:\/\/www.valcucine.com\/?s={search_term_string}"},"query-input":{"@type":"PropertyValueSpecification","valueRequired":true,"valueName":"search_term_string"}}],"inLanguage":"de"},{"@type":"Organization","@id":"https:\/\/www.valcucine.com\/#organization","name":"Valcucine","url":"https:\/\/www.valcucine.com\/","logo":{"@type":"ImageObject","inLanguage":"de","@id":"https:\/\/www.valcucine.com\/#\/schema\/logo\/image\/","url":"https:\/\/www.valcucine.com\/wp-content\/uploads\/2024\/02\/logo-valcucine.webp?wsr","contentUrl":"https:\/\/www.valcucine.com\/wp-content\/uploads\/2024\/02\/logo-valcucine.webp?wsr","width":288,"height":46,"caption":"Valcucine"},"image":{"@id":"https:\/\/www.valcucine.com\/#\/schema\/logo\/image\/"},"sameAs":["https:\/\/www.facebook.com\/valcucine\/","https:\/\/www.instagram.com\/valcucine\/","https:\/\/www.linkedin.com\/company\/valcucine"]}]}},"_links":{"self":[{"href":"https:\/\/www.valcucine.com\/de\/wp-json\/wp\/v2\/pages\/21053","targetHints":{"allow":["GET"]}}],"collection":[{"href":"https:\/\/www.valcucine.com\/de\/wp-json\/wp\/v2\/pages"}],"about":[{"href":"https:\/\/www.valcucine.com\/de\/wp-json\/wp\/v2\/types\/page"}],"author":[{"embeddable":true,"href":"https:\/\/www.valcucine.com\/de\/wp-json\/wp\/v2\/users\/1"}],"replies":[{"embeddable":true,"href":"https:\/\/www.valcucine.com\/de\/wp-json\/wp\/v2\/comments?post=21053"}],"version-history":[{"count":13,"href":"https:\/\/www.valcucine.com\/de\/wp-json\/wp\/v2\/pages\/21053\/revisions"}],"predecessor-version":[{"id":21148,"href":"https:\/\/www.valcucine.com\/de\/wp-json\/wp\/v2\/pages\/21053\/revisions\/21148"}],"up":[{"embeddable":true,"href":"https:\/\/www.valcucine.com\/de\/wp-json\/wp\/v2\/pages\/20739"}],"wp:attachment":[{"href":"https:\/\/www.valcucine.com\/de\/wp-json\/wp\/v2\/media?parent=21053"}],"curies":[{"name":"wp","href":"https:\/\/api.w.org\/{rel}","templated":true}]}}