{"id":21073,"date":"2024-03-12T13:58:13","date_gmt":"2024-03-12T13:58:13","guid":{"rendered":"https:\/\/devel.valcucine.com\/kundendienst\/wartung\/laminato\/"},"modified":"2025-06-04T14:30:03","modified_gmt":"2025-06-04T14:30:03","slug":"laminat","status":"publish","type":"page","link":"https:\/\/www.valcucine.com\/de\/kundendienst\/wartung\/laminat\/","title":{"rendered":"Laminat"},"content":{"rendered":"<div class=\"wpb-content-wrapper\"><p>[vc_row][vc_column]\n        \n        <h1 class=\"text-start  main__title__h1  vc_custom_1724752328745 \" style=\"color:#333333;\"> \n\n         Laminat\n        \n        <\/h1>[\/vc_column][\/vc_row][vc_row][vc_column][vc_column_text]<strong>Laminat matt<br \/>\nLaminat matt geriffelt<br \/>\nLaminat Seideneffekt<br \/>\nLaminat Aluminium satiniert<br \/>\nLaminat Aluminium glatt und geriffelt<br \/>\nLaminat Touch<br \/>\nLaminat Natursteineffekt<\/strong>[\/vc_column_text][\/vc_column][\/vc_row][vc_row][vc_column][vc_single_image image=&#8220;3885&#8243; img_size=&#8220;50&#215;50&#8243;][\/vc_column][\/vc_row][vc_row][vc_column][vc_column_text]Benutzen Sie fu\u0308r die t\u00e4gliche Pflege Wasser und Neutralseife oder Allzweckreiniger.<\/p>\n<p>Nur im Falle von Kalkflecken k\u00f6nnen Sie zur Reinigung der Oberfl\u00e4che ein weiches Tuch mit Essig oder verdu\u0308nntem Kalkl\u00f6ser verwenden. Achten Sie jedoch auch hier darauf, die Fl\u00e4che umgehend gru\u0308ndlich abzuspu\u0308len und zu trocknen.<\/p>\n<p>Spu\u0308len Sie nach dem Auftragen eines beliebigen Reinigungsproduktes die Oberfl\u00e4che mit reichlich Wasser ab und trocknen Sie sie vollst\u00e4ndig mit einem sauberen und trockenen Tuch.[\/vc_column_text][\/vc_column][\/vc_row][vc_row][vc_column][vc_single_image image=&#8220;3891&#8243; img_size=&#8220;50&#215;50&#8243;][\/vc_column][\/vc_row][vc_row css=&#8220;.vc_custom_1710773327134{margin-bottom: 40px !important;}&#8220;][vc_column][vc_column_text]Reinigungsmittel auf der Basis starker S\u00e4uren (wie sie beispielsweise in aggressiven Fettl\u00f6sern zu finden sind) sowie pulverf\u00f6rmige oder scheuernde Produkt k\u00f6nnen den Glanz der Oberfl\u00e4chen beeintr\u00e4chtigen und die Fl\u00e4chen matt werden lassen.<\/p>\n<p>Vermeiden Sie den Einsatz von chemischen Substanzen wie Alkohol, Produkten auf der Basis von Aceton sowie Nagellackentferner, da diese die Oberfl\u00e4che irreparabel besch\u00e4digen k\u00f6nnen.<\/p>\n<p>Stellen Sie hei\u00dfe Pfannen oder T\u00f6pfe nie direkt auf die Oberfl\u00e4chen.<\/p>\n<p>Schneiden Sie nicht direkt auf den Oberfl\u00e4chen.[\/vc_column_text][\/vc_column][\/vc_row]<\/p>\n<\/div>","protected":false},"excerpt":{"rendered":"<p>[vc_row][vc_column][\/vc_column][\/vc_row][vc_row][vc_column][vc_column_text]Laminat matt Laminat matt geriffelt Laminat Seideneffekt Laminat Aluminium satiniert Laminat Aluminium glatt und geriffelt Laminat Touch Laminat Natursteineffekt[\/vc_column_text][\/vc_column][\/vc_row][vc_row][vc_column][vc_single_image image=&#8220;3885&#8243; img_size=&#8220;50&#215;50&#8243;][\/vc_column][\/vc_row][vc_row][vc_column][vc_column_text]Benutzen Sie fu\u0308r die t\u00e4gliche Pflege Wasser und Neutralseife oder Allzweckreiniger. Nur im Falle von Kalkflecken k\u00f6nnen Sie zur Reinigung der Oberfl\u00e4che ein weiches Tuch mit Essig oder verdu\u0308nntem Kalkl\u00f6ser verwenden. Achten Sie jedoch auch [&hellip;]<\/p>\n","protected":false},"author":1,"featured_media":0,"parent":21021,"menu_order":0,"comment_status":"closed","ping_status":"closed","template":"page-maintenancetemplate.php","meta":{"footnotes":""},"class_list":["post-21073","page","type-page","status-publish","hentry"],"yoast_head":"<!-- This site is optimized with the Yoast SEO plugin v26.2 - https:\/\/yoast.com\/wordpress\/plugins\/seo\/ -->\n<title>Laminat - Valcucine<\/title>\n<meta name=\"robots\" content=\"index, follow, max-snippet:-1, max-image-preview:large, max-video-preview:-1\" \/>\n<link rel=\"canonical\" href=\"https:\/\/www.valcucine.com\/de\/kundendienst\/wartung\/laminat\/\" \/>\n<meta property=\"og:locale\" content=\"de_DE\" \/>\n<meta property=\"og:type\" content=\"article\" \/>\n<meta property=\"og:title\" content=\"Laminat - Valcucine\" \/>\n<meta property=\"og:description\" content=\"[vc_row][vc_column][\/vc_column][\/vc_row][vc_row][vc_column][vc_column_text]Laminat matt Laminat matt geriffelt Laminat Seideneffekt Laminat Aluminium satiniert Laminat Aluminium glatt und geriffelt Laminat Touch Laminat Natursteineffekt[\/vc_column_text][\/vc_column][\/vc_row][vc_row][vc_column][vc_single_image image=&#8220;3885&#8243; img_size=&#8220;50&#215;50&#8243;][\/vc_column][\/vc_row][vc_row][vc_column][vc_column_text]Benutzen Sie fu\u0308r die t\u00e4gliche Pflege Wasser und Neutralseife oder Allzweckreiniger. Nur im Falle von Kalkflecken k\u00f6nnen Sie zur Reinigung der Oberfl\u00e4che ein weiches Tuch mit Essig oder verdu\u0308nntem Kalkl\u00f6ser verwenden. Achten Sie jedoch auch [&hellip;]\" \/>\n<meta property=\"og:url\" content=\"https:\/\/www.valcucine.com\/de\/kundendienst\/wartung\/laminat\/\" \/>\n<meta property=\"og:site_name\" content=\"Valcucine\" \/>\n<meta property=\"article:publisher\" content=\"https:\/\/www.facebook.com\/valcucine\/\" \/>\n<meta property=\"article:modified_time\" content=\"2025-06-04T14:30:03+00:00\" \/>\n<meta name=\"twitter:card\" content=\"summary_large_image\" \/>\n<meta name=\"twitter:label1\" content=\"Gesch\u00e4tzte Lesezeit\" \/>\n\t<meta name=\"twitter:data1\" content=\"1\u00a0Minute\" \/>\n<script type=\"application\/ld+json\" class=\"yoast-schema-graph\">{\"@context\":\"https:\/\/schema.org\",\"@graph\":[{\"@type\":\"WebPage\",\"@id\":\"https:\/\/www.valcucine.com\/de\/kundendienst\/wartung\/laminat\/\",\"url\":\"https:\/\/www.valcucine.com\/de\/kundendienst\/wartung\/laminat\/\",\"name\":\"Laminat - Valcucine\",\"isPartOf\":{\"@id\":\"https:\/\/www.valcucine.com\/#website\"},\"datePublished\":\"2024-03-12T13:58:13+00:00\",\"dateModified\":\"2025-06-04T14:30:03+00:00\",\"breadcrumb\":{\"@id\":\"https:\/\/www.valcucine.com\/de\/kundendienst\/wartung\/laminat\/#breadcrumb\"},\"inLanguage\":\"de\",\"potentialAction\":[{\"@type\":\"ReadAction\",\"target\":[\"https:\/\/www.valcucine.com\/de\/kundendienst\/wartung\/laminat\/\"]}]},{\"@type\":\"BreadcrumbList\",\"@id\":\"https:\/\/www.valcucine.com\/de\/kundendienst\/wartung\/laminat\/#breadcrumb\",\"itemListElement\":[{\"@type\":\"ListItem\",\"position\":1,\"name\":\"Valcucine\",\"item\":\"https:\/\/www.valcucine.com\/de\/\"},{\"@type\":\"ListItem\",\"position\":2,\"name\":\"Kundendienst\",\"item\":\"https:\/\/www.valcucine.com\/de\/kundendienst\/\"},{\"@type\":\"ListItem\",\"position\":3,\"name\":\"Pflege\",\"item\":\"https:\/\/www.valcucine.com\/de\/kundendienst\/wartung\/\"},{\"@type\":\"ListItem\",\"position\":4,\"name\":\"Laminat\"}]},{\"@type\":\"WebSite\",\"@id\":\"https:\/\/www.valcucine.com\/#website\",\"url\":\"https:\/\/www.valcucine.com\/\",\"name\":\"Valcucine\",\"description\":\"\",\"publisher\":{\"@id\":\"https:\/\/www.valcucine.com\/#organization\"},\"potentialAction\":[{\"@type\":\"SearchAction\",\"target\":{\"@type\":\"EntryPoint\",\"urlTemplate\":\"https:\/\/www.valcucine.com\/?s={search_term_string}\"},\"query-input\":{\"@type\":\"PropertyValueSpecification\",\"valueRequired\":true,\"valueName\":\"search_term_string\"}}],\"inLanguage\":\"de\"},{\"@type\":\"Organization\",\"@id\":\"https:\/\/www.valcucine.com\/#organization\",\"name\":\"Valcucine\",\"url\":\"https:\/\/www.valcucine.com\/\",\"logo\":{\"@type\":\"ImageObject\",\"inLanguage\":\"de\",\"@id\":\"https:\/\/www.valcucine.com\/#\/schema\/logo\/image\/\",\"url\":\"https:\/\/www.valcucine.com\/wp-content\/uploads\/2024\/02\/logo-valcucine.webp?wsr\",\"contentUrl\":\"https:\/\/www.valcucine.com\/wp-content\/uploads\/2024\/02\/logo-valcucine.webp?wsr\",\"width\":288,\"height\":46,\"caption\":\"Valcucine\"},\"image\":{\"@id\":\"https:\/\/www.valcucine.com\/#\/schema\/logo\/image\/\"},\"sameAs\":[\"https:\/\/www.facebook.com\/valcucine\/\",\"https:\/\/www.instagram.com\/valcucine\/\",\"https:\/\/www.linkedin.com\/company\/valcucine\"]}]}<\/script>\n<!-- \/ Yoast SEO plugin. -->","yoast_head_json":{"title":"Laminat - Valcucine","robots":{"index":"index","follow":"follow","max-snippet":"max-snippet:-1","max-image-preview":"max-image-preview:large","max-video-preview":"max-video-preview:-1"},"canonical":"https:\/\/www.valcucine.com\/de\/kundendienst\/wartung\/laminat\/","og_locale":"de_DE","og_type":"article","og_title":"Laminat - Valcucine","og_description":"[vc_row][vc_column][\/vc_column][\/vc_row][vc_row][vc_column][vc_column_text]Laminat matt Laminat matt geriffelt Laminat Seideneffekt Laminat Aluminium satiniert Laminat Aluminium glatt und geriffelt Laminat Touch Laminat Natursteineffekt[\/vc_column_text][\/vc_column][\/vc_row][vc_row][vc_column][vc_single_image image=&#8220;3885&#8243; img_size=&#8220;50&#215;50&#8243;][\/vc_column][\/vc_row][vc_row][vc_column][vc_column_text]Benutzen Sie fu\u0308r die t\u00e4gliche Pflege Wasser und Neutralseife oder Allzweckreiniger. Nur im Falle von Kalkflecken k\u00f6nnen Sie zur Reinigung der Oberfl\u00e4che ein weiches Tuch mit Essig oder verdu\u0308nntem Kalkl\u00f6ser verwenden. Achten Sie jedoch auch [&hellip;]","og_url":"https:\/\/www.valcucine.com\/de\/kundendienst\/wartung\/laminat\/","og_site_name":"Valcucine","article_publisher":"https:\/\/www.facebook.com\/valcucine\/","article_modified_time":"2025-06-04T14:30:03+00:00","twitter_card":"summary_large_image","twitter_misc":{"Gesch\u00e4tzte Lesezeit":"1\u00a0Minute"},"schema":{"@context":"https:\/\/schema.org","@graph":[{"@type":"WebPage","@id":"https:\/\/www.valcucine.com\/de\/kundendienst\/wartung\/laminat\/","url":"https:\/\/www.valcucine.com\/de\/kundendienst\/wartung\/laminat\/","name":"Laminat - Valcucine","isPartOf":{"@id":"https:\/\/www.valcucine.com\/#website"},"datePublished":"2024-03-12T13:58:13+00:00","dateModified":"2025-06-04T14:30:03+00:00","breadcrumb":{"@id":"https:\/\/www.valcucine.com\/de\/kundendienst\/wartung\/laminat\/#breadcrumb"},"inLanguage":"de","potentialAction":[{"@type":"ReadAction","target":["https:\/\/www.valcucine.com\/de\/kundendienst\/wartung\/laminat\/"]}]},{"@type":"BreadcrumbList","@id":"https:\/\/www.valcucine.com\/de\/kundendienst\/wartung\/laminat\/#breadcrumb","itemListElement":[{"@type":"ListItem","position":1,"name":"Valcucine","item":"https:\/\/www.valcucine.com\/de\/"},{"@type":"ListItem","position":2,"name":"Kundendienst","item":"https:\/\/www.valcucine.com\/de\/kundendienst\/"},{"@type":"ListItem","position":3,"name":"Pflege","item":"https:\/\/www.valcucine.com\/de\/kundendienst\/wartung\/"},{"@type":"ListItem","position":4,"name":"Laminat"}]},{"@type":"WebSite","@id":"https:\/\/www.valcucine.com\/#website","url":"https:\/\/www.valcucine.com\/","name":"Valcucine","description":"","publisher":{"@id":"https:\/\/www.valcucine.com\/#organization"},"potentialAction":[{"@type":"SearchAction","target":{"@type":"EntryPoint","urlTemplate":"https:\/\/www.valcucine.com\/?s={search_term_string}"},"query-input":{"@type":"PropertyValueSpecification","valueRequired":true,"valueName":"search_term_string"}}],"inLanguage":"de"},{"@type":"Organization","@id":"https:\/\/www.valcucine.com\/#organization","name":"Valcucine","url":"https:\/\/www.valcucine.com\/","logo":{"@type":"ImageObject","inLanguage":"de","@id":"https:\/\/www.valcucine.com\/#\/schema\/logo\/image\/","url":"https:\/\/www.valcucine.com\/wp-content\/uploads\/2024\/02\/logo-valcucine.webp?wsr","contentUrl":"https:\/\/www.valcucine.com\/wp-content\/uploads\/2024\/02\/logo-valcucine.webp?wsr","width":288,"height":46,"caption":"Valcucine"},"image":{"@id":"https:\/\/www.valcucine.com\/#\/schema\/logo\/image\/"},"sameAs":["https:\/\/www.facebook.com\/valcucine\/","https:\/\/www.instagram.com\/valcucine\/","https:\/\/www.linkedin.com\/company\/valcucine"]}]}},"_links":{"self":[{"href":"https:\/\/www.valcucine.com\/de\/wp-json\/wp\/v2\/pages\/21073","targetHints":{"allow":["GET"]}}],"collection":[{"href":"https:\/\/www.valcucine.com\/de\/wp-json\/wp\/v2\/pages"}],"about":[{"href":"https:\/\/www.valcucine.com\/de\/wp-json\/wp\/v2\/types\/page"}],"author":[{"embeddable":true,"href":"https:\/\/www.valcucine.com\/de\/wp-json\/wp\/v2\/users\/1"}],"replies":[{"embeddable":true,"href":"https:\/\/www.valcucine.com\/de\/wp-json\/wp\/v2\/comments?post=21073"}],"version-history":[{"count":1,"href":"https:\/\/www.valcucine.com\/de\/wp-json\/wp\/v2\/pages\/21073\/revisions"}],"predecessor-version":[{"id":21075,"href":"https:\/\/www.valcucine.com\/de\/wp-json\/wp\/v2\/pages\/21073\/revisions\/21075"}],"up":[{"embeddable":true,"href":"https:\/\/www.valcucine.com\/de\/wp-json\/wp\/v2\/pages\/21021"}],"wp:attachment":[{"href":"https:\/\/www.valcucine.com\/de\/wp-json\/wp\/v2\/media?parent=21073"}],"curies":[{"name":"wp","href":"https:\/\/api.w.org\/{rel}","templated":true}]}}