{"id":21087,"date":"2024-03-12T13:58:23","date_gmt":"2024-03-12T13:58:23","guid":{"rendered":"https:\/\/devel.valcucine.com\/kundendienst\/wartung\/marmo\/"},"modified":"2025-06-18T09:23:50","modified_gmt":"2025-06-18T09:23:50","slug":"marmor","status":"publish","type":"page","link":"https:\/\/www.valcucine.com\/de\/kundendienst\/wartung\/marmor\/","title":{"rendered":"Marmor"},"content":{"rendered":"<div class=\"wpb-content-wrapper\"><p>[vc_row][vc_column]\n        \n        <h1 class=\"text-start  main__title__h1  vc_custom_1724752716255 \" style=\"color:#333333;\"> \n\n         marmor\n        \n        <\/h1>[\/vc_column][\/vc_row][vc_row][vc_column][vc_column_text]<strong>Karnisches Grau<br \/>\nAntalya-Grau<br \/>\nCarrara Marmor<\/strong>[\/vc_column_text][\/vc_column][\/vc_row][vc_row][vc_column][vc_single_image image=&#8220;3885&#8243; img_size=&#8220;50&#215;50&#8243;][\/vc_column][\/vc_row][vc_row][vc_column][vc_column_text]Fu\u0308r die t\u00e4gliche Pflege genu\u0308gen Neutralreiniger und Wasser. Achten Sie jedoch darauf, den Reiniger gut auf der Oberfl\u00e4che zu verteilen und die Oberfl\u00e4che gru\u0308ndlich abzuspu\u0308len sowie sofort abzutrocknen.<\/p>\n<p>Damit die Arbeitsplatte ihr Aussehen beibeh\u00e4lt, sollten Sie generell darauf achten, ausschlie\u00dflich weiche, nicht scheuernde Schw\u00e4mme und Tu\u0308cher zu verwenden.<\/p>\n<p>In jedem Fall empfehlen wir, eventuelle Flecke so schnell wie m\u00f6glich zu entfernen.[\/vc_column_text][\/vc_column][\/vc_row][vc_row][vc_column][vc_single_image image=&#8220;3891&#8243; img_size=&#8220;50&#215;50&#8243;][\/vc_column][\/vc_row][vc_row css=&#8220;.vc_custom_1710773327134{margin-bottom: 40px !important;}&#8220;][vc_column][vc_column_text]Vermeiden Sie den Kontakt mit besonders farbintensiven oder s\u00e4urehaltigen Substanzen wie Wein, Zitrone, Essig, Tomaten, Tinte oder Kaffee, da diese nicht mehr entfernbare Flecken auf der Oberfl\u00e4che verursachen k\u00f6nnen.<\/p>\n<p>Benutzen Sie keine Anti-Kalk-Produkte.<\/p>\n<p>Verwenden Sie ebenso keinesfalls Metallschw\u00e4mme, scheuernde Substanzen oder Reiniger in Pulverform, welche die Oberfl\u00e4che zerkratzen k\u00f6nnten.[\/vc_column_text][\/vc_column][\/vc_row][vc_row][vc_column][vc_separator][\/vc_column][\/vc_row][vc_row][vc_column][vc_column_text]Natursteine weisen von Natur aus unterschiedliche technische Eigenschaften auf und k\u00f6nnen Substanzen, mit denen sie in Kontakt kommen, unterschiedlich aufnehmen, was sie anf\u00e4llig f\u00fcr Flecken macht. Da sie leicht absorbierend sein k\u00f6nnen, tr\u00e4gt Valcucine auf allen Natursteinoberfl\u00e4chen eine spezielle wasser- und \u00f6labweisende Behandlung auf, die ihre Fleckenbest\u00e4ndigkeit erh\u00f6ht. Um die Wirksamkeit dieser Behandlung zu erhalten, wird empfohlen, mindestens einmal im Jahr ein transparentes, speziell f\u00fcr Naturstein entwickeltes Schutzmittel aufzutragen, das bei unseren autorisierten H\u00e4ndlern erh\u00e4ltlich ist. F\u00fcr jede Art von Naturstein laden wir Sie ein, unsere\u00a0<a href=\"https:\/\/www.valcucine.com\/de\/kundendienst\/wartung\/\">Leitlinien fu\u0308r die Pflege und Reinigung der Oberfl\u00e4chen<\/a>\u00a0zu konsultieren.[\/vc_column_text][\/vc_column][\/vc_row]<\/p>\n<\/div>","protected":false},"excerpt":{"rendered":"<p>[vc_row][vc_column][\/vc_column][\/vc_row][vc_row][vc_column][vc_column_text]Karnisches Grau Antalya-Grau Carrara Marmor[\/vc_column_text][\/vc_column][\/vc_row][vc_row][vc_column][vc_single_image image=&#8220;3885&#8243; img_size=&#8220;50&#215;50&#8243;][\/vc_column][\/vc_row][vc_row][vc_column][vc_column_text]Fu\u0308r die t\u00e4gliche Pflege genu\u0308gen Neutralreiniger und Wasser. Achten Sie jedoch darauf, den Reiniger gut auf der Oberfl\u00e4che zu verteilen und die Oberfl\u00e4che gru\u0308ndlich abzuspu\u0308len sowie sofort abzutrocknen. Damit die Arbeitsplatte ihr Aussehen beibeh\u00e4lt, sollten Sie generell darauf achten, ausschlie\u00dflich weiche, nicht scheuernde Schw\u00e4mme und Tu\u0308cher zu verwenden. In [&hellip;]<\/p>\n","protected":false},"author":1,"featured_media":0,"parent":21021,"menu_order":0,"comment_status":"closed","ping_status":"closed","template":"page-maintenancetemplate.php","meta":{"footnotes":""},"class_list":["post-21087","page","type-page","status-publish","hentry"],"yoast_head":"<!-- This site is optimized with the Yoast SEO plugin v26.2 - https:\/\/yoast.com\/wordpress\/plugins\/seo\/ -->\n<title>Marmor - Valcucine<\/title>\n<meta name=\"robots\" content=\"index, follow, max-snippet:-1, max-image-preview:large, max-video-preview:-1\" \/>\n<link rel=\"canonical\" href=\"https:\/\/www.valcucine.com\/de\/kundendienst\/wartung\/marmor\/\" \/>\n<meta property=\"og:locale\" content=\"de_DE\" \/>\n<meta property=\"og:type\" content=\"article\" \/>\n<meta property=\"og:title\" content=\"Marmor - Valcucine\" \/>\n<meta property=\"og:description\" content=\"[vc_row][vc_column][\/vc_column][\/vc_row][vc_row][vc_column][vc_column_text]Karnisches Grau Antalya-Grau Carrara Marmor[\/vc_column_text][\/vc_column][\/vc_row][vc_row][vc_column][vc_single_image image=&#8220;3885&#8243; img_size=&#8220;50&#215;50&#8243;][\/vc_column][\/vc_row][vc_row][vc_column][vc_column_text]Fu\u0308r die t\u00e4gliche Pflege genu\u0308gen Neutralreiniger und Wasser. Achten Sie jedoch darauf, den Reiniger gut auf der Oberfl\u00e4che zu verteilen und die Oberfl\u00e4che gru\u0308ndlich abzuspu\u0308len sowie sofort abzutrocknen. Damit die Arbeitsplatte ihr Aussehen beibeh\u00e4lt, sollten Sie generell darauf achten, ausschlie\u00dflich weiche, nicht scheuernde Schw\u00e4mme und Tu\u0308cher zu verwenden. In [&hellip;]\" \/>\n<meta property=\"og:url\" content=\"https:\/\/www.valcucine.com\/de\/kundendienst\/wartung\/marmor\/\" \/>\n<meta property=\"og:site_name\" content=\"Valcucine\" \/>\n<meta property=\"article:publisher\" content=\"https:\/\/www.facebook.com\/valcucine\/\" \/>\n<meta property=\"article:modified_time\" content=\"2025-06-18T09:23:50+00:00\" \/>\n<meta name=\"twitter:card\" content=\"summary_large_image\" \/>\n<meta name=\"twitter:label1\" content=\"Gesch\u00e4tzte Lesezeit\" \/>\n\t<meta name=\"twitter:data1\" content=\"2\u00a0Minuten\" \/>\n<script type=\"application\/ld+json\" class=\"yoast-schema-graph\">{\"@context\":\"https:\/\/schema.org\",\"@graph\":[{\"@type\":\"WebPage\",\"@id\":\"https:\/\/www.valcucine.com\/de\/kundendienst\/wartung\/marmor\/\",\"url\":\"https:\/\/www.valcucine.com\/de\/kundendienst\/wartung\/marmor\/\",\"name\":\"Marmor - Valcucine\",\"isPartOf\":{\"@id\":\"https:\/\/www.valcucine.com\/#website\"},\"datePublished\":\"2024-03-12T13:58:23+00:00\",\"dateModified\":\"2025-06-18T09:23:50+00:00\",\"breadcrumb\":{\"@id\":\"https:\/\/www.valcucine.com\/de\/kundendienst\/wartung\/marmor\/#breadcrumb\"},\"inLanguage\":\"de\",\"potentialAction\":[{\"@type\":\"ReadAction\",\"target\":[\"https:\/\/www.valcucine.com\/de\/kundendienst\/wartung\/marmor\/\"]}]},{\"@type\":\"BreadcrumbList\",\"@id\":\"https:\/\/www.valcucine.com\/de\/kundendienst\/wartung\/marmor\/#breadcrumb\",\"itemListElement\":[{\"@type\":\"ListItem\",\"position\":1,\"name\":\"Valcucine\",\"item\":\"https:\/\/www.valcucine.com\/de\/\"},{\"@type\":\"ListItem\",\"position\":2,\"name\":\"Kundendienst\",\"item\":\"https:\/\/www.valcucine.com\/de\/kundendienst\/\"},{\"@type\":\"ListItem\",\"position\":3,\"name\":\"Pflege\",\"item\":\"https:\/\/www.valcucine.com\/de\/kundendienst\/wartung\/\"},{\"@type\":\"ListItem\",\"position\":4,\"name\":\"Marmor\"}]},{\"@type\":\"WebSite\",\"@id\":\"https:\/\/www.valcucine.com\/#website\",\"url\":\"https:\/\/www.valcucine.com\/\",\"name\":\"Valcucine\",\"description\":\"\",\"publisher\":{\"@id\":\"https:\/\/www.valcucine.com\/#organization\"},\"potentialAction\":[{\"@type\":\"SearchAction\",\"target\":{\"@type\":\"EntryPoint\",\"urlTemplate\":\"https:\/\/www.valcucine.com\/?s={search_term_string}\"},\"query-input\":{\"@type\":\"PropertyValueSpecification\",\"valueRequired\":true,\"valueName\":\"search_term_string\"}}],\"inLanguage\":\"de\"},{\"@type\":\"Organization\",\"@id\":\"https:\/\/www.valcucine.com\/#organization\",\"name\":\"Valcucine\",\"url\":\"https:\/\/www.valcucine.com\/\",\"logo\":{\"@type\":\"ImageObject\",\"inLanguage\":\"de\",\"@id\":\"https:\/\/www.valcucine.com\/#\/schema\/logo\/image\/\",\"url\":\"https:\/\/www.valcucine.com\/wp-content\/uploads\/2024\/02\/logo-valcucine.webp?wsr\",\"contentUrl\":\"https:\/\/www.valcucine.com\/wp-content\/uploads\/2024\/02\/logo-valcucine.webp?wsr\",\"width\":288,\"height\":46,\"caption\":\"Valcucine\"},\"image\":{\"@id\":\"https:\/\/www.valcucine.com\/#\/schema\/logo\/image\/\"},\"sameAs\":[\"https:\/\/www.facebook.com\/valcucine\/\",\"https:\/\/www.instagram.com\/valcucine\/\",\"https:\/\/www.linkedin.com\/company\/valcucine\"]}]}<\/script>\n<!-- \/ Yoast SEO plugin. -->","yoast_head_json":{"title":"Marmor - Valcucine","robots":{"index":"index","follow":"follow","max-snippet":"max-snippet:-1","max-image-preview":"max-image-preview:large","max-video-preview":"max-video-preview:-1"},"canonical":"https:\/\/www.valcucine.com\/de\/kundendienst\/wartung\/marmor\/","og_locale":"de_DE","og_type":"article","og_title":"Marmor - Valcucine","og_description":"[vc_row][vc_column][\/vc_column][\/vc_row][vc_row][vc_column][vc_column_text]Karnisches Grau Antalya-Grau Carrara Marmor[\/vc_column_text][\/vc_column][\/vc_row][vc_row][vc_column][vc_single_image image=&#8220;3885&#8243; img_size=&#8220;50&#215;50&#8243;][\/vc_column][\/vc_row][vc_row][vc_column][vc_column_text]Fu\u0308r die t\u00e4gliche Pflege genu\u0308gen Neutralreiniger und Wasser. Achten Sie jedoch darauf, den Reiniger gut auf der Oberfl\u00e4che zu verteilen und die Oberfl\u00e4che gru\u0308ndlich abzuspu\u0308len sowie sofort abzutrocknen. Damit die Arbeitsplatte ihr Aussehen beibeh\u00e4lt, sollten Sie generell darauf achten, ausschlie\u00dflich weiche, nicht scheuernde Schw\u00e4mme und Tu\u0308cher zu verwenden. In [&hellip;]","og_url":"https:\/\/www.valcucine.com\/de\/kundendienst\/wartung\/marmor\/","og_site_name":"Valcucine","article_publisher":"https:\/\/www.facebook.com\/valcucine\/","article_modified_time":"2025-06-18T09:23:50+00:00","twitter_card":"summary_large_image","twitter_misc":{"Gesch\u00e4tzte Lesezeit":"2\u00a0Minuten"},"schema":{"@context":"https:\/\/schema.org","@graph":[{"@type":"WebPage","@id":"https:\/\/www.valcucine.com\/de\/kundendienst\/wartung\/marmor\/","url":"https:\/\/www.valcucine.com\/de\/kundendienst\/wartung\/marmor\/","name":"Marmor - Valcucine","isPartOf":{"@id":"https:\/\/www.valcucine.com\/#website"},"datePublished":"2024-03-12T13:58:23+00:00","dateModified":"2025-06-18T09:23:50+00:00","breadcrumb":{"@id":"https:\/\/www.valcucine.com\/de\/kundendienst\/wartung\/marmor\/#breadcrumb"},"inLanguage":"de","potentialAction":[{"@type":"ReadAction","target":["https:\/\/www.valcucine.com\/de\/kundendienst\/wartung\/marmor\/"]}]},{"@type":"BreadcrumbList","@id":"https:\/\/www.valcucine.com\/de\/kundendienst\/wartung\/marmor\/#breadcrumb","itemListElement":[{"@type":"ListItem","position":1,"name":"Valcucine","item":"https:\/\/www.valcucine.com\/de\/"},{"@type":"ListItem","position":2,"name":"Kundendienst","item":"https:\/\/www.valcucine.com\/de\/kundendienst\/"},{"@type":"ListItem","position":3,"name":"Pflege","item":"https:\/\/www.valcucine.com\/de\/kundendienst\/wartung\/"},{"@type":"ListItem","position":4,"name":"Marmor"}]},{"@type":"WebSite","@id":"https:\/\/www.valcucine.com\/#website","url":"https:\/\/www.valcucine.com\/","name":"Valcucine","description":"","publisher":{"@id":"https:\/\/www.valcucine.com\/#organization"},"potentialAction":[{"@type":"SearchAction","target":{"@type":"EntryPoint","urlTemplate":"https:\/\/www.valcucine.com\/?s={search_term_string}"},"query-input":{"@type":"PropertyValueSpecification","valueRequired":true,"valueName":"search_term_string"}}],"inLanguage":"de"},{"@type":"Organization","@id":"https:\/\/www.valcucine.com\/#organization","name":"Valcucine","url":"https:\/\/www.valcucine.com\/","logo":{"@type":"ImageObject","inLanguage":"de","@id":"https:\/\/www.valcucine.com\/#\/schema\/logo\/image\/","url":"https:\/\/www.valcucine.com\/wp-content\/uploads\/2024\/02\/logo-valcucine.webp?wsr","contentUrl":"https:\/\/www.valcucine.com\/wp-content\/uploads\/2024\/02\/logo-valcucine.webp?wsr","width":288,"height":46,"caption":"Valcucine"},"image":{"@id":"https:\/\/www.valcucine.com\/#\/schema\/logo\/image\/"},"sameAs":["https:\/\/www.facebook.com\/valcucine\/","https:\/\/www.instagram.com\/valcucine\/","https:\/\/www.linkedin.com\/company\/valcucine"]}]}},"_links":{"self":[{"href":"https:\/\/www.valcucine.com\/de\/wp-json\/wp\/v2\/pages\/21087","targetHints":{"allow":["GET"]}}],"collection":[{"href":"https:\/\/www.valcucine.com\/de\/wp-json\/wp\/v2\/pages"}],"about":[{"href":"https:\/\/www.valcucine.com\/de\/wp-json\/wp\/v2\/types\/page"}],"author":[{"embeddable":true,"href":"https:\/\/www.valcucine.com\/de\/wp-json\/wp\/v2\/users\/1"}],"replies":[{"embeddable":true,"href":"https:\/\/www.valcucine.com\/de\/wp-json\/wp\/v2\/comments?post=21087"}],"version-history":[{"count":3,"href":"https:\/\/www.valcucine.com\/de\/wp-json\/wp\/v2\/pages\/21087\/revisions"}],"predecessor-version":[{"id":46714,"href":"https:\/\/www.valcucine.com\/de\/wp-json\/wp\/v2\/pages\/21087\/revisions\/46714"}],"up":[{"embeddable":true,"href":"https:\/\/www.valcucine.com\/de\/wp-json\/wp\/v2\/pages\/21021"}],"wp:attachment":[{"href":"https:\/\/www.valcucine.com\/de\/wp-json\/wp\/v2\/media?parent=21087"}],"curies":[{"name":"wp","href":"https:\/\/api.w.org\/{rel}","templated":true}]}}