{"id":21096,"date":"2024-03-12T13:58:27","date_gmt":"2024-03-12T13:58:27","guid":{"rendered":"https:\/\/devel.valcucine.com\/kundendienst\/wartung\/metallo-pregiato\/"},"modified":"2025-06-04T14:45:22","modified_gmt":"2025-06-04T14:45:22","slug":"halbedelmetall","status":"publish","type":"page","link":"https:\/\/www.valcucine.com\/de\/kundendienst\/wartung\/halbedelmetall\/","title":{"rendered":"Halbedelmetall"},"content":{"rendered":"<div class=\"wpb-content-wrapper\"><p>[vc_row][vc_column]\n        \n        <h1 class=\"text-start  main__title__h1  vc_custom_1724753471631 \" style=\"color:#333333;\"> \n\n         Halbedelmetall\n        \n        <\/h1>[\/vc_column][\/vc_row][vc_row][vc_column][vc_column_text]<strong>Messing Natur<\/strong><br \/>\n<strong>Messing Antik<\/strong><br \/>\n<strong>Kupfer Natur<\/strong><br \/>\n<strong>Kupfer Antik<\/strong><br \/>\n<strong>Zink-Titan gebu\u0308rstet<\/strong>[\/vc_column_text][\/vc_column][\/vc_row][vc_row][vc_column][vc_single_image image=&#8220;3885&#8243; img_size=&#8220;50&#215;50&#8243;][\/vc_column][\/vc_row][vc_row][vc_column][vc_column_text]Die Oberfl\u00e4chen lassen sich mit einem Allzweck-Reiniger leicht und effizient reinigen.<br \/>\nSpu\u0308len Sie nach dem Auftragen eines beliebigen Reinigungsmittels die Oberfl\u00e4che mit reichlich Wasser ab und trocknen Sie sie vollst\u00e4ndig mit einem sauberen und trockenen Tuch.<br \/>\nGenerell sollten Sie immer darauf achten, ausschlie\u00dflich weiche, nicht scheuernde Schw\u00e4mme und Tu\u0308cher zu verwenden.[\/vc_column_text][\/vc_column][\/vc_row][vc_row][vc_column][vc_single_image image=&#8220;3891&#8243; img_size=&#8220;50&#215;50&#8243;][\/vc_column][\/vc_row][vc_row css=&#8220;.vc_custom_1710773327134{margin-bottom: 40px !important;}&#8220;][vc_column][vc_column_text]Benutzen Sie keinesfalls s\u00e4urehaltige Reinigungsmittel sowie keine Anti-Kalk-Produkte, da diese die Oberfl\u00e4che ver\u00e4ndern k\u00f6nnen.<\/p>\n<p>Vermeiden Sie vor allem den Einsatz von chemischen Substanzen wie Alkohol, Produkten auf der Basis von Aceton sowie Nagellackentferner, da diese die Oberfl\u00e4che irreparabel besch\u00e4digen k\u00f6nnen.<\/p>\n<p>Benutzen Sie ebenfalls keine Metallschw\u00e4mme, scheuernde Substanzen oder Reiniger in Pulverform, welche die Oberfl\u00e4che zerkratzen k\u00f6nnten.[\/vc_column_text][\/vc_column][\/vc_row]<\/p>\n<\/div>","protected":false},"excerpt":{"rendered":"<p>[vc_row][vc_column][\/vc_column][\/vc_row][vc_row][vc_column][vc_column_text]Messing Natur Messing Antik Kupfer Natur Kupfer Antik Zink-Titan gebu\u0308rstet[\/vc_column_text][\/vc_column][\/vc_row][vc_row][vc_column][vc_single_image image=&#8220;3885&#8243; img_size=&#8220;50&#215;50&#8243;][\/vc_column][\/vc_row][vc_row][vc_column][vc_column_text]Die Oberfl\u00e4chen lassen sich mit einem Allzweck-Reiniger leicht und effizient reinigen. Spu\u0308len Sie nach dem Auftragen eines beliebigen Reinigungsmittels die Oberfl\u00e4che mit reichlich Wasser ab und trocknen Sie sie vollst\u00e4ndig mit einem sauberen und trockenen Tuch. Generell sollten Sie immer darauf achten, ausschlie\u00dflich weiche, [&hellip;]<\/p>\n","protected":false},"author":1,"featured_media":0,"parent":21021,"menu_order":0,"comment_status":"closed","ping_status":"closed","template":"page-maintenancetemplate.php","meta":{"footnotes":""},"class_list":["post-21096","page","type-page","status-publish","hentry"],"yoast_head":"<!-- This site is optimized with the Yoast SEO plugin v26.2 - https:\/\/yoast.com\/wordpress\/plugins\/seo\/ -->\n<title>Halbedelmetall - Valcucine<\/title>\n<meta name=\"robots\" content=\"index, follow, max-snippet:-1, max-image-preview:large, max-video-preview:-1\" \/>\n<link rel=\"canonical\" href=\"https:\/\/www.valcucine.com\/de\/kundendienst\/wartung\/halbedelmetall\/\" \/>\n<meta property=\"og:locale\" content=\"de_DE\" \/>\n<meta property=\"og:type\" content=\"article\" \/>\n<meta property=\"og:title\" content=\"Halbedelmetall - Valcucine\" \/>\n<meta property=\"og:description\" content=\"[vc_row][vc_column][\/vc_column][\/vc_row][vc_row][vc_column][vc_column_text]Messing Natur Messing Antik Kupfer Natur Kupfer Antik Zink-Titan gebu\u0308rstet[\/vc_column_text][\/vc_column][\/vc_row][vc_row][vc_column][vc_single_image image=&#8220;3885&#8243; img_size=&#8220;50&#215;50&#8243;][\/vc_column][\/vc_row][vc_row][vc_column][vc_column_text]Die Oberfl\u00e4chen lassen sich mit einem Allzweck-Reiniger leicht und effizient reinigen. Spu\u0308len Sie nach dem Auftragen eines beliebigen Reinigungsmittels die Oberfl\u00e4che mit reichlich Wasser ab und trocknen Sie sie vollst\u00e4ndig mit einem sauberen und trockenen Tuch. Generell sollten Sie immer darauf achten, ausschlie\u00dflich weiche, [&hellip;]\" \/>\n<meta property=\"og:url\" content=\"https:\/\/www.valcucine.com\/de\/kundendienst\/wartung\/halbedelmetall\/\" \/>\n<meta property=\"og:site_name\" content=\"Valcucine\" \/>\n<meta property=\"article:publisher\" content=\"https:\/\/www.facebook.com\/valcucine\/\" \/>\n<meta property=\"article:modified_time\" content=\"2025-06-04T14:45:22+00:00\" \/>\n<meta name=\"twitter:card\" content=\"summary_large_image\" \/>\n<meta name=\"twitter:label1\" content=\"Gesch\u00e4tzte Lesezeit\" \/>\n\t<meta name=\"twitter:data1\" content=\"1\u00a0Minute\" \/>\n<script type=\"application\/ld+json\" class=\"yoast-schema-graph\">{\"@context\":\"https:\/\/schema.org\",\"@graph\":[{\"@type\":\"WebPage\",\"@id\":\"https:\/\/www.valcucine.com\/de\/kundendienst\/wartung\/halbedelmetall\/\",\"url\":\"https:\/\/www.valcucine.com\/de\/kundendienst\/wartung\/halbedelmetall\/\",\"name\":\"Halbedelmetall - Valcucine\",\"isPartOf\":{\"@id\":\"https:\/\/www.valcucine.com\/#website\"},\"datePublished\":\"2024-03-12T13:58:27+00:00\",\"dateModified\":\"2025-06-04T14:45:22+00:00\",\"breadcrumb\":{\"@id\":\"https:\/\/www.valcucine.com\/de\/kundendienst\/wartung\/halbedelmetall\/#breadcrumb\"},\"inLanguage\":\"de\",\"potentialAction\":[{\"@type\":\"ReadAction\",\"target\":[\"https:\/\/www.valcucine.com\/de\/kundendienst\/wartung\/halbedelmetall\/\"]}]},{\"@type\":\"BreadcrumbList\",\"@id\":\"https:\/\/www.valcucine.com\/de\/kundendienst\/wartung\/halbedelmetall\/#breadcrumb\",\"itemListElement\":[{\"@type\":\"ListItem\",\"position\":1,\"name\":\"Valcucine\",\"item\":\"https:\/\/www.valcucine.com\/de\/\"},{\"@type\":\"ListItem\",\"position\":2,\"name\":\"Kundendienst\",\"item\":\"https:\/\/www.valcucine.com\/de\/kundendienst\/\"},{\"@type\":\"ListItem\",\"position\":3,\"name\":\"Pflege\",\"item\":\"https:\/\/www.valcucine.com\/de\/kundendienst\/wartung\/\"},{\"@type\":\"ListItem\",\"position\":4,\"name\":\"Halbedelmetall\"}]},{\"@type\":\"WebSite\",\"@id\":\"https:\/\/www.valcucine.com\/#website\",\"url\":\"https:\/\/www.valcucine.com\/\",\"name\":\"Valcucine\",\"description\":\"\",\"publisher\":{\"@id\":\"https:\/\/www.valcucine.com\/#organization\"},\"potentialAction\":[{\"@type\":\"SearchAction\",\"target\":{\"@type\":\"EntryPoint\",\"urlTemplate\":\"https:\/\/www.valcucine.com\/?s={search_term_string}\"},\"query-input\":{\"@type\":\"PropertyValueSpecification\",\"valueRequired\":true,\"valueName\":\"search_term_string\"}}],\"inLanguage\":\"de\"},{\"@type\":\"Organization\",\"@id\":\"https:\/\/www.valcucine.com\/#organization\",\"name\":\"Valcucine\",\"url\":\"https:\/\/www.valcucine.com\/\",\"logo\":{\"@type\":\"ImageObject\",\"inLanguage\":\"de\",\"@id\":\"https:\/\/www.valcucine.com\/#\/schema\/logo\/image\/\",\"url\":\"https:\/\/www.valcucine.com\/wp-content\/uploads\/2024\/02\/logo-valcucine.webp?wsr\",\"contentUrl\":\"https:\/\/www.valcucine.com\/wp-content\/uploads\/2024\/02\/logo-valcucine.webp?wsr\",\"width\":288,\"height\":46,\"caption\":\"Valcucine\"},\"image\":{\"@id\":\"https:\/\/www.valcucine.com\/#\/schema\/logo\/image\/\"},\"sameAs\":[\"https:\/\/www.facebook.com\/valcucine\/\",\"https:\/\/www.instagram.com\/valcucine\/\",\"https:\/\/www.linkedin.com\/company\/valcucine\"]}]}<\/script>\n<!-- \/ Yoast SEO plugin. -->","yoast_head_json":{"title":"Halbedelmetall - Valcucine","robots":{"index":"index","follow":"follow","max-snippet":"max-snippet:-1","max-image-preview":"max-image-preview:large","max-video-preview":"max-video-preview:-1"},"canonical":"https:\/\/www.valcucine.com\/de\/kundendienst\/wartung\/halbedelmetall\/","og_locale":"de_DE","og_type":"article","og_title":"Halbedelmetall - Valcucine","og_description":"[vc_row][vc_column][\/vc_column][\/vc_row][vc_row][vc_column][vc_column_text]Messing Natur Messing Antik Kupfer Natur Kupfer Antik Zink-Titan gebu\u0308rstet[\/vc_column_text][\/vc_column][\/vc_row][vc_row][vc_column][vc_single_image image=&#8220;3885&#8243; img_size=&#8220;50&#215;50&#8243;][\/vc_column][\/vc_row][vc_row][vc_column][vc_column_text]Die Oberfl\u00e4chen lassen sich mit einem Allzweck-Reiniger leicht und effizient reinigen. Spu\u0308len Sie nach dem Auftragen eines beliebigen Reinigungsmittels die Oberfl\u00e4che mit reichlich Wasser ab und trocknen Sie sie vollst\u00e4ndig mit einem sauberen und trockenen Tuch. Generell sollten Sie immer darauf achten, ausschlie\u00dflich weiche, [&hellip;]","og_url":"https:\/\/www.valcucine.com\/de\/kundendienst\/wartung\/halbedelmetall\/","og_site_name":"Valcucine","article_publisher":"https:\/\/www.facebook.com\/valcucine\/","article_modified_time":"2025-06-04T14:45:22+00:00","twitter_card":"summary_large_image","twitter_misc":{"Gesch\u00e4tzte Lesezeit":"1\u00a0Minute"},"schema":{"@context":"https:\/\/schema.org","@graph":[{"@type":"WebPage","@id":"https:\/\/www.valcucine.com\/de\/kundendienst\/wartung\/halbedelmetall\/","url":"https:\/\/www.valcucine.com\/de\/kundendienst\/wartung\/halbedelmetall\/","name":"Halbedelmetall - Valcucine","isPartOf":{"@id":"https:\/\/www.valcucine.com\/#website"},"datePublished":"2024-03-12T13:58:27+00:00","dateModified":"2025-06-04T14:45:22+00:00","breadcrumb":{"@id":"https:\/\/www.valcucine.com\/de\/kundendienst\/wartung\/halbedelmetall\/#breadcrumb"},"inLanguage":"de","potentialAction":[{"@type":"ReadAction","target":["https:\/\/www.valcucine.com\/de\/kundendienst\/wartung\/halbedelmetall\/"]}]},{"@type":"BreadcrumbList","@id":"https:\/\/www.valcucine.com\/de\/kundendienst\/wartung\/halbedelmetall\/#breadcrumb","itemListElement":[{"@type":"ListItem","position":1,"name":"Valcucine","item":"https:\/\/www.valcucine.com\/de\/"},{"@type":"ListItem","position":2,"name":"Kundendienst","item":"https:\/\/www.valcucine.com\/de\/kundendienst\/"},{"@type":"ListItem","position":3,"name":"Pflege","item":"https:\/\/www.valcucine.com\/de\/kundendienst\/wartung\/"},{"@type":"ListItem","position":4,"name":"Halbedelmetall"}]},{"@type":"WebSite","@id":"https:\/\/www.valcucine.com\/#website","url":"https:\/\/www.valcucine.com\/","name":"Valcucine","description":"","publisher":{"@id":"https:\/\/www.valcucine.com\/#organization"},"potentialAction":[{"@type":"SearchAction","target":{"@type":"EntryPoint","urlTemplate":"https:\/\/www.valcucine.com\/?s={search_term_string}"},"query-input":{"@type":"PropertyValueSpecification","valueRequired":true,"valueName":"search_term_string"}}],"inLanguage":"de"},{"@type":"Organization","@id":"https:\/\/www.valcucine.com\/#organization","name":"Valcucine","url":"https:\/\/www.valcucine.com\/","logo":{"@type":"ImageObject","inLanguage":"de","@id":"https:\/\/www.valcucine.com\/#\/schema\/logo\/image\/","url":"https:\/\/www.valcucine.com\/wp-content\/uploads\/2024\/02\/logo-valcucine.webp?wsr","contentUrl":"https:\/\/www.valcucine.com\/wp-content\/uploads\/2024\/02\/logo-valcucine.webp?wsr","width":288,"height":46,"caption":"Valcucine"},"image":{"@id":"https:\/\/www.valcucine.com\/#\/schema\/logo\/image\/"},"sameAs":["https:\/\/www.facebook.com\/valcucine\/","https:\/\/www.instagram.com\/valcucine\/","https:\/\/www.linkedin.com\/company\/valcucine"]}]}},"_links":{"self":[{"href":"https:\/\/www.valcucine.com\/de\/wp-json\/wp\/v2\/pages\/21096","targetHints":{"allow":["GET"]}}],"collection":[{"href":"https:\/\/www.valcucine.com\/de\/wp-json\/wp\/v2\/pages"}],"about":[{"href":"https:\/\/www.valcucine.com\/de\/wp-json\/wp\/v2\/types\/page"}],"author":[{"embeddable":true,"href":"https:\/\/www.valcucine.com\/de\/wp-json\/wp\/v2\/users\/1"}],"replies":[{"embeddable":true,"href":"https:\/\/www.valcucine.com\/de\/wp-json\/wp\/v2\/comments?post=21096"}],"version-history":[{"count":2,"href":"https:\/\/www.valcucine.com\/de\/wp-json\/wp\/v2\/pages\/21096\/revisions"}],"predecessor-version":[{"id":21099,"href":"https:\/\/www.valcucine.com\/de\/wp-json\/wp\/v2\/pages\/21096\/revisions\/21099"}],"up":[{"embeddable":true,"href":"https:\/\/www.valcucine.com\/de\/wp-json\/wp\/v2\/pages\/21021"}],"wp:attachment":[{"href":"https:\/\/www.valcucine.com\/de\/wp-json\/wp\/v2\/media?parent=21096"}],"curies":[{"name":"wp","href":"https:\/\/api.w.org\/{rel}","templated":true}]}}