{"id":21129,"date":"2024-03-19T09:24:36","date_gmt":"2024-03-19T09:24:36","guid":{"rendered":"https:\/\/devel.valcucine.com\/kundendienst\/wartung\/profili-elementi-alluminio-cucina\/"},"modified":"2025-06-04T14:55:51","modified_gmt":"2025-06-04T14:55:51","slug":"dunstabzugshaube","status":"publish","type":"page","link":"https:\/\/www.valcucine.com\/de\/kundendienst\/wartung\/dunstabzugshaube\/","title":{"rendered":"Hauben Wartung"},"content":{"rendered":"<div class=\"wpb-content-wrapper\"><p>[vc_row][vc_column]\n        \n        <h1 class=\"text-start  main__title__h1  vc_custom_1724759326094 \" style=\"color:#333333;\"> \n\n         Hauben Wartung\n        \n        <\/h1>[\/vc_column][\/vc_row][vc_row][vc_column][vc_column_text]<\/p>\n<h4>PROFILE UND ANDERE ALUMINIUMELEMENTE<\/h4>\n<p><b><strong>Was Sie tun sollten<\/strong><\/b><\/p>\n<p>Verwenden Sie zur Reinigung von Aluminiumelementen Wasser und neutrale Reinigungsmittel.<\/p>\n<p><b><strong>Was Sie NICHT tun sollten<\/strong><\/b><\/p>\n<p>Verwenden Sie keine Scheuerpulver oder -produkte, da diese die Oberfl\u00e4chen verkratzen.<\/p>\n<p>Verwenden Sie keine Stahlwolle oder Metallschw\u00e4mme.<\/p>\n<p>ACHTUNG: Reinigen Sie Aluminiumprofile nicht mit Bleichmitteln oder bleichmittelhaltigen Produkten (Natriumhypochlorit), da diese die anodische Oberfl\u00e4chenbeschichtung des Elements angreifen und verf\u00e4rben k\u00f6nnen.[\/vc_column_text][\/vc_column][\/vc_row]<\/p>\n<\/div>","protected":false},"excerpt":{"rendered":"<p>[vc_row][vc_column][\/vc_column][\/vc_row][vc_row][vc_column][vc_column_text] PROFILE UND ANDERE ALUMINIUMELEMENTE Was Sie tun sollten Verwenden Sie zur Reinigung von Aluminiumelementen Wasser und neutrale Reinigungsmittel. Was Sie NICHT tun sollten Verwenden Sie keine Scheuerpulver oder -produkte, da diese die Oberfl\u00e4chen verkratzen. Verwenden Sie keine Stahlwolle oder Metallschw\u00e4mme. ACHTUNG: Reinigen Sie Aluminiumprofile nicht mit Bleichmitteln oder bleichmittelhaltigen Produkten (Natriumhypochlorit), da diese die [&hellip;]<\/p>\n","protected":false},"author":1,"featured_media":0,"parent":21021,"menu_order":0,"comment_status":"closed","ping_status":"closed","template":"page-maintenancetemplate.php","meta":{"footnotes":""},"class_list":["post-21129","page","type-page","status-publish","hentry"],"yoast_head":"<!-- This site is optimized with the Yoast SEO plugin v26.2 - https:\/\/yoast.com\/wordpress\/plugins\/seo\/ -->\n<title>Hauben Wartung - Valcucine<\/title>\n<meta name=\"robots\" content=\"index, follow, max-snippet:-1, max-image-preview:large, max-video-preview:-1\" \/>\n<link rel=\"canonical\" href=\"https:\/\/www.valcucine.com\/de\/kundendienst\/wartung\/dunstabzugshaube\/\" \/>\n<meta property=\"og:locale\" content=\"de_DE\" \/>\n<meta property=\"og:type\" content=\"article\" \/>\n<meta property=\"og:title\" content=\"Hauben Wartung - Valcucine\" \/>\n<meta property=\"og:description\" content=\"[vc_row][vc_column][\/vc_column][\/vc_row][vc_row][vc_column][vc_column_text] PROFILE UND ANDERE ALUMINIUMELEMENTE Was Sie tun sollten Verwenden Sie zur Reinigung von Aluminiumelementen Wasser und neutrale Reinigungsmittel. Was Sie NICHT tun sollten Verwenden Sie keine Scheuerpulver oder -produkte, da diese die Oberfl\u00e4chen verkratzen. Verwenden Sie keine Stahlwolle oder Metallschw\u00e4mme. ACHTUNG: Reinigen Sie Aluminiumprofile nicht mit Bleichmitteln oder bleichmittelhaltigen Produkten (Natriumhypochlorit), da diese die [&hellip;]\" \/>\n<meta property=\"og:url\" content=\"https:\/\/www.valcucine.com\/de\/kundendienst\/wartung\/dunstabzugshaube\/\" \/>\n<meta property=\"og:site_name\" content=\"Valcucine\" \/>\n<meta property=\"article:publisher\" content=\"https:\/\/www.facebook.com\/valcucine\/\" \/>\n<meta property=\"article:modified_time\" content=\"2025-06-04T14:55:51+00:00\" \/>\n<meta name=\"twitter:card\" content=\"summary_large_image\" \/>\n<meta name=\"twitter:label1\" content=\"Gesch\u00e4tzte Lesezeit\" \/>\n\t<meta name=\"twitter:data1\" content=\"1\u00a0Minute\" \/>\n<script type=\"application\/ld+json\" class=\"yoast-schema-graph\">{\"@context\":\"https:\/\/schema.org\",\"@graph\":[{\"@type\":\"WebPage\",\"@id\":\"https:\/\/www.valcucine.com\/de\/kundendienst\/wartung\/dunstabzugshaube\/\",\"url\":\"https:\/\/www.valcucine.com\/de\/kundendienst\/wartung\/dunstabzugshaube\/\",\"name\":\"Hauben Wartung - Valcucine\",\"isPartOf\":{\"@id\":\"https:\/\/www.valcucine.com\/#website\"},\"datePublished\":\"2024-03-19T09:24:36+00:00\",\"dateModified\":\"2025-06-04T14:55:51+00:00\",\"breadcrumb\":{\"@id\":\"https:\/\/www.valcucine.com\/de\/kundendienst\/wartung\/dunstabzugshaube\/#breadcrumb\"},\"inLanguage\":\"de\",\"potentialAction\":[{\"@type\":\"ReadAction\",\"target\":[\"https:\/\/www.valcucine.com\/de\/kundendienst\/wartung\/dunstabzugshaube\/\"]}]},{\"@type\":\"BreadcrumbList\",\"@id\":\"https:\/\/www.valcucine.com\/de\/kundendienst\/wartung\/dunstabzugshaube\/#breadcrumb\",\"itemListElement\":[{\"@type\":\"ListItem\",\"position\":1,\"name\":\"Valcucine\",\"item\":\"https:\/\/www.valcucine.com\/de\/\"},{\"@type\":\"ListItem\",\"position\":2,\"name\":\"Kundendienst\",\"item\":\"https:\/\/www.valcucine.com\/de\/kundendienst\/\"},{\"@type\":\"ListItem\",\"position\":3,\"name\":\"Pflege\",\"item\":\"https:\/\/www.valcucine.com\/de\/kundendienst\/wartung\/\"},{\"@type\":\"ListItem\",\"position\":4,\"name\":\"Hauben Wartung\"}]},{\"@type\":\"WebSite\",\"@id\":\"https:\/\/www.valcucine.com\/#website\",\"url\":\"https:\/\/www.valcucine.com\/\",\"name\":\"Valcucine\",\"description\":\"\",\"publisher\":{\"@id\":\"https:\/\/www.valcucine.com\/#organization\"},\"potentialAction\":[{\"@type\":\"SearchAction\",\"target\":{\"@type\":\"EntryPoint\",\"urlTemplate\":\"https:\/\/www.valcucine.com\/?s={search_term_string}\"},\"query-input\":{\"@type\":\"PropertyValueSpecification\",\"valueRequired\":true,\"valueName\":\"search_term_string\"}}],\"inLanguage\":\"de\"},{\"@type\":\"Organization\",\"@id\":\"https:\/\/www.valcucine.com\/#organization\",\"name\":\"Valcucine\",\"url\":\"https:\/\/www.valcucine.com\/\",\"logo\":{\"@type\":\"ImageObject\",\"inLanguage\":\"de\",\"@id\":\"https:\/\/www.valcucine.com\/#\/schema\/logo\/image\/\",\"url\":\"https:\/\/www.valcucine.com\/wp-content\/uploads\/2024\/02\/logo-valcucine.webp?wsr\",\"contentUrl\":\"https:\/\/www.valcucine.com\/wp-content\/uploads\/2024\/02\/logo-valcucine.webp?wsr\",\"width\":288,\"height\":46,\"caption\":\"Valcucine\"},\"image\":{\"@id\":\"https:\/\/www.valcucine.com\/#\/schema\/logo\/image\/\"},\"sameAs\":[\"https:\/\/www.facebook.com\/valcucine\/\",\"https:\/\/www.instagram.com\/valcucine\/\",\"https:\/\/www.linkedin.com\/company\/valcucine\"]}]}<\/script>\n<!-- \/ Yoast SEO plugin. -->","yoast_head_json":{"title":"Hauben Wartung - Valcucine","robots":{"index":"index","follow":"follow","max-snippet":"max-snippet:-1","max-image-preview":"max-image-preview:large","max-video-preview":"max-video-preview:-1"},"canonical":"https:\/\/www.valcucine.com\/de\/kundendienst\/wartung\/dunstabzugshaube\/","og_locale":"de_DE","og_type":"article","og_title":"Hauben Wartung - Valcucine","og_description":"[vc_row][vc_column][\/vc_column][\/vc_row][vc_row][vc_column][vc_column_text] PROFILE UND ANDERE ALUMINIUMELEMENTE Was Sie tun sollten Verwenden Sie zur Reinigung von Aluminiumelementen Wasser und neutrale Reinigungsmittel. Was Sie NICHT tun sollten Verwenden Sie keine Scheuerpulver oder -produkte, da diese die Oberfl\u00e4chen verkratzen. Verwenden Sie keine Stahlwolle oder Metallschw\u00e4mme. ACHTUNG: Reinigen Sie Aluminiumprofile nicht mit Bleichmitteln oder bleichmittelhaltigen Produkten (Natriumhypochlorit), da diese die [&hellip;]","og_url":"https:\/\/www.valcucine.com\/de\/kundendienst\/wartung\/dunstabzugshaube\/","og_site_name":"Valcucine","article_publisher":"https:\/\/www.facebook.com\/valcucine\/","article_modified_time":"2025-06-04T14:55:51+00:00","twitter_card":"summary_large_image","twitter_misc":{"Gesch\u00e4tzte Lesezeit":"1\u00a0Minute"},"schema":{"@context":"https:\/\/schema.org","@graph":[{"@type":"WebPage","@id":"https:\/\/www.valcucine.com\/de\/kundendienst\/wartung\/dunstabzugshaube\/","url":"https:\/\/www.valcucine.com\/de\/kundendienst\/wartung\/dunstabzugshaube\/","name":"Hauben Wartung - Valcucine","isPartOf":{"@id":"https:\/\/www.valcucine.com\/#website"},"datePublished":"2024-03-19T09:24:36+00:00","dateModified":"2025-06-04T14:55:51+00:00","breadcrumb":{"@id":"https:\/\/www.valcucine.com\/de\/kundendienst\/wartung\/dunstabzugshaube\/#breadcrumb"},"inLanguage":"de","potentialAction":[{"@type":"ReadAction","target":["https:\/\/www.valcucine.com\/de\/kundendienst\/wartung\/dunstabzugshaube\/"]}]},{"@type":"BreadcrumbList","@id":"https:\/\/www.valcucine.com\/de\/kundendienst\/wartung\/dunstabzugshaube\/#breadcrumb","itemListElement":[{"@type":"ListItem","position":1,"name":"Valcucine","item":"https:\/\/www.valcucine.com\/de\/"},{"@type":"ListItem","position":2,"name":"Kundendienst","item":"https:\/\/www.valcucine.com\/de\/kundendienst\/"},{"@type":"ListItem","position":3,"name":"Pflege","item":"https:\/\/www.valcucine.com\/de\/kundendienst\/wartung\/"},{"@type":"ListItem","position":4,"name":"Hauben Wartung"}]},{"@type":"WebSite","@id":"https:\/\/www.valcucine.com\/#website","url":"https:\/\/www.valcucine.com\/","name":"Valcucine","description":"","publisher":{"@id":"https:\/\/www.valcucine.com\/#organization"},"potentialAction":[{"@type":"SearchAction","target":{"@type":"EntryPoint","urlTemplate":"https:\/\/www.valcucine.com\/?s={search_term_string}"},"query-input":{"@type":"PropertyValueSpecification","valueRequired":true,"valueName":"search_term_string"}}],"inLanguage":"de"},{"@type":"Organization","@id":"https:\/\/www.valcucine.com\/#organization","name":"Valcucine","url":"https:\/\/www.valcucine.com\/","logo":{"@type":"ImageObject","inLanguage":"de","@id":"https:\/\/www.valcucine.com\/#\/schema\/logo\/image\/","url":"https:\/\/www.valcucine.com\/wp-content\/uploads\/2024\/02\/logo-valcucine.webp?wsr","contentUrl":"https:\/\/www.valcucine.com\/wp-content\/uploads\/2024\/02\/logo-valcucine.webp?wsr","width":288,"height":46,"caption":"Valcucine"},"image":{"@id":"https:\/\/www.valcucine.com\/#\/schema\/logo\/image\/"},"sameAs":["https:\/\/www.facebook.com\/valcucine\/","https:\/\/www.instagram.com\/valcucine\/","https:\/\/www.linkedin.com\/company\/valcucine"]}]}},"_links":{"self":[{"href":"https:\/\/www.valcucine.com\/de\/wp-json\/wp\/v2\/pages\/21129","targetHints":{"allow":["GET"]}}],"collection":[{"href":"https:\/\/www.valcucine.com\/de\/wp-json\/wp\/v2\/pages"}],"about":[{"href":"https:\/\/www.valcucine.com\/de\/wp-json\/wp\/v2\/types\/page"}],"author":[{"embeddable":true,"href":"https:\/\/www.valcucine.com\/de\/wp-json\/wp\/v2\/users\/1"}],"replies":[{"embeddable":true,"href":"https:\/\/www.valcucine.com\/de\/wp-json\/wp\/v2\/comments?post=21129"}],"version-history":[{"count":4,"href":"https:\/\/www.valcucine.com\/de\/wp-json\/wp\/v2\/pages\/21129\/revisions"}],"predecessor-version":[{"id":41629,"href":"https:\/\/www.valcucine.com\/de\/wp-json\/wp\/v2\/pages\/21129\/revisions\/41629"}],"up":[{"embeddable":true,"href":"https:\/\/www.valcucine.com\/de\/wp-json\/wp\/v2\/pages\/21021"}],"wp:attachment":[{"href":"https:\/\/www.valcucine.com\/de\/wp-json\/wp\/v2\/media?parent=21129"}],"curies":[{"name":"wp","href":"https:\/\/api.w.org\/{rel}","templated":true}]}}