{"id":21140,"date":"2024-03-12T13:58:52","date_gmt":"2024-03-12T13:58:52","guid":{"rendered":"https:\/\/devel.valcucine.com\/kundendienst\/wartung\/cappe\/"},"modified":"2025-06-04T14:57:35","modified_gmt":"2025-06-04T14:57:35","slug":"aluminium-beschlage-elemente-kuche","status":"publish","type":"page","link":"https:\/\/www.valcucine.com\/de\/kundendienst\/wartung\/aluminium-beschlage-elemente-kuche\/","title":{"rendered":"Pflege Profile und Elemente in Aluminium"},"content":{"rendered":"<div class=\"wpb-content-wrapper\"><p>[vc_row][vc_column]\n        \n        <h1 class=\"text-start  main__title__h1  vc_custom_1724759902152 \" style=\"color:#333333;\"> \n\n         PROFILE UND ELEMENTE AUS ALUMINIUM<br \/>\n\n        \n        <\/h1>[\/vc_column][\/vc_row][vc_row][vc_column][vc_column_text]<strong>Was Sie tun sollten:<\/strong><br \/>\nDie Reinigung der Aluminiumteile ist mit Wasser und alkoholhaltigen Reinigungsmitteln oder neutralen Reinigern durchzuf\u00fchren.<\/p>\n<p><strong>Was Sie NICHT tun sollten:<\/strong><br \/>\nVerwenden Sie keine Scheuerpulver oder -mittel, da die Oberfl\u00e4che verkratzen k\u00f6nnte.<br \/>\nVerwenden Sie keine Pads oder Schw\u00e4mme aus Stahlwolle.<\/p>\n<p><strong>Achtung: reinigen Sie die Aluminiumprofile nicht mit Bleiche oder mit Produkten, die Bleiche enthalten (Natronbleichlauge), da der Anodenbelag der Oberfl\u00e4che besch\u00e4digt werden k\u00f6nnte, wodurch Flecken entstehen.<\/strong>[\/vc_column_text][\/vc_column][\/vc_row]<\/p>\n<\/div>","protected":false},"excerpt":{"rendered":"<p>[vc_row][vc_column][\/vc_column][\/vc_row][vc_row][vc_column][vc_column_text]Was Sie tun sollten: Die Reinigung der Aluminiumteile ist mit Wasser und alkoholhaltigen Reinigungsmitteln oder neutralen Reinigern durchzuf\u00fchren. Was Sie NICHT tun sollten: Verwenden Sie keine Scheuerpulver oder -mittel, da die Oberfl\u00e4che verkratzen k\u00f6nnte. Verwenden Sie keine Pads oder Schw\u00e4mme aus Stahlwolle. Achtung: reinigen Sie die Aluminiumprofile nicht mit Bleiche oder mit Produkten, die Bleiche [&hellip;]<\/p>\n","protected":false},"author":1,"featured_media":0,"parent":21021,"menu_order":0,"comment_status":"closed","ping_status":"closed","template":"page-maintenancetemplate.php","meta":{"footnotes":""},"class_list":["post-21140","page","type-page","status-publish","hentry"],"yoast_head":"<!-- This site is optimized with the Yoast SEO plugin v26.2 - https:\/\/yoast.com\/wordpress\/plugins\/seo\/ -->\n<title>Pflege Profile und Elemente in Aluminium - Valcucine<\/title>\n<meta name=\"robots\" content=\"index, follow, max-snippet:-1, max-image-preview:large, max-video-preview:-1\" \/>\n<link rel=\"canonical\" href=\"https:\/\/www.valcucine.com\/de\/kundendienst\/wartung\/aluminium-beschlage-elemente-kuche\/\" \/>\n<meta property=\"og:locale\" content=\"de_DE\" \/>\n<meta property=\"og:type\" content=\"article\" \/>\n<meta property=\"og:title\" content=\"Pflege Profile und Elemente in Aluminium - Valcucine\" \/>\n<meta property=\"og:description\" content=\"[vc_row][vc_column][\/vc_column][\/vc_row][vc_row][vc_column][vc_column_text]Was Sie tun sollten: Die Reinigung der Aluminiumteile ist mit Wasser und alkoholhaltigen Reinigungsmitteln oder neutralen Reinigern durchzuf\u00fchren. Was Sie NICHT tun sollten: Verwenden Sie keine Scheuerpulver oder -mittel, da die Oberfl\u00e4che verkratzen k\u00f6nnte. Verwenden Sie keine Pads oder Schw\u00e4mme aus Stahlwolle. Achtung: reinigen Sie die Aluminiumprofile nicht mit Bleiche oder mit Produkten, die Bleiche [&hellip;]\" \/>\n<meta property=\"og:url\" content=\"https:\/\/www.valcucine.com\/de\/kundendienst\/wartung\/aluminium-beschlage-elemente-kuche\/\" \/>\n<meta property=\"og:site_name\" content=\"Valcucine\" \/>\n<meta property=\"article:publisher\" content=\"https:\/\/www.facebook.com\/valcucine\/\" \/>\n<meta property=\"article:modified_time\" content=\"2025-06-04T14:57:35+00:00\" \/>\n<meta name=\"twitter:card\" content=\"summary_large_image\" \/>\n<meta name=\"twitter:label1\" content=\"Gesch\u00e4tzte Lesezeit\" \/>\n\t<meta name=\"twitter:data1\" content=\"1\u00a0Minute\" \/>\n<script type=\"application\/ld+json\" class=\"yoast-schema-graph\">{\"@context\":\"https:\/\/schema.org\",\"@graph\":[{\"@type\":\"WebPage\",\"@id\":\"https:\/\/www.valcucine.com\/de\/kundendienst\/wartung\/aluminium-beschlage-elemente-kuche\/\",\"url\":\"https:\/\/www.valcucine.com\/de\/kundendienst\/wartung\/aluminium-beschlage-elemente-kuche\/\",\"name\":\"Pflege Profile und Elemente in Aluminium - Valcucine\",\"isPartOf\":{\"@id\":\"https:\/\/www.valcucine.com\/#website\"},\"datePublished\":\"2024-03-12T13:58:52+00:00\",\"dateModified\":\"2025-06-04T14:57:35+00:00\",\"breadcrumb\":{\"@id\":\"https:\/\/www.valcucine.com\/de\/kundendienst\/wartung\/aluminium-beschlage-elemente-kuche\/#breadcrumb\"},\"inLanguage\":\"de\",\"potentialAction\":[{\"@type\":\"ReadAction\",\"target\":[\"https:\/\/www.valcucine.com\/de\/kundendienst\/wartung\/aluminium-beschlage-elemente-kuche\/\"]}]},{\"@type\":\"BreadcrumbList\",\"@id\":\"https:\/\/www.valcucine.com\/de\/kundendienst\/wartung\/aluminium-beschlage-elemente-kuche\/#breadcrumb\",\"itemListElement\":[{\"@type\":\"ListItem\",\"position\":1,\"name\":\"Valcucine\",\"item\":\"https:\/\/www.valcucine.com\/de\/\"},{\"@type\":\"ListItem\",\"position\":2,\"name\":\"Kundendienst\",\"item\":\"https:\/\/www.valcucine.com\/de\/kundendienst\/\"},{\"@type\":\"ListItem\",\"position\":3,\"name\":\"Pflege\",\"item\":\"https:\/\/www.valcucine.com\/de\/kundendienst\/wartung\/\"},{\"@type\":\"ListItem\",\"position\":4,\"name\":\"Pflege Profile und Elemente in Aluminium\"}]},{\"@type\":\"WebSite\",\"@id\":\"https:\/\/www.valcucine.com\/#website\",\"url\":\"https:\/\/www.valcucine.com\/\",\"name\":\"Valcucine\",\"description\":\"\",\"publisher\":{\"@id\":\"https:\/\/www.valcucine.com\/#organization\"},\"potentialAction\":[{\"@type\":\"SearchAction\",\"target\":{\"@type\":\"EntryPoint\",\"urlTemplate\":\"https:\/\/www.valcucine.com\/?s={search_term_string}\"},\"query-input\":{\"@type\":\"PropertyValueSpecification\",\"valueRequired\":true,\"valueName\":\"search_term_string\"}}],\"inLanguage\":\"de\"},{\"@type\":\"Organization\",\"@id\":\"https:\/\/www.valcucine.com\/#organization\",\"name\":\"Valcucine\",\"url\":\"https:\/\/www.valcucine.com\/\",\"logo\":{\"@type\":\"ImageObject\",\"inLanguage\":\"de\",\"@id\":\"https:\/\/www.valcucine.com\/#\/schema\/logo\/image\/\",\"url\":\"https:\/\/www.valcucine.com\/wp-content\/uploads\/2024\/02\/logo-valcucine.webp?wsr\",\"contentUrl\":\"https:\/\/www.valcucine.com\/wp-content\/uploads\/2024\/02\/logo-valcucine.webp?wsr\",\"width\":288,\"height\":46,\"caption\":\"Valcucine\"},\"image\":{\"@id\":\"https:\/\/www.valcucine.com\/#\/schema\/logo\/image\/\"},\"sameAs\":[\"https:\/\/www.facebook.com\/valcucine\/\",\"https:\/\/www.instagram.com\/valcucine\/\",\"https:\/\/www.linkedin.com\/company\/valcucine\"]}]}<\/script>\n<!-- \/ Yoast SEO plugin. -->","yoast_head_json":{"title":"Pflege Profile und Elemente in Aluminium - Valcucine","robots":{"index":"index","follow":"follow","max-snippet":"max-snippet:-1","max-image-preview":"max-image-preview:large","max-video-preview":"max-video-preview:-1"},"canonical":"https:\/\/www.valcucine.com\/de\/kundendienst\/wartung\/aluminium-beschlage-elemente-kuche\/","og_locale":"de_DE","og_type":"article","og_title":"Pflege Profile und Elemente in Aluminium - Valcucine","og_description":"[vc_row][vc_column][\/vc_column][\/vc_row][vc_row][vc_column][vc_column_text]Was Sie tun sollten: Die Reinigung der Aluminiumteile ist mit Wasser und alkoholhaltigen Reinigungsmitteln oder neutralen Reinigern durchzuf\u00fchren. Was Sie NICHT tun sollten: Verwenden Sie keine Scheuerpulver oder -mittel, da die Oberfl\u00e4che verkratzen k\u00f6nnte. Verwenden Sie keine Pads oder Schw\u00e4mme aus Stahlwolle. Achtung: reinigen Sie die Aluminiumprofile nicht mit Bleiche oder mit Produkten, die Bleiche [&hellip;]","og_url":"https:\/\/www.valcucine.com\/de\/kundendienst\/wartung\/aluminium-beschlage-elemente-kuche\/","og_site_name":"Valcucine","article_publisher":"https:\/\/www.facebook.com\/valcucine\/","article_modified_time":"2025-06-04T14:57:35+00:00","twitter_card":"summary_large_image","twitter_misc":{"Gesch\u00e4tzte Lesezeit":"1\u00a0Minute"},"schema":{"@context":"https:\/\/schema.org","@graph":[{"@type":"WebPage","@id":"https:\/\/www.valcucine.com\/de\/kundendienst\/wartung\/aluminium-beschlage-elemente-kuche\/","url":"https:\/\/www.valcucine.com\/de\/kundendienst\/wartung\/aluminium-beschlage-elemente-kuche\/","name":"Pflege Profile und Elemente in Aluminium - Valcucine","isPartOf":{"@id":"https:\/\/www.valcucine.com\/#website"},"datePublished":"2024-03-12T13:58:52+00:00","dateModified":"2025-06-04T14:57:35+00:00","breadcrumb":{"@id":"https:\/\/www.valcucine.com\/de\/kundendienst\/wartung\/aluminium-beschlage-elemente-kuche\/#breadcrumb"},"inLanguage":"de","potentialAction":[{"@type":"ReadAction","target":["https:\/\/www.valcucine.com\/de\/kundendienst\/wartung\/aluminium-beschlage-elemente-kuche\/"]}]},{"@type":"BreadcrumbList","@id":"https:\/\/www.valcucine.com\/de\/kundendienst\/wartung\/aluminium-beschlage-elemente-kuche\/#breadcrumb","itemListElement":[{"@type":"ListItem","position":1,"name":"Valcucine","item":"https:\/\/www.valcucine.com\/de\/"},{"@type":"ListItem","position":2,"name":"Kundendienst","item":"https:\/\/www.valcucine.com\/de\/kundendienst\/"},{"@type":"ListItem","position":3,"name":"Pflege","item":"https:\/\/www.valcucine.com\/de\/kundendienst\/wartung\/"},{"@type":"ListItem","position":4,"name":"Pflege Profile und Elemente in Aluminium"}]},{"@type":"WebSite","@id":"https:\/\/www.valcucine.com\/#website","url":"https:\/\/www.valcucine.com\/","name":"Valcucine","description":"","publisher":{"@id":"https:\/\/www.valcucine.com\/#organization"},"potentialAction":[{"@type":"SearchAction","target":{"@type":"EntryPoint","urlTemplate":"https:\/\/www.valcucine.com\/?s={search_term_string}"},"query-input":{"@type":"PropertyValueSpecification","valueRequired":true,"valueName":"search_term_string"}}],"inLanguage":"de"},{"@type":"Organization","@id":"https:\/\/www.valcucine.com\/#organization","name":"Valcucine","url":"https:\/\/www.valcucine.com\/","logo":{"@type":"ImageObject","inLanguage":"de","@id":"https:\/\/www.valcucine.com\/#\/schema\/logo\/image\/","url":"https:\/\/www.valcucine.com\/wp-content\/uploads\/2024\/02\/logo-valcucine.webp?wsr","contentUrl":"https:\/\/www.valcucine.com\/wp-content\/uploads\/2024\/02\/logo-valcucine.webp?wsr","width":288,"height":46,"caption":"Valcucine"},"image":{"@id":"https:\/\/www.valcucine.com\/#\/schema\/logo\/image\/"},"sameAs":["https:\/\/www.facebook.com\/valcucine\/","https:\/\/www.instagram.com\/valcucine\/","https:\/\/www.linkedin.com\/company\/valcucine"]}]}},"_links":{"self":[{"href":"https:\/\/www.valcucine.com\/de\/wp-json\/wp\/v2\/pages\/21140","targetHints":{"allow":["GET"]}}],"collection":[{"href":"https:\/\/www.valcucine.com\/de\/wp-json\/wp\/v2\/pages"}],"about":[{"href":"https:\/\/www.valcucine.com\/de\/wp-json\/wp\/v2\/types\/page"}],"author":[{"embeddable":true,"href":"https:\/\/www.valcucine.com\/de\/wp-json\/wp\/v2\/users\/1"}],"replies":[{"embeddable":true,"href":"https:\/\/www.valcucine.com\/de\/wp-json\/wp\/v2\/comments?post=21140"}],"version-history":[{"count":2,"href":"https:\/\/www.valcucine.com\/de\/wp-json\/wp\/v2\/pages\/21140\/revisions"}],"predecessor-version":[{"id":21146,"href":"https:\/\/www.valcucine.com\/de\/wp-json\/wp\/v2\/pages\/21140\/revisions\/21146"}],"up":[{"embeddable":true,"href":"https:\/\/www.valcucine.com\/de\/wp-json\/wp\/v2\/pages\/21021"}],"wp:attachment":[{"href":"https:\/\/www.valcucine.com\/de\/wp-json\/wp\/v2\/media?parent=21140"}],"curies":[{"name":"wp","href":"https:\/\/api.w.org\/{rel}","templated":true}]}}