{"id":21194,"date":"2024-03-14T07:58:28","date_gmt":"2024-03-14T07:58:28","guid":{"rendered":"https:\/\/devel.valcucine.com\/unternehmen\/esg\/sdg\/lavoro-e-crescita-economica\/"},"modified":"2024-08-28T08:32:49","modified_gmt":"2024-08-28T08:32:49","slug":"arbeit-und-wirtschaftliches-wachstum","status":"publish","type":"page","link":"https:\/\/www.valcucine.com\/de\/unternehmen\/esg\/sdg\/arbeit-und-wirtschaftliches-wachstum\/","title":{"rendered":"Arbeit und wirtschaftliches Wachstum"},"content":{"rendered":"<div class=\"wpb-content-wrapper\"><p>[vc_row][vc_column]\n\t\t\t<!-- START Lavoro e crescita economica REVOLUTION SLIDER 6.7.38 --><p class=\"rs-p-wp-fix\"><\/p>\n\t\t\t<rs-module-wrap id=\"rev_slider_58_1_wrapper\" data-source=\"gallery\" style=\"visibility:hidden;background:transparent;padding:0;\">\n\t\t\t\t<rs-module id=\"rev_slider_58_1\" style=\"\" data-version=\"6.7.38\">\n\t\t\t\t\t<rs-slides style=\"overflow: hidden; position: absolute;\">\n\t\t\t\t\t\t<rs-slide style=\"position: absolute;\" data-key=\"rs-268\" data-title=\"Slide\" data-in=\"o:0;\" data-out=\"a:false;\">\n\t\t\t\t\t\t\t<img decoding=\"async\" src=\"\/\/www.valcucine.com\/wp-content\/plugins\/revslider\/sr6\/assets\/assets\/dummy.png\" alt=\"\" title=\"2584_cover_lavoro_dignitoso\" width=\"2400\" height=\"1200\" class=\"rev-slidebg tp-rs-img rs-lazyload\" data-lazyload=\"\/\/www.valcucine.com\/wp-content\/uploads\/2024\/03\/2584_cover_lavoro_dignitoso.webp\" data-no-retina>\n<!---->\t\t\t\t\t<\/rs-slide>\n\t\t\t\t\t<\/rs-slides>\n\t\t\t\t\t<rs-static-layers><!--\n\n\t\t\t\t\t\t\t--><rs-layer\n\t\t\t\t\t\t\t\tid=\"slider-58-slide-52-layer-12\" \n\t\t\t\t\t\t\t\tclass=\"play-button rs-svg rs-layer-static\"\n\t\t\t\t\t\t\t\tdata-type=\"svg\"\n\t\t\t\t\t\t\t\tdata-rsp_ch=\"on\"\n\t\t\t\t\t\t\t\tdata-xy=\"xo:20px;y:b;yo:20px;\"\n\t\t\t\t\t\t\t\tdata-text=\"w:normal;s:20,20,20,7;l:0,0,0,9;\"\n\t\t\t\t\t\t\t\tdata-dim=\"w:20px,20px,20px,30px;h:20px,20px,20px,30px;\"\n\t\t\t\t\t\t\t\tdata-actions='o:click;a:playslider;'\n\t\t\t\t\t\t\t\tdata-svg_src=\"\/\/www.valcucine.com\/wp-content\/uploads\/revslider\/svg\/objects\/svgcustom\/circle-play.svg\"\n\t\t\t\t\t\t\t\tdata-svgi=\"oc:t;\"\n\t\t\t\t\t\t\t\tdata-basealign=\"slide\"\n\t\t\t\t\t\t\t\tdata-onslides=\"s:1;\"\n\t\t\t\t\t\t\t\tdata-frame_999=\"o:0;st:w;\"\n\t\t\t\t\t\t\t\tstyle=\"z-index:7;font-family:'Roboto';\"\n\t\t\t\t\t\t\t> \n\t\t\t\t\t\t\t<\/rs-layer><!--\n\n\t\t\t\t\t\t\t--><rs-layer\n\t\t\t\t\t\t\t\tid=\"slider-58-slide-52-layer-13\" \n\t\t\t\t\t\t\t\tclass=\"pause-button current-slider rs-svg rs-layer-static\"\n\t\t\t\t\t\t\t\tdata-type=\"svg\"\n\t\t\t\t\t\t\t\tdata-rsp_ch=\"on\"\n\t\t\t\t\t\t\t\tdata-xy=\"xo:20px;y:b;yo:20px;\"\n\t\t\t\t\t\t\t\tdata-text=\"w:normal;s:20,20,20,7;l:0,0,0,9;\"\n\t\t\t\t\t\t\t\tdata-dim=\"w:20px,20px,20px,30px;h:20px,20px,20px,30px;\"\n\t\t\t\t\t\t\t\tdata-actions='o:click;a:pauseslider;'\n\t\t\t\t\t\t\t\tdata-svg_src=\"\/\/www.valcucine.com\/wp-content\/uploads\/revslider\/svg\/objects\/svgcustom\/circle-pause.svg\"\n\t\t\t\t\t\t\t\tdata-svgi=\"oc:t;\"\n\t\t\t\t\t\t\t\tdata-basealign=\"slide\"\n\t\t\t\t\t\t\t\tdata-onslides=\"s:1;\"\n\t\t\t\t\t\t\t\tdata-frame_999=\"o:0;st:w;\"\n\t\t\t\t\t\t\t\tstyle=\"z-index:8;font-family:'Roboto';\"\n\t\t\t\t\t\t\t> \n\t\t\t\t\t\t\t<\/rs-layer><!--\n\t\t\t\t\t--><\/rs-static-layers>\n\t\t\t\t<\/rs-module>\n\t\t\t\t<script>\n\t\t\t\t\tsetREVStartSize({c: 'rev_slider_58_1',rl:[1240,1240,1240,480],el:[568.984,568.984,568.984,480],gw:[1240,1240,1240,480],gh:[569,569,569,480],type:'standard',justify:'',layout:'fullscreen',offsetContainer:'#slider__height',offset:'0px',mh:\"0\"});if (window.RS_MODULES!==undefined && window.RS_MODULES.modules!==undefined && window.RS_MODULES.modules[\"revslider581\"]!==undefined) {window.RS_MODULES.modules[\"revslider581\"].once = false;window.revapi58 = undefined;if (window.RS_MODULES.checkMinimal!==undefined) window.RS_MODULES.checkMinimal()}\n\t\t\t\t<\/script>\n\t\t\t<\/rs-module-wrap>\n\t\t\t<!-- END REVOLUTION SLIDER -->\n[\/vc_column][\/vc_row][vc_row][vc_column]\n        \n        <h1 class=\"text-center  main__title__h1  vc_custom_1724833438075 \" style=\"color:#333333;\"> \n\n         Arbeit und wirtschaftliches Wachstum\n        \n        <\/h1>[\/vc_column][\/vc_row][vc_row][vc_column width=&#8220;1\/2&#8243;][vc_single_image image=&#8220;5166&#8243; img_size=&#8220;5079&#215;2535&#8243; alignment=&#8220;center&#8220;][\/vc_column][vc_column width=&#8220;1\/2&#8243;][vc_empty_space][vc_empty_space][vc_empty_space][vc_column_text]Valcucine setzt sich f\u00fcr ein sicheres, gesundes und produktives Arbeitsumfeld ein: Der Hauptsitz in Pordenone steht ganz im Zeichen dieser Philosophie.<br \/>\nDas von Gabriele Centazzo entworfene Geb\u00e4ude ist mit speziellen Platten mit schillerndem Spiegeleffekt verkleidet, deren Farbe sich je nach Lichteinfall \u00e4ndert. Diese cham\u00e4leonartige Struktur ist &#8222;die Schmiede&#8220; der Kreativit\u00e4t und der Ideen, die sich st\u00e4ndig weiterentwickeln.[\/vc_column_text][\/vc_column][\/vc_row][vc_row css=&#8220;.vc_custom_1710780218784{margin-bottom: 40px !important;}&#8220;][vc_column width=&#8220;1\/2&#8243;][vc_single_image image=&#8220;5161&#8243; img_size=&#8220;1910&#215;3303&#8243; alignment=&#8220;center&#8220;][\/vc_column][vc_column width=&#8220;1\/2&#8243;][vc_empty_space][vc_empty_space][vc_column_text]Flug und Leichtigkeit, Themen, die dem Unternehmen aufgrund ihrer Freiheitsbotschaft am Herzen liegen, werden in eindrucksvolle und elegante Konstruktionsl\u00f6sungen umgesetzt: die gro\u00dfe Wendeltreppe, das gro\u00dfe Atrium am Eingang, die Installationen mit starker suggestiver Kraft usw.<\/p>\n<p>In jedem Arbeitsbereich \u00f6ffnen die gro\u00dfen Fenster den Geist und die Augen f\u00fcr das, was dahinter liegt, und heben jedes Gef\u00fchl der Unterdr\u00fcckung auf.[\/vc_column_text][vc_empty_space][vc_empty_space][vc_empty_space][vc_column_text]<em>&#8222;Ich wollte, dass diese gro\u00dfen Fenster zum Gr\u00fcn drau\u00dfen die Beobachtung der Natur und ihrer Ver\u00e4nderungen f\u00f6rdern. Ein Regentag hat andere Farben als ein Sonnentag; Hecken und B\u00e4ume sehen im Herbst anders aus als im Fr\u00fchling. Das mag banal klingen, ist es aber nicht. Und wer in vier grauen W\u00e4nden eingeschlossen ist, hat nat\u00fcrlich keine M\u00f6glichkeit, sie zu sehen oder zu w\u00fcrdigen. Hier jedoch freundet man sich Tag f\u00fcr Tag mit einem bestimmten Baum oder einer Ecke einer Wiese an&#8230; der Respekt vor dem mabiente wird so zu einem st\u00e4rkeren Gef\u00fchl: wenn man in so konzipierten R\u00e4umen arbeitet, wird man Teil der Natur und f\u00fchlt sich f\u00fcr ihre Geschichte verantwortlich.&#8220;<\/em><br \/>\nGabriele Centazzo[\/vc_column_text][\/vc_column][\/vc_row]<\/p>\n<\/div>","protected":false},"excerpt":{"rendered":"<p>[vc_row][vc_column][\/vc_column][\/vc_row][vc_row][vc_column][\/vc_column][\/vc_row][vc_row][vc_column width=&#8220;1\/2&#8243;][vc_single_image image=&#8220;5166&#8243; img_size=&#8220;5079&#215;2535&#8243; alignment=&#8220;center&#8220;][\/vc_column][vc_column width=&#8220;1\/2&#8243;][vc_empty_space][vc_empty_space][vc_empty_space][vc_column_text]Valcucine setzt sich f\u00fcr ein sicheres, gesundes und produktives Arbeitsumfeld ein: Der Hauptsitz in Pordenone steht ganz im Zeichen dieser Philosophie. Das von Gabriele Centazzo entworfene Geb\u00e4ude ist mit speziellen Platten mit schillerndem Spiegeleffekt verkleidet, deren Farbe sich je nach Lichteinfall \u00e4ndert. Diese cham\u00e4leonartige Struktur ist &#8222;die Schmiede&#8220; der Kreativit\u00e4t [&hellip;]<\/p>\n","protected":false},"author":1,"featured_media":0,"parent":21179,"menu_order":0,"comment_status":"closed","ping_status":"closed","template":"","meta":{"footnotes":""},"class_list":["post-21194","page","type-page","status-publish","hentry"],"yoast_head":"<!-- This site is optimized with the Yoast SEO plugin v26.2 - https:\/\/yoast.com\/wordpress\/plugins\/seo\/ -->\n<title>Arbeit und wirtschaftliches Wachstum - Valcucine<\/title>\n<meta name=\"robots\" content=\"index, follow, max-snippet:-1, max-image-preview:large, max-video-preview:-1\" \/>\n<link rel=\"canonical\" href=\"https:\/\/www.valcucine.com\/de\/unternehmen\/esg\/sdg\/arbeit-und-wirtschaftliches-wachstum\/\" \/>\n<meta property=\"og:locale\" content=\"de_DE\" \/>\n<meta property=\"og:type\" content=\"article\" \/>\n<meta property=\"og:title\" content=\"Arbeit und wirtschaftliches Wachstum - Valcucine\" \/>\n<meta property=\"og:description\" content=\"[vc_row][vc_column][\/vc_column][\/vc_row][vc_row][vc_column][\/vc_column][\/vc_row][vc_row][vc_column width=&#8220;1\/2&#8243;][vc_single_image image=&#8220;5166&#8243; img_size=&#8220;5079&#215;2535&#8243; alignment=&#8220;center&#8220;][\/vc_column][vc_column width=&#8220;1\/2&#8243;][vc_empty_space][vc_empty_space][vc_empty_space][vc_column_text]Valcucine setzt sich f\u00fcr ein sicheres, gesundes und produktives Arbeitsumfeld ein: Der Hauptsitz in Pordenone steht ganz im Zeichen dieser Philosophie. Das von Gabriele Centazzo entworfene Geb\u00e4ude ist mit speziellen Platten mit schillerndem Spiegeleffekt verkleidet, deren Farbe sich je nach Lichteinfall \u00e4ndert. Diese cham\u00e4leonartige Struktur ist &#8222;die Schmiede&#8220; der Kreativit\u00e4t [&hellip;]\" \/>\n<meta property=\"og:url\" content=\"https:\/\/www.valcucine.com\/de\/unternehmen\/esg\/sdg\/arbeit-und-wirtschaftliches-wachstum\/\" \/>\n<meta property=\"og:site_name\" content=\"Valcucine\" \/>\n<meta property=\"article:publisher\" content=\"https:\/\/www.facebook.com\/valcucine\/\" \/>\n<meta property=\"article:modified_time\" content=\"2024-08-28T08:32:49+00:00\" \/>\n<meta name=\"twitter:card\" content=\"summary_large_image\" \/>\n<meta name=\"twitter:label1\" content=\"Gesch\u00e4tzte Lesezeit\" \/>\n\t<meta name=\"twitter:data1\" content=\"2\u00a0Minuten\" \/>\n<script type=\"application\/ld+json\" class=\"yoast-schema-graph\">{\"@context\":\"https:\/\/schema.org\",\"@graph\":[{\"@type\":\"WebPage\",\"@id\":\"https:\/\/www.valcucine.com\/de\/unternehmen\/esg\/sdg\/arbeit-und-wirtschaftliches-wachstum\/\",\"url\":\"https:\/\/www.valcucine.com\/de\/unternehmen\/esg\/sdg\/arbeit-und-wirtschaftliches-wachstum\/\",\"name\":\"Arbeit und wirtschaftliches Wachstum - Valcucine\",\"isPartOf\":{\"@id\":\"https:\/\/www.valcucine.com\/#website\"},\"datePublished\":\"2024-03-14T07:58:28+00:00\",\"dateModified\":\"2024-08-28T08:32:49+00:00\",\"breadcrumb\":{\"@id\":\"https:\/\/www.valcucine.com\/de\/unternehmen\/esg\/sdg\/arbeit-und-wirtschaftliches-wachstum\/#breadcrumb\"},\"inLanguage\":\"de\",\"potentialAction\":[{\"@type\":\"ReadAction\",\"target\":[\"https:\/\/www.valcucine.com\/de\/unternehmen\/esg\/sdg\/arbeit-und-wirtschaftliches-wachstum\/\"]}]},{\"@type\":\"BreadcrumbList\",\"@id\":\"https:\/\/www.valcucine.com\/de\/unternehmen\/esg\/sdg\/arbeit-und-wirtschaftliches-wachstum\/#breadcrumb\",\"itemListElement\":[{\"@type\":\"ListItem\",\"position\":1,\"name\":\"Valcucine\",\"item\":\"https:\/\/www.valcucine.com\/de\/\"},{\"@type\":\"ListItem\",\"position\":2,\"name\":\"Unternehmen\",\"item\":\"https:\/\/www.valcucine.com\/de\/unternehmen\/\"},{\"@type\":\"ListItem\",\"position\":3,\"name\":\"ESG\",\"item\":\"https:\/\/www.valcucine.com\/de\/unternehmen\/esg\/\"},{\"@type\":\"ListItem\",\"position\":4,\"name\":\"Sdg\",\"item\":\"https:\/\/www.valcucine.com\/de\/unternehmen\/esg\/sdg\/\"},{\"@type\":\"ListItem\",\"position\":5,\"name\":\"Arbeit und wirtschaftliches Wachstum\"}]},{\"@type\":\"WebSite\",\"@id\":\"https:\/\/www.valcucine.com\/#website\",\"url\":\"https:\/\/www.valcucine.com\/\",\"name\":\"Valcucine\",\"description\":\"\",\"publisher\":{\"@id\":\"https:\/\/www.valcucine.com\/#organization\"},\"potentialAction\":[{\"@type\":\"SearchAction\",\"target\":{\"@type\":\"EntryPoint\",\"urlTemplate\":\"https:\/\/www.valcucine.com\/?s={search_term_string}\"},\"query-input\":{\"@type\":\"PropertyValueSpecification\",\"valueRequired\":true,\"valueName\":\"search_term_string\"}}],\"inLanguage\":\"de\"},{\"@type\":\"Organization\",\"@id\":\"https:\/\/www.valcucine.com\/#organization\",\"name\":\"Valcucine\",\"url\":\"https:\/\/www.valcucine.com\/\",\"logo\":{\"@type\":\"ImageObject\",\"inLanguage\":\"de\",\"@id\":\"https:\/\/www.valcucine.com\/#\/schema\/logo\/image\/\",\"url\":\"https:\/\/www.valcucine.com\/wp-content\/uploads\/2024\/02\/logo-valcucine.webp?wsr\",\"contentUrl\":\"https:\/\/www.valcucine.com\/wp-content\/uploads\/2024\/02\/logo-valcucine.webp?wsr\",\"width\":288,\"height\":46,\"caption\":\"Valcucine\"},\"image\":{\"@id\":\"https:\/\/www.valcucine.com\/#\/schema\/logo\/image\/\"},\"sameAs\":[\"https:\/\/www.facebook.com\/valcucine\/\",\"https:\/\/www.instagram.com\/valcucine\/\",\"https:\/\/www.linkedin.com\/company\/valcucine\"]}]}<\/script>\n<!-- \/ Yoast SEO plugin. -->","yoast_head_json":{"title":"Arbeit und wirtschaftliches Wachstum - Valcucine","robots":{"index":"index","follow":"follow","max-snippet":"max-snippet:-1","max-image-preview":"max-image-preview:large","max-video-preview":"max-video-preview:-1"},"canonical":"https:\/\/www.valcucine.com\/de\/unternehmen\/esg\/sdg\/arbeit-und-wirtschaftliches-wachstum\/","og_locale":"de_DE","og_type":"article","og_title":"Arbeit und wirtschaftliches Wachstum - Valcucine","og_description":"[vc_row][vc_column][\/vc_column][\/vc_row][vc_row][vc_column][\/vc_column][\/vc_row][vc_row][vc_column width=&#8220;1\/2&#8243;][vc_single_image image=&#8220;5166&#8243; img_size=&#8220;5079&#215;2535&#8243; alignment=&#8220;center&#8220;][\/vc_column][vc_column width=&#8220;1\/2&#8243;][vc_empty_space][vc_empty_space][vc_empty_space][vc_column_text]Valcucine setzt sich f\u00fcr ein sicheres, gesundes und produktives Arbeitsumfeld ein: Der Hauptsitz in Pordenone steht ganz im Zeichen dieser Philosophie. Das von Gabriele Centazzo entworfene Geb\u00e4ude ist mit speziellen Platten mit schillerndem Spiegeleffekt verkleidet, deren Farbe sich je nach Lichteinfall \u00e4ndert. Diese cham\u00e4leonartige Struktur ist &#8222;die Schmiede&#8220; der Kreativit\u00e4t [&hellip;]","og_url":"https:\/\/www.valcucine.com\/de\/unternehmen\/esg\/sdg\/arbeit-und-wirtschaftliches-wachstum\/","og_site_name":"Valcucine","article_publisher":"https:\/\/www.facebook.com\/valcucine\/","article_modified_time":"2024-08-28T08:32:49+00:00","twitter_card":"summary_large_image","twitter_misc":{"Gesch\u00e4tzte Lesezeit":"2\u00a0Minuten"},"schema":{"@context":"https:\/\/schema.org","@graph":[{"@type":"WebPage","@id":"https:\/\/www.valcucine.com\/de\/unternehmen\/esg\/sdg\/arbeit-und-wirtschaftliches-wachstum\/","url":"https:\/\/www.valcucine.com\/de\/unternehmen\/esg\/sdg\/arbeit-und-wirtschaftliches-wachstum\/","name":"Arbeit und wirtschaftliches Wachstum - Valcucine","isPartOf":{"@id":"https:\/\/www.valcucine.com\/#website"},"datePublished":"2024-03-14T07:58:28+00:00","dateModified":"2024-08-28T08:32:49+00:00","breadcrumb":{"@id":"https:\/\/www.valcucine.com\/de\/unternehmen\/esg\/sdg\/arbeit-und-wirtschaftliches-wachstum\/#breadcrumb"},"inLanguage":"de","potentialAction":[{"@type":"ReadAction","target":["https:\/\/www.valcucine.com\/de\/unternehmen\/esg\/sdg\/arbeit-und-wirtschaftliches-wachstum\/"]}]},{"@type":"BreadcrumbList","@id":"https:\/\/www.valcucine.com\/de\/unternehmen\/esg\/sdg\/arbeit-und-wirtschaftliches-wachstum\/#breadcrumb","itemListElement":[{"@type":"ListItem","position":1,"name":"Valcucine","item":"https:\/\/www.valcucine.com\/de\/"},{"@type":"ListItem","position":2,"name":"Unternehmen","item":"https:\/\/www.valcucine.com\/de\/unternehmen\/"},{"@type":"ListItem","position":3,"name":"ESG","item":"https:\/\/www.valcucine.com\/de\/unternehmen\/esg\/"},{"@type":"ListItem","position":4,"name":"Sdg","item":"https:\/\/www.valcucine.com\/de\/unternehmen\/esg\/sdg\/"},{"@type":"ListItem","position":5,"name":"Arbeit und wirtschaftliches Wachstum"}]},{"@type":"WebSite","@id":"https:\/\/www.valcucine.com\/#website","url":"https:\/\/www.valcucine.com\/","name":"Valcucine","description":"","publisher":{"@id":"https:\/\/www.valcucine.com\/#organization"},"potentialAction":[{"@type":"SearchAction","target":{"@type":"EntryPoint","urlTemplate":"https:\/\/www.valcucine.com\/?s={search_term_string}"},"query-input":{"@type":"PropertyValueSpecification","valueRequired":true,"valueName":"search_term_string"}}],"inLanguage":"de"},{"@type":"Organization","@id":"https:\/\/www.valcucine.com\/#organization","name":"Valcucine","url":"https:\/\/www.valcucine.com\/","logo":{"@type":"ImageObject","inLanguage":"de","@id":"https:\/\/www.valcucine.com\/#\/schema\/logo\/image\/","url":"https:\/\/www.valcucine.com\/wp-content\/uploads\/2024\/02\/logo-valcucine.webp?wsr","contentUrl":"https:\/\/www.valcucine.com\/wp-content\/uploads\/2024\/02\/logo-valcucine.webp?wsr","width":288,"height":46,"caption":"Valcucine"},"image":{"@id":"https:\/\/www.valcucine.com\/#\/schema\/logo\/image\/"},"sameAs":["https:\/\/www.facebook.com\/valcucine\/","https:\/\/www.instagram.com\/valcucine\/","https:\/\/www.linkedin.com\/company\/valcucine"]}]}},"_links":{"self":[{"href":"https:\/\/www.valcucine.com\/de\/wp-json\/wp\/v2\/pages\/21194","targetHints":{"allow":["GET"]}}],"collection":[{"href":"https:\/\/www.valcucine.com\/de\/wp-json\/wp\/v2\/pages"}],"about":[{"href":"https:\/\/www.valcucine.com\/de\/wp-json\/wp\/v2\/types\/page"}],"author":[{"embeddable":true,"href":"https:\/\/www.valcucine.com\/de\/wp-json\/wp\/v2\/users\/1"}],"replies":[{"embeddable":true,"href":"https:\/\/www.valcucine.com\/de\/wp-json\/wp\/v2\/comments?post=21194"}],"version-history":[{"count":5,"href":"https:\/\/www.valcucine.com\/de\/wp-json\/wp\/v2\/pages\/21194\/revisions"}],"predecessor-version":[{"id":21201,"href":"https:\/\/www.valcucine.com\/de\/wp-json\/wp\/v2\/pages\/21194\/revisions\/21201"}],"up":[{"embeddable":true,"href":"https:\/\/www.valcucine.com\/de\/wp-json\/wp\/v2\/pages\/21179"}],"wp:attachment":[{"href":"https:\/\/www.valcucine.com\/de\/wp-json\/wp\/v2\/media?parent=21194"}],"curies":[{"name":"wp","href":"https:\/\/api.w.org\/{rel}","templated":true}]}}