{"id":21259,"date":"2024-03-12T09:06:51","date_gmt":"2024-03-12T09:06:51","guid":{"rendered":"https:\/\/devel.valcucine.com\/unternehmen\/esg\/leed\/"},"modified":"2025-03-20T07:57:41","modified_gmt":"2025-03-20T07:57:41","slug":"leed-v4-1","status":"publish","type":"page","link":"https:\/\/www.valcucine.com\/de\/unternehmen\/esg\/leed-v4-1\/","title":{"rendered":"Leed"},"content":{"rendered":"<div class=\"wpb-content-wrapper\"><p>[vc_row][vc_column]\n\t\t\t<!-- START slider leed REVOLUTION SLIDER 6.7.38 --><p class=\"rs-p-wp-fix\"><\/p>\n\t\t\t<rs-module-wrap id=\"rev_slider_19_1_wrapper\" data-source=\"gallery\" style=\"visibility:hidden;background:transparent;padding:0;\">\n\t\t\t\t<rs-module id=\"rev_slider_19_1\" style=\"\" data-version=\"6.7.38\">\n\t\t\t\t\t<rs-slides style=\"overflow: hidden; position: absolute;\">\n\t\t\t\t\t\t<rs-slide style=\"position: absolute;\" data-key=\"rs-1093\" data-title=\"Slide\" data-in=\"o:0;\" data-out=\"a:false;\">\n\t\t\t\t\t\t\t<img decoding=\"async\" src=\"\/\/www.valcucine.com\/wp-content\/plugins\/revslider\/sr6\/assets\/assets\/dummy.png\" alt=\"\" title=\"2598_leed\" width=\"1200\" height=\"629\" class=\"rev-slidebg tp-rs-img rs-lazyload\" data-lazyload=\"\/\/www.valcucine.com\/wp-content\/uploads\/2024\/03\/2598_leed.webp\" data-no-retina>\n<!--\n\t\t\t\t\t\t\t--><rs-layer\n\t\t\t\t\t\t\t\tid=\"slider-19-slide-1093-layer-11\" \n\t\t\t\t\t\t\t\tclass=\"slider_fade\"\n\t\t\t\t\t\t\t\tdata-type=\"text\"\n\t\t\t\t\t\t\t\tdata-rsp_ch=\"on\"\n\t\t\t\t\t\t\t\tdata-xy=\"x:c;y:m;\"\n\t\t\t\t\t\t\t\tdata-text=\"w:normal;s:20,20,20,7;l:25,25,25,9;a:center;\"\n\t\t\t\t\t\t\t\tdata-vbility=\"t,t,t,f\"\n\t\t\t\t\t\t\t\tdata-frame_999=\"o:0;st:w;\"\n\t\t\t\t\t\t\t\tstyle=\"z-index:9;font-family:'TheinhardtLight';\"\n\t\t\t\t\t\t\t> \n\t\t\t\t\t\t\t<\/rs-layer><!--\n\n\t\t\t\t\t\t\t--><rs-layer\n\t\t\t\t\t\t\t\tid=\"slider-19-slide-1093-layer-14\" \n\t\t\t\t\t\t\t\tclass=\"slider_fade\"\n\t\t\t\t\t\t\t\tdata-type=\"shape\"\n\t\t\t\t\t\t\t\tdata-rsp_ch=\"on\"\n\t\t\t\t\t\t\t\tdata-text=\"w:normal;s:20,20,20,7;l:0,0,0,9;\"\n\t\t\t\t\t\t\t\tdata-dim=\"w:100%;h:100%;\"\n\t\t\t\t\t\t\t\tdata-basealign=\"slide\"\n\t\t\t\t\t\t\t\tdata-frame_999=\"o:0;st:w;\"\n\t\t\t\t\t\t\t\tstyle=\"z-index:6;background-color:rgba(0,0,0,0.5);\"\n\t\t\t\t\t\t\t> \n\t\t\t\t\t\t\t<\/rs-layer><!--\n\n\t\t\t\t\t\t\t--><rs-layer\n\t\t\t\t\t\t\t\tid=\"slider-19-slide-1093-layer-18\" \n\t\t\t\t\t\t\t\tclass=\"slider_fade\"\n\t\t\t\t\t\t\t\tdata-type=\"text\"\n\t\t\t\t\t\t\t\tdata-rsp_ch=\"on\"\n\t\t\t\t\t\t\t\tdata-xy=\"x:c;xo:1px,1px,1px,0;y:m;yo:0,0,0,-19px;\"\n\t\t\t\t\t\t\t\tdata-text=\"w:normal;s:50,50,50,30;l:25,25,25,9;\"\n\t\t\t\t\t\t\t\tdata-frame_999=\"o:0;st:w;\"\n\t\t\t\t\t\t\t\tstyle=\"z-index:8;font-family:'TheinhardtLight';\"\n\t\t\t\t\t\t\t>LEED \n\t\t\t\t\t\t\t<\/rs-layer><!--\n-->\t\t\t\t\t<\/rs-slide>\n\t\t\t\t\t<\/rs-slides>\n\t\t\t\t\t<rs-static-layers><!--\n\n\t\t\t\t\t\t\t--><rs-layer\n\t\t\t\t\t\t\t\tid=\"slider-19-slide-19-layer-12\" \n\t\t\t\t\t\t\t\tclass=\"play-button rs-svg rs-layer-static\"\n\t\t\t\t\t\t\t\tdata-type=\"svg\"\n\t\t\t\t\t\t\t\tdata-rsp_ch=\"on\"\n\t\t\t\t\t\t\t\tdata-xy=\"xo:20px;y:b;yo:20px;\"\n\t\t\t\t\t\t\t\tdata-text=\"w:normal;s:20,20,20,7;l:0,0,0,9;\"\n\t\t\t\t\t\t\t\tdata-dim=\"w:20px,20px,20px,30px;h:20px,20px,20px,30px;\"\n\t\t\t\t\t\t\t\tdata-actions='o:click;a:playslider;'\n\t\t\t\t\t\t\t\tdata-svg_src=\"\/\/www.valcucine.com\/wp-content\/uploads\/revslider\/svg\/objects\/svgcustom\/circle-play.svg\"\n\t\t\t\t\t\t\t\tdata-svgi=\"oc:t;\"\n\t\t\t\t\t\t\t\tdata-basealign=\"slide\"\n\t\t\t\t\t\t\t\tdata-onslides=\"s:1;\"\n\t\t\t\t\t\t\t\tdata-frame_999=\"o:0;st:w;\"\n\t\t\t\t\t\t\t\tstyle=\"z-index:7;font-family:'Roboto';\"\n\t\t\t\t\t\t\t> \n\t\t\t\t\t\t\t<\/rs-layer><!--\n\n\t\t\t\t\t\t\t--><rs-layer\n\t\t\t\t\t\t\t\tid=\"slider-19-slide-19-layer-13\" \n\t\t\t\t\t\t\t\tclass=\"pause-button current-slider rs-svg rs-layer-static\"\n\t\t\t\t\t\t\t\tdata-type=\"svg\"\n\t\t\t\t\t\t\t\tdata-rsp_ch=\"on\"\n\t\t\t\t\t\t\t\tdata-xy=\"xo:20px;y:b;yo:20px;\"\n\t\t\t\t\t\t\t\tdata-text=\"w:normal;s:20,20,20,7;l:0,0,0,9;\"\n\t\t\t\t\t\t\t\tdata-dim=\"w:20px,20px,20px,30px;h:20px,20px,20px,30px;\"\n\t\t\t\t\t\t\t\tdata-actions='o:click;a:pauseslider;'\n\t\t\t\t\t\t\t\tdata-svg_src=\"\/\/www.valcucine.com\/wp-content\/uploads\/revslider\/svg\/objects\/svgcustom\/circle-pause.svg\"\n\t\t\t\t\t\t\t\tdata-svgi=\"oc:t;\"\n\t\t\t\t\t\t\t\tdata-basealign=\"slide\"\n\t\t\t\t\t\t\t\tdata-onslides=\"s:1;\"\n\t\t\t\t\t\t\t\tdata-frame_999=\"o:0;st:w;\"\n\t\t\t\t\t\t\t\tstyle=\"z-index:8;font-family:'Roboto';\"\n\t\t\t\t\t\t\t> \n\t\t\t\t\t\t\t<\/rs-layer><!--\n\t\t\t\t\t--><\/rs-static-layers>\n\t\t\t\t<\/rs-module>\n\t\t\t\t<script>\n\t\t\t\t\tsetREVStartSize({c: 'rev_slider_19_1',rl:[1240,1240,1240,480],el:[569,569,569,480],gw:[1240,1240,1240,480],gh:[569,569,569,480],type:'standard',justify:'',layout:'fullscreen',offsetContainer:'#slider__height',offset:'0px',mh:\"0\"});if (window.RS_MODULES!==undefined && window.RS_MODULES.modules!==undefined && window.RS_MODULES.modules[\"revslider191\"]!==undefined) {window.RS_MODULES.modules[\"revslider191\"].once = false;window.revapi19 = undefined;if (window.RS_MODULES.checkMinimal!==undefined) window.RS_MODULES.checkMinimal()}\n\t\t\t\t<\/script>\n\t\t\t<\/rs-module-wrap>\n\t\t\t<!-- END REVOLUTION SLIDER -->\n[\/vc_column][\/vc_row][vc_row][vc_column]\n        \n        <h1 class=\"text-center  main__title__h1  vc_custom_1710319402762 \" style=\"color:#333333;\"> \n\n         Leed\n        \n        <\/h1>[vc_row_inner][vc_column_inner]\n        \n        <h2 class=\"text-start  main__title__h2  \" style=\"color:#333333;\"> \n\n         LEED v.4.1 Beitragsmatrix der Valcucine-K\u00fcchen\n        \n        <\/h2>[\/vc_column_inner][\/vc_row_inner][vc_row_inner][vc_column_inner][vc_empty_space][\/vc_column_inner][\/vc_row_inner][\/vc_column][\/vc_row][vc_row][vc_column][vc_column_text]Seit mehr als vierzig Jahren steht Valcucine f\u00fcr das Design und die Produktion von hochwertigen K\u00fcchen. Valcucine ist stets bestrebt, herausragende Leistungen in Bezug auf Nachhaltigkeit, Innovation und Handwerkskunst zu erbringen und setzt mit der LEED V4.1-Zertifizierung seiner K\u00fcchen einmal mehr die Messlatte hoch.<\/p>\n<p><strong>LEED &#8211; Leadership in Energy and Environmental Design &#8211; ist das am weitesten verbreitete Pr\u00fcfsystem f\u00fcr umweltfreundliche Geb\u00e4ude.<br \/>\n<\/strong><br \/>\nLEED bietet einen Rahmen f\u00fcr gesunde, effiziente, kohlenstoff- und kostensparende gr\u00fcne Geb\u00e4ude. Die LEED V4.1-Zertifizierung ist ein weltweit anerkanntes Symbol f\u00fcr nachhaltige Leistungen und F\u00fchrungsqualit\u00e4ten.<\/p>\n<p>Die Systeme f\u00fcr gr\u00fcnes Bauen, die als Referenz f\u00fcr die Kartierung verwendet werden, beziehen das Geb\u00e4ude als Ganzes mit ein, nicht nur das einzelne Produkt, sondern die Baukomponenten, wie z. B. K\u00fcchen, spielen eine grundlegende Rolle f\u00fcr die Nachhaltigkeit und das Zertifizierungsziel des Geb\u00e4udes selbst.<\/p>\n<p>Alle an einem Projekt beteiligten Produkte, einschlie\u00dflich K\u00fcchen, k\u00f6nnen daher zu den Gutschriften beitragen, sofern sie mit den Anforderungen der Gutschriften \u00fcbereinstimmen.<\/p>\n<p>In der Regel sucht jeder, der an einem gr\u00fcnen Projekt teilnimmt, nach Lieferanten von Produkten wie K\u00fcchenschr\u00e4nken mit Ger\u00e4ten, die den geforderten Parametern entsprechen, und nach Herstellern, die in der Lage sind, Informationen, Dokumentationen und Zertifizierungen vorzulegen, die die nachhaltige Leistung ihres Produkts und die Qualit\u00e4t ihrer Prozesse belegen.<\/p>\n<p>LEED ist ein ganzheitliches System, das sich nicht nur auf ein Element eines Geb\u00e4udes wie Energie, Wasser oder Gesundheit konzentriert, sondern das das Gesamtbild betrachtet und alle kritischen Elemente ber\u00fccksichtigt, die zusammenwirken, um das bestm\u00f6gliche Geb\u00e4ude zu schaffen. Tats\u00e4chlich beziehen sich 35 % der LEED-Punkte auf den Klimawandel, 20 % der Punkte wirken sich direkt auf die menschliche Gesundheit aus, 15 % der Punkte auf die Wasserressourcen, 10 % der Punkte auf die biologische Vielfalt, 10 % der Punkte auf die gr\u00fcne Wirtschaft, 5 % der Punkte auf die Gemeinschaft und 5 % der Punkte auf die nat\u00fcrlichen Ressourcen. In LEED v4.1 bezieht sich ein Gro\u00dfteil der LEED-Credits auf den betrieblichen und den verk\u00f6rperten Kohlenstoff.<\/p>\n<p>Um eine LEED-Zertifizierung zu erlangen, erh\u00e4lt ein Projekt Punkte, indem es Voraussetzungen und Punkte erf\u00fcllt, die sich auf Kohlenstoff, Energie, Wasser, Abfall, Transport, Materialien, Gesundheit und Umweltqualit\u00e4t in Innenr\u00e4umen beziehen. Die Projekte durchlaufen ein Verifizierungs- und \u00dcberpr\u00fcfungsverfahren durch GBCI und erhalten Punkte, die einer bestimmten LEED-Zertifizierungsstufe entsprechen: Zertifiziert (40-49 Punkte), Silber (50-59 Punkte), Gold (60-79 Punkte) und Platin (80+ Punkte)[\/vc_column_text][\/vc_column][\/vc_row][vc_row][vc_column]\n        \n        <h3 class=\"text-start  main__title__h3  vc_custom_1724840348180 \" style=\"color:#333333;\"> \n\n         VALCUCINE MATRIX DES BEITRAGS ZU LEED V4.1\n        \n        <\/h3>[vc_column_text]Referenzen: LEED BD+C v4.1 &amp; LEED ID+C v4.1<\/p>\n<p>LEED BD+C V4.1 Reference Guide for Green Building Design and Construction &#8211; g\u00fcltig f\u00fcr Neubauten, gr\u00f6\u00dfere Renovierungen, Kern und H\u00fclle, Schulen, Einzelhandel, Gastgewerbe, Rechenzentren und Gesundheitswesen<br \/>\nLEED ID+C V4.1 Reference Guide for Green Interior Design and Construction &#8211; g\u00fcltig f\u00fcr: gewerbliche Innenr\u00e4ume, Einzelhandel und Gastgewerbe<\/p>\n<p>LEED ist ein gr\u00fcnes Zertifizierungssystem f\u00fcr Geb\u00e4ude. Es bezieht sich auf das Geb\u00e4ude als Ganzes, nicht nur auf das einzelne Produkt.<br \/>\nUnsere K\u00fcchen, die an einem Projekt beteiligt sind, k\u00f6nnen daher zur Erreichung der LEED v4.1-Credits beitragen, sofern sie den Anforderungen entsprechen.[\/vc_column_text][\/vc_column][\/vc_row][vc_row][vc_column]\n        \n        <h3 class=\"text-start  main__title__h3  vc_custom_1724840541704 \" style=\"color:#333333;\"> \n\n         UNSERE IN EINEM PROJEKT INVOLVIERTEN K\u00dcCHEN K\u00d6NNEN SOMIT ZUR ERF\u00dcLLUNG DER LEED-CREDITS V4.1 BEITRAGEN:\n        \n        <\/h3>[vc_column_text]<strong>WIR WASSEREFFIZIENZ<\/strong><\/p>\n<ul>\n<li>WIR VORAUSSETZUNG INNENWASSERNUTZUNGSREDUKTION VALCUCINE fragen Sie nach VALCUCINE<\/li>\n<li>WE SPECs<\/li>\n<li>WE CREDIT INDOOR WATER USE REDUCTION VALCUCINE fragen Sie nach VALCUCINE WE SPECs<\/li>\n<li>WE CREDIT WATER METERING VALCUCINE fragen Sie nach VALCUCINE WE SPECs<\/li>\n<\/ul>\n<p><strong>EA ENERGIE UND ATMOSPH\u00c4RE<\/strong><\/p>\n<ul>\n<li>EA CREDIT ENHANCED COMMISSIONING AND VERIFICATION Fragen Sie nach VALCUCINE EA Cx SET<\/li>\n<\/ul>\n<p><strong>MR MATERIALIEN UND RESSOURCEN<\/strong><\/p>\n<ul>\n<li>MR CREDIT ENVIRONMENTAL PRODUCT DECLARATION Fragen Sie nach VALCUCINE COMPONENTS MR EPD SPECs<\/li>\n<li>MR CREDIT BESCHAFFUNG VON ROHSTOFFEN FSC &#8211; RECYCELTER INHALT<\/li>\n<li>MR CREDIT BAU- UND ABBRUCHABFALLMANAGEMENT NEUES VERPACKUNGSSYSTEM<\/li>\n<li>MR CREDIT LEGAL WOOD PILOT CREDIT VALCUCINE FSC CoC<\/li>\n<\/ul>\n<p><strong>EQ UMWELTQUALIT\u00c4T IN INNENR\u00c4UMEN<\/strong><\/p>\n<ul>\n<li>EQ CREDIT LOW EMITTING MATERIALS fragen Sie nach ARTEMATICA VITRUM SPECs<\/li>\n<li>EQ CREDIT CONSTRUCTION INDOOR AIR QUALITY MANAGEMENT PLAN fragen Sie nach ARTEMATICA VITRUM SPECs<\/li>\n<\/ul>\n<p><strong>IN INNOVATION PILOT KREDIT<\/strong><\/p>\n<ul>\n<li>IN CREDIT LEGALES HOLZ Fragen Sie nach VALCUCINE FSC CoC<\/li>\n<li>IN CREDIT INKLUSIVE GESTALTUNG fragen Sie nach LOGICA CELATA UND AIR LOGICA SYSTEM SPECs<\/li>\n<\/ul>\n<p>[\/vc_column_text][\/vc_column][\/vc_row][vc_row][vc_column]<div class=\"text-start\">\n        \n                <a href=\"https:\/\/www.valcucine.com\/wp-content\/uploads\/2024\/03\/25_2_leed-matrix-valcucine-1-1.pdf\" style=\"letter-spacing:1px;\" class=\"btn bg-sixth text-white border border-0 text-uppercase roundedd-inline text-start\"   \" target=\"\" rel=\"\"> \n        \n                 Download der Beitragsmatrix leed\n                \n                <\/a><\/div>[vc_empty_space][\/vc_column][\/vc_row][vc_row css=&#8220;.vc_custom_1710834469306{margin-bottom: 40px !important;}&#8220;][vc_column][vc_column_text]In Zusammenarbeit mit GREENMAP, dem Programm von Habitech f\u00fcr die Industrie.<br \/>\nHabitech ist ein f\u00fchrendes, vom italienischen Ministerium f\u00fcr Universit\u00e4t und Forschung anerkanntes nationales Zentrum f\u00fcr gr\u00fcnes Bauen, erneuerbare Energien und Innovation.<\/p>\n<p>GREENMAP f\u00f6rdert die Nachhaltigkeit als strategischen Hebel f\u00fcr Innovation und Entwicklung und unterst\u00fctzt die Ausrichtung der Kunden auf ihre Unternehmensmission. Wir unterst\u00fctzen Organisationen bei der Verfolgung ihres strategischen Weges, indem wir nachhaltige Kriterien und Praktiken als Leitprinzipien einf\u00fchren.[\/vc_column_text][\/vc_column][\/vc_row]<\/p>\n<\/div>","protected":false},"excerpt":{"rendered":"<p>[vc_row][vc_column][\/vc_column][\/vc_row][vc_row][vc_column][vc_row_inner][vc_column_inner][\/vc_column_inner][\/vc_row_inner][vc_row_inner][vc_column_inner][vc_empty_space][\/vc_column_inner][\/vc_row_inner][\/vc_column][\/vc_row][vc_row][vc_column][vc_column_text]Seit mehr als vierzig Jahren steht Valcucine f\u00fcr das Design und die Produktion von hochwertigen K\u00fcchen. Valcucine ist stets bestrebt, herausragende Leistungen in Bezug auf Nachhaltigkeit, Innovation und Handwerkskunst zu erbringen und setzt mit der LEED V4.1-Zertifizierung seiner K\u00fcchen einmal mehr die Messlatte hoch. LEED &#8211; Leadership in Energy and Environmental Design &#8211; ist das [&hellip;]<\/p>\n","protected":false},"author":1,"featured_media":0,"parent":20696,"menu_order":0,"comment_status":"closed","ping_status":"closed","template":"","meta":{"footnotes":""},"class_list":["post-21259","page","type-page","status-publish","hentry"],"yoast_head":"<!-- This site is optimized with the Yoast SEO plugin v26.2 - https:\/\/yoast.com\/wordpress\/plugins\/seo\/ -->\n<title>Leed - Valcucine<\/title>\n<meta name=\"description\" content=\"Valcucine setzt auf nachhaltiges Bauen mit der LEED v4.1-Zertifizierung, um umweltfreundliche K\u00fcchenl\u00f6sungen zu bieten.\" \/>\n<meta name=\"robots\" content=\"index, follow, max-snippet:-1, max-image-preview:large, max-video-preview:-1\" \/>\n<link rel=\"canonical\" href=\"https:\/\/www.valcucine.com\/de\/unternehmen\/esg\/leed-v4-1\/\" \/>\n<meta property=\"og:locale\" content=\"de_DE\" \/>\n<meta property=\"og:type\" content=\"article\" \/>\n<meta property=\"og:title\" content=\"Leed - Valcucine\" \/>\n<meta property=\"og:description\" content=\"Valcucine setzt auf nachhaltiges Bauen mit der LEED v4.1-Zertifizierung, um umweltfreundliche K\u00fcchenl\u00f6sungen zu bieten.\" \/>\n<meta property=\"og:url\" content=\"https:\/\/www.valcucine.com\/de\/unternehmen\/esg\/leed-v4-1\/\" \/>\n<meta property=\"og:site_name\" content=\"Valcucine\" \/>\n<meta property=\"article:publisher\" content=\"https:\/\/www.facebook.com\/valcucine\/\" \/>\n<meta property=\"article:modified_time\" content=\"2025-03-20T07:57:41+00:00\" \/>\n<meta name=\"twitter:card\" content=\"summary_large_image\" \/>\n<meta name=\"twitter:label1\" content=\"Gesch\u00e4tzte Lesezeit\" \/>\n\t<meta name=\"twitter:data1\" content=\"5\u00a0Minuten\" \/>\n<script type=\"application\/ld+json\" class=\"yoast-schema-graph\">{\"@context\":\"https:\/\/schema.org\",\"@graph\":[{\"@type\":\"WebPage\",\"@id\":\"https:\/\/www.valcucine.com\/de\/unternehmen\/esg\/leed-v4-1\/\",\"url\":\"https:\/\/www.valcucine.com\/de\/unternehmen\/esg\/leed-v4-1\/\",\"name\":\"Leed - Valcucine\",\"isPartOf\":{\"@id\":\"https:\/\/www.valcucine.com\/#website\"},\"datePublished\":\"2024-03-12T09:06:51+00:00\",\"dateModified\":\"2025-03-20T07:57:41+00:00\",\"description\":\"Valcucine setzt auf nachhaltiges Bauen mit der LEED v4.1-Zertifizierung, um umweltfreundliche K\u00fcchenl\u00f6sungen zu bieten.\",\"breadcrumb\":{\"@id\":\"https:\/\/www.valcucine.com\/de\/unternehmen\/esg\/leed-v4-1\/#breadcrumb\"},\"inLanguage\":\"de\",\"potentialAction\":[{\"@type\":\"ReadAction\",\"target\":[\"https:\/\/www.valcucine.com\/de\/unternehmen\/esg\/leed-v4-1\/\"]}]},{\"@type\":\"BreadcrumbList\",\"@id\":\"https:\/\/www.valcucine.com\/de\/unternehmen\/esg\/leed-v4-1\/#breadcrumb\",\"itemListElement\":[{\"@type\":\"ListItem\",\"position\":1,\"name\":\"Valcucine\",\"item\":\"https:\/\/www.valcucine.com\/de\/\"},{\"@type\":\"ListItem\",\"position\":2,\"name\":\"Unternehmen\",\"item\":\"https:\/\/www.valcucine.com\/de\/unternehmen\/\"},{\"@type\":\"ListItem\",\"position\":3,\"name\":\"ESG\",\"item\":\"https:\/\/www.valcucine.com\/de\/unternehmen\/esg\/\"},{\"@type\":\"ListItem\",\"position\":4,\"name\":\"Leed\"}]},{\"@type\":\"WebSite\",\"@id\":\"https:\/\/www.valcucine.com\/#website\",\"url\":\"https:\/\/www.valcucine.com\/\",\"name\":\"Valcucine\",\"description\":\"\",\"publisher\":{\"@id\":\"https:\/\/www.valcucine.com\/#organization\"},\"potentialAction\":[{\"@type\":\"SearchAction\",\"target\":{\"@type\":\"EntryPoint\",\"urlTemplate\":\"https:\/\/www.valcucine.com\/?s={search_term_string}\"},\"query-input\":{\"@type\":\"PropertyValueSpecification\",\"valueRequired\":true,\"valueName\":\"search_term_string\"}}],\"inLanguage\":\"de\"},{\"@type\":\"Organization\",\"@id\":\"https:\/\/www.valcucine.com\/#organization\",\"name\":\"Valcucine\",\"url\":\"https:\/\/www.valcucine.com\/\",\"logo\":{\"@type\":\"ImageObject\",\"inLanguage\":\"de\",\"@id\":\"https:\/\/www.valcucine.com\/#\/schema\/logo\/image\/\",\"url\":\"https:\/\/www.valcucine.com\/wp-content\/uploads\/2024\/02\/logo-valcucine.webp?wsr\",\"contentUrl\":\"https:\/\/www.valcucine.com\/wp-content\/uploads\/2024\/02\/logo-valcucine.webp?wsr\",\"width\":288,\"height\":46,\"caption\":\"Valcucine\"},\"image\":{\"@id\":\"https:\/\/www.valcucine.com\/#\/schema\/logo\/image\/\"},\"sameAs\":[\"https:\/\/www.facebook.com\/valcucine\/\",\"https:\/\/www.instagram.com\/valcucine\/\",\"https:\/\/www.linkedin.com\/company\/valcucine\"]}]}<\/script>\n<!-- \/ Yoast SEO plugin. -->","yoast_head_json":{"title":"Leed - Valcucine","description":"Valcucine setzt auf nachhaltiges Bauen mit der LEED v4.1-Zertifizierung, um umweltfreundliche K\u00fcchenl\u00f6sungen zu bieten.","robots":{"index":"index","follow":"follow","max-snippet":"max-snippet:-1","max-image-preview":"max-image-preview:large","max-video-preview":"max-video-preview:-1"},"canonical":"https:\/\/www.valcucine.com\/de\/unternehmen\/esg\/leed-v4-1\/","og_locale":"de_DE","og_type":"article","og_title":"Leed - Valcucine","og_description":"Valcucine setzt auf nachhaltiges Bauen mit der LEED v4.1-Zertifizierung, um umweltfreundliche K\u00fcchenl\u00f6sungen zu bieten.","og_url":"https:\/\/www.valcucine.com\/de\/unternehmen\/esg\/leed-v4-1\/","og_site_name":"Valcucine","article_publisher":"https:\/\/www.facebook.com\/valcucine\/","article_modified_time":"2025-03-20T07:57:41+00:00","twitter_card":"summary_large_image","twitter_misc":{"Gesch\u00e4tzte Lesezeit":"5\u00a0Minuten"},"schema":{"@context":"https:\/\/schema.org","@graph":[{"@type":"WebPage","@id":"https:\/\/www.valcucine.com\/de\/unternehmen\/esg\/leed-v4-1\/","url":"https:\/\/www.valcucine.com\/de\/unternehmen\/esg\/leed-v4-1\/","name":"Leed - Valcucine","isPartOf":{"@id":"https:\/\/www.valcucine.com\/#website"},"datePublished":"2024-03-12T09:06:51+00:00","dateModified":"2025-03-20T07:57:41+00:00","description":"Valcucine setzt auf nachhaltiges Bauen mit der LEED v4.1-Zertifizierung, um umweltfreundliche K\u00fcchenl\u00f6sungen zu bieten.","breadcrumb":{"@id":"https:\/\/www.valcucine.com\/de\/unternehmen\/esg\/leed-v4-1\/#breadcrumb"},"inLanguage":"de","potentialAction":[{"@type":"ReadAction","target":["https:\/\/www.valcucine.com\/de\/unternehmen\/esg\/leed-v4-1\/"]}]},{"@type":"BreadcrumbList","@id":"https:\/\/www.valcucine.com\/de\/unternehmen\/esg\/leed-v4-1\/#breadcrumb","itemListElement":[{"@type":"ListItem","position":1,"name":"Valcucine","item":"https:\/\/www.valcucine.com\/de\/"},{"@type":"ListItem","position":2,"name":"Unternehmen","item":"https:\/\/www.valcucine.com\/de\/unternehmen\/"},{"@type":"ListItem","position":3,"name":"ESG","item":"https:\/\/www.valcucine.com\/de\/unternehmen\/esg\/"},{"@type":"ListItem","position":4,"name":"Leed"}]},{"@type":"WebSite","@id":"https:\/\/www.valcucine.com\/#website","url":"https:\/\/www.valcucine.com\/","name":"Valcucine","description":"","publisher":{"@id":"https:\/\/www.valcucine.com\/#organization"},"potentialAction":[{"@type":"SearchAction","target":{"@type":"EntryPoint","urlTemplate":"https:\/\/www.valcucine.com\/?s={search_term_string}"},"query-input":{"@type":"PropertyValueSpecification","valueRequired":true,"valueName":"search_term_string"}}],"inLanguage":"de"},{"@type":"Organization","@id":"https:\/\/www.valcucine.com\/#organization","name":"Valcucine","url":"https:\/\/www.valcucine.com\/","logo":{"@type":"ImageObject","inLanguage":"de","@id":"https:\/\/www.valcucine.com\/#\/schema\/logo\/image\/","url":"https:\/\/www.valcucine.com\/wp-content\/uploads\/2024\/02\/logo-valcucine.webp?wsr","contentUrl":"https:\/\/www.valcucine.com\/wp-content\/uploads\/2024\/02\/logo-valcucine.webp?wsr","width":288,"height":46,"caption":"Valcucine"},"image":{"@id":"https:\/\/www.valcucine.com\/#\/schema\/logo\/image\/"},"sameAs":["https:\/\/www.facebook.com\/valcucine\/","https:\/\/www.instagram.com\/valcucine\/","https:\/\/www.linkedin.com\/company\/valcucine"]}]}},"_links":{"self":[{"href":"https:\/\/www.valcucine.com\/de\/wp-json\/wp\/v2\/pages\/21259","targetHints":{"allow":["GET"]}}],"collection":[{"href":"https:\/\/www.valcucine.com\/de\/wp-json\/wp\/v2\/pages"}],"about":[{"href":"https:\/\/www.valcucine.com\/de\/wp-json\/wp\/v2\/types\/page"}],"author":[{"embeddable":true,"href":"https:\/\/www.valcucine.com\/de\/wp-json\/wp\/v2\/users\/1"}],"replies":[{"embeddable":true,"href":"https:\/\/www.valcucine.com\/de\/wp-json\/wp\/v2\/comments?post=21259"}],"version-history":[{"count":3,"href":"https:\/\/www.valcucine.com\/de\/wp-json\/wp\/v2\/pages\/21259\/revisions"}],"predecessor-version":[{"id":27002,"href":"https:\/\/www.valcucine.com\/de\/wp-json\/wp\/v2\/pages\/21259\/revisions\/27002"}],"up":[{"embeddable":true,"href":"https:\/\/www.valcucine.com\/de\/wp-json\/wp\/v2\/pages\/20696"}],"wp:attachment":[{"href":"https:\/\/www.valcucine.com\/de\/wp-json\/wp\/v2\/media?parent=21259"}],"curies":[{"name":"wp","href":"https:\/\/api.w.org\/{rel}","templated":true}]}}