{"id":21267,"date":"2024-03-12T09:06:59","date_gmt":"2024-03-12T09:06:59","guid":{"rendered":"https:\/\/devel.valcucine.com\/unternehmen\/esg\/iso\/"},"modified":"2024-09-27T15:05:58","modified_gmt":"2024-09-27T15:05:58","slug":"zertifizierungen","status":"publish","type":"page","link":"https:\/\/www.valcucine.com\/de\/unternehmen\/esg\/zertifizierungen\/","title":{"rendered":"Iso"},"content":{"rendered":"<div class=\"wpb-content-wrapper\"><p>[vc_row][vc_column]\n\t\t\t<!-- START slider iso REVOLUTION SLIDER 6.7.38 --><p class=\"rs-p-wp-fix\"><\/p>\n\t\t\t<rs-module-wrap id=\"rev_slider_20_1_wrapper\" data-source=\"gallery\" style=\"visibility:hidden;background:transparent;padding:0;\">\n\t\t\t\t<rs-module id=\"rev_slider_20_1\" style=\"\" data-version=\"6.7.38\">\n\t\t\t\t\t<rs-slides style=\"overflow: hidden; position: absolute;\">\n\t\t\t\t\t\t<rs-slide style=\"position: absolute;\" data-key=\"rs-1095\" data-title=\"Slide\" data-in=\"o:0;\" data-out=\"a:false;\">\n\t\t\t\t\t\t\t<img decoding=\"async\" src=\"\/\/www.valcucine.com\/wp-content\/plugins\/revslider\/sr6\/assets\/assets\/dummy.png\" alt=\"\" title=\"2596_iso\" width=\"1634\" height=\"1136\" class=\"rev-slidebg tp-rs-img rs-lazyload\" data-lazyload=\"\/\/www.valcucine.com\/wp-content\/uploads\/2024\/03\/2596_iso.webp\" data-no-retina>\n<!--\n\t\t\t\t\t\t\t--><rs-layer\n\t\t\t\t\t\t\t\tid=\"slider-20-slide-1095-layer-11\" \n\t\t\t\t\t\t\t\tclass=\"slider_fade\"\n\t\t\t\t\t\t\t\tdata-type=\"text\"\n\t\t\t\t\t\t\t\tdata-rsp_ch=\"on\"\n\t\t\t\t\t\t\t\tdata-xy=\"x:c;y:m;\"\n\t\t\t\t\t\t\t\tdata-text=\"w:normal;s:20,20,20,7;l:25,25,25,9;a:center;\"\n\t\t\t\t\t\t\t\tdata-vbility=\"t,t,t,f\"\n\t\t\t\t\t\t\t\tdata-frame_999=\"o:0;st:w;\"\n\t\t\t\t\t\t\t\tstyle=\"z-index:9;font-family:'TheinhardtLight';\"\n\t\t\t\t\t\t\t>Unsere organisatorischen Standards \n\t\t\t\t\t\t\t<\/rs-layer><!--\n\n\t\t\t\t\t\t\t--><rs-layer\n\t\t\t\t\t\t\t\tid=\"slider-20-slide-1095-layer-14\" \n\t\t\t\t\t\t\t\tclass=\"slider_fade\"\n\t\t\t\t\t\t\t\tdata-type=\"shape\"\n\t\t\t\t\t\t\t\tdata-rsp_ch=\"on\"\n\t\t\t\t\t\t\t\tdata-text=\"w:normal;s:20,20,20,7;l:0,0,0,9;\"\n\t\t\t\t\t\t\t\tdata-dim=\"w:100%;h:100%;\"\n\t\t\t\t\t\t\t\tdata-basealign=\"slide\"\n\t\t\t\t\t\t\t\tdata-frame_999=\"o:0;st:w;\"\n\t\t\t\t\t\t\t\tstyle=\"z-index:6;background-color:rgba(0,0,0,0.5);\"\n\t\t\t\t\t\t\t> \n\t\t\t\t\t\t\t<\/rs-layer><!--\n\n\t\t\t\t\t\t\t--><rs-layer\n\t\t\t\t\t\t\t\tid=\"slider-20-slide-1095-layer-18\" \n\t\t\t\t\t\t\t\tclass=\"slider_fade\"\n\t\t\t\t\t\t\t\tdata-type=\"text\"\n\t\t\t\t\t\t\t\tdata-rsp_ch=\"on\"\n\t\t\t\t\t\t\t\tdata-xy=\"x:c;y:m;yo:-50px,-50px,-50px,-19px;\"\n\t\t\t\t\t\t\t\tdata-text=\"w:normal;s:50,50,50,30;l:25,25,25,9;\"\n\t\t\t\t\t\t\t\tdata-frame_999=\"o:0;st:w;\"\n\t\t\t\t\t\t\t\tstyle=\"z-index:8;font-family:'TheinhardtLight';\"\n\t\t\t\t\t\t\t>ISO \n\t\t\t\t\t\t\t<\/rs-layer><!--\n-->\t\t\t\t\t<\/rs-slide>\n\t\t\t\t\t<\/rs-slides>\n\t\t\t\t\t<rs-static-layers><!--\n\n\t\t\t\t\t\t\t--><rs-layer\n\t\t\t\t\t\t\t\tid=\"slider-20-slide-20-layer-12\" \n\t\t\t\t\t\t\t\tclass=\"play-button rs-svg rs-layer-static\"\n\t\t\t\t\t\t\t\tdata-type=\"svg\"\n\t\t\t\t\t\t\t\tdata-rsp_ch=\"on\"\n\t\t\t\t\t\t\t\tdata-xy=\"xo:20px;y:b;yo:20px;\"\n\t\t\t\t\t\t\t\tdata-text=\"w:normal;s:20,20,20,7;l:0,0,0,9;\"\n\t\t\t\t\t\t\t\tdata-dim=\"w:20px,20px,20px,30px;h:20px,20px,20px,30px;\"\n\t\t\t\t\t\t\t\tdata-actions='o:click;a:playslider;'\n\t\t\t\t\t\t\t\tdata-svg_src=\"\/\/www.valcucine.com\/wp-content\/uploads\/revslider\/svg\/objects\/svgcustom\/circle-play.svg\"\n\t\t\t\t\t\t\t\tdata-svgi=\"oc:t;\"\n\t\t\t\t\t\t\t\tdata-basealign=\"slide\"\n\t\t\t\t\t\t\t\tdata-onslides=\"s:1;\"\n\t\t\t\t\t\t\t\tdata-frame_999=\"o:0;st:w;\"\n\t\t\t\t\t\t\t\tstyle=\"z-index:7;font-family:'Roboto';\"\n\t\t\t\t\t\t\t> \n\t\t\t\t\t\t\t<\/rs-layer><!--\n\n\t\t\t\t\t\t\t--><rs-layer\n\t\t\t\t\t\t\t\tid=\"slider-20-slide-20-layer-13\" \n\t\t\t\t\t\t\t\tclass=\"pause-button current-slider rs-svg rs-layer-static\"\n\t\t\t\t\t\t\t\tdata-type=\"svg\"\n\t\t\t\t\t\t\t\tdata-rsp_ch=\"on\"\n\t\t\t\t\t\t\t\tdata-xy=\"xo:20px;y:b;yo:20px;\"\n\t\t\t\t\t\t\t\tdata-text=\"w:normal;s:20,20,20,7;l:0,0,0,9;\"\n\t\t\t\t\t\t\t\tdata-dim=\"w:20px,20px,20px,30px;h:20px,20px,20px,30px;\"\n\t\t\t\t\t\t\t\tdata-actions='o:click;a:pauseslider;'\n\t\t\t\t\t\t\t\tdata-svg_src=\"\/\/www.valcucine.com\/wp-content\/uploads\/revslider\/svg\/objects\/svgcustom\/circle-pause.svg\"\n\t\t\t\t\t\t\t\tdata-svgi=\"oc:t;\"\n\t\t\t\t\t\t\t\tdata-basealign=\"slide\"\n\t\t\t\t\t\t\t\tdata-onslides=\"s:1;\"\n\t\t\t\t\t\t\t\tdata-frame_999=\"o:0;st:w;\"\n\t\t\t\t\t\t\t\tstyle=\"z-index:8;font-family:'Roboto';\"\n\t\t\t\t\t\t\t> \n\t\t\t\t\t\t\t<\/rs-layer><!--\n\t\t\t\t\t--><\/rs-static-layers>\n\t\t\t\t<\/rs-module>\n\t\t\t\t<script>\n\t\t\t\t\tsetREVStartSize({c: 'rev_slider_20_1',rl:[1240,1240,1240,480],el:[569,569,569,480],gw:[1240,1240,1240,480],gh:[569,569,569,480],type:'standard',justify:'',layout:'fullscreen',offsetContainer:'#slider__height',offset:'0px',mh:\"0\"});if (window.RS_MODULES!==undefined && window.RS_MODULES.modules!==undefined && window.RS_MODULES.modules[\"revslider201\"]!==undefined) {window.RS_MODULES.modules[\"revslider201\"].once = false;window.revapi20 = undefined;if (window.RS_MODULES.checkMinimal!==undefined) window.RS_MODULES.checkMinimal()}\n\t\t\t\t<\/script>\n\t\t\t<\/rs-module-wrap>\n\t\t\t<!-- END REVOLUTION SLIDER -->\n[vc_row_inner][vc_column_inner]\n        \n        <h1 class=\"text-center  main__title__h1  vc_custom_1710326859358 \" style=\"color:#333333;\"> \n\n         ISO\n        \n        <\/h1>[\/vc_column_inner][\/vc_row_inner][\/vc_column][\/vc_row][vc_row][vc_column width=&#8220;1\/4&#8243;][vc_single_image image=&#8220;3950&#8243; img_size=&#8220;180&#215;150&#8243; alignment=&#8220;center&#8220;][\/vc_column][vc_column width=&#8220;3\/4&#8243;]\n        \n        <h4 class=\"text-start  main__title__h4  vc_custom_1710834681461 \" style=\"color:#333333;\"> \n\n         ISO 14001\n        \n        <\/h4>[vc_column_text]Das Zertifikat zur Umweltmanagementnorm ISO 14001 garantiert, dass das Unternehmen die Umweltgesetze zu Giftstoffemissionen, L\u00e4rm und Abwasser erf\u00fcllt, dass es \u00fcber ein kontrolliertes und registriertes Entsorgungssystem verf\u00fcgt, dass es Anstrengungen unternimmt, um den Energieverbrauch zu verringern, dass es Projekte mit diesem Ziel umsetzt und sich an Umweltprojekten beteiligt.<\/p>\n<p><span style=\"color: #2e8b57;\">\u00a0<\/span>[\/vc_column_text]<div class=\"text-start\">\n        \n                <a href=\"https:\/\/www.valcucine.com\/wp-content\/uploads\/2024\/03\/39_1_certificazione-ambientale-14001-1.pdf\" style=\"letter-spacing:1px;\" class=\"btn bg-sixth text-white border border-0 text-uppercase roundedd-inline text-start\"   \" target=\"\" rel=\"\"> \n        \n                 Download der Zertifizierung ISO 14001\n                \n                <\/a><\/div>[vc_empty_space][\/vc_column][\/vc_row][vc_row][vc_column width=&#8220;1\/4&#8243;][vc_single_image image=&#8220;3955&#8243; img_size=&#8220;180&#215;158&#8243; alignment=&#8220;center&#8220;][\/vc_column][vc_column width=&#8220;3\/4&#8243;]\n        \n        <h4 class=\"text-start  main__title__h4  vc_custom_1710834686775 \" style=\"color:#333333;\"> \n\n         ISO 45001\n        \n        <\/h4>[vc_column_text]Im Jahr 2011 erhielt Valcucine die OHSASZertifizierung (Occupational Health and Safety Assessment Series). Es handelt sich hierbei um einen internationalen Standard<br \/>\nf\u00fcr ein Managementsystem der Gesundheit und Sicherheit am Arbeitsplatz. Nachfolgend erhielt Valcucine als Ersatz die neue Zertifizierung nach ISO 45001.<\/p>\n<p><span style=\"color: #2e8b57;\">\u00a0<\/span>[\/vc_column_text]<div class=\"text-start\">\n        \n                <a href=\"https:\/\/www.valcucine.com\/wp-content\/uploads\/2024\/03\/38_1_certificazione-sicurezza-45001-1.pdf\" style=\"letter-spacing:1px;\" class=\"btn bg-sixth text-white border border-0 text-uppercase roundedd-inline text-start\"   \" target=\"\" rel=\"\"> \n        \n                 Download der Zertifizierung ISO 45001\n                \n                <\/a><\/div>[\/vc_column][\/vc_row][vc_row css=&#8220;.vc_custom_1710834646056{margin-bottom: 40px !important;}&#8220;][vc_column][vc_separator el_width=&#8220;10&#8243;][\/vc_column][\/vc_row]<\/p>\n<\/div>","protected":false},"excerpt":{"rendered":"<p>[vc_row][vc_column][vc_row_inner][vc_column_inner][\/vc_column_inner][\/vc_row_inner][\/vc_column][\/vc_row][vc_row][vc_column width=&#8220;1\/4&#8243;][vc_single_image image=&#8220;3950&#8243; img_size=&#8220;180&#215;150&#8243; alignment=&#8220;center&#8220;][\/vc_column][vc_column width=&#8220;3\/4&#8243;][vc_column_text]Das Zertifikat zur Umweltmanagementnorm ISO 14001 garantiert, dass das Unternehmen die Umweltgesetze zu Giftstoffemissionen, L\u00e4rm und Abwasser erf\u00fcllt, dass es \u00fcber ein kontrolliertes und registriertes Entsorgungssystem verf\u00fcgt, dass es Anstrengungen unternimmt, um den Energieverbrauch zu verringern, dass es Projekte mit diesem Ziel umsetzt und sich an Umweltprojekten beteiligt. \u00a0[\/vc_column_text][vc_empty_space][\/vc_column][\/vc_row][vc_row][vc_column width=&#8220;1\/4&#8243;][vc_single_image [&hellip;]<\/p>\n","protected":false},"author":1,"featured_media":0,"parent":20696,"menu_order":0,"comment_status":"closed","ping_status":"closed","template":"","meta":{"footnotes":""},"class_list":["post-21267","page","type-page","status-publish","hentry"],"yoast_head":"<!-- This site is optimized with the Yoast SEO plugin v26.2 - https:\/\/yoast.com\/wordpress\/plugins\/seo\/ -->\n<title>Zertifizierung ISO Valcucine<\/title>\n<meta name=\"robots\" content=\"index, follow, max-snippet:-1, max-image-preview:large, max-video-preview:-1\" \/>\n<link rel=\"canonical\" href=\"https:\/\/www.valcucine.com\/de\/unternehmen\/esg\/zertifizierungen\/\" \/>\n<meta property=\"og:locale\" content=\"de_DE\" \/>\n<meta property=\"og:type\" content=\"article\" \/>\n<meta property=\"og:title\" content=\"Zertifizierung ISO Valcucine\" \/>\n<meta property=\"og:description\" content=\"[vc_row][vc_column][vc_row_inner][vc_column_inner][\/vc_column_inner][\/vc_row_inner][\/vc_column][\/vc_row][vc_row][vc_column width=&#8220;1\/4&#8243;][vc_single_image image=&#8220;3950&#8243; img_size=&#8220;180&#215;150&#8243; alignment=&#8220;center&#8220;][\/vc_column][vc_column width=&#8220;3\/4&#8243;][vc_column_text]Das Zertifikat zur Umweltmanagementnorm ISO 14001 garantiert, dass das Unternehmen die Umweltgesetze zu Giftstoffemissionen, L\u00e4rm und Abwasser erf\u00fcllt, dass es \u00fcber ein kontrolliertes und registriertes Entsorgungssystem verf\u00fcgt, dass es Anstrengungen unternimmt, um den Energieverbrauch zu verringern, dass es Projekte mit diesem Ziel umsetzt und sich an Umweltprojekten beteiligt. \u00a0[\/vc_column_text][vc_empty_space][\/vc_column][\/vc_row][vc_row][vc_column width=&#8220;1\/4&#8243;][vc_single_image [&hellip;]\" \/>\n<meta property=\"og:url\" content=\"https:\/\/www.valcucine.com\/de\/unternehmen\/esg\/zertifizierungen\/\" \/>\n<meta property=\"og:site_name\" content=\"Valcucine\" \/>\n<meta property=\"article:publisher\" content=\"https:\/\/www.facebook.com\/valcucine\/\" \/>\n<meta property=\"article:modified_time\" content=\"2024-09-27T15:05:58+00:00\" \/>\n<meta name=\"twitter:card\" content=\"summary_large_image\" \/>\n<meta name=\"twitter:label1\" content=\"Gesch\u00e4tzte Lesezeit\" \/>\n\t<meta name=\"twitter:data1\" content=\"2\u00a0Minuten\" \/>\n<script type=\"application\/ld+json\" class=\"yoast-schema-graph\">{\"@context\":\"https:\/\/schema.org\",\"@graph\":[{\"@type\":\"WebPage\",\"@id\":\"https:\/\/www.valcucine.com\/de\/unternehmen\/esg\/zertifizierungen\/\",\"url\":\"https:\/\/www.valcucine.com\/de\/unternehmen\/esg\/zertifizierungen\/\",\"name\":\"Zertifizierung ISO Valcucine\",\"isPartOf\":{\"@id\":\"https:\/\/www.valcucine.com\/#website\"},\"datePublished\":\"2024-03-12T09:06:59+00:00\",\"dateModified\":\"2024-09-27T15:05:58+00:00\",\"breadcrumb\":{\"@id\":\"https:\/\/www.valcucine.com\/de\/unternehmen\/esg\/zertifizierungen\/#breadcrumb\"},\"inLanguage\":\"de\",\"potentialAction\":[{\"@type\":\"ReadAction\",\"target\":[\"https:\/\/www.valcucine.com\/de\/unternehmen\/esg\/zertifizierungen\/\"]}]},{\"@type\":\"BreadcrumbList\",\"@id\":\"https:\/\/www.valcucine.com\/de\/unternehmen\/esg\/zertifizierungen\/#breadcrumb\",\"itemListElement\":[{\"@type\":\"ListItem\",\"position\":1,\"name\":\"Valcucine\",\"item\":\"https:\/\/www.valcucine.com\/de\/\"},{\"@type\":\"ListItem\",\"position\":2,\"name\":\"Unternehmen\",\"item\":\"https:\/\/www.valcucine.com\/de\/unternehmen\/\"},{\"@type\":\"ListItem\",\"position\":3,\"name\":\"ESG\",\"item\":\"https:\/\/www.valcucine.com\/de\/unternehmen\/esg\/\"},{\"@type\":\"ListItem\",\"position\":4,\"name\":\"Iso\"}]},{\"@type\":\"WebSite\",\"@id\":\"https:\/\/www.valcucine.com\/#website\",\"url\":\"https:\/\/www.valcucine.com\/\",\"name\":\"Valcucine\",\"description\":\"\",\"publisher\":{\"@id\":\"https:\/\/www.valcucine.com\/#organization\"},\"potentialAction\":[{\"@type\":\"SearchAction\",\"target\":{\"@type\":\"EntryPoint\",\"urlTemplate\":\"https:\/\/www.valcucine.com\/?s={search_term_string}\"},\"query-input\":{\"@type\":\"PropertyValueSpecification\",\"valueRequired\":true,\"valueName\":\"search_term_string\"}}],\"inLanguage\":\"de\"},{\"@type\":\"Organization\",\"@id\":\"https:\/\/www.valcucine.com\/#organization\",\"name\":\"Valcucine\",\"url\":\"https:\/\/www.valcucine.com\/\",\"logo\":{\"@type\":\"ImageObject\",\"inLanguage\":\"de\",\"@id\":\"https:\/\/www.valcucine.com\/#\/schema\/logo\/image\/\",\"url\":\"https:\/\/www.valcucine.com\/wp-content\/uploads\/2024\/02\/logo-valcucine.webp?wsr\",\"contentUrl\":\"https:\/\/www.valcucine.com\/wp-content\/uploads\/2024\/02\/logo-valcucine.webp?wsr\",\"width\":288,\"height\":46,\"caption\":\"Valcucine\"},\"image\":{\"@id\":\"https:\/\/www.valcucine.com\/#\/schema\/logo\/image\/\"},\"sameAs\":[\"https:\/\/www.facebook.com\/valcucine\/\",\"https:\/\/www.instagram.com\/valcucine\/\",\"https:\/\/www.linkedin.com\/company\/valcucine\"]}]}<\/script>\n<!-- \/ Yoast SEO plugin. -->","yoast_head_json":{"title":"Zertifizierung ISO Valcucine","robots":{"index":"index","follow":"follow","max-snippet":"max-snippet:-1","max-image-preview":"max-image-preview:large","max-video-preview":"max-video-preview:-1"},"canonical":"https:\/\/www.valcucine.com\/de\/unternehmen\/esg\/zertifizierungen\/","og_locale":"de_DE","og_type":"article","og_title":"Zertifizierung ISO Valcucine","og_description":"[vc_row][vc_column][vc_row_inner][vc_column_inner][\/vc_column_inner][\/vc_row_inner][\/vc_column][\/vc_row][vc_row][vc_column width=&#8220;1\/4&#8243;][vc_single_image image=&#8220;3950&#8243; img_size=&#8220;180&#215;150&#8243; alignment=&#8220;center&#8220;][\/vc_column][vc_column width=&#8220;3\/4&#8243;][vc_column_text]Das Zertifikat zur Umweltmanagementnorm ISO 14001 garantiert, dass das Unternehmen die Umweltgesetze zu Giftstoffemissionen, L\u00e4rm und Abwasser erf\u00fcllt, dass es \u00fcber ein kontrolliertes und registriertes Entsorgungssystem verf\u00fcgt, dass es Anstrengungen unternimmt, um den Energieverbrauch zu verringern, dass es Projekte mit diesem Ziel umsetzt und sich an Umweltprojekten beteiligt. \u00a0[\/vc_column_text][vc_empty_space][\/vc_column][\/vc_row][vc_row][vc_column width=&#8220;1\/4&#8243;][vc_single_image [&hellip;]","og_url":"https:\/\/www.valcucine.com\/de\/unternehmen\/esg\/zertifizierungen\/","og_site_name":"Valcucine","article_publisher":"https:\/\/www.facebook.com\/valcucine\/","article_modified_time":"2024-09-27T15:05:58+00:00","twitter_card":"summary_large_image","twitter_misc":{"Gesch\u00e4tzte Lesezeit":"2\u00a0Minuten"},"schema":{"@context":"https:\/\/schema.org","@graph":[{"@type":"WebPage","@id":"https:\/\/www.valcucine.com\/de\/unternehmen\/esg\/zertifizierungen\/","url":"https:\/\/www.valcucine.com\/de\/unternehmen\/esg\/zertifizierungen\/","name":"Zertifizierung ISO Valcucine","isPartOf":{"@id":"https:\/\/www.valcucine.com\/#website"},"datePublished":"2024-03-12T09:06:59+00:00","dateModified":"2024-09-27T15:05:58+00:00","breadcrumb":{"@id":"https:\/\/www.valcucine.com\/de\/unternehmen\/esg\/zertifizierungen\/#breadcrumb"},"inLanguage":"de","potentialAction":[{"@type":"ReadAction","target":["https:\/\/www.valcucine.com\/de\/unternehmen\/esg\/zertifizierungen\/"]}]},{"@type":"BreadcrumbList","@id":"https:\/\/www.valcucine.com\/de\/unternehmen\/esg\/zertifizierungen\/#breadcrumb","itemListElement":[{"@type":"ListItem","position":1,"name":"Valcucine","item":"https:\/\/www.valcucine.com\/de\/"},{"@type":"ListItem","position":2,"name":"Unternehmen","item":"https:\/\/www.valcucine.com\/de\/unternehmen\/"},{"@type":"ListItem","position":3,"name":"ESG","item":"https:\/\/www.valcucine.com\/de\/unternehmen\/esg\/"},{"@type":"ListItem","position":4,"name":"Iso"}]},{"@type":"WebSite","@id":"https:\/\/www.valcucine.com\/#website","url":"https:\/\/www.valcucine.com\/","name":"Valcucine","description":"","publisher":{"@id":"https:\/\/www.valcucine.com\/#organization"},"potentialAction":[{"@type":"SearchAction","target":{"@type":"EntryPoint","urlTemplate":"https:\/\/www.valcucine.com\/?s={search_term_string}"},"query-input":{"@type":"PropertyValueSpecification","valueRequired":true,"valueName":"search_term_string"}}],"inLanguage":"de"},{"@type":"Organization","@id":"https:\/\/www.valcucine.com\/#organization","name":"Valcucine","url":"https:\/\/www.valcucine.com\/","logo":{"@type":"ImageObject","inLanguage":"de","@id":"https:\/\/www.valcucine.com\/#\/schema\/logo\/image\/","url":"https:\/\/www.valcucine.com\/wp-content\/uploads\/2024\/02\/logo-valcucine.webp?wsr","contentUrl":"https:\/\/www.valcucine.com\/wp-content\/uploads\/2024\/02\/logo-valcucine.webp?wsr","width":288,"height":46,"caption":"Valcucine"},"image":{"@id":"https:\/\/www.valcucine.com\/#\/schema\/logo\/image\/"},"sameAs":["https:\/\/www.facebook.com\/valcucine\/","https:\/\/www.instagram.com\/valcucine\/","https:\/\/www.linkedin.com\/company\/valcucine"]}]}},"_links":{"self":[{"href":"https:\/\/www.valcucine.com\/de\/wp-json\/wp\/v2\/pages\/21267","targetHints":{"allow":["GET"]}}],"collection":[{"href":"https:\/\/www.valcucine.com\/de\/wp-json\/wp\/v2\/pages"}],"about":[{"href":"https:\/\/www.valcucine.com\/de\/wp-json\/wp\/v2\/types\/page"}],"author":[{"embeddable":true,"href":"https:\/\/www.valcucine.com\/de\/wp-json\/wp\/v2\/users\/1"}],"replies":[{"embeddable":true,"href":"https:\/\/www.valcucine.com\/de\/wp-json\/wp\/v2\/comments?post=21267"}],"version-history":[{"count":3,"href":"https:\/\/www.valcucine.com\/de\/wp-json\/wp\/v2\/pages\/21267\/revisions"}],"predecessor-version":[{"id":27078,"href":"https:\/\/www.valcucine.com\/de\/wp-json\/wp\/v2\/pages\/21267\/revisions\/27078"}],"up":[{"embeddable":true,"href":"https:\/\/www.valcucine.com\/de\/wp-json\/wp\/v2\/pages\/20696"}],"wp:attachment":[{"href":"https:\/\/www.valcucine.com\/de\/wp-json\/wp\/v2\/media?parent=21267"}],"curies":[{"name":"wp","href":"https:\/\/api.w.org\/{rel}","templated":true}]}}