{"id":21286,"date":"2024-03-05T09:12:28","date_gmt":"2024-03-05T09:12:28","guid":{"rendered":"https:\/\/devel.valcucine.com\/elementi-speciali\/"},"modified":"2025-06-04T13:28:36","modified_gmt":"2025-06-04T13:28:36","slug":"spezielle-eigenschaften","status":"publish","type":"page","link":"https:\/\/www.valcucine.com\/de\/spezielle-eigenschaften\/","title":{"rendered":"Spezialelemente"},"content":{"rendered":"<div class=\"wpb-content-wrapper\"><p>[vc_row css=&#8220;.vc_custom_1709739912507{padding-top: 40px !important;padding-bottom: 40px !important;}&#8220;][vc_column]\n        \n        <h1 class=\"text-center  main__title__h1  \" style=\"color:#333333;\"> \n\n         Spezialelemente\n        \n        <\/h1>[\/vc_column][\/vc_row][vc_row][vc_column][vc_column_text]<\/p>\n<div class=\"text\">Das perfekte Ineinandergreifen der Elemente in der K\u00fcche steigert ihre Verwendbarkeit, Einsatzbreite und Leistung und f\u00fchrt zu Freude \u00fcber ihre Zweckm\u00e4\u00dfigkeit. Aus diesem Grund haben wir von Valcucine die Ergonomie in der K\u00fcche neu erfunden. So wird die Benutzung der K\u00fcche dank unserer Spezialelemente zu einem ungewohnten, neuartigen Erlebnis.<\/div>\n<p>[\/vc_column_text][\/vc_column][\/vc_row][vc_row][vc_column][vc_separator color=&#8220;custom&#8220; el_width=&#8220;10&#8243; accent_color=&#8220;#666666&#8243;][\/vc_column][\/vc_row][vc_row][vc_column width=&#8220;1\/3&#8243;]<div class=\"block__img__hover\"><a href=\"https:\/\/www.valcucine.com\/de\/spezielle-eigenschaften\/logica-celata\/\" target=\"\" rel=\"\" style=\"background-image:url(https:\/\/www.valcucine.com\/wp-content\/uploads\/2024\/05\/2_Valcucine_Logica_Celata_0183-1-scaled.jpg?wsr)\"><img src='https:\/\/www.valcucine.com\/wp-content\/uploads\/2024\/05\/2_Valcucine_Logica_Celata_0183-1-scaled.jpg?wsr' alt='' style='display:none'><h4>Logica Celata<\/h4><\/a><\/div>[\/vc_column][vc_column width=&#8220;1\/3&#8243;]<div class=\"block__img__hover\"><a href=\"https:\/\/www.valcucine.com\/de\/spezielle-eigenschaften\/new-logica-de\/\" target=\"\" rel=\"\" style=\"background-image:url(https:\/\/www.valcucine.com\/wp-content\/uploads\/2024\/08\/Valcucine_New-Logica_-kitchen-integration-with-the-architecture-.jpg?wsr)\"><img src='https:\/\/www.valcucine.com\/wp-content\/uploads\/2024\/08\/Valcucine_New-Logica_-kitchen-integration-with-the-architecture-.jpg?wsr' alt='Valcucine_New Logica_ kitchen integration with the architecture' style='display:none'><h4>New logica<\/h4><\/a><\/div>[\/vc_column][vc_column width=&#8220;1\/3&#8243;]<div class=\"block__img__hover\"><a href=\"https:\/\/www.valcucine.com\/de\/spezielle-eigenschaften\/front-vela\/\" target=\"\" rel=\"\" style=\"background-image:url(https:\/\/www.valcucine.com\/wp-content\/uploads\/2024\/03\/481__dsc4537_hdr.webp?wsr)\"><img src='https:\/\/www.valcucine.com\/wp-content\/uploads\/2024\/03\/481__dsc4537_hdr.webp?wsr' alt='' style='display:none'><h4>Oberschrank Vela<\/h4><\/a><\/div>[\/vc_column][\/vc_row][vc_row][vc_column width=&#8220;1\/3&#8243;]<div class=\"block__img__hover\"><a href=\"https:\/\/www.valcucine.com\/de\/spezielle-eigenschaften\/vetrinette\/\" target=\"\" rel=\"\" style=\"background-image:url(https:\/\/www.valcucine.com\/wp-content\/uploads\/2024\/03\/512_2faber.webp?wsr)\"><img src='https:\/\/www.valcucine.com\/wp-content\/uploads\/2024\/03\/512_2faber.webp?wsr' alt='' style='display:none'><h4>Vitrinen<\/h4><\/a><\/div>[\/vc_column][vc_column width=&#8220;1\/3&#8243;]<div class=\"block__img__hover\"><a href=\"https:\/\/www.valcucine.com\/de\/spezielle-eigenschaften\/zubehoerkanaele\/\" target=\"\" rel=\"\" style=\"background-image:url(https:\/\/www.valcucine.com\/wp-content\/uploads\/2024\/08\/STEEL-BACK-SECTION-1-e1753195219268.jpg?wsr)\"><img src='https:\/\/www.valcucine.com\/wp-content\/uploads\/2024\/08\/STEEL-BACK-SECTION-1-e1753195219268.jpg?wsr' alt='' style='display:none'><h4>Zubeh\u00f6rkan\u00e4le<\/h4><\/a><\/div>[\/vc_column][vc_column width=&#8220;1\/3&#8243;]<div class=\"block__img__hover\"><a href=\"https:\/\/www.valcucine.com\/de\/spezielle-eigenschaften\/air-logica-valcucine\/\" target=\"\" rel=\"\" style=\"background-image:url(https:\/\/www.valcucine.com\/wp-content\/uploads\/2024\/03\/34_genius-loci-cassetto-in-rame-15.webp?wsr)\"><img src='https:\/\/www.valcucine.com\/wp-content\/uploads\/2024\/03\/34_genius-loci-cassetto-in-rame-15.webp?wsr' alt='' style='display:none'><h4>Air logica<\/h4><\/a><\/div>[\/vc_column][\/vc_row][vc_row][vc_column width=&#8220;1\/3&#8243;]<div class=\"block__img__hover\"><a href=\"https:\/\/www.valcucine.com\/de\/spezielle-eigenschaften\/sistema-pensile-aerius\/\" target=\"\" rel=\"\" style=\"background-image:url(https:\/\/www.valcucine.com\/wp-content\/uploads\/2024\/03\/439_valcucine_0138_riciclantica-outline_aperta-on.webp?wsr)\"><img src='https:\/\/www.valcucine.com\/wp-content\/uploads\/2024\/03\/439_valcucine_0138_riciclantica-outline_aperta-on.webp?wsr' alt='' style='display:none'><h4>Oberschrank Aerius<\/h4><\/a><\/div>[\/vc_column][vc_column width=&#8220;1\/3&#8243;]<div class=\"block__img__hover\"><a href=\"https:\/\/www.valcucine.com\/de\/spezielle-eigenschaften\/elementi-speciali-sistema-cielo\/\" target=\"\" rel=\"\" style=\"background-image:url(https:\/\/www.valcucine.com\/wp-content\/uploads\/2024\/08\/CIELO-UNIT_CLOSE-UP_VALCUCINE-e1753194710811.jpg?wsr)\"><img src='https:\/\/www.valcucine.com\/wp-content\/uploads\/2024\/08\/CIELO-UNIT_CLOSE-UP_VALCUCINE-e1753194710811.jpg?wsr' alt='' style='display:none'><h4>Oberschrank Cielo<\/h4><\/a><\/div>[\/vc_column][vc_column width=&#8220;1\/3&#8243;]<div class=\"block__img__hover\"><a href=\"https:\/\/www.valcucine.com\/de\/spezielle-eigenschaften\/colonne-rientranti\/\" target=\"\" rel=\"\" style=\"background-image:url(https:\/\/www.valcucine.com\/wp-content\/uploads\/2024\/03\/226_genius-loci-22.webp?wsr)\"><img src='https:\/\/www.valcucine.com\/wp-content\/uploads\/2024\/03\/226_genius-loci-22.webp?wsr' alt='' style='display:none'><h4>Hochschr\u00e4nke mit Taschent\u00fcren<\/h4><\/a><\/div>[\/vc_column][\/vc_row][vc_row][vc_column width=&#8220;1\/3&#8243;]<div class=\"block__img__hover\"><a href=\"https:\/\/www.valcucine.com\/de\/spezielle-eigenschaften\/basi-invitrum\/\" target=\"\" rel=\"\" style=\"background-image:url(https:\/\/www.valcucine.com\/wp-content\/uploads\/2024\/03\/438_basi-invitrum-gen.webp?wsr)\"><img src='https:\/\/www.valcucine.com\/wp-content\/uploads\/2024\/03\/438_basi-invitrum-gen.webp?wsr' alt='' style='display:none'><h4>Unterschr\u00e4nke Invitrum<\/h4><\/a><\/div>[\/vc_column][vc_column width=&#8220;1\/3&#8243;]<div class=\"block__img__hover\"><a href=\"https:\/\/www.valcucine.com\/de\/spezielle-eigenschaften\/v-motion\/\" target=\"\" rel=\"\" style=\"background-image:url(https:\/\/www.valcucine.com\/wp-content\/uploads\/2024\/03\/219_valcucine_genius_loci_0309_1188_826.webp?wsr)\"><img src='https:\/\/www.valcucine.com\/wp-content\/uploads\/2024\/03\/219_valcucine_genius_loci_0309_1188_826.webp?wsr' alt='' style='display:none'><h4>V-motion<\/h4><\/a><\/div>[\/vc_column][vc_column width=&#8220;1\/3&#8243;]<div class=\"block__img__hover\"><a href=\"https:\/\/www.valcucine.com\/de\/spezielle-eigenschaften\/v-light\/\" target=\"\" rel=\"\" style=\"background-image:url(https:\/\/www.valcucine.com\/wp-content\/uploads\/2024\/03\/440_14-valcucine_0753.webp?wsr)\"><img src='https:\/\/www.valcucine.com\/wp-content\/uploads\/2024\/03\/440_14-valcucine_0753.webp?wsr' alt='' style='display:none'><h4>V-light<\/h4><\/a><\/div>[\/vc_column][\/vc_row][vc_row css=&#8220;.vc_custom_1710837980321{margin-bottom: 40px !important;}&#8220;][vc_column width=&#8220;1\/3&#8243;]<div class=\"block__img__hover\"><a href=\"https:\/\/www.valcucine.com\/de\/spezielle-eigenschaften\/fruehstueckstheken\/\" target=\"\" rel=\"\" style=\"background-image:url(https:\/\/www.valcucine.com\/wp-content\/uploads\/2024\/03\/435_valcucine_0045_artematica-soft-outlinegen.webp?wsr)\"><img src='https:\/\/www.valcucine.com\/wp-content\/uploads\/2024\/03\/435_valcucine_0045_artematica-soft-outlinegen.webp?wsr' alt='' style='display:none'><h4>Fr\u00fchst\u00fcckstheken<\/h4><\/a><\/div><div class=\"block__img__hover\"><a href=\"https:\/\/www.valcucine.com\/de\/spezielle-eigenschaften\/wandregale\/\" target=\"\" rel=\"\" style=\"background-image:url(https:\/\/www.valcucine.com\/wp-content\/uploads\/2024\/03\/431_riciclantica-outline_sistema-terra-cielo.webp?wsr)\"><img src='https:\/\/www.valcucine.com\/wp-content\/uploads\/2024\/03\/431_riciclantica-outline_sistema-terra-cielo.webp?wsr' alt='' style='display:none'><h4>Wandregale<\/h4><\/a><\/div><div class=\"block__img__hover\"><a href=\"https:\/\/www.valcucine.com\/de\/spezielle-eigenschaften\/pocket-door-system\/\" target=\"\" rel=\"\" style=\"background-image:url(https:\/\/www.valcucine.com\/wp-content\/uploads\/2024\/12\/POCKET-DOOR-SYSTEM-HP.jpg?wsr)\"><img src='https:\/\/www.valcucine.com\/wp-content\/uploads\/2024\/12\/POCKET-DOOR-SYSTEM-HP.jpg?wsr' alt='' style='display:none'><h4>Pocket door system<\/h4><\/a><\/div>[\/vc_column][vc_column width=&#8220;1\/3&#8243;]<div class=\"block__img__hover\"><a href=\"https:\/\/www.valcucine.com\/de\/spezielle-eigenschaften\/tische\/\" target=\"\" rel=\"\" style=\"background-image:url(https:\/\/www.valcucine.com\/wp-content\/uploads\/2024\/03\/436_1-symposium_ambientazione.webp?wsr)\"><img src='https:\/\/www.valcucine.com\/wp-content\/uploads\/2024\/03\/436_1-symposium_ambientazione.webp?wsr' alt='' style='display:none'><h4>Tische<\/h4><\/a><\/div><div class=\"block__img__hover\"><a href=\"https:\/\/www.valcucine.com\/de\/spezielle-eigenschaften\/rckwand-hinter-der-arbeitsplatte-mit-zubehr\/\" target=\"\" rel=\"\" style=\"background-image:url(https:\/\/www.valcucine.com\/wp-content\/uploads\/2024\/03\/433_valcucine_0231_riciclantica-outline.webp?wsr)\"><img src='https:\/\/www.valcucine.com\/wp-content\/uploads\/2024\/03\/433_valcucine_0231_riciclantica-outline.webp?wsr' alt='' style='display:none'><h4>R\u00fcckwand hinter der Arbeitsplatte mit Zubeh\u00f6r<\/h4><\/a><\/div>[\/vc_column][vc_column width=&#8220;1\/3&#8243;]<div class=\"block__img__hover\"><a href=\"https:\/\/www.valcucine.com\/de\/spezielle-eigenschaften\/zubehorkanal\/\" target=\"\" rel=\"\" style=\"background-image:url(https:\/\/www.valcucine.com\/wp-content\/uploads\/2024\/03\/31_1188_826_genius-loci_0437.webp?wsr)\"><img src='https:\/\/www.valcucine.com\/wp-content\/uploads\/2024\/03\/31_1188_826_genius-loci_0437.webp?wsr' alt='' style='display:none'><h4>Zubeh\u00f6rbr\u00fccke<\/h4><\/a><\/div><div class=\"block__img__hover\"><a href=\"https:\/\/www.valcucine.com\/de\/spezielle-eigenschaften\/spritzschutz-aus-glas\/\" target=\"\" rel=\"\" style=\"background-image:url(https:\/\/www.valcucine.com\/wp-content\/uploads\/2024\/03\/434_paraschizzi-in-vetro.webp?wsr)\"><img src='https:\/\/www.valcucine.com\/wp-content\/uploads\/2024\/03\/434_paraschizzi-in-vetro.webp?wsr' alt='' style='display:none'><h4>Spritzschutz aus Glas<\/h4><\/a><\/div>[\/vc_column][\/vc_row]<\/p>\n<\/div>","protected":false},"excerpt":{"rendered":"<p>[vc_row css=&#8220;.vc_custom_1709739912507{padding-top: 40px !important;padding-bottom: 40px !important;}&#8220;][vc_column][\/vc_column][\/vc_row][vc_row][vc_column][vc_column_text] Das perfekte Ineinandergreifen der Elemente in der K\u00fcche steigert ihre Verwendbarkeit, Einsatzbreite und Leistung und f\u00fchrt zu Freude \u00fcber ihre Zweckm\u00e4\u00dfigkeit. Aus diesem Grund haben wir von Valcucine die Ergonomie in der K\u00fcche neu erfunden. So wird die Benutzung der K\u00fcche dank unserer Spezialelemente zu einem ungewohnten, neuartigen Erlebnis. [&hellip;]<\/p>\n","protected":false},"author":1,"featured_media":0,"parent":0,"menu_order":0,"comment_status":"closed","ping_status":"closed","template":"","meta":{"footnotes":""},"class_list":["post-21286","page","type-page","status-publish","hentry"],"yoast_head":"<!-- This site is optimized with the Yoast SEO plugin v26.2 - https:\/\/yoast.com\/wordpress\/plugins\/seo\/ -->\n<title>Spezialelemente - Valcucine<\/title>\n<meta name=\"robots\" content=\"index, follow, max-snippet:-1, max-image-preview:large, max-video-preview:-1\" \/>\n<link rel=\"canonical\" href=\"https:\/\/www.valcucine.com\/de\/spezielle-eigenschaften\/\" \/>\n<meta property=\"og:locale\" content=\"de_DE\" \/>\n<meta property=\"og:type\" content=\"article\" \/>\n<meta property=\"og:title\" content=\"Spezialelemente - Valcucine\" \/>\n<meta property=\"og:description\" content=\"[vc_row css=&#8220;.vc_custom_1709739912507{padding-top: 40px !important;padding-bottom: 40px !important;}&#8220;][vc_column][\/vc_column][\/vc_row][vc_row][vc_column][vc_column_text] Das perfekte Ineinandergreifen der Elemente in der K\u00fcche steigert ihre Verwendbarkeit, Einsatzbreite und Leistung und f\u00fchrt zu Freude \u00fcber ihre Zweckm\u00e4\u00dfigkeit. Aus diesem Grund haben wir von Valcucine die Ergonomie in der K\u00fcche neu erfunden. So wird die Benutzung der K\u00fcche dank unserer Spezialelemente zu einem ungewohnten, neuartigen Erlebnis. [&hellip;]\" \/>\n<meta property=\"og:url\" content=\"https:\/\/www.valcucine.com\/de\/spezielle-eigenschaften\/\" \/>\n<meta property=\"og:site_name\" content=\"Valcucine\" \/>\n<meta property=\"article:publisher\" content=\"https:\/\/www.facebook.com\/valcucine\/\" \/>\n<meta property=\"article:modified_time\" content=\"2025-06-04T13:28:36+00:00\" \/>\n<meta name=\"twitter:card\" content=\"summary_large_image\" \/>\n<meta name=\"twitter:label1\" content=\"Gesch\u00e4tzte Lesezeit\" \/>\n\t<meta name=\"twitter:data1\" content=\"1\u00a0Minute\" \/>\n<script type=\"application\/ld+json\" class=\"yoast-schema-graph\">{\"@context\":\"https:\/\/schema.org\",\"@graph\":[{\"@type\":\"WebPage\",\"@id\":\"https:\/\/www.valcucine.com\/de\/spezielle-eigenschaften\/\",\"url\":\"https:\/\/www.valcucine.com\/de\/spezielle-eigenschaften\/\",\"name\":\"Spezialelemente - Valcucine\",\"isPartOf\":{\"@id\":\"https:\/\/www.valcucine.com\/#website\"},\"datePublished\":\"2024-03-05T09:12:28+00:00\",\"dateModified\":\"2025-06-04T13:28:36+00:00\",\"breadcrumb\":{\"@id\":\"https:\/\/www.valcucine.com\/de\/spezielle-eigenschaften\/#breadcrumb\"},\"inLanguage\":\"de\",\"potentialAction\":[{\"@type\":\"ReadAction\",\"target\":[\"https:\/\/www.valcucine.com\/de\/spezielle-eigenschaften\/\"]}]},{\"@type\":\"BreadcrumbList\",\"@id\":\"https:\/\/www.valcucine.com\/de\/spezielle-eigenschaften\/#breadcrumb\",\"itemListElement\":[{\"@type\":\"ListItem\",\"position\":1,\"name\":\"Valcucine\",\"item\":\"https:\/\/www.valcucine.com\/de\/\"},{\"@type\":\"ListItem\",\"position\":2,\"name\":\"Spezialelemente\"}]},{\"@type\":\"WebSite\",\"@id\":\"https:\/\/www.valcucine.com\/#website\",\"url\":\"https:\/\/www.valcucine.com\/\",\"name\":\"Valcucine\",\"description\":\"\",\"publisher\":{\"@id\":\"https:\/\/www.valcucine.com\/#organization\"},\"potentialAction\":[{\"@type\":\"SearchAction\",\"target\":{\"@type\":\"EntryPoint\",\"urlTemplate\":\"https:\/\/www.valcucine.com\/?s={search_term_string}\"},\"query-input\":{\"@type\":\"PropertyValueSpecification\",\"valueRequired\":true,\"valueName\":\"search_term_string\"}}],\"inLanguage\":\"de\"},{\"@type\":\"Organization\",\"@id\":\"https:\/\/www.valcucine.com\/#organization\",\"name\":\"Valcucine\",\"url\":\"https:\/\/www.valcucine.com\/\",\"logo\":{\"@type\":\"ImageObject\",\"inLanguage\":\"de\",\"@id\":\"https:\/\/www.valcucine.com\/#\/schema\/logo\/image\/\",\"url\":\"https:\/\/www.valcucine.com\/wp-content\/uploads\/2024\/02\/logo-valcucine.webp?wsr\",\"contentUrl\":\"https:\/\/www.valcucine.com\/wp-content\/uploads\/2024\/02\/logo-valcucine.webp?wsr\",\"width\":288,\"height\":46,\"caption\":\"Valcucine\"},\"image\":{\"@id\":\"https:\/\/www.valcucine.com\/#\/schema\/logo\/image\/\"},\"sameAs\":[\"https:\/\/www.facebook.com\/valcucine\/\",\"https:\/\/www.instagram.com\/valcucine\/\",\"https:\/\/www.linkedin.com\/company\/valcucine\"]}]}<\/script>\n<!-- \/ Yoast SEO plugin. -->","yoast_head_json":{"title":"Spezialelemente - Valcucine","robots":{"index":"index","follow":"follow","max-snippet":"max-snippet:-1","max-image-preview":"max-image-preview:large","max-video-preview":"max-video-preview:-1"},"canonical":"https:\/\/www.valcucine.com\/de\/spezielle-eigenschaften\/","og_locale":"de_DE","og_type":"article","og_title":"Spezialelemente - Valcucine","og_description":"[vc_row css=&#8220;.vc_custom_1709739912507{padding-top: 40px !important;padding-bottom: 40px !important;}&#8220;][vc_column][\/vc_column][\/vc_row][vc_row][vc_column][vc_column_text] Das perfekte Ineinandergreifen der Elemente in der K\u00fcche steigert ihre Verwendbarkeit, Einsatzbreite und Leistung und f\u00fchrt zu Freude \u00fcber ihre Zweckm\u00e4\u00dfigkeit. Aus diesem Grund haben wir von Valcucine die Ergonomie in der K\u00fcche neu erfunden. So wird die Benutzung der K\u00fcche dank unserer Spezialelemente zu einem ungewohnten, neuartigen Erlebnis. [&hellip;]","og_url":"https:\/\/www.valcucine.com\/de\/spezielle-eigenschaften\/","og_site_name":"Valcucine","article_publisher":"https:\/\/www.facebook.com\/valcucine\/","article_modified_time":"2025-06-04T13:28:36+00:00","twitter_card":"summary_large_image","twitter_misc":{"Gesch\u00e4tzte Lesezeit":"1\u00a0Minute"},"schema":{"@context":"https:\/\/schema.org","@graph":[{"@type":"WebPage","@id":"https:\/\/www.valcucine.com\/de\/spezielle-eigenschaften\/","url":"https:\/\/www.valcucine.com\/de\/spezielle-eigenschaften\/","name":"Spezialelemente - Valcucine","isPartOf":{"@id":"https:\/\/www.valcucine.com\/#website"},"datePublished":"2024-03-05T09:12:28+00:00","dateModified":"2025-06-04T13:28:36+00:00","breadcrumb":{"@id":"https:\/\/www.valcucine.com\/de\/spezielle-eigenschaften\/#breadcrumb"},"inLanguage":"de","potentialAction":[{"@type":"ReadAction","target":["https:\/\/www.valcucine.com\/de\/spezielle-eigenschaften\/"]}]},{"@type":"BreadcrumbList","@id":"https:\/\/www.valcucine.com\/de\/spezielle-eigenschaften\/#breadcrumb","itemListElement":[{"@type":"ListItem","position":1,"name":"Valcucine","item":"https:\/\/www.valcucine.com\/de\/"},{"@type":"ListItem","position":2,"name":"Spezialelemente"}]},{"@type":"WebSite","@id":"https:\/\/www.valcucine.com\/#website","url":"https:\/\/www.valcucine.com\/","name":"Valcucine","description":"","publisher":{"@id":"https:\/\/www.valcucine.com\/#organization"},"potentialAction":[{"@type":"SearchAction","target":{"@type":"EntryPoint","urlTemplate":"https:\/\/www.valcucine.com\/?s={search_term_string}"},"query-input":{"@type":"PropertyValueSpecification","valueRequired":true,"valueName":"search_term_string"}}],"inLanguage":"de"},{"@type":"Organization","@id":"https:\/\/www.valcucine.com\/#organization","name":"Valcucine","url":"https:\/\/www.valcucine.com\/","logo":{"@type":"ImageObject","inLanguage":"de","@id":"https:\/\/www.valcucine.com\/#\/schema\/logo\/image\/","url":"https:\/\/www.valcucine.com\/wp-content\/uploads\/2024\/02\/logo-valcucine.webp?wsr","contentUrl":"https:\/\/www.valcucine.com\/wp-content\/uploads\/2024\/02\/logo-valcucine.webp?wsr","width":288,"height":46,"caption":"Valcucine"},"image":{"@id":"https:\/\/www.valcucine.com\/#\/schema\/logo\/image\/"},"sameAs":["https:\/\/www.facebook.com\/valcucine\/","https:\/\/www.instagram.com\/valcucine\/","https:\/\/www.linkedin.com\/company\/valcucine"]}]}},"_links":{"self":[{"href":"https:\/\/www.valcucine.com\/de\/wp-json\/wp\/v2\/pages\/21286","targetHints":{"allow":["GET"]}}],"collection":[{"href":"https:\/\/www.valcucine.com\/de\/wp-json\/wp\/v2\/pages"}],"about":[{"href":"https:\/\/www.valcucine.com\/de\/wp-json\/wp\/v2\/types\/page"}],"author":[{"embeddable":true,"href":"https:\/\/www.valcucine.com\/de\/wp-json\/wp\/v2\/users\/1"}],"replies":[{"embeddable":true,"href":"https:\/\/www.valcucine.com\/de\/wp-json\/wp\/v2\/comments?post=21286"}],"version-history":[{"count":22,"href":"https:\/\/www.valcucine.com\/de\/wp-json\/wp\/v2\/pages\/21286\/revisions"}],"predecessor-version":[{"id":42297,"href":"https:\/\/www.valcucine.com\/de\/wp-json\/wp\/v2\/pages\/21286\/revisions\/42297"}],"wp:attachment":[{"href":"https:\/\/www.valcucine.com\/de\/wp-json\/wp\/v2\/media?parent=21286"}],"curies":[{"name":"wp","href":"https:\/\/api.w.org\/{rel}","templated":true}]}}