{"id":21489,"date":"2024-03-15T13:21:10","date_gmt":"2024-03-15T13:21:10","guid":{"rendered":"https:\/\/devel.valcucine.com\/spezielle-eigenschaften\/fruehstueckstheken\/bancone-insula\/"},"modified":"2024-08-29T09:45:48","modified_gmt":"2024-08-29T09:45:48","slug":"fruehstckstheke-insula","status":"publish","type":"page","link":"https:\/\/www.valcucine.com\/de\/spezielle-eigenschaften\/fruehstueckstheken\/fruehstckstheke-insula\/","title":{"rendered":"Fr\u00fchst\u00fcckstheke Insula"},"content":{"rendered":"<div class=\"wpb-content-wrapper\"><p>[vc_row][vc_column]\n\t\t\t<!-- START Bancone Insula REVOLUTION SLIDER 6.7.38 --><p class=\"rs-p-wp-fix\"><\/p>\n\t\t\t<rs-module-wrap id=\"rev_slider_67_1_wrapper\" data-source=\"gallery\" style=\"visibility:hidden;background:transparent;padding:0;\">\n\t\t\t\t<rs-module id=\"rev_slider_67_1\" style=\"\" data-version=\"6.7.38\">\n\t\t\t\t\t<rs-slides style=\"overflow: hidden; position: absolute;\">\n\t\t\t\t\t\t<rs-slide style=\"position: absolute;\" data-key=\"rs-284\" data-title=\"Slide\" data-thumb=\"\/\/www.valcucine.com\/wp-content\/uploads\/2024\/03\/1820_valcucine_0045_artematica_soft_outlineslider-50x100.webp\" data-in=\"o:0;\" data-out=\"a:false;\">\n\t\t\t\t\t\t\t<img decoding=\"async\" src=\"\/\/www.valcucine.com\/wp-content\/plugins\/revslider\/sr6\/assets\/assets\/dummy.png\" alt=\"\" title=\"1820_valcucine_0045_artematica_soft_outlineslider\" width=\"2400\" height=\"1200\" class=\"rev-slidebg tp-rs-img rs-lazyload\" data-lazyload=\"\/\/www.valcucine.com\/wp-content\/uploads\/2024\/03\/1820_valcucine_0045_artematica_soft_outlineslider.webp\" data-no-retina>\n<!---->\t\t\t\t\t<\/rs-slide>\n\t\t\t\t\t\t<rs-slide style=\"position: absolute;\" data-key=\"rs-285\" data-title=\"Slide\" data-thumb=\"\/\/www.valcucine.com\/wp-content\/uploads\/2024\/03\/2311_riciclantica_outline_bancone_insula_dritto-50x100.webp\" data-in=\"o:0;\" data-out=\"a:false;\">\n\t\t\t\t\t\t\t<img decoding=\"async\" src=\"\/\/www.valcucine.com\/wp-content\/plugins\/revslider\/sr6\/assets\/assets\/dummy.png\" alt=\"\" title=\"2311_riciclantica_outline_bancone_insula_dritto\" width=\"1949\" height=\"1000\" class=\"rev-slidebg tp-rs-img rs-lazyload\" data-lazyload=\"\/\/www.valcucine.com\/wp-content\/uploads\/2024\/03\/2311_riciclantica_outline_bancone_insula_dritto.webp\" data-no-retina>\n<!---->\t\t\t\t\t<\/rs-slide>\n\t\t\t\t\t\t<rs-slide style=\"position: absolute;\" data-key=\"rs-286\" data-title=\"Slide\" data-thumb=\"\/\/www.valcucine.com\/wp-content\/uploads\/2024\/08\/ARTEMATICA-SOFT-OUTLINE_BANCONE-INSULA-AD-ANGOLO-scaled-50x100.jpg\" data-in=\"o:0;\" data-out=\"a:false;\">\n\t\t\t\t\t\t\t<img decoding=\"async\" src=\"\/\/www.valcucine.com\/wp-content\/plugins\/revslider\/sr6\/assets\/assets\/dummy.png\" alt=\"ARTEMATICA SOFT OUTLINE_BANCONE INSULA AD ANGOLO\" title=\"ARTEMATICA SOFT OUTLINE_BANCONE INSULA AD ANGOLO\" width=\"700\" height=\"1000\" class=\"rev-slidebg tp-rs-img rs-lazyload\" data-lazyload=\"\/\/www.valcucine.com\/wp-content\/uploads\/2024\/08\/ARTEMATICA-SOFT-OUTLINE_BANCONE-INSULA-AD-ANGOLO-scaled.jpg\" data-no-retina>\n<!---->\t\t\t\t\t<\/rs-slide>\n\t\t\t\t\t<\/rs-slides>\n\t\t\t\t\t<rs-static-layers><!--\n\n\t\t\t\t\t\t\t--><rs-layer\n\t\t\t\t\t\t\t\tid=\"slider-67-slide-61-layer-12\" \n\t\t\t\t\t\t\t\tclass=\"play-button rs-svg rs-layer-static\"\n\t\t\t\t\t\t\t\tdata-type=\"svg\"\n\t\t\t\t\t\t\t\tdata-rsp_ch=\"on\"\n\t\t\t\t\t\t\t\tdata-xy=\"xo:20px;y:b;yo:20px;\"\n\t\t\t\t\t\t\t\tdata-text=\"w:normal;s:20,20,20,7;l:0,0,0,9;\"\n\t\t\t\t\t\t\t\tdata-dim=\"w:20px,20px,20px,30px;h:20px,20px,20px,30px;\"\n\t\t\t\t\t\t\t\tdata-actions='o:click;a:playslider;'\n\t\t\t\t\t\t\t\tdata-svg_src=\"\/\/www.valcucine.com\/wp-content\/uploads\/revslider\/svg\/objects\/svgcustom\/circle-play.svg\"\n\t\t\t\t\t\t\t\tdata-svgi=\"oc:t;\"\n\t\t\t\t\t\t\t\tdata-basealign=\"slide\"\n\t\t\t\t\t\t\t\tdata-onslides=\"s:1;\"\n\t\t\t\t\t\t\t\tdata-frame_999=\"o:0;st:w;\"\n\t\t\t\t\t\t\t\tstyle=\"z-index:7;font-family:'Roboto';\"\n\t\t\t\t\t\t\t> \n\t\t\t\t\t\t\t<\/rs-layer><!--\n\n\t\t\t\t\t\t\t--><rs-layer\n\t\t\t\t\t\t\t\tid=\"slider-67-slide-61-layer-13\" \n\t\t\t\t\t\t\t\tclass=\"pause-button current-slider rs-svg rs-layer-static\"\n\t\t\t\t\t\t\t\tdata-type=\"svg\"\n\t\t\t\t\t\t\t\tdata-rsp_ch=\"on\"\n\t\t\t\t\t\t\t\tdata-xy=\"xo:20px;y:b;yo:20px;\"\n\t\t\t\t\t\t\t\tdata-text=\"w:normal;s:20,20,20,7;l:0,0,0,9;\"\n\t\t\t\t\t\t\t\tdata-dim=\"w:20px,20px,20px,30px;h:20px,20px,20px,30px;\"\n\t\t\t\t\t\t\t\tdata-actions='o:click;a:pauseslider;'\n\t\t\t\t\t\t\t\tdata-svg_src=\"\/\/www.valcucine.com\/wp-content\/uploads\/revslider\/svg\/objects\/svgcustom\/circle-pause.svg\"\n\t\t\t\t\t\t\t\tdata-svgi=\"oc:t;\"\n\t\t\t\t\t\t\t\tdata-basealign=\"slide\"\n\t\t\t\t\t\t\t\tdata-onslides=\"s:1;\"\n\t\t\t\t\t\t\t\tdata-frame_999=\"o:0;st:w;\"\n\t\t\t\t\t\t\t\tstyle=\"z-index:8;font-family:'Roboto';\"\n\t\t\t\t\t\t\t> \n\t\t\t\t\t\t\t<\/rs-layer><!--\n\t\t\t\t\t--><\/rs-static-layers>\n\t\t\t\t<\/rs-module>\n\t\t\t\t<script>\n\t\t\t\t\tsetREVStartSize({c: 'rev_slider_67_1',rl:[1240,1240,1240,480],el:[568.993,568.993,568.993,480],gw:[1240,1240,1240,480],gh:[569,569,569,480],type:'standard',justify:'',layout:'fullscreen',offsetContainer:'#slider__height',offset:'0px',mh:\"0\"});if (window.RS_MODULES!==undefined && window.RS_MODULES.modules!==undefined && window.RS_MODULES.modules[\"revslider671\"]!==undefined) {window.RS_MODULES.modules[\"revslider671\"].once = false;window.revapi67 = undefined;if (window.RS_MODULES.checkMinimal!==undefined) window.RS_MODULES.checkMinimal()}\n\t\t\t\t<\/script>\n\t\t\t<\/rs-module-wrap>\n\t\t\t<!-- END REVOLUTION SLIDER -->\n[\/vc_column][\/vc_row][vc_row][vc_column]\n        \n        <h1 class=\"text-center  main__title__h1  vc_custom_1724924237525 \" style=\"color:#333333;\"> \n\n         Fr\u00fchst\u00fcckstheke Insula\n        \n        <\/h1>[\/vc_column][\/vc_row][vc_row][vc_column][vc_column_text]<\/p>\n<div class=\"text\">\n<p style=\"text-align: justify;\">Die Fr\u00fchst\u00fcckstheke Insula vervollst\u00e4ndigt die K\u00fccheninsel. Dabei kann die Theke wie ein echter Tisch benutzt werden oder auch als bequemer und einladender Bereich f\u00fcr einen schnellen Snack.<\/p>\n<p>Oberstes Prinzip ist dabei immer die Suche nach Leichtigkeit. Dies f\u00fchrte zur Verwendung eines konisch zulaufenden Profils und abgerundeter Ecken. Durch das Abschr\u00e4gen der Thekenkante in einem Winkel von 30\u00b0 verringert sich die visuell wahrgenommene St\u00e4rke auf nur 6 mm. Die Theke wirkt so \u00e4u\u00dferst schmal und schlank.<\/p>\n<p>Dank des speziellen Befestigungssystems entsteht eine Trennung zwischen der Theke selbst und dem Unterschrankblock: Der Thekentisch scheint in der Luft zu schweben.<br \/>\nDer verwendete Bambus ist ein nat\u00fcrliches Material mit herausragenden Eigenschaften bez\u00fcglich Stabilit\u00e4t, Leichtigkeit und Nachhaltigkeit, er vermittelt Nat\u00fcrlichkeit und schlichte Eleganz.<\/p>\n<\/div>\n<p>[\/vc_column_text][\/vc_column][\/vc_row][vc_row css=&#8220;.vc_custom_1710847361026{margin-bottom: 40px !important;}&#8220;][vc_column][vc_separator color=&#8220;custom&#8220; el_width=&#8220;10&#8243; accent_color=&#8220;#666666&#8243;][\/vc_column][\/vc_row]<\/p>\n<\/div>","protected":false},"excerpt":{"rendered":"<p>[vc_row][vc_column][\/vc_column][\/vc_row][vc_row][vc_column][\/vc_column][\/vc_row][vc_row][vc_column][vc_column_text] Die Fr\u00fchst\u00fcckstheke Insula vervollst\u00e4ndigt die K\u00fccheninsel. Dabei kann die Theke wie ein echter Tisch benutzt werden oder auch als bequemer und einladender Bereich f\u00fcr einen schnellen Snack. Oberstes Prinzip ist dabei immer die Suche nach Leichtigkeit. Dies f\u00fchrte zur Verwendung eines konisch zulaufenden Profils und abgerundeter Ecken. Durch das Abschr\u00e4gen der Thekenkante in einem [&hellip;]<\/p>\n","protected":false},"author":1,"featured_media":0,"parent":21483,"menu_order":0,"comment_status":"closed","ping_status":"closed","template":"","meta":{"footnotes":""},"class_list":["post-21489","page","type-page","status-publish","hentry"],"yoast_head":"<!-- This site is optimized with the Yoast SEO plugin v26.2 - https:\/\/yoast.com\/wordpress\/plugins\/seo\/ -->\n<title>Fr\u00fchst\u00fcckstheke Insula - Valcucine<\/title>\n<meta name=\"description\" content=\"Die Fr\u00fchst\u00fcckstheke Insula vervollst\u00e4ndigt die K\u00fccheninsel.\" \/>\n<meta name=\"robots\" content=\"index, follow, max-snippet:-1, max-image-preview:large, max-video-preview:-1\" \/>\n<link rel=\"canonical\" href=\"https:\/\/www.valcucine.com\/de\/spezielle-eigenschaften\/fruehstueckstheken\/fruehstckstheke-insula\/\" \/>\n<meta property=\"og:locale\" content=\"de_DE\" \/>\n<meta property=\"og:type\" content=\"article\" \/>\n<meta property=\"og:title\" content=\"Fr\u00fchst\u00fcckstheke Insula - Valcucine\" \/>\n<meta property=\"og:description\" content=\"Die Fr\u00fchst\u00fcckstheke Insula vervollst\u00e4ndigt die K\u00fccheninsel.\" \/>\n<meta property=\"og:url\" content=\"https:\/\/www.valcucine.com\/de\/spezielle-eigenschaften\/fruehstueckstheken\/fruehstckstheke-insula\/\" \/>\n<meta property=\"og:site_name\" content=\"Valcucine\" \/>\n<meta property=\"article:publisher\" content=\"https:\/\/www.facebook.com\/valcucine\/\" \/>\n<meta property=\"article:modified_time\" content=\"2024-08-29T09:45:48+00:00\" \/>\n<meta name=\"twitter:card\" content=\"summary_large_image\" \/>\n<meta name=\"twitter:label1\" content=\"Gesch\u00e4tzte Lesezeit\" \/>\n\t<meta name=\"twitter:data1\" content=\"1\u00a0Minute\" \/>\n<script type=\"application\/ld+json\" class=\"yoast-schema-graph\">{\"@context\":\"https:\/\/schema.org\",\"@graph\":[{\"@type\":\"WebPage\",\"@id\":\"https:\/\/www.valcucine.com\/de\/spezielle-eigenschaften\/fruehstueckstheken\/fruehstckstheke-insula\/\",\"url\":\"https:\/\/www.valcucine.com\/de\/spezielle-eigenschaften\/fruehstueckstheken\/fruehstckstheke-insula\/\",\"name\":\"Fr\u00fchst\u00fcckstheke Insula - Valcucine\",\"isPartOf\":{\"@id\":\"https:\/\/www.valcucine.com\/#website\"},\"datePublished\":\"2024-03-15T13:21:10+00:00\",\"dateModified\":\"2024-08-29T09:45:48+00:00\",\"description\":\"Die Fr\u00fchst\u00fcckstheke Insula vervollst\u00e4ndigt die K\u00fccheninsel.\",\"breadcrumb\":{\"@id\":\"https:\/\/www.valcucine.com\/de\/spezielle-eigenschaften\/fruehstueckstheken\/fruehstckstheke-insula\/#breadcrumb\"},\"inLanguage\":\"de\",\"potentialAction\":[{\"@type\":\"ReadAction\",\"target\":[\"https:\/\/www.valcucine.com\/de\/spezielle-eigenschaften\/fruehstueckstheken\/fruehstckstheke-insula\/\"]}]},{\"@type\":\"BreadcrumbList\",\"@id\":\"https:\/\/www.valcucine.com\/de\/spezielle-eigenschaften\/fruehstueckstheken\/fruehstckstheke-insula\/#breadcrumb\",\"itemListElement\":[{\"@type\":\"ListItem\",\"position\":1,\"name\":\"Valcucine\",\"item\":\"https:\/\/www.valcucine.com\/de\/\"},{\"@type\":\"ListItem\",\"position\":2,\"name\":\"Spezialelemente\",\"item\":\"https:\/\/www.valcucine.com\/de\/spezielle-eigenschaften\/\"},{\"@type\":\"ListItem\",\"position\":3,\"name\":\"Fr\u00fchst\u00fcckstheken\",\"item\":\"https:\/\/www.valcucine.com\/de\/spezielle-eigenschaften\/fruehstueckstheken\/\"},{\"@type\":\"ListItem\",\"position\":4,\"name\":\"Fr\u00fchst\u00fcckstheke Insula\"}]},{\"@type\":\"WebSite\",\"@id\":\"https:\/\/www.valcucine.com\/#website\",\"url\":\"https:\/\/www.valcucine.com\/\",\"name\":\"Valcucine\",\"description\":\"\",\"publisher\":{\"@id\":\"https:\/\/www.valcucine.com\/#organization\"},\"potentialAction\":[{\"@type\":\"SearchAction\",\"target\":{\"@type\":\"EntryPoint\",\"urlTemplate\":\"https:\/\/www.valcucine.com\/?s={search_term_string}\"},\"query-input\":{\"@type\":\"PropertyValueSpecification\",\"valueRequired\":true,\"valueName\":\"search_term_string\"}}],\"inLanguage\":\"de\"},{\"@type\":\"Organization\",\"@id\":\"https:\/\/www.valcucine.com\/#organization\",\"name\":\"Valcucine\",\"url\":\"https:\/\/www.valcucine.com\/\",\"logo\":{\"@type\":\"ImageObject\",\"inLanguage\":\"de\",\"@id\":\"https:\/\/www.valcucine.com\/#\/schema\/logo\/image\/\",\"url\":\"https:\/\/www.valcucine.com\/wp-content\/uploads\/2024\/02\/logo-valcucine.webp?wsr\",\"contentUrl\":\"https:\/\/www.valcucine.com\/wp-content\/uploads\/2024\/02\/logo-valcucine.webp?wsr\",\"width\":288,\"height\":46,\"caption\":\"Valcucine\"},\"image\":{\"@id\":\"https:\/\/www.valcucine.com\/#\/schema\/logo\/image\/\"},\"sameAs\":[\"https:\/\/www.facebook.com\/valcucine\/\",\"https:\/\/www.instagram.com\/valcucine\/\",\"https:\/\/www.linkedin.com\/company\/valcucine\"]}]}<\/script>\n<!-- \/ Yoast SEO plugin. -->","yoast_head_json":{"title":"Fr\u00fchst\u00fcckstheke Insula - Valcucine","description":"Die Fr\u00fchst\u00fcckstheke Insula vervollst\u00e4ndigt die K\u00fccheninsel.","robots":{"index":"index","follow":"follow","max-snippet":"max-snippet:-1","max-image-preview":"max-image-preview:large","max-video-preview":"max-video-preview:-1"},"canonical":"https:\/\/www.valcucine.com\/de\/spezielle-eigenschaften\/fruehstueckstheken\/fruehstckstheke-insula\/","og_locale":"de_DE","og_type":"article","og_title":"Fr\u00fchst\u00fcckstheke Insula - Valcucine","og_description":"Die Fr\u00fchst\u00fcckstheke Insula vervollst\u00e4ndigt die K\u00fccheninsel.","og_url":"https:\/\/www.valcucine.com\/de\/spezielle-eigenschaften\/fruehstueckstheken\/fruehstckstheke-insula\/","og_site_name":"Valcucine","article_publisher":"https:\/\/www.facebook.com\/valcucine\/","article_modified_time":"2024-08-29T09:45:48+00:00","twitter_card":"summary_large_image","twitter_misc":{"Gesch\u00e4tzte Lesezeit":"1\u00a0Minute"},"schema":{"@context":"https:\/\/schema.org","@graph":[{"@type":"WebPage","@id":"https:\/\/www.valcucine.com\/de\/spezielle-eigenschaften\/fruehstueckstheken\/fruehstckstheke-insula\/","url":"https:\/\/www.valcucine.com\/de\/spezielle-eigenschaften\/fruehstueckstheken\/fruehstckstheke-insula\/","name":"Fr\u00fchst\u00fcckstheke Insula - Valcucine","isPartOf":{"@id":"https:\/\/www.valcucine.com\/#website"},"datePublished":"2024-03-15T13:21:10+00:00","dateModified":"2024-08-29T09:45:48+00:00","description":"Die Fr\u00fchst\u00fcckstheke Insula vervollst\u00e4ndigt die K\u00fccheninsel.","breadcrumb":{"@id":"https:\/\/www.valcucine.com\/de\/spezielle-eigenschaften\/fruehstueckstheken\/fruehstckstheke-insula\/#breadcrumb"},"inLanguage":"de","potentialAction":[{"@type":"ReadAction","target":["https:\/\/www.valcucine.com\/de\/spezielle-eigenschaften\/fruehstueckstheken\/fruehstckstheke-insula\/"]}]},{"@type":"BreadcrumbList","@id":"https:\/\/www.valcucine.com\/de\/spezielle-eigenschaften\/fruehstueckstheken\/fruehstckstheke-insula\/#breadcrumb","itemListElement":[{"@type":"ListItem","position":1,"name":"Valcucine","item":"https:\/\/www.valcucine.com\/de\/"},{"@type":"ListItem","position":2,"name":"Spezialelemente","item":"https:\/\/www.valcucine.com\/de\/spezielle-eigenschaften\/"},{"@type":"ListItem","position":3,"name":"Fr\u00fchst\u00fcckstheken","item":"https:\/\/www.valcucine.com\/de\/spezielle-eigenschaften\/fruehstueckstheken\/"},{"@type":"ListItem","position":4,"name":"Fr\u00fchst\u00fcckstheke Insula"}]},{"@type":"WebSite","@id":"https:\/\/www.valcucine.com\/#website","url":"https:\/\/www.valcucine.com\/","name":"Valcucine","description":"","publisher":{"@id":"https:\/\/www.valcucine.com\/#organization"},"potentialAction":[{"@type":"SearchAction","target":{"@type":"EntryPoint","urlTemplate":"https:\/\/www.valcucine.com\/?s={search_term_string}"},"query-input":{"@type":"PropertyValueSpecification","valueRequired":true,"valueName":"search_term_string"}}],"inLanguage":"de"},{"@type":"Organization","@id":"https:\/\/www.valcucine.com\/#organization","name":"Valcucine","url":"https:\/\/www.valcucine.com\/","logo":{"@type":"ImageObject","inLanguage":"de","@id":"https:\/\/www.valcucine.com\/#\/schema\/logo\/image\/","url":"https:\/\/www.valcucine.com\/wp-content\/uploads\/2024\/02\/logo-valcucine.webp?wsr","contentUrl":"https:\/\/www.valcucine.com\/wp-content\/uploads\/2024\/02\/logo-valcucine.webp?wsr","width":288,"height":46,"caption":"Valcucine"},"image":{"@id":"https:\/\/www.valcucine.com\/#\/schema\/logo\/image\/"},"sameAs":["https:\/\/www.facebook.com\/valcucine\/","https:\/\/www.instagram.com\/valcucine\/","https:\/\/www.linkedin.com\/company\/valcucine"]}]}},"_links":{"self":[{"href":"https:\/\/www.valcucine.com\/de\/wp-json\/wp\/v2\/pages\/21489","targetHints":{"allow":["GET"]}}],"collection":[{"href":"https:\/\/www.valcucine.com\/de\/wp-json\/wp\/v2\/pages"}],"about":[{"href":"https:\/\/www.valcucine.com\/de\/wp-json\/wp\/v2\/types\/page"}],"author":[{"embeddable":true,"href":"https:\/\/www.valcucine.com\/de\/wp-json\/wp\/v2\/users\/1"}],"replies":[{"embeddable":true,"href":"https:\/\/www.valcucine.com\/de\/wp-json\/wp\/v2\/comments?post=21489"}],"version-history":[{"count":2,"href":"https:\/\/www.valcucine.com\/de\/wp-json\/wp\/v2\/pages\/21489\/revisions"}],"predecessor-version":[{"id":21500,"href":"https:\/\/www.valcucine.com\/de\/wp-json\/wp\/v2\/pages\/21489\/revisions\/21500"}],"up":[{"embeddable":true,"href":"https:\/\/www.valcucine.com\/de\/wp-json\/wp\/v2\/pages\/21483"}],"wp:attachment":[{"href":"https:\/\/www.valcucine.com\/de\/wp-json\/wp\/v2\/media?parent=21489"}],"curies":[{"name":"wp","href":"https:\/\/api.w.org\/{rel}","templated":true}]}}