{"id":21543,"date":"2024-03-15T13:22:27","date_gmt":"2024-03-15T13:22:27","guid":{"rendered":"https:\/\/devel.valcucine.com\/spezielle-eigenschaften\/tische\/tavolo-symposium\/"},"modified":"2024-08-29T10:12:55","modified_gmt":"2024-08-29T10:12:55","slug":"tisch-symposium","status":"publish","type":"page","link":"https:\/\/www.valcucine.com\/de\/spezielle-eigenschaften\/tische\/tisch-symposium\/","title":{"rendered":"Tisch Symposium"},"content":{"rendered":"<div class=\"wpb-content-wrapper\"><p>[vc_row][vc_column]\n\t\t\t<!-- START Tavolo Symposium REVOLUTION SLIDER 6.7.38 --><p class=\"rs-p-wp-fix\"><\/p>\n\t\t\t<rs-module-wrap id=\"rev_slider_68_1_wrapper\" data-source=\"gallery\" style=\"visibility:hidden;background:transparent;padding:0;\">\n\t\t\t\t<rs-module id=\"rev_slider_68_1\" style=\"\" data-version=\"6.7.38\">\n\t\t\t\t\t<rs-slides style=\"overflow: hidden; position: absolute;\">\n\t\t\t\t\t\t<rs-slide style=\"position: absolute;\" data-key=\"rs-287\" data-title=\"Slide\" data-thumb=\"\/\/www.valcucine.com\/wp-content\/uploads\/2024\/03\/1880_1_symposium_ambientazione-50x100.webp\" data-in=\"o:0;\" data-out=\"a:false;\">\n\t\t\t\t\t\t\t<img decoding=\"async\" src=\"\/\/www.valcucine.com\/wp-content\/plugins\/revslider\/sr6\/assets\/assets\/dummy.png\" alt=\"\" title=\"1880_1_symposium_ambientazione\" width=\"2400\" height=\"1200\" class=\"rev-slidebg tp-rs-img rs-lazyload\" data-lazyload=\"\/\/www.valcucine.com\/wp-content\/uploads\/2024\/03\/1880_1_symposium_ambientazione.webp\" data-no-retina>\n<!---->\t\t\t\t\t<\/rs-slide>\n\t\t\t\t\t\t<rs-slide style=\"position: absolute;\" data-key=\"rs-288\" data-title=\"Slide\" data-thumb=\"\/\/www.valcucine.com\/wp-content\/uploads\/2024\/03\/2312_77tavolo_symposium-50x100.webp\" data-in=\"o:0;\" data-out=\"a:false;\">\n\t\t\t\t\t\t\t<img decoding=\"async\" src=\"\/\/www.valcucine.com\/wp-content\/plugins\/revslider\/sr6\/assets\/assets\/dummy.png\" alt=\"\" title=\"2312_77tavolo_symposium\" width=\"2400\" height=\"1200\" class=\"rev-slidebg tp-rs-img rs-lazyload\" data-lazyload=\"\/\/www.valcucine.com\/wp-content\/uploads\/2024\/03\/2312_77tavolo_symposium.webp\" data-no-retina>\n<!---->\t\t\t\t\t<\/rs-slide>\n\t\t\t\t\t<\/rs-slides>\n\t\t\t\t\t<rs-static-layers><!--\n\n\t\t\t\t\t\t\t--><rs-layer\n\t\t\t\t\t\t\t\tid=\"slider-68-slide-62-layer-12\" \n\t\t\t\t\t\t\t\tclass=\"play-button rs-svg rs-layer-static\"\n\t\t\t\t\t\t\t\tdata-type=\"svg\"\n\t\t\t\t\t\t\t\tdata-rsp_ch=\"on\"\n\t\t\t\t\t\t\t\tdata-xy=\"xo:20px;y:b;yo:20px;\"\n\t\t\t\t\t\t\t\tdata-text=\"w:normal;s:20,20,20,7;l:0,0,0,9;\"\n\t\t\t\t\t\t\t\tdata-dim=\"w:20px,20px,20px,30px;h:20px,20px,20px,30px;\"\n\t\t\t\t\t\t\t\tdata-actions='o:click;a:playslider;'\n\t\t\t\t\t\t\t\tdata-svg_src=\"\/\/www.valcucine.com\/wp-content\/uploads\/revslider\/svg\/objects\/svgcustom\/circle-play.svg\"\n\t\t\t\t\t\t\t\tdata-svgi=\"oc:t;\"\n\t\t\t\t\t\t\t\tdata-basealign=\"slide\"\n\t\t\t\t\t\t\t\tdata-onslides=\"s:1;\"\n\t\t\t\t\t\t\t\tdata-frame_999=\"o:0;st:w;\"\n\t\t\t\t\t\t\t\tstyle=\"z-index:7;font-family:'Roboto';\"\n\t\t\t\t\t\t\t> \n\t\t\t\t\t\t\t<\/rs-layer><!--\n\n\t\t\t\t\t\t\t--><rs-layer\n\t\t\t\t\t\t\t\tid=\"slider-68-slide-62-layer-13\" \n\t\t\t\t\t\t\t\tclass=\"pause-button current-slider rs-svg rs-layer-static\"\n\t\t\t\t\t\t\t\tdata-type=\"svg\"\n\t\t\t\t\t\t\t\tdata-rsp_ch=\"on\"\n\t\t\t\t\t\t\t\tdata-xy=\"xo:20px;y:b;yo:20px;\"\n\t\t\t\t\t\t\t\tdata-text=\"w:normal;s:20,20,20,7;l:0,0,0,9;\"\n\t\t\t\t\t\t\t\tdata-dim=\"w:20px,20px,20px,30px;h:20px,20px,20px,30px;\"\n\t\t\t\t\t\t\t\tdata-actions='o:click;a:pauseslider;'\n\t\t\t\t\t\t\t\tdata-svg_src=\"\/\/www.valcucine.com\/wp-content\/uploads\/revslider\/svg\/objects\/svgcustom\/circle-pause.svg\"\n\t\t\t\t\t\t\t\tdata-svgi=\"oc:t;\"\n\t\t\t\t\t\t\t\tdata-basealign=\"slide\"\n\t\t\t\t\t\t\t\tdata-onslides=\"s:1;\"\n\t\t\t\t\t\t\t\tdata-frame_999=\"o:0;st:w;\"\n\t\t\t\t\t\t\t\tstyle=\"z-index:8;font-family:'Roboto';\"\n\t\t\t\t\t\t\t> \n\t\t\t\t\t\t\t<\/rs-layer><!--\n\t\t\t\t\t--><\/rs-static-layers>\n\t\t\t\t<\/rs-module>\n\t\t\t\t<script>\n\t\t\t\t\tsetREVStartSize({c: 'rev_slider_68_1',rl:[1240,1240,1240,480],el:[568.984,568.984,568.984,480],gw:[1240,1240,1240,480],gh:[569,569,569,480],type:'standard',justify:'',layout:'fullscreen',offsetContainer:'#slider__height',offset:'0px',mh:\"0\"});if (window.RS_MODULES!==undefined && window.RS_MODULES.modules!==undefined && window.RS_MODULES.modules[\"revslider681\"]!==undefined) {window.RS_MODULES.modules[\"revslider681\"].once = false;window.revapi68 = undefined;if (window.RS_MODULES.checkMinimal!==undefined) window.RS_MODULES.checkMinimal()}\n\t\t\t\t<\/script>\n\t\t\t<\/rs-module-wrap>\n\t\t\t<!-- END REVOLUTION SLIDER -->\n[\/vc_column][\/vc_row][vc_row][vc_column]\n        \n        <h1 class=\"text-center  main__title__h1  vc_custom_1710847450329 \" style=\"color:#333333;\"> \n\n         Tavolo Symposium\n        \n        <\/h1>[\/vc_column][\/vc_row][vc_row][vc_column][vc_column_text]<\/p>\n<div class=\"text\">\n<p style=\"text-align: justify;\">Die Linienf\u00fchrung des Tisches Symposium ist von leichter Eleganz. Eine Wirkung, welche durch die scheinbar schwebende Tischplatte noch verst\u00e4rkt wird. Er ist damit das ideale Einrichtungselement, um eine Valcucine-K\u00fcche zu vervollst\u00e4ndigen.<\/p>\n<p>Flug und Leichtigkeit: Das sind die Prinzipien, an denen sich Valcucine seit jeher ausgerichtet hat, die ein fester Bestandteil seiner Designphilosophie geworden sind und in einer suggestiven und eleganten Sprache mit geringen St\u00e4rken und schlanken Formen zum Ausdruck kommt.<\/p>\n<p>Durch eine besondere Konstruktion entsteht ein Zwischenraum zwischen den Tischbeinen und der Platte, die dadurch zu schweben scheint.<\/p>\n<p>Die St\u00e4rke von 1 cm, welche Tischplatte, Zwischenraum und Tischbeinprofil verbindet, bestimmt die Linienf\u00fchrung des Tisches und definiert seine Form. Unter ausdr\u00fccklicher Bezugnahme auf die typischen Proportionen von Valcucine, wird hier der Effekt von Leichtigkeit besonders deutlich.<\/p>\n<p>Der Innenaufbau aus Aluminium sorgt dagegen f\u00fcr maximale Stabilit\u00e4t.<\/p>\n<\/div>\n<p>[\/vc_column_text][\/vc_column][\/vc_row][vc_row css=&#8220;.vc_custom_1710847464931{margin-bottom: 40px !important;}&#8220;][vc_column][vc_separator color=&#8220;custom&#8220; el_width=&#8220;10&#8243; accent_color=&#8220;#666666&#8243;][\/vc_column][\/vc_row]<\/p>\n<\/div>","protected":false},"excerpt":{"rendered":"<p>[vc_row][vc_column][\/vc_column][\/vc_row][vc_row][vc_column][\/vc_column][\/vc_row][vc_row][vc_column][vc_column_text] Die Linienf\u00fchrung des Tisches Symposium ist von leichter Eleganz. Eine Wirkung, welche durch die scheinbar schwebende Tischplatte noch verst\u00e4rkt wird. Er ist damit das ideale Einrichtungselement, um eine Valcucine-K\u00fcche zu vervollst\u00e4ndigen. Flug und Leichtigkeit: Das sind die Prinzipien, an denen sich Valcucine seit jeher ausgerichtet hat, die ein fester Bestandteil seiner Designphilosophie geworden sind [&hellip;]<\/p>\n","protected":false},"author":1,"featured_media":0,"parent":21538,"menu_order":0,"comment_status":"closed","ping_status":"closed","template":"","meta":{"footnotes":""},"class_list":["post-21543","page","type-page","status-publish","hentry"],"yoast_head":"<!-- This site is optimized with the Yoast SEO plugin v26.2 - https:\/\/yoast.com\/wordpress\/plugins\/seo\/ -->\n<title>Tisch Symposium - Valcucine<\/title>\n<meta name=\"robots\" content=\"index, follow, max-snippet:-1, max-image-preview:large, max-video-preview:-1\" \/>\n<link rel=\"canonical\" href=\"https:\/\/www.valcucine.com\/de\/spezielle-eigenschaften\/tische\/tisch-symposium\/\" \/>\n<meta property=\"og:locale\" content=\"de_DE\" \/>\n<meta property=\"og:type\" content=\"article\" \/>\n<meta property=\"og:title\" content=\"Tisch Symposium - Valcucine\" \/>\n<meta property=\"og:description\" content=\"[vc_row][vc_column][\/vc_column][\/vc_row][vc_row][vc_column][\/vc_column][\/vc_row][vc_row][vc_column][vc_column_text] Die Linienf\u00fchrung des Tisches Symposium ist von leichter Eleganz. Eine Wirkung, welche durch die scheinbar schwebende Tischplatte noch verst\u00e4rkt wird. Er ist damit das ideale Einrichtungselement, um eine Valcucine-K\u00fcche zu vervollst\u00e4ndigen. Flug und Leichtigkeit: Das sind die Prinzipien, an denen sich Valcucine seit jeher ausgerichtet hat, die ein fester Bestandteil seiner Designphilosophie geworden sind [&hellip;]\" \/>\n<meta property=\"og:url\" content=\"https:\/\/www.valcucine.com\/de\/spezielle-eigenschaften\/tische\/tisch-symposium\/\" \/>\n<meta property=\"og:site_name\" content=\"Valcucine\" \/>\n<meta property=\"article:publisher\" content=\"https:\/\/www.facebook.com\/valcucine\/\" \/>\n<meta property=\"article:modified_time\" content=\"2024-08-29T10:12:55+00:00\" \/>\n<meta name=\"twitter:card\" content=\"summary_large_image\" \/>\n<meta name=\"twitter:label1\" content=\"Gesch\u00e4tzte Lesezeit\" \/>\n\t<meta name=\"twitter:data1\" content=\"1\u00a0Minute\" \/>\n<script type=\"application\/ld+json\" class=\"yoast-schema-graph\">{\"@context\":\"https:\/\/schema.org\",\"@graph\":[{\"@type\":\"WebPage\",\"@id\":\"https:\/\/www.valcucine.com\/de\/spezielle-eigenschaften\/tische\/tisch-symposium\/\",\"url\":\"https:\/\/www.valcucine.com\/de\/spezielle-eigenschaften\/tische\/tisch-symposium\/\",\"name\":\"Tisch Symposium - Valcucine\",\"isPartOf\":{\"@id\":\"https:\/\/www.valcucine.com\/#website\"},\"datePublished\":\"2024-03-15T13:22:27+00:00\",\"dateModified\":\"2024-08-29T10:12:55+00:00\",\"breadcrumb\":{\"@id\":\"https:\/\/www.valcucine.com\/de\/spezielle-eigenschaften\/tische\/tisch-symposium\/#breadcrumb\"},\"inLanguage\":\"de\",\"potentialAction\":[{\"@type\":\"ReadAction\",\"target\":[\"https:\/\/www.valcucine.com\/de\/spezielle-eigenschaften\/tische\/tisch-symposium\/\"]}]},{\"@type\":\"BreadcrumbList\",\"@id\":\"https:\/\/www.valcucine.com\/de\/spezielle-eigenschaften\/tische\/tisch-symposium\/#breadcrumb\",\"itemListElement\":[{\"@type\":\"ListItem\",\"position\":1,\"name\":\"Valcucine\",\"item\":\"https:\/\/www.valcucine.com\/de\/\"},{\"@type\":\"ListItem\",\"position\":2,\"name\":\"Spezialelemente\",\"item\":\"https:\/\/www.valcucine.com\/de\/spezielle-eigenschaften\/\"},{\"@type\":\"ListItem\",\"position\":3,\"name\":\"Tische\",\"item\":\"https:\/\/www.valcucine.com\/de\/spezielle-eigenschaften\/tische\/\"},{\"@type\":\"ListItem\",\"position\":4,\"name\":\"Tisch Symposium\"}]},{\"@type\":\"WebSite\",\"@id\":\"https:\/\/www.valcucine.com\/#website\",\"url\":\"https:\/\/www.valcucine.com\/\",\"name\":\"Valcucine\",\"description\":\"\",\"publisher\":{\"@id\":\"https:\/\/www.valcucine.com\/#organization\"},\"potentialAction\":[{\"@type\":\"SearchAction\",\"target\":{\"@type\":\"EntryPoint\",\"urlTemplate\":\"https:\/\/www.valcucine.com\/?s={search_term_string}\"},\"query-input\":{\"@type\":\"PropertyValueSpecification\",\"valueRequired\":true,\"valueName\":\"search_term_string\"}}],\"inLanguage\":\"de\"},{\"@type\":\"Organization\",\"@id\":\"https:\/\/www.valcucine.com\/#organization\",\"name\":\"Valcucine\",\"url\":\"https:\/\/www.valcucine.com\/\",\"logo\":{\"@type\":\"ImageObject\",\"inLanguage\":\"de\",\"@id\":\"https:\/\/www.valcucine.com\/#\/schema\/logo\/image\/\",\"url\":\"https:\/\/www.valcucine.com\/wp-content\/uploads\/2024\/02\/logo-valcucine.webp?wsr\",\"contentUrl\":\"https:\/\/www.valcucine.com\/wp-content\/uploads\/2024\/02\/logo-valcucine.webp?wsr\",\"width\":288,\"height\":46,\"caption\":\"Valcucine\"},\"image\":{\"@id\":\"https:\/\/www.valcucine.com\/#\/schema\/logo\/image\/\"},\"sameAs\":[\"https:\/\/www.facebook.com\/valcucine\/\",\"https:\/\/www.instagram.com\/valcucine\/\",\"https:\/\/www.linkedin.com\/company\/valcucine\"]}]}<\/script>\n<!-- \/ Yoast SEO plugin. -->","yoast_head_json":{"title":"Tisch Symposium - Valcucine","robots":{"index":"index","follow":"follow","max-snippet":"max-snippet:-1","max-image-preview":"max-image-preview:large","max-video-preview":"max-video-preview:-1"},"canonical":"https:\/\/www.valcucine.com\/de\/spezielle-eigenschaften\/tische\/tisch-symposium\/","og_locale":"de_DE","og_type":"article","og_title":"Tisch Symposium - Valcucine","og_description":"[vc_row][vc_column][\/vc_column][\/vc_row][vc_row][vc_column][\/vc_column][\/vc_row][vc_row][vc_column][vc_column_text] Die Linienf\u00fchrung des Tisches Symposium ist von leichter Eleganz. Eine Wirkung, welche durch die scheinbar schwebende Tischplatte noch verst\u00e4rkt wird. Er ist damit das ideale Einrichtungselement, um eine Valcucine-K\u00fcche zu vervollst\u00e4ndigen. Flug und Leichtigkeit: Das sind die Prinzipien, an denen sich Valcucine seit jeher ausgerichtet hat, die ein fester Bestandteil seiner Designphilosophie geworden sind [&hellip;]","og_url":"https:\/\/www.valcucine.com\/de\/spezielle-eigenschaften\/tische\/tisch-symposium\/","og_site_name":"Valcucine","article_publisher":"https:\/\/www.facebook.com\/valcucine\/","article_modified_time":"2024-08-29T10:12:55+00:00","twitter_card":"summary_large_image","twitter_misc":{"Gesch\u00e4tzte Lesezeit":"1\u00a0Minute"},"schema":{"@context":"https:\/\/schema.org","@graph":[{"@type":"WebPage","@id":"https:\/\/www.valcucine.com\/de\/spezielle-eigenschaften\/tische\/tisch-symposium\/","url":"https:\/\/www.valcucine.com\/de\/spezielle-eigenschaften\/tische\/tisch-symposium\/","name":"Tisch Symposium - Valcucine","isPartOf":{"@id":"https:\/\/www.valcucine.com\/#website"},"datePublished":"2024-03-15T13:22:27+00:00","dateModified":"2024-08-29T10:12:55+00:00","breadcrumb":{"@id":"https:\/\/www.valcucine.com\/de\/spezielle-eigenschaften\/tische\/tisch-symposium\/#breadcrumb"},"inLanguage":"de","potentialAction":[{"@type":"ReadAction","target":["https:\/\/www.valcucine.com\/de\/spezielle-eigenschaften\/tische\/tisch-symposium\/"]}]},{"@type":"BreadcrumbList","@id":"https:\/\/www.valcucine.com\/de\/spezielle-eigenschaften\/tische\/tisch-symposium\/#breadcrumb","itemListElement":[{"@type":"ListItem","position":1,"name":"Valcucine","item":"https:\/\/www.valcucine.com\/de\/"},{"@type":"ListItem","position":2,"name":"Spezialelemente","item":"https:\/\/www.valcucine.com\/de\/spezielle-eigenschaften\/"},{"@type":"ListItem","position":3,"name":"Tische","item":"https:\/\/www.valcucine.com\/de\/spezielle-eigenschaften\/tische\/"},{"@type":"ListItem","position":4,"name":"Tisch Symposium"}]},{"@type":"WebSite","@id":"https:\/\/www.valcucine.com\/#website","url":"https:\/\/www.valcucine.com\/","name":"Valcucine","description":"","publisher":{"@id":"https:\/\/www.valcucine.com\/#organization"},"potentialAction":[{"@type":"SearchAction","target":{"@type":"EntryPoint","urlTemplate":"https:\/\/www.valcucine.com\/?s={search_term_string}"},"query-input":{"@type":"PropertyValueSpecification","valueRequired":true,"valueName":"search_term_string"}}],"inLanguage":"de"},{"@type":"Organization","@id":"https:\/\/www.valcucine.com\/#organization","name":"Valcucine","url":"https:\/\/www.valcucine.com\/","logo":{"@type":"ImageObject","inLanguage":"de","@id":"https:\/\/www.valcucine.com\/#\/schema\/logo\/image\/","url":"https:\/\/www.valcucine.com\/wp-content\/uploads\/2024\/02\/logo-valcucine.webp?wsr","contentUrl":"https:\/\/www.valcucine.com\/wp-content\/uploads\/2024\/02\/logo-valcucine.webp?wsr","width":288,"height":46,"caption":"Valcucine"},"image":{"@id":"https:\/\/www.valcucine.com\/#\/schema\/logo\/image\/"},"sameAs":["https:\/\/www.facebook.com\/valcucine\/","https:\/\/www.instagram.com\/valcucine\/","https:\/\/www.linkedin.com\/company\/valcucine"]}]}},"_links":{"self":[{"href":"https:\/\/www.valcucine.com\/de\/wp-json\/wp\/v2\/pages\/21543","targetHints":{"allow":["GET"]}}],"collection":[{"href":"https:\/\/www.valcucine.com\/de\/wp-json\/wp\/v2\/pages"}],"about":[{"href":"https:\/\/www.valcucine.com\/de\/wp-json\/wp\/v2\/types\/page"}],"author":[{"embeddable":true,"href":"https:\/\/www.valcucine.com\/de\/wp-json\/wp\/v2\/users\/1"}],"replies":[{"embeddable":true,"href":"https:\/\/www.valcucine.com\/de\/wp-json\/wp\/v2\/comments?post=21543"}],"version-history":[{"count":1,"href":"https:\/\/www.valcucine.com\/de\/wp-json\/wp\/v2\/pages\/21543\/revisions"}],"predecessor-version":[{"id":21545,"href":"https:\/\/www.valcucine.com\/de\/wp-json\/wp\/v2\/pages\/21543\/revisions\/21545"}],"up":[{"embeddable":true,"href":"https:\/\/www.valcucine.com\/de\/wp-json\/wp\/v2\/pages\/21538"}],"wp:attachment":[{"href":"https:\/\/www.valcucine.com\/de\/wp-json\/wp\/v2\/media?parent=21543"}],"curies":[{"name":"wp","href":"https:\/\/api.w.org\/{rel}","templated":true}]}}