{"id":21626,"date":"2024-04-18T15:05:17","date_gmt":"2024-04-18T15:05:17","guid":{"rendered":"https:\/\/devel.valcucine.com\/planung\/ventilazione\/"},"modified":"2025-06-04T14:55:06","modified_gmt":"2025-06-04T14:55:06","slug":"luftung","status":"publish","type":"page","link":"https:\/\/www.valcucine.com\/de\/planung\/luftung\/","title":{"rendered":"\u200bBel\u00fcftung"},"content":{"rendered":"<div class=\"wpb-content-wrapper\"><p>[vc_row][vc_column]\n        \n        <h1 class=\"text-center  main__title__h1  vc_custom_1725011038454 \" style=\"color:#333333;\"> \n\n          Bel\u00fcftung\n        \n        <\/h1>[\/vc_column][\/vc_row][vc_row][vc_column][vc_column_text]<\/p>\n<p style=\"text-align: justify;\">In allen R\u00e4umen, in denen sich Kochfelder mit Brennern befinden &#8211; die den R\u00e4umlichkeiten, in denen sie installiert sind Luft entziehen &#8211; m\u00fcssen Bel\u00fcftungs\u00f6ffnungen vorgesehen sein.\u00a0Mit\u00a0<strong>Bel\u00fcftung\u00a0<\/strong>ist das Abf\u00fchren der Abluft \u00fcber spezielle feste Bel\u00fcftungs\u00f6ffnungen gemeint. Diese k\u00f6nnen sich in der K\u00fcche selbst befinden, wenn diese eine Au\u00dfenwand hat. Eine korrekte Bel\u00fcftung kann jedoch auch \u00fcber eine Verbindung mit einem Raum sichergestellt werden, der sich neben der K\u00fcche befindet und seinerseits einen Au\u00dfenwandanschluss hat.<\/p>\n<p>[\/vc_column_text][\/vc_column][\/vc_row]<\/p>\n<\/div>","protected":false},"excerpt":{"rendered":"<p>[vc_row][vc_column][\/vc_column][\/vc_row][vc_row][vc_column][vc_column_text] In allen R\u00e4umen, in denen sich Kochfelder mit Brennern befinden &#8211; die den R\u00e4umlichkeiten, in denen sie installiert sind Luft entziehen &#8211; m\u00fcssen Bel\u00fcftungs\u00f6ffnungen vorgesehen sein.\u00a0Mit\u00a0Bel\u00fcftung\u00a0ist das Abf\u00fchren der Abluft \u00fcber spezielle feste Bel\u00fcftungs\u00f6ffnungen gemeint. Diese k\u00f6nnen sich in der K\u00fcche selbst befinden, wenn diese eine Au\u00dfenwand hat. Eine korrekte Bel\u00fcftung kann jedoch auch [&hellip;]<\/p>\n","protected":false},"author":1,"featured_media":10990,"parent":21623,"menu_order":0,"comment_status":"closed","ping_status":"closed","template":"page-planning01.php","meta":{"footnotes":""},"class_list":["post-21626","page","type-page","status-publish","has-post-thumbnail","hentry"],"yoast_head":"<!-- This site is optimized with the Yoast SEO plugin v26.2 - https:\/\/yoast.com\/wordpress\/plugins\/seo\/ -->\n<title>\u200bBel\u00fcftung mit Valcucine<\/title>\n<meta name=\"description\" content=\"Mit Bel\u00fcftung ist das Abf\u00fchren der Abluft \u00fcber spezielle feste Bel\u00fcftungs\u00f6ffnungen gemeint.\" \/>\n<meta name=\"robots\" content=\"index, follow, max-snippet:-1, max-image-preview:large, max-video-preview:-1\" \/>\n<link rel=\"canonical\" href=\"https:\/\/www.valcucine.com\/de\/planung\/luftung\/\" \/>\n<meta property=\"og:locale\" content=\"de_DE\" \/>\n<meta property=\"og:type\" content=\"article\" \/>\n<meta property=\"og:title\" content=\"\u200bBel\u00fcftung mit Valcucine\" \/>\n<meta property=\"og:description\" content=\"Mit Bel\u00fcftung ist das Abf\u00fchren der Abluft \u00fcber spezielle feste Bel\u00fcftungs\u00f6ffnungen gemeint.\" \/>\n<meta property=\"og:url\" content=\"https:\/\/www.valcucine.com\/de\/planung\/luftung\/\" \/>\n<meta property=\"og:site_name\" content=\"Valcucine\" \/>\n<meta property=\"article:publisher\" content=\"https:\/\/www.facebook.com\/valcucine\/\" \/>\n<meta property=\"article:modified_time\" content=\"2025-06-04T14:55:06+00:00\" \/>\n<meta property=\"og:image\" content=\"https:\/\/www.valcucine.com\/wp-content\/uploads\/2024\/04\/36_guid-progetto112.webp?wsr\" \/>\n\t<meta property=\"og:image:width\" content=\"1188\" \/>\n\t<meta property=\"og:image:height\" content=\"826\" \/>\n\t<meta property=\"og:image:type\" content=\"image\/webp\" \/>\n<meta name=\"twitter:card\" content=\"summary_large_image\" \/>\n<meta name=\"twitter:label1\" content=\"Gesch\u00e4tzte Lesezeit\" \/>\n\t<meta name=\"twitter:data1\" content=\"1\u00a0Minute\" \/>\n<script type=\"application\/ld+json\" class=\"yoast-schema-graph\">{\"@context\":\"https:\/\/schema.org\",\"@graph\":[{\"@type\":\"WebPage\",\"@id\":\"https:\/\/www.valcucine.com\/de\/planung\/luftung\/\",\"url\":\"https:\/\/www.valcucine.com\/de\/planung\/luftung\/\",\"name\":\"\u200bBel\u00fcftung mit Valcucine\",\"isPartOf\":{\"@id\":\"https:\/\/www.valcucine.com\/#website\"},\"primaryImageOfPage\":{\"@id\":\"https:\/\/www.valcucine.com\/de\/planung\/luftung\/#primaryimage\"},\"image\":{\"@id\":\"https:\/\/www.valcucine.com\/de\/planung\/luftung\/#primaryimage\"},\"thumbnailUrl\":\"https:\/\/www.valcucine.com\/wp-content\/uploads\/2024\/04\/36_guid-progetto112.webp?wsr\",\"datePublished\":\"2024-04-18T15:05:17+00:00\",\"dateModified\":\"2025-06-04T14:55:06+00:00\",\"description\":\"Mit Bel\u00fcftung ist das Abf\u00fchren der Abluft \u00fcber spezielle feste Bel\u00fcftungs\u00f6ffnungen gemeint.\",\"breadcrumb\":{\"@id\":\"https:\/\/www.valcucine.com\/de\/planung\/luftung\/#breadcrumb\"},\"inLanguage\":\"de\",\"potentialAction\":[{\"@type\":\"ReadAction\",\"target\":[\"https:\/\/www.valcucine.com\/de\/planung\/luftung\/\"]}]},{\"@type\":\"ImageObject\",\"inLanguage\":\"de\",\"@id\":\"https:\/\/www.valcucine.com\/de\/planung\/luftung\/#primaryimage\",\"url\":\"https:\/\/www.valcucine.com\/wp-content\/uploads\/2024\/04\/36_guid-progetto112.webp?wsr\",\"contentUrl\":\"https:\/\/www.valcucine.com\/wp-content\/uploads\/2024\/04\/36_guid-progetto112.webp?wsr\",\"width\":1188,\"height\":826},{\"@type\":\"BreadcrumbList\",\"@id\":\"https:\/\/www.valcucine.com\/de\/planung\/luftung\/#breadcrumb\",\"itemListElement\":[{\"@type\":\"ListItem\",\"position\":1,\"name\":\"Valcucine\",\"item\":\"https:\/\/www.valcucine.com\/de\/\"},{\"@type\":\"ListItem\",\"position\":2,\"name\":\"Kuechenplanung\",\"item\":\"https:\/\/www.valcucine.com\/de\/planung\/\"},{\"@type\":\"ListItem\",\"position\":3,\"name\":\"\u200bBel\u00fcftung\"}]},{\"@type\":\"WebSite\",\"@id\":\"https:\/\/www.valcucine.com\/#website\",\"url\":\"https:\/\/www.valcucine.com\/\",\"name\":\"Valcucine\",\"description\":\"\",\"publisher\":{\"@id\":\"https:\/\/www.valcucine.com\/#organization\"},\"potentialAction\":[{\"@type\":\"SearchAction\",\"target\":{\"@type\":\"EntryPoint\",\"urlTemplate\":\"https:\/\/www.valcucine.com\/?s={search_term_string}\"},\"query-input\":{\"@type\":\"PropertyValueSpecification\",\"valueRequired\":true,\"valueName\":\"search_term_string\"}}],\"inLanguage\":\"de\"},{\"@type\":\"Organization\",\"@id\":\"https:\/\/www.valcucine.com\/#organization\",\"name\":\"Valcucine\",\"url\":\"https:\/\/www.valcucine.com\/\",\"logo\":{\"@type\":\"ImageObject\",\"inLanguage\":\"de\",\"@id\":\"https:\/\/www.valcucine.com\/#\/schema\/logo\/image\/\",\"url\":\"https:\/\/www.valcucine.com\/wp-content\/uploads\/2024\/02\/logo-valcucine.webp?wsr\",\"contentUrl\":\"https:\/\/www.valcucine.com\/wp-content\/uploads\/2024\/02\/logo-valcucine.webp?wsr\",\"width\":288,\"height\":46,\"caption\":\"Valcucine\"},\"image\":{\"@id\":\"https:\/\/www.valcucine.com\/#\/schema\/logo\/image\/\"},\"sameAs\":[\"https:\/\/www.facebook.com\/valcucine\/\",\"https:\/\/www.instagram.com\/valcucine\/\",\"https:\/\/www.linkedin.com\/company\/valcucine\"]}]}<\/script>\n<!-- \/ Yoast SEO plugin. -->","yoast_head_json":{"title":"\u200bBel\u00fcftung mit Valcucine","description":"Mit Bel\u00fcftung ist das Abf\u00fchren der Abluft \u00fcber spezielle feste Bel\u00fcftungs\u00f6ffnungen gemeint.","robots":{"index":"index","follow":"follow","max-snippet":"max-snippet:-1","max-image-preview":"max-image-preview:large","max-video-preview":"max-video-preview:-1"},"canonical":"https:\/\/www.valcucine.com\/de\/planung\/luftung\/","og_locale":"de_DE","og_type":"article","og_title":"\u200bBel\u00fcftung mit Valcucine","og_description":"Mit Bel\u00fcftung ist das Abf\u00fchren der Abluft \u00fcber spezielle feste Bel\u00fcftungs\u00f6ffnungen gemeint.","og_url":"https:\/\/www.valcucine.com\/de\/planung\/luftung\/","og_site_name":"Valcucine","article_publisher":"https:\/\/www.facebook.com\/valcucine\/","article_modified_time":"2025-06-04T14:55:06+00:00","og_image":[{"width":1188,"height":826,"url":"https:\/\/www.valcucine.com\/wp-content\/uploads\/2024\/04\/36_guid-progetto112.webp?wsr","type":"image\/webp"}],"twitter_card":"summary_large_image","twitter_misc":{"Gesch\u00e4tzte Lesezeit":"1\u00a0Minute"},"schema":{"@context":"https:\/\/schema.org","@graph":[{"@type":"WebPage","@id":"https:\/\/www.valcucine.com\/de\/planung\/luftung\/","url":"https:\/\/www.valcucine.com\/de\/planung\/luftung\/","name":"\u200bBel\u00fcftung mit Valcucine","isPartOf":{"@id":"https:\/\/www.valcucine.com\/#website"},"primaryImageOfPage":{"@id":"https:\/\/www.valcucine.com\/de\/planung\/luftung\/#primaryimage"},"image":{"@id":"https:\/\/www.valcucine.com\/de\/planung\/luftung\/#primaryimage"},"thumbnailUrl":"https:\/\/www.valcucine.com\/wp-content\/uploads\/2024\/04\/36_guid-progetto112.webp?wsr","datePublished":"2024-04-18T15:05:17+00:00","dateModified":"2025-06-04T14:55:06+00:00","description":"Mit Bel\u00fcftung ist das Abf\u00fchren der Abluft \u00fcber spezielle feste Bel\u00fcftungs\u00f6ffnungen gemeint.","breadcrumb":{"@id":"https:\/\/www.valcucine.com\/de\/planung\/luftung\/#breadcrumb"},"inLanguage":"de","potentialAction":[{"@type":"ReadAction","target":["https:\/\/www.valcucine.com\/de\/planung\/luftung\/"]}]},{"@type":"ImageObject","inLanguage":"de","@id":"https:\/\/www.valcucine.com\/de\/planung\/luftung\/#primaryimage","url":"https:\/\/www.valcucine.com\/wp-content\/uploads\/2024\/04\/36_guid-progetto112.webp?wsr","contentUrl":"https:\/\/www.valcucine.com\/wp-content\/uploads\/2024\/04\/36_guid-progetto112.webp?wsr","width":1188,"height":826},{"@type":"BreadcrumbList","@id":"https:\/\/www.valcucine.com\/de\/planung\/luftung\/#breadcrumb","itemListElement":[{"@type":"ListItem","position":1,"name":"Valcucine","item":"https:\/\/www.valcucine.com\/de\/"},{"@type":"ListItem","position":2,"name":"Kuechenplanung","item":"https:\/\/www.valcucine.com\/de\/planung\/"},{"@type":"ListItem","position":3,"name":"\u200bBel\u00fcftung"}]},{"@type":"WebSite","@id":"https:\/\/www.valcucine.com\/#website","url":"https:\/\/www.valcucine.com\/","name":"Valcucine","description":"","publisher":{"@id":"https:\/\/www.valcucine.com\/#organization"},"potentialAction":[{"@type":"SearchAction","target":{"@type":"EntryPoint","urlTemplate":"https:\/\/www.valcucine.com\/?s={search_term_string}"},"query-input":{"@type":"PropertyValueSpecification","valueRequired":true,"valueName":"search_term_string"}}],"inLanguage":"de"},{"@type":"Organization","@id":"https:\/\/www.valcucine.com\/#organization","name":"Valcucine","url":"https:\/\/www.valcucine.com\/","logo":{"@type":"ImageObject","inLanguage":"de","@id":"https:\/\/www.valcucine.com\/#\/schema\/logo\/image\/","url":"https:\/\/www.valcucine.com\/wp-content\/uploads\/2024\/02\/logo-valcucine.webp?wsr","contentUrl":"https:\/\/www.valcucine.com\/wp-content\/uploads\/2024\/02\/logo-valcucine.webp?wsr","width":288,"height":46,"caption":"Valcucine"},"image":{"@id":"https:\/\/www.valcucine.com\/#\/schema\/logo\/image\/"},"sameAs":["https:\/\/www.facebook.com\/valcucine\/","https:\/\/www.instagram.com\/valcucine\/","https:\/\/www.linkedin.com\/company\/valcucine"]}]}},"_links":{"self":[{"href":"https:\/\/www.valcucine.com\/de\/wp-json\/wp\/v2\/pages\/21626","targetHints":{"allow":["GET"]}}],"collection":[{"href":"https:\/\/www.valcucine.com\/de\/wp-json\/wp\/v2\/pages"}],"about":[{"href":"https:\/\/www.valcucine.com\/de\/wp-json\/wp\/v2\/types\/page"}],"author":[{"embeddable":true,"href":"https:\/\/www.valcucine.com\/de\/wp-json\/wp\/v2\/users\/1"}],"replies":[{"embeddable":true,"href":"https:\/\/www.valcucine.com\/de\/wp-json\/wp\/v2\/comments?post=21626"}],"version-history":[{"count":2,"href":"https:\/\/www.valcucine.com\/de\/wp-json\/wp\/v2\/pages\/21626\/revisions"}],"predecessor-version":[{"id":21628,"href":"https:\/\/www.valcucine.com\/de\/wp-json\/wp\/v2\/pages\/21626\/revisions\/21628"}],"up":[{"embeddable":true,"href":"https:\/\/www.valcucine.com\/de\/wp-json\/wp\/v2\/pages\/21623"}],"wp:featuredmedia":[{"embeddable":true,"href":"https:\/\/www.valcucine.com\/de\/wp-json\/wp\/v2\/media\/10990"}],"wp:attachment":[{"href":"https:\/\/www.valcucine.com\/de\/wp-json\/wp\/v2\/media?parent=21626"}],"curies":[{"name":"wp","href":"https:\/\/api.w.org\/{rel}","templated":true}]}}