{"id":21629,"date":"2024-07-22T12:31:46","date_gmt":"2024-07-22T12:31:46","guid":{"rendered":"https:\/\/devel.valcucine.com\/planung\/luftung\/foro-ventilazione-cucina\/"},"modified":"2025-10-31T08:06:42","modified_gmt":"2025-10-31T08:06:42","slug":"kuchen-abluft-luftung","status":"publish","type":"page","link":"https:\/\/www.valcucine.com\/de\/planung\/luftung\/kuchen-abluft-luftung\/","title":{"rendered":"Bel\u00fcftungs\u00f6ffnungen"},"content":{"rendered":"<div class=\"wpb-content-wrapper\"><p>[vc_row][vc_column][vc_empty_space]\n        \n        <h1 class=\"text-start  main__title__h1  \" style=\"color:#333333;\"> \n\n         Bel\u00fcftungs\u00f6ffnungen\n        \n        <\/h1>[vc_empty_space][vc_column_text css=&#8220;&#8220;]<\/p>\n<p style=\"text-align: justify;\"><strong>Wof\u00fcr dienen die Bel\u00fcftungs\u00f6ffnungen?<\/strong><\/p>\n<p style=\"text-align: justify;\">Ins Innere der K\u00fcche muss mind. soviel Luft gelangen, wie durch den normalen Brennvorgang verbraucht wird. Hinzu kommt, dass bei ungen\u00fcgender Zuluft durch die Luftabsaugung der Dunstabzugshaube ein Unterdruck entstehen kann, der die vollst\u00e4ndige Entfernung des Kochwrasen verhindert. Um diesen beiden Problemen zu begegnen, muss die nat\u00fcrliche Luftzufuhr direkt \u00fcber st\u00e4ndige L\u00fcftungs\u00f6ffnungen in den Au\u00dfenw\u00e4nden sichergestellt werden.<\/p>\n<p style=\"text-align: justify;\">Diese L\u00fcftungs\u00f6ffnungen m\u00fcssen nach UNI7129 folgende Eigenschaften aufweisen:<br \/>\n&#8211; Der Nettodurchschnitt des Bel\u00fcftungsrohres muss mind. 6cm2 f\u00fcr jedes kW installierte W\u00e4rmeleistung, mindestens jedoch 100cm<sup>2<\/sup> betragen.<br \/>\n&#8211; Wenn das Gaskochfeld nicht mit einem Thermoelement versehen ist (Vorrichtung, die bei erloschener Flamme den Gasaustritt verhindert), muss eine weitere L\u00fcftungs\u00f6ffnung geschaffen werden, um auf einen Mindestbel\u00fcftungsquerschnitt von 200cm<sup>2<\/sup> zu kommen.<\/p>\n<p style=\"text-align: justify;\">Es wird empfohlen, die zweite L\u00fcftungs\u00f6ffnung im unteren Bereich des Raums anzubringen, da LPG aufgrund seiner h\u00f6heren relativen Dichte im Vergleich zu Methan dazu neigt, sich unten anzusammeln und eine gr\u00f6\u00dfere Luftzufuhr f\u00fcr die Verbrennung erfordert.<\/p>\n<p>[\/vc_column_text][\/vc_column][\/vc_row][vc_row][vc_column][vc_single_image image=&#8220;21633&#8243; img_size=&#8220;1000&#215;800&#8243;][\/vc_column][\/vc_row]<\/p>\n<\/div>","protected":false},"excerpt":{"rendered":"<p>[vc_row][vc_column][vc_empty_space][vc_empty_space][vc_column_text css=&#8220;&#8220;] Wof\u00fcr dienen die Bel\u00fcftungs\u00f6ffnungen? Ins Innere der K\u00fcche muss mind. soviel Luft gelangen, wie durch den normalen Brennvorgang verbraucht wird. Hinzu kommt, dass bei ungen\u00fcgender Zuluft durch die Luftabsaugung der Dunstabzugshaube ein Unterdruck entstehen kann, der die vollst\u00e4ndige Entfernung des Kochwrasen verhindert. Um diesen beiden Problemen zu begegnen, muss die nat\u00fcrliche Luftzufuhr direkt [&hellip;]<\/p>\n","protected":false},"author":2,"featured_media":21638,"parent":21626,"menu_order":0,"comment_status":"closed","ping_status":"closed","template":"page-planning02.php","meta":{"footnotes":""},"class_list":["post-21629","page","type-page","status-publish","has-post-thumbnail","hentry"],"yoast_head":"<!-- This site is optimized with the Yoast SEO plugin v26.2 - https:\/\/yoast.com\/wordpress\/plugins\/seo\/ -->\n<title>Foro aerazione Valcucine<\/title>\n<meta name=\"description\" content=\"All\u2019interno della cucina, deve necessariamente affluire almeno tanta aria quanta ne viene richiesta dalla regolare combustione del gas.\" \/>\n<meta name=\"robots\" content=\"index, follow, max-snippet:-1, max-image-preview:large, max-video-preview:-1\" \/>\n<link rel=\"canonical\" href=\"https:\/\/www.valcucine.com\/de\/planung\/luftung\/kuchen-abluft-luftung\/\" \/>\n<meta property=\"og:locale\" content=\"de_DE\" \/>\n<meta property=\"og:type\" content=\"article\" \/>\n<meta property=\"og:title\" content=\"Foro aerazione Valcucine\" \/>\n<meta property=\"og:description\" content=\"All\u2019interno della cucina, deve necessariamente affluire almeno tanta aria quanta ne viene richiesta dalla regolare combustione del gas.\" \/>\n<meta property=\"og:url\" content=\"https:\/\/www.valcucine.com\/de\/planung\/luftung\/kuchen-abluft-luftung\/\" \/>\n<meta property=\"og:site_name\" content=\"Valcucine\" \/>\n<meta property=\"article:publisher\" content=\"https:\/\/www.facebook.com\/valcucine\/\" \/>\n<meta property=\"article:modified_time\" content=\"2025-10-31T08:06:42+00:00\" \/>\n<meta property=\"og:image\" content=\"https:\/\/www.valcucine.com\/wp-content\/uploads\/2024\/07\/114_guid_progetto110-e1721651483616.jpg?wsr\" \/>\n\t<meta property=\"og:image:width\" content=\"600\" \/>\n\t<meta property=\"og:image:height\" content=\"417\" \/>\n\t<meta property=\"og:image:type\" content=\"image\/jpeg\" \/>\n<meta name=\"twitter:card\" content=\"summary_large_image\" \/>\n<meta name=\"twitter:label1\" content=\"Gesch\u00e4tzte Lesezeit\" \/>\n\t<meta name=\"twitter:data1\" content=\"2\u00a0Minuten\" \/>\n<script type=\"application\/ld+json\" class=\"yoast-schema-graph\">{\"@context\":\"https:\/\/schema.org\",\"@graph\":[{\"@type\":\"WebPage\",\"@id\":\"https:\/\/www.valcucine.com\/de\/planung\/luftung\/kuchen-abluft-luftung\/\",\"url\":\"https:\/\/www.valcucine.com\/de\/planung\/luftung\/kuchen-abluft-luftung\/\",\"name\":\"Foro aerazione Valcucine\",\"isPartOf\":{\"@id\":\"https:\/\/www.valcucine.com\/#website\"},\"primaryImageOfPage\":{\"@id\":\"https:\/\/www.valcucine.com\/de\/planung\/luftung\/kuchen-abluft-luftung\/#primaryimage\"},\"image\":{\"@id\":\"https:\/\/www.valcucine.com\/de\/planung\/luftung\/kuchen-abluft-luftung\/#primaryimage\"},\"thumbnailUrl\":\"https:\/\/www.valcucine.com\/wp-content\/uploads\/2024\/07\/114_guid_progetto110-e1721651483616.jpg?wsr\",\"datePublished\":\"2024-07-22T12:31:46+00:00\",\"dateModified\":\"2025-10-31T08:06:42+00:00\",\"description\":\"All\u2019interno della cucina, deve necessariamente affluire almeno tanta aria quanta ne viene richiesta dalla regolare combustione del gas.\",\"breadcrumb\":{\"@id\":\"https:\/\/www.valcucine.com\/de\/planung\/luftung\/kuchen-abluft-luftung\/#breadcrumb\"},\"inLanguage\":\"de\",\"potentialAction\":[{\"@type\":\"ReadAction\",\"target\":[\"https:\/\/www.valcucine.com\/de\/planung\/luftung\/kuchen-abluft-luftung\/\"]}]},{\"@type\":\"ImageObject\",\"inLanguage\":\"de\",\"@id\":\"https:\/\/www.valcucine.com\/de\/planung\/luftung\/kuchen-abluft-luftung\/#primaryimage\",\"url\":\"https:\/\/www.valcucine.com\/wp-content\/uploads\/2024\/07\/114_guid_progetto110-e1721651483616.jpg?wsr\",\"contentUrl\":\"https:\/\/www.valcucine.com\/wp-content\/uploads\/2024\/07\/114_guid_progetto110-e1721651483616.jpg?wsr\",\"width\":600,\"height\":417},{\"@type\":\"BreadcrumbList\",\"@id\":\"https:\/\/www.valcucine.com\/de\/planung\/luftung\/kuchen-abluft-luftung\/#breadcrumb\",\"itemListElement\":[{\"@type\":\"ListItem\",\"position\":1,\"name\":\"Valcucine\",\"item\":\"https:\/\/www.valcucine.com\/de\/\"},{\"@type\":\"ListItem\",\"position\":2,\"name\":\"Kuechenplanung\",\"item\":\"https:\/\/www.valcucine.com\/de\/planung\/\"},{\"@type\":\"ListItem\",\"position\":3,\"name\":\"\u200bBel\u00fcftung\",\"item\":\"https:\/\/www.valcucine.com\/de\/planung\/luftung\/\"},{\"@type\":\"ListItem\",\"position\":4,\"name\":\"Bel\u00fcftungs\u00f6ffnungen\"}]},{\"@type\":\"WebSite\",\"@id\":\"https:\/\/www.valcucine.com\/#website\",\"url\":\"https:\/\/www.valcucine.com\/\",\"name\":\"Valcucine\",\"description\":\"\",\"publisher\":{\"@id\":\"https:\/\/www.valcucine.com\/#organization\"},\"potentialAction\":[{\"@type\":\"SearchAction\",\"target\":{\"@type\":\"EntryPoint\",\"urlTemplate\":\"https:\/\/www.valcucine.com\/?s={search_term_string}\"},\"query-input\":{\"@type\":\"PropertyValueSpecification\",\"valueRequired\":true,\"valueName\":\"search_term_string\"}}],\"inLanguage\":\"de\"},{\"@type\":\"Organization\",\"@id\":\"https:\/\/www.valcucine.com\/#organization\",\"name\":\"Valcucine\",\"url\":\"https:\/\/www.valcucine.com\/\",\"logo\":{\"@type\":\"ImageObject\",\"inLanguage\":\"de\",\"@id\":\"https:\/\/www.valcucine.com\/#\/schema\/logo\/image\/\",\"url\":\"https:\/\/www.valcucine.com\/wp-content\/uploads\/2024\/02\/logo-valcucine.webp?wsr\",\"contentUrl\":\"https:\/\/www.valcucine.com\/wp-content\/uploads\/2024\/02\/logo-valcucine.webp?wsr\",\"width\":288,\"height\":46,\"caption\":\"Valcucine\"},\"image\":{\"@id\":\"https:\/\/www.valcucine.com\/#\/schema\/logo\/image\/\"},\"sameAs\":[\"https:\/\/www.facebook.com\/valcucine\/\",\"https:\/\/www.instagram.com\/valcucine\/\",\"https:\/\/www.linkedin.com\/company\/valcucine\"]}]}<\/script>\n<!-- \/ Yoast SEO plugin. -->","yoast_head_json":{"title":"Foro aerazione Valcucine","description":"All\u2019interno della cucina, deve necessariamente affluire almeno tanta aria quanta ne viene richiesta dalla regolare combustione del gas.","robots":{"index":"index","follow":"follow","max-snippet":"max-snippet:-1","max-image-preview":"max-image-preview:large","max-video-preview":"max-video-preview:-1"},"canonical":"https:\/\/www.valcucine.com\/de\/planung\/luftung\/kuchen-abluft-luftung\/","og_locale":"de_DE","og_type":"article","og_title":"Foro aerazione Valcucine","og_description":"All\u2019interno della cucina, deve necessariamente affluire almeno tanta aria quanta ne viene richiesta dalla regolare combustione del gas.","og_url":"https:\/\/www.valcucine.com\/de\/planung\/luftung\/kuchen-abluft-luftung\/","og_site_name":"Valcucine","article_publisher":"https:\/\/www.facebook.com\/valcucine\/","article_modified_time":"2025-10-31T08:06:42+00:00","og_image":[{"width":600,"height":417,"url":"https:\/\/www.valcucine.com\/wp-content\/uploads\/2024\/07\/114_guid_progetto110-e1721651483616.jpg?wsr","type":"image\/jpeg"}],"twitter_card":"summary_large_image","twitter_misc":{"Gesch\u00e4tzte Lesezeit":"2\u00a0Minuten"},"schema":{"@context":"https:\/\/schema.org","@graph":[{"@type":"WebPage","@id":"https:\/\/www.valcucine.com\/de\/planung\/luftung\/kuchen-abluft-luftung\/","url":"https:\/\/www.valcucine.com\/de\/planung\/luftung\/kuchen-abluft-luftung\/","name":"Foro aerazione Valcucine","isPartOf":{"@id":"https:\/\/www.valcucine.com\/#website"},"primaryImageOfPage":{"@id":"https:\/\/www.valcucine.com\/de\/planung\/luftung\/kuchen-abluft-luftung\/#primaryimage"},"image":{"@id":"https:\/\/www.valcucine.com\/de\/planung\/luftung\/kuchen-abluft-luftung\/#primaryimage"},"thumbnailUrl":"https:\/\/www.valcucine.com\/wp-content\/uploads\/2024\/07\/114_guid_progetto110-e1721651483616.jpg?wsr","datePublished":"2024-07-22T12:31:46+00:00","dateModified":"2025-10-31T08:06:42+00:00","description":"All\u2019interno della cucina, deve necessariamente affluire almeno tanta aria quanta ne viene richiesta dalla regolare combustione del gas.","breadcrumb":{"@id":"https:\/\/www.valcucine.com\/de\/planung\/luftung\/kuchen-abluft-luftung\/#breadcrumb"},"inLanguage":"de","potentialAction":[{"@type":"ReadAction","target":["https:\/\/www.valcucine.com\/de\/planung\/luftung\/kuchen-abluft-luftung\/"]}]},{"@type":"ImageObject","inLanguage":"de","@id":"https:\/\/www.valcucine.com\/de\/planung\/luftung\/kuchen-abluft-luftung\/#primaryimage","url":"https:\/\/www.valcucine.com\/wp-content\/uploads\/2024\/07\/114_guid_progetto110-e1721651483616.jpg?wsr","contentUrl":"https:\/\/www.valcucine.com\/wp-content\/uploads\/2024\/07\/114_guid_progetto110-e1721651483616.jpg?wsr","width":600,"height":417},{"@type":"BreadcrumbList","@id":"https:\/\/www.valcucine.com\/de\/planung\/luftung\/kuchen-abluft-luftung\/#breadcrumb","itemListElement":[{"@type":"ListItem","position":1,"name":"Valcucine","item":"https:\/\/www.valcucine.com\/de\/"},{"@type":"ListItem","position":2,"name":"Kuechenplanung","item":"https:\/\/www.valcucine.com\/de\/planung\/"},{"@type":"ListItem","position":3,"name":"\u200bBel\u00fcftung","item":"https:\/\/www.valcucine.com\/de\/planung\/luftung\/"},{"@type":"ListItem","position":4,"name":"Bel\u00fcftungs\u00f6ffnungen"}]},{"@type":"WebSite","@id":"https:\/\/www.valcucine.com\/#website","url":"https:\/\/www.valcucine.com\/","name":"Valcucine","description":"","publisher":{"@id":"https:\/\/www.valcucine.com\/#organization"},"potentialAction":[{"@type":"SearchAction","target":{"@type":"EntryPoint","urlTemplate":"https:\/\/www.valcucine.com\/?s={search_term_string}"},"query-input":{"@type":"PropertyValueSpecification","valueRequired":true,"valueName":"search_term_string"}}],"inLanguage":"de"},{"@type":"Organization","@id":"https:\/\/www.valcucine.com\/#organization","name":"Valcucine","url":"https:\/\/www.valcucine.com\/","logo":{"@type":"ImageObject","inLanguage":"de","@id":"https:\/\/www.valcucine.com\/#\/schema\/logo\/image\/","url":"https:\/\/www.valcucine.com\/wp-content\/uploads\/2024\/02\/logo-valcucine.webp?wsr","contentUrl":"https:\/\/www.valcucine.com\/wp-content\/uploads\/2024\/02\/logo-valcucine.webp?wsr","width":288,"height":46,"caption":"Valcucine"},"image":{"@id":"https:\/\/www.valcucine.com\/#\/schema\/logo\/image\/"},"sameAs":["https:\/\/www.facebook.com\/valcucine\/","https:\/\/www.instagram.com\/valcucine\/","https:\/\/www.linkedin.com\/company\/valcucine"]}]}},"_links":{"self":[{"href":"https:\/\/www.valcucine.com\/de\/wp-json\/wp\/v2\/pages\/21629","targetHints":{"allow":["GET"]}}],"collection":[{"href":"https:\/\/www.valcucine.com\/de\/wp-json\/wp\/v2\/pages"}],"about":[{"href":"https:\/\/www.valcucine.com\/de\/wp-json\/wp\/v2\/types\/page"}],"author":[{"embeddable":true,"href":"https:\/\/www.valcucine.com\/de\/wp-json\/wp\/v2\/users\/2"}],"replies":[{"embeddable":true,"href":"https:\/\/www.valcucine.com\/de\/wp-json\/wp\/v2\/comments?post=21629"}],"version-history":[{"count":5,"href":"https:\/\/www.valcucine.com\/de\/wp-json\/wp\/v2\/pages\/21629\/revisions"}],"predecessor-version":[{"id":51843,"href":"https:\/\/www.valcucine.com\/de\/wp-json\/wp\/v2\/pages\/21629\/revisions\/51843"}],"up":[{"embeddable":true,"href":"https:\/\/www.valcucine.com\/de\/wp-json\/wp\/v2\/pages\/21626"}],"wp:featuredmedia":[{"embeddable":true,"href":"https:\/\/www.valcucine.com\/de\/wp-json\/wp\/v2\/media\/21638"}],"wp:attachment":[{"href":"https:\/\/www.valcucine.com\/de\/wp-json\/wp\/v2\/media?parent=21629"}],"curies":[{"name":"wp","href":"https:\/\/api.w.org\/{rel}","templated":true}]}}