{"id":21640,"date":"2024-07-22T12:35:55","date_gmt":"2024-07-22T12:35:55","guid":{"rendered":"https:\/\/devel.valcucine.com\/planung\/luftung\/foro-cappa-cucina\/"},"modified":"2025-06-04T15:56:34","modified_gmt":"2025-06-04T15:56:34","slug":"kuchen-ablufthaube","status":"publish","type":"page","link":"https:\/\/www.valcucine.com\/de\/planung\/luftung\/kuchen-ablufthaube\/","title":{"rendered":"Haube Loch"},"content":{"rendered":"<div class=\"wpb-content-wrapper\"><p>[vc_row][vc_column][vc_empty_space]\n        \n        <h1 class=\"text-start  main__title__h1  \" style=\"color:#333333;\"> \n\n         Haube Loch\n        \n        <\/h1>[vc_empty_space][vc_column_text]<\/p>\n<p style=\"text-align: justify;\"><strong>Wie k\u00f6nnen die Rohrleitungen bei bereits vorhandenen Au\u00dfenwandanschl\u00fcssen verborgen werden?<\/strong><\/p>\n<p style=\"text-align: justify;\">Wenn man ein altes Haus kauft oder mietet, findet man mitunter bereits vorhandene Au\u00dfenwandanschl\u00fcsse an Stellen, die nicht mehr zur geplanten neuen K\u00fcche passen. In den Beispielen werden drei m\u00f6gliche L\u00f6sungen zum Verbergen der Rohrleitungen der Haube dargestellt, die ansonsten eine eher wenig ansprechende Optik bieten w\u00fcrden.<\/p>\n<p style=\"text-align: justify;\">A &#8211; Bei Verwendung einer flachen Leitung kann diese hinter einer schmalen Ablage verborgen werden. Valcucine r\u00e4t jedoch vom Einsatz einer solchen Art Leitung ab, da sie den Nachteil hat, sehr laut zu sein.<br \/>\nB &#8211; Wird eine Rohrleitung mit normalen Abmessungen verwendet, kann diese durch eine Ablage mit erh\u00f6hter Vorderkante verborgen werden.<br \/>\nC &#8211; Alternativ kann ein Tr\u00e4ger oder eine Verblendung aus Rigips gebaut werden.<\/p>\n<p>Anm.: Wenn Renovierungsarbeiten vorgenommen werden, sollte bei dieser Gelegenheit der Durchmesser des Au\u00dfenwandanschlusses auf mindestens 12cm vergr\u00f6\u00dfert werden oder wenn m\u00f6glich, direkt an der richtigen Stelle positioniert werden, um die Verlegung von sichtbaren Rohrleitungen der Dunstabzugshaube zu vermeiden. Auf keinen Fall darf dabei aber der Schacht der Gasheizung oder des Kamins verwendet werden.<\/p>\n<p>[\/vc_column_text][\/vc_column][\/vc_row][vc_row][vc_column][vc_single_image image=&#8220;21643&#8243; img_size=&#8220;800&#215;600&#8243;][\/vc_column][\/vc_row]<\/p>\n<\/div>","protected":false},"excerpt":{"rendered":"<p>[vc_row][vc_column][vc_empty_space][vc_empty_space][vc_column_text] Wie k\u00f6nnen die Rohrleitungen bei bereits vorhandenen Au\u00dfenwandanschl\u00fcssen verborgen werden? Wenn man ein altes Haus kauft oder mietet, findet man mitunter bereits vorhandene Au\u00dfenwandanschl\u00fcsse an Stellen, die nicht mehr zur geplanten neuen K\u00fcche passen. In den Beispielen werden drei m\u00f6gliche L\u00f6sungen zum Verbergen der Rohrleitungen der Haube dargestellt, die ansonsten eine eher wenig ansprechende [&hellip;]<\/p>\n","protected":false},"author":2,"featured_media":17210,"parent":21626,"menu_order":0,"comment_status":"closed","ping_status":"closed","template":"page-planning02.php","meta":{"footnotes":""},"class_list":["post-21640","page","type-page","status-publish","has-post-thumbnail","hentry"],"yoast_head":"<!-- This site is optimized with the Yoast SEO plugin v26.2 - https:\/\/yoast.com\/wordpress\/plugins\/seo\/ -->\n<title>Foro cappa Valcucine<\/title>\n<meta name=\"description\" content=\"Come nascondere il tubo della cappa se il foro \u00e8 gi\u00e0 esistente? Scoprilo con Valcucine.\" \/>\n<meta name=\"robots\" content=\"index, follow, max-snippet:-1, max-image-preview:large, max-video-preview:-1\" \/>\n<link rel=\"canonical\" href=\"https:\/\/www.valcucine.com\/de\/planung\/luftung\/kuchen-ablufthaube\/\" \/>\n<meta property=\"og:locale\" content=\"de_DE\" \/>\n<meta property=\"og:type\" content=\"article\" \/>\n<meta property=\"og:title\" content=\"Foro cappa Valcucine\" \/>\n<meta property=\"og:description\" content=\"Come nascondere il tubo della cappa se il foro \u00e8 gi\u00e0 esistente? Scoprilo con Valcucine.\" \/>\n<meta property=\"og:url\" content=\"https:\/\/www.valcucine.com\/de\/planung\/luftung\/kuchen-ablufthaube\/\" \/>\n<meta property=\"og:site_name\" content=\"Valcucine\" \/>\n<meta property=\"article:publisher\" content=\"https:\/\/www.facebook.com\/valcucine\/\" \/>\n<meta property=\"article:modified_time\" content=\"2025-06-04T15:56:34+00:00\" \/>\n<meta property=\"og:image\" content=\"https:\/\/www.valcucine.com\/wp-content\/uploads\/2024\/07\/113_guid-progetto118-e1721651741164.jpg?wsr\" \/>\n\t<meta property=\"og:image:width\" content=\"1188\" \/>\n\t<meta property=\"og:image:height\" content=\"826\" \/>\n\t<meta property=\"og:image:type\" content=\"image\/jpeg\" \/>\n<meta name=\"twitter:card\" content=\"summary_large_image\" \/>\n<meta name=\"twitter:label1\" content=\"Gesch\u00e4tzte Lesezeit\" \/>\n\t<meta name=\"twitter:data1\" content=\"2\u00a0Minuten\" \/>\n<script type=\"application\/ld+json\" class=\"yoast-schema-graph\">{\"@context\":\"https:\/\/schema.org\",\"@graph\":[{\"@type\":\"WebPage\",\"@id\":\"https:\/\/www.valcucine.com\/de\/planung\/luftung\/kuchen-ablufthaube\/\",\"url\":\"https:\/\/www.valcucine.com\/de\/planung\/luftung\/kuchen-ablufthaube\/\",\"name\":\"Foro cappa Valcucine\",\"isPartOf\":{\"@id\":\"https:\/\/www.valcucine.com\/#website\"},\"primaryImageOfPage\":{\"@id\":\"https:\/\/www.valcucine.com\/de\/planung\/luftung\/kuchen-ablufthaube\/#primaryimage\"},\"image\":{\"@id\":\"https:\/\/www.valcucine.com\/de\/planung\/luftung\/kuchen-ablufthaube\/#primaryimage\"},\"thumbnailUrl\":\"https:\/\/www.valcucine.com\/wp-content\/uploads\/2024\/07\/113_guid-progetto118-e1721651741164.jpg?wsr\",\"datePublished\":\"2024-07-22T12:35:55+00:00\",\"dateModified\":\"2025-06-04T15:56:34+00:00\",\"description\":\"Come nascondere il tubo della cappa se il foro \u00e8 gi\u00e0 esistente? Scoprilo con Valcucine.\",\"breadcrumb\":{\"@id\":\"https:\/\/www.valcucine.com\/de\/planung\/luftung\/kuchen-ablufthaube\/#breadcrumb\"},\"inLanguage\":\"de\",\"potentialAction\":[{\"@type\":\"ReadAction\",\"target\":[\"https:\/\/www.valcucine.com\/de\/planung\/luftung\/kuchen-ablufthaube\/\"]}]},{\"@type\":\"ImageObject\",\"inLanguage\":\"de\",\"@id\":\"https:\/\/www.valcucine.com\/de\/planung\/luftung\/kuchen-ablufthaube\/#primaryimage\",\"url\":\"https:\/\/www.valcucine.com\/wp-content\/uploads\/2024\/07\/113_guid-progetto118-e1721651741164.jpg?wsr\",\"contentUrl\":\"https:\/\/www.valcucine.com\/wp-content\/uploads\/2024\/07\/113_guid-progetto118-e1721651741164.jpg?wsr\",\"width\":1188,\"height\":826,\"caption\":\"foro cappa\"},{\"@type\":\"BreadcrumbList\",\"@id\":\"https:\/\/www.valcucine.com\/de\/planung\/luftung\/kuchen-ablufthaube\/#breadcrumb\",\"itemListElement\":[{\"@type\":\"ListItem\",\"position\":1,\"name\":\"Valcucine\",\"item\":\"https:\/\/www.valcucine.com\/de\/\"},{\"@type\":\"ListItem\",\"position\":2,\"name\":\"Kuechenplanung\",\"item\":\"https:\/\/www.valcucine.com\/de\/planung\/\"},{\"@type\":\"ListItem\",\"position\":3,\"name\":\"\u200bBel\u00fcftung\",\"item\":\"https:\/\/www.valcucine.com\/de\/planung\/luftung\/\"},{\"@type\":\"ListItem\",\"position\":4,\"name\":\"Haube Loch\"}]},{\"@type\":\"WebSite\",\"@id\":\"https:\/\/www.valcucine.com\/#website\",\"url\":\"https:\/\/www.valcucine.com\/\",\"name\":\"Valcucine\",\"description\":\"\",\"publisher\":{\"@id\":\"https:\/\/www.valcucine.com\/#organization\"},\"potentialAction\":[{\"@type\":\"SearchAction\",\"target\":{\"@type\":\"EntryPoint\",\"urlTemplate\":\"https:\/\/www.valcucine.com\/?s={search_term_string}\"},\"query-input\":{\"@type\":\"PropertyValueSpecification\",\"valueRequired\":true,\"valueName\":\"search_term_string\"}}],\"inLanguage\":\"de\"},{\"@type\":\"Organization\",\"@id\":\"https:\/\/www.valcucine.com\/#organization\",\"name\":\"Valcucine\",\"url\":\"https:\/\/www.valcucine.com\/\",\"logo\":{\"@type\":\"ImageObject\",\"inLanguage\":\"de\",\"@id\":\"https:\/\/www.valcucine.com\/#\/schema\/logo\/image\/\",\"url\":\"https:\/\/www.valcucine.com\/wp-content\/uploads\/2024\/02\/logo-valcucine.webp?wsr\",\"contentUrl\":\"https:\/\/www.valcucine.com\/wp-content\/uploads\/2024\/02\/logo-valcucine.webp?wsr\",\"width\":288,\"height\":46,\"caption\":\"Valcucine\"},\"image\":{\"@id\":\"https:\/\/www.valcucine.com\/#\/schema\/logo\/image\/\"},\"sameAs\":[\"https:\/\/www.facebook.com\/valcucine\/\",\"https:\/\/www.instagram.com\/valcucine\/\",\"https:\/\/www.linkedin.com\/company\/valcucine\"]}]}<\/script>\n<!-- \/ Yoast SEO plugin. -->","yoast_head_json":{"title":"Foro cappa Valcucine","description":"Come nascondere il tubo della cappa se il foro \u00e8 gi\u00e0 esistente? Scoprilo con Valcucine.","robots":{"index":"index","follow":"follow","max-snippet":"max-snippet:-1","max-image-preview":"max-image-preview:large","max-video-preview":"max-video-preview:-1"},"canonical":"https:\/\/www.valcucine.com\/de\/planung\/luftung\/kuchen-ablufthaube\/","og_locale":"de_DE","og_type":"article","og_title":"Foro cappa Valcucine","og_description":"Come nascondere il tubo della cappa se il foro \u00e8 gi\u00e0 esistente? Scoprilo con Valcucine.","og_url":"https:\/\/www.valcucine.com\/de\/planung\/luftung\/kuchen-ablufthaube\/","og_site_name":"Valcucine","article_publisher":"https:\/\/www.facebook.com\/valcucine\/","article_modified_time":"2025-06-04T15:56:34+00:00","og_image":[{"width":1188,"height":826,"url":"https:\/\/www.valcucine.com\/wp-content\/uploads\/2024\/07\/113_guid-progetto118-e1721651741164.jpg?wsr","type":"image\/jpeg"}],"twitter_card":"summary_large_image","twitter_misc":{"Gesch\u00e4tzte Lesezeit":"2\u00a0Minuten"},"schema":{"@context":"https:\/\/schema.org","@graph":[{"@type":"WebPage","@id":"https:\/\/www.valcucine.com\/de\/planung\/luftung\/kuchen-ablufthaube\/","url":"https:\/\/www.valcucine.com\/de\/planung\/luftung\/kuchen-ablufthaube\/","name":"Foro cappa Valcucine","isPartOf":{"@id":"https:\/\/www.valcucine.com\/#website"},"primaryImageOfPage":{"@id":"https:\/\/www.valcucine.com\/de\/planung\/luftung\/kuchen-ablufthaube\/#primaryimage"},"image":{"@id":"https:\/\/www.valcucine.com\/de\/planung\/luftung\/kuchen-ablufthaube\/#primaryimage"},"thumbnailUrl":"https:\/\/www.valcucine.com\/wp-content\/uploads\/2024\/07\/113_guid-progetto118-e1721651741164.jpg?wsr","datePublished":"2024-07-22T12:35:55+00:00","dateModified":"2025-06-04T15:56:34+00:00","description":"Come nascondere il tubo della cappa se il foro \u00e8 gi\u00e0 esistente? Scoprilo con Valcucine.","breadcrumb":{"@id":"https:\/\/www.valcucine.com\/de\/planung\/luftung\/kuchen-ablufthaube\/#breadcrumb"},"inLanguage":"de","potentialAction":[{"@type":"ReadAction","target":["https:\/\/www.valcucine.com\/de\/planung\/luftung\/kuchen-ablufthaube\/"]}]},{"@type":"ImageObject","inLanguage":"de","@id":"https:\/\/www.valcucine.com\/de\/planung\/luftung\/kuchen-ablufthaube\/#primaryimage","url":"https:\/\/www.valcucine.com\/wp-content\/uploads\/2024\/07\/113_guid-progetto118-e1721651741164.jpg?wsr","contentUrl":"https:\/\/www.valcucine.com\/wp-content\/uploads\/2024\/07\/113_guid-progetto118-e1721651741164.jpg?wsr","width":1188,"height":826,"caption":"foro cappa"},{"@type":"BreadcrumbList","@id":"https:\/\/www.valcucine.com\/de\/planung\/luftung\/kuchen-ablufthaube\/#breadcrumb","itemListElement":[{"@type":"ListItem","position":1,"name":"Valcucine","item":"https:\/\/www.valcucine.com\/de\/"},{"@type":"ListItem","position":2,"name":"Kuechenplanung","item":"https:\/\/www.valcucine.com\/de\/planung\/"},{"@type":"ListItem","position":3,"name":"\u200bBel\u00fcftung","item":"https:\/\/www.valcucine.com\/de\/planung\/luftung\/"},{"@type":"ListItem","position":4,"name":"Haube Loch"}]},{"@type":"WebSite","@id":"https:\/\/www.valcucine.com\/#website","url":"https:\/\/www.valcucine.com\/","name":"Valcucine","description":"","publisher":{"@id":"https:\/\/www.valcucine.com\/#organization"},"potentialAction":[{"@type":"SearchAction","target":{"@type":"EntryPoint","urlTemplate":"https:\/\/www.valcucine.com\/?s={search_term_string}"},"query-input":{"@type":"PropertyValueSpecification","valueRequired":true,"valueName":"search_term_string"}}],"inLanguage":"de"},{"@type":"Organization","@id":"https:\/\/www.valcucine.com\/#organization","name":"Valcucine","url":"https:\/\/www.valcucine.com\/","logo":{"@type":"ImageObject","inLanguage":"de","@id":"https:\/\/www.valcucine.com\/#\/schema\/logo\/image\/","url":"https:\/\/www.valcucine.com\/wp-content\/uploads\/2024\/02\/logo-valcucine.webp?wsr","contentUrl":"https:\/\/www.valcucine.com\/wp-content\/uploads\/2024\/02\/logo-valcucine.webp?wsr","width":288,"height":46,"caption":"Valcucine"},"image":{"@id":"https:\/\/www.valcucine.com\/#\/schema\/logo\/image\/"},"sameAs":["https:\/\/www.facebook.com\/valcucine\/","https:\/\/www.instagram.com\/valcucine\/","https:\/\/www.linkedin.com\/company\/valcucine"]}]}},"_links":{"self":[{"href":"https:\/\/www.valcucine.com\/de\/wp-json\/wp\/v2\/pages\/21640","targetHints":{"allow":["GET"]}}],"collection":[{"href":"https:\/\/www.valcucine.com\/de\/wp-json\/wp\/v2\/pages"}],"about":[{"href":"https:\/\/www.valcucine.com\/de\/wp-json\/wp\/v2\/types\/page"}],"author":[{"embeddable":true,"href":"https:\/\/www.valcucine.com\/de\/wp-json\/wp\/v2\/users\/2"}],"replies":[{"embeddable":true,"href":"https:\/\/www.valcucine.com\/de\/wp-json\/wp\/v2\/comments?post=21640"}],"version-history":[{"count":3,"href":"https:\/\/www.valcucine.com\/de\/wp-json\/wp\/v2\/pages\/21640\/revisions"}],"predecessor-version":[{"id":21648,"href":"https:\/\/www.valcucine.com\/de\/wp-json\/wp\/v2\/pages\/21640\/revisions\/21648"}],"up":[{"embeddable":true,"href":"https:\/\/www.valcucine.com\/de\/wp-json\/wp\/v2\/pages\/21626"}],"wp:featuredmedia":[{"embeddable":true,"href":"https:\/\/www.valcucine.com\/de\/wp-json\/wp\/v2\/media\/17210"}],"wp:attachment":[{"href":"https:\/\/www.valcucine.com\/de\/wp-json\/wp\/v2\/media?parent=21640"}],"curies":[{"name":"wp","href":"https:\/\/api.w.org\/{rel}","templated":true}]}}