{"id":21649,"date":"2024-07-22T12:42:52","date_gmt":"2024-07-22T12:42:52","guid":{"rendered":"https:\/\/devel.valcucine.com\/planung\/luftung\/valvola-ritegno-cucina\/"},"modified":"2025-06-04T15:55:19","modified_gmt":"2025-06-04T15:55:19","slug":"kuchen-ruckschlagklappe","status":"publish","type":"page","link":"https:\/\/www.valcucine.com\/de\/planung\/luftung\/kuchen-ruckschlagklappe\/","title":{"rendered":"R\u00fcckhaltventil"},"content":{"rendered":"<div class=\"wpb-content-wrapper\"><p>[vc_row][vc_column][vc_empty_space]\n        \n        <h1 class=\"text-start  main__title__h1  \" style=\"color:#333333;\"> \n\n         R\u00fcckhaltventil\n        \n        <\/h1>[vc_empty_space][vc_column_text]<\/p>\n<p style=\"text-align: justify;\"><strong>Wof\u00fcr ben\u00f6tigt man ein R\u00fcckhaltventil?<\/strong><\/p>\n<p>Valcucine hat alle Dunstabzugshauben mit einem speziellen R\u00fcckhaltventil ausgestattet, welches sich bei ausgeschaltetem Motor schlie\u00dft und so den Zustrom unerw\u00fcnschter Au\u00dfenluft verhindert. Die Klappe \u00f6ffnet sich automatisch, sobald der Motor l\u00e4uft. Wenn ein solches Ventil nicht vorhanden ist, kann es zu Problemen kommen.<\/p>\n<p style=\"text-align: justify;\">Unter besonderen Umst\u00e4nden im Inneren des Hauses, wie z.B. bei Zugluft oder Unterdruck, kann die r\u00e4umliche N\u00e4he der L\u00fcftungsanlage der Haube zu anderen Sch\u00e4chten dazu f\u00fchren, dass die austretenden giftigen Gase des Kamins, des Ofens oder der Heizungsanlage angesaugt werden.<br \/>\nAu\u00dferdem kann unangenehme, kalte Au\u00dfenluft durch den L\u00fcftungsschacht in den K\u00fcchenbereich gelangen.<br \/>\nOhne ein R\u00fcckhaltventil w\u00fcrde auch bei ausgeschalteter Dunstabzugshaube aufgrund des Kamineffektes durch den L\u00fcftungsschacht warme Innenluft abgesaugt und nach au\u00dfen geleitet werden. Dies erh\u00f6ht unn\u00f6tigerweise den Energieverbrauch.<\/p>\n<p>[\/vc_column_text][\/vc_column][\/vc_row][vc_row][vc_column][vc_single_image image=&#8220;21651&#8243; img_size=&#8220;800&#215;600&#8243;][\/vc_column][\/vc_row]<\/p>\n<\/div>","protected":false},"excerpt":{"rendered":"<p>[vc_row][vc_column][vc_empty_space][vc_empty_space][vc_column_text] Wof\u00fcr ben\u00f6tigt man ein R\u00fcckhaltventil? Valcucine hat alle Dunstabzugshauben mit einem speziellen R\u00fcckhaltventil ausgestattet, welches sich bei ausgeschaltetem Motor schlie\u00dft und so den Zustrom unerw\u00fcnschter Au\u00dfenluft verhindert. Die Klappe \u00f6ffnet sich automatisch, sobald der Motor l\u00e4uft. Wenn ein solches Ventil nicht vorhanden ist, kann es zu Problemen kommen. Unter besonderen Umst\u00e4nden im Inneren des [&hellip;]<\/p>\n","protected":false},"author":2,"featured_media":17166,"parent":21626,"menu_order":0,"comment_status":"closed","ping_status":"closed","template":"page-planning02.php","meta":{"footnotes":""},"class_list":["post-21649","page","type-page","status-publish","has-post-thumbnail","hentry"],"yoast_head":"<!-- This site is optimized with the Yoast SEO plugin v26.2 - https:\/\/yoast.com\/wordpress\/plugins\/seo\/ -->\n<title>R\u00fcckhaltventil<\/title>\n<meta name=\"description\" content=\"Valcucine hat alle Hauben mit einem speziellen Ventil ausgestattet das den Eintritt von unerw\u00fcnschter Au\u00dfenluft verhindert.\" \/>\n<meta name=\"robots\" content=\"index, follow, max-snippet:-1, max-image-preview:large, max-video-preview:-1\" \/>\n<link rel=\"canonical\" href=\"https:\/\/www.valcucine.com\/de\/planung\/luftung\/kuchen-ruckschlagklappe\/\" \/>\n<meta property=\"og:locale\" content=\"de_DE\" \/>\n<meta property=\"og:type\" content=\"article\" \/>\n<meta property=\"og:title\" content=\"R\u00fcckhaltventil\" \/>\n<meta property=\"og:description\" content=\"Valcucine hat alle Hauben mit einem speziellen Ventil ausgestattet das den Eintritt von unerw\u00fcnschter Au\u00dfenluft verhindert.\" \/>\n<meta property=\"og:url\" content=\"https:\/\/www.valcucine.com\/de\/planung\/luftung\/kuchen-ruckschlagklappe\/\" \/>\n<meta property=\"og:site_name\" content=\"Valcucine\" \/>\n<meta property=\"article:publisher\" content=\"https:\/\/www.facebook.com\/valcucine\/\" \/>\n<meta property=\"article:modified_time\" content=\"2025-06-04T15:55:19+00:00\" \/>\n<meta property=\"og:image\" content=\"https:\/\/www.valcucine.com\/wp-content\/uploads\/2024\/07\/36_guid_progetto112-e1721642919646.jpg?wsr\" \/>\n\t<meta property=\"og:image:width\" content=\"1188\" \/>\n\t<meta property=\"og:image:height\" content=\"826\" \/>\n\t<meta property=\"og:image:type\" content=\"image\/jpeg\" \/>\n<meta name=\"twitter:card\" content=\"summary_large_image\" \/>\n<meta name=\"twitter:label1\" content=\"Gesch\u00e4tzte Lesezeit\" \/>\n\t<meta name=\"twitter:data1\" content=\"2\u00a0Minuten\" \/>\n<script type=\"application\/ld+json\" class=\"yoast-schema-graph\">{\"@context\":\"https:\/\/schema.org\",\"@graph\":[{\"@type\":\"WebPage\",\"@id\":\"https:\/\/www.valcucine.com\/de\/planung\/luftung\/kuchen-ruckschlagklappe\/\",\"url\":\"https:\/\/www.valcucine.com\/de\/planung\/luftung\/kuchen-ruckschlagklappe\/\",\"name\":\"R\u00fcckhaltventil\",\"isPartOf\":{\"@id\":\"https:\/\/www.valcucine.com\/#website\"},\"primaryImageOfPage\":{\"@id\":\"https:\/\/www.valcucine.com\/de\/planung\/luftung\/kuchen-ruckschlagklappe\/#primaryimage\"},\"image\":{\"@id\":\"https:\/\/www.valcucine.com\/de\/planung\/luftung\/kuchen-ruckschlagklappe\/#primaryimage\"},\"thumbnailUrl\":\"https:\/\/www.valcucine.com\/wp-content\/uploads\/2024\/07\/36_guid_progetto112-e1721642919646.jpg?wsr\",\"datePublished\":\"2024-07-22T12:42:52+00:00\",\"dateModified\":\"2025-06-04T15:55:19+00:00\",\"description\":\"Valcucine hat alle Hauben mit einem speziellen Ventil ausgestattet das den Eintritt von unerw\u00fcnschter Au\u00dfenluft verhindert.\",\"breadcrumb\":{\"@id\":\"https:\/\/www.valcucine.com\/de\/planung\/luftung\/kuchen-ruckschlagklappe\/#breadcrumb\"},\"inLanguage\":\"de\",\"potentialAction\":[{\"@type\":\"ReadAction\",\"target\":[\"https:\/\/www.valcucine.com\/de\/planung\/luftung\/kuchen-ruckschlagklappe\/\"]}]},{\"@type\":\"ImageObject\",\"inLanguage\":\"de\",\"@id\":\"https:\/\/www.valcucine.com\/de\/planung\/luftung\/kuchen-ruckschlagklappe\/#primaryimage\",\"url\":\"https:\/\/www.valcucine.com\/wp-content\/uploads\/2024\/07\/36_guid_progetto112-e1721642919646.jpg?wsr\",\"contentUrl\":\"https:\/\/www.valcucine.com\/wp-content\/uploads\/2024\/07\/36_guid_progetto112-e1721642919646.jpg?wsr\",\"width\":1188,\"height\":826,\"caption\":\"controllo delle emissioni tossiche\"},{\"@type\":\"BreadcrumbList\",\"@id\":\"https:\/\/www.valcucine.com\/de\/planung\/luftung\/kuchen-ruckschlagklappe\/#breadcrumb\",\"itemListElement\":[{\"@type\":\"ListItem\",\"position\":1,\"name\":\"Valcucine\",\"item\":\"https:\/\/www.valcucine.com\/de\/\"},{\"@type\":\"ListItem\",\"position\":2,\"name\":\"Kuechenplanung\",\"item\":\"https:\/\/www.valcucine.com\/de\/planung\/\"},{\"@type\":\"ListItem\",\"position\":3,\"name\":\"\u200bBel\u00fcftung\",\"item\":\"https:\/\/www.valcucine.com\/de\/planung\/luftung\/\"},{\"@type\":\"ListItem\",\"position\":4,\"name\":\"R\u00fcckhaltventil\"}]},{\"@type\":\"WebSite\",\"@id\":\"https:\/\/www.valcucine.com\/#website\",\"url\":\"https:\/\/www.valcucine.com\/\",\"name\":\"Valcucine\",\"description\":\"\",\"publisher\":{\"@id\":\"https:\/\/www.valcucine.com\/#organization\"},\"potentialAction\":[{\"@type\":\"SearchAction\",\"target\":{\"@type\":\"EntryPoint\",\"urlTemplate\":\"https:\/\/www.valcucine.com\/?s={search_term_string}\"},\"query-input\":{\"@type\":\"PropertyValueSpecification\",\"valueRequired\":true,\"valueName\":\"search_term_string\"}}],\"inLanguage\":\"de\"},{\"@type\":\"Organization\",\"@id\":\"https:\/\/www.valcucine.com\/#organization\",\"name\":\"Valcucine\",\"url\":\"https:\/\/www.valcucine.com\/\",\"logo\":{\"@type\":\"ImageObject\",\"inLanguage\":\"de\",\"@id\":\"https:\/\/www.valcucine.com\/#\/schema\/logo\/image\/\",\"url\":\"https:\/\/www.valcucine.com\/wp-content\/uploads\/2024\/02\/logo-valcucine.webp?wsr\",\"contentUrl\":\"https:\/\/www.valcucine.com\/wp-content\/uploads\/2024\/02\/logo-valcucine.webp?wsr\",\"width\":288,\"height\":46,\"caption\":\"Valcucine\"},\"image\":{\"@id\":\"https:\/\/www.valcucine.com\/#\/schema\/logo\/image\/\"},\"sameAs\":[\"https:\/\/www.facebook.com\/valcucine\/\",\"https:\/\/www.instagram.com\/valcucine\/\",\"https:\/\/www.linkedin.com\/company\/valcucine\"]}]}<\/script>\n<!-- \/ Yoast SEO plugin. -->","yoast_head_json":{"title":"R\u00fcckhaltventil","description":"Valcucine hat alle Hauben mit einem speziellen Ventil ausgestattet das den Eintritt von unerw\u00fcnschter Au\u00dfenluft verhindert.","robots":{"index":"index","follow":"follow","max-snippet":"max-snippet:-1","max-image-preview":"max-image-preview:large","max-video-preview":"max-video-preview:-1"},"canonical":"https:\/\/www.valcucine.com\/de\/planung\/luftung\/kuchen-ruckschlagklappe\/","og_locale":"de_DE","og_type":"article","og_title":"R\u00fcckhaltventil","og_description":"Valcucine hat alle Hauben mit einem speziellen Ventil ausgestattet das den Eintritt von unerw\u00fcnschter Au\u00dfenluft verhindert.","og_url":"https:\/\/www.valcucine.com\/de\/planung\/luftung\/kuchen-ruckschlagklappe\/","og_site_name":"Valcucine","article_publisher":"https:\/\/www.facebook.com\/valcucine\/","article_modified_time":"2025-06-04T15:55:19+00:00","og_image":[{"width":1188,"height":826,"url":"https:\/\/www.valcucine.com\/wp-content\/uploads\/2024\/07\/36_guid_progetto112-e1721642919646.jpg?wsr","type":"image\/jpeg"}],"twitter_card":"summary_large_image","twitter_misc":{"Gesch\u00e4tzte Lesezeit":"2\u00a0Minuten"},"schema":{"@context":"https:\/\/schema.org","@graph":[{"@type":"WebPage","@id":"https:\/\/www.valcucine.com\/de\/planung\/luftung\/kuchen-ruckschlagklappe\/","url":"https:\/\/www.valcucine.com\/de\/planung\/luftung\/kuchen-ruckschlagklappe\/","name":"R\u00fcckhaltventil","isPartOf":{"@id":"https:\/\/www.valcucine.com\/#website"},"primaryImageOfPage":{"@id":"https:\/\/www.valcucine.com\/de\/planung\/luftung\/kuchen-ruckschlagklappe\/#primaryimage"},"image":{"@id":"https:\/\/www.valcucine.com\/de\/planung\/luftung\/kuchen-ruckschlagklappe\/#primaryimage"},"thumbnailUrl":"https:\/\/www.valcucine.com\/wp-content\/uploads\/2024\/07\/36_guid_progetto112-e1721642919646.jpg?wsr","datePublished":"2024-07-22T12:42:52+00:00","dateModified":"2025-06-04T15:55:19+00:00","description":"Valcucine hat alle Hauben mit einem speziellen Ventil ausgestattet das den Eintritt von unerw\u00fcnschter Au\u00dfenluft verhindert.","breadcrumb":{"@id":"https:\/\/www.valcucine.com\/de\/planung\/luftung\/kuchen-ruckschlagklappe\/#breadcrumb"},"inLanguage":"de","potentialAction":[{"@type":"ReadAction","target":["https:\/\/www.valcucine.com\/de\/planung\/luftung\/kuchen-ruckschlagklappe\/"]}]},{"@type":"ImageObject","inLanguage":"de","@id":"https:\/\/www.valcucine.com\/de\/planung\/luftung\/kuchen-ruckschlagklappe\/#primaryimage","url":"https:\/\/www.valcucine.com\/wp-content\/uploads\/2024\/07\/36_guid_progetto112-e1721642919646.jpg?wsr","contentUrl":"https:\/\/www.valcucine.com\/wp-content\/uploads\/2024\/07\/36_guid_progetto112-e1721642919646.jpg?wsr","width":1188,"height":826,"caption":"controllo delle emissioni tossiche"},{"@type":"BreadcrumbList","@id":"https:\/\/www.valcucine.com\/de\/planung\/luftung\/kuchen-ruckschlagklappe\/#breadcrumb","itemListElement":[{"@type":"ListItem","position":1,"name":"Valcucine","item":"https:\/\/www.valcucine.com\/de\/"},{"@type":"ListItem","position":2,"name":"Kuechenplanung","item":"https:\/\/www.valcucine.com\/de\/planung\/"},{"@type":"ListItem","position":3,"name":"\u200bBel\u00fcftung","item":"https:\/\/www.valcucine.com\/de\/planung\/luftung\/"},{"@type":"ListItem","position":4,"name":"R\u00fcckhaltventil"}]},{"@type":"WebSite","@id":"https:\/\/www.valcucine.com\/#website","url":"https:\/\/www.valcucine.com\/","name":"Valcucine","description":"","publisher":{"@id":"https:\/\/www.valcucine.com\/#organization"},"potentialAction":[{"@type":"SearchAction","target":{"@type":"EntryPoint","urlTemplate":"https:\/\/www.valcucine.com\/?s={search_term_string}"},"query-input":{"@type":"PropertyValueSpecification","valueRequired":true,"valueName":"search_term_string"}}],"inLanguage":"de"},{"@type":"Organization","@id":"https:\/\/www.valcucine.com\/#organization","name":"Valcucine","url":"https:\/\/www.valcucine.com\/","logo":{"@type":"ImageObject","inLanguage":"de","@id":"https:\/\/www.valcucine.com\/#\/schema\/logo\/image\/","url":"https:\/\/www.valcucine.com\/wp-content\/uploads\/2024\/02\/logo-valcucine.webp?wsr","contentUrl":"https:\/\/www.valcucine.com\/wp-content\/uploads\/2024\/02\/logo-valcucine.webp?wsr","width":288,"height":46,"caption":"Valcucine"},"image":{"@id":"https:\/\/www.valcucine.com\/#\/schema\/logo\/image\/"},"sameAs":["https:\/\/www.facebook.com\/valcucine\/","https:\/\/www.instagram.com\/valcucine\/","https:\/\/www.linkedin.com\/company\/valcucine"]}]}},"_links":{"self":[{"href":"https:\/\/www.valcucine.com\/de\/wp-json\/wp\/v2\/pages\/21649","targetHints":{"allow":["GET"]}}],"collection":[{"href":"https:\/\/www.valcucine.com\/de\/wp-json\/wp\/v2\/pages"}],"about":[{"href":"https:\/\/www.valcucine.com\/de\/wp-json\/wp\/v2\/types\/page"}],"author":[{"embeddable":true,"href":"https:\/\/www.valcucine.com\/de\/wp-json\/wp\/v2\/users\/2"}],"replies":[{"embeddable":true,"href":"https:\/\/www.valcucine.com\/de\/wp-json\/wp\/v2\/comments?post=21649"}],"version-history":[{"count":2,"href":"https:\/\/www.valcucine.com\/de\/wp-json\/wp\/v2\/pages\/21649\/revisions"}],"predecessor-version":[{"id":21656,"href":"https:\/\/www.valcucine.com\/de\/wp-json\/wp\/v2\/pages\/21649\/revisions\/21656"}],"up":[{"embeddable":true,"href":"https:\/\/www.valcucine.com\/de\/wp-json\/wp\/v2\/pages\/21626"}],"wp:featuredmedia":[{"embeddable":true,"href":"https:\/\/www.valcucine.com\/de\/wp-json\/wp\/v2\/media\/17166"}],"wp:attachment":[{"href":"https:\/\/www.valcucine.com\/de\/wp-json\/wp\/v2\/media?parent=21649"}],"curies":[{"name":"wp","href":"https:\/\/api.w.org\/{rel}","templated":true}]}}