{"id":21669,"date":"2024-07-22T12:50:25","date_gmt":"2024-07-22T12:50:25","guid":{"rendered":"https:\/\/devel.valcucine.com\/planung\/luftung\/tubo-cappa-cucina\/"},"modified":"2025-06-04T15:53:45","modified_gmt":"2025-06-04T15:53:45","slug":"ablufthaube-kanal","status":"publish","type":"page","link":"https:\/\/www.valcucine.com\/de\/planung\/luftung\/ablufthaube-kanal\/","title":{"rendered":"Rohrleitungen"},"content":{"rendered":"<div class=\"wpb-content-wrapper\"><p>[vc_row][vc_column][vc_empty_space]\n        \n        <h1 class=\"text-start  main__title__h1  \" style=\"color:#333333;\"> \n\n         Rohrleitungen\n        \n        <\/h1>[vc_empty_space][vc_column_text]<strong>Wo sollte der Wandanschluss der Dunstabzugshaube positioniert werden, um die Rohrleitungen zu verbergen?<\/strong><\/p>\n<p>Durch die Vorbereitung der Rauchgasaustritts\u00f6ffnung und des Stromzuleitungsausgangs bereits in der Entwurfsphase auf die richtige H\u00f6he kann der Anblick des Verbindungsrohrs und der Steckdose vermieden werden, was oft unsch\u00f6n ist. Die Beispiele f\u00fcr die Position der L\u00f6cher und der Zuleitungen, die in den folgenden Zeichnungen angegeben sind, beziehen sich auf die patentierten Valcucine-Dunstabzugshauben. F\u00fcr unterschiedliche Hauben sind die genauen Ma\u00dfe beim jeweiligen Hersteller zu erfragen.<\/p>\n<p>F\u00fcr die Wandk\u00fcche wird die H\u00f6he des Innenraums der Rauchgasentl\u00fcftungs\u00f6ffnung berechnet, indem die H\u00f6he der Basis und der R\u00fcckenlehne addiert wird, eine Messung, die je nach Haubentyp variiert. Der Ausgang des Stromversorgungskabels muss mit dem oberen Schellendraht als Referenz erfolgen, der um 5 cm erh\u00f6ht wird. Dadurch bleibt auch die Steckdose verdeckt. Bei Inselk\u00fcchen wird der Abstand des Deckenlochs so bestimmt: in L\u00e4ngsrichtung muss er auf dem Kochfeld zentriert sein; in Querrichtung wird er in einem Abstand vom Rand der Basis positioniert, der je nach Haubentyp variiert.[\/vc_column_text][\/vc_column][\/vc_row][vc_row][vc_column][vc_single_image image=&#8220;17210&#8243; img_size=&#8220;600&#215;400&#8243;][\/vc_column][\/vc_row]<\/p>\n<\/div>","protected":false},"excerpt":{"rendered":"<p>[vc_row][vc_column][vc_empty_space][vc_empty_space][vc_column_text]Wo sollte der Wandanschluss der Dunstabzugshaube positioniert werden, um die Rohrleitungen zu verbergen? Durch die Vorbereitung der Rauchgasaustritts\u00f6ffnung und des Stromzuleitungsausgangs bereits in der Entwurfsphase auf die richtige H\u00f6he kann der Anblick des Verbindungsrohrs und der Steckdose vermieden werden, was oft unsch\u00f6n ist. Die Beispiele f\u00fcr die Position der L\u00f6cher und der Zuleitungen, die in [&hellip;]<\/p>\n","protected":false},"author":2,"featured_media":17431,"parent":21626,"menu_order":0,"comment_status":"closed","ping_status":"closed","template":"page-planning02.php","meta":{"footnotes":""},"class_list":["post-21669","page","type-page","status-publish","has-post-thumbnail","hentry"],"yoast_head":"<!-- This site is optimized with the Yoast SEO plugin v26.2 - https:\/\/yoast.com\/wordpress\/plugins\/seo\/ -->\n<title>Tubo cappa cucina Valcucine<\/title>\n<meta name=\"description\" content=\"Dove eseguire il foro uscita fumi per mimetizzare il tubo della cappa? Scoprilo con Valcucine\" \/>\n<meta name=\"robots\" content=\"index, follow, max-snippet:-1, max-image-preview:large, max-video-preview:-1\" \/>\n<link rel=\"canonical\" href=\"https:\/\/www.valcucine.com\/de\/planung\/luftung\/ablufthaube-kanal\/\" \/>\n<meta property=\"og:locale\" content=\"de_DE\" \/>\n<meta property=\"og:type\" content=\"article\" \/>\n<meta property=\"og:title\" content=\"Tubo cappa cucina Valcucine\" \/>\n<meta property=\"og:description\" content=\"Dove eseguire il foro uscita fumi per mimetizzare il tubo della cappa? Scoprilo con Valcucine\" \/>\n<meta property=\"og:url\" content=\"https:\/\/www.valcucine.com\/de\/planung\/luftung\/ablufthaube-kanal\/\" \/>\n<meta property=\"og:site_name\" content=\"Valcucine\" \/>\n<meta property=\"article:publisher\" content=\"https:\/\/www.facebook.com\/valcucine\/\" \/>\n<meta property=\"article:modified_time\" content=\"2025-06-04T15:53:45+00:00\" \/>\n<meta property=\"og:image\" content=\"https:\/\/www.valcucine.com\/wp-content\/uploads\/2024\/07\/97_guid-progetto119-1-e1721652589646.jpg?wsr\" \/>\n\t<meta property=\"og:image:width\" content=\"1188\" \/>\n\t<meta property=\"og:image:height\" content=\"826\" \/>\n\t<meta property=\"og:image:type\" content=\"image\/jpeg\" \/>\n<meta name=\"twitter:card\" content=\"summary_large_image\" \/>\n<meta name=\"twitter:label1\" content=\"Gesch\u00e4tzte Lesezeit\" \/>\n\t<meta name=\"twitter:data1\" content=\"2\u00a0Minuten\" \/>\n<script type=\"application\/ld+json\" class=\"yoast-schema-graph\">{\"@context\":\"https:\/\/schema.org\",\"@graph\":[{\"@type\":\"WebPage\",\"@id\":\"https:\/\/www.valcucine.com\/de\/planung\/luftung\/ablufthaube-kanal\/\",\"url\":\"https:\/\/www.valcucine.com\/de\/planung\/luftung\/ablufthaube-kanal\/\",\"name\":\"Tubo cappa cucina Valcucine\",\"isPartOf\":{\"@id\":\"https:\/\/www.valcucine.com\/#website\"},\"primaryImageOfPage\":{\"@id\":\"https:\/\/www.valcucine.com\/de\/planung\/luftung\/ablufthaube-kanal\/#primaryimage\"},\"image\":{\"@id\":\"https:\/\/www.valcucine.com\/de\/planung\/luftung\/ablufthaube-kanal\/#primaryimage\"},\"thumbnailUrl\":\"https:\/\/www.valcucine.com\/wp-content\/uploads\/2024\/07\/97_guid-progetto119-1-e1721652589646.jpg?wsr\",\"datePublished\":\"2024-07-22T12:50:25+00:00\",\"dateModified\":\"2025-06-04T15:53:45+00:00\",\"description\":\"Dove eseguire il foro uscita fumi per mimetizzare il tubo della cappa? Scoprilo con Valcucine\",\"breadcrumb\":{\"@id\":\"https:\/\/www.valcucine.com\/de\/planung\/luftung\/ablufthaube-kanal\/#breadcrumb\"},\"inLanguage\":\"de\",\"potentialAction\":[{\"@type\":\"ReadAction\",\"target\":[\"https:\/\/www.valcucine.com\/de\/planung\/luftung\/ablufthaube-kanal\/\"]}]},{\"@type\":\"ImageObject\",\"inLanguage\":\"de\",\"@id\":\"https:\/\/www.valcucine.com\/de\/planung\/luftung\/ablufthaube-kanal\/#primaryimage\",\"url\":\"https:\/\/www.valcucine.com\/wp-content\/uploads\/2024\/07\/97_guid-progetto119-1-e1721652589646.jpg?wsr\",\"contentUrl\":\"https:\/\/www.valcucine.com\/wp-content\/uploads\/2024\/07\/97_guid-progetto119-1-e1721652589646.jpg?wsr\",\"width\":1188,\"height\":826,\"caption\":\"Tubo cappa cucina\"},{\"@type\":\"BreadcrumbList\",\"@id\":\"https:\/\/www.valcucine.com\/de\/planung\/luftung\/ablufthaube-kanal\/#breadcrumb\",\"itemListElement\":[{\"@type\":\"ListItem\",\"position\":1,\"name\":\"Valcucine\",\"item\":\"https:\/\/www.valcucine.com\/de\/\"},{\"@type\":\"ListItem\",\"position\":2,\"name\":\"Kuechenplanung\",\"item\":\"https:\/\/www.valcucine.com\/de\/planung\/\"},{\"@type\":\"ListItem\",\"position\":3,\"name\":\"\u200bBel\u00fcftung\",\"item\":\"https:\/\/www.valcucine.com\/de\/planung\/luftung\/\"},{\"@type\":\"ListItem\",\"position\":4,\"name\":\"Rohrleitungen\"}]},{\"@type\":\"WebSite\",\"@id\":\"https:\/\/www.valcucine.com\/#website\",\"url\":\"https:\/\/www.valcucine.com\/\",\"name\":\"Valcucine\",\"description\":\"\",\"publisher\":{\"@id\":\"https:\/\/www.valcucine.com\/#organization\"},\"potentialAction\":[{\"@type\":\"SearchAction\",\"target\":{\"@type\":\"EntryPoint\",\"urlTemplate\":\"https:\/\/www.valcucine.com\/?s={search_term_string}\"},\"query-input\":{\"@type\":\"PropertyValueSpecification\",\"valueRequired\":true,\"valueName\":\"search_term_string\"}}],\"inLanguage\":\"de\"},{\"@type\":\"Organization\",\"@id\":\"https:\/\/www.valcucine.com\/#organization\",\"name\":\"Valcucine\",\"url\":\"https:\/\/www.valcucine.com\/\",\"logo\":{\"@type\":\"ImageObject\",\"inLanguage\":\"de\",\"@id\":\"https:\/\/www.valcucine.com\/#\/schema\/logo\/image\/\",\"url\":\"https:\/\/www.valcucine.com\/wp-content\/uploads\/2024\/02\/logo-valcucine.webp?wsr\",\"contentUrl\":\"https:\/\/www.valcucine.com\/wp-content\/uploads\/2024\/02\/logo-valcucine.webp?wsr\",\"width\":288,\"height\":46,\"caption\":\"Valcucine\"},\"image\":{\"@id\":\"https:\/\/www.valcucine.com\/#\/schema\/logo\/image\/\"},\"sameAs\":[\"https:\/\/www.facebook.com\/valcucine\/\",\"https:\/\/www.instagram.com\/valcucine\/\",\"https:\/\/www.linkedin.com\/company\/valcucine\"]}]}<\/script>\n<!-- \/ Yoast SEO plugin. -->","yoast_head_json":{"title":"Tubo cappa cucina Valcucine","description":"Dove eseguire il foro uscita fumi per mimetizzare il tubo della cappa? Scoprilo con Valcucine","robots":{"index":"index","follow":"follow","max-snippet":"max-snippet:-1","max-image-preview":"max-image-preview:large","max-video-preview":"max-video-preview:-1"},"canonical":"https:\/\/www.valcucine.com\/de\/planung\/luftung\/ablufthaube-kanal\/","og_locale":"de_DE","og_type":"article","og_title":"Tubo cappa cucina Valcucine","og_description":"Dove eseguire il foro uscita fumi per mimetizzare il tubo della cappa? Scoprilo con Valcucine","og_url":"https:\/\/www.valcucine.com\/de\/planung\/luftung\/ablufthaube-kanal\/","og_site_name":"Valcucine","article_publisher":"https:\/\/www.facebook.com\/valcucine\/","article_modified_time":"2025-06-04T15:53:45+00:00","og_image":[{"width":1188,"height":826,"url":"https:\/\/www.valcucine.com\/wp-content\/uploads\/2024\/07\/97_guid-progetto119-1-e1721652589646.jpg?wsr","type":"image\/jpeg"}],"twitter_card":"summary_large_image","twitter_misc":{"Gesch\u00e4tzte Lesezeit":"2\u00a0Minuten"},"schema":{"@context":"https:\/\/schema.org","@graph":[{"@type":"WebPage","@id":"https:\/\/www.valcucine.com\/de\/planung\/luftung\/ablufthaube-kanal\/","url":"https:\/\/www.valcucine.com\/de\/planung\/luftung\/ablufthaube-kanal\/","name":"Tubo cappa cucina Valcucine","isPartOf":{"@id":"https:\/\/www.valcucine.com\/#website"},"primaryImageOfPage":{"@id":"https:\/\/www.valcucine.com\/de\/planung\/luftung\/ablufthaube-kanal\/#primaryimage"},"image":{"@id":"https:\/\/www.valcucine.com\/de\/planung\/luftung\/ablufthaube-kanal\/#primaryimage"},"thumbnailUrl":"https:\/\/www.valcucine.com\/wp-content\/uploads\/2024\/07\/97_guid-progetto119-1-e1721652589646.jpg?wsr","datePublished":"2024-07-22T12:50:25+00:00","dateModified":"2025-06-04T15:53:45+00:00","description":"Dove eseguire il foro uscita fumi per mimetizzare il tubo della cappa? Scoprilo con Valcucine","breadcrumb":{"@id":"https:\/\/www.valcucine.com\/de\/planung\/luftung\/ablufthaube-kanal\/#breadcrumb"},"inLanguage":"de","potentialAction":[{"@type":"ReadAction","target":["https:\/\/www.valcucine.com\/de\/planung\/luftung\/ablufthaube-kanal\/"]}]},{"@type":"ImageObject","inLanguage":"de","@id":"https:\/\/www.valcucine.com\/de\/planung\/luftung\/ablufthaube-kanal\/#primaryimage","url":"https:\/\/www.valcucine.com\/wp-content\/uploads\/2024\/07\/97_guid-progetto119-1-e1721652589646.jpg?wsr","contentUrl":"https:\/\/www.valcucine.com\/wp-content\/uploads\/2024\/07\/97_guid-progetto119-1-e1721652589646.jpg?wsr","width":1188,"height":826,"caption":"Tubo cappa cucina"},{"@type":"BreadcrumbList","@id":"https:\/\/www.valcucine.com\/de\/planung\/luftung\/ablufthaube-kanal\/#breadcrumb","itemListElement":[{"@type":"ListItem","position":1,"name":"Valcucine","item":"https:\/\/www.valcucine.com\/de\/"},{"@type":"ListItem","position":2,"name":"Kuechenplanung","item":"https:\/\/www.valcucine.com\/de\/planung\/"},{"@type":"ListItem","position":3,"name":"\u200bBel\u00fcftung","item":"https:\/\/www.valcucine.com\/de\/planung\/luftung\/"},{"@type":"ListItem","position":4,"name":"Rohrleitungen"}]},{"@type":"WebSite","@id":"https:\/\/www.valcucine.com\/#website","url":"https:\/\/www.valcucine.com\/","name":"Valcucine","description":"","publisher":{"@id":"https:\/\/www.valcucine.com\/#organization"},"potentialAction":[{"@type":"SearchAction","target":{"@type":"EntryPoint","urlTemplate":"https:\/\/www.valcucine.com\/?s={search_term_string}"},"query-input":{"@type":"PropertyValueSpecification","valueRequired":true,"valueName":"search_term_string"}}],"inLanguage":"de"},{"@type":"Organization","@id":"https:\/\/www.valcucine.com\/#organization","name":"Valcucine","url":"https:\/\/www.valcucine.com\/","logo":{"@type":"ImageObject","inLanguage":"de","@id":"https:\/\/www.valcucine.com\/#\/schema\/logo\/image\/","url":"https:\/\/www.valcucine.com\/wp-content\/uploads\/2024\/02\/logo-valcucine.webp?wsr","contentUrl":"https:\/\/www.valcucine.com\/wp-content\/uploads\/2024\/02\/logo-valcucine.webp?wsr","width":288,"height":46,"caption":"Valcucine"},"image":{"@id":"https:\/\/www.valcucine.com\/#\/schema\/logo\/image\/"},"sameAs":["https:\/\/www.facebook.com\/valcucine\/","https:\/\/www.instagram.com\/valcucine\/","https:\/\/www.linkedin.com\/company\/valcucine"]}]}},"_links":{"self":[{"href":"https:\/\/www.valcucine.com\/de\/wp-json\/wp\/v2\/pages\/21669","targetHints":{"allow":["GET"]}}],"collection":[{"href":"https:\/\/www.valcucine.com\/de\/wp-json\/wp\/v2\/pages"}],"about":[{"href":"https:\/\/www.valcucine.com\/de\/wp-json\/wp\/v2\/types\/page"}],"author":[{"embeddable":true,"href":"https:\/\/www.valcucine.com\/de\/wp-json\/wp\/v2\/users\/2"}],"replies":[{"embeddable":true,"href":"https:\/\/www.valcucine.com\/de\/wp-json\/wp\/v2\/comments?post=21669"}],"version-history":[{"count":3,"href":"https:\/\/www.valcucine.com\/de\/wp-json\/wp\/v2\/pages\/21669\/revisions"}],"predecessor-version":[{"id":21672,"href":"https:\/\/www.valcucine.com\/de\/wp-json\/wp\/v2\/pages\/21669\/revisions\/21672"}],"up":[{"embeddable":true,"href":"https:\/\/www.valcucine.com\/de\/wp-json\/wp\/v2\/pages\/21626"}],"wp:featuredmedia":[{"embeddable":true,"href":"https:\/\/www.valcucine.com\/de\/wp-json\/wp\/v2\/media\/17431"}],"wp:attachment":[{"href":"https:\/\/www.valcucine.com\/de\/wp-json\/wp\/v2\/media?parent=21669"}],"curies":[{"name":"wp","href":"https:\/\/api.w.org\/{rel}","templated":true}]}}