{"id":21707,"date":"2024-07-22T11:51:08","date_gmt":"2024-07-22T11:51:08","guid":{"rendered":"https:\/\/devel.valcucine.com\/planung\/ergonomie\/altezza-profondita\/"},"modified":"2025-06-04T15:43:42","modified_gmt":"2025-06-04T15:43:42","slug":"hohe-tiefe","status":"publish","type":"page","link":"https:\/\/www.valcucine.com\/de\/planung\/ergonomie\/hohe-tiefe\/","title":{"rendered":"H\u00f6he und Tiefe der Arbeitsplatte"},"content":{"rendered":"<div class=\"wpb-content-wrapper\"><p>[vc_row][vc_column][vc_empty_space]\n        \n        <h1 class=\"text-start  main__title__h1  \" style=\"color:#333333;\"> \n\n         H\u00f6he und Tiefe der Arbeitsplatte\n        \n        <\/h1>[vc_empty_space][vc_column_text]<\/p>\n<p style=\"text-align: justify;\"><strong>H\u00f6he und Tiefe der Arbeitsplatte<\/strong><\/p>\n<p>Beim Arbeiten im Stehen an einer zu niedrigen oder zu hohen Arbeitsfl\u00e4che, ist man gezwungen, eine falsche K\u00f6rperhaltung einzunehmen. \u00dcber einen l\u00e4ngeren Zeitraum kann dies unserer Gesundheit schaden. Da die Durchschnittsgr\u00f6\u00dfe des Menschen st\u00e4ndig steigt, erweist es sich als sinnvoll, dass auch die H\u00f6he der Arbeitsfl\u00e4che der K\u00fcche an die Anspr\u00fcche des Benutzers angepasst werden kann. Zus\u00e4tzlich f\u00fchrt dies zu einem bequemeren Arbeiten.<\/p>\n<p style=\"text-align: justify;\">Valcucine bietet in Abh\u00e4ngigkeit von der Statur des Benutzers verschiedene Arbeitsplattenh\u00f6hen an.<br \/>\nEs ist wichtig, die H\u00f6he der Arbeitsplatte vorab festzulegen, da diese auch die Position der Steckdosen, Oberschr\u00e4nke und des Wandanschlusses der Dunstabzugshaube beeinflusst.<\/p>\n<p>[\/vc_column_text][\/vc_column][\/vc_row][vc_row][vc_column][vc_single_image image=&#8220;17175&#8243; img_size=&#8220;600&#215;400&#8243;][\/vc_column][\/vc_row][vc_row][vc_column][vc_column_text]<\/p>\n<p style=\"text-align: justify;\">Die mit 60cm traditionelle Tiefe der Unterschr\u00e4nke, hat sich inzwischen weiterentwickelt in Richtung ergonomischere Unterschr\u00e4nke mit einer gr\u00f6\u00dferen Tiefe. Valcucine bietet die Tiefe 65 sowie ein System mit der Tiefe 80cm an. Die Verwendung von Unterschr\u00e4nken mit einer gr\u00f6\u00dferen Tiefe erlaubt eine niedrigere Positionierung der Oberschr\u00e4nke, die so in einer ergonomischen H\u00f6he befestigt werden k\u00f6nnen.<\/p>\n<p style=\"text-align: justify;\">A &#8211; Bei der traditionellen Tiefe von 60cm sollte der Abstand zwischen Arbeitsfl\u00e4che und Oberschrank 54cm betragen, um eine ausreichende Sicht auf die Arbeitsfl\u00e4che sicherzustellen. Das aber erschwert, den Inhalt zu \u00fcberblicken bzw. Gegenst\u00e4nde herauszunehmen und ruft au\u00dferdem ein Gef\u00fchl der Enge hervor.<br \/>\nB &#8211; Bei einer Unterschranktiefe von 65cm kann der Oberschrank tiefer angebracht werden. Sein Inhalt wird so \u00fcberschaubarer und leichter erreichbar. Au\u00dferdem vermindert sich das Gef\u00fchl der Enge und man hat einen besseren \u00dcberblick \u00fcber die Arbeitsfl\u00e4che. Der empfohlene Abstand zwischen Arbeitsfl\u00e4che und Oberschrank betr\u00e4gt 48cm.<br \/>\nC &#8211; Die Tiefe 80cm, bei der an Unterschr\u00e4nken der Tiefe 60 ein spezieller Zubeh\u00f6rkanal angef\u00fcgt wird, erlaubt einen perfekten \u00dcberblick \u00fcber die Arbeitsfl\u00e4che. Die empfohlene H\u00f6he der Nische betr\u00e4gt hier 42cm. Der Inhalt des Oberschrankes ist nun voll einsehbar und auch die oberen F\u00e4cher sind leicht erreichbar.<\/p>\n<p><strong>Das neue Ergonomiesystem P20<\/strong><\/p>\n<p style=\"text-align: justify;\">Bei den herk\u00f6mmlichen K\u00fcchen wird der hintere Teil der Arbeitsfl\u00e4che im Normalfall nicht genutzt. Valcucine wertet bei Arbeitsfl\u00e4chen mit der Tiefe 80cm diesen ungenutzten Bereich auf. Dies nicht nur durch den Einsatz des Zubeh\u00f6rkanals, sondern auch durch perfekt zur Arbeitsplatte passende, praktische und funktionelle Beh\u00e4lter.\u00a0Die Beh\u00e4lter haben eine Tiefe von 20cm (genau wie der Zubeh\u00f6rkanal und die Dunstabzugshaube P20). Sie weisen in Breite und L\u00e4nge variable Ma\u00dfe auf und k\u00f6nnen in der Nische zwischen der Arbeitsplatte und der Dunstabzugshaube P20 bzw. zwischen der Arbeitsplatte und den Oberschr\u00e4nken angeordnet werden.\u00a0So k\u00f6nnen in diesem Bereich kleine Elektroger\u00e4te, Schneidebretter, Steckdosen, verschiedene K\u00fcchenutensilien oder auch kleine Borde untergebracht werden.<\/p>\n<p>[\/vc_column_text][\/vc_column][\/vc_row][vc_row][vc_column][vc_single_image image=&#8220;17382&#8243; img_size=&#8220;600&#215;400&#8243;][\/vc_column][\/vc_row][vc_row][vc_column][vc_column_text]<\/p>\n<p style=\"text-align: justify;\"><strong>Die Tiefe 80: Logica System-Vorteile<\/strong><\/p>\n<p style=\"text-align: justify;\">A &#8211; Bei der traditionellen Tiefe 60cm ruft der Oberschrank trotz des gr\u00f6\u00dferen Abstandes von der Arbeitsfl\u00e4che ein Gef\u00fchl der Enge hervor und behindert den freien Blick auf die Arbeitsfl\u00e4che w\u00e4hrend der Essenszubereitung.<br \/>\nB &#8211; Die Tiefe 80 erlaubt es, in einem \u201eweiten\u201c Raum zu arbeiten, entfernt von den Ecken des Oberschrankes. Das Gef\u00fchl der Enge verschwindet. Man erh\u00e4lt Bewegungsfreiheit und einen perfekten \u00dcberblick \u00fcber die Arbeitsfl\u00e4che, deren gesamte Oberfl\u00e4che nutzbar wird.<br \/>\nC &#8211; Der traditionelle Ober-schrank ist normalerweise in einer H\u00f6he angebracht, die einen vollen Blick auf die Gegenst\u00e4nde des oberen Faches verhindert. Das erschwert seine Benutzung, besonders f\u00fcr kleine Personen.<br \/>\nD &#8211; Bei der Tiefe 80 steht man weiter vom Oberschrank entfernt. Das erlaubt, ihn niedriger aufzuh\u00e4ngen. Dadurch wird sein Inhalt leichter einsehbar und erreichbar und der davor befindliche Platz vergr\u00f6\u00dfert sich.<\/p>\n<p>[\/vc_column_text][\/vc_column][\/vc_row][vc_row][vc_column][vc_single_image image=&#8220;17387&#8243; img_size=&#8220;600&#215;400&#8243;][\/vc_column][\/vc_row][vc_row][vc_column][vc_column_text]<\/p>\n<p style=\"text-align: justify;\">E &#8211; Bei einem Oberschrank mit traditioneller T\u00fcr\u00f6ffnung bildet die ge\u00f6ffnete T\u00fcr ein Hindernis und vermittelt ein Gef\u00fchl der Enge. Da die T\u00fcr oft offen bleibt, besteht bei seitlichen Bewegungen oder beim Aufrichten die Gefahr, mit dem Kopf anzusto\u00dfen.<br \/>\nF &#8211; Eine Klappt\u00fcr mit Schwinghebel kann w\u00e4hrend aller Arbeitsphasen offen bleiben und erlaubt, sich\u00a0 risikolos seitlich zu bewegen, vorzubeugen und aufzurichten.<br \/>\nG &#8211; Ein Tellerabtropfgestell in traditioneller H\u00f6he ist unbequem: die erforderlichen Bewegungen beim Abstellen der gesp\u00fclten Teller sind unnat\u00fcrlich und anstrengend und ein Herunterlaufen des Tropfwassers am Arm unvermeidlich. Au\u00dferdem ist ein am Oberschrank befestigter Tellerabtropf schwierig zu reinigen.<br \/>\nH &#8211; Die Tiefe 80 erlaubt den Einbau eines Abtropfgestells direkt hinter der Sp\u00fcle im Zubeh\u00f6rkanal. Man vermeidet das anstrengende Heben des Geschirrs und bekommt keine \u201enassen \u00c4rmel\u201c. Das Abtropfgestell ist direkt an den Wasserablauf angeschlossen.<\/p>\n<p>[\/vc_column_text][\/vc_column][\/vc_row][vc_row][vc_column][vc_single_image image=&#8220;17392&#8243; img_size=&#8220;600&#215;400&#8243;][\/vc_column][\/vc_row][vc_row][vc_column][vc_column_text]<\/p>\n<p style=\"text-align: justify;\">I &#8211; In den traditionellen K\u00fcchen befindet sich die Dunstabzugshaube normalerweise zu nahe am Gesicht und verhindert, dass man sich bequem zur Kontrolle des Kochvorgangs \u00fcber die T\u00f6pfe beugen kann.<br \/>\nL &#8211; Die neue Abzugshaube Libera, mit ihrer nach oben geschwungenen Form, gibt das Blickfeld frei und man kann sich bequem und sicher dem Kochfeld n\u00e4hern.<br \/>\nM &#8211; K\u00fcchen mit einer Arbeitsplattentiefe von 60cm haben nicht nur die Abzugshaube zu nahe am Gesicht, sondern bieten auch zu wenig Platz zur Unterbringung der K\u00fcchenutensilien, die man w\u00e4hrend der Zubereitungsphasen der Speisen ben\u00f6tigt.<br \/>\nN &#8211; Das neue Ergonomiesystem von Valcucine besteht aus der Haube P20 mit gr\u00f6\u00dferer Bewegungsfreiheit und einem integrierten System von Beh\u00e4ltern und Unterbringungsm\u00f6glichkeiten f\u00fcr die verschiedenen K\u00fcchenutensilien.<\/p>\n<p>[\/vc_column_text][\/vc_column][\/vc_row]<\/p>\n<\/div>","protected":false},"excerpt":{"rendered":"<p>[vc_row][vc_column][vc_empty_space][vc_empty_space][vc_column_text] H\u00f6he und Tiefe der Arbeitsplatte Beim Arbeiten im Stehen an einer zu niedrigen oder zu hohen Arbeitsfl\u00e4che, ist man gezwungen, eine falsche K\u00f6rperhaltung einzunehmen. \u00dcber einen l\u00e4ngeren Zeitraum kann dies unserer Gesundheit schaden. Da die Durchschnittsgr\u00f6\u00dfe des Menschen st\u00e4ndig steigt, erweist es sich als sinnvoll, dass auch die H\u00f6he der Arbeitsfl\u00e4che der K\u00fcche an [&hellip;]<\/p>\n","protected":false},"author":2,"featured_media":17108,"parent":21695,"menu_order":0,"comment_status":"closed","ping_status":"closed","template":"page-planning02.php","meta":{"footnotes":""},"class_list":["post-21707","page","type-page","status-publish","has-post-thumbnail","hentry"],"yoast_head":"<!-- This site is optimized with the Yoast SEO plugin v26.2 - https:\/\/yoast.com\/wordpress\/plugins\/seo\/ -->\n<title>H\u00f6he und Tiefe der Arbeitsplatte - Valcucine<\/title>\n<meta name=\"robots\" content=\"index, follow, max-snippet:-1, max-image-preview:large, max-video-preview:-1\" \/>\n<link rel=\"canonical\" href=\"https:\/\/www.valcucine.com\/de\/planung\/ergonomie\/hohe-tiefe\/\" \/>\n<meta property=\"og:locale\" content=\"de_DE\" \/>\n<meta property=\"og:type\" content=\"article\" \/>\n<meta property=\"og:title\" content=\"H\u00f6he und Tiefe der Arbeitsplatte - Valcucine\" \/>\n<meta property=\"og:description\" content=\"[vc_row][vc_column][vc_empty_space][vc_empty_space][vc_column_text] H\u00f6he und Tiefe der Arbeitsplatte Beim Arbeiten im Stehen an einer zu niedrigen oder zu hohen Arbeitsfl\u00e4che, ist man gezwungen, eine falsche K\u00f6rperhaltung einzunehmen. \u00dcber einen l\u00e4ngeren Zeitraum kann dies unserer Gesundheit schaden. Da die Durchschnittsgr\u00f6\u00dfe des Menschen st\u00e4ndig steigt, erweist es sich als sinnvoll, dass auch die H\u00f6he der Arbeitsfl\u00e4che der K\u00fcche an [&hellip;]\" \/>\n<meta property=\"og:url\" content=\"https:\/\/www.valcucine.com\/de\/planung\/ergonomie\/hohe-tiefe\/\" \/>\n<meta property=\"og:site_name\" content=\"Valcucine\" \/>\n<meta property=\"article:publisher\" content=\"https:\/\/www.facebook.com\/valcucine\/\" \/>\n<meta property=\"article:modified_time\" content=\"2025-06-04T15:43:42+00:00\" \/>\n<meta property=\"og:image\" content=\"https:\/\/www.valcucine.com\/wp-content\/uploads\/2024\/07\/38_guid_progetto66-e1721648992740.jpg?wsr\" \/>\n\t<meta property=\"og:image:width\" content=\"1188\" \/>\n\t<meta property=\"og:image:height\" content=\"826\" \/>\n\t<meta property=\"og:image:type\" content=\"image\/jpeg\" \/>\n<meta name=\"twitter:card\" content=\"summary_large_image\" \/>\n<meta name=\"twitter:label1\" content=\"Gesch\u00e4tzte Lesezeit\" \/>\n\t<meta name=\"twitter:data1\" content=\"5\u00a0Minuten\" \/>\n<script type=\"application\/ld+json\" class=\"yoast-schema-graph\">{\"@context\":\"https:\/\/schema.org\",\"@graph\":[{\"@type\":\"WebPage\",\"@id\":\"https:\/\/www.valcucine.com\/de\/planung\/ergonomie\/hohe-tiefe\/\",\"url\":\"https:\/\/www.valcucine.com\/de\/planung\/ergonomie\/hohe-tiefe\/\",\"name\":\"H\u00f6he und Tiefe der Arbeitsplatte - Valcucine\",\"isPartOf\":{\"@id\":\"https:\/\/www.valcucine.com\/#website\"},\"primaryImageOfPage\":{\"@id\":\"https:\/\/www.valcucine.com\/de\/planung\/ergonomie\/hohe-tiefe\/#primaryimage\"},\"image\":{\"@id\":\"https:\/\/www.valcucine.com\/de\/planung\/ergonomie\/hohe-tiefe\/#primaryimage\"},\"thumbnailUrl\":\"https:\/\/www.valcucine.com\/wp-content\/uploads\/2024\/07\/38_guid_progetto66-e1721648992740.jpg?wsr\",\"datePublished\":\"2024-07-22T11:51:08+00:00\",\"dateModified\":\"2025-06-04T15:43:42+00:00\",\"breadcrumb\":{\"@id\":\"https:\/\/www.valcucine.com\/de\/planung\/ergonomie\/hohe-tiefe\/#breadcrumb\"},\"inLanguage\":\"de\",\"potentialAction\":[{\"@type\":\"ReadAction\",\"target\":[\"https:\/\/www.valcucine.com\/de\/planung\/ergonomie\/hohe-tiefe\/\"]}]},{\"@type\":\"ImageObject\",\"inLanguage\":\"de\",\"@id\":\"https:\/\/www.valcucine.com\/de\/planung\/ergonomie\/hohe-tiefe\/#primaryimage\",\"url\":\"https:\/\/www.valcucine.com\/wp-content\/uploads\/2024\/07\/38_guid_progetto66-e1721648992740.jpg?wsr\",\"contentUrl\":\"https:\/\/www.valcucine.com\/wp-content\/uploads\/2024\/07\/38_guid_progetto66-e1721648992740.jpg?wsr\",\"width\":1188,\"height\":826,\"caption\":\"ergonomia\"},{\"@type\":\"BreadcrumbList\",\"@id\":\"https:\/\/www.valcucine.com\/de\/planung\/ergonomie\/hohe-tiefe\/#breadcrumb\",\"itemListElement\":[{\"@type\":\"ListItem\",\"position\":1,\"name\":\"Valcucine\",\"item\":\"https:\/\/www.valcucine.com\/de\/\"},{\"@type\":\"ListItem\",\"position\":2,\"name\":\"Kuechenplanung\",\"item\":\"https:\/\/www.valcucine.com\/de\/planung\/\"},{\"@type\":\"ListItem\",\"position\":3,\"name\":\"Die Ergonomie in einer K\u00fcche\",\"item\":\"https:\/\/www.valcucine.com\/de\/planung\/ergonomie\/\"},{\"@type\":\"ListItem\",\"position\":4,\"name\":\"H\u00f6he und Tiefe der Arbeitsplatte\"}]},{\"@type\":\"WebSite\",\"@id\":\"https:\/\/www.valcucine.com\/#website\",\"url\":\"https:\/\/www.valcucine.com\/\",\"name\":\"Valcucine\",\"description\":\"\",\"publisher\":{\"@id\":\"https:\/\/www.valcucine.com\/#organization\"},\"potentialAction\":[{\"@type\":\"SearchAction\",\"target\":{\"@type\":\"EntryPoint\",\"urlTemplate\":\"https:\/\/www.valcucine.com\/?s={search_term_string}\"},\"query-input\":{\"@type\":\"PropertyValueSpecification\",\"valueRequired\":true,\"valueName\":\"search_term_string\"}}],\"inLanguage\":\"de\"},{\"@type\":\"Organization\",\"@id\":\"https:\/\/www.valcucine.com\/#organization\",\"name\":\"Valcucine\",\"url\":\"https:\/\/www.valcucine.com\/\",\"logo\":{\"@type\":\"ImageObject\",\"inLanguage\":\"de\",\"@id\":\"https:\/\/www.valcucine.com\/#\/schema\/logo\/image\/\",\"url\":\"https:\/\/www.valcucine.com\/wp-content\/uploads\/2024\/02\/logo-valcucine.webp?wsr\",\"contentUrl\":\"https:\/\/www.valcucine.com\/wp-content\/uploads\/2024\/02\/logo-valcucine.webp?wsr\",\"width\":288,\"height\":46,\"caption\":\"Valcucine\"},\"image\":{\"@id\":\"https:\/\/www.valcucine.com\/#\/schema\/logo\/image\/\"},\"sameAs\":[\"https:\/\/www.facebook.com\/valcucine\/\",\"https:\/\/www.instagram.com\/valcucine\/\",\"https:\/\/www.linkedin.com\/company\/valcucine\"]}]}<\/script>\n<!-- \/ Yoast SEO plugin. -->","yoast_head_json":{"title":"H\u00f6he und Tiefe der Arbeitsplatte - Valcucine","robots":{"index":"index","follow":"follow","max-snippet":"max-snippet:-1","max-image-preview":"max-image-preview:large","max-video-preview":"max-video-preview:-1"},"canonical":"https:\/\/www.valcucine.com\/de\/planung\/ergonomie\/hohe-tiefe\/","og_locale":"de_DE","og_type":"article","og_title":"H\u00f6he und Tiefe der Arbeitsplatte - Valcucine","og_description":"[vc_row][vc_column][vc_empty_space][vc_empty_space][vc_column_text] H\u00f6he und Tiefe der Arbeitsplatte Beim Arbeiten im Stehen an einer zu niedrigen oder zu hohen Arbeitsfl\u00e4che, ist man gezwungen, eine falsche K\u00f6rperhaltung einzunehmen. \u00dcber einen l\u00e4ngeren Zeitraum kann dies unserer Gesundheit schaden. Da die Durchschnittsgr\u00f6\u00dfe des Menschen st\u00e4ndig steigt, erweist es sich als sinnvoll, dass auch die H\u00f6he der Arbeitsfl\u00e4che der K\u00fcche an [&hellip;]","og_url":"https:\/\/www.valcucine.com\/de\/planung\/ergonomie\/hohe-tiefe\/","og_site_name":"Valcucine","article_publisher":"https:\/\/www.facebook.com\/valcucine\/","article_modified_time":"2025-06-04T15:43:42+00:00","og_image":[{"width":1188,"height":826,"url":"https:\/\/www.valcucine.com\/wp-content\/uploads\/2024\/07\/38_guid_progetto66-e1721648992740.jpg?wsr","type":"image\/jpeg"}],"twitter_card":"summary_large_image","twitter_misc":{"Gesch\u00e4tzte Lesezeit":"5\u00a0Minuten"},"schema":{"@context":"https:\/\/schema.org","@graph":[{"@type":"WebPage","@id":"https:\/\/www.valcucine.com\/de\/planung\/ergonomie\/hohe-tiefe\/","url":"https:\/\/www.valcucine.com\/de\/planung\/ergonomie\/hohe-tiefe\/","name":"H\u00f6he und Tiefe der Arbeitsplatte - Valcucine","isPartOf":{"@id":"https:\/\/www.valcucine.com\/#website"},"primaryImageOfPage":{"@id":"https:\/\/www.valcucine.com\/de\/planung\/ergonomie\/hohe-tiefe\/#primaryimage"},"image":{"@id":"https:\/\/www.valcucine.com\/de\/planung\/ergonomie\/hohe-tiefe\/#primaryimage"},"thumbnailUrl":"https:\/\/www.valcucine.com\/wp-content\/uploads\/2024\/07\/38_guid_progetto66-e1721648992740.jpg?wsr","datePublished":"2024-07-22T11:51:08+00:00","dateModified":"2025-06-04T15:43:42+00:00","breadcrumb":{"@id":"https:\/\/www.valcucine.com\/de\/planung\/ergonomie\/hohe-tiefe\/#breadcrumb"},"inLanguage":"de","potentialAction":[{"@type":"ReadAction","target":["https:\/\/www.valcucine.com\/de\/planung\/ergonomie\/hohe-tiefe\/"]}]},{"@type":"ImageObject","inLanguage":"de","@id":"https:\/\/www.valcucine.com\/de\/planung\/ergonomie\/hohe-tiefe\/#primaryimage","url":"https:\/\/www.valcucine.com\/wp-content\/uploads\/2024\/07\/38_guid_progetto66-e1721648992740.jpg?wsr","contentUrl":"https:\/\/www.valcucine.com\/wp-content\/uploads\/2024\/07\/38_guid_progetto66-e1721648992740.jpg?wsr","width":1188,"height":826,"caption":"ergonomia"},{"@type":"BreadcrumbList","@id":"https:\/\/www.valcucine.com\/de\/planung\/ergonomie\/hohe-tiefe\/#breadcrumb","itemListElement":[{"@type":"ListItem","position":1,"name":"Valcucine","item":"https:\/\/www.valcucine.com\/de\/"},{"@type":"ListItem","position":2,"name":"Kuechenplanung","item":"https:\/\/www.valcucine.com\/de\/planung\/"},{"@type":"ListItem","position":3,"name":"Die Ergonomie in einer K\u00fcche","item":"https:\/\/www.valcucine.com\/de\/planung\/ergonomie\/"},{"@type":"ListItem","position":4,"name":"H\u00f6he und Tiefe der Arbeitsplatte"}]},{"@type":"WebSite","@id":"https:\/\/www.valcucine.com\/#website","url":"https:\/\/www.valcucine.com\/","name":"Valcucine","description":"","publisher":{"@id":"https:\/\/www.valcucine.com\/#organization"},"potentialAction":[{"@type":"SearchAction","target":{"@type":"EntryPoint","urlTemplate":"https:\/\/www.valcucine.com\/?s={search_term_string}"},"query-input":{"@type":"PropertyValueSpecification","valueRequired":true,"valueName":"search_term_string"}}],"inLanguage":"de"},{"@type":"Organization","@id":"https:\/\/www.valcucine.com\/#organization","name":"Valcucine","url":"https:\/\/www.valcucine.com\/","logo":{"@type":"ImageObject","inLanguage":"de","@id":"https:\/\/www.valcucine.com\/#\/schema\/logo\/image\/","url":"https:\/\/www.valcucine.com\/wp-content\/uploads\/2024\/02\/logo-valcucine.webp?wsr","contentUrl":"https:\/\/www.valcucine.com\/wp-content\/uploads\/2024\/02\/logo-valcucine.webp?wsr","width":288,"height":46,"caption":"Valcucine"},"image":{"@id":"https:\/\/www.valcucine.com\/#\/schema\/logo\/image\/"},"sameAs":["https:\/\/www.facebook.com\/valcucine\/","https:\/\/www.instagram.com\/valcucine\/","https:\/\/www.linkedin.com\/company\/valcucine"]}]}},"_links":{"self":[{"href":"https:\/\/www.valcucine.com\/de\/wp-json\/wp\/v2\/pages\/21707","targetHints":{"allow":["GET"]}}],"collection":[{"href":"https:\/\/www.valcucine.com\/de\/wp-json\/wp\/v2\/pages"}],"about":[{"href":"https:\/\/www.valcucine.com\/de\/wp-json\/wp\/v2\/types\/page"}],"author":[{"embeddable":true,"href":"https:\/\/www.valcucine.com\/de\/wp-json\/wp\/v2\/users\/2"}],"replies":[{"embeddable":true,"href":"https:\/\/www.valcucine.com\/de\/wp-json\/wp\/v2\/comments?post=21707"}],"version-history":[{"count":2,"href":"https:\/\/www.valcucine.com\/de\/wp-json\/wp\/v2\/pages\/21707\/revisions"}],"predecessor-version":[{"id":21718,"href":"https:\/\/www.valcucine.com\/de\/wp-json\/wp\/v2\/pages\/21707\/revisions\/21718"}],"up":[{"embeddable":true,"href":"https:\/\/www.valcucine.com\/de\/wp-json\/wp\/v2\/pages\/21695"}],"wp:featuredmedia":[{"embeddable":true,"href":"https:\/\/www.valcucine.com\/de\/wp-json\/wp\/v2\/media\/17108"}],"wp:attachment":[{"href":"https:\/\/www.valcucine.com\/de\/wp-json\/wp\/v2\/media?parent=21707"}],"curies":[{"name":"wp","href":"https:\/\/api.w.org\/{rel}","templated":true}]}}