{"id":21743,"date":"2024-07-22T12:11:03","date_gmt":"2024-07-22T12:11:03","guid":{"rendered":"https:\/\/devel.valcucine.com\/planung\/ergonomie\/cestelli-estraibili-cucina\/"},"modified":"2025-06-04T15:39:44","modified_gmt":"2025-06-04T15:39:44","slug":"kuchenauszuge","status":"publish","type":"page","link":"https:\/\/www.valcucine.com\/de\/planung\/ergonomie\/kuchenauszuge\/","title":{"rendered":"Schubk\u00e4sten mit Vollauszug"},"content":{"rendered":"<div class=\"wpb-content-wrapper\"><p>[vc_row][vc_column][vc_empty_space]\n        \n        <h1 class=\"text-start  main__title__h1  \" style=\"color:#333333;\"> \n\n         Schubk\u00e4sten mit Vollauszug\n        \n        <\/h1>[vc_empty_space][\/vc_column][\/vc_row][vc_row][vc_column][vc_single_image image=&#8220;21746&#8243; img_size=&#8220;800&#215;600&#8243;][\/vc_column][\/vc_row][vc_row][vc_column][vc_column_text]<\/p>\n<p style=\"text-align: justify;\">A &#8211; Die traditionellen Unterschr\u00e4nke mit Dreht\u00fcren und Fachb\u00f6den zwingen zum B\u00fccken und zum Einnehmen einer nicht korrekten K\u00f6rperhaltung (\u00fcber einen langen Zeitraum kann dies gesundheitssch\u00e4digend sein), um Gegenst\u00e4nde herauszunehmen und wieder hinein zu stellen, da es sich normalerweise um einen schwer zug\u00e4nglichen Bereich ohne Beleuchtung handelt.<br \/>\nB &#8211; Der Inhalt der Unterschr\u00e4nke ist dagegen in Schubk\u00e4sten mit Vollauszug gut sichtbar, leicht erreichbar und immer griffbereit.<br \/>\nValcucine hat Unterschr\u00e4nke mit Vollauszug der Tiefe 80 im Programm, sowohl mit, als auch ohne Zubeh\u00f6rkanal.\u200b<\/p>\n<p>[\/vc_column_text][\/vc_column][\/vc_row]<\/p>\n<\/div>","protected":false},"excerpt":{"rendered":"<p>[vc_row][vc_column][vc_empty_space][vc_empty_space][\/vc_column][\/vc_row][vc_row][vc_column][vc_single_image image=&#8220;21746&#8243; img_size=&#8220;800&#215;600&#8243;][\/vc_column][\/vc_row][vc_row][vc_column][vc_column_text] A &#8211; Die traditionellen Unterschr\u00e4nke mit Dreht\u00fcren und Fachb\u00f6den zwingen zum B\u00fccken und zum Einnehmen einer nicht korrekten K\u00f6rperhaltung (\u00fcber einen langen Zeitraum kann dies gesundheitssch\u00e4digend sein), um Gegenst\u00e4nde herauszunehmen und wieder hinein zu stellen, da es sich normalerweise um einen schwer zug\u00e4nglichen Bereich ohne Beleuchtung handelt. B &#8211; Der Inhalt der [&hellip;]<\/p>\n","protected":false},"author":2,"featured_media":17193,"parent":21695,"menu_order":0,"comment_status":"closed","ping_status":"closed","template":"page-planning02.php","meta":{"footnotes":""},"class_list":["post-21743","page","type-page","status-publish","has-post-thumbnail","hentry"],"yoast_head":"<!-- This site is optimized with the Yoast SEO plugin v26.2 - https:\/\/yoast.com\/wordpress\/plugins\/seo\/ -->\n<title>Schubk\u00e4sten mit Vollauszug<\/title>\n<meta name=\"robots\" content=\"index, follow, max-snippet:-1, max-image-preview:large, max-video-preview:-1\" \/>\n<link rel=\"canonical\" href=\"https:\/\/www.valcucine.com\/de\/planung\/ergonomie\/kuchenauszuge\/\" \/>\n<meta property=\"og:locale\" content=\"de_DE\" \/>\n<meta property=\"og:type\" content=\"article\" \/>\n<meta property=\"og:title\" content=\"Schubk\u00e4sten mit Vollauszug\" \/>\n<meta property=\"og:description\" content=\"[vc_row][vc_column][vc_empty_space][vc_empty_space][\/vc_column][\/vc_row][vc_row][vc_column][vc_single_image image=&#8220;21746&#8243; img_size=&#8220;800&#215;600&#8243;][\/vc_column][\/vc_row][vc_row][vc_column][vc_column_text] A &#8211; Die traditionellen Unterschr\u00e4nke mit Dreht\u00fcren und Fachb\u00f6den zwingen zum B\u00fccken und zum Einnehmen einer nicht korrekten K\u00f6rperhaltung (\u00fcber einen langen Zeitraum kann dies gesundheitssch\u00e4digend sein), um Gegenst\u00e4nde herauszunehmen und wieder hinein zu stellen, da es sich normalerweise um einen schwer zug\u00e4nglichen Bereich ohne Beleuchtung handelt. B &#8211; Der Inhalt der [&hellip;]\" \/>\n<meta property=\"og:url\" content=\"https:\/\/www.valcucine.com\/de\/planung\/ergonomie\/kuchenauszuge\/\" \/>\n<meta property=\"og:site_name\" content=\"Valcucine\" \/>\n<meta property=\"article:publisher\" content=\"https:\/\/www.facebook.com\/valcucine\/\" \/>\n<meta property=\"article:modified_time\" content=\"2025-06-04T15:39:44+00:00\" \/>\n<meta property=\"og:image\" content=\"https:\/\/www.valcucine.com\/wp-content\/uploads\/2024\/07\/103_guid_progetto71-e1721650248723.jpg?wsr\" \/>\n\t<meta property=\"og:image:width\" content=\"1188\" \/>\n\t<meta property=\"og:image:height\" content=\"826\" \/>\n\t<meta property=\"og:image:type\" content=\"image\/jpeg\" \/>\n<meta name=\"twitter:card\" content=\"summary_large_image\" \/>\n<meta name=\"twitter:label1\" content=\"Gesch\u00e4tzte Lesezeit\" \/>\n\t<meta name=\"twitter:data1\" content=\"1\u00a0Minute\" \/>\n<script type=\"application\/ld+json\" class=\"yoast-schema-graph\">{\"@context\":\"https:\/\/schema.org\",\"@graph\":[{\"@type\":\"WebPage\",\"@id\":\"https:\/\/www.valcucine.com\/de\/planung\/ergonomie\/kuchenauszuge\/\",\"url\":\"https:\/\/www.valcucine.com\/de\/planung\/ergonomie\/kuchenauszuge\/\",\"name\":\"Schubk\u00e4sten mit Vollauszug\",\"isPartOf\":{\"@id\":\"https:\/\/www.valcucine.com\/#website\"},\"primaryImageOfPage\":{\"@id\":\"https:\/\/www.valcucine.com\/de\/planung\/ergonomie\/kuchenauszuge\/#primaryimage\"},\"image\":{\"@id\":\"https:\/\/www.valcucine.com\/de\/planung\/ergonomie\/kuchenauszuge\/#primaryimage\"},\"thumbnailUrl\":\"https:\/\/www.valcucine.com\/wp-content\/uploads\/2024\/07\/103_guid_progetto71-e1721650248723.jpg?wsr\",\"datePublished\":\"2024-07-22T12:11:03+00:00\",\"dateModified\":\"2025-06-04T15:39:44+00:00\",\"breadcrumb\":{\"@id\":\"https:\/\/www.valcucine.com\/de\/planung\/ergonomie\/kuchenauszuge\/#breadcrumb\"},\"inLanguage\":\"de\",\"potentialAction\":[{\"@type\":\"ReadAction\",\"target\":[\"https:\/\/www.valcucine.com\/de\/planung\/ergonomie\/kuchenauszuge\/\"]}]},{\"@type\":\"ImageObject\",\"inLanguage\":\"de\",\"@id\":\"https:\/\/www.valcucine.com\/de\/planung\/ergonomie\/kuchenauszuge\/#primaryimage\",\"url\":\"https:\/\/www.valcucine.com\/wp-content\/uploads\/2024\/07\/103_guid_progetto71-e1721650248723.jpg?wsr\",\"contentUrl\":\"https:\/\/www.valcucine.com\/wp-content\/uploads\/2024\/07\/103_guid_progetto71-e1721650248723.jpg?wsr\",\"width\":1188,\"height\":826,\"caption\":\"Cestelli etraibili\"},{\"@type\":\"BreadcrumbList\",\"@id\":\"https:\/\/www.valcucine.com\/de\/planung\/ergonomie\/kuchenauszuge\/#breadcrumb\",\"itemListElement\":[{\"@type\":\"ListItem\",\"position\":1,\"name\":\"Valcucine\",\"item\":\"https:\/\/www.valcucine.com\/de\/\"},{\"@type\":\"ListItem\",\"position\":2,\"name\":\"Kuechenplanung\",\"item\":\"https:\/\/www.valcucine.com\/de\/planung\/\"},{\"@type\":\"ListItem\",\"position\":3,\"name\":\"Die Ergonomie in einer K\u00fcche\",\"item\":\"https:\/\/www.valcucine.com\/de\/planung\/ergonomie\/\"},{\"@type\":\"ListItem\",\"position\":4,\"name\":\"Schubk\u00e4sten mit Vollauszug\"}]},{\"@type\":\"WebSite\",\"@id\":\"https:\/\/www.valcucine.com\/#website\",\"url\":\"https:\/\/www.valcucine.com\/\",\"name\":\"Valcucine\",\"description\":\"\",\"publisher\":{\"@id\":\"https:\/\/www.valcucine.com\/#organization\"},\"potentialAction\":[{\"@type\":\"SearchAction\",\"target\":{\"@type\":\"EntryPoint\",\"urlTemplate\":\"https:\/\/www.valcucine.com\/?s={search_term_string}\"},\"query-input\":{\"@type\":\"PropertyValueSpecification\",\"valueRequired\":true,\"valueName\":\"search_term_string\"}}],\"inLanguage\":\"de\"},{\"@type\":\"Organization\",\"@id\":\"https:\/\/www.valcucine.com\/#organization\",\"name\":\"Valcucine\",\"url\":\"https:\/\/www.valcucine.com\/\",\"logo\":{\"@type\":\"ImageObject\",\"inLanguage\":\"de\",\"@id\":\"https:\/\/www.valcucine.com\/#\/schema\/logo\/image\/\",\"url\":\"https:\/\/www.valcucine.com\/wp-content\/uploads\/2024\/02\/logo-valcucine.webp?wsr\",\"contentUrl\":\"https:\/\/www.valcucine.com\/wp-content\/uploads\/2024\/02\/logo-valcucine.webp?wsr\",\"width\":288,\"height\":46,\"caption\":\"Valcucine\"},\"image\":{\"@id\":\"https:\/\/www.valcucine.com\/#\/schema\/logo\/image\/\"},\"sameAs\":[\"https:\/\/www.facebook.com\/valcucine\/\",\"https:\/\/www.instagram.com\/valcucine\/\",\"https:\/\/www.linkedin.com\/company\/valcucine\"]}]}<\/script>\n<!-- \/ Yoast SEO plugin. -->","yoast_head_json":{"title":"Schubk\u00e4sten mit Vollauszug","robots":{"index":"index","follow":"follow","max-snippet":"max-snippet:-1","max-image-preview":"max-image-preview:large","max-video-preview":"max-video-preview:-1"},"canonical":"https:\/\/www.valcucine.com\/de\/planung\/ergonomie\/kuchenauszuge\/","og_locale":"de_DE","og_type":"article","og_title":"Schubk\u00e4sten mit Vollauszug","og_description":"[vc_row][vc_column][vc_empty_space][vc_empty_space][\/vc_column][\/vc_row][vc_row][vc_column][vc_single_image image=&#8220;21746&#8243; img_size=&#8220;800&#215;600&#8243;][\/vc_column][\/vc_row][vc_row][vc_column][vc_column_text] A &#8211; Die traditionellen Unterschr\u00e4nke mit Dreht\u00fcren und Fachb\u00f6den zwingen zum B\u00fccken und zum Einnehmen einer nicht korrekten K\u00f6rperhaltung (\u00fcber einen langen Zeitraum kann dies gesundheitssch\u00e4digend sein), um Gegenst\u00e4nde herauszunehmen und wieder hinein zu stellen, da es sich normalerweise um einen schwer zug\u00e4nglichen Bereich ohne Beleuchtung handelt. B &#8211; Der Inhalt der [&hellip;]","og_url":"https:\/\/www.valcucine.com\/de\/planung\/ergonomie\/kuchenauszuge\/","og_site_name":"Valcucine","article_publisher":"https:\/\/www.facebook.com\/valcucine\/","article_modified_time":"2025-06-04T15:39:44+00:00","og_image":[{"width":1188,"height":826,"url":"https:\/\/www.valcucine.com\/wp-content\/uploads\/2024\/07\/103_guid_progetto71-e1721650248723.jpg?wsr","type":"image\/jpeg"}],"twitter_card":"summary_large_image","twitter_misc":{"Gesch\u00e4tzte Lesezeit":"1\u00a0Minute"},"schema":{"@context":"https:\/\/schema.org","@graph":[{"@type":"WebPage","@id":"https:\/\/www.valcucine.com\/de\/planung\/ergonomie\/kuchenauszuge\/","url":"https:\/\/www.valcucine.com\/de\/planung\/ergonomie\/kuchenauszuge\/","name":"Schubk\u00e4sten mit Vollauszug","isPartOf":{"@id":"https:\/\/www.valcucine.com\/#website"},"primaryImageOfPage":{"@id":"https:\/\/www.valcucine.com\/de\/planung\/ergonomie\/kuchenauszuge\/#primaryimage"},"image":{"@id":"https:\/\/www.valcucine.com\/de\/planung\/ergonomie\/kuchenauszuge\/#primaryimage"},"thumbnailUrl":"https:\/\/www.valcucine.com\/wp-content\/uploads\/2024\/07\/103_guid_progetto71-e1721650248723.jpg?wsr","datePublished":"2024-07-22T12:11:03+00:00","dateModified":"2025-06-04T15:39:44+00:00","breadcrumb":{"@id":"https:\/\/www.valcucine.com\/de\/planung\/ergonomie\/kuchenauszuge\/#breadcrumb"},"inLanguage":"de","potentialAction":[{"@type":"ReadAction","target":["https:\/\/www.valcucine.com\/de\/planung\/ergonomie\/kuchenauszuge\/"]}]},{"@type":"ImageObject","inLanguage":"de","@id":"https:\/\/www.valcucine.com\/de\/planung\/ergonomie\/kuchenauszuge\/#primaryimage","url":"https:\/\/www.valcucine.com\/wp-content\/uploads\/2024\/07\/103_guid_progetto71-e1721650248723.jpg?wsr","contentUrl":"https:\/\/www.valcucine.com\/wp-content\/uploads\/2024\/07\/103_guid_progetto71-e1721650248723.jpg?wsr","width":1188,"height":826,"caption":"Cestelli etraibili"},{"@type":"BreadcrumbList","@id":"https:\/\/www.valcucine.com\/de\/planung\/ergonomie\/kuchenauszuge\/#breadcrumb","itemListElement":[{"@type":"ListItem","position":1,"name":"Valcucine","item":"https:\/\/www.valcucine.com\/de\/"},{"@type":"ListItem","position":2,"name":"Kuechenplanung","item":"https:\/\/www.valcucine.com\/de\/planung\/"},{"@type":"ListItem","position":3,"name":"Die Ergonomie in einer K\u00fcche","item":"https:\/\/www.valcucine.com\/de\/planung\/ergonomie\/"},{"@type":"ListItem","position":4,"name":"Schubk\u00e4sten mit Vollauszug"}]},{"@type":"WebSite","@id":"https:\/\/www.valcucine.com\/#website","url":"https:\/\/www.valcucine.com\/","name":"Valcucine","description":"","publisher":{"@id":"https:\/\/www.valcucine.com\/#organization"},"potentialAction":[{"@type":"SearchAction","target":{"@type":"EntryPoint","urlTemplate":"https:\/\/www.valcucine.com\/?s={search_term_string}"},"query-input":{"@type":"PropertyValueSpecification","valueRequired":true,"valueName":"search_term_string"}}],"inLanguage":"de"},{"@type":"Organization","@id":"https:\/\/www.valcucine.com\/#organization","name":"Valcucine","url":"https:\/\/www.valcucine.com\/","logo":{"@type":"ImageObject","inLanguage":"de","@id":"https:\/\/www.valcucine.com\/#\/schema\/logo\/image\/","url":"https:\/\/www.valcucine.com\/wp-content\/uploads\/2024\/02\/logo-valcucine.webp?wsr","contentUrl":"https:\/\/www.valcucine.com\/wp-content\/uploads\/2024\/02\/logo-valcucine.webp?wsr","width":288,"height":46,"caption":"Valcucine"},"image":{"@id":"https:\/\/www.valcucine.com\/#\/schema\/logo\/image\/"},"sameAs":["https:\/\/www.facebook.com\/valcucine\/","https:\/\/www.instagram.com\/valcucine\/","https:\/\/www.linkedin.com\/company\/valcucine"]}]}},"_links":{"self":[{"href":"https:\/\/www.valcucine.com\/de\/wp-json\/wp\/v2\/pages\/21743","targetHints":{"allow":["GET"]}}],"collection":[{"href":"https:\/\/www.valcucine.com\/de\/wp-json\/wp\/v2\/pages"}],"about":[{"href":"https:\/\/www.valcucine.com\/de\/wp-json\/wp\/v2\/types\/page"}],"author":[{"embeddable":true,"href":"https:\/\/www.valcucine.com\/de\/wp-json\/wp\/v2\/users\/2"}],"replies":[{"embeddable":true,"href":"https:\/\/www.valcucine.com\/de\/wp-json\/wp\/v2\/comments?post=21743"}],"version-history":[{"count":4,"href":"https:\/\/www.valcucine.com\/de\/wp-json\/wp\/v2\/pages\/21743\/revisions"}],"predecessor-version":[{"id":21752,"href":"https:\/\/www.valcucine.com\/de\/wp-json\/wp\/v2\/pages\/21743\/revisions\/21752"}],"up":[{"embeddable":true,"href":"https:\/\/www.valcucine.com\/de\/wp-json\/wp\/v2\/pages\/21695"}],"wp:featuredmedia":[{"embeddable":true,"href":"https:\/\/www.valcucine.com\/de\/wp-json\/wp\/v2\/media\/17193"}],"wp:attachment":[{"href":"https:\/\/www.valcucine.com\/de\/wp-json\/wp\/v2\/media?parent=21743"}],"curies":[{"name":"wp","href":"https:\/\/api.w.org\/{rel}","templated":true}]}}