{"id":21753,"date":"2024-07-19T10:11:29","date_gmt":"2024-07-19T10:11:29","guid":{"rendered":"https:\/\/devel.valcucine.com\/planung\/sicurezza-cucina\/"},"modified":"2025-06-04T14:50:39","modified_gmt":"2025-06-04T14:50:39","slug":"kuchensicherheit","status":"publish","type":"page","link":"https:\/\/www.valcucine.com\/de\/planung\/kuchensicherheit\/","title":{"rendered":"Die Sicherheit"},"content":{"rendered":"<div class=\"wpb-content-wrapper\"><p>[vc_row][vc_column]\n        \n        <h1 class=\"text-center  main__title__h1  vc_custom_1725264465396 \" style=\"color:#333333;\"> \n\n         Die Sicherheit\n        \n        <\/h1>[\/vc_column][\/vc_row][vc_row][vc_column][vc_column_text]<\/p>\n<p style=\"text-align: justify;\">Dass sich Unf\u00e4lle zu Hause ereignen k\u00f6nnen, steht im Gegensatz zur verbreiteten Vorstellung, dass es sich\u00a0um den sichersten Ort \u00fcberhaupt handelt. Und genau dieser Vorstellung entspringt die Schwierigkeit, vorhandene\u00a0Risiken und Gefahrenmomente tats\u00e4chlich wahrzunehmen. Oft werden diese Risiken auch seitens\u00a0der Erwachsenen untersch\u00e4tzt. Unf\u00e4lle in h\u00e4uslicher Umgebung \u2013 und diese treffen alle Altersgruppen \u2013sind jedoch eine der Hauptursachen von Todesf\u00e4llen bei Kindern.<br \/>\n\u200b<br \/>\nDie K\u00fcche ist der Bereich des Hauses, in dem sich die meisten Unf\u00e4lle ereignen, oft auch aufgrund einer\u00a0falschen Montage der M\u00f6bel<br \/>\nDieses Handbuch richtet sich sowohl an den Monteur als auch an den Endverbraucher und enth\u00e4lt n\u00fctzliche\u00a0Hinweise zur Vermeidung von Unf\u00e4llen in h\u00e4uslicher Umgebung.<\/p>\n<p>[\/vc_column_text][\/vc_column][\/vc_row]<\/p>\n<\/div>","protected":false},"excerpt":{"rendered":"<p>[vc_row][vc_column][\/vc_column][\/vc_row][vc_row][vc_column][vc_column_text] Dass sich Unf\u00e4lle zu Hause ereignen k\u00f6nnen, steht im Gegensatz zur verbreiteten Vorstellung, dass es sich\u00a0um den sichersten Ort \u00fcberhaupt handelt. Und genau dieser Vorstellung entspringt die Schwierigkeit, vorhandene\u00a0Risiken und Gefahrenmomente tats\u00e4chlich wahrzunehmen. Oft werden diese Risiken auch seitens\u00a0der Erwachsenen untersch\u00e4tzt. Unf\u00e4lle in h\u00e4uslicher Umgebung \u2013 und diese treffen alle Altersgruppen \u2013sind jedoch eine [&hellip;]<\/p>\n","protected":false},"author":2,"featured_media":17113,"parent":21623,"menu_order":0,"comment_status":"closed","ping_status":"closed","template":"page-planning01.php","meta":{"footnotes":""},"class_list":["post-21753","page","type-page","status-publish","has-post-thumbnail","hentry"],"yoast_head":"<!-- This site is optimized with the Yoast SEO plugin v26.2 - https:\/\/yoast.com\/wordpress\/plugins\/seo\/ -->\n<title>Die Sicherheit<\/title>\n<meta name=\"description\" content=\"Entdecken Sie das Handbuch zur Sicherheit in der K\u00fcche mit hilfreichen Tipps, wie Sie schwere Unf\u00e4lle vermeiden k\u00f6nnen.\" \/>\n<meta name=\"robots\" content=\"index, follow, max-snippet:-1, max-image-preview:large, max-video-preview:-1\" \/>\n<link rel=\"canonical\" href=\"https:\/\/www.valcucine.com\/de\/planung\/kuchensicherheit\/\" \/>\n<meta property=\"og:locale\" content=\"de_DE\" \/>\n<meta property=\"og:type\" content=\"article\" \/>\n<meta property=\"og:title\" content=\"Die Sicherheit\" \/>\n<meta property=\"og:description\" content=\"Entdecken Sie das Handbuch zur Sicherheit in der K\u00fcche mit hilfreichen Tipps, wie Sie schwere Unf\u00e4lle vermeiden k\u00f6nnen.\" \/>\n<meta property=\"og:url\" content=\"https:\/\/www.valcucine.com\/de\/planung\/kuchensicherheit\/\" \/>\n<meta property=\"og:site_name\" content=\"Valcucine\" \/>\n<meta property=\"article:publisher\" content=\"https:\/\/www.facebook.com\/valcucine\/\" \/>\n<meta property=\"article:modified_time\" content=\"2025-06-04T14:50:39+00:00\" \/>\n<meta property=\"og:image\" content=\"https:\/\/www.valcucine.com\/wp-content\/uploads\/2024\/07\/39_guid_progetto137.jpg?wsr\" \/>\n\t<meta property=\"og:image:width\" content=\"1188\" \/>\n\t<meta property=\"og:image:height\" content=\"826\" \/>\n\t<meta property=\"og:image:type\" content=\"image\/jpeg\" \/>\n<meta name=\"twitter:card\" content=\"summary_large_image\" \/>\n<meta name=\"twitter:label1\" content=\"Gesch\u00e4tzte Lesezeit\" \/>\n\t<meta name=\"twitter:data1\" content=\"1\u00a0Minute\" \/>\n<script type=\"application\/ld+json\" class=\"yoast-schema-graph\">{\"@context\":\"https:\/\/schema.org\",\"@graph\":[{\"@type\":\"WebPage\",\"@id\":\"https:\/\/www.valcucine.com\/de\/planung\/kuchensicherheit\/\",\"url\":\"https:\/\/www.valcucine.com\/de\/planung\/kuchensicherheit\/\",\"name\":\"Die Sicherheit\",\"isPartOf\":{\"@id\":\"https:\/\/www.valcucine.com\/#website\"},\"primaryImageOfPage\":{\"@id\":\"https:\/\/www.valcucine.com\/de\/planung\/kuchensicherheit\/#primaryimage\"},\"image\":{\"@id\":\"https:\/\/www.valcucine.com\/de\/planung\/kuchensicherheit\/#primaryimage\"},\"thumbnailUrl\":\"https:\/\/www.valcucine.com\/wp-content\/uploads\/2024\/07\/39_guid_progetto137.jpg?wsr\",\"datePublished\":\"2024-07-19T10:11:29+00:00\",\"dateModified\":\"2025-06-04T14:50:39+00:00\",\"description\":\"Entdecken Sie das Handbuch zur Sicherheit in der K\u00fcche mit hilfreichen Tipps, wie Sie schwere Unf\u00e4lle vermeiden k\u00f6nnen.\",\"breadcrumb\":{\"@id\":\"https:\/\/www.valcucine.com\/de\/planung\/kuchensicherheit\/#breadcrumb\"},\"inLanguage\":\"de\",\"potentialAction\":[{\"@type\":\"ReadAction\",\"target\":[\"https:\/\/www.valcucine.com\/de\/planung\/kuchensicherheit\/\"]}]},{\"@type\":\"ImageObject\",\"inLanguage\":\"de\",\"@id\":\"https:\/\/www.valcucine.com\/de\/planung\/kuchensicherheit\/#primaryimage\",\"url\":\"https:\/\/www.valcucine.com\/wp-content\/uploads\/2024\/07\/39_guid_progetto137.jpg?wsr\",\"contentUrl\":\"https:\/\/www.valcucine.com\/wp-content\/uploads\/2024\/07\/39_guid_progetto137.jpg?wsr\",\"width\":1188,\"height\":826,\"caption\":\"sicurezza\"},{\"@type\":\"BreadcrumbList\",\"@id\":\"https:\/\/www.valcucine.com\/de\/planung\/kuchensicherheit\/#breadcrumb\",\"itemListElement\":[{\"@type\":\"ListItem\",\"position\":1,\"name\":\"Valcucine\",\"item\":\"https:\/\/www.valcucine.com\/de\/\"},{\"@type\":\"ListItem\",\"position\":2,\"name\":\"Kuechenplanung\",\"item\":\"https:\/\/www.valcucine.com\/de\/planung\/\"},{\"@type\":\"ListItem\",\"position\":3,\"name\":\"Die Sicherheit\"}]},{\"@type\":\"WebSite\",\"@id\":\"https:\/\/www.valcucine.com\/#website\",\"url\":\"https:\/\/www.valcucine.com\/\",\"name\":\"Valcucine\",\"description\":\"\",\"publisher\":{\"@id\":\"https:\/\/www.valcucine.com\/#organization\"},\"potentialAction\":[{\"@type\":\"SearchAction\",\"target\":{\"@type\":\"EntryPoint\",\"urlTemplate\":\"https:\/\/www.valcucine.com\/?s={search_term_string}\"},\"query-input\":{\"@type\":\"PropertyValueSpecification\",\"valueRequired\":true,\"valueName\":\"search_term_string\"}}],\"inLanguage\":\"de\"},{\"@type\":\"Organization\",\"@id\":\"https:\/\/www.valcucine.com\/#organization\",\"name\":\"Valcucine\",\"url\":\"https:\/\/www.valcucine.com\/\",\"logo\":{\"@type\":\"ImageObject\",\"inLanguage\":\"de\",\"@id\":\"https:\/\/www.valcucine.com\/#\/schema\/logo\/image\/\",\"url\":\"https:\/\/www.valcucine.com\/wp-content\/uploads\/2024\/02\/logo-valcucine.webp?wsr\",\"contentUrl\":\"https:\/\/www.valcucine.com\/wp-content\/uploads\/2024\/02\/logo-valcucine.webp?wsr\",\"width\":288,\"height\":46,\"caption\":\"Valcucine\"},\"image\":{\"@id\":\"https:\/\/www.valcucine.com\/#\/schema\/logo\/image\/\"},\"sameAs\":[\"https:\/\/www.facebook.com\/valcucine\/\",\"https:\/\/www.instagram.com\/valcucine\/\",\"https:\/\/www.linkedin.com\/company\/valcucine\"]}]}<\/script>\n<!-- \/ Yoast SEO plugin. -->","yoast_head_json":{"title":"Die Sicherheit","description":"Entdecken Sie das Handbuch zur Sicherheit in der K\u00fcche mit hilfreichen Tipps, wie Sie schwere Unf\u00e4lle vermeiden k\u00f6nnen.","robots":{"index":"index","follow":"follow","max-snippet":"max-snippet:-1","max-image-preview":"max-image-preview:large","max-video-preview":"max-video-preview:-1"},"canonical":"https:\/\/www.valcucine.com\/de\/planung\/kuchensicherheit\/","og_locale":"de_DE","og_type":"article","og_title":"Die Sicherheit","og_description":"Entdecken Sie das Handbuch zur Sicherheit in der K\u00fcche mit hilfreichen Tipps, wie Sie schwere Unf\u00e4lle vermeiden k\u00f6nnen.","og_url":"https:\/\/www.valcucine.com\/de\/planung\/kuchensicherheit\/","og_site_name":"Valcucine","article_publisher":"https:\/\/www.facebook.com\/valcucine\/","article_modified_time":"2025-06-04T14:50:39+00:00","og_image":[{"width":1188,"height":826,"url":"https:\/\/www.valcucine.com\/wp-content\/uploads\/2024\/07\/39_guid_progetto137.jpg?wsr","type":"image\/jpeg"}],"twitter_card":"summary_large_image","twitter_misc":{"Gesch\u00e4tzte Lesezeit":"1\u00a0Minute"},"schema":{"@context":"https:\/\/schema.org","@graph":[{"@type":"WebPage","@id":"https:\/\/www.valcucine.com\/de\/planung\/kuchensicherheit\/","url":"https:\/\/www.valcucine.com\/de\/planung\/kuchensicherheit\/","name":"Die Sicherheit","isPartOf":{"@id":"https:\/\/www.valcucine.com\/#website"},"primaryImageOfPage":{"@id":"https:\/\/www.valcucine.com\/de\/planung\/kuchensicherheit\/#primaryimage"},"image":{"@id":"https:\/\/www.valcucine.com\/de\/planung\/kuchensicherheit\/#primaryimage"},"thumbnailUrl":"https:\/\/www.valcucine.com\/wp-content\/uploads\/2024\/07\/39_guid_progetto137.jpg?wsr","datePublished":"2024-07-19T10:11:29+00:00","dateModified":"2025-06-04T14:50:39+00:00","description":"Entdecken Sie das Handbuch zur Sicherheit in der K\u00fcche mit hilfreichen Tipps, wie Sie schwere Unf\u00e4lle vermeiden k\u00f6nnen.","breadcrumb":{"@id":"https:\/\/www.valcucine.com\/de\/planung\/kuchensicherheit\/#breadcrumb"},"inLanguage":"de","potentialAction":[{"@type":"ReadAction","target":["https:\/\/www.valcucine.com\/de\/planung\/kuchensicherheit\/"]}]},{"@type":"ImageObject","inLanguage":"de","@id":"https:\/\/www.valcucine.com\/de\/planung\/kuchensicherheit\/#primaryimage","url":"https:\/\/www.valcucine.com\/wp-content\/uploads\/2024\/07\/39_guid_progetto137.jpg?wsr","contentUrl":"https:\/\/www.valcucine.com\/wp-content\/uploads\/2024\/07\/39_guid_progetto137.jpg?wsr","width":1188,"height":826,"caption":"sicurezza"},{"@type":"BreadcrumbList","@id":"https:\/\/www.valcucine.com\/de\/planung\/kuchensicherheit\/#breadcrumb","itemListElement":[{"@type":"ListItem","position":1,"name":"Valcucine","item":"https:\/\/www.valcucine.com\/de\/"},{"@type":"ListItem","position":2,"name":"Kuechenplanung","item":"https:\/\/www.valcucine.com\/de\/planung\/"},{"@type":"ListItem","position":3,"name":"Die Sicherheit"}]},{"@type":"WebSite","@id":"https:\/\/www.valcucine.com\/#website","url":"https:\/\/www.valcucine.com\/","name":"Valcucine","description":"","publisher":{"@id":"https:\/\/www.valcucine.com\/#organization"},"potentialAction":[{"@type":"SearchAction","target":{"@type":"EntryPoint","urlTemplate":"https:\/\/www.valcucine.com\/?s={search_term_string}"},"query-input":{"@type":"PropertyValueSpecification","valueRequired":true,"valueName":"search_term_string"}}],"inLanguage":"de"},{"@type":"Organization","@id":"https:\/\/www.valcucine.com\/#organization","name":"Valcucine","url":"https:\/\/www.valcucine.com\/","logo":{"@type":"ImageObject","inLanguage":"de","@id":"https:\/\/www.valcucine.com\/#\/schema\/logo\/image\/","url":"https:\/\/www.valcucine.com\/wp-content\/uploads\/2024\/02\/logo-valcucine.webp?wsr","contentUrl":"https:\/\/www.valcucine.com\/wp-content\/uploads\/2024\/02\/logo-valcucine.webp?wsr","width":288,"height":46,"caption":"Valcucine"},"image":{"@id":"https:\/\/www.valcucine.com\/#\/schema\/logo\/image\/"},"sameAs":["https:\/\/www.facebook.com\/valcucine\/","https:\/\/www.instagram.com\/valcucine\/","https:\/\/www.linkedin.com\/company\/valcucine"]}]}},"_links":{"self":[{"href":"https:\/\/www.valcucine.com\/de\/wp-json\/wp\/v2\/pages\/21753","targetHints":{"allow":["GET"]}}],"collection":[{"href":"https:\/\/www.valcucine.com\/de\/wp-json\/wp\/v2\/pages"}],"about":[{"href":"https:\/\/www.valcucine.com\/de\/wp-json\/wp\/v2\/types\/page"}],"author":[{"embeddable":true,"href":"https:\/\/www.valcucine.com\/de\/wp-json\/wp\/v2\/users\/2"}],"replies":[{"embeddable":true,"href":"https:\/\/www.valcucine.com\/de\/wp-json\/wp\/v2\/comments?post=21753"}],"version-history":[{"count":3,"href":"https:\/\/www.valcucine.com\/de\/wp-json\/wp\/v2\/pages\/21753\/revisions"}],"predecessor-version":[{"id":21766,"href":"https:\/\/www.valcucine.com\/de\/wp-json\/wp\/v2\/pages\/21753\/revisions\/21766"}],"up":[{"embeddable":true,"href":"https:\/\/www.valcucine.com\/de\/wp-json\/wp\/v2\/pages\/21623"}],"wp:featuredmedia":[{"embeddable":true,"href":"https:\/\/www.valcucine.com\/de\/wp-json\/wp\/v2\/media\/17113"}],"wp:attachment":[{"href":"https:\/\/www.valcucine.com\/de\/wp-json\/wp\/v2\/media?parent=21753"}],"curies":[{"name":"wp","href":"https:\/\/api.w.org\/{rel}","templated":true}]}}