{"id":21755,"date":"2024-07-22T09:41:42","date_gmt":"2024-07-22T09:41:42","guid":{"rendered":"https:\/\/devel.valcucine.com\/planung\/kuchensicherheit\/bambini\/"},"modified":"2025-06-04T15:38:28","modified_gmt":"2025-06-04T15:38:28","slug":"kinder","status":"publish","type":"page","link":"https:\/\/www.valcucine.com\/de\/planung\/kuchensicherheit\/kinder\/","title":{"rendered":"Sicherheit in der K\u00fcche f\u00fcr Ihre Kinder"},"content":{"rendered":"<div class=\"wpb-content-wrapper\"><p>[vc_row][vc_column][vc_empty_space]\n        \n        <h1 class=\"text-start  main__title__h1  \" style=\"color:#333333;\"> \n\n         Sicherheit in der K\u00fcche f\u00fcr Ihre Kinder\n        \n        <\/h1>[vc_empty_space][vc_column_text]<\/p>\n<p style=\"text-align: justify;\"><strong>Tricks und Kniffe f\u00fcr mehr Sicherheit in der K\u00fcche f\u00fcr Ihre Kinder<\/strong><\/p>\n<p style=\"text-align: justify;\">A &#8211; Eine Steckdose im\u00a0Inneren des Zubeh\u00f6rkanals\u00a0dient der Stromversorgung\u00a0der Elektroger\u00e4te. Auch bei\u00a0gr\u00f6\u00dferen Ger\u00e4ten, wie dem\u00a0Backofen, bietet ein Schalter\u00a0im Zubeh\u00f6rkanal eine bequeme\u00a0L\u00f6sung, da ein versehentliches\u00a0Anschalten des Backofens durch\u00a0Kinder ausgeschlossen wird.<br \/>\nB &#8211; Reinigungsmittel\u00a0werden normalerweise im\u00a0Sp\u00fclenunterschrank aufbewahrt\u00a0und damit an einem Ort, der\u00a0f\u00fcr Kinder leicht erreichbar ist.\u00a0Gef\u00e4hrliche Fl\u00fcssigkeiten sollten\u00a0deshalb dort ausschlie\u00dflich in\u00a0einem abschlie\u00dfbaren Beh\u00e4lter\u00a0untergebracht werden.<br \/>\nC &#8211; Kocht\u00f6pfe und Herdplatten\u00a0\u00fcben eine gro\u00dfe Anziehungskraft\u00a0auf Kinder aus. Ein Schutzgitter\u00a0vor dem Kochfeld verhindert,\u00a0dass sie hei\u00dfe T\u00f6pfe erreichen\u00a0k\u00f6nnen und sich verbrennen.<br \/>\nD &#8211; Wenn Kinder ein\u00a0interessantes Objekt auf der\u00a0Arbeitsplatte erreichen wollen,\u00a0kann es geschehen, dass sie\u00a0an Griffen und ge\u00f6ffneten\u00a0Ausz\u00fcgen hinaufklettern. Bei\u00a0schwebenden K\u00fcchen muss\u00a0deshalb ein gepr\u00fcftes und\u00a0bew\u00e4hrtes Befestigungssystem\u00a0an der Wand vorhanden sein.<\/p>\n<p style=\"text-align: justify;\">E &#8211; In jedem Fall sollten nur\u00a0Backofen der letzten Generation mit\u00a0Tangentialgebl\u00e4se und \u201ekalter T\u00fcr\u201c\u00a0eingebaut werden, die eine effi ziente\u00a0W\u00e4rmeisolierung garantieren.\u00a0Bei diesen Back\u00f6fen erhitzt sich\u00a0die Backofent\u00fcr w\u00e4hrend des\u00a0Backvorganges nicht und es besteht\u00a0kein Risiko, dass sich die Kinder die<br \/>\nH\u00e4nde an der T\u00fcr verbrennen.<br \/>\nF &#8211; Hochschr\u00e4nke sollten mit einem\u00a0gepr\u00fcften Befestigungssystem an\u00a0der Wand fi xiert werden, damit ein\u00a0spielendes Kind einen Hochschrank<br \/>\nnicht umkippen kann.<br \/>\nG &#8211; &#8211; Bei Schubk\u00e4sten oder Ausz\u00fcgen\u00a0empfiehlt sich der Einbau von\u00a0Kindersicherungen (Haken oder\u00a0Magneten), die verhindern, dass\u00a0Kinder sie \u00f6ffnen k\u00f6nnen. So\u00a0wird nicht nur vermieden, dass\u00a0sich Kinder beim Schlie\u00dfen\u00a0wehtun, sondern sie k\u00f6nnen auch\u00a0darin aufbewahrte Gegenst\u00e4nde<br \/>\n(Reinigungsmittel, Messer&#8230;) nicht\u00a0erreichen.<br \/>\nH &#8211; Wenn ein Kind auf die ge\u00f6ffneten\u00a0Ausz\u00fcge einer K\u00fccheninsel klettert\u00a0oder alle voll beladenen Ausz\u00fcge\u00a0ge\u00f6ffnet sind, besteht die Gefahr,\u00a0dass die Insel umkippt. Um das zu\u00a0verhindern, m\u00fcssen Unterschr\u00e4nke\u00a0mit Ausz\u00fcgen mittels spezieller\u00a0Befestigungswinkel am Fu\u00dfboden\u00a0fi xiert werden.<\/p>\n<p>[\/vc_column_text][\/vc_column][\/vc_row][vc_row][vc_column][vc_single_image image=&#8220;17342&#8243; img_size=&#8220;800&#215;400&#8243;][\/vc_column][\/vc_row][vc_row][vc_column][vc_column_text]<\/p>\n<p style=\"text-align: justify;\">I &#8211; Das Kochfeld muss mit\u00a0einem Sicherheitsventil\u00a0ausgestattet sein, welches\u00a0den Gasaustritt stoppt, wenn\u00a0die Flamme versehentlich\u00a0erloschen ist oder gar nicht\u00a0angez\u00fcndet wurde.<br \/>\nL &#8211; Wenn Fronten oder\u00a0Schubk\u00e4sten nicht \u00fcber\u00a0einen Griff, sondern \u00fcber\u00a0ein einfaches Loch ge\u00f6ffnet\u00a0werden, muss sichergestellt\u00a0werden, dass dieses nicht zu\u00a0klein ist. Kinder k\u00f6nnten ihren\u00a0Finger hineinstecken und sich\u00a0durch Verklemmen den Finger\u00a0brechen.<br \/>\nM &#8211; Alle in der K\u00fcche\u00a0verwendeten Glasfl\u00e4chen\u00a0(Fachb\u00f6den, Fronten&#8230;)\u00a0m\u00fcssen aus geh\u00e4rtetem\u00a0Glas sein, welches extrem\u00a0schlagresistent und sehr<br \/>\nwiderstandsf\u00e4hig gegen\u00fcber\u00a0den verschiedensten\u00a0Belastungen ist.<br \/>\nN &#8211; Es sollte einen f\u00fcr Kinder\u00a0unerreichbaren Generalschalter\u00a0zur Unterbrechung der\u00a0Stromzufuhr des Backofens\u00a0geben. Die Drehkn\u00f6pfe des\u00a0Backofens \u00fcben eine gro\u00dfe\u00a0Anziehungskraft auf Kinder\u00a0aus und sie k\u00f6nnten, indem\u00a0sie daran spielen, leicht den\u00a0Backofen anschalten.<\/p>\n<p>[\/vc_column_text][\/vc_column][\/vc_row][vc_row][vc_column][vc_single_image image=&#8220;17347&#8243; img_size=&#8220;800&#215;400&#8243;][\/vc_column][\/vc_row][vc_row][vc_column][vc_column_text]<\/p>\n<p style=\"text-align: justify;\">O &#8211; Das Kochfeld sollte in\u00a0der N\u00e4he der Sp\u00fcle geplant\u00a0werden, um \u201elange Wege\u201c mit\u00a0hei\u00dfen T\u00f6pfen zu vermeiden.\u00a0Diese k\u00f6nnten vor allem dann<br \/>\ngef\u00e4hrlich sein, wenn Kinder in\u00a0der N\u00e4he sind.<br \/>\nP &#8211; Es sollte sichergestellt\u00a0sein, dass die Aufh\u00e4ngungen\u00a0der Oberschr\u00e4nke gepr\u00fcft sind\u00a0und auch gro\u00dfen Gewichten\u00a0standhalten. Au\u00dferdem\u00a0sollten sie in H\u00f6he und Tiefe\u00a0regulierbar sein.<br \/>\nQ &#8211; In modernen K\u00fcchen\u00a0werden oft Elemente mit\u00a0spitzen Ecken verwendet. Da\u00a0diese f\u00fcr Kinder gef\u00e4hrlich\u00a0sein k\u00f6nnen, sollte eine K\u00fcche\u00a0ausgew\u00e4hlt werden, bei der\u00a0die Ecken der Fronten, Griffe\u00a0und Kn\u00f6pfe abgerundet sind.<br \/>\nR &#8211; Das Kochfeld sollte nicht in der N\u00e4he des Fensters geplant werden, da der Luftzug das Feuer zum erl\u00f6schen bringen kann und Vorh\u00e4nge, die von spielenden Kindern bewegt\u00a0werden, Feuer fangen k\u00f6nnen<\/p>\n<p>[\/vc_column_text][\/vc_column][\/vc_row][vc_row][vc_column][vc_single_image image=&#8220;17352&#8243; img_size=&#8220;800&#215;400&#8243;][\/vc_column][\/vc_row]<\/p>\n<\/div>","protected":false},"excerpt":{"rendered":"<p>[vc_row][vc_column][vc_empty_space][vc_empty_space][vc_column_text] Tricks und Kniffe f\u00fcr mehr Sicherheit in der K\u00fcche f\u00fcr Ihre Kinder A &#8211; Eine Steckdose im\u00a0Inneren des Zubeh\u00f6rkanals\u00a0dient der Stromversorgung\u00a0der Elektroger\u00e4te. Auch bei\u00a0gr\u00f6\u00dferen Ger\u00e4ten, wie dem\u00a0Backofen, bietet ein Schalter\u00a0im Zubeh\u00f6rkanal eine bequeme\u00a0L\u00f6sung, da ein versehentliches\u00a0Anschalten des Backofens durch\u00a0Kinder ausgeschlossen wird. B &#8211; Reinigungsmittel\u00a0werden normalerweise im\u00a0Sp\u00fclenunterschrank aufbewahrt\u00a0und damit an einem Ort, der\u00a0f\u00fcr Kinder leicht [&hellip;]<\/p>\n","protected":false},"author":2,"featured_media":17360,"parent":21753,"menu_order":0,"comment_status":"closed","ping_status":"closed","template":"page-planning02.php","meta":{"footnotes":""},"class_list":["post-21755","page","type-page","status-publish","has-post-thumbnail","hentry"],"yoast_head":"<!-- This site is optimized with the Yoast SEO plugin v26.2 - https:\/\/yoast.com\/wordpress\/plugins\/seo\/ -->\n<title>Kindersicherheit in der K\u00fcch<\/title>\n<meta name=\"description\" content=\"Sorgen Sie mit den Expertentipps und Designl\u00f6sungen von Valcucine f\u00fcr einen sicheren Raum f\u00fcr Kindersicherheit in der K\u00fcche.\" \/>\n<meta name=\"robots\" content=\"index, follow, max-snippet:-1, max-image-preview:large, max-video-preview:-1\" \/>\n<link rel=\"canonical\" href=\"https:\/\/www.valcucine.com\/de\/planung\/kuchensicherheit\/kinder\/\" \/>\n<meta property=\"og:locale\" content=\"de_DE\" \/>\n<meta property=\"og:type\" content=\"article\" \/>\n<meta property=\"og:title\" content=\"Kindersicherheit in der K\u00fcch\" \/>\n<meta property=\"og:description\" content=\"Sorgen Sie mit den Expertentipps und Designl\u00f6sungen von Valcucine f\u00fcr einen sicheren Raum f\u00fcr Kindersicherheit in der K\u00fcche.\" \/>\n<meta property=\"og:url\" content=\"https:\/\/www.valcucine.com\/de\/planung\/kuchensicherheit\/kinder\/\" \/>\n<meta property=\"og:site_name\" content=\"Valcucine\" \/>\n<meta property=\"article:publisher\" content=\"https:\/\/www.facebook.com\/valcucine\/\" \/>\n<meta property=\"article:modified_time\" content=\"2025-06-04T15:38:28+00:00\" \/>\n<meta property=\"og:image\" content=\"https:\/\/www.valcucine.com\/wp-content\/uploads\/2024\/07\/164_guid-progetto136-e1721642036525.jpg?wsr\" \/>\n\t<meta property=\"og:image:width\" content=\"2400\" \/>\n\t<meta property=\"og:image:height\" content=\"1200\" \/>\n\t<meta property=\"og:image:type\" content=\"image\/jpeg\" \/>\n<meta name=\"twitter:card\" content=\"summary_large_image\" \/>\n<meta name=\"twitter:label1\" content=\"Gesch\u00e4tzte Lesezeit\" \/>\n\t<meta name=\"twitter:data1\" content=\"4\u00a0Minuten\" \/>\n<script type=\"application\/ld+json\" class=\"yoast-schema-graph\">{\"@context\":\"https:\/\/schema.org\",\"@graph\":[{\"@type\":\"WebPage\",\"@id\":\"https:\/\/www.valcucine.com\/de\/planung\/kuchensicherheit\/kinder\/\",\"url\":\"https:\/\/www.valcucine.com\/de\/planung\/kuchensicherheit\/kinder\/\",\"name\":\"Kindersicherheit in der K\u00fcch\",\"isPartOf\":{\"@id\":\"https:\/\/www.valcucine.com\/#website\"},\"primaryImageOfPage\":{\"@id\":\"https:\/\/www.valcucine.com\/de\/planung\/kuchensicherheit\/kinder\/#primaryimage\"},\"image\":{\"@id\":\"https:\/\/www.valcucine.com\/de\/planung\/kuchensicherheit\/kinder\/#primaryimage\"},\"thumbnailUrl\":\"https:\/\/www.valcucine.com\/wp-content\/uploads\/2024\/07\/164_guid-progetto136-e1721642036525.jpg?wsr\",\"datePublished\":\"2024-07-22T09:41:42+00:00\",\"dateModified\":\"2025-06-04T15:38:28+00:00\",\"description\":\"Sorgen Sie mit den Expertentipps und Designl\u00f6sungen von Valcucine f\u00fcr einen sicheren Raum f\u00fcr Kindersicherheit in der K\u00fcche.\",\"breadcrumb\":{\"@id\":\"https:\/\/www.valcucine.com\/de\/planung\/kuchensicherheit\/kinder\/#breadcrumb\"},\"inLanguage\":\"de\",\"potentialAction\":[{\"@type\":\"ReadAction\",\"target\":[\"https:\/\/www.valcucine.com\/de\/planung\/kuchensicherheit\/kinder\/\"]}]},{\"@type\":\"ImageObject\",\"inLanguage\":\"de\",\"@id\":\"https:\/\/www.valcucine.com\/de\/planung\/kuchensicherheit\/kinder\/#primaryimage\",\"url\":\"https:\/\/www.valcucine.com\/wp-content\/uploads\/2024\/07\/164_guid-progetto136-e1721642036525.jpg?wsr\",\"contentUrl\":\"https:\/\/www.valcucine.com\/wp-content\/uploads\/2024\/07\/164_guid-progetto136-e1721642036525.jpg?wsr\",\"width\":2400,\"height\":1200,\"caption\":\"Sicurezza bambini\"},{\"@type\":\"BreadcrumbList\",\"@id\":\"https:\/\/www.valcucine.com\/de\/planung\/kuchensicherheit\/kinder\/#breadcrumb\",\"itemListElement\":[{\"@type\":\"ListItem\",\"position\":1,\"name\":\"Valcucine\",\"item\":\"https:\/\/www.valcucine.com\/de\/\"},{\"@type\":\"ListItem\",\"position\":2,\"name\":\"Kuechenplanung\",\"item\":\"https:\/\/www.valcucine.com\/de\/planung\/\"},{\"@type\":\"ListItem\",\"position\":3,\"name\":\"Die Sicherheit\",\"item\":\"https:\/\/www.valcucine.com\/de\/planung\/kuchensicherheit\/\"},{\"@type\":\"ListItem\",\"position\":4,\"name\":\"Sicherheit in der K\u00fcche f\u00fcr Ihre Kinder\"}]},{\"@type\":\"WebSite\",\"@id\":\"https:\/\/www.valcucine.com\/#website\",\"url\":\"https:\/\/www.valcucine.com\/\",\"name\":\"Valcucine\",\"description\":\"\",\"publisher\":{\"@id\":\"https:\/\/www.valcucine.com\/#organization\"},\"potentialAction\":[{\"@type\":\"SearchAction\",\"target\":{\"@type\":\"EntryPoint\",\"urlTemplate\":\"https:\/\/www.valcucine.com\/?s={search_term_string}\"},\"query-input\":{\"@type\":\"PropertyValueSpecification\",\"valueRequired\":true,\"valueName\":\"search_term_string\"}}],\"inLanguage\":\"de\"},{\"@type\":\"Organization\",\"@id\":\"https:\/\/www.valcucine.com\/#organization\",\"name\":\"Valcucine\",\"url\":\"https:\/\/www.valcucine.com\/\",\"logo\":{\"@type\":\"ImageObject\",\"inLanguage\":\"de\",\"@id\":\"https:\/\/www.valcucine.com\/#\/schema\/logo\/image\/\",\"url\":\"https:\/\/www.valcucine.com\/wp-content\/uploads\/2024\/02\/logo-valcucine.webp?wsr\",\"contentUrl\":\"https:\/\/www.valcucine.com\/wp-content\/uploads\/2024\/02\/logo-valcucine.webp?wsr\",\"width\":288,\"height\":46,\"caption\":\"Valcucine\"},\"image\":{\"@id\":\"https:\/\/www.valcucine.com\/#\/schema\/logo\/image\/\"},\"sameAs\":[\"https:\/\/www.facebook.com\/valcucine\/\",\"https:\/\/www.instagram.com\/valcucine\/\",\"https:\/\/www.linkedin.com\/company\/valcucine\"]}]}<\/script>\n<!-- \/ Yoast SEO plugin. -->","yoast_head_json":{"title":"Kindersicherheit in der K\u00fcch","description":"Sorgen Sie mit den Expertentipps und Designl\u00f6sungen von Valcucine f\u00fcr einen sicheren Raum f\u00fcr Kindersicherheit in der K\u00fcche.","robots":{"index":"index","follow":"follow","max-snippet":"max-snippet:-1","max-image-preview":"max-image-preview:large","max-video-preview":"max-video-preview:-1"},"canonical":"https:\/\/www.valcucine.com\/de\/planung\/kuchensicherheit\/kinder\/","og_locale":"de_DE","og_type":"article","og_title":"Kindersicherheit in der K\u00fcch","og_description":"Sorgen Sie mit den Expertentipps und Designl\u00f6sungen von Valcucine f\u00fcr einen sicheren Raum f\u00fcr Kindersicherheit in der K\u00fcche.","og_url":"https:\/\/www.valcucine.com\/de\/planung\/kuchensicherheit\/kinder\/","og_site_name":"Valcucine","article_publisher":"https:\/\/www.facebook.com\/valcucine\/","article_modified_time":"2025-06-04T15:38:28+00:00","og_image":[{"width":2400,"height":1200,"url":"https:\/\/www.valcucine.com\/wp-content\/uploads\/2024\/07\/164_guid-progetto136-e1721642036525.jpg?wsr","type":"image\/jpeg"}],"twitter_card":"summary_large_image","twitter_misc":{"Gesch\u00e4tzte Lesezeit":"4\u00a0Minuten"},"schema":{"@context":"https:\/\/schema.org","@graph":[{"@type":"WebPage","@id":"https:\/\/www.valcucine.com\/de\/planung\/kuchensicherheit\/kinder\/","url":"https:\/\/www.valcucine.com\/de\/planung\/kuchensicherheit\/kinder\/","name":"Kindersicherheit in der K\u00fcch","isPartOf":{"@id":"https:\/\/www.valcucine.com\/#website"},"primaryImageOfPage":{"@id":"https:\/\/www.valcucine.com\/de\/planung\/kuchensicherheit\/kinder\/#primaryimage"},"image":{"@id":"https:\/\/www.valcucine.com\/de\/planung\/kuchensicherheit\/kinder\/#primaryimage"},"thumbnailUrl":"https:\/\/www.valcucine.com\/wp-content\/uploads\/2024\/07\/164_guid-progetto136-e1721642036525.jpg?wsr","datePublished":"2024-07-22T09:41:42+00:00","dateModified":"2025-06-04T15:38:28+00:00","description":"Sorgen Sie mit den Expertentipps und Designl\u00f6sungen von Valcucine f\u00fcr einen sicheren Raum f\u00fcr Kindersicherheit in der K\u00fcche.","breadcrumb":{"@id":"https:\/\/www.valcucine.com\/de\/planung\/kuchensicherheit\/kinder\/#breadcrumb"},"inLanguage":"de","potentialAction":[{"@type":"ReadAction","target":["https:\/\/www.valcucine.com\/de\/planung\/kuchensicherheit\/kinder\/"]}]},{"@type":"ImageObject","inLanguage":"de","@id":"https:\/\/www.valcucine.com\/de\/planung\/kuchensicherheit\/kinder\/#primaryimage","url":"https:\/\/www.valcucine.com\/wp-content\/uploads\/2024\/07\/164_guid-progetto136-e1721642036525.jpg?wsr","contentUrl":"https:\/\/www.valcucine.com\/wp-content\/uploads\/2024\/07\/164_guid-progetto136-e1721642036525.jpg?wsr","width":2400,"height":1200,"caption":"Sicurezza bambini"},{"@type":"BreadcrumbList","@id":"https:\/\/www.valcucine.com\/de\/planung\/kuchensicherheit\/kinder\/#breadcrumb","itemListElement":[{"@type":"ListItem","position":1,"name":"Valcucine","item":"https:\/\/www.valcucine.com\/de\/"},{"@type":"ListItem","position":2,"name":"Kuechenplanung","item":"https:\/\/www.valcucine.com\/de\/planung\/"},{"@type":"ListItem","position":3,"name":"Die Sicherheit","item":"https:\/\/www.valcucine.com\/de\/planung\/kuchensicherheit\/"},{"@type":"ListItem","position":4,"name":"Sicherheit in der K\u00fcche f\u00fcr Ihre Kinder"}]},{"@type":"WebSite","@id":"https:\/\/www.valcucine.com\/#website","url":"https:\/\/www.valcucine.com\/","name":"Valcucine","description":"","publisher":{"@id":"https:\/\/www.valcucine.com\/#organization"},"potentialAction":[{"@type":"SearchAction","target":{"@type":"EntryPoint","urlTemplate":"https:\/\/www.valcucine.com\/?s={search_term_string}"},"query-input":{"@type":"PropertyValueSpecification","valueRequired":true,"valueName":"search_term_string"}}],"inLanguage":"de"},{"@type":"Organization","@id":"https:\/\/www.valcucine.com\/#organization","name":"Valcucine","url":"https:\/\/www.valcucine.com\/","logo":{"@type":"ImageObject","inLanguage":"de","@id":"https:\/\/www.valcucine.com\/#\/schema\/logo\/image\/","url":"https:\/\/www.valcucine.com\/wp-content\/uploads\/2024\/02\/logo-valcucine.webp?wsr","contentUrl":"https:\/\/www.valcucine.com\/wp-content\/uploads\/2024\/02\/logo-valcucine.webp?wsr","width":288,"height":46,"caption":"Valcucine"},"image":{"@id":"https:\/\/www.valcucine.com\/#\/schema\/logo\/image\/"},"sameAs":["https:\/\/www.facebook.com\/valcucine\/","https:\/\/www.instagram.com\/valcucine\/","https:\/\/www.linkedin.com\/company\/valcucine"]}]}},"_links":{"self":[{"href":"https:\/\/www.valcucine.com\/de\/wp-json\/wp\/v2\/pages\/21755","targetHints":{"allow":["GET"]}}],"collection":[{"href":"https:\/\/www.valcucine.com\/de\/wp-json\/wp\/v2\/pages"}],"about":[{"href":"https:\/\/www.valcucine.com\/de\/wp-json\/wp\/v2\/types\/page"}],"author":[{"embeddable":true,"href":"https:\/\/www.valcucine.com\/de\/wp-json\/wp\/v2\/users\/2"}],"replies":[{"embeddable":true,"href":"https:\/\/www.valcucine.com\/de\/wp-json\/wp\/v2\/comments?post=21755"}],"version-history":[{"count":3,"href":"https:\/\/www.valcucine.com\/de\/wp-json\/wp\/v2\/pages\/21755\/revisions"}],"predecessor-version":[{"id":21758,"href":"https:\/\/www.valcucine.com\/de\/wp-json\/wp\/v2\/pages\/21755\/revisions\/21758"}],"up":[{"embeddable":true,"href":"https:\/\/www.valcucine.com\/de\/wp-json\/wp\/v2\/pages\/21753"}],"wp:featuredmedia":[{"embeddable":true,"href":"https:\/\/www.valcucine.com\/de\/wp-json\/wp\/v2\/media\/17360"}],"wp:attachment":[{"href":"https:\/\/www.valcucine.com\/de\/wp-json\/wp\/v2\/media?parent=21755"}],"curies":[{"name":"wp","href":"https:\/\/api.w.org\/{rel}","templated":true}]}}