{"id":21759,"date":"2024-07-22T10:09:18","date_gmt":"2024-07-22T10:09:18","guid":{"rendered":"https:\/\/devel.valcucine.com\/planung\/kuchensicherheit\/controllo-emissioni-tossiche\/"},"modified":"2025-06-04T15:36:44","modified_gmt":"2025-06-04T15:36:44","slug":"schadstoffuberprufung","status":"publish","type":"page","link":"https:\/\/www.valcucine.com\/de\/planung\/kuchensicherheit\/schadstoffuberprufung\/","title":{"rendered":"Die Kontrolle der Giftstoffemission"},"content":{"rendered":"<div class=\"wpb-content-wrapper\"><p>[vc_row][vc_column][vc_empty_space]\n        \n        <h1 class=\"text-start  main__title__h1  \" style=\"color:#333333;\"> \n\n         Die Kontrolle der Giftstoffemission\n        \n        <\/h1>[vc_empty_space][\/vc_column][\/vc_row][vc_row][vc_column][vc_column_text][\/vc_column_text][vc_column_text]<\/p>\n<p style=\"text-align: justify;\"><strong>Das Formaldehyd<\/strong><br \/>\nPaneele aus Spanplatte enthalten Harnstoffleim, eine Substanz die auch nochnach Jahren Formaldehyd abgibt. Auch wenn Formaldehyd inzwischen bekannterma\u00dfen im Verdacht steht, krebserregend zu sein, gibt es in Italien, im Gegensatz zu Deutschland, noch keine Gesetze, die die Abgabe durch Grenznormen regelt. Bei Valcucine werden f\u00fcr die gesamte Produktion die festgelegten Werte der Japanisch Norm streng eingehalten (Japanische Bestimmungen F****).<\/p>\n<p><strong>Die k\u00fcnstliche Radioaktivit\u00e4t<\/strong><br \/>\nUmweltkatastrophen wie Tschernobyl haben eine k\u00fcnstliche Radioaktivit\u00e4t geschaffen, die von den Pflanzen (also auch vom Holz) aufgenommen wurde und auchnoch Jahre sp\u00e4ter wieder an die Umgebungabgegeben wird. Da die vorhandene Giftstoffmenge je nach Herkunft des Holzes variiert,\u00a0 nimmt Valcucine Analysen an Musterproben vor, um sicher zu gehen, dass das in den K\u00fcchen verwendete Holz nicht aus Gebieten stammt, die durch Tschernobyl verseucht wurden.<\/p>\n<p><strong>Die synthetischen Lacke<\/strong><br \/>\nDie mit synthetischen Lacken behandelten M\u00f6bel geben auch noch lange Zeit nach ihrem Kauf fl\u00fcchtige, giftige Substanzen an die Luft in unserer Wohnung ab. Valcucine hat die, durch diese Substanzen verursachte Belastung der Luft mit speziellen Analysen untersucht. In der Tabelle zeigen wir die Menge und Qualit\u00e4t der fl\u00fcchtigen, organischen Substanzen auf 1 qm Oberfl\u00e4che, die mit einem synthetischen Acryllack lackiert wurde. Um die Abgabe der giftigen Substanzen der synthetischen L\u00f6sungsmittel drastisch zu begrenzen bzw. zu vermeiden, hat Valcucine einen Lackierungszyklus unter Verwendung von Wasser als L\u00f6sungsmittel ausgearbeitet, sowie eine Oberfl\u00e4chenbehandlung auf Basis von nat\u00fcrlichen \u00d6len und Wachsen, deren L\u00f6sungsmittel aus der Schale von Zitrusfr\u00fcchten gewonnen wird.<\/p>\n<p><strong>Farbe auf Wasserbasis<\/strong><br \/>\nEines der schlimmsten Verschmutzungsprobleme der M\u00f6belindustrie ist das Verdampfen der synthetischen L\u00f6sungsmittel in den Lacken. Eine M\u00f6belfabrik von mittlerer Gr\u00f6\u00dfe st\u00f6\u00dft jeden Tag Tonnen potentiell krebserregender L\u00f6sungsmittel aus und verschmutzt neben dem direkten Arbeitsumfeld auch die umliegenden Gebiete. Diese L\u00f6sungsmittel weisen auch noch nach langer Zeit eine Mikroverdampfung auf, daher ist auch der Raum, in dem das M\u00f6belst\u00fcck aufgestellt wurde, von dieser Verunreinigung betroffen. Zum Nutzen des Endverbrauchers, der Betriebsangeh\u00f6rigen der M\u00f6belbranche und der in der N\u00e4he der Fabriken liegenden Ortschaften hat Valcucine nach Jahren des Testens und der st\u00e4ndigen Forschung, einen Zyklus einer Lackierung auf Wasserbasis f\u00fcr Massivholz und Fronten bzw. Paneele mit Holzfurnier entwickelt und so die Verwendung synthetischer L\u00f6sungsmittel drastisch verringert. Valcucine hat aufgrund seiner gro\u00dfen Innovationskraft immer neue Wege gefunden, die anschlie\u00dfend von der Konkurrenz kopiert wurden, was im Prinzip ein \u00c4rgernis darstellt. In diesem Fall aber w\u00fcnschen wir uns sogar, dass man uns nachahmt, denn wir sind uns bewusst, dass wir auf diese Weise einen gro\u00dfartigen Beitrag zur Erhaltung der Umwelt und der Gesundheit des Menschen geleistet haben.<\/p>\n<p>[\/vc_column_text][\/vc_column][\/vc_row]<\/p>\n<\/div>","protected":false},"excerpt":{"rendered":"<p>[vc_row][vc_column][vc_empty_space][vc_empty_space][\/vc_column][\/vc_row][vc_row][vc_column][vc_column_text][\/vc_column_text][vc_column_text] Das Formaldehyd Paneele aus Spanplatte enthalten Harnstoffleim, eine Substanz die auch nochnach Jahren Formaldehyd abgibt. Auch wenn Formaldehyd inzwischen bekannterma\u00dfen im Verdacht steht, krebserregend zu sein, gibt es in Italien, im Gegensatz zu Deutschland, noch keine Gesetze, die die Abgabe durch Grenznormen regelt. Bei Valcucine werden f\u00fcr die gesamte Produktion die festgelegten Werte der [&hellip;]<\/p>\n","protected":false},"author":2,"featured_media":17166,"parent":21753,"menu_order":0,"comment_status":"closed","ping_status":"closed","template":"page-planning02.php","meta":{"footnotes":""},"class_list":["post-21759","page","type-page","status-publish","has-post-thumbnail","hentry"],"yoast_head":"<!-- This site is optimized with the Yoast SEO plugin v26.2 - https:\/\/yoast.com\/wordpress\/plugins\/seo\/ -->\n<title>Die Kontrolle der Giftstoffemission<\/title>\n<meta name=\"description\" content=\"Um die Emission von toxischen Substanzen aus synthetischen L\u00f6sungsmitteln drastisch zu begrenzen, entdecken Sie die L\u00f6sung von Valcucine.\" \/>\n<meta name=\"robots\" content=\"index, follow, max-snippet:-1, max-image-preview:large, max-video-preview:-1\" \/>\n<link rel=\"canonical\" href=\"https:\/\/www.valcucine.com\/de\/planung\/kuchensicherheit\/schadstoffuberprufung\/\" \/>\n<meta property=\"og:locale\" content=\"de_DE\" \/>\n<meta property=\"og:type\" content=\"article\" \/>\n<meta property=\"og:title\" content=\"Die Kontrolle der Giftstoffemission\" \/>\n<meta property=\"og:description\" content=\"Um die Emission von toxischen Substanzen aus synthetischen L\u00f6sungsmitteln drastisch zu begrenzen, entdecken Sie die L\u00f6sung von Valcucine.\" \/>\n<meta property=\"og:url\" content=\"https:\/\/www.valcucine.com\/de\/planung\/kuchensicherheit\/schadstoffuberprufung\/\" \/>\n<meta property=\"og:site_name\" content=\"Valcucine\" \/>\n<meta property=\"article:publisher\" content=\"https:\/\/www.facebook.com\/valcucine\/\" \/>\n<meta property=\"article:modified_time\" content=\"2025-06-04T15:36:44+00:00\" \/>\n<meta property=\"og:image\" content=\"https:\/\/www.valcucine.com\/wp-content\/uploads\/2024\/07\/36_guid_progetto112-e1721642919646.jpg?wsr\" \/>\n\t<meta property=\"og:image:width\" content=\"1188\" \/>\n\t<meta property=\"og:image:height\" content=\"826\" \/>\n\t<meta property=\"og:image:type\" content=\"image\/jpeg\" \/>\n<meta name=\"twitter:card\" content=\"summary_large_image\" \/>\n<meta name=\"twitter:label1\" content=\"Gesch\u00e4tzte Lesezeit\" \/>\n\t<meta name=\"twitter:data1\" content=\"3\u00a0Minuten\" \/>\n<script type=\"application\/ld+json\" class=\"yoast-schema-graph\">{\"@context\":\"https:\/\/schema.org\",\"@graph\":[{\"@type\":\"WebPage\",\"@id\":\"https:\/\/www.valcucine.com\/de\/planung\/kuchensicherheit\/schadstoffuberprufung\/\",\"url\":\"https:\/\/www.valcucine.com\/de\/planung\/kuchensicherheit\/schadstoffuberprufung\/\",\"name\":\"Die Kontrolle der Giftstoffemission\",\"isPartOf\":{\"@id\":\"https:\/\/www.valcucine.com\/#website\"},\"primaryImageOfPage\":{\"@id\":\"https:\/\/www.valcucine.com\/de\/planung\/kuchensicherheit\/schadstoffuberprufung\/#primaryimage\"},\"image\":{\"@id\":\"https:\/\/www.valcucine.com\/de\/planung\/kuchensicherheit\/schadstoffuberprufung\/#primaryimage\"},\"thumbnailUrl\":\"https:\/\/www.valcucine.com\/wp-content\/uploads\/2024\/07\/36_guid_progetto112-e1721642919646.jpg?wsr\",\"datePublished\":\"2024-07-22T10:09:18+00:00\",\"dateModified\":\"2025-06-04T15:36:44+00:00\",\"description\":\"Um die Emission von toxischen Substanzen aus synthetischen L\u00f6sungsmitteln drastisch zu begrenzen, entdecken Sie die L\u00f6sung von Valcucine.\",\"breadcrumb\":{\"@id\":\"https:\/\/www.valcucine.com\/de\/planung\/kuchensicherheit\/schadstoffuberprufung\/#breadcrumb\"},\"inLanguage\":\"de\",\"potentialAction\":[{\"@type\":\"ReadAction\",\"target\":[\"https:\/\/www.valcucine.com\/de\/planung\/kuchensicherheit\/schadstoffuberprufung\/\"]}]},{\"@type\":\"ImageObject\",\"inLanguage\":\"de\",\"@id\":\"https:\/\/www.valcucine.com\/de\/planung\/kuchensicherheit\/schadstoffuberprufung\/#primaryimage\",\"url\":\"https:\/\/www.valcucine.com\/wp-content\/uploads\/2024\/07\/36_guid_progetto112-e1721642919646.jpg?wsr\",\"contentUrl\":\"https:\/\/www.valcucine.com\/wp-content\/uploads\/2024\/07\/36_guid_progetto112-e1721642919646.jpg?wsr\",\"width\":1188,\"height\":826,\"caption\":\"controllo delle emissioni tossiche\"},{\"@type\":\"BreadcrumbList\",\"@id\":\"https:\/\/www.valcucine.com\/de\/planung\/kuchensicherheit\/schadstoffuberprufung\/#breadcrumb\",\"itemListElement\":[{\"@type\":\"ListItem\",\"position\":1,\"name\":\"Valcucine\",\"item\":\"https:\/\/www.valcucine.com\/de\/\"},{\"@type\":\"ListItem\",\"position\":2,\"name\":\"Kuechenplanung\",\"item\":\"https:\/\/www.valcucine.com\/de\/planung\/\"},{\"@type\":\"ListItem\",\"position\":3,\"name\":\"Die Sicherheit\",\"item\":\"https:\/\/www.valcucine.com\/de\/planung\/kuchensicherheit\/\"},{\"@type\":\"ListItem\",\"position\":4,\"name\":\"Die Kontrolle der Giftstoffemission\"}]},{\"@type\":\"WebSite\",\"@id\":\"https:\/\/www.valcucine.com\/#website\",\"url\":\"https:\/\/www.valcucine.com\/\",\"name\":\"Valcucine\",\"description\":\"\",\"publisher\":{\"@id\":\"https:\/\/www.valcucine.com\/#organization\"},\"potentialAction\":[{\"@type\":\"SearchAction\",\"target\":{\"@type\":\"EntryPoint\",\"urlTemplate\":\"https:\/\/www.valcucine.com\/?s={search_term_string}\"},\"query-input\":{\"@type\":\"PropertyValueSpecification\",\"valueRequired\":true,\"valueName\":\"search_term_string\"}}],\"inLanguage\":\"de\"},{\"@type\":\"Organization\",\"@id\":\"https:\/\/www.valcucine.com\/#organization\",\"name\":\"Valcucine\",\"url\":\"https:\/\/www.valcucine.com\/\",\"logo\":{\"@type\":\"ImageObject\",\"inLanguage\":\"de\",\"@id\":\"https:\/\/www.valcucine.com\/#\/schema\/logo\/image\/\",\"url\":\"https:\/\/www.valcucine.com\/wp-content\/uploads\/2024\/02\/logo-valcucine.webp?wsr\",\"contentUrl\":\"https:\/\/www.valcucine.com\/wp-content\/uploads\/2024\/02\/logo-valcucine.webp?wsr\",\"width\":288,\"height\":46,\"caption\":\"Valcucine\"},\"image\":{\"@id\":\"https:\/\/www.valcucine.com\/#\/schema\/logo\/image\/\"},\"sameAs\":[\"https:\/\/www.facebook.com\/valcucine\/\",\"https:\/\/www.instagram.com\/valcucine\/\",\"https:\/\/www.linkedin.com\/company\/valcucine\"]}]}<\/script>\n<!-- \/ Yoast SEO plugin. -->","yoast_head_json":{"title":"Die Kontrolle der Giftstoffemission","description":"Um die Emission von toxischen Substanzen aus synthetischen L\u00f6sungsmitteln drastisch zu begrenzen, entdecken Sie die L\u00f6sung von Valcucine.","robots":{"index":"index","follow":"follow","max-snippet":"max-snippet:-1","max-image-preview":"max-image-preview:large","max-video-preview":"max-video-preview:-1"},"canonical":"https:\/\/www.valcucine.com\/de\/planung\/kuchensicherheit\/schadstoffuberprufung\/","og_locale":"de_DE","og_type":"article","og_title":"Die Kontrolle der Giftstoffemission","og_description":"Um die Emission von toxischen Substanzen aus synthetischen L\u00f6sungsmitteln drastisch zu begrenzen, entdecken Sie die L\u00f6sung von Valcucine.","og_url":"https:\/\/www.valcucine.com\/de\/planung\/kuchensicherheit\/schadstoffuberprufung\/","og_site_name":"Valcucine","article_publisher":"https:\/\/www.facebook.com\/valcucine\/","article_modified_time":"2025-06-04T15:36:44+00:00","og_image":[{"width":1188,"height":826,"url":"https:\/\/www.valcucine.com\/wp-content\/uploads\/2024\/07\/36_guid_progetto112-e1721642919646.jpg?wsr","type":"image\/jpeg"}],"twitter_card":"summary_large_image","twitter_misc":{"Gesch\u00e4tzte Lesezeit":"3\u00a0Minuten"},"schema":{"@context":"https:\/\/schema.org","@graph":[{"@type":"WebPage","@id":"https:\/\/www.valcucine.com\/de\/planung\/kuchensicherheit\/schadstoffuberprufung\/","url":"https:\/\/www.valcucine.com\/de\/planung\/kuchensicherheit\/schadstoffuberprufung\/","name":"Die Kontrolle der Giftstoffemission","isPartOf":{"@id":"https:\/\/www.valcucine.com\/#website"},"primaryImageOfPage":{"@id":"https:\/\/www.valcucine.com\/de\/planung\/kuchensicherheit\/schadstoffuberprufung\/#primaryimage"},"image":{"@id":"https:\/\/www.valcucine.com\/de\/planung\/kuchensicherheit\/schadstoffuberprufung\/#primaryimage"},"thumbnailUrl":"https:\/\/www.valcucine.com\/wp-content\/uploads\/2024\/07\/36_guid_progetto112-e1721642919646.jpg?wsr","datePublished":"2024-07-22T10:09:18+00:00","dateModified":"2025-06-04T15:36:44+00:00","description":"Um die Emission von toxischen Substanzen aus synthetischen L\u00f6sungsmitteln drastisch zu begrenzen, entdecken Sie die L\u00f6sung von Valcucine.","breadcrumb":{"@id":"https:\/\/www.valcucine.com\/de\/planung\/kuchensicherheit\/schadstoffuberprufung\/#breadcrumb"},"inLanguage":"de","potentialAction":[{"@type":"ReadAction","target":["https:\/\/www.valcucine.com\/de\/planung\/kuchensicherheit\/schadstoffuberprufung\/"]}]},{"@type":"ImageObject","inLanguage":"de","@id":"https:\/\/www.valcucine.com\/de\/planung\/kuchensicherheit\/schadstoffuberprufung\/#primaryimage","url":"https:\/\/www.valcucine.com\/wp-content\/uploads\/2024\/07\/36_guid_progetto112-e1721642919646.jpg?wsr","contentUrl":"https:\/\/www.valcucine.com\/wp-content\/uploads\/2024\/07\/36_guid_progetto112-e1721642919646.jpg?wsr","width":1188,"height":826,"caption":"controllo delle emissioni tossiche"},{"@type":"BreadcrumbList","@id":"https:\/\/www.valcucine.com\/de\/planung\/kuchensicherheit\/schadstoffuberprufung\/#breadcrumb","itemListElement":[{"@type":"ListItem","position":1,"name":"Valcucine","item":"https:\/\/www.valcucine.com\/de\/"},{"@type":"ListItem","position":2,"name":"Kuechenplanung","item":"https:\/\/www.valcucine.com\/de\/planung\/"},{"@type":"ListItem","position":3,"name":"Die Sicherheit","item":"https:\/\/www.valcucine.com\/de\/planung\/kuchensicherheit\/"},{"@type":"ListItem","position":4,"name":"Die Kontrolle der Giftstoffemission"}]},{"@type":"WebSite","@id":"https:\/\/www.valcucine.com\/#website","url":"https:\/\/www.valcucine.com\/","name":"Valcucine","description":"","publisher":{"@id":"https:\/\/www.valcucine.com\/#organization"},"potentialAction":[{"@type":"SearchAction","target":{"@type":"EntryPoint","urlTemplate":"https:\/\/www.valcucine.com\/?s={search_term_string}"},"query-input":{"@type":"PropertyValueSpecification","valueRequired":true,"valueName":"search_term_string"}}],"inLanguage":"de"},{"@type":"Organization","@id":"https:\/\/www.valcucine.com\/#organization","name":"Valcucine","url":"https:\/\/www.valcucine.com\/","logo":{"@type":"ImageObject","inLanguage":"de","@id":"https:\/\/www.valcucine.com\/#\/schema\/logo\/image\/","url":"https:\/\/www.valcucine.com\/wp-content\/uploads\/2024\/02\/logo-valcucine.webp?wsr","contentUrl":"https:\/\/www.valcucine.com\/wp-content\/uploads\/2024\/02\/logo-valcucine.webp?wsr","width":288,"height":46,"caption":"Valcucine"},"image":{"@id":"https:\/\/www.valcucine.com\/#\/schema\/logo\/image\/"},"sameAs":["https:\/\/www.facebook.com\/valcucine\/","https:\/\/www.instagram.com\/valcucine\/","https:\/\/www.linkedin.com\/company\/valcucine"]}]}},"_links":{"self":[{"href":"https:\/\/www.valcucine.com\/de\/wp-json\/wp\/v2\/pages\/21759","targetHints":{"allow":["GET"]}}],"collection":[{"href":"https:\/\/www.valcucine.com\/de\/wp-json\/wp\/v2\/pages"}],"about":[{"href":"https:\/\/www.valcucine.com\/de\/wp-json\/wp\/v2\/types\/page"}],"author":[{"embeddable":true,"href":"https:\/\/www.valcucine.com\/de\/wp-json\/wp\/v2\/users\/2"}],"replies":[{"embeddable":true,"href":"https:\/\/www.valcucine.com\/de\/wp-json\/wp\/v2\/comments?post=21759"}],"version-history":[{"count":2,"href":"https:\/\/www.valcucine.com\/de\/wp-json\/wp\/v2\/pages\/21759\/revisions"}],"predecessor-version":[{"id":21761,"href":"https:\/\/www.valcucine.com\/de\/wp-json\/wp\/v2\/pages\/21759\/revisions\/21761"}],"up":[{"embeddable":true,"href":"https:\/\/www.valcucine.com\/de\/wp-json\/wp\/v2\/pages\/21753"}],"wp:featuredmedia":[{"embeddable":true,"href":"https:\/\/www.valcucine.com\/de\/wp-json\/wp\/v2\/media\/17166"}],"wp:attachment":[{"href":"https:\/\/www.valcucine.com\/de\/wp-json\/wp\/v2\/media?parent=21759"}],"curies":[{"name":"wp","href":"https:\/\/api.w.org\/{rel}","templated":true}]}}