{"id":21762,"date":"2024-07-22T10:17:06","date_gmt":"2024-07-22T10:17:06","guid":{"rendered":"https:\/\/devel.valcucine.com\/planung\/kuchensicherheit\/muffa-cucina\/"},"modified":"2025-06-04T15:35:01","modified_gmt":"2025-06-04T15:35:01","slug":"kuchenschimmel","status":"publish","type":"page","link":"https:\/\/www.valcucine.com\/de\/planung\/kuchensicherheit\/kuchenschimmel\/","title":{"rendered":"Schimmelbildung in den K\u00fcche"},"content":{"rendered":"<div class=\"wpb-content-wrapper\"><p>[vc_row][vc_column][vc_empty_space]\n        \n        <h1 class=\"text-start  main__title__h1  \" style=\"color:#333333;\"> \n\n         Schimmelbildung in den K\u00fcche\n        \n        <\/h1>[vc_empty_space][\/vc_column][\/vc_row][vc_row][vc_column][vc_column_text]<\/p>\n<p style=\"text-align: justify;\"><strong>Wie kann die Schimmelbildung in den Ecken vermieden werden?<\/strong><\/p>\n<p style=\"text-align: justify;\">A &#8211; Die K\u00fcche stellt den Wohnbereich dar, in dem die Luftfeuchtigkeit oft hoch ist und insbesondere im Deckenbereich k\u00f6nnen Probleme mit Kondenswasser und der damit einhergehenden Schimmelbildung auftreten, wenn nicht schon in der Konstruktionsphase darauf geachtet wurde, W\u00e4rmebr\u00fccken zu vermeiden.<br \/>\nB &#8211; Im Handel sind diverse isolierende Spezialanstriche erh\u00e4ltlich, die das Absinken der Temperatur infolge einer W\u00e4rmebr\u00fccke verhindern und damit die Schimmelbildung vermeiden.<br \/>\nC &#8211;\u00a0 Die beste L\u00f6sung ist allerdings, bereits in der Bauphase eine gute Au\u00dfenisolationsschicht im Deckenbereich vorzusehen und so von vorneherein die Bildung einer W\u00e4rmebr\u00fccke mit all ihren negativen Folgeerscheinungen zu verhindern.<\/p>\n<p>[\/vc_column_text][\/vc_column][\/vc_row][vc_row][vc_column][vc_single_image image=&#8220;17168&#8243; img_size=&#8220;900&#215;700&#8243;][\/vc_column][\/vc_row]<\/p>\n<\/div>","protected":false},"excerpt":{"rendered":"<p>[vc_row][vc_column][vc_empty_space][vc_empty_space][\/vc_column][\/vc_row][vc_row][vc_column][vc_column_text] Wie kann die Schimmelbildung in den Ecken vermieden werden? A &#8211; Die K\u00fcche stellt den Wohnbereich dar, in dem die Luftfeuchtigkeit oft hoch ist und insbesondere im Deckenbereich k\u00f6nnen Probleme mit Kondenswasser und der damit einhergehenden Schimmelbildung auftreten, wenn nicht schon in der Konstruktionsphase darauf geachtet wurde, W\u00e4rmebr\u00fccken zu vermeiden. B &#8211; Im Handel [&hellip;]<\/p>\n","protected":false},"author":2,"featured_media":17373,"parent":21753,"menu_order":0,"comment_status":"closed","ping_status":"closed","template":"page-planning02.php","meta":{"footnotes":""},"class_list":["post-21762","page","type-page","status-publish","has-post-thumbnail","hentry"],"yoast_head":"<!-- This site is optimized with the Yoast SEO plugin v26.2 - https:\/\/yoast.com\/wordpress\/plugins\/seo\/ -->\n<title>Schimmelbildung in den K\u00fcche<\/title>\n<meta name=\"description\" content=\"Eine korrekte Planung der K\u00fcche hilft, die Schimmelbildung an den W\u00e4nden und Ecken zu bek\u00e4mpfen. Entdecken Sie die Tipps von Valcucine.\" \/>\n<meta name=\"robots\" content=\"index, follow, max-snippet:-1, max-image-preview:large, max-video-preview:-1\" \/>\n<link rel=\"canonical\" href=\"https:\/\/www.valcucine.com\/de\/planung\/kuchensicherheit\/kuchenschimmel\/\" \/>\n<meta property=\"og:locale\" content=\"de_DE\" \/>\n<meta property=\"og:type\" content=\"article\" \/>\n<meta property=\"og:title\" content=\"Schimmelbildung in den K\u00fcche\" \/>\n<meta property=\"og:description\" content=\"Eine korrekte Planung der K\u00fcche hilft, die Schimmelbildung an den W\u00e4nden und Ecken zu bek\u00e4mpfen. Entdecken Sie die Tipps von Valcucine.\" \/>\n<meta property=\"og:url\" content=\"https:\/\/www.valcucine.com\/de\/planung\/kuchensicherheit\/kuchenschimmel\/\" \/>\n<meta property=\"og:site_name\" content=\"Valcucine\" \/>\n<meta property=\"article:publisher\" content=\"https:\/\/www.facebook.com\/valcucine\/\" \/>\n<meta property=\"article:modified_time\" content=\"2025-06-04T15:35:01+00:00\" \/>\n<meta property=\"og:image\" content=\"https:\/\/www.valcucine.com\/wp-content\/uploads\/2024\/07\/106_guid-progetto104-e1721643369280.jpg?wsr\" \/>\n\t<meta property=\"og:image:width\" content=\"1188\" \/>\n\t<meta property=\"og:image:height\" content=\"826\" \/>\n\t<meta property=\"og:image:type\" content=\"image\/jpeg\" \/>\n<meta name=\"twitter:card\" content=\"summary_large_image\" \/>\n<meta name=\"twitter:label1\" content=\"Gesch\u00e4tzte Lesezeit\" \/>\n\t<meta name=\"twitter:data1\" content=\"1\u00a0Minute\" \/>\n<script type=\"application\/ld+json\" class=\"yoast-schema-graph\">{\"@context\":\"https:\/\/schema.org\",\"@graph\":[{\"@type\":\"WebPage\",\"@id\":\"https:\/\/www.valcucine.com\/de\/planung\/kuchensicherheit\/kuchenschimmel\/\",\"url\":\"https:\/\/www.valcucine.com\/de\/planung\/kuchensicherheit\/kuchenschimmel\/\",\"name\":\"Schimmelbildung in den K\u00fcche\",\"isPartOf\":{\"@id\":\"https:\/\/www.valcucine.com\/#website\"},\"primaryImageOfPage\":{\"@id\":\"https:\/\/www.valcucine.com\/de\/planung\/kuchensicherheit\/kuchenschimmel\/#primaryimage\"},\"image\":{\"@id\":\"https:\/\/www.valcucine.com\/de\/planung\/kuchensicherheit\/kuchenschimmel\/#primaryimage\"},\"thumbnailUrl\":\"https:\/\/www.valcucine.com\/wp-content\/uploads\/2024\/07\/106_guid-progetto104-e1721643369280.jpg?wsr\",\"datePublished\":\"2024-07-22T10:17:06+00:00\",\"dateModified\":\"2025-06-04T15:35:01+00:00\",\"description\":\"Eine korrekte Planung der K\u00fcche hilft, die Schimmelbildung an den W\u00e4nden und Ecken zu bek\u00e4mpfen. Entdecken Sie die Tipps von Valcucine.\",\"breadcrumb\":{\"@id\":\"https:\/\/www.valcucine.com\/de\/planung\/kuchensicherheit\/kuchenschimmel\/#breadcrumb\"},\"inLanguage\":\"de\",\"potentialAction\":[{\"@type\":\"ReadAction\",\"target\":[\"https:\/\/www.valcucine.com\/de\/planung\/kuchensicherheit\/kuchenschimmel\/\"]}]},{\"@type\":\"ImageObject\",\"inLanguage\":\"de\",\"@id\":\"https:\/\/www.valcucine.com\/de\/planung\/kuchensicherheit\/kuchenschimmel\/#primaryimage\",\"url\":\"https:\/\/www.valcucine.com\/wp-content\/uploads\/2024\/07\/106_guid-progetto104-e1721643369280.jpg?wsr\",\"contentUrl\":\"https:\/\/www.valcucine.com\/wp-content\/uploads\/2024\/07\/106_guid-progetto104-e1721643369280.jpg?wsr\",\"width\":1188,\"height\":826,\"caption\":\"progettare l'ergonomia nelle cucine e i ponti termici\"},{\"@type\":\"BreadcrumbList\",\"@id\":\"https:\/\/www.valcucine.com\/de\/planung\/kuchensicherheit\/kuchenschimmel\/#breadcrumb\",\"itemListElement\":[{\"@type\":\"ListItem\",\"position\":1,\"name\":\"Valcucine\",\"item\":\"https:\/\/www.valcucine.com\/de\/\"},{\"@type\":\"ListItem\",\"position\":2,\"name\":\"Kuechenplanung\",\"item\":\"https:\/\/www.valcucine.com\/de\/planung\/\"},{\"@type\":\"ListItem\",\"position\":3,\"name\":\"Die Sicherheit\",\"item\":\"https:\/\/www.valcucine.com\/de\/planung\/kuchensicherheit\/\"},{\"@type\":\"ListItem\",\"position\":4,\"name\":\"Schimmelbildung in den K\u00fcche\"}]},{\"@type\":\"WebSite\",\"@id\":\"https:\/\/www.valcucine.com\/#website\",\"url\":\"https:\/\/www.valcucine.com\/\",\"name\":\"Valcucine\",\"description\":\"\",\"publisher\":{\"@id\":\"https:\/\/www.valcucine.com\/#organization\"},\"potentialAction\":[{\"@type\":\"SearchAction\",\"target\":{\"@type\":\"EntryPoint\",\"urlTemplate\":\"https:\/\/www.valcucine.com\/?s={search_term_string}\"},\"query-input\":{\"@type\":\"PropertyValueSpecification\",\"valueRequired\":true,\"valueName\":\"search_term_string\"}}],\"inLanguage\":\"de\"},{\"@type\":\"Organization\",\"@id\":\"https:\/\/www.valcucine.com\/#organization\",\"name\":\"Valcucine\",\"url\":\"https:\/\/www.valcucine.com\/\",\"logo\":{\"@type\":\"ImageObject\",\"inLanguage\":\"de\",\"@id\":\"https:\/\/www.valcucine.com\/#\/schema\/logo\/image\/\",\"url\":\"https:\/\/www.valcucine.com\/wp-content\/uploads\/2024\/02\/logo-valcucine.webp?wsr\",\"contentUrl\":\"https:\/\/www.valcucine.com\/wp-content\/uploads\/2024\/02\/logo-valcucine.webp?wsr\",\"width\":288,\"height\":46,\"caption\":\"Valcucine\"},\"image\":{\"@id\":\"https:\/\/www.valcucine.com\/#\/schema\/logo\/image\/\"},\"sameAs\":[\"https:\/\/www.facebook.com\/valcucine\/\",\"https:\/\/www.instagram.com\/valcucine\/\",\"https:\/\/www.linkedin.com\/company\/valcucine\"]}]}<\/script>\n<!-- \/ Yoast SEO plugin. -->","yoast_head_json":{"title":"Schimmelbildung in den K\u00fcche","description":"Eine korrekte Planung der K\u00fcche hilft, die Schimmelbildung an den W\u00e4nden und Ecken zu bek\u00e4mpfen. Entdecken Sie die Tipps von Valcucine.","robots":{"index":"index","follow":"follow","max-snippet":"max-snippet:-1","max-image-preview":"max-image-preview:large","max-video-preview":"max-video-preview:-1"},"canonical":"https:\/\/www.valcucine.com\/de\/planung\/kuchensicherheit\/kuchenschimmel\/","og_locale":"de_DE","og_type":"article","og_title":"Schimmelbildung in den K\u00fcche","og_description":"Eine korrekte Planung der K\u00fcche hilft, die Schimmelbildung an den W\u00e4nden und Ecken zu bek\u00e4mpfen. Entdecken Sie die Tipps von Valcucine.","og_url":"https:\/\/www.valcucine.com\/de\/planung\/kuchensicherheit\/kuchenschimmel\/","og_site_name":"Valcucine","article_publisher":"https:\/\/www.facebook.com\/valcucine\/","article_modified_time":"2025-06-04T15:35:01+00:00","og_image":[{"width":1188,"height":826,"url":"https:\/\/www.valcucine.com\/wp-content\/uploads\/2024\/07\/106_guid-progetto104-e1721643369280.jpg?wsr","type":"image\/jpeg"}],"twitter_card":"summary_large_image","twitter_misc":{"Gesch\u00e4tzte Lesezeit":"1\u00a0Minute"},"schema":{"@context":"https:\/\/schema.org","@graph":[{"@type":"WebPage","@id":"https:\/\/www.valcucine.com\/de\/planung\/kuchensicherheit\/kuchenschimmel\/","url":"https:\/\/www.valcucine.com\/de\/planung\/kuchensicherheit\/kuchenschimmel\/","name":"Schimmelbildung in den K\u00fcche","isPartOf":{"@id":"https:\/\/www.valcucine.com\/#website"},"primaryImageOfPage":{"@id":"https:\/\/www.valcucine.com\/de\/planung\/kuchensicherheit\/kuchenschimmel\/#primaryimage"},"image":{"@id":"https:\/\/www.valcucine.com\/de\/planung\/kuchensicherheit\/kuchenschimmel\/#primaryimage"},"thumbnailUrl":"https:\/\/www.valcucine.com\/wp-content\/uploads\/2024\/07\/106_guid-progetto104-e1721643369280.jpg?wsr","datePublished":"2024-07-22T10:17:06+00:00","dateModified":"2025-06-04T15:35:01+00:00","description":"Eine korrekte Planung der K\u00fcche hilft, die Schimmelbildung an den W\u00e4nden und Ecken zu bek\u00e4mpfen. Entdecken Sie die Tipps von Valcucine.","breadcrumb":{"@id":"https:\/\/www.valcucine.com\/de\/planung\/kuchensicherheit\/kuchenschimmel\/#breadcrumb"},"inLanguage":"de","potentialAction":[{"@type":"ReadAction","target":["https:\/\/www.valcucine.com\/de\/planung\/kuchensicherheit\/kuchenschimmel\/"]}]},{"@type":"ImageObject","inLanguage":"de","@id":"https:\/\/www.valcucine.com\/de\/planung\/kuchensicherheit\/kuchenschimmel\/#primaryimage","url":"https:\/\/www.valcucine.com\/wp-content\/uploads\/2024\/07\/106_guid-progetto104-e1721643369280.jpg?wsr","contentUrl":"https:\/\/www.valcucine.com\/wp-content\/uploads\/2024\/07\/106_guid-progetto104-e1721643369280.jpg?wsr","width":1188,"height":826,"caption":"progettare l'ergonomia nelle cucine e i ponti termici"},{"@type":"BreadcrumbList","@id":"https:\/\/www.valcucine.com\/de\/planung\/kuchensicherheit\/kuchenschimmel\/#breadcrumb","itemListElement":[{"@type":"ListItem","position":1,"name":"Valcucine","item":"https:\/\/www.valcucine.com\/de\/"},{"@type":"ListItem","position":2,"name":"Kuechenplanung","item":"https:\/\/www.valcucine.com\/de\/planung\/"},{"@type":"ListItem","position":3,"name":"Die Sicherheit","item":"https:\/\/www.valcucine.com\/de\/planung\/kuchensicherheit\/"},{"@type":"ListItem","position":4,"name":"Schimmelbildung in den K\u00fcche"}]},{"@type":"WebSite","@id":"https:\/\/www.valcucine.com\/#website","url":"https:\/\/www.valcucine.com\/","name":"Valcucine","description":"","publisher":{"@id":"https:\/\/www.valcucine.com\/#organization"},"potentialAction":[{"@type":"SearchAction","target":{"@type":"EntryPoint","urlTemplate":"https:\/\/www.valcucine.com\/?s={search_term_string}"},"query-input":{"@type":"PropertyValueSpecification","valueRequired":true,"valueName":"search_term_string"}}],"inLanguage":"de"},{"@type":"Organization","@id":"https:\/\/www.valcucine.com\/#organization","name":"Valcucine","url":"https:\/\/www.valcucine.com\/","logo":{"@type":"ImageObject","inLanguage":"de","@id":"https:\/\/www.valcucine.com\/#\/schema\/logo\/image\/","url":"https:\/\/www.valcucine.com\/wp-content\/uploads\/2024\/02\/logo-valcucine.webp?wsr","contentUrl":"https:\/\/www.valcucine.com\/wp-content\/uploads\/2024\/02\/logo-valcucine.webp?wsr","width":288,"height":46,"caption":"Valcucine"},"image":{"@id":"https:\/\/www.valcucine.com\/#\/schema\/logo\/image\/"},"sameAs":["https:\/\/www.facebook.com\/valcucine\/","https:\/\/www.instagram.com\/valcucine\/","https:\/\/www.linkedin.com\/company\/valcucine"]}]}},"_links":{"self":[{"href":"https:\/\/www.valcucine.com\/de\/wp-json\/wp\/v2\/pages\/21762","targetHints":{"allow":["GET"]}}],"collection":[{"href":"https:\/\/www.valcucine.com\/de\/wp-json\/wp\/v2\/pages"}],"about":[{"href":"https:\/\/www.valcucine.com\/de\/wp-json\/wp\/v2\/types\/page"}],"author":[{"embeddable":true,"href":"https:\/\/www.valcucine.com\/de\/wp-json\/wp\/v2\/users\/2"}],"replies":[{"embeddable":true,"href":"https:\/\/www.valcucine.com\/de\/wp-json\/wp\/v2\/comments?post=21762"}],"version-history":[{"count":2,"href":"https:\/\/www.valcucine.com\/de\/wp-json\/wp\/v2\/pages\/21762\/revisions"}],"predecessor-version":[{"id":21763,"href":"https:\/\/www.valcucine.com\/de\/wp-json\/wp\/v2\/pages\/21762\/revisions\/21763"}],"up":[{"embeddable":true,"href":"https:\/\/www.valcucine.com\/de\/wp-json\/wp\/v2\/pages\/21753"}],"wp:featuredmedia":[{"embeddable":true,"href":"https:\/\/www.valcucine.com\/de\/wp-json\/wp\/v2\/media\/17373"}],"wp:attachment":[{"href":"https:\/\/www.valcucine.com\/de\/wp-json\/wp\/v2\/media?parent=21762"}],"curies":[{"name":"wp","href":"https:\/\/api.w.org\/{rel}","templated":true}]}}