{"id":21780,"date":"2024-07-22T08:31:18","date_gmt":"2024-07-22T08:31:18","guid":{"rendered":"https:\/\/devel.valcucine.com\/planung\/platzbedarf-abmessungen\/lunghezza-parete-cucina\/"},"modified":"2025-06-04T15:17:08","modified_gmt":"2025-06-04T15:17:08","slug":"kuchenwandlange","status":"publish","type":"page","link":"https:\/\/www.valcucine.com\/de\/planung\/platzbedarf-abmessungen\/kuchenwandlange\/","title":{"rendered":"L\u00e4nge der Wand"},"content":{"rendered":"<div class=\"wpb-content-wrapper\"><p>[vc_row][vc_column][vc_empty_space]\n        \n        <h1 class=\"text-start  main__title__h1  \" style=\"color:#333333;\"> \n\n         L\u00e4nge der Wand\n        \n        <\/h1>[vc_empty_space][vc_column_text]<strong>Wie berechnet man die L\u00e4nge der Wand, an der die K\u00fcche montiert werden soll?<\/strong><\/p>\n<p>Um die L\u00e4nge zu berechnen, die die Wand haben muss, damit die gew\u00fcnschten K\u00fcchenelemente ohne unn\u00f6tige Ausgaben f\u00fcr Ma\u00dfanfertigungen Platz finden, sollte man sich zuallererst vergegenw\u00e4rtigen, dass die Ma\u00dfe der K\u00fcchenmodule immer ein Vielfaches von 15 betragen.<br \/>\nUm den verf\u00fcgbaren Platz auszunutzen sowie Ma\u00dfanfertigungen zu vermeiden, sollte auch das K\u00fcchenumfeld als ein Vielfaches von 15 geplant werden.<br \/>\nAu\u00dferdem sollte immer 1cm Toleranz pro Seite eingeplant werden sowie 1cm mehr, wenn die rohe Wand gefliest werden soll.<br \/>\nUm den K\u00fchlschrank problemlos am Ende der K\u00fcchenzeile zu positionieren, sollte ein zus\u00e4tzlicher Platzbedarf von 5cm vorgesehen werden, der ein vollst\u00e4ndiges \u00d6ffnen einer K\u00fchlschrankt\u00fcr mit waagerechtem Griff erlaubt. Au\u00dferdem sollten zus\u00e4tzlich 10*cm bei Einbau eines K\u00fchlschranks mit gew\u00f6lbter T\u00fcr ber\u00fccksichtigt werden sowie 20*cm bei einem K\u00fchlschrank amerikanischen Typs. Die Tiefe eines freistehenden K\u00fchlschranks h\u00e4ngt von seinem Fassungsverm\u00f6gen ab. Bei amerikanischen K\u00fchlschr\u00e4nken mit automatischem Wasser- und Eisspender sollte Platz f\u00fcr einen eventuellen Wasserhahn neben dem K\u00fchlschrank eingeplant werden.<\/p>\n<p>*Es handelt sich hier um Richtwerte, die in Abh\u00e4ngigkeit vom konkreten Ger\u00e4t pr\u00e4zisiert werden m\u00fcssen.[\/vc_column_text][\/vc_column][\/vc_row][vc_row][vc_column][vc_column_text]<\/p>\n<p style=\"text-align: justify;\">In der N\u00e4he der K\u00fcchenecke sollte zur Tiefe der Unterschr\u00e4nke, das Ma\u00df des Eckpaneels (X) hinzugerechnet werden, welches n\u00fctzlich f\u00fcr das ungehinderte \u00d6ffnen der Fronten ist. Im Allgemeinen empfiehlt es sich, eine Front mit Knopf und eine Front mit einem waagerechten Griff zu kombinieren. Sollen beide Fronten waagerechte Griffe haben, sollte ihre wechselseitige Beeinflussung ber\u00fccksichtigt werden und ein Eckpfosten (X) mit einem entsprechenden Ma\u00df geplant werden. Dieses betr\u00e4gt bei den meisten K\u00fcchen 5cm.<\/p>\n<p>[\/vc_column_text][\/vc_column][\/vc_row][vc_row][vc_column][vc_single_image image=&#8220;17476&#8243; img_size=&#8220;800&#215;600&#8243;][\/vc_column][\/vc_row]<\/p>\n<\/div>","protected":false},"excerpt":{"rendered":"<p>[vc_row][vc_column][vc_empty_space][vc_empty_space][vc_column_text]Wie berechnet man die L\u00e4nge der Wand, an der die K\u00fcche montiert werden soll? Um die L\u00e4nge zu berechnen, die die Wand haben muss, damit die gew\u00fcnschten K\u00fcchenelemente ohne unn\u00f6tige Ausgaben f\u00fcr Ma\u00dfanfertigungen Platz finden, sollte man sich zuallererst vergegenw\u00e4rtigen, dass die Ma\u00dfe der K\u00fcchenmodule immer ein Vielfaches von 15 betragen. Um den verf\u00fcgbaren Platz [&hellip;]<\/p>\n","protected":false},"author":2,"featured_media":17252,"parent":21767,"menu_order":0,"comment_status":"closed","ping_status":"closed","template":"page-planning02.php","meta":{"footnotes":""},"class_list":["post-21780","page","type-page","status-publish","has-post-thumbnail","hentry"],"yoast_head":"<!-- This site is optimized with the Yoast SEO plugin v26.2 - https:\/\/yoast.com\/wordpress\/plugins\/seo\/ -->\n<title>L\u00e4nge der Wand<\/title>\n<meta name=\"description\" content=\"Um zu berechnen, wie lang eine Wand sein muss, um die Elemente einer K\u00fcche aufzunehmen, m\u00fcssen wir uns vor allem daran erinnern, dass eine K\u00fcche aus mehreren Modulen von 15cm besteht.\" \/>\n<meta name=\"robots\" content=\"index, follow, max-snippet:-1, max-image-preview:large, max-video-preview:-1\" \/>\n<link rel=\"canonical\" href=\"https:\/\/www.valcucine.com\/de\/planung\/platzbedarf-abmessungen\/kuchenwandlange\/\" \/>\n<meta property=\"og:locale\" content=\"de_DE\" \/>\n<meta property=\"og:type\" content=\"article\" \/>\n<meta property=\"og:title\" content=\"L\u00e4nge der Wand\" \/>\n<meta property=\"og:description\" content=\"Um zu berechnen, wie lang eine Wand sein muss, um die Elemente einer K\u00fcche aufzunehmen, m\u00fcssen wir uns vor allem daran erinnern, dass eine K\u00fcche aus mehreren Modulen von 15cm besteht.\" \/>\n<meta property=\"og:url\" content=\"https:\/\/www.valcucine.com\/de\/planung\/platzbedarf-abmessungen\/kuchenwandlange\/\" \/>\n<meta property=\"og:site_name\" content=\"Valcucine\" \/>\n<meta property=\"article:publisher\" content=\"https:\/\/www.facebook.com\/valcucine\/\" \/>\n<meta property=\"article:modified_time\" content=\"2025-06-04T15:17:08+00:00\" \/>\n<meta property=\"og:image\" content=\"https:\/\/www.valcucine.com\/wp-content\/uploads\/2024\/07\/111_guid_progetto90-1-e1721729156235.jpg?wsr\" \/>\n\t<meta property=\"og:image:width\" content=\"1188\" \/>\n\t<meta property=\"og:image:height\" content=\"826\" \/>\n\t<meta property=\"og:image:type\" content=\"image\/jpeg\" \/>\n<meta name=\"twitter:card\" content=\"summary_large_image\" \/>\n<meta name=\"twitter:label1\" content=\"Gesch\u00e4tzte Lesezeit\" \/>\n\t<meta name=\"twitter:data1\" content=\"2\u00a0Minuten\" \/>\n<script type=\"application\/ld+json\" class=\"yoast-schema-graph\">{\"@context\":\"https:\/\/schema.org\",\"@graph\":[{\"@type\":\"WebPage\",\"@id\":\"https:\/\/www.valcucine.com\/de\/planung\/platzbedarf-abmessungen\/kuchenwandlange\/\",\"url\":\"https:\/\/www.valcucine.com\/de\/planung\/platzbedarf-abmessungen\/kuchenwandlange\/\",\"name\":\"L\u00e4nge der Wand\",\"isPartOf\":{\"@id\":\"https:\/\/www.valcucine.com\/#website\"},\"primaryImageOfPage\":{\"@id\":\"https:\/\/www.valcucine.com\/de\/planung\/platzbedarf-abmessungen\/kuchenwandlange\/#primaryimage\"},\"image\":{\"@id\":\"https:\/\/www.valcucine.com\/de\/planung\/platzbedarf-abmessungen\/kuchenwandlange\/#primaryimage\"},\"thumbnailUrl\":\"https:\/\/www.valcucine.com\/wp-content\/uploads\/2024\/07\/111_guid_progetto90-1-e1721729156235.jpg?wsr\",\"datePublished\":\"2024-07-22T08:31:18+00:00\",\"dateModified\":\"2025-06-04T15:17:08+00:00\",\"description\":\"Um zu berechnen, wie lang eine Wand sein muss, um die Elemente einer K\u00fcche aufzunehmen, m\u00fcssen wir uns vor allem daran erinnern, dass eine K\u00fcche aus mehreren Modulen von 15cm besteht.\",\"breadcrumb\":{\"@id\":\"https:\/\/www.valcucine.com\/de\/planung\/platzbedarf-abmessungen\/kuchenwandlange\/#breadcrumb\"},\"inLanguage\":\"de\",\"potentialAction\":[{\"@type\":\"ReadAction\",\"target\":[\"https:\/\/www.valcucine.com\/de\/planung\/platzbedarf-abmessungen\/kuchenwandlange\/\"]}]},{\"@type\":\"ImageObject\",\"inLanguage\":\"de\",\"@id\":\"https:\/\/www.valcucine.com\/de\/planung\/platzbedarf-abmessungen\/kuchenwandlange\/#primaryimage\",\"url\":\"https:\/\/www.valcucine.com\/wp-content\/uploads\/2024\/07\/111_guid_progetto90-1-e1721729156235.jpg?wsr\",\"contentUrl\":\"https:\/\/www.valcucine.com\/wp-content\/uploads\/2024\/07\/111_guid_progetto90-1-e1721729156235.jpg?wsr\",\"width\":1188,\"height\":826,\"caption\":\"Lunghezza parete cucina\"},{\"@type\":\"BreadcrumbList\",\"@id\":\"https:\/\/www.valcucine.com\/de\/planung\/platzbedarf-abmessungen\/kuchenwandlange\/#breadcrumb\",\"itemListElement\":[{\"@type\":\"ListItem\",\"position\":1,\"name\":\"Valcucine\",\"item\":\"https:\/\/www.valcucine.com\/de\/\"},{\"@type\":\"ListItem\",\"position\":2,\"name\":\"Kuechenplanung\",\"item\":\"https:\/\/www.valcucine.com\/de\/planung\/\"},{\"@type\":\"ListItem\",\"position\":3,\"name\":\"Platzbedarf und Abma\u00dfe\",\"item\":\"https:\/\/www.valcucine.com\/de\/planung\/platzbedarf-abmessungen\/\"},{\"@type\":\"ListItem\",\"position\":4,\"name\":\"L\u00e4nge der Wand\"}]},{\"@type\":\"WebSite\",\"@id\":\"https:\/\/www.valcucine.com\/#website\",\"url\":\"https:\/\/www.valcucine.com\/\",\"name\":\"Valcucine\",\"description\":\"\",\"publisher\":{\"@id\":\"https:\/\/www.valcucine.com\/#organization\"},\"potentialAction\":[{\"@type\":\"SearchAction\",\"target\":{\"@type\":\"EntryPoint\",\"urlTemplate\":\"https:\/\/www.valcucine.com\/?s={search_term_string}\"},\"query-input\":{\"@type\":\"PropertyValueSpecification\",\"valueRequired\":true,\"valueName\":\"search_term_string\"}}],\"inLanguage\":\"de\"},{\"@type\":\"Organization\",\"@id\":\"https:\/\/www.valcucine.com\/#organization\",\"name\":\"Valcucine\",\"url\":\"https:\/\/www.valcucine.com\/\",\"logo\":{\"@type\":\"ImageObject\",\"inLanguage\":\"de\",\"@id\":\"https:\/\/www.valcucine.com\/#\/schema\/logo\/image\/\",\"url\":\"https:\/\/www.valcucine.com\/wp-content\/uploads\/2024\/02\/logo-valcucine.webp?wsr\",\"contentUrl\":\"https:\/\/www.valcucine.com\/wp-content\/uploads\/2024\/02\/logo-valcucine.webp?wsr\",\"width\":288,\"height\":46,\"caption\":\"Valcucine\"},\"image\":{\"@id\":\"https:\/\/www.valcucine.com\/#\/schema\/logo\/image\/\"},\"sameAs\":[\"https:\/\/www.facebook.com\/valcucine\/\",\"https:\/\/www.instagram.com\/valcucine\/\",\"https:\/\/www.linkedin.com\/company\/valcucine\"]}]}<\/script>\n<!-- \/ Yoast SEO plugin. -->","yoast_head_json":{"title":"L\u00e4nge der Wand","description":"Um zu berechnen, wie lang eine Wand sein muss, um die Elemente einer K\u00fcche aufzunehmen, m\u00fcssen wir uns vor allem daran erinnern, dass eine K\u00fcche aus mehreren Modulen von 15cm besteht.","robots":{"index":"index","follow":"follow","max-snippet":"max-snippet:-1","max-image-preview":"max-image-preview:large","max-video-preview":"max-video-preview:-1"},"canonical":"https:\/\/www.valcucine.com\/de\/planung\/platzbedarf-abmessungen\/kuchenwandlange\/","og_locale":"de_DE","og_type":"article","og_title":"L\u00e4nge der Wand","og_description":"Um zu berechnen, wie lang eine Wand sein muss, um die Elemente einer K\u00fcche aufzunehmen, m\u00fcssen wir uns vor allem daran erinnern, dass eine K\u00fcche aus mehreren Modulen von 15cm besteht.","og_url":"https:\/\/www.valcucine.com\/de\/planung\/platzbedarf-abmessungen\/kuchenwandlange\/","og_site_name":"Valcucine","article_publisher":"https:\/\/www.facebook.com\/valcucine\/","article_modified_time":"2025-06-04T15:17:08+00:00","og_image":[{"width":1188,"height":826,"url":"https:\/\/www.valcucine.com\/wp-content\/uploads\/2024\/07\/111_guid_progetto90-1-e1721729156235.jpg?wsr","type":"image\/jpeg"}],"twitter_card":"summary_large_image","twitter_misc":{"Gesch\u00e4tzte Lesezeit":"2\u00a0Minuten"},"schema":{"@context":"https:\/\/schema.org","@graph":[{"@type":"WebPage","@id":"https:\/\/www.valcucine.com\/de\/planung\/platzbedarf-abmessungen\/kuchenwandlange\/","url":"https:\/\/www.valcucine.com\/de\/planung\/platzbedarf-abmessungen\/kuchenwandlange\/","name":"L\u00e4nge der Wand","isPartOf":{"@id":"https:\/\/www.valcucine.com\/#website"},"primaryImageOfPage":{"@id":"https:\/\/www.valcucine.com\/de\/planung\/platzbedarf-abmessungen\/kuchenwandlange\/#primaryimage"},"image":{"@id":"https:\/\/www.valcucine.com\/de\/planung\/platzbedarf-abmessungen\/kuchenwandlange\/#primaryimage"},"thumbnailUrl":"https:\/\/www.valcucine.com\/wp-content\/uploads\/2024\/07\/111_guid_progetto90-1-e1721729156235.jpg?wsr","datePublished":"2024-07-22T08:31:18+00:00","dateModified":"2025-06-04T15:17:08+00:00","description":"Um zu berechnen, wie lang eine Wand sein muss, um die Elemente einer K\u00fcche aufzunehmen, m\u00fcssen wir uns vor allem daran erinnern, dass eine K\u00fcche aus mehreren Modulen von 15cm besteht.","breadcrumb":{"@id":"https:\/\/www.valcucine.com\/de\/planung\/platzbedarf-abmessungen\/kuchenwandlange\/#breadcrumb"},"inLanguage":"de","potentialAction":[{"@type":"ReadAction","target":["https:\/\/www.valcucine.com\/de\/planung\/platzbedarf-abmessungen\/kuchenwandlange\/"]}]},{"@type":"ImageObject","inLanguage":"de","@id":"https:\/\/www.valcucine.com\/de\/planung\/platzbedarf-abmessungen\/kuchenwandlange\/#primaryimage","url":"https:\/\/www.valcucine.com\/wp-content\/uploads\/2024\/07\/111_guid_progetto90-1-e1721729156235.jpg?wsr","contentUrl":"https:\/\/www.valcucine.com\/wp-content\/uploads\/2024\/07\/111_guid_progetto90-1-e1721729156235.jpg?wsr","width":1188,"height":826,"caption":"Lunghezza parete cucina"},{"@type":"BreadcrumbList","@id":"https:\/\/www.valcucine.com\/de\/planung\/platzbedarf-abmessungen\/kuchenwandlange\/#breadcrumb","itemListElement":[{"@type":"ListItem","position":1,"name":"Valcucine","item":"https:\/\/www.valcucine.com\/de\/"},{"@type":"ListItem","position":2,"name":"Kuechenplanung","item":"https:\/\/www.valcucine.com\/de\/planung\/"},{"@type":"ListItem","position":3,"name":"Platzbedarf und Abma\u00dfe","item":"https:\/\/www.valcucine.com\/de\/planung\/platzbedarf-abmessungen\/"},{"@type":"ListItem","position":4,"name":"L\u00e4nge der Wand"}]},{"@type":"WebSite","@id":"https:\/\/www.valcucine.com\/#website","url":"https:\/\/www.valcucine.com\/","name":"Valcucine","description":"","publisher":{"@id":"https:\/\/www.valcucine.com\/#organization"},"potentialAction":[{"@type":"SearchAction","target":{"@type":"EntryPoint","urlTemplate":"https:\/\/www.valcucine.com\/?s={search_term_string}"},"query-input":{"@type":"PropertyValueSpecification","valueRequired":true,"valueName":"search_term_string"}}],"inLanguage":"de"},{"@type":"Organization","@id":"https:\/\/www.valcucine.com\/#organization","name":"Valcucine","url":"https:\/\/www.valcucine.com\/","logo":{"@type":"ImageObject","inLanguage":"de","@id":"https:\/\/www.valcucine.com\/#\/schema\/logo\/image\/","url":"https:\/\/www.valcucine.com\/wp-content\/uploads\/2024\/02\/logo-valcucine.webp?wsr","contentUrl":"https:\/\/www.valcucine.com\/wp-content\/uploads\/2024\/02\/logo-valcucine.webp?wsr","width":288,"height":46,"caption":"Valcucine"},"image":{"@id":"https:\/\/www.valcucine.com\/#\/schema\/logo\/image\/"},"sameAs":["https:\/\/www.facebook.com\/valcucine\/","https:\/\/www.instagram.com\/valcucine\/","https:\/\/www.linkedin.com\/company\/valcucine"]}]}},"_links":{"self":[{"href":"https:\/\/www.valcucine.com\/de\/wp-json\/wp\/v2\/pages\/21780","targetHints":{"allow":["GET"]}}],"collection":[{"href":"https:\/\/www.valcucine.com\/de\/wp-json\/wp\/v2\/pages"}],"about":[{"href":"https:\/\/www.valcucine.com\/de\/wp-json\/wp\/v2\/types\/page"}],"author":[{"embeddable":true,"href":"https:\/\/www.valcucine.com\/de\/wp-json\/wp\/v2\/users\/2"}],"replies":[{"embeddable":true,"href":"https:\/\/www.valcucine.com\/de\/wp-json\/wp\/v2\/comments?post=21780"}],"version-history":[{"count":2,"href":"https:\/\/www.valcucine.com\/de\/wp-json\/wp\/v2\/pages\/21780\/revisions"}],"predecessor-version":[{"id":21782,"href":"https:\/\/www.valcucine.com\/de\/wp-json\/wp\/v2\/pages\/21780\/revisions\/21782"}],"up":[{"embeddable":true,"href":"https:\/\/www.valcucine.com\/de\/wp-json\/wp\/v2\/pages\/21767"}],"wp:featuredmedia":[{"embeddable":true,"href":"https:\/\/www.valcucine.com\/de\/wp-json\/wp\/v2\/media\/17252"}],"wp:attachment":[{"href":"https:\/\/www.valcucine.com\/de\/wp-json\/wp\/v2\/media?parent=21780"}],"curies":[{"name":"wp","href":"https:\/\/api.w.org\/{rel}","templated":true}]}}