{"id":21792,"date":"2024-07-22T08:56:24","date_gmt":"2024-07-22T08:56:24","guid":{"rendered":"https:\/\/devel.valcucine.com\/planung\/platzbedarf-abmessungen\/finestra-cucina\/"},"modified":"2025-06-04T15:13:01","modified_gmt":"2025-06-04T15:13:01","slug":"kuchenfenster","status":"publish","type":"page","link":"https:\/\/www.valcucine.com\/de\/planung\/platzbedarf-abmessungen\/kuchenfenster\/","title":{"rendered":"H\u00f6he die Fensterbr\u00fcstung"},"content":{"rendered":"<div class=\"wpb-content-wrapper\"><p>[vc_row][vc_column][vc_empty_space]\n        \n        <h1 class=\"text-start  main__title__h1  \" style=\"color:#333333;\"> \n\n         H\u00f6he die Fensterbr\u00fcstung\n        \n        <\/h1>[vc_empty_space][vc_empty_space][vc_column_text]<\/p>\n<p style=\"text-align: justify;\"><strong>Welche H\u00f6he muss die Fensterbr\u00fcstung haben?<\/strong><\/p>\n<p style=\"text-align: justify;\"><strong><br \/>\n\u200b<\/strong>Um zu vermeiden, dass die H\u00f6he der Fensterbr\u00fcstung die Wahl der K\u00fcchenh\u00f6he bestimmt, m\u00fcssen vorab einige Dinge betrachtet werden. Die H\u00f6he der Fensterbr\u00fcstung (Y) setzt sich zusammen aus der H\u00f6he der K\u00fcche (J), 3cm Abstand bis zum Fensterbrett oder 25cm, wenn der Zubeh\u00f6rkanal mit dem Tellerabtropf unter dem Fenster liegt (die 25cm bestimmen sich durch die durchschnittliche H\u00f6he der Teller, die dort abgestellt werden).<br \/>\nDie H\u00f6he (J) der K\u00fcche h\u00e4ngt vom Abstand der Arbeitsplatte vom Boden sowie vom Vorhandensein eines Zubeh\u00f6rkanals oder einer Abschlussleiste ab.<br \/>\nDie H\u00f6he der Fensterbr\u00fcstung setzt sich damit wie folgt zusammen:<br \/>\nY=J+3cm oder Y=J+25cm<\/p>\n<p>[\/vc_column_text][\/vc_column][\/vc_row][vc_row][vc_column][vc_single_image image=&#8220;17280&#8243; img_size=&#8220;600&#215;600&#8243;][\/vc_column][\/vc_row][vc_row][vc_column][vc_column_text]<\/p>\n<p style=\"text-align: justify;\"><strong>Wie plant man den Sp\u00fclbereich unter einem Fenster?<\/strong><\/p>\n<p style=\"text-align: justify;\">Bei einem Sp\u00fclbereich unter dem Fenster \u00f6ffnet sich ein weites Blickfeld und die Arbeit gestaltet sich so angenehmer und weniger m\u00fchsam. Sehr oft verzichtet man aber auf die Funktionalit\u00e4t und den \u00e4sthetischen Effekt einer Sp\u00fcle unter dem Fenster, da sich das Problem des Abtropfgestells stellt (obwohl dies eigentlich durch den Einsatz eines Geschirrsp\u00fclers gel\u00f6st ist).<br \/>\nValcucine bietet zwei L\u00f6sungen an: Den Tellerabtropf des Zubeh\u00f6rkanals (siehe Seite 59) oder ein Tellerabtropfgestell auf einem ausziehbaren Wagen im Unterschrank neben dem Sp\u00fclenunterschrank.<br \/>\nBei der Planung der Sp\u00fcle unter dem Fenster sollte man darauf achten, dass die Armaturen nicht beim \u00d6ffnen des Fensters st\u00f6ren. Dazu bieten sich drei M\u00f6glichkeiten:<br \/>\nA &#8211; Einbau von Schiebefenstern mit einer horizontalen oder vertikalen \u00d6ffnungsrichtung;<br \/>\nB &#8211; Positionierung des Wasserhahns perfekt in der Mittelachse des Schwenkbereiches beider Fenster;<br \/>\nC &#8211; Einbau eines klappbaren Wasserhahns, wenn sich dieser nicht exakt in der Mittelachse des Schwenkbereiches positionieren l\u00e4sst. In diesem Fall muss der Platzbedarf des Wasserhahns im nach vorn geklappten Zustand (ca. 13cm) bei der Planung der Br\u00fcstungsh\u00f6he beachtet werden.<\/p>\n<p>[\/vc_column_text][\/vc_column][\/vc_row][vc_row][vc_column][vc_single_image image=&#8220;21795&#8243; img_size=&#8220;900&#215;700&#8243;][\/vc_column][\/vc_row]<\/p>\n<\/div>","protected":false},"excerpt":{"rendered":"<p>[vc_row][vc_column][vc_empty_space][vc_empty_space][vc_empty_space][vc_column_text] Welche H\u00f6he muss die Fensterbr\u00fcstung haben? \u200bUm zu vermeiden, dass die H\u00f6he der Fensterbr\u00fcstung die Wahl der K\u00fcchenh\u00f6he bestimmt, m\u00fcssen vorab einige Dinge betrachtet werden. Die H\u00f6he der Fensterbr\u00fcstung (Y) setzt sich zusammen aus der H\u00f6he der K\u00fcche (J), 3cm Abstand bis zum Fensterbrett oder 25cm, wenn der Zubeh\u00f6rkanal mit dem Tellerabtropf unter dem [&hellip;]<\/p>\n","protected":false},"author":2,"featured_media":17291,"parent":21767,"menu_order":0,"comment_status":"closed","ping_status":"closed","template":"page-planning02.php","meta":{"footnotes":""},"class_list":["post-21792","page","type-page","status-publish","has-post-thumbnail","hentry"],"yoast_head":"<!-- This site is optimized with the Yoast SEO plugin v26.2 - https:\/\/yoast.com\/wordpress\/plugins\/seo\/ -->\n<title>H\u00f6he die Fensterbr\u00fcstung<\/title>\n<meta name=\"description\" content=\"Erfahren Sie auf Valcucine, wie man eine K\u00fcche mit einem Waschbecken unter dem Fenster gestaltet. Finden Sie heraus, welche H\u00f6he das Fenster in der K\u00fcche haben muss.\" \/>\n<meta name=\"robots\" content=\"index, follow, max-snippet:-1, max-image-preview:large, max-video-preview:-1\" \/>\n<link rel=\"canonical\" href=\"https:\/\/www.valcucine.com\/de\/planung\/platzbedarf-abmessungen\/kuchenfenster\/\" \/>\n<meta property=\"og:locale\" content=\"de_DE\" \/>\n<meta property=\"og:type\" content=\"article\" \/>\n<meta property=\"og:title\" content=\"H\u00f6he die Fensterbr\u00fcstung\" \/>\n<meta property=\"og:description\" content=\"Erfahren Sie auf Valcucine, wie man eine K\u00fcche mit einem Waschbecken unter dem Fenster gestaltet. Finden Sie heraus, welche H\u00f6he das Fenster in der K\u00fcche haben muss.\" \/>\n<meta property=\"og:url\" content=\"https:\/\/www.valcucine.com\/de\/planung\/platzbedarf-abmessungen\/kuchenfenster\/\" \/>\n<meta property=\"og:site_name\" content=\"Valcucine\" \/>\n<meta property=\"article:publisher\" content=\"https:\/\/www.facebook.com\/valcucine\/\" \/>\n<meta property=\"article:modified_time\" content=\"2025-06-04T15:13:01+00:00\" \/>\n<meta property=\"og:image\" content=\"https:\/\/www.valcucine.com\/wp-content\/uploads\/2024\/07\/109_guid_progetto97-e1721728873266.jpg?wsr\" \/>\n\t<meta property=\"og:image:width\" content=\"1188\" \/>\n\t<meta property=\"og:image:height\" content=\"826\" \/>\n\t<meta property=\"og:image:type\" content=\"image\/jpeg\" \/>\n<meta name=\"twitter:card\" content=\"summary_large_image\" \/>\n<meta name=\"twitter:label1\" content=\"Gesch\u00e4tzte Lesezeit\" \/>\n\t<meta name=\"twitter:data1\" content=\"2\u00a0Minuten\" \/>\n<script type=\"application\/ld+json\" class=\"yoast-schema-graph\">{\"@context\":\"https:\/\/schema.org\",\"@graph\":[{\"@type\":\"WebPage\",\"@id\":\"https:\/\/www.valcucine.com\/de\/planung\/platzbedarf-abmessungen\/kuchenfenster\/\",\"url\":\"https:\/\/www.valcucine.com\/de\/planung\/platzbedarf-abmessungen\/kuchenfenster\/\",\"name\":\"H\u00f6he die Fensterbr\u00fcstung\",\"isPartOf\":{\"@id\":\"https:\/\/www.valcucine.com\/#website\"},\"primaryImageOfPage\":{\"@id\":\"https:\/\/www.valcucine.com\/de\/planung\/platzbedarf-abmessungen\/kuchenfenster\/#primaryimage\"},\"image\":{\"@id\":\"https:\/\/www.valcucine.com\/de\/planung\/platzbedarf-abmessungen\/kuchenfenster\/#primaryimage\"},\"thumbnailUrl\":\"https:\/\/www.valcucine.com\/wp-content\/uploads\/2024\/07\/109_guid_progetto97-e1721728873266.jpg?wsr\",\"datePublished\":\"2024-07-22T08:56:24+00:00\",\"dateModified\":\"2025-06-04T15:13:01+00:00\",\"description\":\"Erfahren Sie auf Valcucine, wie man eine K\u00fcche mit einem Waschbecken unter dem Fenster gestaltet. Finden Sie heraus, welche H\u00f6he das Fenster in der K\u00fcche haben muss.\",\"breadcrumb\":{\"@id\":\"https:\/\/www.valcucine.com\/de\/planung\/platzbedarf-abmessungen\/kuchenfenster\/#breadcrumb\"},\"inLanguage\":\"de\",\"potentialAction\":[{\"@type\":\"ReadAction\",\"target\":[\"https:\/\/www.valcucine.com\/de\/planung\/platzbedarf-abmessungen\/kuchenfenster\/\"]}]},{\"@type\":\"ImageObject\",\"inLanguage\":\"de\",\"@id\":\"https:\/\/www.valcucine.com\/de\/planung\/platzbedarf-abmessungen\/kuchenfenster\/#primaryimage\",\"url\":\"https:\/\/www.valcucine.com\/wp-content\/uploads\/2024\/07\/109_guid_progetto97-e1721728873266.jpg?wsr\",\"contentUrl\":\"https:\/\/www.valcucine.com\/wp-content\/uploads\/2024\/07\/109_guid_progetto97-e1721728873266.jpg?wsr\",\"width\":1188,\"height\":826,\"caption\":\"finestra cucina\"},{\"@type\":\"BreadcrumbList\",\"@id\":\"https:\/\/www.valcucine.com\/de\/planung\/platzbedarf-abmessungen\/kuchenfenster\/#breadcrumb\",\"itemListElement\":[{\"@type\":\"ListItem\",\"position\":1,\"name\":\"Valcucine\",\"item\":\"https:\/\/www.valcucine.com\/de\/\"},{\"@type\":\"ListItem\",\"position\":2,\"name\":\"Kuechenplanung\",\"item\":\"https:\/\/www.valcucine.com\/de\/planung\/\"},{\"@type\":\"ListItem\",\"position\":3,\"name\":\"Platzbedarf und Abma\u00dfe\",\"item\":\"https:\/\/www.valcucine.com\/de\/planung\/platzbedarf-abmessungen\/\"},{\"@type\":\"ListItem\",\"position\":4,\"name\":\"H\u00f6he die Fensterbr\u00fcstung\"}]},{\"@type\":\"WebSite\",\"@id\":\"https:\/\/www.valcucine.com\/#website\",\"url\":\"https:\/\/www.valcucine.com\/\",\"name\":\"Valcucine\",\"description\":\"\",\"publisher\":{\"@id\":\"https:\/\/www.valcucine.com\/#organization\"},\"potentialAction\":[{\"@type\":\"SearchAction\",\"target\":{\"@type\":\"EntryPoint\",\"urlTemplate\":\"https:\/\/www.valcucine.com\/?s={search_term_string}\"},\"query-input\":{\"@type\":\"PropertyValueSpecification\",\"valueRequired\":true,\"valueName\":\"search_term_string\"}}],\"inLanguage\":\"de\"},{\"@type\":\"Organization\",\"@id\":\"https:\/\/www.valcucine.com\/#organization\",\"name\":\"Valcucine\",\"url\":\"https:\/\/www.valcucine.com\/\",\"logo\":{\"@type\":\"ImageObject\",\"inLanguage\":\"de\",\"@id\":\"https:\/\/www.valcucine.com\/#\/schema\/logo\/image\/\",\"url\":\"https:\/\/www.valcucine.com\/wp-content\/uploads\/2024\/02\/logo-valcucine.webp?wsr\",\"contentUrl\":\"https:\/\/www.valcucine.com\/wp-content\/uploads\/2024\/02\/logo-valcucine.webp?wsr\",\"width\":288,\"height\":46,\"caption\":\"Valcucine\"},\"image\":{\"@id\":\"https:\/\/www.valcucine.com\/#\/schema\/logo\/image\/\"},\"sameAs\":[\"https:\/\/www.facebook.com\/valcucine\/\",\"https:\/\/www.instagram.com\/valcucine\/\",\"https:\/\/www.linkedin.com\/company\/valcucine\"]}]}<\/script>\n<!-- \/ Yoast SEO plugin. -->","yoast_head_json":{"title":"H\u00f6he die Fensterbr\u00fcstung","description":"Erfahren Sie auf Valcucine, wie man eine K\u00fcche mit einem Waschbecken unter dem Fenster gestaltet. Finden Sie heraus, welche H\u00f6he das Fenster in der K\u00fcche haben muss.","robots":{"index":"index","follow":"follow","max-snippet":"max-snippet:-1","max-image-preview":"max-image-preview:large","max-video-preview":"max-video-preview:-1"},"canonical":"https:\/\/www.valcucine.com\/de\/planung\/platzbedarf-abmessungen\/kuchenfenster\/","og_locale":"de_DE","og_type":"article","og_title":"H\u00f6he die Fensterbr\u00fcstung","og_description":"Erfahren Sie auf Valcucine, wie man eine K\u00fcche mit einem Waschbecken unter dem Fenster gestaltet. Finden Sie heraus, welche H\u00f6he das Fenster in der K\u00fcche haben muss.","og_url":"https:\/\/www.valcucine.com\/de\/planung\/platzbedarf-abmessungen\/kuchenfenster\/","og_site_name":"Valcucine","article_publisher":"https:\/\/www.facebook.com\/valcucine\/","article_modified_time":"2025-06-04T15:13:01+00:00","og_image":[{"width":1188,"height":826,"url":"https:\/\/www.valcucine.com\/wp-content\/uploads\/2024\/07\/109_guid_progetto97-e1721728873266.jpg?wsr","type":"image\/jpeg"}],"twitter_card":"summary_large_image","twitter_misc":{"Gesch\u00e4tzte Lesezeit":"2\u00a0Minuten"},"schema":{"@context":"https:\/\/schema.org","@graph":[{"@type":"WebPage","@id":"https:\/\/www.valcucine.com\/de\/planung\/platzbedarf-abmessungen\/kuchenfenster\/","url":"https:\/\/www.valcucine.com\/de\/planung\/platzbedarf-abmessungen\/kuchenfenster\/","name":"H\u00f6he die Fensterbr\u00fcstung","isPartOf":{"@id":"https:\/\/www.valcucine.com\/#website"},"primaryImageOfPage":{"@id":"https:\/\/www.valcucine.com\/de\/planung\/platzbedarf-abmessungen\/kuchenfenster\/#primaryimage"},"image":{"@id":"https:\/\/www.valcucine.com\/de\/planung\/platzbedarf-abmessungen\/kuchenfenster\/#primaryimage"},"thumbnailUrl":"https:\/\/www.valcucine.com\/wp-content\/uploads\/2024\/07\/109_guid_progetto97-e1721728873266.jpg?wsr","datePublished":"2024-07-22T08:56:24+00:00","dateModified":"2025-06-04T15:13:01+00:00","description":"Erfahren Sie auf Valcucine, wie man eine K\u00fcche mit einem Waschbecken unter dem Fenster gestaltet. Finden Sie heraus, welche H\u00f6he das Fenster in der K\u00fcche haben muss.","breadcrumb":{"@id":"https:\/\/www.valcucine.com\/de\/planung\/platzbedarf-abmessungen\/kuchenfenster\/#breadcrumb"},"inLanguage":"de","potentialAction":[{"@type":"ReadAction","target":["https:\/\/www.valcucine.com\/de\/planung\/platzbedarf-abmessungen\/kuchenfenster\/"]}]},{"@type":"ImageObject","inLanguage":"de","@id":"https:\/\/www.valcucine.com\/de\/planung\/platzbedarf-abmessungen\/kuchenfenster\/#primaryimage","url":"https:\/\/www.valcucine.com\/wp-content\/uploads\/2024\/07\/109_guid_progetto97-e1721728873266.jpg?wsr","contentUrl":"https:\/\/www.valcucine.com\/wp-content\/uploads\/2024\/07\/109_guid_progetto97-e1721728873266.jpg?wsr","width":1188,"height":826,"caption":"finestra cucina"},{"@type":"BreadcrumbList","@id":"https:\/\/www.valcucine.com\/de\/planung\/platzbedarf-abmessungen\/kuchenfenster\/#breadcrumb","itemListElement":[{"@type":"ListItem","position":1,"name":"Valcucine","item":"https:\/\/www.valcucine.com\/de\/"},{"@type":"ListItem","position":2,"name":"Kuechenplanung","item":"https:\/\/www.valcucine.com\/de\/planung\/"},{"@type":"ListItem","position":3,"name":"Platzbedarf und Abma\u00dfe","item":"https:\/\/www.valcucine.com\/de\/planung\/platzbedarf-abmessungen\/"},{"@type":"ListItem","position":4,"name":"H\u00f6he die Fensterbr\u00fcstung"}]},{"@type":"WebSite","@id":"https:\/\/www.valcucine.com\/#website","url":"https:\/\/www.valcucine.com\/","name":"Valcucine","description":"","publisher":{"@id":"https:\/\/www.valcucine.com\/#organization"},"potentialAction":[{"@type":"SearchAction","target":{"@type":"EntryPoint","urlTemplate":"https:\/\/www.valcucine.com\/?s={search_term_string}"},"query-input":{"@type":"PropertyValueSpecification","valueRequired":true,"valueName":"search_term_string"}}],"inLanguage":"de"},{"@type":"Organization","@id":"https:\/\/www.valcucine.com\/#organization","name":"Valcucine","url":"https:\/\/www.valcucine.com\/","logo":{"@type":"ImageObject","inLanguage":"de","@id":"https:\/\/www.valcucine.com\/#\/schema\/logo\/image\/","url":"https:\/\/www.valcucine.com\/wp-content\/uploads\/2024\/02\/logo-valcucine.webp?wsr","contentUrl":"https:\/\/www.valcucine.com\/wp-content\/uploads\/2024\/02\/logo-valcucine.webp?wsr","width":288,"height":46,"caption":"Valcucine"},"image":{"@id":"https:\/\/www.valcucine.com\/#\/schema\/logo\/image\/"},"sameAs":["https:\/\/www.facebook.com\/valcucine\/","https:\/\/www.instagram.com\/valcucine\/","https:\/\/www.linkedin.com\/company\/valcucine"]}]}},"_links":{"self":[{"href":"https:\/\/www.valcucine.com\/de\/wp-json\/wp\/v2\/pages\/21792","targetHints":{"allow":["GET"]}}],"collection":[{"href":"https:\/\/www.valcucine.com\/de\/wp-json\/wp\/v2\/pages"}],"about":[{"href":"https:\/\/www.valcucine.com\/de\/wp-json\/wp\/v2\/types\/page"}],"author":[{"embeddable":true,"href":"https:\/\/www.valcucine.com\/de\/wp-json\/wp\/v2\/users\/2"}],"replies":[{"embeddable":true,"href":"https:\/\/www.valcucine.com\/de\/wp-json\/wp\/v2\/comments?post=21792"}],"version-history":[{"count":3,"href":"https:\/\/www.valcucine.com\/de\/wp-json\/wp\/v2\/pages\/21792\/revisions"}],"predecessor-version":[{"id":21800,"href":"https:\/\/www.valcucine.com\/de\/wp-json\/wp\/v2\/pages\/21792\/revisions\/21800"}],"up":[{"embeddable":true,"href":"https:\/\/www.valcucine.com\/de\/wp-json\/wp\/v2\/pages\/21767"}],"wp:featuredmedia":[{"embeddable":true,"href":"https:\/\/www.valcucine.com\/de\/wp-json\/wp\/v2\/media\/17291"}],"wp:attachment":[{"href":"https:\/\/www.valcucine.com\/de\/wp-json\/wp\/v2\/media?parent=21792"}],"curies":[{"name":"wp","href":"https:\/\/api.w.org\/{rel}","templated":true}]}}