{"id":21810,"date":"2024-07-22T09:16:07","date_gmt":"2024-07-22T09:16:07","guid":{"rendered":"https:\/\/devel.valcucine.com\/planung\/platzbedarf-abmessungen\/prese-elettriche-cucina\/"},"modified":"2025-06-04T14:58:42","modified_gmt":"2025-06-04T14:58:42","slug":"kuchen-elektrosteckdosen","status":"publish","type":"page","link":"https:\/\/www.valcucine.com\/de\/planung\/platzbedarf-abmessungen\/kuchen-elektrosteckdosen\/","title":{"rendered":"Die Steckdosen"},"content":{"rendered":"<div class=\"wpb-content-wrapper\"><p>[vc_row][vc_column][vc_empty_space]\n        \n        <h1 class=\"text-start  main__title__h1  \" style=\"color:#333333;\"> \n\n         Die Steckdosen\n        \n        <\/h1>[vc_empty_space][\/vc_column][\/vc_row][vc_row][vc_column][vc_single_image image=&#8220;21813&#8243; img_size=&#8220;800&#215;600&#8243;][vc_column_text]<\/p>\n<p style=\"text-align: justify;\"><strong>Die K\u00fcche ist der Raum mit der gr\u00f6\u00dften \u201cSteckdosendichte\u201d des gesamten Hauses.\u00a0<\/strong><\/p>\n<p>Die K\u00fcche ist der Raum mit der gr\u00f6\u00dften \u201cSteckdosendichte\u201d des gesamten Hauses.<br \/>\nDabei gibt es Ger\u00e4te, die permanent angeschlossen sind und solche, die nur bei Bedarf angeschlossen werden. Oft werden K\u00fchlschrank, Geschirrsp\u00fcler und Backofen f\u00e4lschlicherweise an Steckdosen mit einem 17,5cm-Abstand vom Boden angeschlossen, die damit hinter den Ger\u00e4ten bzw. M\u00f6belst\u00fccken liegen. Probleme k\u00f6nnen dann auftreten, wenn der Stecker des Ger\u00e4tes beispielsweise bei Reparatur oder Wartung aus der Steckdose gezogen werden soll, da in einem solchen Fall die K\u00fcche auseinander genommen werden muss. Die Ideall\u00f6sung ist, ein Elektroanschluss-Eck im Sp\u00fclenunterschrank vorzusehen, da dieser Unterschrank der einzige ohne R\u00fcckwand und damit leicht erreichbar ist. Im Falle eines technischen Problems kann das entsprechende Ger\u00e4t separat abgeschaltet werden, ohne die gesamte Stromversorgung der K\u00fcche zu unterbrechen. Wenn die Anordnung aller Steckdosen im Sp\u00fclenunterschrank nicht m\u00f6glich sein sollte, muss die Steckdose so hinter dem Ger\u00e4t positioniert werden, dass sich der Stecker ohne Demontage der K\u00fcche herausziehen l\u00e4sst.<\/p>\n<p>In der K\u00fcche werden die Steckdosen f\u00fcr den Anschluss der kleinen Elektroger\u00e4te wie folgt positioniert:<br \/>\nA &#8211; In der K\u00fcchennische (Wandfl\u00e4che zwischen Arbeitsplatte und Oberschrank) wobei ein Sicherheitsabstand von mindestens 60cm zu Sp\u00fcle und Kochfeld eingehalten werden muss, da die Steckdosen weder Hitze noch Wasser ausgesetzt werden d\u00fcrfen.<br \/>\nB- An der Funktionsleiste aus Aluminium unter dem Oberschrank neben der Neonleuchte.<br \/>\nC- Wenn ein Zubeh\u00f6rkanal geplant ist, in einem entsprechenden Beh\u00e4lter des Zubeh\u00f6rkanals, in dem sich dann auch Schalter und Sicherung befinden<\/p>\n<p>[\/vc_column_text][\/vc_column][\/vc_row][vc_row][vc_column][\/vc_column][\/vc_row]<\/p>\n<\/div>","protected":false},"excerpt":{"rendered":"<p>[vc_row][vc_column][vc_empty_space][vc_empty_space][\/vc_column][\/vc_row][vc_row][vc_column][vc_single_image image=&#8220;21813&#8243; img_size=&#8220;800&#215;600&#8243;][vc_column_text] Die K\u00fcche ist der Raum mit der gr\u00f6\u00dften \u201cSteckdosendichte\u201d des gesamten Hauses.\u00a0 Die K\u00fcche ist der Raum mit der gr\u00f6\u00dften \u201cSteckdosendichte\u201d des gesamten Hauses. Dabei gibt es Ger\u00e4te, die permanent angeschlossen sind und solche, die nur bei Bedarf angeschlossen werden. Oft werden K\u00fchlschrank, Geschirrsp\u00fcler und Backofen f\u00e4lschlicherweise an Steckdosen mit einem 17,5cm-Abstand [&hellip;]<\/p>\n","protected":false},"author":2,"featured_media":17154,"parent":21767,"menu_order":0,"comment_status":"closed","ping_status":"closed","template":"page-planning02.php","meta":{"footnotes":""},"class_list":["post-21810","page","type-page","status-publish","has-post-thumbnail","hentry"],"yoast_head":"<!-- This site is optimized with the Yoast SEO plugin v26.2 - https:\/\/yoast.com\/wordpress\/plugins\/seo\/ -->\n<title>Die Steckdosen Valcucine<\/title>\n<meta name=\"description\" content=\"Entdecken Sie mit Valcucine die beste Anordnung f\u00fcr Steckdosen f\u00fcr eine funktionellere K\u00fcche.\" \/>\n<meta name=\"robots\" content=\"index, follow, max-snippet:-1, max-image-preview:large, max-video-preview:-1\" \/>\n<link rel=\"canonical\" href=\"https:\/\/www.valcucine.com\/de\/planung\/platzbedarf-abmessungen\/kuchen-elektrosteckdosen\/\" \/>\n<meta property=\"og:locale\" content=\"de_DE\" \/>\n<meta property=\"og:type\" content=\"article\" \/>\n<meta property=\"og:title\" content=\"Die Steckdosen Valcucine\" \/>\n<meta property=\"og:description\" content=\"Entdecken Sie mit Valcucine die beste Anordnung f\u00fcr Steckdosen f\u00fcr eine funktionellere K\u00fcche.\" \/>\n<meta property=\"og:url\" content=\"https:\/\/www.valcucine.com\/de\/planung\/platzbedarf-abmessungen\/kuchen-elektrosteckdosen\/\" \/>\n<meta property=\"og:site_name\" content=\"Valcucine\" \/>\n<meta property=\"article:publisher\" content=\"https:\/\/www.facebook.com\/valcucine\/\" \/>\n<meta property=\"article:modified_time\" content=\"2025-06-04T14:58:42+00:00\" \/>\n<meta property=\"og:image\" content=\"https:\/\/www.valcucine.com\/wp-content\/uploads\/2024\/07\/120_guid_progetto131-e1721726780915.jpg?wsr\" \/>\n\t<meta property=\"og:image:width\" content=\"1188\" \/>\n\t<meta property=\"og:image:height\" content=\"826\" \/>\n\t<meta property=\"og:image:type\" content=\"image\/jpeg\" \/>\n<meta name=\"twitter:card\" content=\"summary_large_image\" \/>\n<meta name=\"twitter:label1\" content=\"Gesch\u00e4tzte Lesezeit\" \/>\n\t<meta name=\"twitter:data1\" content=\"2\u00a0Minuten\" \/>\n<script type=\"application\/ld+json\" class=\"yoast-schema-graph\">{\"@context\":\"https:\/\/schema.org\",\"@graph\":[{\"@type\":\"WebPage\",\"@id\":\"https:\/\/www.valcucine.com\/de\/planung\/platzbedarf-abmessungen\/kuchen-elektrosteckdosen\/\",\"url\":\"https:\/\/www.valcucine.com\/de\/planung\/platzbedarf-abmessungen\/kuchen-elektrosteckdosen\/\",\"name\":\"Die Steckdosen Valcucine\",\"isPartOf\":{\"@id\":\"https:\/\/www.valcucine.com\/#website\"},\"primaryImageOfPage\":{\"@id\":\"https:\/\/www.valcucine.com\/de\/planung\/platzbedarf-abmessungen\/kuchen-elektrosteckdosen\/#primaryimage\"},\"image\":{\"@id\":\"https:\/\/www.valcucine.com\/de\/planung\/platzbedarf-abmessungen\/kuchen-elektrosteckdosen\/#primaryimage\"},\"thumbnailUrl\":\"https:\/\/www.valcucine.com\/wp-content\/uploads\/2024\/07\/120_guid_progetto131-e1721726780915.jpg?wsr\",\"datePublished\":\"2024-07-22T09:16:07+00:00\",\"dateModified\":\"2025-06-04T14:58:42+00:00\",\"description\":\"Entdecken Sie mit Valcucine die beste Anordnung f\u00fcr Steckdosen f\u00fcr eine funktionellere K\u00fcche.\",\"breadcrumb\":{\"@id\":\"https:\/\/www.valcucine.com\/de\/planung\/platzbedarf-abmessungen\/kuchen-elektrosteckdosen\/#breadcrumb\"},\"inLanguage\":\"de\",\"potentialAction\":[{\"@type\":\"ReadAction\",\"target\":[\"https:\/\/www.valcucine.com\/de\/planung\/platzbedarf-abmessungen\/kuchen-elektrosteckdosen\/\"]}]},{\"@type\":\"ImageObject\",\"inLanguage\":\"de\",\"@id\":\"https:\/\/www.valcucine.com\/de\/planung\/platzbedarf-abmessungen\/kuchen-elektrosteckdosen\/#primaryimage\",\"url\":\"https:\/\/www.valcucine.com\/wp-content\/uploads\/2024\/07\/120_guid_progetto131-e1721726780915.jpg?wsr\",\"contentUrl\":\"https:\/\/www.valcucine.com\/wp-content\/uploads\/2024\/07\/120_guid_progetto131-e1721726780915.jpg?wsr\",\"width\":1188,\"height\":826,\"caption\":\"prese elettriche\"},{\"@type\":\"BreadcrumbList\",\"@id\":\"https:\/\/www.valcucine.com\/de\/planung\/platzbedarf-abmessungen\/kuchen-elektrosteckdosen\/#breadcrumb\",\"itemListElement\":[{\"@type\":\"ListItem\",\"position\":1,\"name\":\"Valcucine\",\"item\":\"https:\/\/www.valcucine.com\/de\/\"},{\"@type\":\"ListItem\",\"position\":2,\"name\":\"Kuechenplanung\",\"item\":\"https:\/\/www.valcucine.com\/de\/planung\/\"},{\"@type\":\"ListItem\",\"position\":3,\"name\":\"Platzbedarf und Abma\u00dfe\",\"item\":\"https:\/\/www.valcucine.com\/de\/planung\/platzbedarf-abmessungen\/\"},{\"@type\":\"ListItem\",\"position\":4,\"name\":\"Die Steckdosen\"}]},{\"@type\":\"WebSite\",\"@id\":\"https:\/\/www.valcucine.com\/#website\",\"url\":\"https:\/\/www.valcucine.com\/\",\"name\":\"Valcucine\",\"description\":\"\",\"publisher\":{\"@id\":\"https:\/\/www.valcucine.com\/#organization\"},\"potentialAction\":[{\"@type\":\"SearchAction\",\"target\":{\"@type\":\"EntryPoint\",\"urlTemplate\":\"https:\/\/www.valcucine.com\/?s={search_term_string}\"},\"query-input\":{\"@type\":\"PropertyValueSpecification\",\"valueRequired\":true,\"valueName\":\"search_term_string\"}}],\"inLanguage\":\"de\"},{\"@type\":\"Organization\",\"@id\":\"https:\/\/www.valcucine.com\/#organization\",\"name\":\"Valcucine\",\"url\":\"https:\/\/www.valcucine.com\/\",\"logo\":{\"@type\":\"ImageObject\",\"inLanguage\":\"de\",\"@id\":\"https:\/\/www.valcucine.com\/#\/schema\/logo\/image\/\",\"url\":\"https:\/\/www.valcucine.com\/wp-content\/uploads\/2024\/02\/logo-valcucine.webp?wsr\",\"contentUrl\":\"https:\/\/www.valcucine.com\/wp-content\/uploads\/2024\/02\/logo-valcucine.webp?wsr\",\"width\":288,\"height\":46,\"caption\":\"Valcucine\"},\"image\":{\"@id\":\"https:\/\/www.valcucine.com\/#\/schema\/logo\/image\/\"},\"sameAs\":[\"https:\/\/www.facebook.com\/valcucine\/\",\"https:\/\/www.instagram.com\/valcucine\/\",\"https:\/\/www.linkedin.com\/company\/valcucine\"]}]}<\/script>\n<!-- \/ Yoast SEO plugin. -->","yoast_head_json":{"title":"Die Steckdosen Valcucine","description":"Entdecken Sie mit Valcucine die beste Anordnung f\u00fcr Steckdosen f\u00fcr eine funktionellere K\u00fcche.","robots":{"index":"index","follow":"follow","max-snippet":"max-snippet:-1","max-image-preview":"max-image-preview:large","max-video-preview":"max-video-preview:-1"},"canonical":"https:\/\/www.valcucine.com\/de\/planung\/platzbedarf-abmessungen\/kuchen-elektrosteckdosen\/","og_locale":"de_DE","og_type":"article","og_title":"Die Steckdosen Valcucine","og_description":"Entdecken Sie mit Valcucine die beste Anordnung f\u00fcr Steckdosen f\u00fcr eine funktionellere K\u00fcche.","og_url":"https:\/\/www.valcucine.com\/de\/planung\/platzbedarf-abmessungen\/kuchen-elektrosteckdosen\/","og_site_name":"Valcucine","article_publisher":"https:\/\/www.facebook.com\/valcucine\/","article_modified_time":"2025-06-04T14:58:42+00:00","og_image":[{"width":1188,"height":826,"url":"https:\/\/www.valcucine.com\/wp-content\/uploads\/2024\/07\/120_guid_progetto131-e1721726780915.jpg?wsr","type":"image\/jpeg"}],"twitter_card":"summary_large_image","twitter_misc":{"Gesch\u00e4tzte Lesezeit":"2\u00a0Minuten"},"schema":{"@context":"https:\/\/schema.org","@graph":[{"@type":"WebPage","@id":"https:\/\/www.valcucine.com\/de\/planung\/platzbedarf-abmessungen\/kuchen-elektrosteckdosen\/","url":"https:\/\/www.valcucine.com\/de\/planung\/platzbedarf-abmessungen\/kuchen-elektrosteckdosen\/","name":"Die Steckdosen Valcucine","isPartOf":{"@id":"https:\/\/www.valcucine.com\/#website"},"primaryImageOfPage":{"@id":"https:\/\/www.valcucine.com\/de\/planung\/platzbedarf-abmessungen\/kuchen-elektrosteckdosen\/#primaryimage"},"image":{"@id":"https:\/\/www.valcucine.com\/de\/planung\/platzbedarf-abmessungen\/kuchen-elektrosteckdosen\/#primaryimage"},"thumbnailUrl":"https:\/\/www.valcucine.com\/wp-content\/uploads\/2024\/07\/120_guid_progetto131-e1721726780915.jpg?wsr","datePublished":"2024-07-22T09:16:07+00:00","dateModified":"2025-06-04T14:58:42+00:00","description":"Entdecken Sie mit Valcucine die beste Anordnung f\u00fcr Steckdosen f\u00fcr eine funktionellere K\u00fcche.","breadcrumb":{"@id":"https:\/\/www.valcucine.com\/de\/planung\/platzbedarf-abmessungen\/kuchen-elektrosteckdosen\/#breadcrumb"},"inLanguage":"de","potentialAction":[{"@type":"ReadAction","target":["https:\/\/www.valcucine.com\/de\/planung\/platzbedarf-abmessungen\/kuchen-elektrosteckdosen\/"]}]},{"@type":"ImageObject","inLanguage":"de","@id":"https:\/\/www.valcucine.com\/de\/planung\/platzbedarf-abmessungen\/kuchen-elektrosteckdosen\/#primaryimage","url":"https:\/\/www.valcucine.com\/wp-content\/uploads\/2024\/07\/120_guid_progetto131-e1721726780915.jpg?wsr","contentUrl":"https:\/\/www.valcucine.com\/wp-content\/uploads\/2024\/07\/120_guid_progetto131-e1721726780915.jpg?wsr","width":1188,"height":826,"caption":"prese elettriche"},{"@type":"BreadcrumbList","@id":"https:\/\/www.valcucine.com\/de\/planung\/platzbedarf-abmessungen\/kuchen-elektrosteckdosen\/#breadcrumb","itemListElement":[{"@type":"ListItem","position":1,"name":"Valcucine","item":"https:\/\/www.valcucine.com\/de\/"},{"@type":"ListItem","position":2,"name":"Kuechenplanung","item":"https:\/\/www.valcucine.com\/de\/planung\/"},{"@type":"ListItem","position":3,"name":"Platzbedarf und Abma\u00dfe","item":"https:\/\/www.valcucine.com\/de\/planung\/platzbedarf-abmessungen\/"},{"@type":"ListItem","position":4,"name":"Die Steckdosen"}]},{"@type":"WebSite","@id":"https:\/\/www.valcucine.com\/#website","url":"https:\/\/www.valcucine.com\/","name":"Valcucine","description":"","publisher":{"@id":"https:\/\/www.valcucine.com\/#organization"},"potentialAction":[{"@type":"SearchAction","target":{"@type":"EntryPoint","urlTemplate":"https:\/\/www.valcucine.com\/?s={search_term_string}"},"query-input":{"@type":"PropertyValueSpecification","valueRequired":true,"valueName":"search_term_string"}}],"inLanguage":"de"},{"@type":"Organization","@id":"https:\/\/www.valcucine.com\/#organization","name":"Valcucine","url":"https:\/\/www.valcucine.com\/","logo":{"@type":"ImageObject","inLanguage":"de","@id":"https:\/\/www.valcucine.com\/#\/schema\/logo\/image\/","url":"https:\/\/www.valcucine.com\/wp-content\/uploads\/2024\/02\/logo-valcucine.webp?wsr","contentUrl":"https:\/\/www.valcucine.com\/wp-content\/uploads\/2024\/02\/logo-valcucine.webp?wsr","width":288,"height":46,"caption":"Valcucine"},"image":{"@id":"https:\/\/www.valcucine.com\/#\/schema\/logo\/image\/"},"sameAs":["https:\/\/www.facebook.com\/valcucine\/","https:\/\/www.instagram.com\/valcucine\/","https:\/\/www.linkedin.com\/company\/valcucine"]}]}},"_links":{"self":[{"href":"https:\/\/www.valcucine.com\/de\/wp-json\/wp\/v2\/pages\/21810","targetHints":{"allow":["GET"]}}],"collection":[{"href":"https:\/\/www.valcucine.com\/de\/wp-json\/wp\/v2\/pages"}],"about":[{"href":"https:\/\/www.valcucine.com\/de\/wp-json\/wp\/v2\/types\/page"}],"author":[{"embeddable":true,"href":"https:\/\/www.valcucine.com\/de\/wp-json\/wp\/v2\/users\/2"}],"replies":[{"embeddable":true,"href":"https:\/\/www.valcucine.com\/de\/wp-json\/wp\/v2\/comments?post=21810"}],"version-history":[{"count":4,"href":"https:\/\/www.valcucine.com\/de\/wp-json\/wp\/v2\/pages\/21810\/revisions"}],"predecessor-version":[{"id":21819,"href":"https:\/\/www.valcucine.com\/de\/wp-json\/wp\/v2\/pages\/21810\/revisions\/21819"}],"up":[{"embeddable":true,"href":"https:\/\/www.valcucine.com\/de\/wp-json\/wp\/v2\/pages\/21767"}],"wp:featuredmedia":[{"embeddable":true,"href":"https:\/\/www.valcucine.com\/de\/wp-json\/wp\/v2\/media\/17154"}],"wp:attachment":[{"href":"https:\/\/www.valcucine.com\/de\/wp-json\/wp\/v2\/media?parent=21810"}],"curies":[{"name":"wp","href":"https:\/\/api.w.org\/{rel}","templated":true}]}}