{"id":21931,"date":"2024-03-12T16:39:12","date_gmt":"2024-03-12T16:39:12","guid":{"rendered":"https:\/\/devel.valcucine.com\/finiture\/"},"modified":"2025-09-23T10:13:44","modified_gmt":"2025-09-23T10:13:44","slug":"ausfuhrungen","status":"publish","type":"page","link":"https:\/\/www.valcucine.com\/de\/ausfuhrungen\/","title":{"rendered":"Ausf\u00fchrungen"},"content":{"rendered":"<div class=\"wpb-content-wrapper\"><p>[vc_row css=&#8220;.vc_custom_1717064798385{padding-top: 40px !important;padding-bottom: 40px !important;}&#8220;][vc_column][vc_empty_space]\n        \n        <h1 class=\"text-center  main__title__h1  \" style=\"color:#333333;\"> \n\n         Ausf\u00fchrungen\n        \n        <\/h1>\n        \n        <h2 class=\"text-center  main__title__h2  vc_custom_1725279064313 \" style=\"color:#333333;\"> \n\n         Entdecken Sie die Materialien der K\u00fcchen von Valcucine\n        \n        <\/h2>[\/vc_column][\/vc_row][vc_row][vc_column][vc_column_text]<\/p>\n<p style=\"text-align: left;\">Die Wahrnehmung \u00fcber unseren Tastsinn l\u00e4sst Emotionen aus l\u00e4ngst vergangenen Zeiten in uns erwachen. Sie sind ein Teil von uns und rufen in uns ein Gef\u00fchl von Geborgenheit und Sicherheit hervor, da sie st\u00e4rker sind und tiefer gehen, als das, was wir allein \u00fcber den Sehsinn erfahren. Dieses Gef\u00fchl wollen wir mit unseren K\u00fcchen vermitteln; mit der geschliffenen Lichtdurchl\u00e4ssigkeit unserer Glasfl\u00e4chen, der W\u00e4rme einer K\u00fcche aus Holz, die Vielseitigkeit der Arbeitsfl\u00e4chen aus Laminat, der Haltbarkeit des Natursteins, der prickelnden K\u00fchle und Hochwertigkeit einer K\u00fcche aus Edelstahl.<\/p>\n<p>[\/vc_column_text][\/vc_column][\/vc_row][vc_row css=&#8220;.vc_custom_1717080360796{margin-top: 40px !important;}&#8220;][vc_column][vc_separator color=&#8220;custom&#8220; el_width=&#8220;10&#8243; accent_color=&#8220;#666666&#8243;][\/vc_column][\/vc_row][vc_row][vc_column width=&#8220;1\/3&#8243;]<div class=\"block__img__hover\"><a href=\"https:\/\/www.valcucine.com\/de\/ausfuhrungen\/vitrum-glass\/\" target=\"\" rel=\"\" style=\"background-image:url(https:\/\/www.valcucine.com\/wp-content\/uploads\/2024\/06\/389_anteprima-1-vitrum_intro-2.webp?wsr)\"><img src='https:\/\/www.valcucine.com\/wp-content\/uploads\/2024\/06\/389_anteprima-1-vitrum_intro-2.webp?wsr' alt='Valcucine\u2019s glass kitchens combine elegance, durability, and sustainability, offering customizable designs, superior resistance, and easy maintenance for a timeless aesthetic.' style='display:none'><h4>Vitrum: die Glask\u00fcche<\/h4><\/a><\/div>[\/vc_column][vc_column width=&#8220;1\/3&#8243;]<div class=\"block__img__hover\"><a href=\"https:\/\/www.valcucine.com\/de\/ausfuhrungen\/keramik-kuechen\/\" target=\"\" rel=\"\" style=\"background-image:url(https:\/\/www.valcucine.com\/wp-content\/uploads\/2024\/06\/508_cucine-in-tech-ceramica_dettaglio.webp?wsr)\"><img src='https:\/\/www.valcucine.com\/wp-content\/uploads\/2024\/06\/508_cucine-in-tech-ceramica_dettaglio.webp?wsr' alt='ceramic kitchen doors' style='display:none'><h4>Tech Keramik<\/h4><\/a><\/div>[\/vc_column][vc_column width=&#8220;1\/3&#8243;]<div class=\"block__img__hover\"><a href=\"https:\/\/www.valcucine.com\/de\/ausfuhrungen\/natursteinkuechens\/\" target=\"\" rel=\"\" style=\"background-image:url(https:\/\/www.valcucine.com\/wp-content\/uploads\/2024\/06\/398_natural-stone-kitchen-artematica-detail.webp?wsr)\"><img src='https:\/\/www.valcucine.com\/wp-content\/uploads\/2024\/06\/398_natural-stone-kitchen-artematica-detail.webp?wsr' alt='marble and stone kitchen doors' style='display:none'><h4>Naturstein<\/h4><\/a><\/div>[\/vc_column][\/vc_row][vc_row][vc_column width=&#8220;1\/3&#8243;]<div class=\"block__img__hover\"><a href=\"https:\/\/www.valcucine.com\/de\/ausfuhrungen\/finitura-metallo\/\" target=\"\" rel=\"\" style=\"background-image:url(https:\/\/www.valcucine.com\/wp-content\/uploads\/2024\/06\/393_metallo_introgenerale.webp?wsr)\"><img src='https:\/\/www.valcucine.com\/wp-content\/uploads\/2024\/06\/393_metallo_introgenerale.webp?wsr' alt='' style='display:none'><h4>Metall<\/h4><\/a><\/div>[\/vc_column][vc_column width=&#8220;1\/3&#8243;]<div class=\"block__img__hover\"><a href=\"https:\/\/www.valcucine.com\/de\/ausfuhrungen\/mdi-kuechen\/\" target=\"\" rel=\"\" style=\"background-image:url(https:\/\/www.valcucine.com\/wp-content\/uploads\/2024\/06\/509_mdi_1.webp?wsr)\"><img src='https:\/\/www.valcucine.com\/wp-content\/uploads\/2024\/06\/509_mdi_1.webp?wsr' alt='' style='display:none'><h4>MDI<\/h4><\/a><\/div>[\/vc_column][vc_column width=&#8220;1\/3&#8243;]<div class=\"block__img__hover\"><a href=\"https:\/\/www.valcucine.com\/de\/ausfuhrungen\/mvi-kuechen\/\" target=\"\" rel=\"\" style=\"background-image:url(https:\/\/www.valcucine.com\/wp-content\/uploads\/2025\/01\/MVi_Valcucine-kitchens.jpg?wsr)\"><img src='https:\/\/www.valcucine.com\/wp-content\/uploads\/2025\/01\/MVi_Valcucine-kitchens.jpg?wsr' alt='' style='display:none'><h4>MVi<\/h4><\/a><\/div>[\/vc_column][\/vc_row][vc_row][vc_column width=&#8220;1\/3&#8243;]<div class=\"block__img__hover\"><a href=\"https:\/\/www.valcucine.com\/de\/ausfuhrungen\/holzkuechen\/\" target=\"\" rel=\"\" style=\"background-image:url(https:\/\/www.valcucine.com\/wp-content\/uploads\/2024\/06\/402_valcucine-finitura-legno-noce-tattile.webp?wsr)\"><img src='https:\/\/www.valcucine.com\/wp-content\/uploads\/2024\/06\/402_valcucine-finitura-legno-noce-tattile.webp?wsr' alt='' style='display:none'><h4>Holz<\/h4><\/a><\/div>[\/vc_column][vc_column width=&#8220;1\/3&#8243;]<div class=\"block__img__hover\"><a href=\"https:\/\/www.valcucine.com\/de\/ausfuhrungen\/massivholzkuechen\/\" target=\"\" rel=\"\" style=\"background-image:url(https:\/\/www.valcucine.com\/wp-content\/uploads\/2024\/06\/403_legno-antico_intro.webp?wsr)\"><img src='https:\/\/www.valcucine.com\/wp-content\/uploads\/2024\/06\/403_legno-antico_intro.webp?wsr' alt='' style='display:none'><h4>Massivholz<\/h4><\/a><\/div>[\/vc_column][vc_column width=&#8220;1\/3&#8243;]<div class=\"block__img__hover\"><a href=\"https:\/\/www.valcucine.com\/de\/ausfuhrungen\/holzeffektkuechen\/\" target=\"\" rel=\"\" style=\"background-image:url(https:\/\/www.valcucine.com\/wp-content\/uploads\/2024\/06\/404_effetto-legno_introgen.webp?wsr)\"><img src='https:\/\/www.valcucine.com\/wp-content\/uploads\/2024\/06\/404_effetto-legno_introgen.webp?wsr' alt='' style='display:none'><h4>Effekten<\/h4><\/a><\/div>[\/vc_column][\/vc_row][vc_row][vc_column width=&#8220;1\/3&#8243;]<div class=\"block__img__hover\"><a href=\"https:\/\/www.valcucine.com\/de\/ausfuhrungen\/laminat-kuechen\/\" target=\"\" rel=\"\" style=\"background-image:url(https:\/\/www.valcucine.com\/wp-content\/uploads\/2024\/06\/407_laminato_introgen.webp?wsr)\"><img src='https:\/\/www.valcucine.com\/wp-content\/uploads\/2024\/06\/407_laminato_introgen.webp?wsr' alt='' style='display:none'><h4>Laminat<\/h4><\/a><\/div>[\/vc_column][vc_column width=&#8220;1\/3&#8243;]<div class=\"block__img__hover\"><a href=\"https:\/\/www.valcucine.com\/de\/ausfuhrungen\/lackierte-kuechen\/\" target=\"\" rel=\"\" style=\"background-image:url(https:\/\/www.valcucine.com\/wp-content\/uploads\/2024\/06\/408_valcucine-finitura-laccato.webp?wsr)\"><img src='https:\/\/www.valcucine.com\/wp-content\/uploads\/2024\/06\/408_valcucine-finitura-laccato.webp?wsr' alt='' style='display:none'><h4>Lack<\/h4><\/a><\/div>[\/vc_column][vc_column width=&#8220;1\/3&#8243;]<div class=\"block__img__hover\"><a href=\"https:\/\/www.valcucine.com\/de\/ausfuhrungen\/kchen-mit-tech-synthesis\/\" target=\"\" rel=\"\" style=\"background-image:url(https:\/\/www.valcucine.com\/wp-content\/uploads\/2024\/06\/413_tech-synthesis_introgen.webp?wsr)\"><img src='https:\/\/www.valcucine.com\/wp-content\/uploads\/2024\/06\/413_tech-synthesis_introgen.webp?wsr' alt='' style='display:none'><h4>Tech Synthesis<\/h4><\/a><\/div>[\/vc_column][\/vc_row][vc_row][vc_column width=&#8220;1\/3&#8243;]<div class=\"block__img__hover\"><a href=\"https:\/\/www.valcucine.com\/de\/ausfuhrungen\/kuechen-mit-angel-skin-effekt\/\" target=\"\" rel=\"\" style=\"background-image:url(https:\/\/www.valcucine.com\/wp-content\/uploads\/2024\/06\/405_angel-skin_introgen.webp?wsr)\"><img src='https:\/\/www.valcucine.com\/wp-content\/uploads\/2024\/06\/405_angel-skin_introgen.webp?wsr' alt='' style='display:none'><h4>Angel Skin<\/h4><\/a><\/div>[\/vc_column][vc_column width=&#8220;1\/3&#8243;]<div class=\"block__img__hover\"><a href=\"https:\/\/www.valcucine.com\/de\/ausfuhrungen\/eco-konglomerat-kuechen\/\" target=\"\" rel=\"\" style=\"background-image:url(https:\/\/www.valcucine.com\/wp-content\/uploads\/2024\/06\/416_conglomerato-ecogen.webp?wsr)\"><img src='https:\/\/www.valcucine.com\/wp-content\/uploads\/2024\/06\/416_conglomerato-ecogen.webp?wsr' alt='' style='display:none'><h4>Konglomerat Eco<\/h4><\/a><\/div>[\/vc_column][\/vc_row]<\/p>\n<\/div>","protected":false},"excerpt":{"rendered":"<p>[vc_row css=&#8220;.vc_custom_1717064798385{padding-top: 40px !important;padding-bottom: 40px !important;}&#8220;][vc_column][vc_empty_space][\/vc_column][\/vc_row][vc_row][vc_column][vc_column_text] Die Wahrnehmung \u00fcber unseren Tastsinn l\u00e4sst Emotionen aus l\u00e4ngst vergangenen Zeiten in uns erwachen. Sie sind ein Teil von uns und rufen in uns ein Gef\u00fchl von Geborgenheit und Sicherheit hervor, da sie st\u00e4rker sind und tiefer gehen, als das, was wir allein \u00fcber den Sehsinn erfahren. Dieses Gef\u00fchl [&hellip;]<\/p>\n","protected":false},"author":1,"featured_media":0,"parent":0,"menu_order":0,"comment_status":"closed","ping_status":"closed","template":"","meta":{"footnotes":""},"class_list":["post-21931","page","type-page","status-publish","hentry"],"yoast_head":"<!-- This site is optimized with the Yoast SEO plugin v26.2 - https:\/\/yoast.com\/wordpress\/plugins\/seo\/ -->\n<title>Ausf\u00fchrungen - Valcucine<\/title>\n<meta name=\"description\" content=\"Unsere K\u00fcchen wecken Emotionen durch Materialien: die Lichtdurchl\u00e4ssigkeit von Glas, die W\u00e4rme von Holz, die Vielseitigkeit von Laminat, die Best\u00e4ndigkeit von Naturstein und die k\u00fchle Eleganz von Edelstahl.\" \/>\n<meta name=\"robots\" content=\"index, follow, max-snippet:-1, max-image-preview:large, max-video-preview:-1\" \/>\n<link rel=\"canonical\" href=\"https:\/\/www.valcucine.com\/de\/ausfuhrungen\/\" \/>\n<meta property=\"og:locale\" content=\"de_DE\" \/>\n<meta property=\"og:type\" content=\"article\" \/>\n<meta property=\"og:title\" content=\"Ausf\u00fchrungen - Valcucine\" \/>\n<meta property=\"og:description\" content=\"Unsere K\u00fcchen wecken Emotionen durch Materialien: die Lichtdurchl\u00e4ssigkeit von Glas, die W\u00e4rme von Holz, die Vielseitigkeit von Laminat, die Best\u00e4ndigkeit von Naturstein und die k\u00fchle Eleganz von Edelstahl.\" \/>\n<meta property=\"og:url\" content=\"https:\/\/www.valcucine.com\/de\/ausfuhrungen\/\" \/>\n<meta property=\"og:site_name\" content=\"Valcucine\" \/>\n<meta property=\"article:publisher\" content=\"https:\/\/www.facebook.com\/valcucine\/\" \/>\n<meta property=\"article:modified_time\" content=\"2025-09-23T10:13:44+00:00\" \/>\n<meta name=\"twitter:card\" content=\"summary_large_image\" \/>\n<meta name=\"twitter:label1\" content=\"Gesch\u00e4tzte Lesezeit\" \/>\n\t<meta name=\"twitter:data1\" content=\"4\u00a0Minuten\" \/>\n<script type=\"application\/ld+json\" class=\"yoast-schema-graph\">{\"@context\":\"https:\/\/schema.org\",\"@graph\":[{\"@type\":\"WebPage\",\"@id\":\"https:\/\/www.valcucine.com\/de\/ausfuhrungen\/\",\"url\":\"https:\/\/www.valcucine.com\/de\/ausfuhrungen\/\",\"name\":\"Ausf\u00fchrungen - Valcucine\",\"isPartOf\":{\"@id\":\"https:\/\/www.valcucine.com\/#website\"},\"datePublished\":\"2024-03-12T16:39:12+00:00\",\"dateModified\":\"2025-09-23T10:13:44+00:00\",\"description\":\"Unsere K\u00fcchen wecken Emotionen durch Materialien: die Lichtdurchl\u00e4ssigkeit von Glas, die W\u00e4rme von Holz, die Vielseitigkeit von Laminat, die Best\u00e4ndigkeit von Naturstein und die k\u00fchle Eleganz von Edelstahl.\",\"breadcrumb\":{\"@id\":\"https:\/\/www.valcucine.com\/de\/ausfuhrungen\/#breadcrumb\"},\"inLanguage\":\"de\",\"potentialAction\":[{\"@type\":\"ReadAction\",\"target\":[\"https:\/\/www.valcucine.com\/de\/ausfuhrungen\/\"]}]},{\"@type\":\"BreadcrumbList\",\"@id\":\"https:\/\/www.valcucine.com\/de\/ausfuhrungen\/#breadcrumb\",\"itemListElement\":[{\"@type\":\"ListItem\",\"position\":1,\"name\":\"Valcucine\",\"item\":\"https:\/\/www.valcucine.com\/de\/\"},{\"@type\":\"ListItem\",\"position\":2,\"name\":\"Ausf\u00fchrungen\"}]},{\"@type\":\"WebSite\",\"@id\":\"https:\/\/www.valcucine.com\/#website\",\"url\":\"https:\/\/www.valcucine.com\/\",\"name\":\"Valcucine\",\"description\":\"\",\"publisher\":{\"@id\":\"https:\/\/www.valcucine.com\/#organization\"},\"potentialAction\":[{\"@type\":\"SearchAction\",\"target\":{\"@type\":\"EntryPoint\",\"urlTemplate\":\"https:\/\/www.valcucine.com\/?s={search_term_string}\"},\"query-input\":{\"@type\":\"PropertyValueSpecification\",\"valueRequired\":true,\"valueName\":\"search_term_string\"}}],\"inLanguage\":\"de\"},{\"@type\":\"Organization\",\"@id\":\"https:\/\/www.valcucine.com\/#organization\",\"name\":\"Valcucine\",\"url\":\"https:\/\/www.valcucine.com\/\",\"logo\":{\"@type\":\"ImageObject\",\"inLanguage\":\"de\",\"@id\":\"https:\/\/www.valcucine.com\/#\/schema\/logo\/image\/\",\"url\":\"https:\/\/www.valcucine.com\/wp-content\/uploads\/2024\/02\/logo-valcucine.webp?wsr\",\"contentUrl\":\"https:\/\/www.valcucine.com\/wp-content\/uploads\/2024\/02\/logo-valcucine.webp?wsr\",\"width\":288,\"height\":46,\"caption\":\"Valcucine\"},\"image\":{\"@id\":\"https:\/\/www.valcucine.com\/#\/schema\/logo\/image\/\"},\"sameAs\":[\"https:\/\/www.facebook.com\/valcucine\/\",\"https:\/\/www.instagram.com\/valcucine\/\",\"https:\/\/www.linkedin.com\/company\/valcucine\"]}]}<\/script>\n<!-- \/ Yoast SEO plugin. -->","yoast_head_json":{"title":"Ausf\u00fchrungen - Valcucine","description":"Unsere K\u00fcchen wecken Emotionen durch Materialien: die Lichtdurchl\u00e4ssigkeit von Glas, die W\u00e4rme von Holz, die Vielseitigkeit von Laminat, die Best\u00e4ndigkeit von Naturstein und die k\u00fchle Eleganz von Edelstahl.","robots":{"index":"index","follow":"follow","max-snippet":"max-snippet:-1","max-image-preview":"max-image-preview:large","max-video-preview":"max-video-preview:-1"},"canonical":"https:\/\/www.valcucine.com\/de\/ausfuhrungen\/","og_locale":"de_DE","og_type":"article","og_title":"Ausf\u00fchrungen - Valcucine","og_description":"Unsere K\u00fcchen wecken Emotionen durch Materialien: die Lichtdurchl\u00e4ssigkeit von Glas, die W\u00e4rme von Holz, die Vielseitigkeit von Laminat, die Best\u00e4ndigkeit von Naturstein und die k\u00fchle Eleganz von Edelstahl.","og_url":"https:\/\/www.valcucine.com\/de\/ausfuhrungen\/","og_site_name":"Valcucine","article_publisher":"https:\/\/www.facebook.com\/valcucine\/","article_modified_time":"2025-09-23T10:13:44+00:00","twitter_card":"summary_large_image","twitter_misc":{"Gesch\u00e4tzte Lesezeit":"4\u00a0Minuten"},"schema":{"@context":"https:\/\/schema.org","@graph":[{"@type":"WebPage","@id":"https:\/\/www.valcucine.com\/de\/ausfuhrungen\/","url":"https:\/\/www.valcucine.com\/de\/ausfuhrungen\/","name":"Ausf\u00fchrungen - Valcucine","isPartOf":{"@id":"https:\/\/www.valcucine.com\/#website"},"datePublished":"2024-03-12T16:39:12+00:00","dateModified":"2025-09-23T10:13:44+00:00","description":"Unsere K\u00fcchen wecken Emotionen durch Materialien: die Lichtdurchl\u00e4ssigkeit von Glas, die W\u00e4rme von Holz, die Vielseitigkeit von Laminat, die Best\u00e4ndigkeit von Naturstein und die k\u00fchle Eleganz von Edelstahl.","breadcrumb":{"@id":"https:\/\/www.valcucine.com\/de\/ausfuhrungen\/#breadcrumb"},"inLanguage":"de","potentialAction":[{"@type":"ReadAction","target":["https:\/\/www.valcucine.com\/de\/ausfuhrungen\/"]}]},{"@type":"BreadcrumbList","@id":"https:\/\/www.valcucine.com\/de\/ausfuhrungen\/#breadcrumb","itemListElement":[{"@type":"ListItem","position":1,"name":"Valcucine","item":"https:\/\/www.valcucine.com\/de\/"},{"@type":"ListItem","position":2,"name":"Ausf\u00fchrungen"}]},{"@type":"WebSite","@id":"https:\/\/www.valcucine.com\/#website","url":"https:\/\/www.valcucine.com\/","name":"Valcucine","description":"","publisher":{"@id":"https:\/\/www.valcucine.com\/#organization"},"potentialAction":[{"@type":"SearchAction","target":{"@type":"EntryPoint","urlTemplate":"https:\/\/www.valcucine.com\/?s={search_term_string}"},"query-input":{"@type":"PropertyValueSpecification","valueRequired":true,"valueName":"search_term_string"}}],"inLanguage":"de"},{"@type":"Organization","@id":"https:\/\/www.valcucine.com\/#organization","name":"Valcucine","url":"https:\/\/www.valcucine.com\/","logo":{"@type":"ImageObject","inLanguage":"de","@id":"https:\/\/www.valcucine.com\/#\/schema\/logo\/image\/","url":"https:\/\/www.valcucine.com\/wp-content\/uploads\/2024\/02\/logo-valcucine.webp?wsr","contentUrl":"https:\/\/www.valcucine.com\/wp-content\/uploads\/2024\/02\/logo-valcucine.webp?wsr","width":288,"height":46,"caption":"Valcucine"},"image":{"@id":"https:\/\/www.valcucine.com\/#\/schema\/logo\/image\/"},"sameAs":["https:\/\/www.facebook.com\/valcucine\/","https:\/\/www.instagram.com\/valcucine\/","https:\/\/www.linkedin.com\/company\/valcucine"]}]}},"_links":{"self":[{"href":"https:\/\/www.valcucine.com\/de\/wp-json\/wp\/v2\/pages\/21931","targetHints":{"allow":["GET"]}}],"collection":[{"href":"https:\/\/www.valcucine.com\/de\/wp-json\/wp\/v2\/pages"}],"about":[{"href":"https:\/\/www.valcucine.com\/de\/wp-json\/wp\/v2\/types\/page"}],"author":[{"embeddable":true,"href":"https:\/\/www.valcucine.com\/de\/wp-json\/wp\/v2\/users\/1"}],"replies":[{"embeddable":true,"href":"https:\/\/www.valcucine.com\/de\/wp-json\/wp\/v2\/comments?post=21931"}],"version-history":[{"count":24,"href":"https:\/\/www.valcucine.com\/de\/wp-json\/wp\/v2\/pages\/21931\/revisions"}],"predecessor-version":[{"id":51502,"href":"https:\/\/www.valcucine.com\/de\/wp-json\/wp\/v2\/pages\/21931\/revisions\/51502"}],"wp:attachment":[{"href":"https:\/\/www.valcucine.com\/de\/wp-json\/wp\/v2\/media?parent=21931"}],"curies":[{"name":"wp","href":"https:\/\/api.w.org\/{rel}","templated":true}]}}