{"id":26983,"date":"2024-04-16T08:20:52","date_gmt":"2024-04-16T08:20:52","guid":{"rendered":"https:\/\/devel.valcucine.com\/contract\/"},"modified":"2025-06-04T14:06:37","modified_gmt":"2025-06-04T14:06:37","slug":"contract-valcucine","status":"publish","type":"page","link":"https:\/\/www.valcucine.com\/de\/contract-valcucine\/","title":{"rendered":"Contract Valcucine"},"content":{"rendered":"<div class=\"wpb-content-wrapper\"><p>[vc_row css=&#8220;.vc_custom_1713279792236{padding-top: 40px !important;}&#8220;][vc_column css=&#8220;.vc_custom_1713259883974{padding-bottom: 10px !important;}&#8220;]\n        \n        <h1 class=\"text-start  main__title__h1  \" style=\"color:#333333;\"> \n\n         Contract Valcucine\n        \n        <\/h1>[\/vc_column][\/vc_row][vc_row][vc_column css=&#8220;.vc_custom_1713259769036{padding-bottom: 30px !important;}&#8220;][vc_empty_space]\n        \n        <h2 class=\"text-start  main__title__h2  \" style=\"color:#333333;\"> \n\n         Che cosa significa arredamento contract per Valcucine?\n        \n        <\/h2>[vc_empty_space][\/vc_column][\/vc_row][vc_row][vc_column][vc_column_text]La definizione e l\u2019approccio ai contract possono essere diversi in base al tipo di prodotto e al servizio offerto, a chi lo produce, lo progetta e lo vende.<\/p>\n<p>Solitamente con progetto contract si intende un progetto \u201cchiavi in mano\u201d dove tutti o parte degli arredi sono stati personalizzati sulle esigenze del progetto di interni specificate dallo studio di architettura o interior design.<\/p>\n<p>Grazie alla nostra capacit\u00e0 di industrializzazione del design, alla tecnologia del prodotto, all\u2019ampia gamma e componibilit\u00e0 di prodotti, alla flessibilit\u00e0 aziendale e alla rete di partner locali, Valcucine \u00e8 in grado di offrire un servizio contract dedicato all\u2019 high end residential building market.<\/p>\n<p>Un progetto contract Valcucine pu\u00f2 considerare richieste bespoke con flessibilit\u00e0 produttiva; l\u2019utilizzo di finiture speciali e lo sviluppo di prodotti dedicati permettono di soddisfare le diverse esigenze estetiche e funzionali richieste dal progetto d\u2019interni.<\/p>\n<p>In un progetto contract, l&#8217;azienda dialoga con: studi di architettura e di progettazione di interni, developer di progetti immobiliari, proprietari di terreno, general o interior contractor.[\/vc_column_text][\/vc_column][\/vc_row][vc_row][vc_column]\n        \n        <h2 class=\"text-start  main__title__h3  \" style=\"color:#333333;\"> \n\n         NELLA REALIZZAZIONE DI PROGETTI CONTRACT VALCUCINE OFFRE DIRETTAMENTE SERVIZI DI:\n        \n        <\/h2>[vc_empty_space][vc_column_text]<strong>Nella realizzazione di progetti contract, Valcucine offre servizi di:\u00a0<\/strong><\/p>\n<ul>\n<li>Consulenza per la progettazione dell\u2019ambiente cucina (linkeremo la guida)<\/li>\n<li>Affiancamento nelle fasi di creazione del progetto<\/li>\n<li>Realizzazione di moodboard e color concept<\/li>\n<li>Customizzazione del prodotto<\/li>\n<li>Realizzazione di render fotorealistici<\/li>\n<li>Fornitura di informazioni, manuali e schede descrittive<\/li>\n<li>Comissioning<\/li>\n<li>Indicazione del partner locale<\/li>\n<\/ul>\n<p>Nella realizzazione di progetti contract, Valcucine si avvale dei propri partner locali certificati e specializzati nella progettazione di interni e cucine.[\/vc_column_text][\/vc_column][\/vc_row][vc_row][vc_column][vc_empty_space][vc_column_text]<strong>Nella attivit\u00e0 di progettazione contract i partner locali offrono servizi di:\u00a0<\/strong><\/p>\n<ul>\n<li>Sopralluogo<\/li>\n<li>Rilievo<\/li>\n<li>Studio di fattibilit\u00e0<\/li>\n<li>Supporto alla progettazione<\/li>\n<li>Montaggio<\/li>\n<li>Collaudo<\/li>\n<li>Assistenza post vendita in garanzia e fuori garanzia<\/li>\n<\/ul>\n<p>[\/vc_column_text][\/vc_column][\/vc_row][vc_row][vc_column]\n        \n        <h3 class=\"text-start  main__title__h3  \" style=\"color:#333333;\"> \n\n         CREDITI LEED V4.1 (BD+C)\n        \n        <\/h3>[vc_column_text]La recente mappatura LEED v4.1 BD+C garantisce la fornitura di prodotti che possono soddisfare fino a 11\u00a0crediti LEED nelle categorie:<\/p>\n<ul>\n<li><strong>WE <\/strong>WATER EFFICIENCY<\/li>\n<li><strong>EA <\/strong>ENERGY AND ATMOSPHERE<\/li>\n<li><strong>MR <\/strong>MATERIALS AND RESOURCES<\/li>\n<li><strong>EQ <\/strong>INDOOR ENVIRONMENTAL QUALITY<\/li>\n<li><strong>IN <\/strong>PILOT CREDIT<\/li>\n<\/ul>\n<p><a href=\"https:\/\/www.valcucine.com\/de\/unternehmen\/esg\/leed-v4-1\/\" target=\"_blank\" rel=\"noopener\">Contribuzione LEED Valcucine<\/a>[\/vc_column_text][\/vc_column][\/vc_row][vc_row][vc_column][vc_empty_space][vc_column_text]<strong>Sistemi ergonomici all&#8217;avanguardia\u00a0<\/strong><\/p>\n<p>Le cucine Valcucine sono progettate per soddisfare moltissime esigenze di funzionalit\u00e0 ed ergonomia. Diversi elementi speciali garantiscono una soluzione ergonomica per diverse necessit\u00e0 progettuali. Altezze e profondit\u00e0 vengono progettate secondo le esigenze della persona, ottimizzando la visibilit\u00e0 e semplificando tutti i gesti, dall\u2019accesso ai pensili alla presa delle ante. Proporzioni e funzionalit\u00e0 pensate per massimizzare la semplicit\u00e0 e la sicurezza d\u2019uso.[\/vc_column_text][\/vc_column][\/vc_row][vc_row css=&#8220;.vc_custom_1713279822616{margin-bottom: 40px !important;}&#8220;][vc_column][vc_separator color=&#8220;custom&#8220; el_width=&#8220;10&#8243; accent_color=&#8220;#666666&#8243;][\/vc_column][\/vc_row]<\/p>\n<\/div>","protected":false},"excerpt":{"rendered":"<p>[vc_row css=&#8220;.vc_custom_1713279792236{padding-top: 40px !important;}&#8220;][vc_column css=&#8220;.vc_custom_1713259883974{padding-bottom: 10px !important;}&#8220;][\/vc_column][\/vc_row][vc_row][vc_column css=&#8220;.vc_custom_1713259769036{padding-bottom: 30px !important;}&#8220;][vc_empty_space][vc_empty_space][\/vc_column][\/vc_row][vc_row][vc_column][vc_column_text]La definizione e l\u2019approccio ai contract possono essere diversi in base al tipo di prodotto e al servizio offerto, a chi lo produce, lo progetta e lo vende. Solitamente con progetto contract si intende un progetto \u201cchiavi in mano\u201d dove tutti o parte degli arredi sono [&hellip;]<\/p>\n","protected":false},"author":1,"featured_media":0,"parent":0,"menu_order":0,"comment_status":"closed","ping_status":"closed","template":"","meta":{"footnotes":""},"class_list":["post-26983","page","type-page","status-publish","hentry"],"yoast_head":"<!-- This site is optimized with the Yoast SEO plugin v26.2 - https:\/\/yoast.com\/wordpress\/plugins\/seo\/ -->\n<title>Contract Valcucine - Valcucine<\/title>\n<meta name=\"robots\" content=\"index, follow, max-snippet:-1, max-image-preview:large, max-video-preview:-1\" \/>\n<link rel=\"canonical\" href=\"https:\/\/www.valcucine.com\/de\/contract-valcucine\/\" \/>\n<meta property=\"og:locale\" content=\"de_DE\" \/>\n<meta property=\"og:type\" content=\"article\" \/>\n<meta property=\"og:title\" content=\"Contract Valcucine - Valcucine\" \/>\n<meta property=\"og:description\" content=\"[vc_row css=&#8220;.vc_custom_1713279792236{padding-top: 40px !important;}&#8220;][vc_column css=&#8220;.vc_custom_1713259883974{padding-bottom: 10px !important;}&#8220;][\/vc_column][\/vc_row][vc_row][vc_column css=&#8220;.vc_custom_1713259769036{padding-bottom: 30px !important;}&#8220;][vc_empty_space][vc_empty_space][\/vc_column][\/vc_row][vc_row][vc_column][vc_column_text]La definizione e l\u2019approccio ai contract possono essere diversi in base al tipo di prodotto e al servizio offerto, a chi lo produce, lo progetta e lo vende. Solitamente con progetto contract si intende un progetto \u201cchiavi in mano\u201d dove tutti o parte degli arredi sono [&hellip;]\" \/>\n<meta property=\"og:url\" content=\"https:\/\/www.valcucine.com\/de\/contract-valcucine\/\" \/>\n<meta property=\"og:site_name\" content=\"Valcucine\" \/>\n<meta property=\"article:publisher\" content=\"https:\/\/www.facebook.com\/valcucine\/\" \/>\n<meta property=\"article:modified_time\" content=\"2025-06-04T14:06:37+00:00\" \/>\n<meta name=\"twitter:card\" content=\"summary_large_image\" \/>\n<meta name=\"twitter:label1\" content=\"Gesch\u00e4tzte Lesezeit\" \/>\n\t<meta name=\"twitter:data1\" content=\"3\u00a0Minuten\" \/>\n<script type=\"application\/ld+json\" class=\"yoast-schema-graph\">{\"@context\":\"https:\/\/schema.org\",\"@graph\":[{\"@type\":\"WebPage\",\"@id\":\"https:\/\/www.valcucine.com\/de\/contract-valcucine\/\",\"url\":\"https:\/\/www.valcucine.com\/de\/contract-valcucine\/\",\"name\":\"Contract Valcucine - Valcucine\",\"isPartOf\":{\"@id\":\"https:\/\/www.valcucine.com\/#website\"},\"datePublished\":\"2024-04-16T08:20:52+00:00\",\"dateModified\":\"2025-06-04T14:06:37+00:00\",\"breadcrumb\":{\"@id\":\"https:\/\/www.valcucine.com\/de\/contract-valcucine\/#breadcrumb\"},\"inLanguage\":\"de\",\"potentialAction\":[{\"@type\":\"ReadAction\",\"target\":[\"https:\/\/www.valcucine.com\/de\/contract-valcucine\/\"]}]},{\"@type\":\"BreadcrumbList\",\"@id\":\"https:\/\/www.valcucine.com\/de\/contract-valcucine\/#breadcrumb\",\"itemListElement\":[{\"@type\":\"ListItem\",\"position\":1,\"name\":\"Valcucine\",\"item\":\"https:\/\/www.valcucine.com\/de\/\"},{\"@type\":\"ListItem\",\"position\":2,\"name\":\"Contract Valcucine\"}]},{\"@type\":\"WebSite\",\"@id\":\"https:\/\/www.valcucine.com\/#website\",\"url\":\"https:\/\/www.valcucine.com\/\",\"name\":\"Valcucine\",\"description\":\"\",\"publisher\":{\"@id\":\"https:\/\/www.valcucine.com\/#organization\"},\"potentialAction\":[{\"@type\":\"SearchAction\",\"target\":{\"@type\":\"EntryPoint\",\"urlTemplate\":\"https:\/\/www.valcucine.com\/?s={search_term_string}\"},\"query-input\":{\"@type\":\"PropertyValueSpecification\",\"valueRequired\":true,\"valueName\":\"search_term_string\"}}],\"inLanguage\":\"de\"},{\"@type\":\"Organization\",\"@id\":\"https:\/\/www.valcucine.com\/#organization\",\"name\":\"Valcucine\",\"url\":\"https:\/\/www.valcucine.com\/\",\"logo\":{\"@type\":\"ImageObject\",\"inLanguage\":\"de\",\"@id\":\"https:\/\/www.valcucine.com\/#\/schema\/logo\/image\/\",\"url\":\"https:\/\/www.valcucine.com\/wp-content\/uploads\/2024\/02\/logo-valcucine.webp?wsr\",\"contentUrl\":\"https:\/\/www.valcucine.com\/wp-content\/uploads\/2024\/02\/logo-valcucine.webp?wsr\",\"width\":288,\"height\":46,\"caption\":\"Valcucine\"},\"image\":{\"@id\":\"https:\/\/www.valcucine.com\/#\/schema\/logo\/image\/\"},\"sameAs\":[\"https:\/\/www.facebook.com\/valcucine\/\",\"https:\/\/www.instagram.com\/valcucine\/\",\"https:\/\/www.linkedin.com\/company\/valcucine\"]}]}<\/script>\n<!-- \/ Yoast SEO plugin. -->","yoast_head_json":{"title":"Contract Valcucine - Valcucine","robots":{"index":"index","follow":"follow","max-snippet":"max-snippet:-1","max-image-preview":"max-image-preview:large","max-video-preview":"max-video-preview:-1"},"canonical":"https:\/\/www.valcucine.com\/de\/contract-valcucine\/","og_locale":"de_DE","og_type":"article","og_title":"Contract Valcucine - Valcucine","og_description":"[vc_row css=&#8220;.vc_custom_1713279792236{padding-top: 40px !important;}&#8220;][vc_column css=&#8220;.vc_custom_1713259883974{padding-bottom: 10px !important;}&#8220;][\/vc_column][\/vc_row][vc_row][vc_column css=&#8220;.vc_custom_1713259769036{padding-bottom: 30px !important;}&#8220;][vc_empty_space][vc_empty_space][\/vc_column][\/vc_row][vc_row][vc_column][vc_column_text]La definizione e l\u2019approccio ai contract possono essere diversi in base al tipo di prodotto e al servizio offerto, a chi lo produce, lo progetta e lo vende. Solitamente con progetto contract si intende un progetto \u201cchiavi in mano\u201d dove tutti o parte degli arredi sono [&hellip;]","og_url":"https:\/\/www.valcucine.com\/de\/contract-valcucine\/","og_site_name":"Valcucine","article_publisher":"https:\/\/www.facebook.com\/valcucine\/","article_modified_time":"2025-06-04T14:06:37+00:00","twitter_card":"summary_large_image","twitter_misc":{"Gesch\u00e4tzte Lesezeit":"3\u00a0Minuten"},"schema":{"@context":"https:\/\/schema.org","@graph":[{"@type":"WebPage","@id":"https:\/\/www.valcucine.com\/de\/contract-valcucine\/","url":"https:\/\/www.valcucine.com\/de\/contract-valcucine\/","name":"Contract Valcucine - Valcucine","isPartOf":{"@id":"https:\/\/www.valcucine.com\/#website"},"datePublished":"2024-04-16T08:20:52+00:00","dateModified":"2025-06-04T14:06:37+00:00","breadcrumb":{"@id":"https:\/\/www.valcucine.com\/de\/contract-valcucine\/#breadcrumb"},"inLanguage":"de","potentialAction":[{"@type":"ReadAction","target":["https:\/\/www.valcucine.com\/de\/contract-valcucine\/"]}]},{"@type":"BreadcrumbList","@id":"https:\/\/www.valcucine.com\/de\/contract-valcucine\/#breadcrumb","itemListElement":[{"@type":"ListItem","position":1,"name":"Valcucine","item":"https:\/\/www.valcucine.com\/de\/"},{"@type":"ListItem","position":2,"name":"Contract Valcucine"}]},{"@type":"WebSite","@id":"https:\/\/www.valcucine.com\/#website","url":"https:\/\/www.valcucine.com\/","name":"Valcucine","description":"","publisher":{"@id":"https:\/\/www.valcucine.com\/#organization"},"potentialAction":[{"@type":"SearchAction","target":{"@type":"EntryPoint","urlTemplate":"https:\/\/www.valcucine.com\/?s={search_term_string}"},"query-input":{"@type":"PropertyValueSpecification","valueRequired":true,"valueName":"search_term_string"}}],"inLanguage":"de"},{"@type":"Organization","@id":"https:\/\/www.valcucine.com\/#organization","name":"Valcucine","url":"https:\/\/www.valcucine.com\/","logo":{"@type":"ImageObject","inLanguage":"de","@id":"https:\/\/www.valcucine.com\/#\/schema\/logo\/image\/","url":"https:\/\/www.valcucine.com\/wp-content\/uploads\/2024\/02\/logo-valcucine.webp?wsr","contentUrl":"https:\/\/www.valcucine.com\/wp-content\/uploads\/2024\/02\/logo-valcucine.webp?wsr","width":288,"height":46,"caption":"Valcucine"},"image":{"@id":"https:\/\/www.valcucine.com\/#\/schema\/logo\/image\/"},"sameAs":["https:\/\/www.facebook.com\/valcucine\/","https:\/\/www.instagram.com\/valcucine\/","https:\/\/www.linkedin.com\/company\/valcucine"]}]}},"_links":{"self":[{"href":"https:\/\/www.valcucine.com\/de\/wp-json\/wp\/v2\/pages\/26983","targetHints":{"allow":["GET"]}}],"collection":[{"href":"https:\/\/www.valcucine.com\/de\/wp-json\/wp\/v2\/pages"}],"about":[{"href":"https:\/\/www.valcucine.com\/de\/wp-json\/wp\/v2\/types\/page"}],"author":[{"embeddable":true,"href":"https:\/\/www.valcucine.com\/de\/wp-json\/wp\/v2\/users\/1"}],"replies":[{"embeddable":true,"href":"https:\/\/www.valcucine.com\/de\/wp-json\/wp\/v2\/comments?post=26983"}],"version-history":[{"count":4,"href":"https:\/\/www.valcucine.com\/de\/wp-json\/wp\/v2\/pages\/26983\/revisions"}],"predecessor-version":[{"id":44842,"href":"https:\/\/www.valcucine.com\/de\/wp-json\/wp\/v2\/pages\/26983\/revisions\/44842"}],"wp:attachment":[{"href":"https:\/\/www.valcucine.com\/de\/wp-json\/wp\/v2\/media?parent=26983"}],"curies":[{"name":"wp","href":"https:\/\/api.w.org\/{rel}","templated":true}]}}