{"id":42282,"date":"2024-12-06T09:01:05","date_gmt":"2024-12-06T09:01:05","guid":{"rendered":"https:\/\/www.valcucine.com\/?page_id=42282"},"modified":"2024-12-10T10:15:27","modified_gmt":"2024-12-10T10:15:27","slug":"pocket-door-system","status":"publish","type":"page","link":"https:\/\/www.valcucine.com\/de\/spezielle-eigenschaften\/pocket-door-system\/","title":{"rendered":"Pocket door system"},"content":{"rendered":"<div class=\"wpb-content-wrapper\"><p>[vc_row][vc_column]\n\t\t\t<!-- START POCKET DOOR SYSTEM REVOLUTION SLIDER 6.7.38 --><p class=\"rs-p-wp-fix\"><\/p>\n\t\t\t<rs-module-wrap id=\"rev_slider_243_1_wrapper\" data-source=\"gallery\" style=\"visibility:hidden;background:transparent;padding:0;margin:0px auto;margin-top:0;margin-bottom:0;\">\n\t\t\t\t<rs-module id=\"rev_slider_243_1\" style=\"\" data-version=\"6.7.38\">\n\t\t\t\t\t<rs-slides style=\"overflow: hidden; position: absolute;\">\n\t\t\t\t\t\t<rs-slide style=\"position: absolute;\" data-key=\"rs-1232\" data-title=\"Slide\" data-thumb=\"\/\/www.valcucine.com\/wp-content\/uploads\/2025\/01\/POCKET-DOOR-SYSTEM_OPEN1-50x100.jpg\" data-in=\"o:0;\" data-out=\"a:false;\">\n\t\t\t\t\t\t\t<img decoding=\"async\" src=\"\/\/www.valcucine.com\/wp-content\/plugins\/revslider\/sr6\/assets\/assets\/dummy.png\" alt=\"POCKET DOOR SYSTEM\" title=\"POCKET DOOR SYSTEM_OPEN1\" width=\"1200\" height=\"600\" class=\"rev-slidebg tp-rs-img rs-lazyload\" data-lazyload=\"\/\/www.valcucine.com\/wp-content\/uploads\/2025\/01\/POCKET-DOOR-SYSTEM_OPEN1.jpg\" data-no-retina>\n<!---->\t\t\t\t\t<\/rs-slide>\n\t\t\t\t\t\t<rs-slide style=\"position: absolute;\" data-key=\"rs-1233\" data-title=\"Slide\" data-thumb=\"\/\/www.valcucine.com\/wp-content\/uploads\/2025\/01\/POCKET-DOOR-SYSTEM_CLOSED1-50x100.jpg\" data-in=\"o:0;\" data-out=\"a:false;\">\n\t\t\t\t\t\t\t<img decoding=\"async\" src=\"\/\/www.valcucine.com\/wp-content\/plugins\/revslider\/sr6\/assets\/assets\/dummy.png\" alt=\"POCKET DOOR SYSTEM\" title=\"POCKET DOOR SYSTEM_CLOSED1\" width=\"1200\" height=\"600\" class=\"rev-slidebg tp-rs-img rs-lazyload\" data-lazyload=\"\/\/www.valcucine.com\/wp-content\/uploads\/2025\/01\/POCKET-DOOR-SYSTEM_CLOSED1.jpg\" data-no-retina>\n<!---->\t\t\t\t\t<\/rs-slide>\n\t\t\t\t\t<\/rs-slides>\n\t\t\t\t<\/rs-module>\n\t\t\t\t<script>\n\t\t\t\t\tsetREVStartSize({c: 'rev_slider_243_1',rl:[1240,1024,778,480],el:[900],gw:[1240],gh:[900],type:'standard',justify:'',layout:'fullwidth',mh:\"0\"});if (window.RS_MODULES!==undefined && window.RS_MODULES.modules!==undefined && window.RS_MODULES.modules[\"revslider2431\"]!==undefined) {window.RS_MODULES.modules[\"revslider2431\"].once = false;window.revapi243 = undefined;if (window.RS_MODULES.checkMinimal!==undefined) window.RS_MODULES.checkMinimal()}\n\t\t\t\t<\/script>\n\t\t\t<\/rs-module-wrap>\n\t\t\t<!-- END REVOLUTION SLIDER -->\n[\/vc_column][\/vc_row][vc_row full_width=&#8220;stretch_row_content_no_spaces&#8220;][vc_column]<div class='sticky__subslider d-none d-lg-block'><div class='sticky__subslider__wrapper container'><div class='sticky__subslider__wrapper__left'><span class='sticky__subslider__title'>Pocket door system:<\/span><\/div><div class='sticky__subslider__wrapper__right'><a href='https:\/\/www.valcucine.com\/store-locator\/' target='' rel=''><span>Trova rivenditore<\/span><\/a><a href='https:\/\/www.valcucine.com\/wp-content\/uploads\/2024\/03\/catalogo_ecosophia.pdf' target='' rel=''><span>Download catalogo<\/span><\/a><\/div><\/div><\/div>[\/vc_column][\/vc_row][vc_row][vc_column]\n        \n        <h1 class=\"text-center  main__title__h1  vc_custom_1733475721875 \" style=\"color:#333333;\"> \n\n         Pocket door system\n        \n        <\/h1>[\/vc_column][\/vc_row][vc_row][vc_column width=&#8220;1\/2&#8243;][vc_single_image image=&#8220;42461&#8243; img_size=&#8220;full&#8220;][\/vc_column][vc_column width=&#8220;1\/2&#8243;][vc_empty_space][vc_column_text]Mit dem Pocket door System er\u00f6ffnen sich neue M\u00f6glichkeiten, multifunktionale R\u00e4ume zu erschaffen. Dank seiner vollst\u00e4ndig integrierten Technik lassen sich ganze Wohnbereiche bei Bedarf seitlich \u00f6ffnen und bei Nichtgebrauch einfach wieder verschlie\u00dfen. Egal ob in der Einzel- oder Doppelversion, die K\u00fcche l\u00e4sst sich immer\u00a0 vollst\u00e4ndig in einem speziellen Schrank verbergen.<\/p>\n<p>Die T\u00fcr bewegt sich flie\u00dfend, l\u00e4sst sich <strong>einpacken<\/strong> und in ein Seitenfach einpassen, wodurch die Innenausstattung und der gesamte Arbeitsbereich sichtbar werden. Auf diese Weise ist alles in Reichweite und kann auf die praktischste und effizienteste Weise genutzt werden. Nach Beendigung der Arbeit schlie\u00dft sich die T\u00fcr wieder, so dass alles nicht mehr zu sehen ist und sofort wieder Ordnung herrscht und der Raum sauber und aufger\u00e4umt ist.[\/vc_column_text][\/vc_column][\/vc_row][vc_row][vc_column][vc_separator color=&#8220;custom&#8220; el_width=&#8220;10&#8243; accent_color=&#8220;#666666&#8243;][\/vc_column][\/vc_row][vc_row css=&#8220;.vc_custom_1710836476451{margin-bottom: 40px !important;}&#8220;][vc_column]<div class='menu__page'><a href='https:\/\/www.valcucine.com\/de\/store-locator\/' target='' rel=''>TFACHH\u00c4NDLER FINDEN<\/a><a href='https:\/\/www.valcucine.com\/wp-content\/uploads\/2024\/03\/catalogo_ecosophia.pdf' target='_blank' rel=''>KATALOG HERUNTERLADEN<\/a><\/div>[\/vc_column][\/vc_row]<\/p>\n<\/div>","protected":false},"excerpt":{"rendered":"<p>[vc_row][vc_column][\/vc_column][\/vc_row][vc_row full_width=&#8220;stretch_row_content_no_spaces&#8220;][vc_column][\/vc_column][\/vc_row][vc_row][vc_column][\/vc_column][\/vc_row][vc_row][vc_column width=&#8220;1\/2&#8243;][vc_single_image image=&#8220;42461&#8243; img_size=&#8220;full&#8220;][\/vc_column][vc_column width=&#8220;1\/2&#8243;][vc_empty_space][vc_column_text]Mit dem Pocket door System er\u00f6ffnen sich neue M\u00f6glichkeiten, multifunktionale R\u00e4ume zu erschaffen. Dank seiner vollst\u00e4ndig integrierten Technik lassen sich ganze Wohnbereiche bei Bedarf seitlich \u00f6ffnen und bei Nichtgebrauch einfach wieder verschlie\u00dfen. Egal ob in der Einzel- oder Doppelversion, die K\u00fcche l\u00e4sst sich immer\u00a0 vollst\u00e4ndig in einem speziellen Schrank verbergen. [&hellip;]<\/p>\n","protected":false},"author":2,"featured_media":0,"parent":21286,"menu_order":0,"comment_status":"closed","ping_status":"closed","template":"","meta":{"footnotes":""},"class_list":["post-42282","page","type-page","status-publish","hentry"],"yoast_head":"<!-- This site is optimized with the Yoast SEO plugin v26.2 - https:\/\/yoast.com\/wordpress\/plugins\/seo\/ -->\n<title>Pocket door system - Valcucine<\/title>\n<meta name=\"description\" content=\"Mit dem Pocket door System er\u00f6ffnen sich neue M\u00f6glichkeiten, multifunktionale R\u00e4ume zu erschaffen. Dank seiner vollst\u00e4ndig integrierten Technik lassen sich ganze Wohnbereiche bei Bedarf seitlich \u00f6ffnen und bei Nichtgebrauch einfach wieder verschlie\u00dfen. Egal ob in der Einzel- oder Doppelversion, die K\u00fcche l\u00e4sst sich immer\u00a0 vollst\u00e4ndig in einem speziellen Schrank verbergen.\" \/>\n<meta name=\"robots\" content=\"index, follow, max-snippet:-1, max-image-preview:large, max-video-preview:-1\" \/>\n<link rel=\"canonical\" href=\"https:\/\/www.valcucine.com\/de\/spezielle-eigenschaften\/pocket-door-system\/\" \/>\n<meta property=\"og:locale\" content=\"de_DE\" \/>\n<meta property=\"og:type\" content=\"article\" \/>\n<meta property=\"og:title\" content=\"Pocket door system - Valcucine\" \/>\n<meta property=\"og:description\" content=\"Mit dem Pocket door System er\u00f6ffnen sich neue M\u00f6glichkeiten, multifunktionale R\u00e4ume zu erschaffen. Dank seiner vollst\u00e4ndig integrierten Technik lassen sich ganze Wohnbereiche bei Bedarf seitlich \u00f6ffnen und bei Nichtgebrauch einfach wieder verschlie\u00dfen. Egal ob in der Einzel- oder Doppelversion, die K\u00fcche l\u00e4sst sich immer\u00a0 vollst\u00e4ndig in einem speziellen Schrank verbergen.\" \/>\n<meta property=\"og:url\" content=\"https:\/\/www.valcucine.com\/de\/spezielle-eigenschaften\/pocket-door-system\/\" \/>\n<meta property=\"og:site_name\" content=\"Valcucine\" \/>\n<meta property=\"article:publisher\" content=\"https:\/\/www.facebook.com\/valcucine\/\" \/>\n<meta property=\"article:modified_time\" content=\"2024-12-10T10:15:27+00:00\" \/>\n<meta name=\"twitter:card\" content=\"summary_large_image\" \/>\n<meta name=\"twitter:label1\" content=\"Gesch\u00e4tzte Lesezeit\" \/>\n\t<meta name=\"twitter:data1\" content=\"1\u00a0Minute\" \/>\n<script type=\"application\/ld+json\" class=\"yoast-schema-graph\">{\"@context\":\"https:\/\/schema.org\",\"@graph\":[{\"@type\":\"WebPage\",\"@id\":\"https:\/\/www.valcucine.com\/de\/spezielle-eigenschaften\/pocket-door-system\/\",\"url\":\"https:\/\/www.valcucine.com\/de\/spezielle-eigenschaften\/pocket-door-system\/\",\"name\":\"Pocket door system - Valcucine\",\"isPartOf\":{\"@id\":\"https:\/\/www.valcucine.com\/#website\"},\"datePublished\":\"2024-12-06T09:01:05+00:00\",\"dateModified\":\"2024-12-10T10:15:27+00:00\",\"description\":\"Mit dem Pocket door System er\u00f6ffnen sich neue M\u00f6glichkeiten, multifunktionale R\u00e4ume zu erschaffen. Dank seiner vollst\u00e4ndig integrierten Technik lassen sich ganze Wohnbereiche bei Bedarf seitlich \u00f6ffnen und bei Nichtgebrauch einfach wieder verschlie\u00dfen. Egal ob in der Einzel- oder Doppelversion, die K\u00fcche l\u00e4sst sich immer\u00a0 vollst\u00e4ndig in einem speziellen Schrank verbergen.\",\"breadcrumb\":{\"@id\":\"https:\/\/www.valcucine.com\/de\/spezielle-eigenschaften\/pocket-door-system\/#breadcrumb\"},\"inLanguage\":\"de\",\"potentialAction\":[{\"@type\":\"ReadAction\",\"target\":[\"https:\/\/www.valcucine.com\/de\/spezielle-eigenschaften\/pocket-door-system\/\"]}]},{\"@type\":\"BreadcrumbList\",\"@id\":\"https:\/\/www.valcucine.com\/de\/spezielle-eigenschaften\/pocket-door-system\/#breadcrumb\",\"itemListElement\":[{\"@type\":\"ListItem\",\"position\":1,\"name\":\"Valcucine\",\"item\":\"https:\/\/www.valcucine.com\/de\/\"},{\"@type\":\"ListItem\",\"position\":2,\"name\":\"Spezialelemente\",\"item\":\"https:\/\/www.valcucine.com\/de\/spezielle-eigenschaften\/\"},{\"@type\":\"ListItem\",\"position\":3,\"name\":\"Pocket door system\"}]},{\"@type\":\"WebSite\",\"@id\":\"https:\/\/www.valcucine.com\/#website\",\"url\":\"https:\/\/www.valcucine.com\/\",\"name\":\"Valcucine\",\"description\":\"\",\"publisher\":{\"@id\":\"https:\/\/www.valcucine.com\/#organization\"},\"potentialAction\":[{\"@type\":\"SearchAction\",\"target\":{\"@type\":\"EntryPoint\",\"urlTemplate\":\"https:\/\/www.valcucine.com\/?s={search_term_string}\"},\"query-input\":{\"@type\":\"PropertyValueSpecification\",\"valueRequired\":true,\"valueName\":\"search_term_string\"}}],\"inLanguage\":\"de\"},{\"@type\":\"Organization\",\"@id\":\"https:\/\/www.valcucine.com\/#organization\",\"name\":\"Valcucine\",\"url\":\"https:\/\/www.valcucine.com\/\",\"logo\":{\"@type\":\"ImageObject\",\"inLanguage\":\"de\",\"@id\":\"https:\/\/www.valcucine.com\/#\/schema\/logo\/image\/\",\"url\":\"https:\/\/www.valcucine.com\/wp-content\/uploads\/2024\/02\/logo-valcucine.webp?wsr\",\"contentUrl\":\"https:\/\/www.valcucine.com\/wp-content\/uploads\/2024\/02\/logo-valcucine.webp?wsr\",\"width\":288,\"height\":46,\"caption\":\"Valcucine\"},\"image\":{\"@id\":\"https:\/\/www.valcucine.com\/#\/schema\/logo\/image\/\"},\"sameAs\":[\"https:\/\/www.facebook.com\/valcucine\/\",\"https:\/\/www.instagram.com\/valcucine\/\",\"https:\/\/www.linkedin.com\/company\/valcucine\"]}]}<\/script>\n<!-- \/ Yoast SEO plugin. -->","yoast_head_json":{"title":"Pocket door system - Valcucine","description":"Mit dem Pocket door System er\u00f6ffnen sich neue M\u00f6glichkeiten, multifunktionale R\u00e4ume zu erschaffen. Dank seiner vollst\u00e4ndig integrierten Technik lassen sich ganze Wohnbereiche bei Bedarf seitlich \u00f6ffnen und bei Nichtgebrauch einfach wieder verschlie\u00dfen. Egal ob in der Einzel- oder Doppelversion, die K\u00fcche l\u00e4sst sich immer\u00a0 vollst\u00e4ndig in einem speziellen Schrank verbergen.","robots":{"index":"index","follow":"follow","max-snippet":"max-snippet:-1","max-image-preview":"max-image-preview:large","max-video-preview":"max-video-preview:-1"},"canonical":"https:\/\/www.valcucine.com\/de\/spezielle-eigenschaften\/pocket-door-system\/","og_locale":"de_DE","og_type":"article","og_title":"Pocket door system - Valcucine","og_description":"Mit dem Pocket door System er\u00f6ffnen sich neue M\u00f6glichkeiten, multifunktionale R\u00e4ume zu erschaffen. Dank seiner vollst\u00e4ndig integrierten Technik lassen sich ganze Wohnbereiche bei Bedarf seitlich \u00f6ffnen und bei Nichtgebrauch einfach wieder verschlie\u00dfen. Egal ob in der Einzel- oder Doppelversion, die K\u00fcche l\u00e4sst sich immer\u00a0 vollst\u00e4ndig in einem speziellen Schrank verbergen.","og_url":"https:\/\/www.valcucine.com\/de\/spezielle-eigenschaften\/pocket-door-system\/","og_site_name":"Valcucine","article_publisher":"https:\/\/www.facebook.com\/valcucine\/","article_modified_time":"2024-12-10T10:15:27+00:00","twitter_card":"summary_large_image","twitter_misc":{"Gesch\u00e4tzte Lesezeit":"1\u00a0Minute"},"schema":{"@context":"https:\/\/schema.org","@graph":[{"@type":"WebPage","@id":"https:\/\/www.valcucine.com\/de\/spezielle-eigenschaften\/pocket-door-system\/","url":"https:\/\/www.valcucine.com\/de\/spezielle-eigenschaften\/pocket-door-system\/","name":"Pocket door system - Valcucine","isPartOf":{"@id":"https:\/\/www.valcucine.com\/#website"},"datePublished":"2024-12-06T09:01:05+00:00","dateModified":"2024-12-10T10:15:27+00:00","description":"Mit dem Pocket door System er\u00f6ffnen sich neue M\u00f6glichkeiten, multifunktionale R\u00e4ume zu erschaffen. Dank seiner vollst\u00e4ndig integrierten Technik lassen sich ganze Wohnbereiche bei Bedarf seitlich \u00f6ffnen und bei Nichtgebrauch einfach wieder verschlie\u00dfen. Egal ob in der Einzel- oder Doppelversion, die K\u00fcche l\u00e4sst sich immer\u00a0 vollst\u00e4ndig in einem speziellen Schrank verbergen.","breadcrumb":{"@id":"https:\/\/www.valcucine.com\/de\/spezielle-eigenschaften\/pocket-door-system\/#breadcrumb"},"inLanguage":"de","potentialAction":[{"@type":"ReadAction","target":["https:\/\/www.valcucine.com\/de\/spezielle-eigenschaften\/pocket-door-system\/"]}]},{"@type":"BreadcrumbList","@id":"https:\/\/www.valcucine.com\/de\/spezielle-eigenschaften\/pocket-door-system\/#breadcrumb","itemListElement":[{"@type":"ListItem","position":1,"name":"Valcucine","item":"https:\/\/www.valcucine.com\/de\/"},{"@type":"ListItem","position":2,"name":"Spezialelemente","item":"https:\/\/www.valcucine.com\/de\/spezielle-eigenschaften\/"},{"@type":"ListItem","position":3,"name":"Pocket door system"}]},{"@type":"WebSite","@id":"https:\/\/www.valcucine.com\/#website","url":"https:\/\/www.valcucine.com\/","name":"Valcucine","description":"","publisher":{"@id":"https:\/\/www.valcucine.com\/#organization"},"potentialAction":[{"@type":"SearchAction","target":{"@type":"EntryPoint","urlTemplate":"https:\/\/www.valcucine.com\/?s={search_term_string}"},"query-input":{"@type":"PropertyValueSpecification","valueRequired":true,"valueName":"search_term_string"}}],"inLanguage":"de"},{"@type":"Organization","@id":"https:\/\/www.valcucine.com\/#organization","name":"Valcucine","url":"https:\/\/www.valcucine.com\/","logo":{"@type":"ImageObject","inLanguage":"de","@id":"https:\/\/www.valcucine.com\/#\/schema\/logo\/image\/","url":"https:\/\/www.valcucine.com\/wp-content\/uploads\/2024\/02\/logo-valcucine.webp?wsr","contentUrl":"https:\/\/www.valcucine.com\/wp-content\/uploads\/2024\/02\/logo-valcucine.webp?wsr","width":288,"height":46,"caption":"Valcucine"},"image":{"@id":"https:\/\/www.valcucine.com\/#\/schema\/logo\/image\/"},"sameAs":["https:\/\/www.facebook.com\/valcucine\/","https:\/\/www.instagram.com\/valcucine\/","https:\/\/www.linkedin.com\/company\/valcucine"]}]}},"_links":{"self":[{"href":"https:\/\/www.valcucine.com\/de\/wp-json\/wp\/v2\/pages\/42282","targetHints":{"allow":["GET"]}}],"collection":[{"href":"https:\/\/www.valcucine.com\/de\/wp-json\/wp\/v2\/pages"}],"about":[{"href":"https:\/\/www.valcucine.com\/de\/wp-json\/wp\/v2\/types\/page"}],"author":[{"embeddable":true,"href":"https:\/\/www.valcucine.com\/de\/wp-json\/wp\/v2\/users\/2"}],"replies":[{"embeddable":true,"href":"https:\/\/www.valcucine.com\/de\/wp-json\/wp\/v2\/comments?post=42282"}],"version-history":[{"count":4,"href":"https:\/\/www.valcucine.com\/de\/wp-json\/wp\/v2\/pages\/42282\/revisions"}],"predecessor-version":[{"id":42468,"href":"https:\/\/www.valcucine.com\/de\/wp-json\/wp\/v2\/pages\/42282\/revisions\/42468"}],"up":[{"embeddable":true,"href":"https:\/\/www.valcucine.com\/de\/wp-json\/wp\/v2\/pages\/21286"}],"wp:attachment":[{"href":"https:\/\/www.valcucine.com\/de\/wp-json\/wp\/v2\/media?parent=42282"}],"curies":[{"name":"wp","href":"https:\/\/api.w.org\/{rel}","templated":true}]}}