{"id":44583,"date":"2024-03-15T08:43:34","date_gmt":"2024-03-15T08:43:34","guid":{"rendered":"https:\/\/www.valcucine.com\/multi-unit-kitchen-projects\/"},"modified":"2025-06-04T14:00:50","modified_gmt":"2025-06-04T14:00:50","slug":"kuechenprojekte-fuer-den-contract-bereich","status":"publish","type":"page","link":"https:\/\/www.valcucine.com\/de\/kuechenprojekte-fuer-den-contract-bereich\/","title":{"rendered":"K\u00fcchenprojekte f\u00fcr den Contract-Bereich"},"content":{"rendered":"<div class=\"wpb-content-wrapper\"><p>[vc_row css=&#8220;.vc_custom_1709739912507{padding-top: 40px !important;padding-bottom: 40px !important;}&#8220;][vc_column]\n        \n        <h1 class=\"text-center  main__title__h1  \" style=\"color:#333333;\"> \n\n         K\u00fcchenprojekte f\u00fcr den Contract-Bereich\n        \n        <\/h1>\n        \n        <h2 class=\"text-center  main__title__h2  \" style=\"color:#333333;\"> \n\n         Was bedeutet \u201eK\u00fcchenprojekte f\u00fcr den Contract-Bereich\u201c f\u00fcr Valcucine?\n        \n        <\/h2>[\/vc_column][\/vc_row][vc_row][vc_column][vc_column_text]<\/p>\n<p class=\"\" data-start=\"273\" data-end=\"803\">F\u00fcr Valcucine bezieht sich der Begriff \u201eK\u00fcchenprojekte f\u00fcr den Contract-Bereich\u201c auf die Ausstattung von hochwertigen Wohnbauprojekten.<br data-start=\"408\" data-end=\"411\" \/>In der M\u00f6belbranche, insbesondere auf dem amerikanischen Markt, wird viel \u00fcber K\u00fcchenprojekte im Contract-Bereich, Wohnanlagen mit mehreren Einheiten und entsprechende Entwicklungsvertr\u00e4ge gesprochen. Doch nicht alle Contract-L\u00f6sungen sind gleich: Ihre Definition und Herangehensweise k\u00f6nnen je nach Produkttyp, angebotener Dienstleistung sowie dem Hersteller, Designer und H\u00e4ndler variieren.<\/p>\n<p class=\"\" data-start=\"805\" data-end=\"977\">Zun\u00e4chst geh\u00f6ren \u201eK\u00fcchenprojekte f\u00fcr den Contract-Bereich\u201c zur Welt des <strong data-start=\"877\" data-end=\"899\">Contract-Gesch\u00e4fts<\/strong>, das mit einem weitaus komplexeren und umfassenderen Konzept verbunden ist.<\/p>\n<p class=\"\" data-start=\"979\" data-end=\"1236\">Ein Contract-Projekt ist in der Regel ein schl\u00fcsselfertiges Projekt, bei dem s\u00e4mtliche oder ein Teil der M\u00f6bel an die spezifischen Anforderungen des Interior-Design-Konzepts angepasst wurden \u2013 wie von einem Architektur- oder Innenarchitekturb\u00fcro festgelegt.<\/p>\n<p class=\"\" data-start=\"1238\" data-end=\"1526\">Dank der industriellen Fertigungskapazit\u00e4t, moderner Produkttechnologie, der gro\u00dfen Vielfalt und Modularit\u00e4t des Sortiments, der Flexibilit\u00e4t des Unternehmens sowie eines Netzwerks lokaler Partner ist Valcucine in der Lage, einen Contract-Service f\u00fcr den gehobenen Wohnungsbau anzubieten.<\/p>\n<p class=\"\" data-start=\"1528\" data-end=\"1932\">Ein K\u00fcchenprojekt f\u00fcr den Contract-Bereich von Valcucine kann auch ma\u00dfgeschneiderte M\u00f6bel mit flexibler Produktion umfassen. Spezielle Oberfl\u00e4chen und die Entwicklung individueller Produkte erm\u00f6glichen es, die \u00e4sthetischen und funktionalen Anforderungen eines Interior-Design-Projekts zu erf\u00fcllen. Im Laufe der Jahre haben wir Penth\u00e4user und Luxuswohnungen im Rahmen solcher Wohnbauprojekte ausgestattet.<\/p>\n<p class=\"\" data-start=\"1934\" data-end=\"2158\">Zur Realisierung von K\u00fcchenprojekten f\u00fcr den Contract-Bereich arbeitet Valcucine mit Architekturb\u00fcros, Innenarchitekturb\u00fcros, Bautr\u00e4gern, Grundst\u00fcckseigent\u00fcmern sowie Generalunternehmern oder Innenausbauunternehmen zusammen.<\/p>\n<p class=\"\" data-start=\"2160\" data-end=\"2416\">Das Architektur- oder Innenarchitekturb\u00fcro ist in der ersten Phase der Spezifikationserstellung beteiligt. W\u00e4hrend das Architekturb\u00fcro sich auf die Struktur und Architektur konzentriert, liegt der Fokus des Innenarchitekturb\u00fcros auf M\u00f6beln und Oberfl\u00e4chen.<\/p>\n<p class=\"\" data-start=\"2418\" data-end=\"2569\">Der Generalunternehmer koordiniert das gesamte Projekt und wird dabei h\u00e4ufig von einem Beschaffungsunternehmen und einem Kostenkontrolleur unterst\u00fctzt.<\/p>\n<p class=\"\" data-start=\"2571\" data-end=\"2702\">Hersteller und Subunternehmer \u2013 die unter anderem die K\u00fcche f\u00fcr die Musterwohnung liefern \u2013 befinden sich am Ende der Projektkette.<\/p>\n<p>[\/vc_column_text][\/vc_column][\/vc_row][vc_row][vc_column][vc_column_text]<\/p>\n<p class=\"\" data-start=\"2709\" data-end=\"3133\"><strong data-start=\"2709\" data-end=\"2818\">ZUR UMSETZUNG VON K\u00dcCHENPROJEKTEN F\u00dcR DEN CONTRACT-BEREICH BIETET VALCUCINE FOLGENDE DIENSTLEISTUNGEN AN:<\/strong><br data-start=\"2818\" data-end=\"2821\" \/>\u2013 Beratung zur K\u00fcchenplanung<br data-start=\"2849\" data-end=\"2852\" \/>\u2013 Unterst\u00fctzung in der Konzeptionsphase<br data-start=\"2891\" data-end=\"2894\" \/>\u2013 Erstellung von Moodboards und Farbkonzepten<br data-start=\"2939\" data-end=\"2942\" \/>\u2013 Produktanpassung<br data-start=\"2960\" data-end=\"2963\" \/>\u2013 Erstellung fotorealistischer Renderings<br data-start=\"3004\" data-end=\"3007\" \/>\u2013 Bereitstellung von Informationen, Handb\u00fcchern und technischen Datenbl\u00e4ttern<br data-start=\"3084\" data-end=\"3087\" \/>\u2013 Inbetriebnahme<br data-start=\"3103\" data-end=\"3106\" \/>\u2013 Auswahl lokaler Partner<\/p>\n<p class=\"\" data-start=\"3135\" data-end=\"3318\">Bei der Umsetzung von K\u00fcchenprojekten f\u00fcr den Contract-Bereich arbeitet Valcucine mit zertifizierten lokalen Partnern zusammen, die auf Innenarchitektur und K\u00fcchen spezialisiert sind.<\/p>\n<hr class=\"\" data-start=\"3320\" data-end=\"3323\" \/>\n<p class=\"\" data-start=\"3325\" data-end=\"3504\"><strong data-start=\"3325\" data-end=\"3379\">UNSERE LOKALEN PARTNER BIETEN FOLGENDE LEISTUNGEN:<\/strong><br data-start=\"3379\" data-end=\"3382\" \/>\u2013 Standortbesichtigung<br data-start=\"3404\" data-end=\"3407\" \/>\u2013 Aufma\u00df<br data-start=\"3415\" data-end=\"3418\" \/>\u2013 Machbarkeitsstudie<br data-start=\"3438\" data-end=\"3441\" \/>\u2013 Planungsunterst\u00fctzung<br data-start=\"3464\" data-end=\"3467\" \/>\u2013 Montage<br data-start=\"3476\" data-end=\"3479\" \/>\u2013 Testl\u00e4ufe<br data-start=\"3490\" data-end=\"3493\" \/>\u2013 Wartung<\/p>\n<hr class=\"\" data-start=\"3506\" data-end=\"3509\" \/>\n<p class=\"\" data-start=\"3511\" data-end=\"3568\"><strong data-start=\"3511\" data-end=\"3568\">ZUS\u00c4TZLICH GARANTIERT VALCUCINE BEI DIESEN PROJEKTEN:<\/strong><\/p>\n<p class=\"\" data-start=\"3570\" data-end=\"3684\"><strong data-start=\"3570\" data-end=\"3594\">PRODUKTIONSKAPAZIT\u00c4T<\/strong><br data-start=\"3594\" data-end=\"3597\" \/>Valcucine kann K\u00fcchen in gro\u00dfen Mengen produzieren \u2013 bei gleichbleibend hoher Qualit\u00e4t.<\/p>\n<p class=\"\" data-start=\"3686\" data-end=\"3978\"><strong data-start=\"3686\" data-end=\"3702\">LEED-CREDITS<\/strong><br data-start=\"3702\" data-end=\"3705\" \/>Dank der aktuellen Bewertung LEED v4 BD+C und ID+C k\u00f6nnen wir K\u00fcchen liefern, die bis zu 11 LEED-Credits in folgenden Kategorien erreichen:<br data-start=\"3844\" data-end=\"3847\" \/>WE \u2013 Wasser-Effizienz<br data-start=\"3868\" data-end=\"3871\" \/>EA \u2013 Energie und Atmosph\u00e4re<br data-start=\"3898\" data-end=\"3901\" \/>MR \u2013 Materialien und Ressourcen<br data-start=\"3932\" data-end=\"3935\" \/>EQ \u2013 Raumluftqualit\u00e4t<br data-start=\"3956\" data-end=\"3959\" \/>IN \u2013 Pilot-Credit<\/p>\n<p class=\"\" data-start=\"3980\" data-end=\"4029\">Hier geht\u2019s zur LEED-Beitragsmatrix von Valcucine<\/p>\n<p class=\"\" data-start=\"4031\" data-end=\"4153\"><strong data-start=\"4031\" data-end=\"4064\">MAXIMALE PLANUNGSFLEXIBILIT\u00c4T<\/strong><br data-start=\"4064\" data-end=\"4067\" \/>Planer k\u00f6nnen f\u00fcr ein und dasselbe Projekt unterschiedliche Oberfl\u00e4chen spezifizieren.<\/p>\n<p class=\"\" data-start=\"4155\" data-end=\"4278\"><strong data-start=\"4155\" data-end=\"4196\">SPEZIALPRODUKTE UND K\u00dcCHENOBERFL\u00c4CHEN<\/strong><br data-start=\"4196\" data-end=\"4199\" \/>T\u00fcren, Arbeitsplatten und K\u00fcchenelemente mit Spezialoberfl\u00e4chen sind verf\u00fcgbar.<\/p>\n<p class=\"\" data-start=\"4280\" data-end=\"4461\"><strong data-start=\"4280\" data-end=\"4322\">AUFTRAGSABWICKLUNG IM CONTRACT-BEREICH<\/strong><br data-start=\"4322\" data-end=\"4325\" \/>Valcucine kann die Produktion und Lieferung der K\u00fcchen koordinieren und gemeinsam mit lokalen Partnern die Montage vor Ort organisieren.<\/p>\n<p class=\"\" data-start=\"4463\" data-end=\"4678\"><strong data-start=\"4463\" data-end=\"4499\">WERKSEITIG VORMONTIERTE PRODUKTE<\/strong><br data-start=\"4499\" data-end=\"4502\" \/>Die M\u00f6bel von Valcucine werden vollst\u00e4ndig vormontiert geliefert \u2013 inklusive Griffen und Innenausstattung. Das erleichtert die Installation vor Ort und minimiert Fehlerquellen.<\/p>\n<p class=\"\" data-start=\"4680\" data-end=\"4944\"><strong data-start=\"4680\" data-end=\"4710\">NEUESTE K\u00dcCHENTECHNOLOGIEN<\/strong><br data-start=\"4710\" data-end=\"4713\" \/>Valcucine-K\u00fcchen verf\u00fcgen \u00fcber automatisch schlie\u00dfende Schubladen und T\u00fcren, Glast\u00fcren und -regale, scharnierlose Glast\u00fcren, komplett aus Aluminium gefertigte T\u00fcren und Unterbauten, die am Ende ihres Lebenszyklus demontierbar sind.<\/p>\n<p class=\"\" data-start=\"4946\" data-end=\"5391\"><strong data-start=\"4946\" data-end=\"5000\">ERGONOMISCHE K\u00dcCHENSYSTEME DER NEUESTEN GENERATION<\/strong><br data-start=\"5000\" data-end=\"5003\" \/>Unsere K\u00fcchen sind auf verschiedenste funktionale und ergonomische Anforderungen ausgelegt. Spezielle Elemente sorgen f\u00fcr ergonomische L\u00f6sungen, bei denen H\u00f6hen und Tiefen auf den Nutzer abgestimmt sind \u2013 f\u00fcr bessere Sichtbarkeit und leichtere Handhabung, vom \u00d6ffnen der H\u00e4ngeschr\u00e4nke bis zum Greifen der T\u00fcren. Alles ist so gestaltet, dass einfache und sichere Nutzung gew\u00e4hrleistet ist.<\/p>\n<p class=\"\" data-start=\"5393\" data-end=\"5743\"><strong data-start=\"5393\" data-end=\"5430\">SICHERE MATERIALIEN F\u00dcR DIE K\u00dcCHE<\/strong><br data-start=\"5430\" data-end=\"5433\" \/>Ziel all unserer Projekte ist das Wohlbefinden und die Gesundheit der Nutzer. Dies gelingt nur durch den konsequenten Respekt gegen\u00fcber Mensch und Umwelt. Wir minimieren toxische Emissionen, eliminieren sch\u00e4dliche Stoffe wie Formaldehyd, verwenden wasserbasierte Lacke und kontrollieren radioaktive Substanzen.<\/p>\n<p class=\"\" data-start=\"5745\" data-end=\"6450\"><strong data-start=\"5745\" data-end=\"5778\">REDUKTION DER UMWELTBELASTUNG<\/strong><br data-start=\"5778\" data-end=\"5781\" \/>Das Wohlbefinden der Menschen ist untrennbar mit dem Schutz unseres Planeten verbunden. Deshalb sind unsere wichtigsten Projekte auch die ethischsten: Unser Design zielt auf die Reduzierung der Materialmenge und deren Umweltauswirkungen ab. Dies wird durch die Zertifikate ISO14001 und FSC\u00ae sowie durch die Einhaltung der LEED v4.1-Richtlinien garantiert.<br data-start=\"6136\" data-end=\"6139\" \/>Unser Hauptsitz in Pordenone wird zu 30\u202f% durch eine Photovoltaikanlage mit Strom versorgt.<\/p>\n<p class=\"\" data-start=\"5745\" data-end=\"6450\"><br data-start=\"6230\" data-end=\"6233\" \/>Bereits 1998 gr\u00fcndeten wir den gemeinn\u00fctzigen Verein Bioforest, um eine bewusstere und verantwortungsvollere Produktionskultur zu f\u00f6rdern \u2013 mit dem Ziel, nat\u00fcrliche Ressourcen aktiv zu sch\u00fctzen und wiederherzustellen.<\/p>\n<p>[\/vc_column_text][\/vc_column][\/vc_row][vc_row css=&#8220;.vc_custom_1710778288217{margin-bottom: 40px !important;}&#8220;][vc_column][\/vc_column][\/vc_row]<\/p>\n<\/div>","protected":false},"excerpt":{"rendered":"<p>[vc_row css=&#8220;.vc_custom_1709739912507{padding-top: 40px !important;padding-bottom: 40px !important;}&#8220;][vc_column][\/vc_column][\/vc_row][vc_row][vc_column][vc_column_text] F\u00fcr Valcucine bezieht sich der Begriff \u201eK\u00fcchenprojekte f\u00fcr den Contract-Bereich\u201c auf die Ausstattung von hochwertigen Wohnbauprojekten.In der M\u00f6belbranche, insbesondere auf dem amerikanischen Markt, wird viel \u00fcber K\u00fcchenprojekte im Contract-Bereich, Wohnanlagen mit mehreren Einheiten und entsprechende Entwicklungsvertr\u00e4ge gesprochen. Doch nicht alle Contract-L\u00f6sungen sind gleich: Ihre Definition und Herangehensweise k\u00f6nnen je [&hellip;]<\/p>\n","protected":false},"author":1,"featured_media":0,"parent":0,"menu_order":0,"comment_status":"closed","ping_status":"closed","template":"","meta":{"footnotes":""},"class_list":["post-44583","page","type-page","status-publish","hentry"],"yoast_head":"<!-- This site is optimized with the Yoast SEO plugin v26.2 - https:\/\/yoast.com\/wordpress\/plugins\/seo\/ -->\n<title>K\u00fcchenprojekte f\u00fcr den Contract-Bereich | Valcucine<\/title>\n<meta name=\"description\" content=\"Valcucine bietet ma\u00dfgeschneiderte K\u00fcchenprojekte f\u00fcr den Contract-Bereich: hochwertige L\u00f6sungen, flexible Planung, nachhaltige Materialien und umfassende Services f\u00fcr exklusive Wohnbauprojekte.\" \/>\n<meta name=\"robots\" content=\"index, follow, max-snippet:-1, max-image-preview:large, max-video-preview:-1\" \/>\n<link rel=\"canonical\" href=\"https:\/\/www.valcucine.com\/de\/kuechenprojekte-fuer-den-contract-bereich\/\" \/>\n<meta property=\"og:locale\" content=\"de_DE\" \/>\n<meta property=\"og:type\" content=\"article\" \/>\n<meta property=\"og:title\" content=\"K\u00fcchenprojekte f\u00fcr den Contract-Bereich | Valcucine\" \/>\n<meta property=\"og:description\" content=\"Valcucine bietet ma\u00dfgeschneiderte K\u00fcchenprojekte f\u00fcr den Contract-Bereich: hochwertige L\u00f6sungen, flexible Planung, nachhaltige Materialien und umfassende Services f\u00fcr exklusive Wohnbauprojekte.\" \/>\n<meta property=\"og:url\" content=\"https:\/\/www.valcucine.com\/de\/kuechenprojekte-fuer-den-contract-bereich\/\" \/>\n<meta property=\"og:site_name\" content=\"Valcucine\" \/>\n<meta property=\"article:publisher\" content=\"https:\/\/www.facebook.com\/valcucine\/\" \/>\n<meta property=\"article:modified_time\" content=\"2025-06-04T14:00:50+00:00\" \/>\n<meta name=\"twitter:card\" content=\"summary_large_image\" \/>\n<meta name=\"twitter:label1\" content=\"Gesch\u00e4tzte Lesezeit\" \/>\n\t<meta name=\"twitter:data1\" content=\"4\u00a0Minuten\" \/>\n<script type=\"application\/ld+json\" class=\"yoast-schema-graph\">{\"@context\":\"https:\/\/schema.org\",\"@graph\":[{\"@type\":\"WebPage\",\"@id\":\"https:\/\/www.valcucine.com\/de\/kuechenprojekte-fuer-den-contract-bereich\/\",\"url\":\"https:\/\/www.valcucine.com\/de\/kuechenprojekte-fuer-den-contract-bereich\/\",\"name\":\"K\u00fcchenprojekte f\u00fcr den Contract-Bereich | Valcucine\",\"isPartOf\":{\"@id\":\"https:\/\/www.valcucine.com\/#website\"},\"datePublished\":\"2024-03-15T08:43:34+00:00\",\"dateModified\":\"2025-06-04T14:00:50+00:00\",\"description\":\"Valcucine bietet ma\u00dfgeschneiderte K\u00fcchenprojekte f\u00fcr den Contract-Bereich: hochwertige L\u00f6sungen, flexible Planung, nachhaltige Materialien und umfassende Services f\u00fcr exklusive Wohnbauprojekte.\",\"breadcrumb\":{\"@id\":\"https:\/\/www.valcucine.com\/de\/kuechenprojekte-fuer-den-contract-bereich\/#breadcrumb\"},\"inLanguage\":\"de\",\"potentialAction\":[{\"@type\":\"ReadAction\",\"target\":[\"https:\/\/www.valcucine.com\/de\/kuechenprojekte-fuer-den-contract-bereich\/\"]}]},{\"@type\":\"BreadcrumbList\",\"@id\":\"https:\/\/www.valcucine.com\/de\/kuechenprojekte-fuer-den-contract-bereich\/#breadcrumb\",\"itemListElement\":[{\"@type\":\"ListItem\",\"position\":1,\"name\":\"Valcucine\",\"item\":\"https:\/\/www.valcucine.com\/de\/\"},{\"@type\":\"ListItem\",\"position\":2,\"name\":\"K\u00fcchenprojekte f\u00fcr den Contract-Bereich\"}]},{\"@type\":\"WebSite\",\"@id\":\"https:\/\/www.valcucine.com\/#website\",\"url\":\"https:\/\/www.valcucine.com\/\",\"name\":\"Valcucine\",\"description\":\"\",\"publisher\":{\"@id\":\"https:\/\/www.valcucine.com\/#organization\"},\"potentialAction\":[{\"@type\":\"SearchAction\",\"target\":{\"@type\":\"EntryPoint\",\"urlTemplate\":\"https:\/\/www.valcucine.com\/?s={search_term_string}\"},\"query-input\":{\"@type\":\"PropertyValueSpecification\",\"valueRequired\":true,\"valueName\":\"search_term_string\"}}],\"inLanguage\":\"de\"},{\"@type\":\"Organization\",\"@id\":\"https:\/\/www.valcucine.com\/#organization\",\"name\":\"Valcucine\",\"url\":\"https:\/\/www.valcucine.com\/\",\"logo\":{\"@type\":\"ImageObject\",\"inLanguage\":\"de\",\"@id\":\"https:\/\/www.valcucine.com\/#\/schema\/logo\/image\/\",\"url\":\"https:\/\/www.valcucine.com\/wp-content\/uploads\/2024\/02\/logo-valcucine.webp?wsr\",\"contentUrl\":\"https:\/\/www.valcucine.com\/wp-content\/uploads\/2024\/02\/logo-valcucine.webp?wsr\",\"width\":288,\"height\":46,\"caption\":\"Valcucine\"},\"image\":{\"@id\":\"https:\/\/www.valcucine.com\/#\/schema\/logo\/image\/\"},\"sameAs\":[\"https:\/\/www.facebook.com\/valcucine\/\",\"https:\/\/www.instagram.com\/valcucine\/\",\"https:\/\/www.linkedin.com\/company\/valcucine\"]}]}<\/script>\n<!-- \/ Yoast SEO plugin. -->","yoast_head_json":{"title":"K\u00fcchenprojekte f\u00fcr den Contract-Bereich | Valcucine","description":"Valcucine bietet ma\u00dfgeschneiderte K\u00fcchenprojekte f\u00fcr den Contract-Bereich: hochwertige L\u00f6sungen, flexible Planung, nachhaltige Materialien und umfassende Services f\u00fcr exklusive Wohnbauprojekte.","robots":{"index":"index","follow":"follow","max-snippet":"max-snippet:-1","max-image-preview":"max-image-preview:large","max-video-preview":"max-video-preview:-1"},"canonical":"https:\/\/www.valcucine.com\/de\/kuechenprojekte-fuer-den-contract-bereich\/","og_locale":"de_DE","og_type":"article","og_title":"K\u00fcchenprojekte f\u00fcr den Contract-Bereich | Valcucine","og_description":"Valcucine bietet ma\u00dfgeschneiderte K\u00fcchenprojekte f\u00fcr den Contract-Bereich: hochwertige L\u00f6sungen, flexible Planung, nachhaltige Materialien und umfassende Services f\u00fcr exklusive Wohnbauprojekte.","og_url":"https:\/\/www.valcucine.com\/de\/kuechenprojekte-fuer-den-contract-bereich\/","og_site_name":"Valcucine","article_publisher":"https:\/\/www.facebook.com\/valcucine\/","article_modified_time":"2025-06-04T14:00:50+00:00","twitter_card":"summary_large_image","twitter_misc":{"Gesch\u00e4tzte Lesezeit":"4\u00a0Minuten"},"schema":{"@context":"https:\/\/schema.org","@graph":[{"@type":"WebPage","@id":"https:\/\/www.valcucine.com\/de\/kuechenprojekte-fuer-den-contract-bereich\/","url":"https:\/\/www.valcucine.com\/de\/kuechenprojekte-fuer-den-contract-bereich\/","name":"K\u00fcchenprojekte f\u00fcr den Contract-Bereich | Valcucine","isPartOf":{"@id":"https:\/\/www.valcucine.com\/#website"},"datePublished":"2024-03-15T08:43:34+00:00","dateModified":"2025-06-04T14:00:50+00:00","description":"Valcucine bietet ma\u00dfgeschneiderte K\u00fcchenprojekte f\u00fcr den Contract-Bereich: hochwertige L\u00f6sungen, flexible Planung, nachhaltige Materialien und umfassende Services f\u00fcr exklusive Wohnbauprojekte.","breadcrumb":{"@id":"https:\/\/www.valcucine.com\/de\/kuechenprojekte-fuer-den-contract-bereich\/#breadcrumb"},"inLanguage":"de","potentialAction":[{"@type":"ReadAction","target":["https:\/\/www.valcucine.com\/de\/kuechenprojekte-fuer-den-contract-bereich\/"]}]},{"@type":"BreadcrumbList","@id":"https:\/\/www.valcucine.com\/de\/kuechenprojekte-fuer-den-contract-bereich\/#breadcrumb","itemListElement":[{"@type":"ListItem","position":1,"name":"Valcucine","item":"https:\/\/www.valcucine.com\/de\/"},{"@type":"ListItem","position":2,"name":"K\u00fcchenprojekte f\u00fcr den Contract-Bereich"}]},{"@type":"WebSite","@id":"https:\/\/www.valcucine.com\/#website","url":"https:\/\/www.valcucine.com\/","name":"Valcucine","description":"","publisher":{"@id":"https:\/\/www.valcucine.com\/#organization"},"potentialAction":[{"@type":"SearchAction","target":{"@type":"EntryPoint","urlTemplate":"https:\/\/www.valcucine.com\/?s={search_term_string}"},"query-input":{"@type":"PropertyValueSpecification","valueRequired":true,"valueName":"search_term_string"}}],"inLanguage":"de"},{"@type":"Organization","@id":"https:\/\/www.valcucine.com\/#organization","name":"Valcucine","url":"https:\/\/www.valcucine.com\/","logo":{"@type":"ImageObject","inLanguage":"de","@id":"https:\/\/www.valcucine.com\/#\/schema\/logo\/image\/","url":"https:\/\/www.valcucine.com\/wp-content\/uploads\/2024\/02\/logo-valcucine.webp?wsr","contentUrl":"https:\/\/www.valcucine.com\/wp-content\/uploads\/2024\/02\/logo-valcucine.webp?wsr","width":288,"height":46,"caption":"Valcucine"},"image":{"@id":"https:\/\/www.valcucine.com\/#\/schema\/logo\/image\/"},"sameAs":["https:\/\/www.facebook.com\/valcucine\/","https:\/\/www.instagram.com\/valcucine\/","https:\/\/www.linkedin.com\/company\/valcucine"]}]}},"_links":{"self":[{"href":"https:\/\/www.valcucine.com\/de\/wp-json\/wp\/v2\/pages\/44583","targetHints":{"allow":["GET"]}}],"collection":[{"href":"https:\/\/www.valcucine.com\/de\/wp-json\/wp\/v2\/pages"}],"about":[{"href":"https:\/\/www.valcucine.com\/de\/wp-json\/wp\/v2\/types\/page"}],"author":[{"embeddable":true,"href":"https:\/\/www.valcucine.com\/de\/wp-json\/wp\/v2\/users\/1"}],"replies":[{"embeddable":true,"href":"https:\/\/www.valcucine.com\/de\/wp-json\/wp\/v2\/comments?post=44583"}],"version-history":[{"count":3,"href":"https:\/\/www.valcucine.com\/de\/wp-json\/wp\/v2\/pages\/44583\/revisions"}],"predecessor-version":[{"id":44587,"href":"https:\/\/www.valcucine.com\/de\/wp-json\/wp\/v2\/pages\/44583\/revisions\/44587"}],"wp:attachment":[{"href":"https:\/\/www.valcucine.com\/de\/wp-json\/wp\/v2\/media?parent=44583"}],"curies":[{"name":"wp","href":"https:\/\/api.w.org\/{rel}","templated":true}]}}