{"id":14576,"date":"2024-03-01T08:27:01","date_gmt":"2024-03-01T08:27:01","guid":{"rendered":"https:\/\/devel.valcucine.com\/empresa\/mission\/"},"modified":"2025-12-16T10:36:31","modified_gmt":"2025-12-16T10:36:31","slug":"mision-y-valor","status":"publish","type":"page","link":"https:\/\/www.valcucine.com\/es\/empresa\/mision-y-valor\/","title":{"rendered":"Misi\u00f3n y Valor"},"content":{"rendered":"<div class=\"wpb-content-wrapper\"><p>[vc_row css=\u00bb.vc_custom_1709740056130{padding-top: 40px !important;padding-bottom: 40px !important;}\u00bb][vc_column]\n        \n        <h1 class=\"text-center  main__title__h1  \" style=\"color:#333333;\"> \n\n         Misi\u00f3n y Valor\n        \n        <\/h1>\n        \n        <h2 class=\"text-center  main__title__h2  vc_custom_1765881400322 \" style=\"color:#333333;\"> \n\n         Bienestar, innovaci\u00f3n, sostenibilidad, artesan\u00eda\n        \n        <\/h2>[\/vc_column][\/vc_row][vc_row][vc_column][vc_column_text css=\u00bb\u00bb]<\/p>\n<p style=\"text-align: center;\">Ponemos en el centro al hombre y su <strong>bienestar<\/strong>, estimulando sus sentidos en una experiencia de placer cotidiano.<br \/>\nDibujamos cocinas \u00fanicas, hechas para durar generaciones, impermeables a las tendencias, atemporales: expresi\u00f3n de una <strong>artesan\u00eda <\/strong>que se renueva con maestr\u00eda en el presente.<br \/>\nHacemos de la cocina una experiencia extraordinaria mediante la<strong> innovaci\u00f3n <\/strong>constante de formas y materiales.<br \/>\nUsamos los recursos del planeta de manera consciente, poniendo en primer t\u00e9rmino la <strong>sostenibilidad <\/strong>y el respeto por la naturaleza.<\/p>\n<p>[\/vc_column_text][\/vc_column][\/vc_row][vc_row][vc_column][vc_separator color=\u00bbcustom\u00bb el_width=\u00bb10&#8243; accent_color=\u00bb#333333&#8243;][\/vc_column][\/vc_row][vc_row][vc_column width=\u00bb1\/2&#8243;]<div class=\"block__img__hover\"><a href=\"https:\/\/www.valcucine.com\/es\/empresa\/mission\/bienestar\/\" target=\"\" rel=\"\" style=\"background-image:url(https:\/\/www.valcucine.com\/wp-content\/uploads\/2024\/03\/186_benessere.jpg?wsr)\"><img src='https:\/\/www.valcucine.com\/wp-content\/uploads\/2024\/03\/186_benessere.jpg?wsr' alt='' style='display:none'><h4>Bienestar<\/h4><\/a><\/div>[\/vc_column][vc_column width=\u00bb1\/2&#8243;]<div class=\"block__img__hover\"><a href=\"https:\/\/www.valcucine.com\/es\/empresa\/mission\/atemporalidad\/\" target=\"\" rel=\"\" style=\"background-image:url(https:\/\/www.valcucine.com\/wp-content\/uploads\/2024\/03\/205_senza-tempo.webp?wsr)\"><img src='https:\/\/www.valcucine.com\/wp-content\/uploads\/2024\/03\/205_senza-tempo.webp?wsr' alt='' style='display:none'><h4>Atemporalidad<\/h4><\/a><\/div>[\/vc_column][\/vc_row][vc_row css=\u00bb.vc_custom_1709828641825{margin-bottom: 40px !important;}\u00bb][vc_column width=\u00bb1\/2&#8243;]<div class=\"block__img__hover\"><a href=\"https:\/\/www.valcucine.com\/es\/empresa\/mission\/innovacion\/\" target=\"\" rel=\"\" style=\"background-image:url(https:\/\/www.valcucine.com\/wp-content\/uploads\/2024\/03\/206_innovazione.webp?wsr)\"><img src='https:\/\/www.valcucine.com\/wp-content\/uploads\/2024\/03\/206_innovazione.webp?wsr' alt='' style='display:none'><h4>Innovaci\u00f3n<\/h4><\/a><\/div>[\/vc_column][vc_column width=\u00bb1\/2&#8243;]<div class=\"block__img__hover\"><a href=\"https:\/\/www.valcucine.com\/es\/empresa\/mission\/sostenibilidad\/\" target=\"\" rel=\"\" style=\"background-image:url(https:\/\/www.valcucine.com\/wp-content\/uploads\/2024\/03\/352_sostenibilita.webp?wsr)\"><img src='https:\/\/www.valcucine.com\/wp-content\/uploads\/2024\/03\/352_sostenibilita.webp?wsr' alt='' style='display:none'><h4>Sostenibilidad<\/h4><\/a><\/div>[\/vc_column][\/vc_row]<\/p>\n<\/div>","protected":false},"excerpt":{"rendered":"<p>[vc_row css=\u00bb.vc_custom_1709740056130{padding-top: 40px !important;padding-bottom: 40px !important;}\u00bb][vc_column][\/vc_column][\/vc_row][vc_row][vc_column][vc_column_text css=\u00bb\u00bb] Ponemos en el centro al hombre y su bienestar, estimulando sus sentidos en una experiencia de placer cotidiano. Dibujamos cocinas \u00fanicas, hechas para durar generaciones, impermeables a las tendencias, atemporales: expresi\u00f3n de una artesan\u00eda que se renueva con maestr\u00eda en el presente. Hacemos de la cocina una experiencia [&hellip;]<\/p>\n","protected":false},"author":1,"featured_media":0,"parent":14566,"menu_order":0,"comment_status":"closed","ping_status":"closed","template":"","meta":{"footnotes":""},"class_list":["post-14576","page","type-page","status-publish","hentry"],"yoast_head":"<!-- This site is optimized with the Yoast SEO plugin v26.2 - https:\/\/yoast.com\/wordpress\/plugins\/seo\/ -->\n<title>Misi\u00f3n y Valor<\/title>\n<meta name=\"description\" content=\"Des cuisines intemporelles con\u00e7ues pour durer : bien-\u00eatre, innovation et durabilit\u00e9 au c\u0153ur d&#039;une exp\u00e9rience sensorielle quotidienne.\" \/>\n<meta name=\"robots\" content=\"index, follow, max-snippet:-1, max-image-preview:large, max-video-preview:-1\" \/>\n<link rel=\"canonical\" href=\"https:\/\/www.valcucine.com\/es\/empresa\/mision-y-valor\/\" \/>\n<meta property=\"og:locale\" content=\"es_ES\" \/>\n<meta property=\"og:type\" content=\"article\" \/>\n<meta property=\"og:title\" content=\"Misi\u00f3n y Valor\" \/>\n<meta property=\"og:description\" content=\"Des cuisines intemporelles con\u00e7ues pour durer : bien-\u00eatre, innovation et durabilit\u00e9 au c\u0153ur d&#039;une exp\u00e9rience sensorielle quotidienne.\" \/>\n<meta property=\"og:url\" content=\"https:\/\/www.valcucine.com\/es\/empresa\/mision-y-valor\/\" \/>\n<meta property=\"og:site_name\" content=\"Valcucine\" \/>\n<meta property=\"article:publisher\" content=\"https:\/\/www.facebook.com\/valcucine\/\" \/>\n<meta property=\"article:modified_time\" content=\"2025-12-16T10:36:31+00:00\" \/>\n<meta name=\"twitter:card\" content=\"summary_large_image\" \/>\n<meta name=\"twitter:label1\" content=\"Tiempo de lectura\" \/>\n\t<meta name=\"twitter:data1\" content=\"1 minuto\" \/>\n<script type=\"application\/ld+json\" class=\"yoast-schema-graph\">{\"@context\":\"https:\/\/schema.org\",\"@graph\":[{\"@type\":\"WebPage\",\"@id\":\"https:\/\/www.valcucine.com\/es\/empresa\/mision-y-valor\/\",\"url\":\"https:\/\/www.valcucine.com\/es\/empresa\/mision-y-valor\/\",\"name\":\"Misi\u00f3n y Valor\",\"isPartOf\":{\"@id\":\"https:\/\/www.valcucine.com\/#website\"},\"datePublished\":\"2024-03-01T08:27:01+00:00\",\"dateModified\":\"2025-12-16T10:36:31+00:00\",\"description\":\"Des cuisines intemporelles con\u00e7ues pour durer : bien-\u00eatre, innovation et durabilit\u00e9 au c\u0153ur d'une exp\u00e9rience sensorielle quotidienne.\",\"breadcrumb\":{\"@id\":\"https:\/\/www.valcucine.com\/es\/empresa\/mision-y-valor\/#breadcrumb\"},\"inLanguage\":\"es\",\"potentialAction\":[{\"@type\":\"ReadAction\",\"target\":[\"https:\/\/www.valcucine.com\/es\/empresa\/mision-y-valor\/\"]}]},{\"@type\":\"BreadcrumbList\",\"@id\":\"https:\/\/www.valcucine.com\/es\/empresa\/mision-y-valor\/#breadcrumb\",\"itemListElement\":[{\"@type\":\"ListItem\",\"position\":1,\"name\":\"Valcucine\",\"item\":\"https:\/\/www.valcucine.com\/es\/\"},{\"@type\":\"ListItem\",\"position\":2,\"name\":\"Empresa\",\"item\":\"https:\/\/www.valcucine.com\/es\/empresa\/\"},{\"@type\":\"ListItem\",\"position\":3,\"name\":\"Misi\u00f3n y Valor\"}]},{\"@type\":\"WebSite\",\"@id\":\"https:\/\/www.valcucine.com\/#website\",\"url\":\"https:\/\/www.valcucine.com\/\",\"name\":\"Valcucine\",\"description\":\"\",\"publisher\":{\"@id\":\"https:\/\/www.valcucine.com\/#organization\"},\"potentialAction\":[{\"@type\":\"SearchAction\",\"target\":{\"@type\":\"EntryPoint\",\"urlTemplate\":\"https:\/\/www.valcucine.com\/?s={search_term_string}\"},\"query-input\":{\"@type\":\"PropertyValueSpecification\",\"valueRequired\":true,\"valueName\":\"search_term_string\"}}],\"inLanguage\":\"es\"},{\"@type\":\"Organization\",\"@id\":\"https:\/\/www.valcucine.com\/#organization\",\"name\":\"Valcucine\",\"url\":\"https:\/\/www.valcucine.com\/\",\"logo\":{\"@type\":\"ImageObject\",\"inLanguage\":\"es\",\"@id\":\"https:\/\/www.valcucine.com\/#\/schema\/logo\/image\/\",\"url\":\"https:\/\/www.valcucine.com\/wp-content\/uploads\/2024\/02\/logo-valcucine.webp?wsr\",\"contentUrl\":\"https:\/\/www.valcucine.com\/wp-content\/uploads\/2024\/02\/logo-valcucine.webp?wsr\",\"width\":288,\"height\":46,\"caption\":\"Valcucine\"},\"image\":{\"@id\":\"https:\/\/www.valcucine.com\/#\/schema\/logo\/image\/\"},\"sameAs\":[\"https:\/\/www.facebook.com\/valcucine\/\",\"https:\/\/www.instagram.com\/valcucine\/\",\"https:\/\/www.linkedin.com\/company\/valcucine\"]}]}<\/script>\n<!-- \/ Yoast SEO plugin. -->","yoast_head_json":{"title":"Misi\u00f3n y Valor","description":"Des cuisines intemporelles con\u00e7ues pour durer : bien-\u00eatre, innovation et durabilit\u00e9 au c\u0153ur d'une exp\u00e9rience sensorielle quotidienne.","robots":{"index":"index","follow":"follow","max-snippet":"max-snippet:-1","max-image-preview":"max-image-preview:large","max-video-preview":"max-video-preview:-1"},"canonical":"https:\/\/www.valcucine.com\/es\/empresa\/mision-y-valor\/","og_locale":"es_ES","og_type":"article","og_title":"Misi\u00f3n y Valor","og_description":"Des cuisines intemporelles con\u00e7ues pour durer : bien-\u00eatre, innovation et durabilit\u00e9 au c\u0153ur d'une exp\u00e9rience sensorielle quotidienne.","og_url":"https:\/\/www.valcucine.com\/es\/empresa\/mision-y-valor\/","og_site_name":"Valcucine","article_publisher":"https:\/\/www.facebook.com\/valcucine\/","article_modified_time":"2025-12-16T10:36:31+00:00","twitter_card":"summary_large_image","twitter_misc":{"Tiempo de lectura":"1 minuto"},"schema":{"@context":"https:\/\/schema.org","@graph":[{"@type":"WebPage","@id":"https:\/\/www.valcucine.com\/es\/empresa\/mision-y-valor\/","url":"https:\/\/www.valcucine.com\/es\/empresa\/mision-y-valor\/","name":"Misi\u00f3n y Valor","isPartOf":{"@id":"https:\/\/www.valcucine.com\/#website"},"datePublished":"2024-03-01T08:27:01+00:00","dateModified":"2025-12-16T10:36:31+00:00","description":"Des cuisines intemporelles con\u00e7ues pour durer : bien-\u00eatre, innovation et durabilit\u00e9 au c\u0153ur d'une exp\u00e9rience sensorielle quotidienne.","breadcrumb":{"@id":"https:\/\/www.valcucine.com\/es\/empresa\/mision-y-valor\/#breadcrumb"},"inLanguage":"es","potentialAction":[{"@type":"ReadAction","target":["https:\/\/www.valcucine.com\/es\/empresa\/mision-y-valor\/"]}]},{"@type":"BreadcrumbList","@id":"https:\/\/www.valcucine.com\/es\/empresa\/mision-y-valor\/#breadcrumb","itemListElement":[{"@type":"ListItem","position":1,"name":"Valcucine","item":"https:\/\/www.valcucine.com\/es\/"},{"@type":"ListItem","position":2,"name":"Empresa","item":"https:\/\/www.valcucine.com\/es\/empresa\/"},{"@type":"ListItem","position":3,"name":"Misi\u00f3n y Valor"}]},{"@type":"WebSite","@id":"https:\/\/www.valcucine.com\/#website","url":"https:\/\/www.valcucine.com\/","name":"Valcucine","description":"","publisher":{"@id":"https:\/\/www.valcucine.com\/#organization"},"potentialAction":[{"@type":"SearchAction","target":{"@type":"EntryPoint","urlTemplate":"https:\/\/www.valcucine.com\/?s={search_term_string}"},"query-input":{"@type":"PropertyValueSpecification","valueRequired":true,"valueName":"search_term_string"}}],"inLanguage":"es"},{"@type":"Organization","@id":"https:\/\/www.valcucine.com\/#organization","name":"Valcucine","url":"https:\/\/www.valcucine.com\/","logo":{"@type":"ImageObject","inLanguage":"es","@id":"https:\/\/www.valcucine.com\/#\/schema\/logo\/image\/","url":"https:\/\/www.valcucine.com\/wp-content\/uploads\/2024\/02\/logo-valcucine.webp?wsr","contentUrl":"https:\/\/www.valcucine.com\/wp-content\/uploads\/2024\/02\/logo-valcucine.webp?wsr","width":288,"height":46,"caption":"Valcucine"},"image":{"@id":"https:\/\/www.valcucine.com\/#\/schema\/logo\/image\/"},"sameAs":["https:\/\/www.facebook.com\/valcucine\/","https:\/\/www.instagram.com\/valcucine\/","https:\/\/www.linkedin.com\/company\/valcucine"]}]}},"_links":{"self":[{"href":"https:\/\/www.valcucine.com\/es\/wp-json\/wp\/v2\/pages\/14576","targetHints":{"allow":["GET"]}}],"collection":[{"href":"https:\/\/www.valcucine.com\/es\/wp-json\/wp\/v2\/pages"}],"about":[{"href":"https:\/\/www.valcucine.com\/es\/wp-json\/wp\/v2\/types\/page"}],"author":[{"embeddable":true,"href":"https:\/\/www.valcucine.com\/es\/wp-json\/wp\/v2\/users\/1"}],"replies":[{"embeddable":true,"href":"https:\/\/www.valcucine.com\/es\/wp-json\/wp\/v2\/comments?post=14576"}],"version-history":[{"count":10,"href":"https:\/\/www.valcucine.com\/es\/wp-json\/wp\/v2\/pages\/14576\/revisions"}],"predecessor-version":[{"id":52180,"href":"https:\/\/www.valcucine.com\/es\/wp-json\/wp\/v2\/pages\/14576\/revisions\/52180"}],"up":[{"embeddable":true,"href":"https:\/\/www.valcucine.com\/es\/wp-json\/wp\/v2\/pages\/14566"}],"wp:attachment":[{"href":"https:\/\/www.valcucine.com\/es\/wp-json\/wp\/v2\/media?parent=14576"}],"curies":[{"name":"wp","href":"https:\/\/api.w.org\/{rel}","templated":true}]}}