{"id":14585,"date":"2024-03-11T11:22:54","date_gmt":"2024-03-11T11:22:54","guid":{"rendered":"https:\/\/devel.valcucine.com\/empresa\/mission\/durata\/"},"modified":"2025-06-04T13:49:51","modified_gmt":"2025-06-04T13:49:51","slug":"atemporalidad","status":"publish","type":"page","link":"https:\/\/www.valcucine.com\/es\/empresa\/mision-y-valor\/atemporalidad\/","title":{"rendered":"Atemporalidad"},"content":{"rendered":"<div class=\"wpb-content-wrapper\"><p>[vc_row css=\u00bb.vc_custom_1709740111226{padding-top: 40px !important;padding-bottom: 40px !important;}\u00bb][vc_column]\n        \n        <h1 class=\"text-center  main__title__h1  \" style=\"color:#333333;\"> \n\n         Atemporalidad\n        \n        <\/h1>[\/vc_column][\/vc_row][vc_row][vc_column][vc_column_text]Composiciones con l\u00edneas est\u00e9ticas decididas, s\u00edntesis de la investigaci\u00f3n constante, de la elegancia imperecedera, del conocimiento y de la experiencia. Una armon\u00eda que valoriza cualquier tarea cotidiana, contando con su m\u00e1xima fiabilidad y durabilidad en el tiempo. Una filosof\u00eda que trasciende los caprichos de las modas, recordando lo esencial e indispensable. Es el coraz\u00f3n de nuestro dise\u00f1o, positivo y concreto.[\/vc_column_text][\/vc_column][\/vc_row][vc_row][vc_column][vc_separator color=\u00bbcustom\u00bb el_width=\u00bb10&#8243; accent_color=\u00bb#333333&#8243;][\/vc_column][\/vc_row][vc_row css=\u00bb.vc_custom_1709311982565{padding-bottom: 30px !important;}\u00bb][vc_column]<div class=\"block__img__gradient\" style=\"background-image:url(https:\/\/www.valcucine.com\/wp-content\/uploads\/2024\/03\/10_durabilta_bkg.webp?wsr)\"><\/div><div class=\"block__img__gradient__content\"><h2 class='block__img__gradient__title'>DURABILIDAD<\/h2><p class='block__img__gradient__text'>Cualquier detalle de la cocina es sin\u00f3nimo de excelencia, aunque no se note inmediatamente, para que nuestra cocina sea atemporal: el suave cierre de las puertas, las bases de aglomerado resistente al agua (\u00abP3\u00bb), y el uso de juntas de silicona indestructibles para prevenir la penetraci\u00f3n del agua y de la humedad. La durabilidad y fiabilidad de nuestros materiales son el resultado de continuos an\u00e1lisis de calidad y pruebas t\u00e9cnicas realizadas para garantizar los m\u00e1s altos est\u00e1ndares de resistencia a la luz, el calor, los impactos y las manchas.<\/p><\/div>[\/vc_column][\/vc_row][vc_row css=\u00bb.vc_custom_1710779233886{margin-bottom: 40px !important;padding-bottom: 30px !important;}\u00bb][vc_column]<div class=\"block__img__gradient\" style=\"background-image:url(https:\/\/www.valcucine.com\/wp-content\/uploads\/2024\/03\/36_modern-kitchen-with-mosaics-customisation.webp?wsr)\"><\/div><div class=\"block__img__gradient__content\"><h2 class='block__img__gradient__title'>DISE\u00d1O M\u00c1S ALL\u00c1 DE LAS TENDENCIAS<\/h2><p class='block__img__gradient__text'>Para que la cocina sea un verdadero oasis de bienestar hay que cuidarla en cada aspecto, grande o peque\u00f1o que sea. Nuestra atenci\u00f3n al detalle involucra cualquier fase del proceso creativo creaci\u00f3n, de la idea a su ejecuci\u00f3n. Todo tiene sentido. La gr\u00e1fica de las l\u00edneas, esenciales y elegantes. Los vol\u00famenes puros, la ligereza, las sensaciones ancestrales. Los materiales novedosos y la personalizaci\u00f3n de un espacio que siempre nos cuenta una historia. La belleza y la funcionalidad est\u00e1n en armon\u00eda, en constante evoluci\u00f3n. Por esto nuestras cocinas exceden el l\u00edmite del tiempo y de las tendencias las modas.<\/p><\/div>[\/vc_column][\/vc_row]<\/p>\n<\/div>","protected":false},"excerpt":{"rendered":"<p>[vc_row css=\u00bb.vc_custom_1709740111226{padding-top: 40px !important;padding-bottom: 40px !important;}\u00bb][vc_column][\/vc_column][\/vc_row][vc_row][vc_column][vc_column_text]Composiciones con l\u00edneas est\u00e9ticas decididas, s\u00edntesis de la investigaci\u00f3n constante, de la elegancia imperecedera, del conocimiento y de la experiencia. Una armon\u00eda que valoriza cualquier tarea cotidiana, contando con su m\u00e1xima fiabilidad y durabilidad en el tiempo. Una filosof\u00eda que trasciende los caprichos de las modas, recordando lo esencial e [&hellip;]<\/p>\n","protected":false},"author":1,"featured_media":0,"parent":14576,"menu_order":0,"comment_status":"closed","ping_status":"closed","template":"","meta":{"footnotes":""},"class_list":["post-14585","page","type-page","status-publish","hentry"],"yoast_head":"<!-- This site is optimized with the Yoast SEO plugin v26.2 - https:\/\/yoast.com\/wordpress\/plugins\/seo\/ -->\n<title>Atemporalidad - Valcucine<\/title>\n<meta name=\"robots\" content=\"index, follow, max-snippet:-1, max-image-preview:large, max-video-preview:-1\" \/>\n<link rel=\"canonical\" href=\"https:\/\/www.valcucine.com\/es\/empresa\/mision-y-valor\/atemporalidad\/\" \/>\n<meta property=\"og:locale\" content=\"es_ES\" \/>\n<meta property=\"og:type\" content=\"article\" \/>\n<meta property=\"og:title\" content=\"Atemporalidad - Valcucine\" \/>\n<meta property=\"og:description\" content=\"[vc_row css=\u00bb.vc_custom_1709740111226{padding-top: 40px !important;padding-bottom: 40px !important;}\u00bb][vc_column][\/vc_column][\/vc_row][vc_row][vc_column][vc_column_text]Composiciones con l\u00edneas est\u00e9ticas decididas, s\u00edntesis de la investigaci\u00f3n constante, de la elegancia imperecedera, del conocimiento y de la experiencia. Una armon\u00eda que valoriza cualquier tarea cotidiana, contando con su m\u00e1xima fiabilidad y durabilidad en el tiempo. Una filosof\u00eda que trasciende los caprichos de las modas, recordando lo esencial e [&hellip;]\" \/>\n<meta property=\"og:url\" content=\"https:\/\/www.valcucine.com\/es\/empresa\/mision-y-valor\/atemporalidad\/\" \/>\n<meta property=\"og:site_name\" content=\"Valcucine\" \/>\n<meta property=\"article:publisher\" content=\"https:\/\/www.facebook.com\/valcucine\/\" \/>\n<meta property=\"article:modified_time\" content=\"2025-06-04T13:49:51+00:00\" \/>\n<meta name=\"twitter:card\" content=\"summary_large_image\" \/>\n<meta name=\"twitter:label1\" content=\"Tiempo de lectura\" \/>\n\t<meta name=\"twitter:data1\" content=\"2 minutos\" \/>\n<script type=\"application\/ld+json\" class=\"yoast-schema-graph\">{\"@context\":\"https:\/\/schema.org\",\"@graph\":[{\"@type\":\"WebPage\",\"@id\":\"https:\/\/www.valcucine.com\/es\/empresa\/mision-y-valor\/atemporalidad\/\",\"url\":\"https:\/\/www.valcucine.com\/es\/empresa\/mision-y-valor\/atemporalidad\/\",\"name\":\"Atemporalidad - Valcucine\",\"isPartOf\":{\"@id\":\"https:\/\/www.valcucine.com\/#website\"},\"datePublished\":\"2024-03-11T11:22:54+00:00\",\"dateModified\":\"2025-06-04T13:49:51+00:00\",\"breadcrumb\":{\"@id\":\"https:\/\/www.valcucine.com\/es\/empresa\/mision-y-valor\/atemporalidad\/#breadcrumb\"},\"inLanguage\":\"es\",\"potentialAction\":[{\"@type\":\"ReadAction\",\"target\":[\"https:\/\/www.valcucine.com\/es\/empresa\/mision-y-valor\/atemporalidad\/\"]}]},{\"@type\":\"BreadcrumbList\",\"@id\":\"https:\/\/www.valcucine.com\/es\/empresa\/mision-y-valor\/atemporalidad\/#breadcrumb\",\"itemListElement\":[{\"@type\":\"ListItem\",\"position\":1,\"name\":\"Valcucine\",\"item\":\"https:\/\/www.valcucine.com\/es\/\"},{\"@type\":\"ListItem\",\"position\":2,\"name\":\"Empresa\",\"item\":\"https:\/\/www.valcucine.com\/es\/empresa\/\"},{\"@type\":\"ListItem\",\"position\":3,\"name\":\"Misi\u00f3n y Valor\",\"item\":\"https:\/\/www.valcucine.com\/es\/empresa\/mision-y-valor\/\"},{\"@type\":\"ListItem\",\"position\":4,\"name\":\"Atemporalidad\"}]},{\"@type\":\"WebSite\",\"@id\":\"https:\/\/www.valcucine.com\/#website\",\"url\":\"https:\/\/www.valcucine.com\/\",\"name\":\"Valcucine\",\"description\":\"\",\"publisher\":{\"@id\":\"https:\/\/www.valcucine.com\/#organization\"},\"potentialAction\":[{\"@type\":\"SearchAction\",\"target\":{\"@type\":\"EntryPoint\",\"urlTemplate\":\"https:\/\/www.valcucine.com\/?s={search_term_string}\"},\"query-input\":{\"@type\":\"PropertyValueSpecification\",\"valueRequired\":true,\"valueName\":\"search_term_string\"}}],\"inLanguage\":\"es\"},{\"@type\":\"Organization\",\"@id\":\"https:\/\/www.valcucine.com\/#organization\",\"name\":\"Valcucine\",\"url\":\"https:\/\/www.valcucine.com\/\",\"logo\":{\"@type\":\"ImageObject\",\"inLanguage\":\"es\",\"@id\":\"https:\/\/www.valcucine.com\/#\/schema\/logo\/image\/\",\"url\":\"https:\/\/www.valcucine.com\/wp-content\/uploads\/2024\/02\/logo-valcucine.webp?wsr\",\"contentUrl\":\"https:\/\/www.valcucine.com\/wp-content\/uploads\/2024\/02\/logo-valcucine.webp?wsr\",\"width\":288,\"height\":46,\"caption\":\"Valcucine\"},\"image\":{\"@id\":\"https:\/\/www.valcucine.com\/#\/schema\/logo\/image\/\"},\"sameAs\":[\"https:\/\/www.facebook.com\/valcucine\/\",\"https:\/\/www.instagram.com\/valcucine\/\",\"https:\/\/www.linkedin.com\/company\/valcucine\"]}]}<\/script>\n<!-- \/ Yoast SEO plugin. -->","yoast_head_json":{"title":"Atemporalidad - Valcucine","robots":{"index":"index","follow":"follow","max-snippet":"max-snippet:-1","max-image-preview":"max-image-preview:large","max-video-preview":"max-video-preview:-1"},"canonical":"https:\/\/www.valcucine.com\/es\/empresa\/mision-y-valor\/atemporalidad\/","og_locale":"es_ES","og_type":"article","og_title":"Atemporalidad - Valcucine","og_description":"[vc_row css=\u00bb.vc_custom_1709740111226{padding-top: 40px !important;padding-bottom: 40px !important;}\u00bb][vc_column][\/vc_column][\/vc_row][vc_row][vc_column][vc_column_text]Composiciones con l\u00edneas est\u00e9ticas decididas, s\u00edntesis de la investigaci\u00f3n constante, de la elegancia imperecedera, del conocimiento y de la experiencia. Una armon\u00eda que valoriza cualquier tarea cotidiana, contando con su m\u00e1xima fiabilidad y durabilidad en el tiempo. Una filosof\u00eda que trasciende los caprichos de las modas, recordando lo esencial e [&hellip;]","og_url":"https:\/\/www.valcucine.com\/es\/empresa\/mision-y-valor\/atemporalidad\/","og_site_name":"Valcucine","article_publisher":"https:\/\/www.facebook.com\/valcucine\/","article_modified_time":"2025-06-04T13:49:51+00:00","twitter_card":"summary_large_image","twitter_misc":{"Tiempo de lectura":"2 minutos"},"schema":{"@context":"https:\/\/schema.org","@graph":[{"@type":"WebPage","@id":"https:\/\/www.valcucine.com\/es\/empresa\/mision-y-valor\/atemporalidad\/","url":"https:\/\/www.valcucine.com\/es\/empresa\/mision-y-valor\/atemporalidad\/","name":"Atemporalidad - Valcucine","isPartOf":{"@id":"https:\/\/www.valcucine.com\/#website"},"datePublished":"2024-03-11T11:22:54+00:00","dateModified":"2025-06-04T13:49:51+00:00","breadcrumb":{"@id":"https:\/\/www.valcucine.com\/es\/empresa\/mision-y-valor\/atemporalidad\/#breadcrumb"},"inLanguage":"es","potentialAction":[{"@type":"ReadAction","target":["https:\/\/www.valcucine.com\/es\/empresa\/mision-y-valor\/atemporalidad\/"]}]},{"@type":"BreadcrumbList","@id":"https:\/\/www.valcucine.com\/es\/empresa\/mision-y-valor\/atemporalidad\/#breadcrumb","itemListElement":[{"@type":"ListItem","position":1,"name":"Valcucine","item":"https:\/\/www.valcucine.com\/es\/"},{"@type":"ListItem","position":2,"name":"Empresa","item":"https:\/\/www.valcucine.com\/es\/empresa\/"},{"@type":"ListItem","position":3,"name":"Misi\u00f3n y Valor","item":"https:\/\/www.valcucine.com\/es\/empresa\/mision-y-valor\/"},{"@type":"ListItem","position":4,"name":"Atemporalidad"}]},{"@type":"WebSite","@id":"https:\/\/www.valcucine.com\/#website","url":"https:\/\/www.valcucine.com\/","name":"Valcucine","description":"","publisher":{"@id":"https:\/\/www.valcucine.com\/#organization"},"potentialAction":[{"@type":"SearchAction","target":{"@type":"EntryPoint","urlTemplate":"https:\/\/www.valcucine.com\/?s={search_term_string}"},"query-input":{"@type":"PropertyValueSpecification","valueRequired":true,"valueName":"search_term_string"}}],"inLanguage":"es"},{"@type":"Organization","@id":"https:\/\/www.valcucine.com\/#organization","name":"Valcucine","url":"https:\/\/www.valcucine.com\/","logo":{"@type":"ImageObject","inLanguage":"es","@id":"https:\/\/www.valcucine.com\/#\/schema\/logo\/image\/","url":"https:\/\/www.valcucine.com\/wp-content\/uploads\/2024\/02\/logo-valcucine.webp?wsr","contentUrl":"https:\/\/www.valcucine.com\/wp-content\/uploads\/2024\/02\/logo-valcucine.webp?wsr","width":288,"height":46,"caption":"Valcucine"},"image":{"@id":"https:\/\/www.valcucine.com\/#\/schema\/logo\/image\/"},"sameAs":["https:\/\/www.facebook.com\/valcucine\/","https:\/\/www.instagram.com\/valcucine\/","https:\/\/www.linkedin.com\/company\/valcucine"]}]}},"_links":{"self":[{"href":"https:\/\/www.valcucine.com\/es\/wp-json\/wp\/v2\/pages\/14585","targetHints":{"allow":["GET"]}}],"collection":[{"href":"https:\/\/www.valcucine.com\/es\/wp-json\/wp\/v2\/pages"}],"about":[{"href":"https:\/\/www.valcucine.com\/es\/wp-json\/wp\/v2\/types\/page"}],"author":[{"embeddable":true,"href":"https:\/\/www.valcucine.com\/es\/wp-json\/wp\/v2\/users\/1"}],"replies":[{"embeddable":true,"href":"https:\/\/www.valcucine.com\/es\/wp-json\/wp\/v2\/comments?post=14585"}],"version-history":[{"count":2,"href":"https:\/\/www.valcucine.com\/es\/wp-json\/wp\/v2\/pages\/14585\/revisions"}],"predecessor-version":[{"id":14587,"href":"https:\/\/www.valcucine.com\/es\/wp-json\/wp\/v2\/pages\/14585\/revisions\/14587"}],"up":[{"embeddable":true,"href":"https:\/\/www.valcucine.com\/es\/wp-json\/wp\/v2\/pages\/14576"}],"wp:attachment":[{"href":"https:\/\/www.valcucine.com\/es\/wp-json\/wp\/v2\/media?parent=14585"}],"curies":[{"name":"wp","href":"https:\/\/api.w.org\/{rel}","templated":true}]}}