{"id":14589,"date":"2024-03-11T13:27:55","date_gmt":"2024-03-11T13:27:55","guid":{"rendered":"https:\/\/devel.valcucine.com\/empresa\/mission\/innovazione-cucine\/"},"modified":"2025-06-04T13:52:33","modified_gmt":"2025-06-04T13:52:33","slug":"innovacion","status":"publish","type":"page","link":"https:\/\/www.valcucine.com\/es\/empresa\/mision-y-valor\/innovacion\/","title":{"rendered":"Innovaci\u00f3n"},"content":{"rendered":"<div class=\"wpb-content-wrapper\"><p>[vc_row css=\u00bb.vc_custom_1709740111226{padding-top: 40px !important;padding-bottom: 40px !important;}\u00bb][vc_column]\n        \n        <h1 class=\"text-center  main__title__h1  \" style=\"color:#333333;\"> \n\n         Innovaci\u00f3n\n        \n        <\/h1>[\/vc_column][\/vc_row][vc_row][vc_column][vc_column_text]Conocimiento profundo de las exigencias de las personas, investigaci\u00f3n continua y creatividad: estos son nuestros medios constantes de mejora, de impulso hacia el progreso, al idear una cocina mejor. Una forma de actuar para volver a concebir el espacio y el modo de habitarlo, mediante funcionalidades \u00fanicas, materiales novedosos y elementos multifuncionales estudiados para simplificar la vida. Desarrollamos las ideas de hoy, para que se conviertan en las soluciones del ma\u00f1ana, con los m\u00e1s altos est\u00e1ndares de experimentaci\u00f3n, en armon\u00eda con el hombre y el medio ambiente.[\/vc_column_text][\/vc_column][\/vc_row][vc_row][vc_column][vc_separator color=\u00bbcustom\u00bb el_width=\u00bb10&#8243; accent_color=\u00bb#333333&#8243;][\/vc_column][\/vc_row][vc_row css=\u00bb.vc_custom_1709311982565{padding-bottom: 30px !important;}\u00bb][vc_column]<div class=\"block__img__gradient\" style=\"background-image:url(https:\/\/www.valcucine.com\/wp-content\/uploads\/2024\/03\/13_materiali-innovativi-per-cucine.webp?wsr)\"><\/div><div class=\"block__img__gradient__content\"><h2 class='block__img__gradient__title'>MATERIALES NOVEDOSOS<\/h2><p class='block__img__gradient__text'>Las recetas m\u00e1s sabrosas precisan ingredientes \u00fanicos. Igualmente, para nuestras cocinas utilizamos materiales que son el resultado de la constante investigaci\u00f3n y innovaci\u00f3n, concebidos para asegurar unas marcadas caracter\u00edsticas est\u00e9ticas y un elevado rendimiento cualitativo. Los conocimientos t\u00e9cnicos y la estrecha colaboraci\u00f3n con nuestros proveedores han permitido desarrollar materiales \u00fanicos y acabados exclusivos que representan nuevas posibilidades expresivas. La piedra combinada con el carbono, la cer\u00e1mica en capas con el vidrio, el tratamiento especial del titanio, los efectos met\u00e1licos de las lacas rayadas, las infinitas posibilidades del vidrio, que es una fuente de inspiraci\u00f3n constante para nosotros. T\u00e9cnicas innovadoras consiguen transmitir diferentes sensaciones a este fascinante material, convirti\u00e9ndolo en Grafico, Mimesis, Tattile, Tessile, Velato y Arte como un lienzo incrustado a mano, para hacer de cada cocina algo \u00fanico.<\/p><\/div>[\/vc_column][\/vc_row][vc_row css=\u00bb.vc_custom_1710779284820{margin-bottom: 40px !important;padding-bottom: 30px !important;}\u00bb][vc_column]<div class=\"block__img__gradient\" style=\"background-image:url(https:\/\/www.valcucine.com\/wp-content\/uploads\/2024\/03\/37_kitchen-automation.webp?wsr)\"><\/div><div class=\"block__img__gradient__content\"><h2 class='block__img__gradient__title'>REVOLUCI\u00d3N DE LA FUNCIONALIDAD<\/h2><p class='block__img__gradient__text'>La innovaci\u00f3n al servicio del hombre: expresi\u00f3n de exigencias que van cambiando a lo largo del tiempo. La b\u00fasqueda constante de soluciones que mejoren la interacci\u00f3n cotidiana con la cocina nos ha llevado a desarrollar los Elementos Especiales, utilizables en todas nuestras colecciones. De la ergonom\u00eda del Canal Equipado a la ligereza del colgante Aerius, hasta las m\u00e1gicas aperturas de las traseras New Logica y Air Logica y del sistema inteligente V-Motion, que permite activar diferentes funciones con tan solo un gesto de la mano. La funcionalidad se al\u00eda con la belleza y la cocina se convierte en una sugerente escenograf\u00eda.<\/p><\/div>[\/vc_column][\/vc_row]<\/p>\n<\/div>","protected":false},"excerpt":{"rendered":"<p>[vc_row css=\u00bb.vc_custom_1709740111226{padding-top: 40px !important;padding-bottom: 40px !important;}\u00bb][vc_column][\/vc_column][\/vc_row][vc_row][vc_column][vc_column_text]Conocimiento profundo de las exigencias de las personas, investigaci\u00f3n continua y creatividad: estos son nuestros medios constantes de mejora, de impulso hacia el progreso, al idear una cocina mejor. Una forma de actuar para volver a concebir el espacio y el modo de habitarlo, mediante funcionalidades \u00fanicas, materiales novedosos y [&hellip;]<\/p>\n","protected":false},"author":1,"featured_media":0,"parent":14576,"menu_order":0,"comment_status":"closed","ping_status":"closed","template":"","meta":{"footnotes":""},"class_list":["post-14589","page","type-page","status-publish","hentry"],"yoast_head":"<!-- This site is optimized with the Yoast SEO plugin v26.2 - https:\/\/yoast.com\/wordpress\/plugins\/seo\/ -->\n<title>Innovaci\u00f3n - Valcucine<\/title>\n<meta name=\"robots\" content=\"index, follow, max-snippet:-1, max-image-preview:large, max-video-preview:-1\" \/>\n<link rel=\"canonical\" href=\"https:\/\/www.valcucine.com\/es\/empresa\/mision-y-valor\/innovacion\/\" \/>\n<meta property=\"og:locale\" content=\"es_ES\" \/>\n<meta property=\"og:type\" content=\"article\" \/>\n<meta property=\"og:title\" content=\"Innovaci\u00f3n - Valcucine\" \/>\n<meta property=\"og:description\" content=\"[vc_row css=\u00bb.vc_custom_1709740111226{padding-top: 40px !important;padding-bottom: 40px !important;}\u00bb][vc_column][\/vc_column][\/vc_row][vc_row][vc_column][vc_column_text]Conocimiento profundo de las exigencias de las personas, investigaci\u00f3n continua y creatividad: estos son nuestros medios constantes de mejora, de impulso hacia el progreso, al idear una cocina mejor. Una forma de actuar para volver a concebir el espacio y el modo de habitarlo, mediante funcionalidades \u00fanicas, materiales novedosos y [&hellip;]\" \/>\n<meta property=\"og:url\" content=\"https:\/\/www.valcucine.com\/es\/empresa\/mision-y-valor\/innovacion\/\" \/>\n<meta property=\"og:site_name\" content=\"Valcucine\" \/>\n<meta property=\"article:publisher\" content=\"https:\/\/www.facebook.com\/valcucine\/\" \/>\n<meta property=\"article:modified_time\" content=\"2025-06-04T13:52:33+00:00\" \/>\n<meta name=\"twitter:card\" content=\"summary_large_image\" \/>\n<meta name=\"twitter:label1\" content=\"Tiempo de lectura\" \/>\n\t<meta name=\"twitter:data1\" content=\"2 minutos\" \/>\n<script type=\"application\/ld+json\" class=\"yoast-schema-graph\">{\"@context\":\"https:\/\/schema.org\",\"@graph\":[{\"@type\":\"WebPage\",\"@id\":\"https:\/\/www.valcucine.com\/es\/empresa\/mision-y-valor\/innovacion\/\",\"url\":\"https:\/\/www.valcucine.com\/es\/empresa\/mision-y-valor\/innovacion\/\",\"name\":\"Innovaci\u00f3n - Valcucine\",\"isPartOf\":{\"@id\":\"https:\/\/www.valcucine.com\/#website\"},\"datePublished\":\"2024-03-11T13:27:55+00:00\",\"dateModified\":\"2025-06-04T13:52:33+00:00\",\"breadcrumb\":{\"@id\":\"https:\/\/www.valcucine.com\/es\/empresa\/mision-y-valor\/innovacion\/#breadcrumb\"},\"inLanguage\":\"es\",\"potentialAction\":[{\"@type\":\"ReadAction\",\"target\":[\"https:\/\/www.valcucine.com\/es\/empresa\/mision-y-valor\/innovacion\/\"]}]},{\"@type\":\"BreadcrumbList\",\"@id\":\"https:\/\/www.valcucine.com\/es\/empresa\/mision-y-valor\/innovacion\/#breadcrumb\",\"itemListElement\":[{\"@type\":\"ListItem\",\"position\":1,\"name\":\"Valcucine\",\"item\":\"https:\/\/www.valcucine.com\/es\/\"},{\"@type\":\"ListItem\",\"position\":2,\"name\":\"Empresa\",\"item\":\"https:\/\/www.valcucine.com\/es\/empresa\/\"},{\"@type\":\"ListItem\",\"position\":3,\"name\":\"Misi\u00f3n y Valor\",\"item\":\"https:\/\/www.valcucine.com\/es\/empresa\/mision-y-valor\/\"},{\"@type\":\"ListItem\",\"position\":4,\"name\":\"Innovaci\u00f3n\"}]},{\"@type\":\"WebSite\",\"@id\":\"https:\/\/www.valcucine.com\/#website\",\"url\":\"https:\/\/www.valcucine.com\/\",\"name\":\"Valcucine\",\"description\":\"\",\"publisher\":{\"@id\":\"https:\/\/www.valcucine.com\/#organization\"},\"potentialAction\":[{\"@type\":\"SearchAction\",\"target\":{\"@type\":\"EntryPoint\",\"urlTemplate\":\"https:\/\/www.valcucine.com\/?s={search_term_string}\"},\"query-input\":{\"@type\":\"PropertyValueSpecification\",\"valueRequired\":true,\"valueName\":\"search_term_string\"}}],\"inLanguage\":\"es\"},{\"@type\":\"Organization\",\"@id\":\"https:\/\/www.valcucine.com\/#organization\",\"name\":\"Valcucine\",\"url\":\"https:\/\/www.valcucine.com\/\",\"logo\":{\"@type\":\"ImageObject\",\"inLanguage\":\"es\",\"@id\":\"https:\/\/www.valcucine.com\/#\/schema\/logo\/image\/\",\"url\":\"https:\/\/www.valcucine.com\/wp-content\/uploads\/2024\/02\/logo-valcucine.webp?wsr\",\"contentUrl\":\"https:\/\/www.valcucine.com\/wp-content\/uploads\/2024\/02\/logo-valcucine.webp?wsr\",\"width\":288,\"height\":46,\"caption\":\"Valcucine\"},\"image\":{\"@id\":\"https:\/\/www.valcucine.com\/#\/schema\/logo\/image\/\"},\"sameAs\":[\"https:\/\/www.facebook.com\/valcucine\/\",\"https:\/\/www.instagram.com\/valcucine\/\",\"https:\/\/www.linkedin.com\/company\/valcucine\"]}]}<\/script>\n<!-- \/ Yoast SEO plugin. -->","yoast_head_json":{"title":"Innovaci\u00f3n - Valcucine","robots":{"index":"index","follow":"follow","max-snippet":"max-snippet:-1","max-image-preview":"max-image-preview:large","max-video-preview":"max-video-preview:-1"},"canonical":"https:\/\/www.valcucine.com\/es\/empresa\/mision-y-valor\/innovacion\/","og_locale":"es_ES","og_type":"article","og_title":"Innovaci\u00f3n - Valcucine","og_description":"[vc_row css=\u00bb.vc_custom_1709740111226{padding-top: 40px !important;padding-bottom: 40px !important;}\u00bb][vc_column][\/vc_column][\/vc_row][vc_row][vc_column][vc_column_text]Conocimiento profundo de las exigencias de las personas, investigaci\u00f3n continua y creatividad: estos son nuestros medios constantes de mejora, de impulso hacia el progreso, al idear una cocina mejor. Una forma de actuar para volver a concebir el espacio y el modo de habitarlo, mediante funcionalidades \u00fanicas, materiales novedosos y [&hellip;]","og_url":"https:\/\/www.valcucine.com\/es\/empresa\/mision-y-valor\/innovacion\/","og_site_name":"Valcucine","article_publisher":"https:\/\/www.facebook.com\/valcucine\/","article_modified_time":"2025-06-04T13:52:33+00:00","twitter_card":"summary_large_image","twitter_misc":{"Tiempo de lectura":"2 minutos"},"schema":{"@context":"https:\/\/schema.org","@graph":[{"@type":"WebPage","@id":"https:\/\/www.valcucine.com\/es\/empresa\/mision-y-valor\/innovacion\/","url":"https:\/\/www.valcucine.com\/es\/empresa\/mision-y-valor\/innovacion\/","name":"Innovaci\u00f3n - Valcucine","isPartOf":{"@id":"https:\/\/www.valcucine.com\/#website"},"datePublished":"2024-03-11T13:27:55+00:00","dateModified":"2025-06-04T13:52:33+00:00","breadcrumb":{"@id":"https:\/\/www.valcucine.com\/es\/empresa\/mision-y-valor\/innovacion\/#breadcrumb"},"inLanguage":"es","potentialAction":[{"@type":"ReadAction","target":["https:\/\/www.valcucine.com\/es\/empresa\/mision-y-valor\/innovacion\/"]}]},{"@type":"BreadcrumbList","@id":"https:\/\/www.valcucine.com\/es\/empresa\/mision-y-valor\/innovacion\/#breadcrumb","itemListElement":[{"@type":"ListItem","position":1,"name":"Valcucine","item":"https:\/\/www.valcucine.com\/es\/"},{"@type":"ListItem","position":2,"name":"Empresa","item":"https:\/\/www.valcucine.com\/es\/empresa\/"},{"@type":"ListItem","position":3,"name":"Misi\u00f3n y Valor","item":"https:\/\/www.valcucine.com\/es\/empresa\/mision-y-valor\/"},{"@type":"ListItem","position":4,"name":"Innovaci\u00f3n"}]},{"@type":"WebSite","@id":"https:\/\/www.valcucine.com\/#website","url":"https:\/\/www.valcucine.com\/","name":"Valcucine","description":"","publisher":{"@id":"https:\/\/www.valcucine.com\/#organization"},"potentialAction":[{"@type":"SearchAction","target":{"@type":"EntryPoint","urlTemplate":"https:\/\/www.valcucine.com\/?s={search_term_string}"},"query-input":{"@type":"PropertyValueSpecification","valueRequired":true,"valueName":"search_term_string"}}],"inLanguage":"es"},{"@type":"Organization","@id":"https:\/\/www.valcucine.com\/#organization","name":"Valcucine","url":"https:\/\/www.valcucine.com\/","logo":{"@type":"ImageObject","inLanguage":"es","@id":"https:\/\/www.valcucine.com\/#\/schema\/logo\/image\/","url":"https:\/\/www.valcucine.com\/wp-content\/uploads\/2024\/02\/logo-valcucine.webp?wsr","contentUrl":"https:\/\/www.valcucine.com\/wp-content\/uploads\/2024\/02\/logo-valcucine.webp?wsr","width":288,"height":46,"caption":"Valcucine"},"image":{"@id":"https:\/\/www.valcucine.com\/#\/schema\/logo\/image\/"},"sameAs":["https:\/\/www.facebook.com\/valcucine\/","https:\/\/www.instagram.com\/valcucine\/","https:\/\/www.linkedin.com\/company\/valcucine"]}]}},"_links":{"self":[{"href":"https:\/\/www.valcucine.com\/es\/wp-json\/wp\/v2\/pages\/14589","targetHints":{"allow":["GET"]}}],"collection":[{"href":"https:\/\/www.valcucine.com\/es\/wp-json\/wp\/v2\/pages"}],"about":[{"href":"https:\/\/www.valcucine.com\/es\/wp-json\/wp\/v2\/types\/page"}],"author":[{"embeddable":true,"href":"https:\/\/www.valcucine.com\/es\/wp-json\/wp\/v2\/users\/1"}],"replies":[{"embeddable":true,"href":"https:\/\/www.valcucine.com\/es\/wp-json\/wp\/v2\/comments?post=14589"}],"version-history":[{"count":3,"href":"https:\/\/www.valcucine.com\/es\/wp-json\/wp\/v2\/pages\/14589\/revisions"}],"predecessor-version":[{"id":14830,"href":"https:\/\/www.valcucine.com\/es\/wp-json\/wp\/v2\/pages\/14589\/revisions\/14830"}],"up":[{"embeddable":true,"href":"https:\/\/www.valcucine.com\/es\/wp-json\/wp\/v2\/pages\/14576"}],"wp:attachment":[{"href":"https:\/\/www.valcucine.com\/es\/wp-json\/wp\/v2\/media?parent=14589"}],"curies":[{"name":"wp","href":"https:\/\/api.w.org\/{rel}","templated":true}]}}