{"id":14598,"date":"2024-03-11T14:25:37","date_gmt":"2024-03-11T14:25:37","guid":{"rendered":"https:\/\/devel.valcucine.com\/empresa\/certificazioni\/"},"modified":"2025-06-04T13:35:59","modified_gmt":"2025-06-04T13:35:59","slug":"certificaciones-valcucine","status":"publish","type":"page","link":"https:\/\/www.valcucine.com\/es\/empresa\/certificaciones-valcucine\/","title":{"rendered":"Certificaciones"},"content":{"rendered":"<div class=\"wpb-content-wrapper\"><p>[vc_row css=\u00bb.vc_custom_1709740056130{padding-top: 40px !important;padding-bottom: 40px !important;}\u00bb][vc_column]\n        \n        <h1 class=\"text-center  main__title__h1  \" style=\"color:#333333;\"> \n\n         Certificaciones\n        \n        <\/h1>[\/vc_column][\/vc_row][vc_row][vc_column width=\u00bb1\/4&#8243;][vc_single_image image=\u00bb3227&#8243; img_size=\u00bb200&#215;169&#8243; alignment=\u00bbcenter\u00bb][\/vc_column][vc_column width=\u00bb3\/4&#8243;]\n        \n        <h3 class=\"text-start  main__title__h3  vc_custom_1710167740359 \" style=\"color:;\"> \n\n         LEED\n        \n        <\/h3>[vc_column_text]Durante m\u00e1s de cuarenta a\u00f1os, Valcucine se ha destacado por el dise\u00f1o y la producci\u00f3n de cocinas de alta gama. Siempre comprometida con proporcionar excelencia en t\u00e9rminos de sostenibilidad, innovaci\u00f3n y artesan\u00eda, Valcucine una vez m\u00e1s eleva el list\u00f3n con la cartograf\u00eda LEED V4.1 de las cocinas.<\/p>\n<p>LEED (Liderazgo en Energ\u00eda y Dise\u00f1o Ambiental) es el sistema de verificaci\u00f3n de terceros m\u00e1s utilizado para edificios ecol\u00f3gicos. LEED proporciona un marco para edificios ecol\u00f3gicos saludables, eficientes, de bajo carbono y bajo costo. La certificaci\u00f3n LEED V4.1 es un s\u00edmbolo reconocido a nivel mundial de \u00e9xito y liderazgo en sostenibilidad.<\/p>\n<p><b><strong><a href=\"http:\/\/www.valcucine.com\/uploads\/files_block\/25_2_leed-matrix-valcucine-.pdf\">Descarga la matriz de contribuci\u00f3n LEED.<\/a><\/strong><\/b><\/p>\n<p>[\/vc_column_text][\/vc_column][\/vc_row][vc_row][vc_column width=\u00bb1\/4&#8243;][vc_single_image image=\u00bb3249&#8243; img_size=\u00bb200&#215;169&#8243; alignment=\u00bbcenter\u00bb][\/vc_column][vc_column width=\u00bb3\/4&#8243;]\n        \n        <h3 class=\"text-start  main__title__h3  vc_custom_1710167934334 \" style=\"color:;\"> \n\n         FSC\n        \n        <\/h3>[vc_column_text]Como testimonio de su compromiso ambiental, Valcucine ha ampliado su gama de muebles de cocina certificados por FSC\u00ae, asegurando que la madera o sus derivados provengan de cadenas de suministro certificadas por FSC\u00ae.<\/p>\n<p>El FSC exige a los administradores de bosques, tanto en \u00e1reas p\u00fablicas como privadas, que involucren a los miembros de las comunidades locales en los procesos de toma de decisiones y que protejan los derechos de las poblaciones ind\u00edgenas, garantizando as\u00ed que sus voces sean parte integral del proceso de certificaci\u00f3n y que se supere el impacto de las operaciones de gesti\u00f3n. Adem\u00e1s, el FSC requiere que los resultados de las auditor\u00edas de certificaci\u00f3n se hagan p\u00fablicos, incluso en el caso de propiedades privadas: esto es una caracter\u00edstica distintiva en comparaci\u00f3n con otros tipos de certificaci\u00f3n.<\/p>\n<p><a href=\"https:\/\/www.valcucine.com\/wp-content\/uploads\/2024\/03\/40_1_certificazione-fsc.pdf\"><strong>Descarga la certificaci\u00f3n FSC.<\/strong><\/a>[\/vc_column_text][\/vc_column][\/vc_row][vc_row][vc_column width=\u00bb1\/4&#8243;][vc_single_image image=\u00bb3267&#8243; img_size=\u00bb200&#215;200&#8243; alignment=\u00bbcenter\u00bb][\/vc_column][vc_column width=\u00bb3\/4&#8243;]\n        \n        <h3 class=\"text-start  main__title__h3  vc_custom_1710170819835 \" style=\"color:;\"> \n\n         ISO 14001\n        \n        <\/h3>[vc_column_text]La certificaci\u00f3n ambiental ISO 14001 garantiza que la empresa cumpla con las leyes ambientales relacionadas con emisiones t\u00f3xicas, ruido y vertidos de agua; que la empresa tenga un sistema de gesti\u00f3n de residuos controlado y registrado; que se comprometa a reducir el consumo de energ\u00eda e implementar proyectos con este prop\u00f3sito; y que la empresa participe en proyectos ambientales.<\/p>\n<p><a href=\"http:\/\/www.valcucine.com\/uploads\/files_block\/39_1_certificazione-ambientale-14001.pdf\"><b><strong>Descarga la certificaci\u00f3n ISO 14001<\/strong><\/b><\/a><\/p>\n<p>[\/vc_column_text][\/vc_column][\/vc_row][vc_row][vc_column width=\u00bb1\/4&#8243;][vc_single_image image=\u00bb3272&#8243; img_size=\u00bb200&#215;129&#8243; alignment=\u00bbcenter\u00bb][\/vc_column][vc_column width=\u00bb3\/4&#8243;]\n        \n        <h3 class=\"text-start  main__title__h3  vc_custom_1710170830986 \" style=\"color:;\"> \n\n         ISO 45001\n        \n        <\/h3>[vc_column_text]En 2011, Valcucine obtuvo la certificaci\u00f3n OHSAS (Occupational Health and Safety Assessment Series), que identifica un est\u00e1ndar internacional para un sistema de gesti\u00f3n de la seguridad y la salud de los trabajadores. Posteriormente, obtuvo, en sustituci\u00f3n, la nueva certificaci\u00f3n ISO 45001.<\/p>\n<p><a href=\"http:\/\/www.valcucine.com\/uploads\/files_block\/38_1_certificazione-sicurezza-45001.pdf\" target=\"_blank\" rel=\"noopener\"><strong>Descarga la certificaci\u00f3n ISO 45001<\/strong><\/a><\/p>\n<p>[\/vc_column_text][\/vc_column][\/vc_row][vc_row][vc_column width=\u00bb1\/4&#8243;][vc_single_image image=\u00bb3277&#8243; img_size=\u00bb200&#215;229&#8243; alignment=\u00bbcenter\u00bb][\/vc_column][vc_column width=\u00bb3\/4&#8243;]\n        \n        <h3 class=\"text-start  main__title__h3  vc_custom_1717501834363 \" style=\"color:;\"> \n\n         F4 STARS\n        \n        <\/h3>[vc_column_text]La certificaci\u00f3n F4 STARS incluye m\u00e9todos de prueba propios y establece un l\u00edmite muy restrictivo de 0,04 ppm, en comparaci\u00f3n con los 0,09 ppm para la norma americana CARB 2\/TSCA Title VI, 0,1 ppm para la norma europea E1 y la UBA alemana. Esta certificaci\u00f3n se aplica a paneles derivados de madera, ya sean en bruto o revestidos, y asegura la conformidad con los requisitos establecidos por Jap\u00f3n para las emisiones de formaldeh\u00eddo de productos destinados a la construcci\u00f3n y mobiliario.<\/p>\n<p><strong>Certificaci\u00f3n previa solicitud.<\/strong>[\/vc_column_text][\/vc_column][\/vc_row][vc_row css=\u00bb.vc_custom_1710779497857{margin-bottom: 40px !important;}\u00bb][vc_column][vc_separator color=\u00bbcustom\u00bb el_width=\u00bb10&#8243; accent_color=\u00bb#333333&#8243;][\/vc_column][\/vc_row]<\/p>\n<\/div>","protected":false},"excerpt":{"rendered":"<p>[vc_row css=\u00bb.vc_custom_1709740056130{padding-top: 40px !important;padding-bottom: 40px !important;}\u00bb][vc_column][\/vc_column][\/vc_row][vc_row][vc_column width=\u00bb1\/4&#8243;][vc_single_image image=\u00bb3227&#8243; img_size=\u00bb200&#215;169&#8243; alignment=\u00bbcenter\u00bb][\/vc_column][vc_column width=\u00bb3\/4&#8243;][vc_column_text]Durante m\u00e1s de cuarenta a\u00f1os, Valcucine se ha destacado por el dise\u00f1o y la producci\u00f3n de cocinas de alta gama. Siempre comprometida con proporcionar excelencia en t\u00e9rminos de sostenibilidad, innovaci\u00f3n y artesan\u00eda, Valcucine una vez m\u00e1s eleva el list\u00f3n con la cartograf\u00eda LEED V4.1 de [&hellip;]<\/p>\n","protected":false},"author":1,"featured_media":0,"parent":14566,"menu_order":0,"comment_status":"closed","ping_status":"closed","template":"","meta":{"footnotes":""},"class_list":["post-14598","page","type-page","status-publish","hentry"],"yoast_head":"<!-- This site is optimized with the Yoast SEO plugin v26.2 - https:\/\/yoast.com\/wordpress\/plugins\/seo\/ -->\n<title>Certificaciones - Valcucine<\/title>\n<meta name=\"description\" content=\"Valcucine cuenta con certificaciones internacionales que garantizan su compromiso con la sostenibilidad y la innovaci\u00f3n.\" \/>\n<meta name=\"robots\" content=\"index, follow, max-snippet:-1, max-image-preview:large, max-video-preview:-1\" \/>\n<link rel=\"canonical\" href=\"https:\/\/www.valcucine.com\/es\/empresa\/certificaciones-valcucine\/\" \/>\n<meta property=\"og:locale\" content=\"es_ES\" \/>\n<meta property=\"og:type\" content=\"article\" \/>\n<meta property=\"og:title\" content=\"Certificaciones - Valcucine\" \/>\n<meta property=\"og:description\" content=\"Valcucine cuenta con certificaciones internacionales que garantizan su compromiso con la sostenibilidad y la innovaci\u00f3n.\" \/>\n<meta property=\"og:url\" content=\"https:\/\/www.valcucine.com\/es\/empresa\/certificaciones-valcucine\/\" \/>\n<meta property=\"og:site_name\" content=\"Valcucine\" \/>\n<meta property=\"article:publisher\" content=\"https:\/\/www.facebook.com\/valcucine\/\" \/>\n<meta property=\"article:modified_time\" content=\"2025-06-04T13:35:59+00:00\" \/>\n<meta name=\"twitter:card\" content=\"summary_large_image\" \/>\n<meta name=\"twitter:label1\" content=\"Tiempo de lectura\" \/>\n\t<meta name=\"twitter:data1\" content=\"3 minutos\" \/>\n<script type=\"application\/ld+json\" class=\"yoast-schema-graph\">{\"@context\":\"https:\/\/schema.org\",\"@graph\":[{\"@type\":\"WebPage\",\"@id\":\"https:\/\/www.valcucine.com\/es\/empresa\/certificaciones-valcucine\/\",\"url\":\"https:\/\/www.valcucine.com\/es\/empresa\/certificaciones-valcucine\/\",\"name\":\"Certificaciones - Valcucine\",\"isPartOf\":{\"@id\":\"https:\/\/www.valcucine.com\/#website\"},\"datePublished\":\"2024-03-11T14:25:37+00:00\",\"dateModified\":\"2025-06-04T13:35:59+00:00\",\"description\":\"Valcucine cuenta con certificaciones internacionales que garantizan su compromiso con la sostenibilidad y la innovaci\u00f3n.\",\"breadcrumb\":{\"@id\":\"https:\/\/www.valcucine.com\/es\/empresa\/certificaciones-valcucine\/#breadcrumb\"},\"inLanguage\":\"es\",\"potentialAction\":[{\"@type\":\"ReadAction\",\"target\":[\"https:\/\/www.valcucine.com\/es\/empresa\/certificaciones-valcucine\/\"]}]},{\"@type\":\"BreadcrumbList\",\"@id\":\"https:\/\/www.valcucine.com\/es\/empresa\/certificaciones-valcucine\/#breadcrumb\",\"itemListElement\":[{\"@type\":\"ListItem\",\"position\":1,\"name\":\"Valcucine\",\"item\":\"https:\/\/www.valcucine.com\/es\/\"},{\"@type\":\"ListItem\",\"position\":2,\"name\":\"Empresa\",\"item\":\"https:\/\/www.valcucine.com\/es\/empresa\/\"},{\"@type\":\"ListItem\",\"position\":3,\"name\":\"Certificaciones\"}]},{\"@type\":\"WebSite\",\"@id\":\"https:\/\/www.valcucine.com\/#website\",\"url\":\"https:\/\/www.valcucine.com\/\",\"name\":\"Valcucine\",\"description\":\"\",\"publisher\":{\"@id\":\"https:\/\/www.valcucine.com\/#organization\"},\"potentialAction\":[{\"@type\":\"SearchAction\",\"target\":{\"@type\":\"EntryPoint\",\"urlTemplate\":\"https:\/\/www.valcucine.com\/?s={search_term_string}\"},\"query-input\":{\"@type\":\"PropertyValueSpecification\",\"valueRequired\":true,\"valueName\":\"search_term_string\"}}],\"inLanguage\":\"es\"},{\"@type\":\"Organization\",\"@id\":\"https:\/\/www.valcucine.com\/#organization\",\"name\":\"Valcucine\",\"url\":\"https:\/\/www.valcucine.com\/\",\"logo\":{\"@type\":\"ImageObject\",\"inLanguage\":\"es\",\"@id\":\"https:\/\/www.valcucine.com\/#\/schema\/logo\/image\/\",\"url\":\"https:\/\/www.valcucine.com\/wp-content\/uploads\/2024\/02\/logo-valcucine.webp?wsr\",\"contentUrl\":\"https:\/\/www.valcucine.com\/wp-content\/uploads\/2024\/02\/logo-valcucine.webp?wsr\",\"width\":288,\"height\":46,\"caption\":\"Valcucine\"},\"image\":{\"@id\":\"https:\/\/www.valcucine.com\/#\/schema\/logo\/image\/\"},\"sameAs\":[\"https:\/\/www.facebook.com\/valcucine\/\",\"https:\/\/www.instagram.com\/valcucine\/\",\"https:\/\/www.linkedin.com\/company\/valcucine\"]}]}<\/script>\n<!-- \/ Yoast SEO plugin. -->","yoast_head_json":{"title":"Certificaciones - Valcucine","description":"Valcucine cuenta con certificaciones internacionales que garantizan su compromiso con la sostenibilidad y la innovaci\u00f3n.","robots":{"index":"index","follow":"follow","max-snippet":"max-snippet:-1","max-image-preview":"max-image-preview:large","max-video-preview":"max-video-preview:-1"},"canonical":"https:\/\/www.valcucine.com\/es\/empresa\/certificaciones-valcucine\/","og_locale":"es_ES","og_type":"article","og_title":"Certificaciones - Valcucine","og_description":"Valcucine cuenta con certificaciones internacionales que garantizan su compromiso con la sostenibilidad y la innovaci\u00f3n.","og_url":"https:\/\/www.valcucine.com\/es\/empresa\/certificaciones-valcucine\/","og_site_name":"Valcucine","article_publisher":"https:\/\/www.facebook.com\/valcucine\/","article_modified_time":"2025-06-04T13:35:59+00:00","twitter_card":"summary_large_image","twitter_misc":{"Tiempo de lectura":"3 minutos"},"schema":{"@context":"https:\/\/schema.org","@graph":[{"@type":"WebPage","@id":"https:\/\/www.valcucine.com\/es\/empresa\/certificaciones-valcucine\/","url":"https:\/\/www.valcucine.com\/es\/empresa\/certificaciones-valcucine\/","name":"Certificaciones - Valcucine","isPartOf":{"@id":"https:\/\/www.valcucine.com\/#website"},"datePublished":"2024-03-11T14:25:37+00:00","dateModified":"2025-06-04T13:35:59+00:00","description":"Valcucine cuenta con certificaciones internacionales que garantizan su compromiso con la sostenibilidad y la innovaci\u00f3n.","breadcrumb":{"@id":"https:\/\/www.valcucine.com\/es\/empresa\/certificaciones-valcucine\/#breadcrumb"},"inLanguage":"es","potentialAction":[{"@type":"ReadAction","target":["https:\/\/www.valcucine.com\/es\/empresa\/certificaciones-valcucine\/"]}]},{"@type":"BreadcrumbList","@id":"https:\/\/www.valcucine.com\/es\/empresa\/certificaciones-valcucine\/#breadcrumb","itemListElement":[{"@type":"ListItem","position":1,"name":"Valcucine","item":"https:\/\/www.valcucine.com\/es\/"},{"@type":"ListItem","position":2,"name":"Empresa","item":"https:\/\/www.valcucine.com\/es\/empresa\/"},{"@type":"ListItem","position":3,"name":"Certificaciones"}]},{"@type":"WebSite","@id":"https:\/\/www.valcucine.com\/#website","url":"https:\/\/www.valcucine.com\/","name":"Valcucine","description":"","publisher":{"@id":"https:\/\/www.valcucine.com\/#organization"},"potentialAction":[{"@type":"SearchAction","target":{"@type":"EntryPoint","urlTemplate":"https:\/\/www.valcucine.com\/?s={search_term_string}"},"query-input":{"@type":"PropertyValueSpecification","valueRequired":true,"valueName":"search_term_string"}}],"inLanguage":"es"},{"@type":"Organization","@id":"https:\/\/www.valcucine.com\/#organization","name":"Valcucine","url":"https:\/\/www.valcucine.com\/","logo":{"@type":"ImageObject","inLanguage":"es","@id":"https:\/\/www.valcucine.com\/#\/schema\/logo\/image\/","url":"https:\/\/www.valcucine.com\/wp-content\/uploads\/2024\/02\/logo-valcucine.webp?wsr","contentUrl":"https:\/\/www.valcucine.com\/wp-content\/uploads\/2024\/02\/logo-valcucine.webp?wsr","width":288,"height":46,"caption":"Valcucine"},"image":{"@id":"https:\/\/www.valcucine.com\/#\/schema\/logo\/image\/"},"sameAs":["https:\/\/www.facebook.com\/valcucine\/","https:\/\/www.instagram.com\/valcucine\/","https:\/\/www.linkedin.com\/company\/valcucine"]}]}},"_links":{"self":[{"href":"https:\/\/www.valcucine.com\/es\/wp-json\/wp\/v2\/pages\/14598","targetHints":{"allow":["GET"]}}],"collection":[{"href":"https:\/\/www.valcucine.com\/es\/wp-json\/wp\/v2\/pages"}],"about":[{"href":"https:\/\/www.valcucine.com\/es\/wp-json\/wp\/v2\/types\/page"}],"author":[{"embeddable":true,"href":"https:\/\/www.valcucine.com\/es\/wp-json\/wp\/v2\/users\/1"}],"replies":[{"embeddable":true,"href":"https:\/\/www.valcucine.com\/es\/wp-json\/wp\/v2\/comments?post=14598"}],"version-history":[{"count":4,"href":"https:\/\/www.valcucine.com\/es\/wp-json\/wp\/v2\/pages\/14598\/revisions"}],"predecessor-version":[{"id":46054,"href":"https:\/\/www.valcucine.com\/es\/wp-json\/wp\/v2\/pages\/14598\/revisions\/46054"}],"up":[{"embeddable":true,"href":"https:\/\/www.valcucine.com\/es\/wp-json\/wp\/v2\/pages\/14566"}],"wp:attachment":[{"href":"https:\/\/www.valcucine.com\/es\/wp-json\/wp\/v2\/media?parent=14598"}],"curies":[{"name":"wp","href":"https:\/\/api.w.org\/{rel}","templated":true}]}}