{"id":14626,"date":"2024-03-12T09:06:51","date_gmt":"2024-03-12T09:06:51","guid":{"rendered":"https:\/\/devel.valcucine.com\/empresa\/esg\/leed\/"},"modified":"2024-06-04T12:44:09","modified_gmt":"2024-06-04T12:44:09","slug":"leed-v4-1","status":"publish","type":"page","link":"https:\/\/www.valcucine.com\/es\/empresa\/esg\/leed-v4-1\/","title":{"rendered":"LEED"},"content":{"rendered":"<div class=\"wpb-content-wrapper\"><p>[vc_row][vc_column]\n\t\t\t<!-- START slider leed REVOLUTION SLIDER 6.7.38 --><p class=\"rs-p-wp-fix\"><\/p>\n\t\t\t<rs-module-wrap id=\"rev_slider_19_1_wrapper\" data-source=\"gallery\" style=\"visibility:hidden;background:transparent;padding:0;\">\n\t\t\t\t<rs-module id=\"rev_slider_19_1\" style=\"\" data-version=\"6.7.38\">\n\t\t\t\t\t<rs-slides style=\"overflow: hidden; position: absolute;\">\n\t\t\t\t\t\t<rs-slide style=\"position: absolute;\" data-key=\"rs-778\" data-title=\"Slide\" data-in=\"o:0;\" data-out=\"a:false;\">\n\t\t\t\t\t\t\t<img decoding=\"async\" src=\"\/\/www.valcucine.com\/wp-content\/plugins\/revslider\/sr6\/assets\/assets\/dummy.png\" alt=\"\" title=\"2598_leed\" width=\"1200\" height=\"629\" class=\"rev-slidebg tp-rs-img rs-lazyload\" data-lazyload=\"\/\/www.valcucine.com\/wp-content\/uploads\/2024\/03\/2598_leed.webp\" data-no-retina>\n<!--\n\t\t\t\t\t\t\t--><rs-layer\n\t\t\t\t\t\t\t\tid=\"slider-19-slide-778-layer-11\" \n\t\t\t\t\t\t\t\tclass=\"slider_fade\"\n\t\t\t\t\t\t\t\tdata-type=\"text\"\n\t\t\t\t\t\t\t\tdata-rsp_ch=\"on\"\n\t\t\t\t\t\t\t\tdata-xy=\"x:c;y:m;\"\n\t\t\t\t\t\t\t\tdata-text=\"w:normal;s:20,20,20,7;l:25,25,25,9;a:center;\"\n\t\t\t\t\t\t\t\tdata-vbility=\"t,t,t,f\"\n\t\t\t\t\t\t\t\tdata-frame_999=\"o:0;st:w;\"\n\t\t\t\t\t\t\t\tstyle=\"z-index:9;font-family:'TheinhardtLight';\"\n\t\t\t\t\t\t\t>Matriz de contribuci\u00f3n LEED v4.1 de nuestras cocinas \n\t\t\t\t\t\t\t<\/rs-layer><!--\n\n\t\t\t\t\t\t\t--><rs-layer\n\t\t\t\t\t\t\t\tid=\"slider-19-slide-778-layer-14\" \n\t\t\t\t\t\t\t\tclass=\"slider_fade\"\n\t\t\t\t\t\t\t\tdata-type=\"shape\"\n\t\t\t\t\t\t\t\tdata-rsp_ch=\"on\"\n\t\t\t\t\t\t\t\tdata-text=\"w:normal;s:20,20,20,7;l:0,0,0,9;\"\n\t\t\t\t\t\t\t\tdata-dim=\"w:100%;h:100%;\"\n\t\t\t\t\t\t\t\tdata-basealign=\"slide\"\n\t\t\t\t\t\t\t\tdata-frame_999=\"o:0;st:w;\"\n\t\t\t\t\t\t\t\tstyle=\"z-index:6;background-color:rgba(0,0,0,0.5);\"\n\t\t\t\t\t\t\t> \n\t\t\t\t\t\t\t<\/rs-layer><!--\n\n\t\t\t\t\t\t\t--><rs-layer\n\t\t\t\t\t\t\t\tid=\"slider-19-slide-778-layer-18\" \n\t\t\t\t\t\t\t\tclass=\"slider_fade\"\n\t\t\t\t\t\t\t\tdata-type=\"text\"\n\t\t\t\t\t\t\t\tdata-rsp_ch=\"on\"\n\t\t\t\t\t\t\t\tdata-xy=\"x:c;y:m;yo:-50px,-50px,-50px,-19px;\"\n\t\t\t\t\t\t\t\tdata-text=\"w:normal;s:50,50,50,30;l:25,25,25,9;\"\n\t\t\t\t\t\t\t\tdata-frame_999=\"o:0;st:w;\"\n\t\t\t\t\t\t\t\tstyle=\"z-index:8;font-family:'TheinhardtLight';\"\n\t\t\t\t\t\t\t>LEED \n\t\t\t\t\t\t\t<\/rs-layer><!--\n-->\t\t\t\t\t<\/rs-slide>\n\t\t\t\t\t<\/rs-slides>\n\t\t\t\t\t<rs-static-layers><!--\n\n\t\t\t\t\t\t\t--><rs-layer\n\t\t\t\t\t\t\t\tid=\"slider-19-slide-19-layer-12\" \n\t\t\t\t\t\t\t\tclass=\"play-button rs-svg rs-layer-static\"\n\t\t\t\t\t\t\t\tdata-type=\"svg\"\n\t\t\t\t\t\t\t\tdata-rsp_ch=\"on\"\n\t\t\t\t\t\t\t\tdata-xy=\"xo:20px;y:b;yo:20px;\"\n\t\t\t\t\t\t\t\tdata-text=\"w:normal;s:20,20,20,7;l:0,0,0,9;\"\n\t\t\t\t\t\t\t\tdata-dim=\"w:20px,20px,20px,30px;h:20px,20px,20px,30px;\"\n\t\t\t\t\t\t\t\tdata-actions='o:click;a:playslider;'\n\t\t\t\t\t\t\t\tdata-svg_src=\"\/\/www.valcucine.com\/wp-content\/uploads\/revslider\/svg\/objects\/svgcustom\/circle-play.svg\"\n\t\t\t\t\t\t\t\tdata-svgi=\"oc:t;\"\n\t\t\t\t\t\t\t\tdata-basealign=\"slide\"\n\t\t\t\t\t\t\t\tdata-onslides=\"s:1;\"\n\t\t\t\t\t\t\t\tdata-frame_999=\"o:0;st:w;\"\n\t\t\t\t\t\t\t\tstyle=\"z-index:7;font-family:'Roboto';\"\n\t\t\t\t\t\t\t> \n\t\t\t\t\t\t\t<\/rs-layer><!--\n\n\t\t\t\t\t\t\t--><rs-layer\n\t\t\t\t\t\t\t\tid=\"slider-19-slide-19-layer-13\" \n\t\t\t\t\t\t\t\tclass=\"pause-button current-slider rs-svg rs-layer-static\"\n\t\t\t\t\t\t\t\tdata-type=\"svg\"\n\t\t\t\t\t\t\t\tdata-rsp_ch=\"on\"\n\t\t\t\t\t\t\t\tdata-xy=\"xo:20px;y:b;yo:20px;\"\n\t\t\t\t\t\t\t\tdata-text=\"w:normal;s:20,20,20,7;l:0,0,0,9;\"\n\t\t\t\t\t\t\t\tdata-dim=\"w:20px,20px,20px,30px;h:20px,20px,20px,30px;\"\n\t\t\t\t\t\t\t\tdata-actions='o:click;a:pauseslider;'\n\t\t\t\t\t\t\t\tdata-svg_src=\"\/\/www.valcucine.com\/wp-content\/uploads\/revslider\/svg\/objects\/svgcustom\/circle-pause.svg\"\n\t\t\t\t\t\t\t\tdata-svgi=\"oc:t;\"\n\t\t\t\t\t\t\t\tdata-basealign=\"slide\"\n\t\t\t\t\t\t\t\tdata-onslides=\"s:1;\"\n\t\t\t\t\t\t\t\tdata-frame_999=\"o:0;st:w;\"\n\t\t\t\t\t\t\t\tstyle=\"z-index:8;font-family:'Roboto';\"\n\t\t\t\t\t\t\t> \n\t\t\t\t\t\t\t<\/rs-layer><!--\n\t\t\t\t\t--><\/rs-static-layers>\n\t\t\t\t<\/rs-module>\n\t\t\t\t<script>\n\t\t\t\t\tsetREVStartSize({c: 'rev_slider_19_1',rl:[1240,1240,1240,480],el:[569,569,569,480],gw:[1240,1240,1240,480],gh:[569,569,569,480],type:'standard',justify:'',layout:'fullscreen',offsetContainer:'#slider__height',offset:'0px',mh:\"0\"});if (window.RS_MODULES!==undefined && window.RS_MODULES.modules!==undefined && window.RS_MODULES.modules[\"revslider191\"]!==undefined) {window.RS_MODULES.modules[\"revslider191\"].once = false;window.revapi19 = undefined;if (window.RS_MODULES.checkMinimal!==undefined) window.RS_MODULES.checkMinimal()}\n\t\t\t\t<\/script>\n\t\t\t<\/rs-module-wrap>\n\t\t\t<!-- END REVOLUTION SLIDER -->\n[\/vc_column][\/vc_row][vc_row][vc_column]\n        \n        <h1 class=\"text-center  main__title__h1  vc_custom_1717504747498 \" style=\"color:#333333;\"> \n\n         LEED\n        \n        <\/h1>[vc_row_inner][vc_column_inner]\n        \n        <h2 class=\"text-start  main__title__h2  \" style=\"color:#333333;\"> \n\n         Matriz de contribuci\u00f3n LEED v.4.1 de las cocinas Valcucine\n        \n        <\/h2>[\/vc_column_inner][\/vc_row_inner][vc_row_inner][vc_column_inner][vc_empty_space][\/vc_column_inner][\/vc_row_inner][\/vc_column][\/vc_row][vc_row][vc_column][vc_column_text]ForDesde hace m\u00e1s de cuarenta a\u00f1os, Valcucine destaca por el dise\u00f1o y la producci\u00f3n de cocinas de alta gama. Siempre comprometida a ofrecer excelencia en t\u00e9rminos de sostenibilidad, innovaci\u00f3n y artesan\u00eda, una vez m\u00e1s, Valcucine pone el list\u00f3n muy alto con la certificaci\u00f3n LEED V4.1 de sus cocinas.<\/p>\n<p><strong>LEED Leadership in Energy and Environmental Design (Liderazgo en Energ\u00eda y Dise\u00f1o Medioambiental) es el sistema de verificaci\u00f3n por terceros m\u00e1s utilizado para edificios ecol\u00f3gicos.<br \/>\n<\/strong><br \/>\nLEED proporciona un marco para edificios ecol\u00f3gicos, saludables, eficientes, ahorradores de carbono y de costes. La certificaci\u00f3n LEED V4.1 es un s\u00edmbolo mundialmente reconocido de logro y liderazgo en sostenibilidad.<\/p>\n<p>Los sistemas de construcci\u00f3n ecol\u00f3gica adoptados como referencia para la cartograf\u00eda implican al edificio en su conjunto, no s\u00f3lo al producto individual, sino que los componentes de construcci\u00f3n, como las cocinas, desempe\u00f1an un papel fundamental en el objetivo de sostenibilidad y certificaci\u00f3n del propio edificio.<\/p>\n<p>Por lo tanto, todos los productos que intervienen en un proyecto, incluidas las cocinas, pueden contribuir a la obtenci\u00f3n de cr\u00e9ditos siempre que se ajusten a sus requisitos.<\/p>\n<p>Normalmente, quien participa en un proyecto ecol\u00f3gico busca socios proveedores de productos, como armarios de cocina con electrodom\u00e9sticos, que se ajusten a los par\u00e1metros exigidos, y busca fabricantes capaces de establecer informaci\u00f3n, documentaci\u00f3n y certificaciones que califiquen el rendimiento sostenible de su producto y la calidad de sus procesos.<br \/>\nLEED es un sistema hol\u00edstico que no se centra simplemente en un elemento de un edificio, como la energ\u00eda, el agua o la salud, sino que tiene en cuenta todos los elementos cr\u00edticos que contribuyen a crear el mejor edificio posible. De hecho, el 35% de los cr\u00e9ditos LEED est\u00e1n relacionados con el cambio clim\u00e1tico, el 20% con la salud humana, el 15% con los recursos h\u00eddricos, el 10% con la biodiversidad, el 10% con la econom\u00eda verde, el 5% con la comunidad y el 5% con los recursos naturales. En LEED v4.1, la mayor\u00eda de los cr\u00e9ditos LEED est\u00e1n relacionados con el carbono operativo e incorporado.<\/p>\n<p>Para conseguir la certificaci\u00f3n LEED, un proyecto gana puntos cumpliendo unos requisitos previos y unos cr\u00e9ditos que abordan el carbono, la energ\u00eda, el agua, los residuos, el transporte, los materiales, la salud y la calidad ambiental interior. Los proyectos se someten a un proceso de verificaci\u00f3n y revisi\u00f3n por parte del GBCI y reciben puntos que corresponden a un nivel de certificaci\u00f3n LEED: Certificado (40-49 puntos), Plata (50-59 puntos), Oro (60-79 puntos) y Platino (80+ puntos).[\/vc_column_text][\/vc_column][\/vc_row][vc_row][vc_column]\n        \n        <h3 class=\"text-start  main__title__h3  vc_custom_1717504848397 \" style=\"color:#333333;\"> \n\n          MATRIZ VALCUCINE DE CONTRIBUCI\u00d3N AL LEED V4.1\n        \n        <\/h3>[vc_column_text]<\/p>\n<div>Referencias: LEED BD+C v4.1 &amp; LEED ID+C v4.1<\/div>\n<div>\n<p>LGu\u00eda de referencia LEED BD+C V4.1 para el dise\u00f1o y la construcci\u00f3n de edificios ecol\u00f3gicos: v\u00e1lida para nueva construcci\u00f3n, reformas importantes, edificios medulares, escuelas, comercios, hosteler\u00eda, centros de datos y asistencia sanitaria. Gu\u00eda de referencia LEED ID+C V4.1 para el dise\u00f1o y la construcci\u00f3n de interiores ecol\u00f3gicos &#8211; v\u00e1lida para: interiores comerciales, comercio minorista y hosteler\u00eda. LEED es un sistema de certificaci\u00f3n ecol\u00f3gica de edificios. Tiene en cuenta el edificio en su conjunto, no s\u00f3lo el producto individual.<\/p>\n<\/div>\n<p>[\/vc_column_text][\/vc_column][\/vc_row][vc_row][vc_column]\n        \n        <h3 class=\"text-start  main__title__h3  vc_custom_1717504905998 \" style=\"color:#333333;\"> \n\n         Por lo tanto, nuestras cocinas pueden contribuir a la obtenci\u00f3n de cr\u00e9ditos LEED v4.1 siempre que cumplan los requisitos. \n        \n        <\/h3>[vc_column_text]<\/p>\n<div><strong>EFICIENCIA H\u00cdDRICA<\/strong><br \/>\nNOSOTROS PREREQUISITA LA REDUCCI\u00d3N DEL USO DEL AGUA EN EL INTERIOR VALCUCINE pregunte por VALCUCINE WE SPECs<br \/>\nCREDITAMOS LA REDUCCI\u00d3N DEL USO DEL AGUA EN EL INTERIOR VALCUCINE pida VALCUCINE WE SPECs<br \/>\nCR\u00c9DITO MEDICI\u00d3N DE AGUA VALCUCINE solicitar VALCUCINE WE SPECs<strong>EA ENERG\u00cdA Y ATM\u00d3SFERA<\/strong><br \/>\nEA CREDIT ENHANCED COMMISSIONING AND VERIFICATION solicitar VALCUCINE EA Cx SET<\/p>\n<p><strong>MR MATERIALES Y RECURSOS<\/strong><br \/>\nMR CREDIT DECLARACI\u00d3N DE PRODUCTO MEDIOAMBIENTAL solicitar VALCUCINE COMPONENTS MR EPD SPECs<br \/>\nMR CREDIT ABASTECIMIENTO DE MATERIAS PRIMAS FSC &#8211; CONTENIDO RECICLADO<br \/>\nMR CREDIT GESTI\u00d3N DE RESIDUOS DE CONSTRUCCI\u00d3N Y DEMOLICI\u00d3N NUEVO SISTEMA DE EMBALAJE<br \/>\nMR CREDIT LEGAL WOOD PILOT CREDIT VALCUCINE FSC CoC<\/p>\n<p><strong>EQ CALIDAD AMBIENTAL INTERIOR<\/strong><br \/>\nEQ CREDIT LOW EMITTING MATERIALS solicitar ARTEMATICA VITRUM SPECs<br \/>\nCR\u00c9DITO EQ CONSTRUCCI\u00d3N PLAN DE GESTI\u00d3N DE LA CALIDAD DEL AIRE INTERIOR solicitar ESPECIFICACIONES ARTEMATICA VITRUM<\/p>\n<\/div>\n<div><strong>EN INNOVACI\u00d3N CR\u00c9DITO PILOTO<\/strong><br \/>\nEN CR\u00c9DITO MADERA LEGAL pregunte por VALCUCINE FSC CoC<br \/>\nEN CR\u00c9DITO DISE\u00d1O INCLUSIVO solicitar LOGICA CELATA Y AIR LOGICA SYSTEM SPECs<\/div>\n<p>[\/vc_column_text][\/vc_column][\/vc_row][vc_row][vc_column][vc_column_text]<\/p>\n<h4><strong><a href=\"http:\/\/www.valcucine.com\/uploads\/files_block\/25_2_leed-matrix-valcucine-.pdf\" target=\"_blank\" rel=\"noopener\"><span style=\"color: 2e8b57;\">DESCARGUE LA MATRIZ DE CONTRIBUCI\u00d3N LEED DE VALCUCIN<\/span><\/a><span style=\"color: 2e8b57;\">E<\/span><\/strong><\/h4>\n<p>[\/vc_column_text][\/vc_column][\/vc_row][vc_row css=\u00bb.vc_custom_1710834469306{margin-bottom: 40px !important;}\u00bb][vc_column][vc_column_text]En colaboraci\u00f3n con GREENMAP, el programa de Habitech para la industria. Habitech es el principal centro nacional, reconocido por el Ministerio italiano de Universidad e Investigaci\u00f3n, para la construcci\u00f3n ecol\u00f3gica, las energ\u00edas renovables y la innovaci\u00f3n. GREENMAP fomenta la sostenibilidad como palanca estrat\u00e9gica para la innovaci\u00f3n y el desarrollo y apoya la orientaci\u00f3n del cliente hacia su misi\u00f3n corporativa. Ayudamos a las organizaciones a seguir su camino estrat\u00e9gico adoptando criterios y pr\u00e1cticas sostenibles como principios rectores.[\/vc_column_text][\/vc_column][\/vc_row]<\/p>\n<\/div>","protected":false},"excerpt":{"rendered":"<p>[vc_row][vc_column][\/vc_column][\/vc_row][vc_row][vc_column][vc_row_inner][vc_column_inner][\/vc_column_inner][\/vc_row_inner][vc_row_inner][vc_column_inner][vc_empty_space][\/vc_column_inner][\/vc_row_inner][\/vc_column][\/vc_row][vc_row][vc_column][vc_column_text]ForDesde hace m\u00e1s de cuarenta a\u00f1os, Valcucine destaca por el dise\u00f1o y la producci\u00f3n de cocinas de alta gama. Siempre comprometida a ofrecer excelencia en t\u00e9rminos de sostenibilidad, innovaci\u00f3n y artesan\u00eda, una vez m\u00e1s, Valcucine pone el list\u00f3n muy alto con la certificaci\u00f3n LEED V4.1 de sus cocinas. LEED Leadership in Energy and Environmental Design [&hellip;]<\/p>\n","protected":false},"author":1,"featured_media":0,"parent":14609,"menu_order":0,"comment_status":"closed","ping_status":"closed","template":"","meta":{"footnotes":""},"class_list":["post-14626","page","type-page","status-publish","hentry"],"yoast_head":"<!-- This site is optimized with the Yoast SEO plugin v26.2 - https:\/\/yoast.com\/wordpress\/plugins\/seo\/ -->\n<title>LEED - Valcucine<\/title>\n<meta name=\"robots\" content=\"index, follow, max-snippet:-1, max-image-preview:large, max-video-preview:-1\" \/>\n<link rel=\"canonical\" href=\"https:\/\/www.valcucine.com\/es\/empresa\/esg\/leed-v4-1\/\" \/>\n<meta property=\"og:locale\" content=\"es_ES\" \/>\n<meta property=\"og:type\" content=\"article\" \/>\n<meta property=\"og:title\" content=\"LEED - Valcucine\" \/>\n<meta property=\"og:description\" content=\"[vc_row][vc_column][\/vc_column][\/vc_row][vc_row][vc_column][vc_row_inner][vc_column_inner][\/vc_column_inner][\/vc_row_inner][vc_row_inner][vc_column_inner][vc_empty_space][\/vc_column_inner][\/vc_row_inner][\/vc_column][\/vc_row][vc_row][vc_column][vc_column_text]ForDesde hace m\u00e1s de cuarenta a\u00f1os, Valcucine destaca por el dise\u00f1o y la producci\u00f3n de cocinas de alta gama. Siempre comprometida a ofrecer excelencia en t\u00e9rminos de sostenibilidad, innovaci\u00f3n y artesan\u00eda, una vez m\u00e1s, Valcucine pone el list\u00f3n muy alto con la certificaci\u00f3n LEED V4.1 de sus cocinas. LEED Leadership in Energy and Environmental Design [&hellip;]\" \/>\n<meta property=\"og:url\" content=\"https:\/\/www.valcucine.com\/es\/empresa\/esg\/leed-v4-1\/\" \/>\n<meta property=\"og:site_name\" content=\"Valcucine\" \/>\n<meta property=\"article:publisher\" content=\"https:\/\/www.facebook.com\/valcucine\/\" \/>\n<meta property=\"article:modified_time\" content=\"2024-06-04T12:44:09+00:00\" \/>\n<meta name=\"twitter:card\" content=\"summary_large_image\" \/>\n<meta name=\"twitter:label1\" content=\"Tiempo de lectura\" \/>\n\t<meta name=\"twitter:data1\" content=\"5 minutos\" \/>\n<script type=\"application\/ld+json\" class=\"yoast-schema-graph\">{\"@context\":\"https:\/\/schema.org\",\"@graph\":[{\"@type\":\"WebPage\",\"@id\":\"https:\/\/www.valcucine.com\/es\/empresa\/esg\/leed-v4-1\/\",\"url\":\"https:\/\/www.valcucine.com\/es\/empresa\/esg\/leed-v4-1\/\",\"name\":\"LEED - Valcucine\",\"isPartOf\":{\"@id\":\"https:\/\/www.valcucine.com\/#website\"},\"datePublished\":\"2024-03-12T09:06:51+00:00\",\"dateModified\":\"2024-06-04T12:44:09+00:00\",\"breadcrumb\":{\"@id\":\"https:\/\/www.valcucine.com\/es\/empresa\/esg\/leed-v4-1\/#breadcrumb\"},\"inLanguage\":\"es\",\"potentialAction\":[{\"@type\":\"ReadAction\",\"target\":[\"https:\/\/www.valcucine.com\/es\/empresa\/esg\/leed-v4-1\/\"]}]},{\"@type\":\"BreadcrumbList\",\"@id\":\"https:\/\/www.valcucine.com\/es\/empresa\/esg\/leed-v4-1\/#breadcrumb\",\"itemListElement\":[{\"@type\":\"ListItem\",\"position\":1,\"name\":\"Valcucine\",\"item\":\"https:\/\/www.valcucine.com\/es\/\"},{\"@type\":\"ListItem\",\"position\":2,\"name\":\"Empresa\",\"item\":\"https:\/\/www.valcucine.com\/es\/empresa\/\"},{\"@type\":\"ListItem\",\"position\":3,\"name\":\"ESG\",\"item\":\"https:\/\/www.valcucine.com\/es\/empresa\/esg\/\"},{\"@type\":\"ListItem\",\"position\":4,\"name\":\"LEED\"}]},{\"@type\":\"WebSite\",\"@id\":\"https:\/\/www.valcucine.com\/#website\",\"url\":\"https:\/\/www.valcucine.com\/\",\"name\":\"Valcucine\",\"description\":\"\",\"publisher\":{\"@id\":\"https:\/\/www.valcucine.com\/#organization\"},\"potentialAction\":[{\"@type\":\"SearchAction\",\"target\":{\"@type\":\"EntryPoint\",\"urlTemplate\":\"https:\/\/www.valcucine.com\/?s={search_term_string}\"},\"query-input\":{\"@type\":\"PropertyValueSpecification\",\"valueRequired\":true,\"valueName\":\"search_term_string\"}}],\"inLanguage\":\"es\"},{\"@type\":\"Organization\",\"@id\":\"https:\/\/www.valcucine.com\/#organization\",\"name\":\"Valcucine\",\"url\":\"https:\/\/www.valcucine.com\/\",\"logo\":{\"@type\":\"ImageObject\",\"inLanguage\":\"es\",\"@id\":\"https:\/\/www.valcucine.com\/#\/schema\/logo\/image\/\",\"url\":\"https:\/\/www.valcucine.com\/wp-content\/uploads\/2024\/02\/logo-valcucine.webp?wsr\",\"contentUrl\":\"https:\/\/www.valcucine.com\/wp-content\/uploads\/2024\/02\/logo-valcucine.webp?wsr\",\"width\":288,\"height\":46,\"caption\":\"Valcucine\"},\"image\":{\"@id\":\"https:\/\/www.valcucine.com\/#\/schema\/logo\/image\/\"},\"sameAs\":[\"https:\/\/www.facebook.com\/valcucine\/\",\"https:\/\/www.instagram.com\/valcucine\/\",\"https:\/\/www.linkedin.com\/company\/valcucine\"]}]}<\/script>\n<!-- \/ Yoast SEO plugin. -->","yoast_head_json":{"title":"LEED - Valcucine","robots":{"index":"index","follow":"follow","max-snippet":"max-snippet:-1","max-image-preview":"max-image-preview:large","max-video-preview":"max-video-preview:-1"},"canonical":"https:\/\/www.valcucine.com\/es\/empresa\/esg\/leed-v4-1\/","og_locale":"es_ES","og_type":"article","og_title":"LEED - Valcucine","og_description":"[vc_row][vc_column][\/vc_column][\/vc_row][vc_row][vc_column][vc_row_inner][vc_column_inner][\/vc_column_inner][\/vc_row_inner][vc_row_inner][vc_column_inner][vc_empty_space][\/vc_column_inner][\/vc_row_inner][\/vc_column][\/vc_row][vc_row][vc_column][vc_column_text]ForDesde hace m\u00e1s de cuarenta a\u00f1os, Valcucine destaca por el dise\u00f1o y la producci\u00f3n de cocinas de alta gama. Siempre comprometida a ofrecer excelencia en t\u00e9rminos de sostenibilidad, innovaci\u00f3n y artesan\u00eda, una vez m\u00e1s, Valcucine pone el list\u00f3n muy alto con la certificaci\u00f3n LEED V4.1 de sus cocinas. LEED Leadership in Energy and Environmental Design [&hellip;]","og_url":"https:\/\/www.valcucine.com\/es\/empresa\/esg\/leed-v4-1\/","og_site_name":"Valcucine","article_publisher":"https:\/\/www.facebook.com\/valcucine\/","article_modified_time":"2024-06-04T12:44:09+00:00","twitter_card":"summary_large_image","twitter_misc":{"Tiempo de lectura":"5 minutos"},"schema":{"@context":"https:\/\/schema.org","@graph":[{"@type":"WebPage","@id":"https:\/\/www.valcucine.com\/es\/empresa\/esg\/leed-v4-1\/","url":"https:\/\/www.valcucine.com\/es\/empresa\/esg\/leed-v4-1\/","name":"LEED - Valcucine","isPartOf":{"@id":"https:\/\/www.valcucine.com\/#website"},"datePublished":"2024-03-12T09:06:51+00:00","dateModified":"2024-06-04T12:44:09+00:00","breadcrumb":{"@id":"https:\/\/www.valcucine.com\/es\/empresa\/esg\/leed-v4-1\/#breadcrumb"},"inLanguage":"es","potentialAction":[{"@type":"ReadAction","target":["https:\/\/www.valcucine.com\/es\/empresa\/esg\/leed-v4-1\/"]}]},{"@type":"BreadcrumbList","@id":"https:\/\/www.valcucine.com\/es\/empresa\/esg\/leed-v4-1\/#breadcrumb","itemListElement":[{"@type":"ListItem","position":1,"name":"Valcucine","item":"https:\/\/www.valcucine.com\/es\/"},{"@type":"ListItem","position":2,"name":"Empresa","item":"https:\/\/www.valcucine.com\/es\/empresa\/"},{"@type":"ListItem","position":3,"name":"ESG","item":"https:\/\/www.valcucine.com\/es\/empresa\/esg\/"},{"@type":"ListItem","position":4,"name":"LEED"}]},{"@type":"WebSite","@id":"https:\/\/www.valcucine.com\/#website","url":"https:\/\/www.valcucine.com\/","name":"Valcucine","description":"","publisher":{"@id":"https:\/\/www.valcucine.com\/#organization"},"potentialAction":[{"@type":"SearchAction","target":{"@type":"EntryPoint","urlTemplate":"https:\/\/www.valcucine.com\/?s={search_term_string}"},"query-input":{"@type":"PropertyValueSpecification","valueRequired":true,"valueName":"search_term_string"}}],"inLanguage":"es"},{"@type":"Organization","@id":"https:\/\/www.valcucine.com\/#organization","name":"Valcucine","url":"https:\/\/www.valcucine.com\/","logo":{"@type":"ImageObject","inLanguage":"es","@id":"https:\/\/www.valcucine.com\/#\/schema\/logo\/image\/","url":"https:\/\/www.valcucine.com\/wp-content\/uploads\/2024\/02\/logo-valcucine.webp?wsr","contentUrl":"https:\/\/www.valcucine.com\/wp-content\/uploads\/2024\/02\/logo-valcucine.webp?wsr","width":288,"height":46,"caption":"Valcucine"},"image":{"@id":"https:\/\/www.valcucine.com\/#\/schema\/logo\/image\/"},"sameAs":["https:\/\/www.facebook.com\/valcucine\/","https:\/\/www.instagram.com\/valcucine\/","https:\/\/www.linkedin.com\/company\/valcucine"]}]}},"_links":{"self":[{"href":"https:\/\/www.valcucine.com\/es\/wp-json\/wp\/v2\/pages\/14626","targetHints":{"allow":["GET"]}}],"collection":[{"href":"https:\/\/www.valcucine.com\/es\/wp-json\/wp\/v2\/pages"}],"about":[{"href":"https:\/\/www.valcucine.com\/es\/wp-json\/wp\/v2\/types\/page"}],"author":[{"embeddable":true,"href":"https:\/\/www.valcucine.com\/es\/wp-json\/wp\/v2\/users\/1"}],"replies":[{"embeddable":true,"href":"https:\/\/www.valcucine.com\/es\/wp-json\/wp\/v2\/comments?post=14626"}],"version-history":[{"count":2,"href":"https:\/\/www.valcucine.com\/es\/wp-json\/wp\/v2\/pages\/14626\/revisions"}],"predecessor-version":[{"id":14628,"href":"https:\/\/www.valcucine.com\/es\/wp-json\/wp\/v2\/pages\/14626\/revisions\/14628"}],"up":[{"embeddable":true,"href":"https:\/\/www.valcucine.com\/es\/wp-json\/wp\/v2\/pages\/14609"}],"wp:attachment":[{"href":"https:\/\/www.valcucine.com\/es\/wp-json\/wp\/v2\/media?parent=14626"}],"curies":[{"name":"wp","href":"https:\/\/api.w.org\/{rel}","templated":true}]}}