{"id":14634,"date":"2024-03-12T09:07:04","date_gmt":"2024-03-12T09:07:04","guid":{"rendered":"https:\/\/devel.valcucine.com\/empresa\/esg\/bioforest\/"},"modified":"2025-10-15T09:39:10","modified_gmt":"2025-10-15T09:39:10","slug":"bioforest","status":"publish","type":"page","link":"https:\/\/www.valcucine.com\/es\/empresa\/esg\/bioforest\/","title":{"rendered":"Bioforest"},"content":{"rendered":"<div class=\"wpb-content-wrapper\"><p>[vc_row][vc_column]\n\t\t\t<!-- START slider bioforest REVOLUTION SLIDER 6.7.38 --><p class=\"rs-p-wp-fix\"><\/p>\n\t\t\t<rs-module-wrap id=\"rev_slider_21_1_wrapper\" data-source=\"gallery\" style=\"visibility:hidden;background:transparent;padding:0;\">\n\t\t\t\t<rs-module id=\"rev_slider_21_1\" style=\"\" data-version=\"6.7.38\">\n\t\t\t\t\t<rs-slides style=\"overflow: hidden; position: absolute;\">\n\t\t\t\t\t\t<rs-slide style=\"position: absolute;\" data-key=\"rs-785\" data-title=\"Slide\" data-in=\"o:0;\" data-out=\"a:false;\">\n\t\t\t\t\t\t\t<img decoding=\"async\" src=\"\/\/www.valcucine.com\/wp-content\/plugins\/revslider\/sr6\/assets\/assets\/dummy.png\" alt=\"\" title=\"2561_bioforest\" width=\"1634\" height=\"1136\" class=\"rev-slidebg tp-rs-img rs-lazyload\" data-lazyload=\"\/\/www.valcucine.com\/wp-content\/uploads\/2024\/03\/2561_bioforest.webp\" data-no-retina>\n<!--\n\t\t\t\t\t\t\t--><rs-layer\n\t\t\t\t\t\t\t\tid=\"slider-21-slide-785-layer-11\" \n\t\t\t\t\t\t\t\tclass=\"slider_fade\"\n\t\t\t\t\t\t\t\tdata-type=\"text\"\n\t\t\t\t\t\t\t\tdata-rsp_ch=\"on\"\n\t\t\t\t\t\t\t\tdata-xy=\"x:c;y:m;\"\n\t\t\t\t\t\t\t\tdata-text=\"w:normal;s:20,20,20,7;l:25,25,25,9;a:center;\"\n\t\t\t\t\t\t\t\tdata-vbility=\"t,t,t,f\"\n\t\t\t\t\t\t\t\tdata-frame_999=\"o:0;st:w;\"\n\t\t\t\t\t\t\t\tstyle=\"z-index:9;font-family:'TheinhardtLight';\"\n\t\t\t\t\t\t\t>Nuestra contribuci\u00f3n a la regeneraci\u00f3n de los ambientes naturales \n\t\t\t\t\t\t\t<\/rs-layer><!--\n\n\t\t\t\t\t\t\t--><rs-layer\n\t\t\t\t\t\t\t\tid=\"slider-21-slide-785-layer-14\" \n\t\t\t\t\t\t\t\tclass=\"slider_fade\"\n\t\t\t\t\t\t\t\tdata-type=\"shape\"\n\t\t\t\t\t\t\t\tdata-rsp_ch=\"on\"\n\t\t\t\t\t\t\t\tdata-text=\"w:normal;s:20,20,20,7;l:0,0,0,9;\"\n\t\t\t\t\t\t\t\tdata-dim=\"w:100%;h:100%;\"\n\t\t\t\t\t\t\t\tdata-basealign=\"slide\"\n\t\t\t\t\t\t\t\tdata-frame_999=\"o:0;st:w;\"\n\t\t\t\t\t\t\t\tstyle=\"z-index:6;background-color:rgba(0,0,0,0.5);\"\n\t\t\t\t\t\t\t> \n\t\t\t\t\t\t\t<\/rs-layer><!--\n\n\t\t\t\t\t\t\t--><rs-layer\n\t\t\t\t\t\t\t\tid=\"slider-21-slide-785-layer-18\" \n\t\t\t\t\t\t\t\tclass=\"slider_fade\"\n\t\t\t\t\t\t\t\tdata-type=\"text\"\n\t\t\t\t\t\t\t\tdata-rsp_ch=\"on\"\n\t\t\t\t\t\t\t\tdata-xy=\"x:c;y:m;yo:-50px,-50px,-50px,-19px;\"\n\t\t\t\t\t\t\t\tdata-text=\"w:normal;s:50,50,50,30;l:25,25,25,9;\"\n\t\t\t\t\t\t\t\tdata-frame_999=\"o:0;st:w;\"\n\t\t\t\t\t\t\t\tstyle=\"z-index:8;font-family:'TheinhardtLight';\"\n\t\t\t\t\t\t\t>BIOFOREST \n\t\t\t\t\t\t\t<\/rs-layer><!--\n-->\t\t\t\t\t<\/rs-slide>\n\t\t\t\t\t<\/rs-slides>\n\t\t\t\t\t<rs-static-layers><!--\n\n\t\t\t\t\t\t\t--><rs-layer\n\t\t\t\t\t\t\t\tid=\"slider-21-slide-21-layer-12\" \n\t\t\t\t\t\t\t\tclass=\"play-button rs-svg rs-layer-static\"\n\t\t\t\t\t\t\t\tdata-type=\"svg\"\n\t\t\t\t\t\t\t\tdata-rsp_ch=\"on\"\n\t\t\t\t\t\t\t\tdata-xy=\"xo:20px;y:b;yo:20px;\"\n\t\t\t\t\t\t\t\tdata-text=\"w:normal;s:20,20,20,7;l:0,0,0,9;\"\n\t\t\t\t\t\t\t\tdata-dim=\"w:20px,20px,20px,30px;h:20px,20px,20px,30px;\"\n\t\t\t\t\t\t\t\tdata-actions='o:click;a:playslider;'\n\t\t\t\t\t\t\t\tdata-svg_src=\"\/\/www.valcucine.com\/wp-content\/uploads\/revslider\/svg\/objects\/svgcustom\/circle-play.svg\"\n\t\t\t\t\t\t\t\tdata-svgi=\"oc:t;\"\n\t\t\t\t\t\t\t\tdata-basealign=\"slide\"\n\t\t\t\t\t\t\t\tdata-onslides=\"s:1;\"\n\t\t\t\t\t\t\t\tdata-frame_999=\"o:0;st:w;\"\n\t\t\t\t\t\t\t\tstyle=\"z-index:7;font-family:'Roboto';\"\n\t\t\t\t\t\t\t> \n\t\t\t\t\t\t\t<\/rs-layer><!--\n\n\t\t\t\t\t\t\t--><rs-layer\n\t\t\t\t\t\t\t\tid=\"slider-21-slide-21-layer-13\" \n\t\t\t\t\t\t\t\tclass=\"pause-button current-slider rs-svg rs-layer-static\"\n\t\t\t\t\t\t\t\tdata-type=\"svg\"\n\t\t\t\t\t\t\t\tdata-rsp_ch=\"on\"\n\t\t\t\t\t\t\t\tdata-xy=\"xo:20px;y:b;yo:20px;\"\n\t\t\t\t\t\t\t\tdata-text=\"w:normal;s:20,20,20,7;l:0,0,0,9;\"\n\t\t\t\t\t\t\t\tdata-dim=\"w:20px,20px,20px,30px;h:20px,20px,20px,30px;\"\n\t\t\t\t\t\t\t\tdata-actions='o:click;a:pauseslider;'\n\t\t\t\t\t\t\t\tdata-svg_src=\"\/\/www.valcucine.com\/wp-content\/uploads\/revslider\/svg\/objects\/svgcustom\/circle-pause.svg\"\n\t\t\t\t\t\t\t\tdata-svgi=\"oc:t;\"\n\t\t\t\t\t\t\t\tdata-basealign=\"slide\"\n\t\t\t\t\t\t\t\tdata-onslides=\"s:1;\"\n\t\t\t\t\t\t\t\tdata-frame_999=\"o:0;st:w;\"\n\t\t\t\t\t\t\t\tstyle=\"z-index:8;font-family:'Roboto';\"\n\t\t\t\t\t\t\t> \n\t\t\t\t\t\t\t<\/rs-layer><!--\n\t\t\t\t\t--><\/rs-static-layers>\n\t\t\t\t<\/rs-module>\n\t\t\t\t<script>\n\t\t\t\t\tsetREVStartSize({c: 'rev_slider_21_1',rl:[1240,1240,1240,480],el:[569,569,569,480],gw:[1240,1240,1240,480],gh:[569,569,569,480],type:'standard',justify:'',layout:'fullscreen',offsetContainer:'#slider__height',offset:'0px',mh:\"0\"});if (window.RS_MODULES!==undefined && window.RS_MODULES.modules!==undefined && window.RS_MODULES.modules[\"revslider211\"]!==undefined) {window.RS_MODULES.modules[\"revslider211\"].once = false;window.revapi21 = undefined;if (window.RS_MODULES.checkMinimal!==undefined) window.RS_MODULES.checkMinimal()}\n\t\t\t\t<\/script>\n\t\t\t<\/rs-module-wrap>\n\t\t\t<!-- END REVOLUTION SLIDER -->\n[\/vc_column][\/vc_row][vc_row full_width=\u00bbstretch_row_content_no_spaces\u00bb][vc_column]<div class='sticky__subslider d-none d-lg-block'><div class='sticky__subslider__wrapper container'><div class='sticky__subslider__wrapper__left'><span class='sticky__subslider__title'>Bioforest:<\/span><a href='#benefici' target='' rel=''><span>Benefici<\/span><\/a><\/div><div class='sticky__subslider__wrapper__right'><\/div><\/div><\/div>[\/vc_column][\/vc_row][vc_row][vc_column]\n        \n        <h1 class=\"text-center  main__title__h1  vc_custom_1727449970297 \" style=\"color:#333333;\"> \n\n         Bioforest\n        \n        <\/h1>[\/vc_column][\/vc_row][vc_row][vc_column][vc_column_text]Bioforest es una asociaci\u00f3n para la regeneraci\u00f3n de entornos naturales que se fund\u00f3 en 1998 en Valcucine a partir del deseo de promover una cultura de producci\u00f3n m\u00e1s sensible con el medio ambiente. Para ello, se propone financiar proyectos de reforestaci\u00f3n y repoblaci\u00f3n de ecosistemas forestales destruidos o degradados en Italia y en todo el mundo, siguiendo estrictos criterios ecol\u00f3gicos en armon\u00eda con las caracter\u00edsticas de las zonas en cuesti\u00f3n, con el fin de proteger la biodiversidad vegetal y animal originalmente presente. Adem\u00e1s, promueve y apoya las actividades de investigaci\u00f3n cient\u00edfica difundi\u00e9ndolas a trav\u00e9s de medios de informaci\u00f3n, reuniones, debates y conferencias destinadas a dar visibilidad a los proyectos activos.[\/vc_column_text][\/vc_column][\/vc_row][vc_row][vc_column][vc_separator color=\u00bbcustom\u00bb el_width=\u00bb10&#8243; accent_color=\u00bb#666666&#8243;][\/vc_column][\/vc_row][vc_row el_id=\u00bbbenefici\u00bb][vc_column css=\u00bb.vc_custom_1710489536517{padding-top: 60px !important;}\u00bb]<div class=\"row block__img__bkg__grey gap-lg-2\"><div id=\"carousel_grey_1\" class=\"col-lg-7 d-flex align-items-stretch px-0 carousel__block__img__bkg__grey carousel__dots  dots--white slick-track-100 \"><div class=\"d-flex align-items-stretch align-self-stretch \"><div class=\"block__img__bkg__grey__img\" style=\"background-image: url(https:\/\/www.valcucine.com\/wp-content\/uploads\/2024\/03\/93_bg-slide-2-1.webp?wsr)\"><img decoding=\"async\" src=\"https:\/\/www.valcucine.com\/wp-content\/uploads\/2024\/03\/93_bg-slide-2-1.webp?wsr\" ><\/div><\/div><\/div><div class=\"col-lg-5 block__img__bkg__grey__content \"><h4 class='main__title__h4'>Proyecto Otonga<\/h4><div class='block__img__bkg__grey__text'>El Proyecto Otonga, en Ecuador, pretende comprar porciones de bosque primario para salvar su extraordinaria biodiversidad y proteger la riqueza biol\u00f3gica del planeta.<\/p>\n<p>En la Reserva Integral de Otonga, situada en la vertiente occidental de la cordillera de los Andes, hay una serie de especies animales y vegetales que han desaparecido en el resto del pa\u00eds y que, en ocasiones, siguen siendo desconocidas para la ciencia.<\/div><\/div><\/div>\n            <script>\n            jQuery(function () {\n                \n                \n                jQuery('#carousel_grey_1').slick({\n                  infinite: true,\n                    slidesToShow: 1,\n                    slidesToScroll: 1,\n                    autoplaySpeed: 8000,\n                    centerPadding: '0px',\n                    mobileFirst: true,\n                    arrows: true,\n                    autoplay: true,\n                    dots: false,\n                    prevArrow: '<div class=\\'corousel__arrow corousel__next text-white inside \\'><i class=\\'fal fa-chevron-left\\'><\/i><\/div>',\n                    nextArrow: '<div class=\\'corousel__arrow corousel__prev text-white inside \\'><i class=\\'fal fa-chevron-right\\'><\/i><\/div>',\n                      responsive: [\n                        {\n                          breakpoint: 768,\n                          settings: {\n                            slidesToShow: 1,\n                            slidesToScroll: 1,\n                          }\n                        },\n                    ]\n              \n                });\n            });\n            <\/script>\n            [\/vc_column][\/vc_row][vc_row][vc_column css=\u00bb.vc_custom_1710489544705{padding-top: 60px !important;}\u00bb]<div class=\"row block__img__bkg__grey gap-lg-2\"><div class=\"col-12 col-lg-5 block__img__bkg__grey__content order-2 order-lg-1\"><h4 class='main__title__h4'>Proyecto Got Owaga<\/h4><div class='block__img__bkg__grey__text'>El proyecto de reforestaci\u00f3n de Kenia, Got Owaga, afecta a una zona monta\u00f1osa del valle del Nyando, a unos 50 km del lago Victoria. La zona est\u00e1 situada en el cintur\u00f3n dedicado al cultivo de la ca\u00f1a de az\u00facar, cuya propagaci\u00f3n ha sido la principal causa de deforestaci\u00f3n.<\/p>\n<p>l proyecto Operaci\u00f3n Got Owaga se desarroll\u00f3, en su primera fase, en una parcela de tres hect\u00e1reas con el establecimiento de una plantaci\u00f3n experimental para identificar las especies m\u00e1s adecuadas que deb\u00edan plantarse y los tratamientos necesarios que deb\u00edan aplicarse.<\/div><\/div><div id=\"carousel_grey_2\" class=\"col-lg-7 d-flex align-items-stretch order-1 order-lg-2 px-0 carousel__block__img__bkg__grey carousel__dots  dots--white slick-track-100 \"><div class=\"d-flex align-items-stretch align-self-stretch\"><div class=\"block__img__bkg__grey__img\" style=\"background-image: url(https:\/\/www.valcucine.com\/wp-content\/uploads\/2024\/03\/94_bg-slide-3.webp?wsr)\"><img decoding=\"async\" src=\"https:\/\/www.valcucine.com\/wp-content\/uploads\/2024\/03\/94_bg-slide-3.webp?wsr\" ><\/div><\/div><\/div><\/div>\n            <script>\n            jQuery(function () {\n                \n                \n                jQuery('#carousel_grey_2').slick({\n                  infinite: true,\n                    slidesToShow: 1,\n                    slidesToScroll: 1,\n                    autoplaySpeed: 8000,\n                    centerPadding: '0px',\n                    mobileFirst: true,\n                    arrows: true,\n                    autoplay: true,\n                    dots: false,\n                    prevArrow: '<div class=\\'corousel__arrow corousel__next text-white inside \\'><i class=\\'fal fa-chevron-left\\'><\/i><\/div>',\n                    nextArrow: '<div class=\\'corousel__arrow corousel__prev text-white inside \\'><i class=\\'fal fa-chevron-right\\'><\/i><\/div>',\n                      responsive: [\n                        {\n                          breakpoint: 768,\n                          settings: {\n                            slidesToShow: 1,\n                            slidesToScroll: 1,\n                          }\n                        },\n                    ]\n              \n                });\n            });\n            <\/script>\n            [\/vc_column][\/vc_row][vc_row css=\u00bb.vc_custom_1710834984240{padding-bottom: 60px !important;}\u00bb][vc_column css=\u00bb.vc_custom_1710489551811{padding-top: 60px !important;}\u00bb]<div class=\"row block__img__bkg__grey gap-lg-2\"><div id=\"carousel_grey_3\" class=\"col-lg-7 d-flex align-items-stretch px-0 carousel__block__img__bkg__grey carousel__dots  dots--white slick-track-100 \"><div class=\"d-flex align-items-stretch align-self-stretch \"><div class=\"block__img__bkg__grey__img\" style=\"background-image: url(https:\/\/www.valcucine.com\/wp-content\/uploads\/2024\/03\/95_bg-slide-4.webp?wsr)\"><img decoding=\"async\" src=\"https:\/\/www.valcucine.com\/wp-content\/uploads\/2024\/03\/95_bg-slide-4.webp?wsr\" ><\/div><\/div><\/div><div class=\"col-lg-5 block__img__bkg__grey__content \"><h4 class='main__title__h4'>Proyecto de reforestaci\u00f3n de Vinchiaruzzo<\/h4><div class='block__img__bkg__grey__text'>En Italia, el proyecto de reforestaci\u00f3n de Vinchiaruzzo, en Friuli Venezia Giulia, tiene su origen en el t\u00e9rmino dialectal \u00abVinciars\u00bb, que significa bosques de sauces. El proyecto consiste en la adquisici\u00f3n de tierras para regenerar el bosque, preservar las valiosas zonas de pastizales h\u00famedos existentes y proporcionar un h\u00e1bitat a numerosas especies raras de flora y fauna. Un patrimonio natural en peligro de extinci\u00f3n debido a la explotaci\u00f3n agr\u00edcola indiscriminada.<\/div><\/div><\/div>\n            <script>\n            jQuery(function () {\n                \n                \n                jQuery('#carousel_grey_3').slick({\n                  infinite: true,\n                    slidesToShow: 1,\n                    slidesToScroll: 1,\n                    autoplaySpeed: 8000,\n                    centerPadding: '0px',\n                    mobileFirst: true,\n                    arrows: true,\n                    autoplay: true,\n                    dots: false,\n                    prevArrow: '<div class=\\'corousel__arrow corousel__next text-white inside \\'><i class=\\'fal fa-chevron-left\\'><\/i><\/div>',\n                    nextArrow: '<div class=\\'corousel__arrow corousel__prev text-white inside \\'><i class=\\'fal fa-chevron-right\\'><\/i><\/div>',\n                      responsive: [\n                        {\n                          breakpoint: 768,\n                          settings: {\n                            slidesToShow: 1,\n                            slidesToScroll: 1,\n                          }\n                        },\n                    ]\n              \n                });\n            });\n            <\/script>\n            [\/vc_column][\/vc_row][vc_row css=\u00bb.vc_custom_1710834976150{margin-bottom: 40px !important;}\u00bb][vc_column][vc_separator color=\u00bbcustom\u00bb el_width=\u00bb10&#8243; accent_color=\u00bb#666666&#8243;][\/vc_column][\/vc_row]<\/p>\n<\/div>","protected":false},"excerpt":{"rendered":"<p>[vc_row][vc_column][\/vc_column][\/vc_row][vc_row full_width=\u00bbstretch_row_content_no_spaces\u00bb][vc_column][\/vc_column][\/vc_row][vc_row][vc_column][\/vc_column][\/vc_row][vc_row][vc_column][vc_column_text]Bioforest es una asociaci\u00f3n para la regeneraci\u00f3n de entornos naturales que se fund\u00f3 en 1998 en Valcucine a partir del deseo de promover una cultura de producci\u00f3n m\u00e1s sensible con el medio ambiente. Para ello, se propone financiar proyectos de reforestaci\u00f3n y repoblaci\u00f3n de ecosistemas forestales destruidos o degradados en Italia y en todo [&hellip;]<\/p>\n","protected":false},"author":1,"featured_media":0,"parent":14609,"menu_order":0,"comment_status":"closed","ping_status":"closed","template":"","meta":{"footnotes":""},"class_list":["post-14634","page","type-page","status-publish","hentry"],"yoast_head":"<!-- This site is optimized with the Yoast SEO plugin v26.2 - https:\/\/yoast.com\/wordpress\/plugins\/seo\/ -->\n<title>Bioforest Valcucine<\/title>\n<meta name=\"description\" content=\"Valcucine apoya Bioforest, un proyecto ESG dedicado a la reforestaci\u00f3n y la sostenibilidad ambiental.\" \/>\n<meta name=\"robots\" content=\"index, follow, max-snippet:-1, max-image-preview:large, max-video-preview:-1\" \/>\n<link rel=\"canonical\" href=\"https:\/\/www.valcucine.com\/es\/empresa\/esg\/bioforest\/\" \/>\n<meta property=\"og:locale\" content=\"es_ES\" \/>\n<meta property=\"og:type\" content=\"article\" \/>\n<meta property=\"og:title\" content=\"Bioforest Valcucine\" \/>\n<meta property=\"og:description\" content=\"Valcucine apoya Bioforest, un proyecto ESG dedicado a la reforestaci\u00f3n y la sostenibilidad ambiental.\" \/>\n<meta property=\"og:url\" content=\"https:\/\/www.valcucine.com\/es\/empresa\/esg\/bioforest\/\" \/>\n<meta property=\"og:site_name\" content=\"Valcucine\" \/>\n<meta property=\"article:publisher\" content=\"https:\/\/www.facebook.com\/valcucine\/\" \/>\n<meta property=\"article:modified_time\" content=\"2025-10-15T09:39:10+00:00\" \/>\n<meta name=\"twitter:card\" content=\"summary_large_image\" \/>\n<meta name=\"twitter:label1\" content=\"Tiempo de lectura\" \/>\n\t<meta name=\"twitter:data1\" content=\"3 minutos\" \/>\n<script type=\"application\/ld+json\" class=\"yoast-schema-graph\">{\"@context\":\"https:\/\/schema.org\",\"@graph\":[{\"@type\":\"WebPage\",\"@id\":\"https:\/\/www.valcucine.com\/es\/empresa\/esg\/bioforest\/\",\"url\":\"https:\/\/www.valcucine.com\/es\/empresa\/esg\/bioforest\/\",\"name\":\"Bioforest Valcucine\",\"isPartOf\":{\"@id\":\"https:\/\/www.valcucine.com\/#website\"},\"datePublished\":\"2024-03-12T09:07:04+00:00\",\"dateModified\":\"2025-10-15T09:39:10+00:00\",\"description\":\"Valcucine apoya Bioforest, un proyecto ESG dedicado a la reforestaci\u00f3n y la sostenibilidad ambiental.\",\"breadcrumb\":{\"@id\":\"https:\/\/www.valcucine.com\/es\/empresa\/esg\/bioforest\/#breadcrumb\"},\"inLanguage\":\"es\",\"potentialAction\":[{\"@type\":\"ReadAction\",\"target\":[\"https:\/\/www.valcucine.com\/es\/empresa\/esg\/bioforest\/\"]}]},{\"@type\":\"BreadcrumbList\",\"@id\":\"https:\/\/www.valcucine.com\/es\/empresa\/esg\/bioforest\/#breadcrumb\",\"itemListElement\":[{\"@type\":\"ListItem\",\"position\":1,\"name\":\"Valcucine\",\"item\":\"https:\/\/www.valcucine.com\/es\/\"},{\"@type\":\"ListItem\",\"position\":2,\"name\":\"Empresa\",\"item\":\"https:\/\/www.valcucine.com\/es\/empresa\/\"},{\"@type\":\"ListItem\",\"position\":3,\"name\":\"ESG\",\"item\":\"https:\/\/www.valcucine.com\/es\/empresa\/esg\/\"},{\"@type\":\"ListItem\",\"position\":4,\"name\":\"Bioforest\"}]},{\"@type\":\"WebSite\",\"@id\":\"https:\/\/www.valcucine.com\/#website\",\"url\":\"https:\/\/www.valcucine.com\/\",\"name\":\"Valcucine\",\"description\":\"\",\"publisher\":{\"@id\":\"https:\/\/www.valcucine.com\/#organization\"},\"potentialAction\":[{\"@type\":\"SearchAction\",\"target\":{\"@type\":\"EntryPoint\",\"urlTemplate\":\"https:\/\/www.valcucine.com\/?s={search_term_string}\"},\"query-input\":{\"@type\":\"PropertyValueSpecification\",\"valueRequired\":true,\"valueName\":\"search_term_string\"}}],\"inLanguage\":\"es\"},{\"@type\":\"Organization\",\"@id\":\"https:\/\/www.valcucine.com\/#organization\",\"name\":\"Valcucine\",\"url\":\"https:\/\/www.valcucine.com\/\",\"logo\":{\"@type\":\"ImageObject\",\"inLanguage\":\"es\",\"@id\":\"https:\/\/www.valcucine.com\/#\/schema\/logo\/image\/\",\"url\":\"https:\/\/www.valcucine.com\/wp-content\/uploads\/2024\/02\/logo-valcucine.webp?wsr\",\"contentUrl\":\"https:\/\/www.valcucine.com\/wp-content\/uploads\/2024\/02\/logo-valcucine.webp?wsr\",\"width\":288,\"height\":46,\"caption\":\"Valcucine\"},\"image\":{\"@id\":\"https:\/\/www.valcucine.com\/#\/schema\/logo\/image\/\"},\"sameAs\":[\"https:\/\/www.facebook.com\/valcucine\/\",\"https:\/\/www.instagram.com\/valcucine\/\",\"https:\/\/www.linkedin.com\/company\/valcucine\"]}]}<\/script>\n<!-- \/ Yoast SEO plugin. -->","yoast_head_json":{"title":"Bioforest Valcucine","description":"Valcucine apoya Bioforest, un proyecto ESG dedicado a la reforestaci\u00f3n y la sostenibilidad ambiental.","robots":{"index":"index","follow":"follow","max-snippet":"max-snippet:-1","max-image-preview":"max-image-preview:large","max-video-preview":"max-video-preview:-1"},"canonical":"https:\/\/www.valcucine.com\/es\/empresa\/esg\/bioforest\/","og_locale":"es_ES","og_type":"article","og_title":"Bioforest Valcucine","og_description":"Valcucine apoya Bioforest, un proyecto ESG dedicado a la reforestaci\u00f3n y la sostenibilidad ambiental.","og_url":"https:\/\/www.valcucine.com\/es\/empresa\/esg\/bioforest\/","og_site_name":"Valcucine","article_publisher":"https:\/\/www.facebook.com\/valcucine\/","article_modified_time":"2025-10-15T09:39:10+00:00","twitter_card":"summary_large_image","twitter_misc":{"Tiempo de lectura":"3 minutos"},"schema":{"@context":"https:\/\/schema.org","@graph":[{"@type":"WebPage","@id":"https:\/\/www.valcucine.com\/es\/empresa\/esg\/bioforest\/","url":"https:\/\/www.valcucine.com\/es\/empresa\/esg\/bioforest\/","name":"Bioforest Valcucine","isPartOf":{"@id":"https:\/\/www.valcucine.com\/#website"},"datePublished":"2024-03-12T09:07:04+00:00","dateModified":"2025-10-15T09:39:10+00:00","description":"Valcucine apoya Bioforest, un proyecto ESG dedicado a la reforestaci\u00f3n y la sostenibilidad ambiental.","breadcrumb":{"@id":"https:\/\/www.valcucine.com\/es\/empresa\/esg\/bioforest\/#breadcrumb"},"inLanguage":"es","potentialAction":[{"@type":"ReadAction","target":["https:\/\/www.valcucine.com\/es\/empresa\/esg\/bioforest\/"]}]},{"@type":"BreadcrumbList","@id":"https:\/\/www.valcucine.com\/es\/empresa\/esg\/bioforest\/#breadcrumb","itemListElement":[{"@type":"ListItem","position":1,"name":"Valcucine","item":"https:\/\/www.valcucine.com\/es\/"},{"@type":"ListItem","position":2,"name":"Empresa","item":"https:\/\/www.valcucine.com\/es\/empresa\/"},{"@type":"ListItem","position":3,"name":"ESG","item":"https:\/\/www.valcucine.com\/es\/empresa\/esg\/"},{"@type":"ListItem","position":4,"name":"Bioforest"}]},{"@type":"WebSite","@id":"https:\/\/www.valcucine.com\/#website","url":"https:\/\/www.valcucine.com\/","name":"Valcucine","description":"","publisher":{"@id":"https:\/\/www.valcucine.com\/#organization"},"potentialAction":[{"@type":"SearchAction","target":{"@type":"EntryPoint","urlTemplate":"https:\/\/www.valcucine.com\/?s={search_term_string}"},"query-input":{"@type":"PropertyValueSpecification","valueRequired":true,"valueName":"search_term_string"}}],"inLanguage":"es"},{"@type":"Organization","@id":"https:\/\/www.valcucine.com\/#organization","name":"Valcucine","url":"https:\/\/www.valcucine.com\/","logo":{"@type":"ImageObject","inLanguage":"es","@id":"https:\/\/www.valcucine.com\/#\/schema\/logo\/image\/","url":"https:\/\/www.valcucine.com\/wp-content\/uploads\/2024\/02\/logo-valcucine.webp?wsr","contentUrl":"https:\/\/www.valcucine.com\/wp-content\/uploads\/2024\/02\/logo-valcucine.webp?wsr","width":288,"height":46,"caption":"Valcucine"},"image":{"@id":"https:\/\/www.valcucine.com\/#\/schema\/logo\/image\/"},"sameAs":["https:\/\/www.facebook.com\/valcucine\/","https:\/\/www.instagram.com\/valcucine\/","https:\/\/www.linkedin.com\/company\/valcucine"]}]}},"_links":{"self":[{"href":"https:\/\/www.valcucine.com\/es\/wp-json\/wp\/v2\/pages\/14634","targetHints":{"allow":["GET"]}}],"collection":[{"href":"https:\/\/www.valcucine.com\/es\/wp-json\/wp\/v2\/pages"}],"about":[{"href":"https:\/\/www.valcucine.com\/es\/wp-json\/wp\/v2\/types\/page"}],"author":[{"embeddable":true,"href":"https:\/\/www.valcucine.com\/es\/wp-json\/wp\/v2\/users\/1"}],"replies":[{"embeddable":true,"href":"https:\/\/www.valcucine.com\/es\/wp-json\/wp\/v2\/comments?post=14634"}],"version-history":[{"count":6,"href":"https:\/\/www.valcucine.com\/es\/wp-json\/wp\/v2\/pages\/14634\/revisions"}],"predecessor-version":[{"id":51609,"href":"https:\/\/www.valcucine.com\/es\/wp-json\/wp\/v2\/pages\/14634\/revisions\/51609"}],"up":[{"embeddable":true,"href":"https:\/\/www.valcucine.com\/es\/wp-json\/wp\/v2\/pages\/14609"}],"wp:attachment":[{"href":"https:\/\/www.valcucine.com\/es\/wp-json\/wp\/v2\/media?parent=14634"}],"curies":[{"name":"wp","href":"https:\/\/api.w.org\/{rel}","templated":true}]}}