{"id":14643,"date":"2024-03-12T09:06:28","date_gmt":"2024-03-12T09:06:28","guid":{"rendered":"https:\/\/devel.valcucine.com\/empresa\/esg\/sdg\/"},"modified":"2024-10-02T12:31:58","modified_gmt":"2024-10-02T12:31:58","slug":"sdg","status":"publish","type":"page","link":"https:\/\/www.valcucine.com\/es\/empresa\/esg\/sdg\/","title":{"rendered":"SDG"},"content":{"rendered":"<div class=\"wpb-content-wrapper\"><p>[vc_row][vc_column]\n\t\t\t<!-- START slider sdg REVOLUTION SLIDER 6.7.38 --><p class=\"rs-p-wp-fix\"><\/p>\n\t\t\t<rs-module-wrap id=\"rev_slider_16_1_wrapper\" data-source=\"gallery\" style=\"visibility:hidden;background:transparent;padding:0;\">\n\t\t\t\t<rs-module id=\"rev_slider_16_1\" style=\"\" data-version=\"6.7.38\">\n\t\t\t\t\t<rs-slides style=\"overflow: hidden; position: absolute;\">\n\t\t\t\t\t\t<rs-slide style=\"position: absolute;\" data-key=\"rs-791\" data-title=\"Slide\" data-in=\"o:0;\" data-out=\"a:false;\">\n\t\t\t\t\t\t\t<img decoding=\"async\" src=\"\/\/www.valcucine.com\/wp-content\/plugins\/revslider\/sr6\/assets\/assets\/dummy.png\" alt=\"\" title=\"2585_sdg_cover_ok\" width=\"2133\" height=\"1200\" class=\"rev-slidebg tp-rs-img rs-lazyload\" data-lazyload=\"\/\/www.valcucine.com\/wp-content\/uploads\/2024\/03\/2585_sdg_cover_ok.webp\" data-no-retina>\n<!--\n\t\t\t\t\t\t\t--><rs-layer\n\t\t\t\t\t\t\t\tid=\"slider-16-slide-791-layer-11\" \n\t\t\t\t\t\t\t\tclass=\"slider_fade\"\n\t\t\t\t\t\t\t\tdata-type=\"text\"\n\t\t\t\t\t\t\t\tdata-rsp_ch=\"on\"\n\t\t\t\t\t\t\t\tdata-xy=\"x:c;y:m;\"\n\t\t\t\t\t\t\t\tdata-text=\"w:normal;s:20,20,20,7;l:25,25,25,9;a:center;\"\n\t\t\t\t\t\t\t\tdata-vbility=\"t,t,t,f\"\n\t\t\t\t\t\t\t\tdata-frame_999=\"o:0;st:w;\"\n\t\t\t\t\t\t\t\tstyle=\"z-index:9;font-family:'TheinhardtLight';\"\n\t\t\t\t\t\t\t>Objetivos de desarrollo sostenible \n\t\t\t\t\t\t\t<\/rs-layer><!--\n\n\t\t\t\t\t\t\t--><rs-layer\n\t\t\t\t\t\t\t\tid=\"slider-16-slide-791-layer-14\" \n\t\t\t\t\t\t\t\tclass=\"slider_fade\"\n\t\t\t\t\t\t\t\tdata-type=\"shape\"\n\t\t\t\t\t\t\t\tdata-rsp_ch=\"on\"\n\t\t\t\t\t\t\t\tdata-text=\"w:normal;s:20,20,20,7;l:0,0,0,9;\"\n\t\t\t\t\t\t\t\tdata-dim=\"w:100%;h:100%;\"\n\t\t\t\t\t\t\t\tdata-basealign=\"slide\"\n\t\t\t\t\t\t\t\tdata-frame_999=\"o:0;st:w;\"\n\t\t\t\t\t\t\t\tstyle=\"z-index:6;background-color:rgba(0,0,0,0.5);\"\n\t\t\t\t\t\t\t> \n\t\t\t\t\t\t\t<\/rs-layer><!--\n\n\t\t\t\t\t\t\t--><rs-layer\n\t\t\t\t\t\t\t\tid=\"slider-16-slide-791-layer-18\" \n\t\t\t\t\t\t\t\tclass=\"slider_fade\"\n\t\t\t\t\t\t\t\tdata-type=\"text\"\n\t\t\t\t\t\t\t\tdata-rsp_ch=\"on\"\n\t\t\t\t\t\t\t\tdata-xy=\"x:c;y:m;yo:-50px,-50px,-50px,-19px;\"\n\t\t\t\t\t\t\t\tdata-text=\"w:normal;s:50,50,50,30;l:25,25,25,9;\"\n\t\t\t\t\t\t\t\tdata-frame_999=\"o:0;st:w;\"\n\t\t\t\t\t\t\t\tstyle=\"z-index:8;font-family:'TheinhardtLight';\"\n\t\t\t\t\t\t\t>SDG \n\t\t\t\t\t\t\t<\/rs-layer><!--\n-->\t\t\t\t\t<\/rs-slide>\n\t\t\t\t\t<\/rs-slides>\n\t\t\t\t\t<rs-static-layers><!--\n\n\t\t\t\t\t\t\t--><rs-layer\n\t\t\t\t\t\t\t\tid=\"slider-16-slide-16-layer-12\" \n\t\t\t\t\t\t\t\tclass=\"play-button rs-svg rs-layer-static\"\n\t\t\t\t\t\t\t\tdata-type=\"svg\"\n\t\t\t\t\t\t\t\tdata-rsp_ch=\"on\"\n\t\t\t\t\t\t\t\tdata-xy=\"xo:20px;y:b;yo:20px;\"\n\t\t\t\t\t\t\t\tdata-text=\"w:normal;s:20,20,20,7;l:0,0,0,9;\"\n\t\t\t\t\t\t\t\tdata-dim=\"w:20px,20px,20px,30px;h:20px,20px,20px,30px;\"\n\t\t\t\t\t\t\t\tdata-actions='o:click;a:playslider;'\n\t\t\t\t\t\t\t\tdata-svg_src=\"\/\/www.valcucine.com\/wp-content\/uploads\/revslider\/svg\/objects\/svgcustom\/circle-play.svg\"\n\t\t\t\t\t\t\t\tdata-svgi=\"oc:t;\"\n\t\t\t\t\t\t\t\tdata-basealign=\"slide\"\n\t\t\t\t\t\t\t\tdata-onslides=\"s:1;\"\n\t\t\t\t\t\t\t\tdata-frame_999=\"o:0;st:w;\"\n\t\t\t\t\t\t\t\tstyle=\"z-index:7;font-family:'Roboto';\"\n\t\t\t\t\t\t\t> \n\t\t\t\t\t\t\t<\/rs-layer><!--\n\n\t\t\t\t\t\t\t--><rs-layer\n\t\t\t\t\t\t\t\tid=\"slider-16-slide-16-layer-13\" \n\t\t\t\t\t\t\t\tclass=\"pause-button current-slider rs-svg rs-layer-static\"\n\t\t\t\t\t\t\t\tdata-type=\"svg\"\n\t\t\t\t\t\t\t\tdata-rsp_ch=\"on\"\n\t\t\t\t\t\t\t\tdata-xy=\"xo:20px;y:b;yo:20px;\"\n\t\t\t\t\t\t\t\tdata-text=\"w:normal;s:20,20,20,7;l:0,0,0,9;\"\n\t\t\t\t\t\t\t\tdata-dim=\"w:20px,20px,20px,30px;h:20px,20px,20px,30px;\"\n\t\t\t\t\t\t\t\tdata-actions='o:click;a:pauseslider;'\n\t\t\t\t\t\t\t\tdata-svg_src=\"\/\/www.valcucine.com\/wp-content\/uploads\/revslider\/svg\/objects\/svgcustom\/circle-pause.svg\"\n\t\t\t\t\t\t\t\tdata-svgi=\"oc:t;\"\n\t\t\t\t\t\t\t\tdata-basealign=\"slide\"\n\t\t\t\t\t\t\t\tdata-onslides=\"s:1;\"\n\t\t\t\t\t\t\t\tdata-frame_999=\"o:0;st:w;\"\n\t\t\t\t\t\t\t\tstyle=\"z-index:8;font-family:'Roboto';\"\n\t\t\t\t\t\t\t> \n\t\t\t\t\t\t\t<\/rs-layer><!--\n\t\t\t\t\t--><\/rs-static-layers>\n\t\t\t\t<\/rs-module>\n\t\t\t\t<script>\n\t\t\t\t\tsetREVStartSize({c: 'rev_slider_16_1',rl:[1240,1240,1240,480],el:[569,569,569,480],gw:[1240,1240,1240,480],gh:[569,569,569,480],type:'standard',justify:'',layout:'fullscreen',offsetContainer:'#slider__height',offset:'0px',mh:\"0\"});if (window.RS_MODULES!==undefined && window.RS_MODULES.modules!==undefined && window.RS_MODULES.modules[\"revslider161\"]!==undefined) {window.RS_MODULES.modules[\"revslider161\"].once = false;window.revapi16 = undefined;if (window.RS_MODULES.checkMinimal!==undefined) window.RS_MODULES.checkMinimal()}\n\t\t\t\t<\/script>\n\t\t\t<\/rs-module-wrap>\n\t\t\t<!-- END REVOLUTION SLIDER -->\n[\/vc_column][\/vc_row][vc_row][vc_column]\n        \n        <h1 class=\"text-center  main__title__h1  vc_custom_1727872177540 \" style=\"color:#333333;\"> \n\n         SDG\n        \n        <\/h1>[\/vc_column][\/vc_row][vc_row][vc_column][vc_column_text]Los Objetivos de Desarrollo Sostenible (ODS) o metas mundiales son un conjunto de 17 objetivos mundiales concebidos como un \u00abplan para lograr un futuro mejor y m\u00e1s sostenible para todos\u00bb. Los ODS fueron establecidos en 2015 por la Asamblea General de las Naciones Unidas y deben alcanzarse para 2030.<br \/>\nEst\u00e1n incluidos en una resoluci\u00f3n llamada Agenda 2030.<\/p>\n<p>Los 17 Objetivos de Desarrollo Sostenible son: 1. Pobreza cero 2. Hambre cero 3. Salud y bienestar 3. Salud y bienestar 4. Educaci\u00f3n de calidad 5. Igualdad de g\u00e9nero 6. Agua limpia y saneamiento 7. Trabajo decente y crecimiento econ\u00f3mico 8. Trabajo decente y crecimiento econ\u00f3mico 9. Industria, innovaci\u00f3n e infraestructuras 10. Ciudades y comunidades sostenibles 11. Ciudades y comunidades sostenibles 12. Consumo y producci\u00f3n responsables 13. Vida bajo el agua 14. Vida bajo el agua 16. Paz, justicia e instituciones fuertes 16. Paz, justicia e instituciones fuertes 17. Asociaci\u00f3n para los objetivos.[\/vc_column_text][\/vc_column][\/vc_row][vc_row][vc_column][vc_separator color=\u00bbcustom\u00bb el_width=\u00bb10&#8243; accent_color=\u00bb#666666&#8243;][\/vc_column][\/vc_row][vc_row][vc_column width=\u00bb1\/3&#8243;]<div class=\"block__img__hover\"><a href=\"https:\/\/www.valcucine.com\/es\/empresa\/esg\/sdg\/salud-y-bienestar\/\" target=\"\" rel=\"\" style=\"background-image:url(https:\/\/www.valcucine.com\/wp-content\/uploads\/2024\/03\/499_box_benessere.webp?wsr)\"><img src='https:\/\/www.valcucine.com\/wp-content\/uploads\/2024\/03\/499_box_benessere.webp?wsr' alt='' style='display:none'><h4>Salud y bienestar<\/h4><\/a><\/div>[\/vc_column][vc_column width=\u00bb1\/3&#8243;]<div class=\"block__img__hover\"><a href=\"https:\/\/www.valcucine.com\/es\/empresa\/esg\/sdg\/trabajo-y-crecimiento-econmico\/\" target=\"\" rel=\"\" style=\"background-image:url(https:\/\/www.valcucine.com\/wp-content\/uploads\/2024\/03\/500_box_lavoro.webp?wsr)\"><img src='https:\/\/www.valcucine.com\/wp-content\/uploads\/2024\/03\/500_box_lavoro.webp?wsr' alt='' style='display:none'><h4>Trabajo y crecimiento econ\u00f3mico<\/h4><\/a><\/div>[\/vc_column][vc_column width=\u00bb1\/3&#8243;]<div class=\"block__img__hover\"><a href=\"https:\/\/www.valcucine.com\/es\/empresa\/esg\/sdg\/vida-en-la-tierra\/\" target=\"\" rel=\"\" style=\"background-image:url(https:\/\/www.valcucine.com\/wp-content\/uploads\/2024\/03\/504_box_lavitasullaterra.webp?wsr)\"><img src='https:\/\/www.valcucine.com\/wp-content\/uploads\/2024\/03\/504_box_lavitasullaterra.webp?wsr' alt='' style='display:none'><h4>Vida en la Tierra<\/h4><\/a><\/div>[\/vc_column][\/vc_row][vc_row][vc_column width=\u00bb1\/3&#8243;]<div class=\"block__img__hover\"><a href=\"https:\/\/www.valcucine.com\/es\/empresa\/esg\/sdg\/consumo-y-produccin-responsables\/\" target=\"\" rel=\"\" style=\"background-image:url(https:\/\/www.valcucine.com\/wp-content\/uploads\/2024\/03\/502_box_consumo.webp?wsr)\"><img src='https:\/\/www.valcucine.com\/wp-content\/uploads\/2024\/03\/502_box_consumo.webp?wsr' alt='' style='display:none'><h4>Consumo y producci\u00f3n responsables<\/h4><\/a><\/div>[\/vc_column][vc_column width=\u00bb1\/3&#8243;]<div class=\"block__img__hover\"><a href=\"https:\/\/www.valcucine.com\/es\/empresa\/esg\/sdg\/actuar-en-favor-del-clima\/\" target=\"\" rel=\"\" style=\"background-image:url(https:\/\/www.valcucine.com\/wp-content\/uploads\/2024\/03\/503_box_agireperilclima.webp?wsr)\"><img src='https:\/\/www.valcucine.com\/wp-content\/uploads\/2024\/03\/503_box_agireperilclima.webp?wsr' alt='' style='display:none'><h4>Actuar en favor del clima<\/h4><\/a><\/div>[\/vc_column][vc_column width=\u00bb1\/3&#8243;]<div class=\"block__img__hover\"><a href=\"https:\/\/www.valcucine.com\/es\/empresa\/esg\/sdg\/empresa-innovacin-infraestructura\/\" target=\"\" rel=\"\" style=\"background-image:url(https:\/\/www.valcucine.com\/wp-content\/uploads\/2024\/03\/501_box_industria.webp?wsr)\"><img src='https:\/\/www.valcucine.com\/wp-content\/uploads\/2024\/03\/501_box_industria.webp?wsr' alt='' style='display:none'><h4>Empresa, innovaci\u00f3n, infraestructura<\/h4><\/a><\/div>[\/vc_column][\/vc_row][vc_row][vc_column width=\u00bb1\/3&#8243;]<div class=\"block__img__hover\"><a href=\"https:\/\/www.valcucine.com\/es\/empresa\/esg\/sdg\/socios\/\" target=\"\" rel=\"\" style=\"background-image:url(https:\/\/www.valcucine.com\/wp-content\/uploads\/2024\/03\/212_box_partnership-07.webp?wsr)\"><img src='https:\/\/www.valcucine.com\/wp-content\/uploads\/2024\/03\/212_box_partnership-07.webp?wsr' alt='' style='display:none'><h4>Partnerships<\/h4><\/a><\/div>[\/vc_column][vc_column width=\u00bb1\/3&#8243;][\/vc_column][vc_column width=\u00bb1\/3&#8243;][\/vc_column][\/vc_row]<\/p>\n<\/div>","protected":false},"excerpt":{"rendered":"<p>[vc_row][vc_column][\/vc_column][\/vc_row][vc_row][vc_column][\/vc_column][\/vc_row][vc_row][vc_column][vc_column_text]Los Objetivos de Desarrollo Sostenible (ODS) o metas mundiales son un conjunto de 17 objetivos mundiales concebidos como un \u00abplan para lograr un futuro mejor y m\u00e1s sostenible para todos\u00bb. Los ODS fueron establecidos en 2015 por la Asamblea General de las Naciones Unidas y deben alcanzarse para 2030. Est\u00e1n incluidos en una resoluci\u00f3n llamada [&hellip;]<\/p>\n","protected":false},"author":1,"featured_media":0,"parent":14609,"menu_order":0,"comment_status":"closed","ping_status":"closed","template":"","meta":{"footnotes":""},"class_list":["post-14643","page","type-page","status-publish","hentry"],"yoast_head":"<!-- This site is optimized with the Yoast SEO plugin v26.2 - https:\/\/yoast.com\/wordpress\/plugins\/seo\/ -->\n<title>SDG - Valcucine<\/title>\n<meta name=\"robots\" content=\"index, follow, max-snippet:-1, max-image-preview:large, max-video-preview:-1\" \/>\n<link rel=\"canonical\" href=\"https:\/\/www.valcucine.com\/es\/empresa\/esg\/sdg\/\" \/>\n<meta property=\"og:locale\" content=\"es_ES\" \/>\n<meta property=\"og:type\" content=\"article\" \/>\n<meta property=\"og:title\" content=\"SDG - Valcucine\" \/>\n<meta property=\"og:description\" content=\"[vc_row][vc_column][\/vc_column][\/vc_row][vc_row][vc_column][\/vc_column][\/vc_row][vc_row][vc_column][vc_column_text]Los Objetivos de Desarrollo Sostenible (ODS) o metas mundiales son un conjunto de 17 objetivos mundiales concebidos como un \u00abplan para lograr un futuro mejor y m\u00e1s sostenible para todos\u00bb. Los ODS fueron establecidos en 2015 por la Asamblea General de las Naciones Unidas y deben alcanzarse para 2030. Est\u00e1n incluidos en una resoluci\u00f3n llamada [&hellip;]\" \/>\n<meta property=\"og:url\" content=\"https:\/\/www.valcucine.com\/es\/empresa\/esg\/sdg\/\" \/>\n<meta property=\"og:site_name\" content=\"Valcucine\" \/>\n<meta property=\"article:publisher\" content=\"https:\/\/www.facebook.com\/valcucine\/\" \/>\n<meta property=\"article:modified_time\" content=\"2024-10-02T12:31:58+00:00\" \/>\n<meta name=\"twitter:card\" content=\"summary_large_image\" \/>\n<meta name=\"twitter:label1\" content=\"Tiempo de lectura\" \/>\n\t<meta name=\"twitter:data1\" content=\"3 minutos\" \/>\n<script type=\"application\/ld+json\" class=\"yoast-schema-graph\">{\"@context\":\"https:\/\/schema.org\",\"@graph\":[{\"@type\":\"WebPage\",\"@id\":\"https:\/\/www.valcucine.com\/es\/empresa\/esg\/sdg\/\",\"url\":\"https:\/\/www.valcucine.com\/es\/empresa\/esg\/sdg\/\",\"name\":\"SDG - Valcucine\",\"isPartOf\":{\"@id\":\"https:\/\/www.valcucine.com\/#website\"},\"datePublished\":\"2024-03-12T09:06:28+00:00\",\"dateModified\":\"2024-10-02T12:31:58+00:00\",\"breadcrumb\":{\"@id\":\"https:\/\/www.valcucine.com\/es\/empresa\/esg\/sdg\/#breadcrumb\"},\"inLanguage\":\"es\",\"potentialAction\":[{\"@type\":\"ReadAction\",\"target\":[\"https:\/\/www.valcucine.com\/es\/empresa\/esg\/sdg\/\"]}]},{\"@type\":\"BreadcrumbList\",\"@id\":\"https:\/\/www.valcucine.com\/es\/empresa\/esg\/sdg\/#breadcrumb\",\"itemListElement\":[{\"@type\":\"ListItem\",\"position\":1,\"name\":\"Valcucine\",\"item\":\"https:\/\/www.valcucine.com\/es\/\"},{\"@type\":\"ListItem\",\"position\":2,\"name\":\"Empresa\",\"item\":\"https:\/\/www.valcucine.com\/es\/empresa\/\"},{\"@type\":\"ListItem\",\"position\":3,\"name\":\"ESG\",\"item\":\"https:\/\/www.valcucine.com\/es\/empresa\/esg\/\"},{\"@type\":\"ListItem\",\"position\":4,\"name\":\"SDG\"}]},{\"@type\":\"WebSite\",\"@id\":\"https:\/\/www.valcucine.com\/#website\",\"url\":\"https:\/\/www.valcucine.com\/\",\"name\":\"Valcucine\",\"description\":\"\",\"publisher\":{\"@id\":\"https:\/\/www.valcucine.com\/#organization\"},\"potentialAction\":[{\"@type\":\"SearchAction\",\"target\":{\"@type\":\"EntryPoint\",\"urlTemplate\":\"https:\/\/www.valcucine.com\/?s={search_term_string}\"},\"query-input\":{\"@type\":\"PropertyValueSpecification\",\"valueRequired\":true,\"valueName\":\"search_term_string\"}}],\"inLanguage\":\"es\"},{\"@type\":\"Organization\",\"@id\":\"https:\/\/www.valcucine.com\/#organization\",\"name\":\"Valcucine\",\"url\":\"https:\/\/www.valcucine.com\/\",\"logo\":{\"@type\":\"ImageObject\",\"inLanguage\":\"es\",\"@id\":\"https:\/\/www.valcucine.com\/#\/schema\/logo\/image\/\",\"url\":\"https:\/\/www.valcucine.com\/wp-content\/uploads\/2024\/02\/logo-valcucine.webp?wsr\",\"contentUrl\":\"https:\/\/www.valcucine.com\/wp-content\/uploads\/2024\/02\/logo-valcucine.webp?wsr\",\"width\":288,\"height\":46,\"caption\":\"Valcucine\"},\"image\":{\"@id\":\"https:\/\/www.valcucine.com\/#\/schema\/logo\/image\/\"},\"sameAs\":[\"https:\/\/www.facebook.com\/valcucine\/\",\"https:\/\/www.instagram.com\/valcucine\/\",\"https:\/\/www.linkedin.com\/company\/valcucine\"]}]}<\/script>\n<!-- \/ Yoast SEO plugin. -->","yoast_head_json":{"title":"SDG - Valcucine","robots":{"index":"index","follow":"follow","max-snippet":"max-snippet:-1","max-image-preview":"max-image-preview:large","max-video-preview":"max-video-preview:-1"},"canonical":"https:\/\/www.valcucine.com\/es\/empresa\/esg\/sdg\/","og_locale":"es_ES","og_type":"article","og_title":"SDG - Valcucine","og_description":"[vc_row][vc_column][\/vc_column][\/vc_row][vc_row][vc_column][\/vc_column][\/vc_row][vc_row][vc_column][vc_column_text]Los Objetivos de Desarrollo Sostenible (ODS) o metas mundiales son un conjunto de 17 objetivos mundiales concebidos como un \u00abplan para lograr un futuro mejor y m\u00e1s sostenible para todos\u00bb. Los ODS fueron establecidos en 2015 por la Asamblea General de las Naciones Unidas y deben alcanzarse para 2030. Est\u00e1n incluidos en una resoluci\u00f3n llamada [&hellip;]","og_url":"https:\/\/www.valcucine.com\/es\/empresa\/esg\/sdg\/","og_site_name":"Valcucine","article_publisher":"https:\/\/www.facebook.com\/valcucine\/","article_modified_time":"2024-10-02T12:31:58+00:00","twitter_card":"summary_large_image","twitter_misc":{"Tiempo de lectura":"3 minutos"},"schema":{"@context":"https:\/\/schema.org","@graph":[{"@type":"WebPage","@id":"https:\/\/www.valcucine.com\/es\/empresa\/esg\/sdg\/","url":"https:\/\/www.valcucine.com\/es\/empresa\/esg\/sdg\/","name":"SDG - Valcucine","isPartOf":{"@id":"https:\/\/www.valcucine.com\/#website"},"datePublished":"2024-03-12T09:06:28+00:00","dateModified":"2024-10-02T12:31:58+00:00","breadcrumb":{"@id":"https:\/\/www.valcucine.com\/es\/empresa\/esg\/sdg\/#breadcrumb"},"inLanguage":"es","potentialAction":[{"@type":"ReadAction","target":["https:\/\/www.valcucine.com\/es\/empresa\/esg\/sdg\/"]}]},{"@type":"BreadcrumbList","@id":"https:\/\/www.valcucine.com\/es\/empresa\/esg\/sdg\/#breadcrumb","itemListElement":[{"@type":"ListItem","position":1,"name":"Valcucine","item":"https:\/\/www.valcucine.com\/es\/"},{"@type":"ListItem","position":2,"name":"Empresa","item":"https:\/\/www.valcucine.com\/es\/empresa\/"},{"@type":"ListItem","position":3,"name":"ESG","item":"https:\/\/www.valcucine.com\/es\/empresa\/esg\/"},{"@type":"ListItem","position":4,"name":"SDG"}]},{"@type":"WebSite","@id":"https:\/\/www.valcucine.com\/#website","url":"https:\/\/www.valcucine.com\/","name":"Valcucine","description":"","publisher":{"@id":"https:\/\/www.valcucine.com\/#organization"},"potentialAction":[{"@type":"SearchAction","target":{"@type":"EntryPoint","urlTemplate":"https:\/\/www.valcucine.com\/?s={search_term_string}"},"query-input":{"@type":"PropertyValueSpecification","valueRequired":true,"valueName":"search_term_string"}}],"inLanguage":"es"},{"@type":"Organization","@id":"https:\/\/www.valcucine.com\/#organization","name":"Valcucine","url":"https:\/\/www.valcucine.com\/","logo":{"@type":"ImageObject","inLanguage":"es","@id":"https:\/\/www.valcucine.com\/#\/schema\/logo\/image\/","url":"https:\/\/www.valcucine.com\/wp-content\/uploads\/2024\/02\/logo-valcucine.webp?wsr","contentUrl":"https:\/\/www.valcucine.com\/wp-content\/uploads\/2024\/02\/logo-valcucine.webp?wsr","width":288,"height":46,"caption":"Valcucine"},"image":{"@id":"https:\/\/www.valcucine.com\/#\/schema\/logo\/image\/"},"sameAs":["https:\/\/www.facebook.com\/valcucine\/","https:\/\/www.instagram.com\/valcucine\/","https:\/\/www.linkedin.com\/company\/valcucine"]}]}},"_links":{"self":[{"href":"https:\/\/www.valcucine.com\/es\/wp-json\/wp\/v2\/pages\/14643","targetHints":{"allow":["GET"]}}],"collection":[{"href":"https:\/\/www.valcucine.com\/es\/wp-json\/wp\/v2\/pages"}],"about":[{"href":"https:\/\/www.valcucine.com\/es\/wp-json\/wp\/v2\/types\/page"}],"author":[{"embeddable":true,"href":"https:\/\/www.valcucine.com\/es\/wp-json\/wp\/v2\/users\/1"}],"replies":[{"embeddable":true,"href":"https:\/\/www.valcucine.com\/es\/wp-json\/wp\/v2\/comments?post=14643"}],"version-history":[{"count":9,"href":"https:\/\/www.valcucine.com\/es\/wp-json\/wp\/v2\/pages\/14643\/revisions"}],"predecessor-version":[{"id":28920,"href":"https:\/\/www.valcucine.com\/es\/wp-json\/wp\/v2\/pages\/14643\/revisions\/28920"}],"up":[{"embeddable":true,"href":"https:\/\/www.valcucine.com\/es\/wp-json\/wp\/v2\/pages\/14609"}],"wp:attachment":[{"href":"https:\/\/www.valcucine.com\/es\/wp-json\/wp\/v2\/media?parent=14643"}],"curies":[{"name":"wp","href":"https:\/\/api.w.org\/{rel}","templated":true}]}}