{"id":14647,"date":"2024-03-13T15:52:05","date_gmt":"2024-03-13T15:52:05","guid":{"rendered":"https:\/\/devel.valcucine.com\/empresa\/esg\/sdg\/salute-e-benessere\/"},"modified":"2024-06-04T13:29:59","modified_gmt":"2024-06-04T13:29:59","slug":"salud-y-bienestar","status":"publish","type":"page","link":"https:\/\/www.valcucine.com\/es\/empresa\/esg\/sdg\/salud-y-bienestar\/","title":{"rendered":"Salud y bienestar"},"content":{"rendered":"<div class=\"wpb-content-wrapper\"><p>[vc_row][vc_column]\n\t\t\t<!-- START Salute e Benessere REVOLUTION SLIDER 6.7.38 --><p class=\"rs-p-wp-fix\"><\/p>\n\t\t\t<rs-module-wrap id=\"rev_slider_57_1_wrapper\" data-source=\"gallery\" style=\"visibility:hidden;background:transparent;padding:0;\">\n\t\t\t\t<rs-module id=\"rev_slider_57_1\" style=\"\" data-version=\"6.7.38\">\n\t\t\t\t\t<rs-slides style=\"overflow: hidden; position: absolute;\">\n\t\t\t\t\t\t<rs-slide style=\"position: absolute;\" data-key=\"rs-267\" data-title=\"Slide\" data-in=\"o:0;\" data-out=\"a:false;\">\n\t\t\t\t\t\t\t<img decoding=\"async\" src=\"\/\/www.valcucine.com\/wp-content\/plugins\/revslider\/sr6\/assets\/assets\/dummy.png\" alt=\"\" title=\"2582_sdg_salutebenessere\" width=\"2400\" height=\"1200\" class=\"rev-slidebg tp-rs-img rs-lazyload\" data-lazyload=\"\/\/www.valcucine.com\/wp-content\/uploads\/2024\/03\/2582_sdg_salutebenessere.webp\" data-no-retina>\n<!---->\t\t\t\t\t<\/rs-slide>\n\t\t\t\t\t<\/rs-slides>\n\t\t\t\t\t<rs-static-layers><!--\n\n\t\t\t\t\t\t\t--><rs-layer\n\t\t\t\t\t\t\t\tid=\"slider-57-slide-51-layer-12\" \n\t\t\t\t\t\t\t\tclass=\"play-button rs-svg rs-layer-static\"\n\t\t\t\t\t\t\t\tdata-type=\"svg\"\n\t\t\t\t\t\t\t\tdata-rsp_ch=\"on\"\n\t\t\t\t\t\t\t\tdata-xy=\"xo:20px;y:b;yo:20px;\"\n\t\t\t\t\t\t\t\tdata-text=\"w:normal;s:20,20,20,7;l:0,0,0,9;\"\n\t\t\t\t\t\t\t\tdata-dim=\"w:20px,20px,20px,30px;h:20px,20px,20px,30px;\"\n\t\t\t\t\t\t\t\tdata-actions='o:click;a:playslider;'\n\t\t\t\t\t\t\t\tdata-svg_src=\"\/\/www.valcucine.com\/wp-content\/uploads\/revslider\/svg\/objects\/svgcustom\/circle-play.svg\"\n\t\t\t\t\t\t\t\tdata-svgi=\"oc:t;\"\n\t\t\t\t\t\t\t\tdata-basealign=\"slide\"\n\t\t\t\t\t\t\t\tdata-onslides=\"s:1;\"\n\t\t\t\t\t\t\t\tdata-frame_999=\"o:0;st:w;\"\n\t\t\t\t\t\t\t\tstyle=\"z-index:7;font-family:'Roboto';\"\n\t\t\t\t\t\t\t> \n\t\t\t\t\t\t\t<\/rs-layer><!--\n\n\t\t\t\t\t\t\t--><rs-layer\n\t\t\t\t\t\t\t\tid=\"slider-57-slide-51-layer-13\" \n\t\t\t\t\t\t\t\tclass=\"pause-button current-slider rs-svg rs-layer-static\"\n\t\t\t\t\t\t\t\tdata-type=\"svg\"\n\t\t\t\t\t\t\t\tdata-rsp_ch=\"on\"\n\t\t\t\t\t\t\t\tdata-xy=\"xo:20px;y:b;yo:20px;\"\n\t\t\t\t\t\t\t\tdata-text=\"w:normal;s:20,20,20,7;l:0,0,0,9;\"\n\t\t\t\t\t\t\t\tdata-dim=\"w:20px,20px,20px,30px;h:20px,20px,20px,30px;\"\n\t\t\t\t\t\t\t\tdata-actions='o:click;a:pauseslider;'\n\t\t\t\t\t\t\t\tdata-svg_src=\"\/\/www.valcucine.com\/wp-content\/uploads\/revslider\/svg\/objects\/svgcustom\/circle-pause.svg\"\n\t\t\t\t\t\t\t\tdata-svgi=\"oc:t;\"\n\t\t\t\t\t\t\t\tdata-basealign=\"slide\"\n\t\t\t\t\t\t\t\tdata-onslides=\"s:1;\"\n\t\t\t\t\t\t\t\tdata-frame_999=\"o:0;st:w;\"\n\t\t\t\t\t\t\t\tstyle=\"z-index:8;font-family:'Roboto';\"\n\t\t\t\t\t\t\t> \n\t\t\t\t\t\t\t<\/rs-layer><!--\n\t\t\t\t\t--><\/rs-static-layers>\n\t\t\t\t<\/rs-module>\n\t\t\t\t<script>\n\t\t\t\t\tsetREVStartSize({c: 'rev_slider_57_1',rl:[1240,1240,1240,480],el:[568.984,568.984,568.984,480],gw:[1240,1240,1240,480],gh:[569,569,569,480],type:'standard',justify:'',layout:'fullscreen',offsetContainer:'#slider__height',offset:'0px',mh:\"0\"});if (window.RS_MODULES!==undefined && window.RS_MODULES.modules!==undefined && window.RS_MODULES.modules[\"revslider571\"]!==undefined) {window.RS_MODULES.modules[\"revslider571\"].once = false;window.revapi57 = undefined;if (window.RS_MODULES.checkMinimal!==undefined) window.RS_MODULES.checkMinimal()}\n\t\t\t\t<\/script>\n\t\t\t<\/rs-module-wrap>\n\t\t\t<!-- END REVOLUTION SLIDER -->\n[\/vc_column][\/vc_row][vc_row full_width=\u00bbstretch_row_content_no_spaces\u00bb][vc_column]<div class='sticky__subslider d-none d-lg-block'><div class='sticky__subslider__wrapper container'><div class='sticky__subslider__wrapper__left'><span class='sticky__subslider__title'>Salud y bienestar:<\/span><a href='#benefici' target='' rel=''><span>Benefici<\/span><\/a><\/div><div class='sticky__subslider__wrapper__right'><\/div><\/div><\/div>[\/vc_column][\/vc_row][vc_row][vc_column]\n        \n        <h1 class=\"text-center  main__title__h1  vc_custom_1710759108345 \" style=\"color:#333333;\"> \n\n         Salute e Benessere\n        \n        <\/h1>[vc_column_text]<\/p>\n<div class=\"text\">\n<div>La salud y el bienestar de la persona son objetivos centrales de todos nuestros proyectos.<br \/>\nLa historia de Valcucine est\u00e1 llena de ejemplos, testimonios y r\u00e9cords que demuestran hasta qu\u00e9 punto la atenci\u00f3n a la salud y el bienestar forman parte del ADN de la empresa.La investigaci\u00f3n sobre la ergonom\u00eda, la sensaci\u00f3n de libertad, la salubridad y la no toxicidad se traducen en soluciones y productos que revolucionan las reglas en la cocina, contribuyendo al bienestar de las personas y haciendo \u00fanico el mundo de Valcucine.<br \/>\nImaginamos una cocina que ofrezca el m\u00e1ximo confort y libertad de movimientos.<\/p>\n<p>Funcional, que responda perfectamente a las necesidades y exigencias de quienes la habitan.<br \/>\nUn espacio sensorial y material, pero sobre todo saludable, porque est\u00e1 libre de elementos t\u00f3xicos o nocivos para el hombre y el medio ambiente.<\/p>\n<p>Un lugar din\u00e1mico que se adapta a las necesidades de la persona, en su continua evoluci\u00f3n, f\u00e1cilmente utilizable, donde uno puede dedicarse a s\u00ed mismo y a los suyos cada d\u00eda, a trav\u00e9s de la emoci\u00f3n del gusto y los sabores.<\/p>\n<\/div>\n<\/div>\n<p>[\/vc_column_text][\/vc_column][\/vc_row][vc_row][vc_column][vc_separator color=\u00bbcustom\u00bb el_width=\u00bb10&#8243; accent_color=\u00bb#666666&#8243;][\/vc_column][\/vc_row][vc_row el_id=\u00bbbenefici\u00bb][vc_column css=\u00bb.vc_custom_1710402374144{padding-top: 60px !important;}\u00bb]<div class=\"row block__img__bkg__grey gap-lg-2\"><div id=\"carousel_grey_1\" class=\"col-lg-7 d-flex align-items-stretch px-0 carousel__block__img__bkg__grey carousel__dots  dots--white slick-track-100 \"><div class=\"d-flex align-items-stretch align-self-stretch \"><div class=\"block__img__bkg__grey__img\" style=\"background-image: url(https:\/\/www.valcucine.com\/wp-content\/uploads\/2024\/03\/96_ricerca_di_ergonomia.webp?wsr)\"><img decoding=\"async\" src=\"https:\/\/www.valcucine.com\/wp-content\/uploads\/2024\/03\/96_ricerca_di_ergonomia.webp?wsr\" ><\/div><\/div><\/div><div class=\"col-lg-5 block__img__bkg__grey__content \"><h4 class='main__title__h4'>Investigaci\u00f3n ergon\u00f3mica<\/h4><div class='block__img__bkg__grey__text'>Valcucine siempre se ha distinguido por su atenci\u00f3n al hombre y a su bienestar a trav\u00e9s de la investigaci\u00f3n de soluciones que mejoren la interacci\u00f3n diaria con la cocina. Una buena ergonom\u00eda permite optimizar el espacio para trabajar de forma c\u00f3moda, funcional y segura.<\/p>\n<p>Con el fin de mejorar la ergonom\u00eda y la usabilidad de los espacios, Valcucine ha desarrollado Ergolabio, una herramienta que permite interactuar con los distintos elementos de la cocina para ayudar a elegir el m\u00e1s adecuado.<\/p>\n<p><strong><a href=\"https:\/\/www.valcucine.com\/es\/prestaciones-especiales\/\" target=\"_blank\" rel=\"noopener\">&#8211;&gt; Descubre nuestros Elementos Especiales<\/a><\/strong><\/p>\n<p><\/div><\/div><\/div>\n            <script>\n            jQuery(function () {\n                \n                \n                jQuery('#carousel_grey_1').slick({\n                  infinite: true,\n                    slidesToShow: 1,\n                    slidesToScroll: 1,\n                    autoplaySpeed: 8000,\n                    centerPadding: '0px',\n                    mobileFirst: true,\n                    arrows: true,\n                    autoplay: true,\n                    dots: false,\n                    prevArrow: '<div class=\\'corousel__arrow corousel__next text-white inside \\'><i class=\\'fal fa-chevron-left\\'><\/i><\/div>',\n                    nextArrow: '<div class=\\'corousel__arrow corousel__prev text-white inside \\'><i class=\\'fal fa-chevron-right\\'><\/i><\/div>',\n                      responsive: [\n                        {\n                          breakpoint: 768,\n                          settings: {\n                            slidesToShow: 1,\n                            slidesToScroll: 1,\n                          }\n                        },\n                    ]\n              \n                });\n            });\n            <\/script>\n            [\/vc_column][\/vc_row][vc_row][vc_column css=\u00bb.vc_custom_1710402395146{padding-top: 60px !important;}\u00bb]<div class=\"row block__img__bkg__grey gap-lg-2\"><div class=\"col-12 col-lg-5 block__img__bkg__grey__content order-2 order-lg-1\"><h4 class='main__title__h4'>Sensaci\u00f3n de libertad<\/h4><div class='block__img__bkg__grey__text'>El bienestar y la sensaci\u00f3n de libertad est\u00e1n estrechamente relacionados. Gracias a las soluciones de Valcucine, la cocina revela nuevas perspectivas ampliando la percepci\u00f3n de la profundidad e impregnando cada proyecto con la ligereza t\u00edpica de los espacios abiertos.<\/p>\n<p>La investigaci\u00f3n sobre la luz para el bienestar en la cocina alcanza su m\u00e1xima expresi\u00f3n con el sistema V-Light, con el que es posible cambiar el fondo luminoso del panel posterior, eligiendo la luz que mejor se adapte a las necesidades de cada uno, en funci\u00f3n de su estado de \u00e1nimo, de la luz natural de que disponga y de la atm\u00f3sfera que desee crear en ese momento.<\/p>\n<p><a href=\"https:\/\/www.valcucine.com\/es\/prestaciones-especiales\/v-light\/\" target=\"_blank\" rel=\"noopener\"><strong>&#8211;&gt; Ven a descubrir V-light<\/strong><\/a><\/div><\/div><div id=\"carousel_grey_2\" class=\"col-lg-7 d-flex align-items-stretch order-1 order-lg-2 px-0 carousel__block__img__bkg__grey carousel__dots  dots--white slick-track-100 \"><div class=\"d-flex align-items-stretch align-self-stretch\"><div class=\"block__img__bkg__grey__img\" style=\"background-image: url(https:\/\/www.valcucine.com\/wp-content\/uploads\/2024\/03\/97_sensazione_di_libert_.webp?wsr)\"><img decoding=\"async\" src=\"https:\/\/www.valcucine.com\/wp-content\/uploads\/2024\/03\/97_sensazione_di_libert_.webp?wsr\" ><\/div><\/div><\/div><\/div>\n            <script>\n            jQuery(function () {\n                \n                \n                jQuery('#carousel_grey_2').slick({\n                  infinite: true,\n                    slidesToShow: 1,\n                    slidesToScroll: 1,\n                    autoplaySpeed: 8000,\n                    centerPadding: '0px',\n                    mobileFirst: true,\n                    arrows: true,\n                    autoplay: true,\n                    dots: false,\n                    prevArrow: '<div class=\\'corousel__arrow corousel__next text-white inside \\'><i class=\\'fal fa-chevron-left\\'><\/i><\/div>',\n                    nextArrow: '<div class=\\'corousel__arrow corousel__prev text-white inside \\'><i class=\\'fal fa-chevron-right\\'><\/i><\/div>',\n                      responsive: [\n                        {\n                          breakpoint: 768,\n                          settings: {\n                            slidesToShow: 1,\n                            slidesToScroll: 1,\n                          }\n                        },\n                    ]\n              \n                });\n            });\n            <\/script>\n            [\/vc_column][\/vc_row][vc_row][vc_column css=\u00bb.vc_custom_1710512817687{padding-top: 60px !important;padding-bottom: 60px !important;}\u00bb]<div class=\"row block__img__bkg__grey gap-lg-2\"><div id=\"carousel_grey_3\" class=\"col-lg-7 d-flex align-items-stretch px-0 carousel__block__img__bkg__grey carousel__dots  dots--white slick-track-100 \"><div class=\"d-flex align-items-stretch align-self-stretch \"><div class=\"block__img__bkg__grey__img\" style=\"background-image: url(https:\/\/www.valcucine.com\/wp-content\/uploads\/2024\/03\/113_salubrita_e_atossicita_.webp?wsr)\"><img decoding=\"async\" src=\"https:\/\/www.valcucine.com\/wp-content\/uploads\/2024\/03\/113_salubrita_e_atossicita_.webp?wsr\" ><\/div><\/div><\/div><div class=\"col-lg-5 block__img__bkg__grey__content \"><h4 class='main__title__h4'>Salubridad y no toxicidad<\/h4><div class='block__img__bkg__grey__text'>Para garantizar la salud y el bienestar de las personas en la cocina, es fundamental asegurar la m\u00e1xima reducci\u00f3n de las emisiones t\u00f3xicas.<\/p>\n<p>Valcucine utiliza barnices al agua que emiten menos compuestos org\u00e1nicos vol\u00e1tiles, protegiendo el medio ambiente y la salud de las personas.<\/p>\n<p>Los muebles de aglomerado de Valcucine tienen bajas emisiones de formaldeh\u00eddo y respetan los l\u00edmites de la normativa italiana y los de las normas mundiales m\u00e1s estrictas.<\/div><\/div><\/div>\n            <script>\n            jQuery(function () {\n                \n                \n                jQuery('#carousel_grey_3').slick({\n                  infinite: true,\n                    slidesToShow: 1,\n                    slidesToScroll: 1,\n                    autoplaySpeed: 8000,\n                    centerPadding: '0px',\n                    mobileFirst: true,\n                    arrows: true,\n                    autoplay: true,\n                    dots: false,\n                    prevArrow: '<div class=\\'corousel__arrow corousel__next text-white inside \\'><i class=\\'fal fa-chevron-left\\'><\/i><\/div>',\n                    nextArrow: '<div class=\\'corousel__arrow corousel__prev text-white inside \\'><i class=\\'fal fa-chevron-right\\'><\/i><\/div>',\n                      responsive: [\n                        {\n                          breakpoint: 768,\n                          settings: {\n                            slidesToShow: 1,\n                            slidesToScroll: 1,\n                          }\n                        },\n                    ]\n              \n                });\n            });\n            <\/script>\n            [\/vc_column][\/vc_row][vc_row css=\u00bb.vc_custom_1710780012836{margin-bottom: 40px !important;}\u00bb][vc_column][vc_separator color=\u00bbcustom\u00bb el_width=\u00bb10&#8243; accent_color=\u00bb#666666&#8243;][\/vc_column][\/vc_row]<\/p>\n<\/div>","protected":false},"excerpt":{"rendered":"<p>[vc_row][vc_column][\/vc_column][\/vc_row][vc_row full_width=\u00bbstretch_row_content_no_spaces\u00bb][vc_column][\/vc_column][\/vc_row][vc_row][vc_column][vc_column_text] La salud y el bienestar de la persona son objetivos centrales de todos nuestros proyectos. La historia de Valcucine est\u00e1 llena de ejemplos, testimonios y r\u00e9cords que demuestran hasta qu\u00e9 punto la atenci\u00f3n a la salud y el bienestar forman parte del ADN de la empresa.La investigaci\u00f3n sobre la ergonom\u00eda, la sensaci\u00f3n de [&hellip;]<\/p>\n","protected":false},"author":1,"featured_media":0,"parent":14643,"menu_order":0,"comment_status":"closed","ping_status":"closed","template":"","meta":{"footnotes":""},"class_list":["post-14647","page","type-page","status-publish","hentry"],"yoast_head":"<!-- This site is optimized with the Yoast SEO plugin v26.2 - https:\/\/yoast.com\/wordpress\/plugins\/seo\/ -->\n<title>Salud y bienestar - Valcucine<\/title>\n<meta name=\"robots\" content=\"index, follow, max-snippet:-1, max-image-preview:large, max-video-preview:-1\" \/>\n<link rel=\"canonical\" href=\"https:\/\/www.valcucine.com\/es\/empresa\/esg\/sdg\/salud-y-bienestar\/\" \/>\n<meta property=\"og:locale\" content=\"es_ES\" \/>\n<meta property=\"og:type\" content=\"article\" \/>\n<meta property=\"og:title\" content=\"Salud y bienestar - Valcucine\" \/>\n<meta property=\"og:description\" content=\"[vc_row][vc_column][\/vc_column][\/vc_row][vc_row full_width=\u00bbstretch_row_content_no_spaces\u00bb][vc_column][\/vc_column][\/vc_row][vc_row][vc_column][vc_column_text] La salud y el bienestar de la persona son objetivos centrales de todos nuestros proyectos. La historia de Valcucine est\u00e1 llena de ejemplos, testimonios y r\u00e9cords que demuestran hasta qu\u00e9 punto la atenci\u00f3n a la salud y el bienestar forman parte del ADN de la empresa.La investigaci\u00f3n sobre la ergonom\u00eda, la sensaci\u00f3n de [&hellip;]\" \/>\n<meta property=\"og:url\" content=\"https:\/\/www.valcucine.com\/es\/empresa\/esg\/sdg\/salud-y-bienestar\/\" \/>\n<meta property=\"og:site_name\" content=\"Valcucine\" \/>\n<meta property=\"article:publisher\" content=\"https:\/\/www.facebook.com\/valcucine\/\" \/>\n<meta property=\"article:modified_time\" content=\"2024-06-04T13:29:59+00:00\" \/>\n<meta name=\"twitter:card\" content=\"summary_large_image\" \/>\n<meta name=\"twitter:label1\" content=\"Tiempo de lectura\" \/>\n\t<meta name=\"twitter:data1\" content=\"4 minutos\" \/>\n<script type=\"application\/ld+json\" class=\"yoast-schema-graph\">{\"@context\":\"https:\/\/schema.org\",\"@graph\":[{\"@type\":\"WebPage\",\"@id\":\"https:\/\/www.valcucine.com\/es\/empresa\/esg\/sdg\/salud-y-bienestar\/\",\"url\":\"https:\/\/www.valcucine.com\/es\/empresa\/esg\/sdg\/salud-y-bienestar\/\",\"name\":\"Salud y bienestar - Valcucine\",\"isPartOf\":{\"@id\":\"https:\/\/www.valcucine.com\/#website\"},\"datePublished\":\"2024-03-13T15:52:05+00:00\",\"dateModified\":\"2024-06-04T13:29:59+00:00\",\"breadcrumb\":{\"@id\":\"https:\/\/www.valcucine.com\/es\/empresa\/esg\/sdg\/salud-y-bienestar\/#breadcrumb\"},\"inLanguage\":\"es\",\"potentialAction\":[{\"@type\":\"ReadAction\",\"target\":[\"https:\/\/www.valcucine.com\/es\/empresa\/esg\/sdg\/salud-y-bienestar\/\"]}]},{\"@type\":\"BreadcrumbList\",\"@id\":\"https:\/\/www.valcucine.com\/es\/empresa\/esg\/sdg\/salud-y-bienestar\/#breadcrumb\",\"itemListElement\":[{\"@type\":\"ListItem\",\"position\":1,\"name\":\"Valcucine\",\"item\":\"https:\/\/www.valcucine.com\/es\/\"},{\"@type\":\"ListItem\",\"position\":2,\"name\":\"Empresa\",\"item\":\"https:\/\/www.valcucine.com\/es\/empresa\/\"},{\"@type\":\"ListItem\",\"position\":3,\"name\":\"ESG\",\"item\":\"https:\/\/www.valcucine.com\/es\/empresa\/esg\/\"},{\"@type\":\"ListItem\",\"position\":4,\"name\":\"SDG\",\"item\":\"https:\/\/www.valcucine.com\/es\/empresa\/esg\/sdg\/\"},{\"@type\":\"ListItem\",\"position\":5,\"name\":\"Salud y bienestar\"}]},{\"@type\":\"WebSite\",\"@id\":\"https:\/\/www.valcucine.com\/#website\",\"url\":\"https:\/\/www.valcucine.com\/\",\"name\":\"Valcucine\",\"description\":\"\",\"publisher\":{\"@id\":\"https:\/\/www.valcucine.com\/#organization\"},\"potentialAction\":[{\"@type\":\"SearchAction\",\"target\":{\"@type\":\"EntryPoint\",\"urlTemplate\":\"https:\/\/www.valcucine.com\/?s={search_term_string}\"},\"query-input\":{\"@type\":\"PropertyValueSpecification\",\"valueRequired\":true,\"valueName\":\"search_term_string\"}}],\"inLanguage\":\"es\"},{\"@type\":\"Organization\",\"@id\":\"https:\/\/www.valcucine.com\/#organization\",\"name\":\"Valcucine\",\"url\":\"https:\/\/www.valcucine.com\/\",\"logo\":{\"@type\":\"ImageObject\",\"inLanguage\":\"es\",\"@id\":\"https:\/\/www.valcucine.com\/#\/schema\/logo\/image\/\",\"url\":\"https:\/\/www.valcucine.com\/wp-content\/uploads\/2024\/02\/logo-valcucine.webp?wsr\",\"contentUrl\":\"https:\/\/www.valcucine.com\/wp-content\/uploads\/2024\/02\/logo-valcucine.webp?wsr\",\"width\":288,\"height\":46,\"caption\":\"Valcucine\"},\"image\":{\"@id\":\"https:\/\/www.valcucine.com\/#\/schema\/logo\/image\/\"},\"sameAs\":[\"https:\/\/www.facebook.com\/valcucine\/\",\"https:\/\/www.instagram.com\/valcucine\/\",\"https:\/\/www.linkedin.com\/company\/valcucine\"]}]}<\/script>\n<!-- \/ Yoast SEO plugin. -->","yoast_head_json":{"title":"Salud y bienestar - Valcucine","robots":{"index":"index","follow":"follow","max-snippet":"max-snippet:-1","max-image-preview":"max-image-preview:large","max-video-preview":"max-video-preview:-1"},"canonical":"https:\/\/www.valcucine.com\/es\/empresa\/esg\/sdg\/salud-y-bienestar\/","og_locale":"es_ES","og_type":"article","og_title":"Salud y bienestar - Valcucine","og_description":"[vc_row][vc_column][\/vc_column][\/vc_row][vc_row full_width=\u00bbstretch_row_content_no_spaces\u00bb][vc_column][\/vc_column][\/vc_row][vc_row][vc_column][vc_column_text] La salud y el bienestar de la persona son objetivos centrales de todos nuestros proyectos. La historia de Valcucine est\u00e1 llena de ejemplos, testimonios y r\u00e9cords que demuestran hasta qu\u00e9 punto la atenci\u00f3n a la salud y el bienestar forman parte del ADN de la empresa.La investigaci\u00f3n sobre la ergonom\u00eda, la sensaci\u00f3n de [&hellip;]","og_url":"https:\/\/www.valcucine.com\/es\/empresa\/esg\/sdg\/salud-y-bienestar\/","og_site_name":"Valcucine","article_publisher":"https:\/\/www.facebook.com\/valcucine\/","article_modified_time":"2024-06-04T13:29:59+00:00","twitter_card":"summary_large_image","twitter_misc":{"Tiempo de lectura":"4 minutos"},"schema":{"@context":"https:\/\/schema.org","@graph":[{"@type":"WebPage","@id":"https:\/\/www.valcucine.com\/es\/empresa\/esg\/sdg\/salud-y-bienestar\/","url":"https:\/\/www.valcucine.com\/es\/empresa\/esg\/sdg\/salud-y-bienestar\/","name":"Salud y bienestar - Valcucine","isPartOf":{"@id":"https:\/\/www.valcucine.com\/#website"},"datePublished":"2024-03-13T15:52:05+00:00","dateModified":"2024-06-04T13:29:59+00:00","breadcrumb":{"@id":"https:\/\/www.valcucine.com\/es\/empresa\/esg\/sdg\/salud-y-bienestar\/#breadcrumb"},"inLanguage":"es","potentialAction":[{"@type":"ReadAction","target":["https:\/\/www.valcucine.com\/es\/empresa\/esg\/sdg\/salud-y-bienestar\/"]}]},{"@type":"BreadcrumbList","@id":"https:\/\/www.valcucine.com\/es\/empresa\/esg\/sdg\/salud-y-bienestar\/#breadcrumb","itemListElement":[{"@type":"ListItem","position":1,"name":"Valcucine","item":"https:\/\/www.valcucine.com\/es\/"},{"@type":"ListItem","position":2,"name":"Empresa","item":"https:\/\/www.valcucine.com\/es\/empresa\/"},{"@type":"ListItem","position":3,"name":"ESG","item":"https:\/\/www.valcucine.com\/es\/empresa\/esg\/"},{"@type":"ListItem","position":4,"name":"SDG","item":"https:\/\/www.valcucine.com\/es\/empresa\/esg\/sdg\/"},{"@type":"ListItem","position":5,"name":"Salud y bienestar"}]},{"@type":"WebSite","@id":"https:\/\/www.valcucine.com\/#website","url":"https:\/\/www.valcucine.com\/","name":"Valcucine","description":"","publisher":{"@id":"https:\/\/www.valcucine.com\/#organization"},"potentialAction":[{"@type":"SearchAction","target":{"@type":"EntryPoint","urlTemplate":"https:\/\/www.valcucine.com\/?s={search_term_string}"},"query-input":{"@type":"PropertyValueSpecification","valueRequired":true,"valueName":"search_term_string"}}],"inLanguage":"es"},{"@type":"Organization","@id":"https:\/\/www.valcucine.com\/#organization","name":"Valcucine","url":"https:\/\/www.valcucine.com\/","logo":{"@type":"ImageObject","inLanguage":"es","@id":"https:\/\/www.valcucine.com\/#\/schema\/logo\/image\/","url":"https:\/\/www.valcucine.com\/wp-content\/uploads\/2024\/02\/logo-valcucine.webp?wsr","contentUrl":"https:\/\/www.valcucine.com\/wp-content\/uploads\/2024\/02\/logo-valcucine.webp?wsr","width":288,"height":46,"caption":"Valcucine"},"image":{"@id":"https:\/\/www.valcucine.com\/#\/schema\/logo\/image\/"},"sameAs":["https:\/\/www.facebook.com\/valcucine\/","https:\/\/www.instagram.com\/valcucine\/","https:\/\/www.linkedin.com\/company\/valcucine"]}]}},"_links":{"self":[{"href":"https:\/\/www.valcucine.com\/es\/wp-json\/wp\/v2\/pages\/14647","targetHints":{"allow":["GET"]}}],"collection":[{"href":"https:\/\/www.valcucine.com\/es\/wp-json\/wp\/v2\/pages"}],"about":[{"href":"https:\/\/www.valcucine.com\/es\/wp-json\/wp\/v2\/types\/page"}],"author":[{"embeddable":true,"href":"https:\/\/www.valcucine.com\/es\/wp-json\/wp\/v2\/users\/1"}],"replies":[{"embeddable":true,"href":"https:\/\/www.valcucine.com\/es\/wp-json\/wp\/v2\/comments?post=14647"}],"version-history":[{"count":2,"href":"https:\/\/www.valcucine.com\/es\/wp-json\/wp\/v2\/pages\/14647\/revisions"}],"predecessor-version":[{"id":14649,"href":"https:\/\/www.valcucine.com\/es\/wp-json\/wp\/v2\/pages\/14647\/revisions\/14649"}],"up":[{"embeddable":true,"href":"https:\/\/www.valcucine.com\/es\/wp-json\/wp\/v2\/pages\/14643"}],"wp:attachment":[{"href":"https:\/\/www.valcucine.com\/es\/wp-json\/wp\/v2\/media?parent=14647"}],"curies":[{"name":"wp","href":"https:\/\/api.w.org\/{rel}","templated":true}]}}