{"id":14660,"date":"2024-03-14T08:41:25","date_gmt":"2024-03-14T08:41:25","guid":{"rendered":"https:\/\/devel.valcucine.com\/empresa\/esg\/sdg\/consumo-e-produzione-responsabile\/"},"modified":"2024-08-21T13:16:23","modified_gmt":"2024-08-21T13:16:23","slug":"consumo-y-produccin-responsables","status":"publish","type":"page","link":"https:\/\/www.valcucine.com\/es\/empresa\/esg\/sdg\/consumo-y-produccin-responsables\/","title":{"rendered":"Consumo y producci\u00f3n responsables"},"content":{"rendered":"<div class=\"wpb-content-wrapper\"><p>[vc_row][vc_column]\n\t\t\t<!-- START consumo REVOLUTION SLIDER 6.7.38 --><p class=\"rs-p-wp-fix\"><\/p>\n\t\t\t<rs-module-wrap id=\"rev_slider_222_1_wrapper\" data-source=\"gallery\" style=\"visibility:hidden;background:transparent;padding:0;margin:0px auto;margin-top:0;margin-bottom:0;\">\n\t\t\t\t<rs-module id=\"rev_slider_222_1\" style=\"\" data-version=\"6.7.38\">\n\t\t\t\t\t<rs-slides style=\"overflow: hidden; position: absolute;\">\n\t\t\t\t\t\t<rs-slide style=\"position: absolute;\" data-key=\"rs-1034\" data-title=\"Slide\" data-in=\"o:0;\" data-out=\"a:false;\">\n\t\t\t\t\t\t\t<img decoding=\"async\" src=\"\/\/www.valcucine.com\/wp-content\/plugins\/revslider\/sr6\/assets\/assets\/dummy.png\" alt=\"\" title=\"box_consumo\" width=\"2000\" height=\"1000\" class=\"rev-slidebg tp-rs-img rs-lazyload\" data-lazyload=\"\/\/www.valcucine.com\/wp-content\/uploads\/2024\/08\/box_consumo.jpg\" data-no-retina>\n<!---->\t\t\t\t\t<\/rs-slide>\n\t\t\t\t\t<\/rs-slides>\n\t\t\t\t<\/rs-module>\n\t\t\t\t<script>\n\t\t\t\t\tsetREVStartSize({c: 'rev_slider_222_1',rl:[1240,1024,778,480],el:[900],gw:[1240],gh:[900],type:'standard',justify:'',layout:'fullwidth',mh:\"0\"});if (window.RS_MODULES!==undefined && window.RS_MODULES.modules!==undefined && window.RS_MODULES.modules[\"revslider2221\"]!==undefined) {window.RS_MODULES.modules[\"revslider2221\"].once = false;window.revapi222 = undefined;if (window.RS_MODULES.checkMinimal!==undefined) window.RS_MODULES.checkMinimal()}\n\t\t\t\t<\/script>\n\t\t\t<\/rs-module-wrap>\n\t\t\t<!-- END REVOLUTION SLIDER -->\n[\/vc_column][\/vc_row][vc_row][vc_column]\n        \n        <h1 class=\"text-center  main__title__h1  vc_custom_1717509707614 \" style=\"color:#333333;\"> \n\n         Consumo y producci\u00f3n responsables\n        \n        <\/h1>[vc_column_text]Cada d\u00eda en Valcucine, la innovaci\u00f3n est\u00e1 impulsada por el respeto al medio ambiente y al ser humano. Nuestra historia muestra c\u00f3mo la atenci\u00f3n a la sostenibilidad ha sido parte integrante de la identidad de la empresa desde su fundaci\u00f3n en 1980. Desde hace m\u00e1s de cuarenta a\u00f1os, Valcucine dise\u00f1a y fabrica productos respetando los m\u00e1s altos par\u00e1metros de sostenibilidad: desmaterializaci\u00f3n, reciclabilidad, econom\u00eda circular, larga vida t\u00e9cnica y est\u00e9tica.<\/p>\n<p>No basta con encontrar soluciones que combinen funcionalidad y est\u00e9tica. Hoy se necesita un nuevo paradigma. Un modelo de desarrollo sostenible en todas las fases del proceso de producci\u00f3n y de pensamiento de dise\u00f1o. Un dise\u00f1o inteligente que aporte cada d\u00eda una contribuci\u00f3n concreta y restablezca la relaci\u00f3n correcta entre el hombre y la naturaleza. Esto se traduce en productos fabricados con menor consumo de materias primas y energ\u00eda, f\u00e1cilmente descomponibles y reciclables al final de su ciclo de vida.[\/vc_column_text][\/vc_column][\/vc_row][vc_row][vc_column width=\u00bb1\/2&#8243;][vc_single_image image=\u00bb5174&#8243; img_size=\u00bb600&#215;385&#8243; alignment=\u00bbcenter\u00bb][\/vc_column][vc_column width=\u00bb1\/2&#8243;]\n        \n        <h2 class=\"text-start  main__title__h2  vc_custom_1717509742501 \" style=\"color:#333333;\"> \n\n         Desmaterializaci\u00f3n\n        \n        <\/h2>[vc_column_text]Gracias a la continua investigaci\u00f3n sobre los materiales y sus l\u00edmites de resistencia, nuestra tecnolog\u00eda de construcci\u00f3n nos permite reducir las estructuras de las cocinas a lo esencial, sin renunciar a la calidad. Las soluciones propuestas representan la \u00abligereza resistente\u00bb y abren el camino a la responsabilidad del dise\u00f1ador, cuyo trabajo puede contribuir a restablecer la correcta relaci\u00f3n entre el hombre y la naturaleza.[\/vc_column_text][\/vc_column][\/vc_row][vc_row][vc_column width=\u00bb1\/2&#8243; css=\u00bb.vc_custom_1710513554356{padding-bottom: 30px !important;}\u00bb][vc_single_image image=\u00bb5179&#8243; img_size=\u00bb600&#215;600&#8243; alignment=\u00bbcenter\u00bb][\/vc_column][vc_column width=\u00bb1\/2&#8243;]\n        \n        <h2 class=\"text-start  main__title__h2  vc_custom_1717509788891 \" style=\"color:#333333;\"> \n\n         Reciclabilidad\n        \n        <\/h2>[vc_column_text]Dise\u00f1amos nuestras estructuras con elementos que pueden desmontarse y separarse f\u00e1cilmente al final de su ciclo de vida, ciclo de vida y utilizamos aluminio para nuestras estructuras, un material 100% reciclable y reutilizable infinitamente para dar vida a nuevos productos cada vez manteniendo sus caracter\u00edsticas.[\/vc_column_text][\/vc_column][\/vc_row][vc_row][vc_column width=\u00bb1\/2&#8243;][vc_single_image image=\u00bb5184&#8243; img_size=\u00bb600&#215;337&#8243; alignment=\u00bbcenter\u00bb][\/vc_column][vc_column width=\u00bb1\/2&#8243;]\n        \n        <h2 class=\"text-start  main__title__h2  vc_custom_1717509838316 \" style=\"color:#333333;\"> \n\n         Econom\u00eda circular\n        \n        <\/h2>[vc_column_text]Al preguntarnos qu\u00e9 puede hacer la industria por el medio ambiente, podemos encontrar la respuesta en el paso de una econom\u00eda lineal, hecha \u00fanicamente de consumo y residuos, a una econom\u00eda circular. Compuesta de producci\u00f3n y consumo, pero tambi\u00e9n de reutilizaci\u00f3n y reciclaje.[\/vc_column_text][\/vc_column][\/vc_row][vc_row][vc_column width=\u00bb1\/2&#8243;][vc_single_image image=\u00bb5189&#8243; img_size=\u00bb600&#215;540&#8243; alignment=\u00bbcenter\u00bb][\/vc_column][vc_column width=\u00bb1\/2&#8243; css=\u00bb.vc_custom_1710753303327{padding-bottom: 20px !important;}\u00bb]\n        \n        <h2 class=\"text-start  main__title__h2  vc_custom_1717509870989 \" style=\"color:#333333;\"> \n\n         Durabilidad t\u00e9cnica\n        \n        <\/h2>[vc_column_text]La durabilidad y fiabilidad de nuestros materiales son el resultado de continuos an\u00e1lisis de calidad y pruebas t\u00e9cnicas realizadas para garantizar los m\u00e1s altos niveles de resistencia a la luz, el calor, los impactos y las manchas.[\/vc_column_text][\/vc_column][\/vc_row][vc_row css=\u00bb.vc_custom_1710776380518{margin-bottom: 40px !important;}\u00bb][vc_column width=\u00bb1\/2&#8243; css=\u00bb.vc_custom_1710513571749{padding-bottom: 30px !important;}\u00bb][vc_single_image image=\u00bb5194&#8243; img_size=\u00bb600&#215;450&#8243; alignment=\u00bbcenter\u00bb][\/vc_column][vc_column width=\u00bb1\/2&#8243;]\n        \n        <h2 class=\"text-start  main__title__h2  vc_custom_1717509890300 \" style=\"color:#333333;\"> \n\n         Elecciones cotidianas\n        \n        <\/h2>[vc_column_text]Para cambiar las cosas, tambi\u00e9n podemos empezar por lo cotidiano, por las elecciones que hacemos cada d\u00eda.<br \/>\nEntre ellas, limitar el consumo de pl\u00e1stico es sin duda una de las m\u00e1s necesarias. Italia, de hecho, ocupa el segundo lugar en el mundo en consumo per c\u00e1pita de agua embotellada, con nada menos que 224 litros al a\u00f1o (fuente: Censis 2018).<\/p>\n<p>Para desincentivar el consumo de bebidas en envases de pl\u00e1stico desechables, Valcucine ha regalado a todos sus empleados una botella de agua de aluminio reutilizable; una elecci\u00f3n consciente que contribuir\u00e1 a<br \/>\nreducir el consumo y los residuos de pl\u00e1stico en la empresa.<\/p>\n<p>Estas elecciones cotidianas se plasman en un conjunto de normas operativas que deben guiar las operaciones de una empresa para garantizar la consecuci\u00f3n de determinados resultados medioambientales, sociales y de gobierno corporativo.<br \/>\n<a href=\"https:\/\/www.valcucine.com\/es\/empresa\/esg\/future-goals\/\" target=\"_blank\" rel=\"noopener\"><strong>Descubra nuestros objetivos de futuro<\/strong><\/a><\/p>\n<p>[\/vc_column_text][\/vc_column][\/vc_row]<\/p>\n<\/div>","protected":false},"excerpt":{"rendered":"<p>[vc_row][vc_column][\/vc_column][\/vc_row][vc_row][vc_column][vc_column_text]Cada d\u00eda en Valcucine, la innovaci\u00f3n est\u00e1 impulsada por el respeto al medio ambiente y al ser humano. Nuestra historia muestra c\u00f3mo la atenci\u00f3n a la sostenibilidad ha sido parte integrante de la identidad de la empresa desde su fundaci\u00f3n en 1980. Desde hace m\u00e1s de cuarenta a\u00f1os, Valcucine dise\u00f1a y fabrica productos respetando los [&hellip;]<\/p>\n","protected":false},"author":1,"featured_media":0,"parent":14643,"menu_order":0,"comment_status":"closed","ping_status":"closed","template":"","meta":{"footnotes":""},"class_list":["post-14660","page","type-page","status-publish","hentry"],"yoast_head":"<!-- This site is optimized with the Yoast SEO plugin v26.2 - https:\/\/yoast.com\/wordpress\/plugins\/seo\/ -->\n<title>Consumo y producci\u00f3n responsables - Valcucine<\/title>\n<meta name=\"robots\" content=\"index, follow, max-snippet:-1, max-image-preview:large, max-video-preview:-1\" \/>\n<link rel=\"canonical\" href=\"https:\/\/www.valcucine.com\/es\/empresa\/esg\/sdg\/consumo-y-produccin-responsables\/\" \/>\n<meta property=\"og:locale\" content=\"es_ES\" \/>\n<meta property=\"og:type\" content=\"article\" \/>\n<meta property=\"og:title\" content=\"Consumo y producci\u00f3n responsables - Valcucine\" \/>\n<meta property=\"og:description\" content=\"[vc_row][vc_column][\/vc_column][\/vc_row][vc_row][vc_column][vc_column_text]Cada d\u00eda en Valcucine, la innovaci\u00f3n est\u00e1 impulsada por el respeto al medio ambiente y al ser humano. Nuestra historia muestra c\u00f3mo la atenci\u00f3n a la sostenibilidad ha sido parte integrante de la identidad de la empresa desde su fundaci\u00f3n en 1980. Desde hace m\u00e1s de cuarenta a\u00f1os, Valcucine dise\u00f1a y fabrica productos respetando los [&hellip;]\" \/>\n<meta property=\"og:url\" content=\"https:\/\/www.valcucine.com\/es\/empresa\/esg\/sdg\/consumo-y-produccin-responsables\/\" \/>\n<meta property=\"og:site_name\" content=\"Valcucine\" \/>\n<meta property=\"article:publisher\" content=\"https:\/\/www.facebook.com\/valcucine\/\" \/>\n<meta property=\"article:modified_time\" content=\"2024-08-21T13:16:23+00:00\" \/>\n<meta name=\"twitter:card\" content=\"summary_large_image\" \/>\n<meta name=\"twitter:label1\" content=\"Tiempo de lectura\" \/>\n\t<meta name=\"twitter:data1\" content=\"5 minutos\" \/>\n<script type=\"application\/ld+json\" class=\"yoast-schema-graph\">{\"@context\":\"https:\/\/schema.org\",\"@graph\":[{\"@type\":\"WebPage\",\"@id\":\"https:\/\/www.valcucine.com\/es\/empresa\/esg\/sdg\/consumo-y-produccin-responsables\/\",\"url\":\"https:\/\/www.valcucine.com\/es\/empresa\/esg\/sdg\/consumo-y-produccin-responsables\/\",\"name\":\"Consumo y producci\u00f3n responsables - Valcucine\",\"isPartOf\":{\"@id\":\"https:\/\/www.valcucine.com\/#website\"},\"datePublished\":\"2024-03-14T08:41:25+00:00\",\"dateModified\":\"2024-08-21T13:16:23+00:00\",\"breadcrumb\":{\"@id\":\"https:\/\/www.valcucine.com\/es\/empresa\/esg\/sdg\/consumo-y-produccin-responsables\/#breadcrumb\"},\"inLanguage\":\"es\",\"potentialAction\":[{\"@type\":\"ReadAction\",\"target\":[\"https:\/\/www.valcucine.com\/es\/empresa\/esg\/sdg\/consumo-y-produccin-responsables\/\"]}]},{\"@type\":\"BreadcrumbList\",\"@id\":\"https:\/\/www.valcucine.com\/es\/empresa\/esg\/sdg\/consumo-y-produccin-responsables\/#breadcrumb\",\"itemListElement\":[{\"@type\":\"ListItem\",\"position\":1,\"name\":\"Valcucine\",\"item\":\"https:\/\/www.valcucine.com\/es\/\"},{\"@type\":\"ListItem\",\"position\":2,\"name\":\"Empresa\",\"item\":\"https:\/\/www.valcucine.com\/es\/empresa\/\"},{\"@type\":\"ListItem\",\"position\":3,\"name\":\"ESG\",\"item\":\"https:\/\/www.valcucine.com\/es\/empresa\/esg\/\"},{\"@type\":\"ListItem\",\"position\":4,\"name\":\"SDG\",\"item\":\"https:\/\/www.valcucine.com\/es\/empresa\/esg\/sdg\/\"},{\"@type\":\"ListItem\",\"position\":5,\"name\":\"Consumo y producci\u00f3n responsables\"}]},{\"@type\":\"WebSite\",\"@id\":\"https:\/\/www.valcucine.com\/#website\",\"url\":\"https:\/\/www.valcucine.com\/\",\"name\":\"Valcucine\",\"description\":\"\",\"publisher\":{\"@id\":\"https:\/\/www.valcucine.com\/#organization\"},\"potentialAction\":[{\"@type\":\"SearchAction\",\"target\":{\"@type\":\"EntryPoint\",\"urlTemplate\":\"https:\/\/www.valcucine.com\/?s={search_term_string}\"},\"query-input\":{\"@type\":\"PropertyValueSpecification\",\"valueRequired\":true,\"valueName\":\"search_term_string\"}}],\"inLanguage\":\"es\"},{\"@type\":\"Organization\",\"@id\":\"https:\/\/www.valcucine.com\/#organization\",\"name\":\"Valcucine\",\"url\":\"https:\/\/www.valcucine.com\/\",\"logo\":{\"@type\":\"ImageObject\",\"inLanguage\":\"es\",\"@id\":\"https:\/\/www.valcucine.com\/#\/schema\/logo\/image\/\",\"url\":\"https:\/\/www.valcucine.com\/wp-content\/uploads\/2024\/02\/logo-valcucine.webp?wsr\",\"contentUrl\":\"https:\/\/www.valcucine.com\/wp-content\/uploads\/2024\/02\/logo-valcucine.webp?wsr\",\"width\":288,\"height\":46,\"caption\":\"Valcucine\"},\"image\":{\"@id\":\"https:\/\/www.valcucine.com\/#\/schema\/logo\/image\/\"},\"sameAs\":[\"https:\/\/www.facebook.com\/valcucine\/\",\"https:\/\/www.instagram.com\/valcucine\/\",\"https:\/\/www.linkedin.com\/company\/valcucine\"]}]}<\/script>\n<!-- \/ Yoast SEO plugin. -->","yoast_head_json":{"title":"Consumo y producci\u00f3n responsables - Valcucine","robots":{"index":"index","follow":"follow","max-snippet":"max-snippet:-1","max-image-preview":"max-image-preview:large","max-video-preview":"max-video-preview:-1"},"canonical":"https:\/\/www.valcucine.com\/es\/empresa\/esg\/sdg\/consumo-y-produccin-responsables\/","og_locale":"es_ES","og_type":"article","og_title":"Consumo y producci\u00f3n responsables - Valcucine","og_description":"[vc_row][vc_column][\/vc_column][\/vc_row][vc_row][vc_column][vc_column_text]Cada d\u00eda en Valcucine, la innovaci\u00f3n est\u00e1 impulsada por el respeto al medio ambiente y al ser humano. Nuestra historia muestra c\u00f3mo la atenci\u00f3n a la sostenibilidad ha sido parte integrante de la identidad de la empresa desde su fundaci\u00f3n en 1980. Desde hace m\u00e1s de cuarenta a\u00f1os, Valcucine dise\u00f1a y fabrica productos respetando los [&hellip;]","og_url":"https:\/\/www.valcucine.com\/es\/empresa\/esg\/sdg\/consumo-y-produccin-responsables\/","og_site_name":"Valcucine","article_publisher":"https:\/\/www.facebook.com\/valcucine\/","article_modified_time":"2024-08-21T13:16:23+00:00","twitter_card":"summary_large_image","twitter_misc":{"Tiempo de lectura":"5 minutos"},"schema":{"@context":"https:\/\/schema.org","@graph":[{"@type":"WebPage","@id":"https:\/\/www.valcucine.com\/es\/empresa\/esg\/sdg\/consumo-y-produccin-responsables\/","url":"https:\/\/www.valcucine.com\/es\/empresa\/esg\/sdg\/consumo-y-produccin-responsables\/","name":"Consumo y producci\u00f3n responsables - Valcucine","isPartOf":{"@id":"https:\/\/www.valcucine.com\/#website"},"datePublished":"2024-03-14T08:41:25+00:00","dateModified":"2024-08-21T13:16:23+00:00","breadcrumb":{"@id":"https:\/\/www.valcucine.com\/es\/empresa\/esg\/sdg\/consumo-y-produccin-responsables\/#breadcrumb"},"inLanguage":"es","potentialAction":[{"@type":"ReadAction","target":["https:\/\/www.valcucine.com\/es\/empresa\/esg\/sdg\/consumo-y-produccin-responsables\/"]}]},{"@type":"BreadcrumbList","@id":"https:\/\/www.valcucine.com\/es\/empresa\/esg\/sdg\/consumo-y-produccin-responsables\/#breadcrumb","itemListElement":[{"@type":"ListItem","position":1,"name":"Valcucine","item":"https:\/\/www.valcucine.com\/es\/"},{"@type":"ListItem","position":2,"name":"Empresa","item":"https:\/\/www.valcucine.com\/es\/empresa\/"},{"@type":"ListItem","position":3,"name":"ESG","item":"https:\/\/www.valcucine.com\/es\/empresa\/esg\/"},{"@type":"ListItem","position":4,"name":"SDG","item":"https:\/\/www.valcucine.com\/es\/empresa\/esg\/sdg\/"},{"@type":"ListItem","position":5,"name":"Consumo y producci\u00f3n responsables"}]},{"@type":"WebSite","@id":"https:\/\/www.valcucine.com\/#website","url":"https:\/\/www.valcucine.com\/","name":"Valcucine","description":"","publisher":{"@id":"https:\/\/www.valcucine.com\/#organization"},"potentialAction":[{"@type":"SearchAction","target":{"@type":"EntryPoint","urlTemplate":"https:\/\/www.valcucine.com\/?s={search_term_string}"},"query-input":{"@type":"PropertyValueSpecification","valueRequired":true,"valueName":"search_term_string"}}],"inLanguage":"es"},{"@type":"Organization","@id":"https:\/\/www.valcucine.com\/#organization","name":"Valcucine","url":"https:\/\/www.valcucine.com\/","logo":{"@type":"ImageObject","inLanguage":"es","@id":"https:\/\/www.valcucine.com\/#\/schema\/logo\/image\/","url":"https:\/\/www.valcucine.com\/wp-content\/uploads\/2024\/02\/logo-valcucine.webp?wsr","contentUrl":"https:\/\/www.valcucine.com\/wp-content\/uploads\/2024\/02\/logo-valcucine.webp?wsr","width":288,"height":46,"caption":"Valcucine"},"image":{"@id":"https:\/\/www.valcucine.com\/#\/schema\/logo\/image\/"},"sameAs":["https:\/\/www.facebook.com\/valcucine\/","https:\/\/www.instagram.com\/valcucine\/","https:\/\/www.linkedin.com\/company\/valcucine"]}]}},"_links":{"self":[{"href":"https:\/\/www.valcucine.com\/es\/wp-json\/wp\/v2\/pages\/14660","targetHints":{"allow":["GET"]}}],"collection":[{"href":"https:\/\/www.valcucine.com\/es\/wp-json\/wp\/v2\/pages"}],"about":[{"href":"https:\/\/www.valcucine.com\/es\/wp-json\/wp\/v2\/types\/page"}],"author":[{"embeddable":true,"href":"https:\/\/www.valcucine.com\/es\/wp-json\/wp\/v2\/users\/1"}],"replies":[{"embeddable":true,"href":"https:\/\/www.valcucine.com\/es\/wp-json\/wp\/v2\/comments?post=14660"}],"version-history":[{"count":3,"href":"https:\/\/www.valcucine.com\/es\/wp-json\/wp\/v2\/pages\/14660\/revisions"}],"predecessor-version":[{"id":19905,"href":"https:\/\/www.valcucine.com\/es\/wp-json\/wp\/v2\/pages\/14660\/revisions\/19905"}],"up":[{"embeddable":true,"href":"https:\/\/www.valcucine.com\/es\/wp-json\/wp\/v2\/pages\/14643"}],"wp:attachment":[{"href":"https:\/\/www.valcucine.com\/es\/wp-json\/wp\/v2\/media?parent=14660"}],"curies":[{"name":"wp","href":"https:\/\/api.w.org\/{rel}","templated":true}]}}