{"id":14665,"date":"2024-03-14T08:10:54","date_gmt":"2024-03-14T08:10:54","guid":{"rendered":"https:\/\/devel.valcucine.com\/empresa\/esg\/sdg\/agire-per-il-clima\/"},"modified":"2025-06-03T06:56:12","modified_gmt":"2025-06-03T06:56:12","slug":"actuar-en-favor-del-clima","status":"publish","type":"page","link":"https:\/\/www.valcucine.com\/es\/empresa\/esg\/sdg\/actuar-en-favor-del-clima\/","title":{"rendered":"Actuar en favor del clima"},"content":{"rendered":"<div class=\"wpb-content-wrapper\"><p>[vc_row][vc_column]\n\t\t\t<!-- START agire per il clima REVOLUTION SLIDER 6.7.38 --><p class=\"rs-p-wp-fix\"><\/p>\n\t\t\t<rs-module-wrap id=\"rev_slider_223_1_wrapper\" data-source=\"gallery\" style=\"visibility:hidden;background:transparent;padding:0;margin:0px auto;margin-top:0;margin-bottom:0;\">\n\t\t\t\t<rs-module id=\"rev_slider_223_1\" style=\"\" data-version=\"6.7.38\">\n\t\t\t\t\t<rs-slides style=\"overflow: hidden; position: absolute;\">\n\t\t\t\t\t\t<rs-slide style=\"position: absolute;\" data-key=\"rs-1035\" data-title=\"Slide\" data-in=\"o:0;\" data-out=\"a:false;\">\n\t\t\t\t\t\t\t<img decoding=\"async\" src=\"\/\/www.valcucine.com\/wp-content\/plugins\/revslider\/sr6\/assets\/assets\/dummy.png\" alt=\"\" title=\"box_agireperilclima\" width=\"2000\" height=\"1000\" class=\"rev-slidebg tp-rs-img rs-lazyload\" data-lazyload=\"\/\/www.valcucine.com\/wp-content\/uploads\/2024\/08\/box_agireperilclima.jpg\" data-no-retina>\n<!---->\t\t\t\t\t<\/rs-slide>\n\t\t\t\t\t<\/rs-slides>\n\t\t\t\t<\/rs-module>\n\t\t\t\t<script>\n\t\t\t\t\tsetREVStartSize({c: 'rev_slider_223_1',rl:[1240,1024,778,480],el:[900],gw:[1240],gh:[900],type:'standard',justify:'',layout:'fullwidth',mh:\"0\"});if (window.RS_MODULES!==undefined && window.RS_MODULES.modules!==undefined && window.RS_MODULES.modules[\"revslider2231\"]!==undefined) {window.RS_MODULES.modules[\"revslider2231\"].once = false;window.revapi223 = undefined;if (window.RS_MODULES.checkMinimal!==undefined) window.RS_MODULES.checkMinimal()}\n\t\t\t\t<\/script>\n\t\t\t<\/rs-module-wrap>\n\t\t\t<!-- END REVOLUTION SLIDER -->\n[\/vc_column][\/vc_row][vc_row][vc_column]\n        \n        <h1 class=\"text-center  main__title__h1  vc_custom_1717510026919 \" style=\"color:#333333;\"> \n\n         Actuar en favor del clima\n        \n        <\/h1>[\/vc_column][\/vc_row][vc_row][vc_column][vc_column_text]Entre los Objetivos de Desarrollo Sostenible, el Objetivo 13 de la Agenda 2030 pretende reducir el impacto del cambio clim\u00e1tico. El reto de alcanzar las metas de este Objetivo es urgente y va m\u00e1s all\u00e1 de las fronteras nacionales individuales, porque solo si todos trabajamos juntos y desde ahora para luchar contra el cambio clim\u00e1tico podremos lograr resultados positivos. Valcucine lleva m\u00e1s de cuarenta a\u00f1os comprometida con el desarrollo sostenible y lo hace empezando por el dise\u00f1o, orientado a reducir la cantidad total de materiales utilizados y su impacto medioambiental. Un dise\u00f1o avalado por las certificaciones ISO14001 y FSC\u00ae y la cartograf\u00eda de producto LEED v4.1. Gracias al continuo trabajo de investigaci\u00f3n sobre los materiales y sus l\u00edmites de resistencia, Valcucine ha sido la primera empresa del mundo en presentar una renovaci\u00f3n total de los elementos que determinan la estructura de una cocina: puerta, encimera y v\u00e1stago. Los elementos, redise\u00f1ados de acuerdo con el principio de desmaterializaci\u00f3n que implica un menor uso de materias primas y un menor consumo de energ\u00eda, se reducen a lo esencial consumo de energ\u00eda, se reducen a lo esencial manteniendo su resistencia, y son parcial o totalmente reciclables.[\/vc_column_text][\/vc_column][\/vc_row][vc_row disable_element=\u00bbyes\u00bb][vc_column width=\u00bb1\/2&#8243;][vc_column_text]<strong>&#8211; 73% Materia utilizada<\/strong><br \/>\nentre un cuerpo tradicional y un cuerpo Invitrum[\/vc_column_text][vc_column_text]Puerta tradicional[\/vc_column_text][vc_column_text]Puerta Riciclantica<br \/>\n<strong>&#8211; 85% Materia utilizada<\/strong>[\/vc_column_text][\/vc_column][vc_column width=\u00bb1\/2&#8243;][vc_single_image image=\u00bb5211&#8243; img_size=\u00bb200&#215;144&#8243; alignment=\u00bbcenter\u00bb][\/vc_column][\/vc_row][vc_row][vc_column width=\u00bb1\/2&#8243;][vc_single_image image=\u00bb5203&#8243; img_size=\u00bb800&#215;473&#8243; alignment=\u00bbcenter\u00bb][\/vc_column][vc_column width=\u00bb1\/2&#8243;]\n        \n        <h3 class=\"text-start  main__title__h3  vc_custom_1717510129310 text-uppercase\" style=\"color:#333333;\"> \n\n         EDUCAR Y SENSIBILIZAR\n        \n        <\/h3>[vc_column_text]Las iniciativas de comunicaci\u00f3n y los formatos de exposici\u00f3n de Valcucine en las salas de exposici\u00f3n de todo el mundo siempre han tenido un fuerte v\u00ednculo con el tema de la sostenibilidad y se crearon con el objetivo de educar y sensibilizar al mayor n\u00famero posible de personas sobre los efectos del cambio clim\u00e1tico y c\u00f3mo se pueden mitigar.[\/vc_column_text][\/vc_column][\/vc_row][vc_row css=\u00bb.vc_custom_1710946415628{margin-bottom: 40px !important;padding-top: 50px !important;}\u00bb el_id=\u00bbpersonalizzazione\u00bb][vc_column]\n        \n        <h3 class=\"text-center  main__title__h3  vc_custom_1717510211039 text-uppercase\" style=\"color:#333333;\"> \n\n         DESCUBRE M\u00c0S\n        \n        <\/h3>[vc_separator color=\u00bbcustom\u00bb el_width=\u00bb10&#8243; accent_color=\u00bb#666666&#8243;]<div class=\"carousel__news__blockimage\" ><div class=\"\"><div class=\"main__loop__carousel__blockimage p-3 \"><a href=\"https:\/\/www.valcucine.com\/es\/empresa\/esg\/iso\/\" class=\"main__loop__carousel__blockimage__link text-decoration-none\" target=\"\" rel=\"\"><div class=\"main__loop__carousel__blockimage__image \"><div class=\"main__loop__carousel__blockimage__bkg\" style=\"background-image:url(https:\/\/www.valcucine.com\/wp-content\/uploads\/2024\/08\/ISO-e1753194464942.jpg?wsr)\"><\/div><\/div><div class=\"main__loop__carousel__blockimage__content\"><h4 class=\"main__loop__carousel__blockimage__title\">ISO<\/h4><p class=\"main__loop__carousel__blockimage__text\">Las certificaciones medioambientales ISO garantizan que la empresa cumple la legislaci\u00f3n en materia de...<\/p><span class=\"main__loop__carousel__blockimage__btn btn letter-spacing-1 text-fourth p-0 text-uppercase\">Descubre mas<\/span><\/div><\/a><\/div><\/div><div class=\"\"><div class=\"main__loop__carousel__blockimage p-3 \"><a href=\"https:\/\/www.valcucine.com\/es\/empresa\/esg\/fsc\/\" class=\"main__loop__carousel__blockimage__link text-decoration-none\" target=\"\" rel=\"\"><div class=\"main__loop__carousel__blockimage__image \"><div class=\"main__loop__carousel__blockimage__bkg\" style=\"background-image:url(https:\/\/www.valcucine.com\/wp-content\/uploads\/2024\/08\/FSC-e1753194507913.jpg?wsr)\"><\/div><\/div><div class=\"main__loop__carousel__blockimage__content\"><h4 class=\"main__loop__carousel__blockimage__title\">FSC<\/h4><p class=\"main__loop__carousel__blockimage__text\">La certificaci\u00f3n FSC garantiza que los productos proceden de bosques gestionados de forma responsable,...<\/p><span class=\"main__loop__carousel__blockimage__btn btn letter-spacing-1 text-fourth p-0 text-uppercase\">Descubre mas<\/span><\/div><\/a><\/div><\/div><div class=\"\"><div class=\"main__loop__carousel__blockimage p-3 \"><a href=\"https:\/\/www.valcucine.com\/es\/empresa\/esg\/leed-v4-1\/\" class=\"main__loop__carousel__blockimage__link text-decoration-none\" target=\"\" rel=\"\"><div class=\"main__loop__carousel__blockimage__image \"><div class=\"main__loop__carousel__blockimage__bkg\" style=\"background-image:url(https:\/\/www.valcucine.com\/wp-content\/uploads\/2024\/08\/LEED-e1753194492801.jpg?wsr)\"><\/div><\/div><div class=\"main__loop__carousel__blockimage__content\"><h4 class=\"main__loop__carousel__blockimage__title\">Mapa LEED v4.1<\/h4><p class=\"main__loop__carousel__blockimage__text\">Valcucine ha desarrollado el mapeo LEED V.4.1. Este informe proporciona la lista de comprobaci\u00f3n...<\/p><span class=\"main__loop__carousel__blockimage__btn btn letter-spacing-1 text-fourth p-0 text-uppercase\">Descubre la mapa LEED<\/span><\/div><\/a><\/div><\/div><div class=\"\"><div class=\"main__loop__carousel__blockimage p-3 \"><a href=\"https:\/\/www.valcucine.com\/es\/empresa\/esg\/future-goals\/\" class=\"main__loop__carousel__blockimage__link text-decoration-none\" target=\"\" rel=\"\"><div class=\"main__loop__carousel__blockimage__image \"><div class=\"main__loop__carousel__blockimage__bkg\" style=\"background-image:url(https:\/\/www.valcucine.com\/wp-content\/uploads\/2024\/08\/GOALS-e1753194644973.jpg?wsr)\"><\/div><\/div><div class=\"main__loop__carousel__blockimage__content\"><h4 class=\"main__loop__carousel__blockimage__title\">Future Goals<\/h4><p class=\"main__loop__carousel__blockimage__text\">Adem\u00e1s de los Objetivos dw Desarrollo Sostenible (ODS), hemos fijado nuevos objetivos ESG (medioambientales,...<\/p><span class=\"main__loop__carousel__blockimage__btn btn letter-spacing-1 text-fourth p-0 text-uppercase\">Descubre mas<\/span><\/div><\/a><\/div><\/div><\/div>\n            <script>\n            jQuery(function () {\n                \n                \n                jQuery('.carousel__news__blockimage').slick({\n                  infinite: true,\n                    slidesToShow: 1,\n                    slidesToScroll: 1,\n                    autoplaySpeed: 8000,\n                    centerPadding: '0px',\n                    mobileFirst: true,\n                    arrows: true,\n                    autoplay: true,\n                    prevArrow: '<div class=\\'corousel__arrow corousel__next\\'><i class=\\'fal fa-chevron-left\\'><\/i><\/div>',\n                    nextArrow: '<div class=\\'corousel__arrow corousel__prev\\'><i class=\\'fal fa-chevron-right\\'><\/i><\/div>',\n              responsive: [\n                {\n                  breakpoint: 768,\n                  settings: {\n                    slidesToShow: 3,\n                    slidesToScroll: 1,\n                  }\n                },\n                 {\n                  breakpoint: 995,\n                  settings: {\n                    slidesToShow: 4,\n                    slidesToScroll: 1,\n                  }\n                },\n                ]\n              \n                });\n            });\n            <\/script>\n            [\/vc_column][\/vc_row]<\/p>\n<\/div>","protected":false},"excerpt":{"rendered":"<p>[vc_row][vc_column][\/vc_column][\/vc_row][vc_row][vc_column][\/vc_column][\/vc_row][vc_row][vc_column][vc_column_text]Entre los Objetivos de Desarrollo Sostenible, el Objetivo 13 de la Agenda 2030 pretende reducir el impacto del cambio clim\u00e1tico. El reto de alcanzar las metas de este Objetivo es urgente y va m\u00e1s all\u00e1 de las fronteras nacionales individuales, porque solo si todos trabajamos juntos y desde ahora para luchar contra el cambio clim\u00e1tico [&hellip;]<\/p>\n","protected":false},"author":1,"featured_media":0,"parent":14643,"menu_order":0,"comment_status":"closed","ping_status":"closed","template":"","meta":{"footnotes":""},"class_list":["post-14665","page","type-page","status-publish","hentry"],"yoast_head":"<!-- This site is optimized with the Yoast SEO plugin v26.2 - https:\/\/yoast.com\/wordpress\/plugins\/seo\/ -->\n<title>Actuar en favor del clima - Valcucine<\/title>\n<meta name=\"robots\" content=\"index, follow, max-snippet:-1, max-image-preview:large, max-video-preview:-1\" \/>\n<link rel=\"canonical\" href=\"https:\/\/www.valcucine.com\/es\/empresa\/esg\/sdg\/actuar-en-favor-del-clima\/\" \/>\n<meta property=\"og:locale\" content=\"es_ES\" \/>\n<meta property=\"og:type\" content=\"article\" \/>\n<meta property=\"og:title\" content=\"Actuar en favor del clima - Valcucine\" \/>\n<meta property=\"og:description\" content=\"[vc_row][vc_column][\/vc_column][\/vc_row][vc_row][vc_column][\/vc_column][\/vc_row][vc_row][vc_column][vc_column_text]Entre los Objetivos de Desarrollo Sostenible, el Objetivo 13 de la Agenda 2030 pretende reducir el impacto del cambio clim\u00e1tico. El reto de alcanzar las metas de este Objetivo es urgente y va m\u00e1s all\u00e1 de las fronteras nacionales individuales, porque solo si todos trabajamos juntos y desde ahora para luchar contra el cambio clim\u00e1tico [&hellip;]\" \/>\n<meta property=\"og:url\" content=\"https:\/\/www.valcucine.com\/es\/empresa\/esg\/sdg\/actuar-en-favor-del-clima\/\" \/>\n<meta property=\"og:site_name\" content=\"Valcucine\" \/>\n<meta property=\"article:publisher\" content=\"https:\/\/www.facebook.com\/valcucine\/\" \/>\n<meta property=\"article:modified_time\" content=\"2025-06-03T06:56:12+00:00\" \/>\n<meta name=\"twitter:card\" content=\"summary_large_image\" \/>\n<meta name=\"twitter:label1\" content=\"Tiempo de lectura\" \/>\n\t<meta name=\"twitter:data1\" content=\"4 minutos\" \/>\n<script type=\"application\/ld+json\" class=\"yoast-schema-graph\">{\"@context\":\"https:\/\/schema.org\",\"@graph\":[{\"@type\":\"WebPage\",\"@id\":\"https:\/\/www.valcucine.com\/es\/empresa\/esg\/sdg\/actuar-en-favor-del-clima\/\",\"url\":\"https:\/\/www.valcucine.com\/es\/empresa\/esg\/sdg\/actuar-en-favor-del-clima\/\",\"name\":\"Actuar en favor del clima - Valcucine\",\"isPartOf\":{\"@id\":\"https:\/\/www.valcucine.com\/#website\"},\"datePublished\":\"2024-03-14T08:10:54+00:00\",\"dateModified\":\"2025-06-03T06:56:12+00:00\",\"breadcrumb\":{\"@id\":\"https:\/\/www.valcucine.com\/es\/empresa\/esg\/sdg\/actuar-en-favor-del-clima\/#breadcrumb\"},\"inLanguage\":\"es\",\"potentialAction\":[{\"@type\":\"ReadAction\",\"target\":[\"https:\/\/www.valcucine.com\/es\/empresa\/esg\/sdg\/actuar-en-favor-del-clima\/\"]}]},{\"@type\":\"BreadcrumbList\",\"@id\":\"https:\/\/www.valcucine.com\/es\/empresa\/esg\/sdg\/actuar-en-favor-del-clima\/#breadcrumb\",\"itemListElement\":[{\"@type\":\"ListItem\",\"position\":1,\"name\":\"Valcucine\",\"item\":\"https:\/\/www.valcucine.com\/es\/\"},{\"@type\":\"ListItem\",\"position\":2,\"name\":\"Empresa\",\"item\":\"https:\/\/www.valcucine.com\/es\/empresa\/\"},{\"@type\":\"ListItem\",\"position\":3,\"name\":\"ESG\",\"item\":\"https:\/\/www.valcucine.com\/es\/empresa\/esg\/\"},{\"@type\":\"ListItem\",\"position\":4,\"name\":\"SDG\",\"item\":\"https:\/\/www.valcucine.com\/es\/empresa\/esg\/sdg\/\"},{\"@type\":\"ListItem\",\"position\":5,\"name\":\"Actuar en favor del clima\"}]},{\"@type\":\"WebSite\",\"@id\":\"https:\/\/www.valcucine.com\/#website\",\"url\":\"https:\/\/www.valcucine.com\/\",\"name\":\"Valcucine\",\"description\":\"\",\"publisher\":{\"@id\":\"https:\/\/www.valcucine.com\/#organization\"},\"potentialAction\":[{\"@type\":\"SearchAction\",\"target\":{\"@type\":\"EntryPoint\",\"urlTemplate\":\"https:\/\/www.valcucine.com\/?s={search_term_string}\"},\"query-input\":{\"@type\":\"PropertyValueSpecification\",\"valueRequired\":true,\"valueName\":\"search_term_string\"}}],\"inLanguage\":\"es\"},{\"@type\":\"Organization\",\"@id\":\"https:\/\/www.valcucine.com\/#organization\",\"name\":\"Valcucine\",\"url\":\"https:\/\/www.valcucine.com\/\",\"logo\":{\"@type\":\"ImageObject\",\"inLanguage\":\"es\",\"@id\":\"https:\/\/www.valcucine.com\/#\/schema\/logo\/image\/\",\"url\":\"https:\/\/www.valcucine.com\/wp-content\/uploads\/2024\/02\/logo-valcucine.webp?wsr\",\"contentUrl\":\"https:\/\/www.valcucine.com\/wp-content\/uploads\/2024\/02\/logo-valcucine.webp?wsr\",\"width\":288,\"height\":46,\"caption\":\"Valcucine\"},\"image\":{\"@id\":\"https:\/\/www.valcucine.com\/#\/schema\/logo\/image\/\"},\"sameAs\":[\"https:\/\/www.facebook.com\/valcucine\/\",\"https:\/\/www.instagram.com\/valcucine\/\",\"https:\/\/www.linkedin.com\/company\/valcucine\"]}]}<\/script>\n<!-- \/ Yoast SEO plugin. -->","yoast_head_json":{"title":"Actuar en favor del clima - Valcucine","robots":{"index":"index","follow":"follow","max-snippet":"max-snippet:-1","max-image-preview":"max-image-preview:large","max-video-preview":"max-video-preview:-1"},"canonical":"https:\/\/www.valcucine.com\/es\/empresa\/esg\/sdg\/actuar-en-favor-del-clima\/","og_locale":"es_ES","og_type":"article","og_title":"Actuar en favor del clima - Valcucine","og_description":"[vc_row][vc_column][\/vc_column][\/vc_row][vc_row][vc_column][\/vc_column][\/vc_row][vc_row][vc_column][vc_column_text]Entre los Objetivos de Desarrollo Sostenible, el Objetivo 13 de la Agenda 2030 pretende reducir el impacto del cambio clim\u00e1tico. El reto de alcanzar las metas de este Objetivo es urgente y va m\u00e1s all\u00e1 de las fronteras nacionales individuales, porque solo si todos trabajamos juntos y desde ahora para luchar contra el cambio clim\u00e1tico [&hellip;]","og_url":"https:\/\/www.valcucine.com\/es\/empresa\/esg\/sdg\/actuar-en-favor-del-clima\/","og_site_name":"Valcucine","article_publisher":"https:\/\/www.facebook.com\/valcucine\/","article_modified_time":"2025-06-03T06:56:12+00:00","twitter_card":"summary_large_image","twitter_misc":{"Tiempo de lectura":"4 minutos"},"schema":{"@context":"https:\/\/schema.org","@graph":[{"@type":"WebPage","@id":"https:\/\/www.valcucine.com\/es\/empresa\/esg\/sdg\/actuar-en-favor-del-clima\/","url":"https:\/\/www.valcucine.com\/es\/empresa\/esg\/sdg\/actuar-en-favor-del-clima\/","name":"Actuar en favor del clima - Valcucine","isPartOf":{"@id":"https:\/\/www.valcucine.com\/#website"},"datePublished":"2024-03-14T08:10:54+00:00","dateModified":"2025-06-03T06:56:12+00:00","breadcrumb":{"@id":"https:\/\/www.valcucine.com\/es\/empresa\/esg\/sdg\/actuar-en-favor-del-clima\/#breadcrumb"},"inLanguage":"es","potentialAction":[{"@type":"ReadAction","target":["https:\/\/www.valcucine.com\/es\/empresa\/esg\/sdg\/actuar-en-favor-del-clima\/"]}]},{"@type":"BreadcrumbList","@id":"https:\/\/www.valcucine.com\/es\/empresa\/esg\/sdg\/actuar-en-favor-del-clima\/#breadcrumb","itemListElement":[{"@type":"ListItem","position":1,"name":"Valcucine","item":"https:\/\/www.valcucine.com\/es\/"},{"@type":"ListItem","position":2,"name":"Empresa","item":"https:\/\/www.valcucine.com\/es\/empresa\/"},{"@type":"ListItem","position":3,"name":"ESG","item":"https:\/\/www.valcucine.com\/es\/empresa\/esg\/"},{"@type":"ListItem","position":4,"name":"SDG","item":"https:\/\/www.valcucine.com\/es\/empresa\/esg\/sdg\/"},{"@type":"ListItem","position":5,"name":"Actuar en favor del clima"}]},{"@type":"WebSite","@id":"https:\/\/www.valcucine.com\/#website","url":"https:\/\/www.valcucine.com\/","name":"Valcucine","description":"","publisher":{"@id":"https:\/\/www.valcucine.com\/#organization"},"potentialAction":[{"@type":"SearchAction","target":{"@type":"EntryPoint","urlTemplate":"https:\/\/www.valcucine.com\/?s={search_term_string}"},"query-input":{"@type":"PropertyValueSpecification","valueRequired":true,"valueName":"search_term_string"}}],"inLanguage":"es"},{"@type":"Organization","@id":"https:\/\/www.valcucine.com\/#organization","name":"Valcucine","url":"https:\/\/www.valcucine.com\/","logo":{"@type":"ImageObject","inLanguage":"es","@id":"https:\/\/www.valcucine.com\/#\/schema\/logo\/image\/","url":"https:\/\/www.valcucine.com\/wp-content\/uploads\/2024\/02\/logo-valcucine.webp?wsr","contentUrl":"https:\/\/www.valcucine.com\/wp-content\/uploads\/2024\/02\/logo-valcucine.webp?wsr","width":288,"height":46,"caption":"Valcucine"},"image":{"@id":"https:\/\/www.valcucine.com\/#\/schema\/logo\/image\/"},"sameAs":["https:\/\/www.facebook.com\/valcucine\/","https:\/\/www.instagram.com\/valcucine\/","https:\/\/www.linkedin.com\/company\/valcucine"]}]}},"_links":{"self":[{"href":"https:\/\/www.valcucine.com\/es\/wp-json\/wp\/v2\/pages\/14665","targetHints":{"allow":["GET"]}}],"collection":[{"href":"https:\/\/www.valcucine.com\/es\/wp-json\/wp\/v2\/pages"}],"about":[{"href":"https:\/\/www.valcucine.com\/es\/wp-json\/wp\/v2\/types\/page"}],"author":[{"embeddable":true,"href":"https:\/\/www.valcucine.com\/es\/wp-json\/wp\/v2\/users\/1"}],"replies":[{"embeddable":true,"href":"https:\/\/www.valcucine.com\/es\/wp-json\/wp\/v2\/comments?post=14665"}],"version-history":[{"count":9,"href":"https:\/\/www.valcucine.com\/es\/wp-json\/wp\/v2\/pages\/14665\/revisions"}],"predecessor-version":[{"id":46199,"href":"https:\/\/www.valcucine.com\/es\/wp-json\/wp\/v2\/pages\/14665\/revisions\/46199"}],"up":[{"embeddable":true,"href":"https:\/\/www.valcucine.com\/es\/wp-json\/wp\/v2\/pages\/14643"}],"wp:attachment":[{"href":"https:\/\/www.valcucine.com\/es\/wp-json\/wp\/v2\/media?parent=14665"}],"curies":[{"name":"wp","href":"https:\/\/api.w.org\/{rel}","templated":true}]}}