{"id":14680,"date":"2024-03-15T08:19:45","date_gmt":"2024-03-15T08:19:45","guid":{"rendered":"https:\/\/devel.valcucine.com\/accessori\/"},"modified":"2025-06-04T13:35:34","modified_gmt":"2025-06-04T13:35:34","slug":"accesorios","status":"publish","type":"page","link":"https:\/\/www.valcucine.com\/es\/accesorios\/","title":{"rendered":"Accesorios"},"content":{"rendered":"<div class=\"wpb-content-wrapper\"><p>[vc_row css=\u00bb.vc_custom_1709739912507{padding-top: 40px !important;padding-bottom: 40px !important;}\u00bb][vc_column]\n        \n        <h1 class=\"text-center  main__title__h1  \" style=\"color:#333333;\"> \n\n         Accesorios\n        \n        <\/h1>[\/vc_column][\/vc_row][vc_row][vc_column css=\u00bb.vc_custom_1710771304167{padding-bottom: 20px !important;}\u00bb]\n        \n        <h2 class=\"text-center  main__title__h2  \" style=\"color:#333333;\"> \n\n         Pensados con ingenio\n        \n        <\/h2>[\/vc_column][\/vc_row][vc_row][vc_column][vc_column_text]Los accesorios Valcucine nacen de la b\u00fasqueda continua de la funcionalidad, dise\u00f1ados en detalle para satisfacer mejor las diversas necesidades y garantizar la m\u00e1xima eficiencia en las diversas \u00e1reas de uso. Soluciones inteligentes y est\u00e9ticamente elegantes que acompa\u00f1an el ritual de cocinar, simplificando el trabajo diario en la cocina. Se crea un ambiente ordenado, racional y fluido, en l\u00ednea con la filosof\u00eda de dise\u00f1o de Valcucine seg\u00fan la cual \u201ctodo est\u00e1 a la mano, todo est\u00e1 en orden en un instante\u201d.[\/vc_column_text][\/vc_column][\/vc_row][vc_row][vc_column][vc_separator color=\u00bbcustom\u00bb el_width=\u00bb10&#8243; accent_color=\u00bb#666666&#8243;][\/vc_column][\/vc_row][vc_row css=\u00bb.vc_custom_1710778288217{margin-bottom: 40px !important;}\u00bb][vc_column width=\u00bb1\/3&#8243;]<div class=\"block__img__hover\"><a href=\"https:\/\/www.valcucine.com\/es\/accesorios\/accessori\/\" target=\"\" rel=\"\" style=\"background-image:url(https:\/\/www.valcucine.com\/wp-content\/uploads\/2024\/03\/316_artematica_logica-theca_valcucine-special-elements-modern-kitchens.webp?wsr)\"><img src='https:\/\/www.valcucine.com\/wp-content\/uploads\/2024\/03\/316_artematica_logica-theca_valcucine-special-elements-modern-kitchens.webp?wsr' alt='' style='display:none'><h4>Accesorios Logica Theca<\/h4><\/a><\/div>[\/vc_column][vc_column width=\u00bb1\/3&#8243;]<div class=\"block__img__hover\"><a href=\"https:\/\/www.valcucine.com\/es\/accesorios\/accessori-cassetti-e-cestoni\/\" target=\"\" rel=\"\" style=\"background-image:url(https:\/\/www.valcucine.com\/wp-content\/uploads\/2024\/03\/507_accessori-cassetti-e-cassettoni.webp?wsr)\"><img src='https:\/\/www.valcucine.com\/wp-content\/uploads\/2024\/03\/507_accessori-cassetti-e-cassettoni.webp?wsr' alt='' style='display:none'><h4>Accesorios cajones y gavetas<\/h4><\/a><\/div>[\/vc_column][vc_column width=\u00bb1\/3&#8243;]<div class=\"block__img__hover\"><a href=\"https:\/\/www.valcucine.com\/es\/accesorios\/accessori-ponte-attrezzato\/\" target=\"\" rel=\"\" style=\"background-image:url(https:\/\/www.valcucine.com\/wp-content\/uploads\/2024\/03\/320_1188_826_genius-loci_0437.webp?wsr)\"><img src='https:\/\/www.valcucine.com\/wp-content\/uploads\/2024\/03\/320_1188_826_genius-loci_0437.webp?wsr' alt='' style='display:none'><h4>Acesorios puente equipado<\/h4><\/a><\/div>[\/vc_column][\/vc_row]<\/p>\n<\/div>","protected":false},"excerpt":{"rendered":"<p>[vc_row css=\u00bb.vc_custom_1709739912507{padding-top: 40px !important;padding-bottom: 40px !important;}\u00bb][vc_column][\/vc_column][\/vc_row][vc_row][vc_column css=\u00bb.vc_custom_1710771304167{padding-bottom: 20px !important;}\u00bb][\/vc_column][\/vc_row][vc_row][vc_column][vc_column_text]Los accesorios Valcucine nacen de la b\u00fasqueda continua de la funcionalidad, dise\u00f1ados en detalle para satisfacer mejor las diversas necesidades y garantizar la m\u00e1xima eficiencia en las diversas \u00e1reas de uso. Soluciones inteligentes y est\u00e9ticamente elegantes que acompa\u00f1an el ritual de cocinar, simplificando el trabajo diario en [&hellip;]<\/p>\n","protected":false},"author":1,"featured_media":0,"parent":0,"menu_order":0,"comment_status":"closed","ping_status":"closed","template":"","meta":{"footnotes":""},"class_list":["post-14680","page","type-page","status-publish","hentry"],"yoast_head":"<!-- This site is optimized with the Yoast SEO plugin v26.2 - https:\/\/yoast.com\/wordpress\/plugins\/seo\/ -->\n<title>Accesorios - Valcucine<\/title>\n<meta name=\"description\" content=\"Descubre los accesorios de cocina de Valcucine, dise\u00f1ados para mejorar la funcionalidad y el dise\u00f1o del espacio culinario.\" \/>\n<meta name=\"robots\" content=\"index, follow, max-snippet:-1, max-image-preview:large, max-video-preview:-1\" \/>\n<link rel=\"canonical\" href=\"https:\/\/www.valcucine.com\/es\/accesorios\/\" \/>\n<meta property=\"og:locale\" content=\"es_ES\" \/>\n<meta property=\"og:type\" content=\"article\" \/>\n<meta property=\"og:title\" content=\"Accesorios - Valcucine\" \/>\n<meta property=\"og:description\" content=\"Descubre los accesorios de cocina de Valcucine, dise\u00f1ados para mejorar la funcionalidad y el dise\u00f1o del espacio culinario.\" \/>\n<meta property=\"og:url\" content=\"https:\/\/www.valcucine.com\/es\/accesorios\/\" \/>\n<meta property=\"og:site_name\" content=\"Valcucine\" \/>\n<meta property=\"article:publisher\" content=\"https:\/\/www.facebook.com\/valcucine\/\" \/>\n<meta property=\"article:modified_time\" content=\"2025-06-04T13:35:34+00:00\" \/>\n<meta name=\"twitter:card\" content=\"summary_large_image\" \/>\n<meta name=\"twitter:label1\" content=\"Tiempo de lectura\" \/>\n\t<meta name=\"twitter:data1\" content=\"1 minuto\" \/>\n<script type=\"application\/ld+json\" class=\"yoast-schema-graph\">{\"@context\":\"https:\/\/schema.org\",\"@graph\":[{\"@type\":\"WebPage\",\"@id\":\"https:\/\/www.valcucine.com\/es\/accesorios\/\",\"url\":\"https:\/\/www.valcucine.com\/es\/accesorios\/\",\"name\":\"Accesorios - Valcucine\",\"isPartOf\":{\"@id\":\"https:\/\/www.valcucine.com\/#website\"},\"datePublished\":\"2024-03-15T08:19:45+00:00\",\"dateModified\":\"2025-06-04T13:35:34+00:00\",\"description\":\"Descubre los accesorios de cocina de Valcucine, dise\u00f1ados para mejorar la funcionalidad y el dise\u00f1o del espacio culinario.\",\"breadcrumb\":{\"@id\":\"https:\/\/www.valcucine.com\/es\/accesorios\/#breadcrumb\"},\"inLanguage\":\"es\",\"potentialAction\":[{\"@type\":\"ReadAction\",\"target\":[\"https:\/\/www.valcucine.com\/es\/accesorios\/\"]}]},{\"@type\":\"BreadcrumbList\",\"@id\":\"https:\/\/www.valcucine.com\/es\/accesorios\/#breadcrumb\",\"itemListElement\":[{\"@type\":\"ListItem\",\"position\":1,\"name\":\"Valcucine\",\"item\":\"https:\/\/www.valcucine.com\/es\/\"},{\"@type\":\"ListItem\",\"position\":2,\"name\":\"Accesorios\"}]},{\"@type\":\"WebSite\",\"@id\":\"https:\/\/www.valcucine.com\/#website\",\"url\":\"https:\/\/www.valcucine.com\/\",\"name\":\"Valcucine\",\"description\":\"\",\"publisher\":{\"@id\":\"https:\/\/www.valcucine.com\/#organization\"},\"potentialAction\":[{\"@type\":\"SearchAction\",\"target\":{\"@type\":\"EntryPoint\",\"urlTemplate\":\"https:\/\/www.valcucine.com\/?s={search_term_string}\"},\"query-input\":{\"@type\":\"PropertyValueSpecification\",\"valueRequired\":true,\"valueName\":\"search_term_string\"}}],\"inLanguage\":\"es\"},{\"@type\":\"Organization\",\"@id\":\"https:\/\/www.valcucine.com\/#organization\",\"name\":\"Valcucine\",\"url\":\"https:\/\/www.valcucine.com\/\",\"logo\":{\"@type\":\"ImageObject\",\"inLanguage\":\"es\",\"@id\":\"https:\/\/www.valcucine.com\/#\/schema\/logo\/image\/\",\"url\":\"https:\/\/www.valcucine.com\/wp-content\/uploads\/2024\/02\/logo-valcucine.webp?wsr\",\"contentUrl\":\"https:\/\/www.valcucine.com\/wp-content\/uploads\/2024\/02\/logo-valcucine.webp?wsr\",\"width\":288,\"height\":46,\"caption\":\"Valcucine\"},\"image\":{\"@id\":\"https:\/\/www.valcucine.com\/#\/schema\/logo\/image\/\"},\"sameAs\":[\"https:\/\/www.facebook.com\/valcucine\/\",\"https:\/\/www.instagram.com\/valcucine\/\",\"https:\/\/www.linkedin.com\/company\/valcucine\"]}]}<\/script>\n<!-- \/ Yoast SEO plugin. -->","yoast_head_json":{"title":"Accesorios - Valcucine","description":"Descubre los accesorios de cocina de Valcucine, dise\u00f1ados para mejorar la funcionalidad y el dise\u00f1o del espacio culinario.","robots":{"index":"index","follow":"follow","max-snippet":"max-snippet:-1","max-image-preview":"max-image-preview:large","max-video-preview":"max-video-preview:-1"},"canonical":"https:\/\/www.valcucine.com\/es\/accesorios\/","og_locale":"es_ES","og_type":"article","og_title":"Accesorios - Valcucine","og_description":"Descubre los accesorios de cocina de Valcucine, dise\u00f1ados para mejorar la funcionalidad y el dise\u00f1o del espacio culinario.","og_url":"https:\/\/www.valcucine.com\/es\/accesorios\/","og_site_name":"Valcucine","article_publisher":"https:\/\/www.facebook.com\/valcucine\/","article_modified_time":"2025-06-04T13:35:34+00:00","twitter_card":"summary_large_image","twitter_misc":{"Tiempo de lectura":"1 minuto"},"schema":{"@context":"https:\/\/schema.org","@graph":[{"@type":"WebPage","@id":"https:\/\/www.valcucine.com\/es\/accesorios\/","url":"https:\/\/www.valcucine.com\/es\/accesorios\/","name":"Accesorios - Valcucine","isPartOf":{"@id":"https:\/\/www.valcucine.com\/#website"},"datePublished":"2024-03-15T08:19:45+00:00","dateModified":"2025-06-04T13:35:34+00:00","description":"Descubre los accesorios de cocina de Valcucine, dise\u00f1ados para mejorar la funcionalidad y el dise\u00f1o del espacio culinario.","breadcrumb":{"@id":"https:\/\/www.valcucine.com\/es\/accesorios\/#breadcrumb"},"inLanguage":"es","potentialAction":[{"@type":"ReadAction","target":["https:\/\/www.valcucine.com\/es\/accesorios\/"]}]},{"@type":"BreadcrumbList","@id":"https:\/\/www.valcucine.com\/es\/accesorios\/#breadcrumb","itemListElement":[{"@type":"ListItem","position":1,"name":"Valcucine","item":"https:\/\/www.valcucine.com\/es\/"},{"@type":"ListItem","position":2,"name":"Accesorios"}]},{"@type":"WebSite","@id":"https:\/\/www.valcucine.com\/#website","url":"https:\/\/www.valcucine.com\/","name":"Valcucine","description":"","publisher":{"@id":"https:\/\/www.valcucine.com\/#organization"},"potentialAction":[{"@type":"SearchAction","target":{"@type":"EntryPoint","urlTemplate":"https:\/\/www.valcucine.com\/?s={search_term_string}"},"query-input":{"@type":"PropertyValueSpecification","valueRequired":true,"valueName":"search_term_string"}}],"inLanguage":"es"},{"@type":"Organization","@id":"https:\/\/www.valcucine.com\/#organization","name":"Valcucine","url":"https:\/\/www.valcucine.com\/","logo":{"@type":"ImageObject","inLanguage":"es","@id":"https:\/\/www.valcucine.com\/#\/schema\/logo\/image\/","url":"https:\/\/www.valcucine.com\/wp-content\/uploads\/2024\/02\/logo-valcucine.webp?wsr","contentUrl":"https:\/\/www.valcucine.com\/wp-content\/uploads\/2024\/02\/logo-valcucine.webp?wsr","width":288,"height":46,"caption":"Valcucine"},"image":{"@id":"https:\/\/www.valcucine.com\/#\/schema\/logo\/image\/"},"sameAs":["https:\/\/www.facebook.com\/valcucine\/","https:\/\/www.instagram.com\/valcucine\/","https:\/\/www.linkedin.com\/company\/valcucine"]}]}},"_links":{"self":[{"href":"https:\/\/www.valcucine.com\/es\/wp-json\/wp\/v2\/pages\/14680","targetHints":{"allow":["GET"]}}],"collection":[{"href":"https:\/\/www.valcucine.com\/es\/wp-json\/wp\/v2\/pages"}],"about":[{"href":"https:\/\/www.valcucine.com\/es\/wp-json\/wp\/v2\/types\/page"}],"author":[{"embeddable":true,"href":"https:\/\/www.valcucine.com\/es\/wp-json\/wp\/v2\/users\/1"}],"replies":[{"embeddable":true,"href":"https:\/\/www.valcucine.com\/es\/wp-json\/wp\/v2\/comments?post=14680"}],"version-history":[{"count":5,"href":"https:\/\/www.valcucine.com\/es\/wp-json\/wp\/v2\/pages\/14680\/revisions"}],"predecessor-version":[{"id":14783,"href":"https:\/\/www.valcucine.com\/es\/wp-json\/wp\/v2\/pages\/14680\/revisions\/14783"}],"wp:attachment":[{"href":"https:\/\/www.valcucine.com\/es\/wp-json\/wp\/v2\/media?parent=14680"}],"curies":[{"name":"wp","href":"https:\/\/api.w.org\/{rel}","templated":true}]}}