{"id":14787,"date":"2024-03-18T11:03:11","date_gmt":"2024-03-18T11:03:11","guid":{"rendered":"https:\/\/devel.valcucine.com\/elementos-caractersticos\/la-tecnologia-dellanta\/"},"modified":"2024-06-05T06:59:07","modified_gmt":"2024-06-05T06:59:07","slug":"la-tecnologa-de-la-puerta","status":"publish","type":"page","link":"https:\/\/www.valcucine.com\/es\/elementos-caractersticos\/la-tecnologa-de-la-puerta\/","title":{"rendered":"\u200bLa tecnolog\u00eda de la puerta"},"content":{"rendered":"<div class=\"wpb-content-wrapper\"><p>[vc_row][vc_column]\n\t\t\t<!-- START La tecnologia dell&#039;anta REVOLUTION SLIDER 6.7.38 --><p class=\"rs-p-wp-fix\"><\/p>\n\t\t\t<rs-module-wrap id=\"rev_slider_28_1_wrapper\" data-source=\"gallery\" style=\"visibility:hidden;background:transparent;padding:0;\">\n\t\t\t\t<rs-module id=\"rev_slider_28_1\" style=\"\" data-version=\"6.7.38\">\n\t\t\t\t\t<rs-slides style=\"overflow: hidden; position: absolute;\">\n\t\t\t\t\t\t<rs-slide style=\"position: absolute;\" data-key=\"rs-164\" data-title=\"Slide\" data-thumb=\"\/\/www.valcucine.com\/wp-content\/uploads\/2024\/03\/2204_valcucine_0063_artematica_soft_outline-50x100.webp\" data-in=\"o:0;\" data-out=\"a:false;\">\n\t\t\t\t\t\t\t<img decoding=\"async\" src=\"\/\/www.valcucine.com\/wp-content\/plugins\/revslider\/sr6\/assets\/assets\/dummy.png\" alt=\"cucine sostenibili\" title=\"2204_valcucine_0063_artematica_soft_outline\" width=\"1878\" height=\"1200\" class=\"rev-slidebg tp-rs-img rs-lazyload\" data-lazyload=\"\/\/www.valcucine.com\/wp-content\/uploads\/2024\/03\/2204_valcucine_0063_artematica_soft_outline.webp\" data-no-retina>\n<!---->\t\t\t\t\t<\/rs-slide>\n\t\t\t\t\t\t<rs-slide style=\"position: absolute;\" data-key=\"rs-165\" data-title=\"Slide\" data-thumb=\"\/\/www.valcucine.com\/wp-content\/uploads\/2024\/03\/2295_valcucine_luxury_kitchens_innovation-50x100.webp\" data-in=\"o:0;\" data-out=\"a:false;\">\n\t\t\t\t\t\t\t<img decoding=\"async\" src=\"\/\/www.valcucine.com\/wp-content\/plugins\/revslider\/sr6\/assets\/assets\/dummy.png\" alt=\"\" title=\"2295_valcucine_luxury_kitchens_innovation\" width=\"2400\" height=\"1200\" class=\"rev-slidebg tp-rs-img rs-lazyload\" data-lazyload=\"\/\/www.valcucine.com\/wp-content\/uploads\/2024\/03\/2295_valcucine_luxury_kitchens_innovation.webp\" data-no-retina>\n<!---->\t\t\t\t\t<\/rs-slide>\n\t\t\t\t\t<\/rs-slides>\n\t\t\t\t\t<rs-static-layers><!--\n\n\t\t\t\t\t\t\t--><rs-layer\n\t\t\t\t\t\t\t\tid=\"slider-28-slide-27-layer-12\" \n\t\t\t\t\t\t\t\tclass=\"play-button rs-svg rs-layer-static\"\n\t\t\t\t\t\t\t\tdata-type=\"svg\"\n\t\t\t\t\t\t\t\tdata-rsp_ch=\"on\"\n\t\t\t\t\t\t\t\tdata-xy=\"xo:20px;y:b;yo:20px;\"\n\t\t\t\t\t\t\t\tdata-text=\"w:normal;s:20,20,20,7;l:0,0,0,9;\"\n\t\t\t\t\t\t\t\tdata-dim=\"w:20px,20px,20px,30px;h:20px,20px,20px,30px;\"\n\t\t\t\t\t\t\t\tdata-actions='o:click;a:playslider;'\n\t\t\t\t\t\t\t\tdata-svg_src=\"\/\/www.valcucine.com\/wp-content\/uploads\/revslider\/svg\/objects\/svgcustom\/circle-play.svg\"\n\t\t\t\t\t\t\t\tdata-svgi=\"oc:t;\"\n\t\t\t\t\t\t\t\tdata-basealign=\"slide\"\n\t\t\t\t\t\t\t\tdata-onslides=\"s:1;\"\n\t\t\t\t\t\t\t\tdata-frame_999=\"o:0;st:w;\"\n\t\t\t\t\t\t\t\tstyle=\"z-index:7;font-family:'Roboto';\"\n\t\t\t\t\t\t\t> \n\t\t\t\t\t\t\t<\/rs-layer><!--\n\n\t\t\t\t\t\t\t--><rs-layer\n\t\t\t\t\t\t\t\tid=\"slider-28-slide-27-layer-13\" \n\t\t\t\t\t\t\t\tclass=\"pause-button current-slider rs-svg rs-layer-static\"\n\t\t\t\t\t\t\t\tdata-type=\"svg\"\n\t\t\t\t\t\t\t\tdata-rsp_ch=\"on\"\n\t\t\t\t\t\t\t\tdata-xy=\"xo:20px;y:b;yo:20px;\"\n\t\t\t\t\t\t\t\tdata-text=\"w:normal;s:20,20,20,7;l:0,0,0,9;\"\n\t\t\t\t\t\t\t\tdata-dim=\"w:20px,20px,20px,30px;h:20px,20px,20px,30px;\"\n\t\t\t\t\t\t\t\tdata-actions='o:click;a:pauseslider;'\n\t\t\t\t\t\t\t\tdata-svg_src=\"\/\/www.valcucine.com\/wp-content\/uploads\/revslider\/svg\/objects\/svgcustom\/circle-pause.svg\"\n\t\t\t\t\t\t\t\tdata-svgi=\"oc:t;\"\n\t\t\t\t\t\t\t\tdata-basealign=\"slide\"\n\t\t\t\t\t\t\t\tdata-onslides=\"s:1;\"\n\t\t\t\t\t\t\t\tdata-frame_999=\"o:0;st:w;\"\n\t\t\t\t\t\t\t\tstyle=\"z-index:8;font-family:'Roboto';\"\n\t\t\t\t\t\t\t> \n\t\t\t\t\t\t\t<\/rs-layer><!--\n\t\t\t\t\t--><\/rs-static-layers>\n\t\t\t\t<\/rs-module>\n\t\t\t\t<script>\n\t\t\t\t\tsetREVStartSize({c: 'rev_slider_28_1',rl:[1240,1240,1240,480],el:[568.984,568.984,568.984,480],gw:[1240,1240,1240,480],gh:[569,569,569,480],type:'standard',justify:'',layout:'fullscreen',offsetContainer:'#slider__height',offset:'0px',mh:\"0\"});if (window.RS_MODULES!==undefined && window.RS_MODULES.modules!==undefined && window.RS_MODULES.modules[\"revslider281\"]!==undefined) {window.RS_MODULES.modules[\"revslider281\"].once = false;window.revapi28 = undefined;if (window.RS_MODULES.checkMinimal!==undefined) window.RS_MODULES.checkMinimal()}\n\t\t\t\t<\/script>\n\t\t\t<\/rs-module-wrap>\n\t\t\t<!-- END REVOLUTION SLIDER -->\n[\/vc_column][\/vc_row][vc_row el_class=\u00bbpt-6&#8243; css=\u00bb.vc_custom_1709741038744{padding-top: 40px !important;}\u00bb][vc_column]\n        \n        <h1 class=\"text-center  main__title__h1  vc_custom_1717570691018 \" style=\"color:#333333;\"> \n\n          La tecnolog\u00eda de la puerta\n        \n        <\/h1>[\/vc_column][\/vc_row][vc_row][vc_column width=\u00bb1\/4&#8243;][vc_single_image image=\u00bb5460&#8243; img_size=\u00bb300&#215;300&#8243; alignment=\u00bbcenter\u00bb][\/vc_column][vc_column width=\u00bb3\/4&#8243;][vc_column_text]Valcucine fue la primera empresa del mundo en renovar totalmente el dise\u00f1o de la puerta, una s\u00edntesis perfecta de sentido est\u00e9tico, simplicidad formal e inteligencia t\u00e9cnica.<\/p>\n<p>La puerta est\u00e1 formada por un marco estructural de aluminio anodizado y un panel est\u00e9tico disponible en diferentes materiales con un espesor comprendido entre 5 y 6 mm (Artematica) y de 2 mm (Riciclantica).<\/p>\n<p>Gracias a estudios esmerados y elaboraciones especiales, el marco no se ve desde fuera; de esta manera, el panel est\u00e9tico aparece como una masa pura, desacoplada. Una soluci\u00f3n que manifiesta una gran limpieza formal sin descuidar el aspecto funcional.<\/p>\n<p>La puerta construida de esta manera garantiza un cierre suave y liviano, una elevada resistencia al agua y una extraordinaria ligereza que potencia la durabilidad de las bisagras.<\/p>\n<p>Los perfiles de aluminio disponen de juntas especiales de caucho de silicona que act\u00faan como parachoques, guardapolvo y salvagotas. El caucho de silicona es un material at\u00f3xico, anal\u00e9rgico y con muy bajas emisiones, muy utilizado en el sector alimentario y m\u00e9dico. Los materiales de silicona tienen una excelente estabilidad t\u00e9rmica y una<br \/>\nalta resistencia al envejecimiento UV y atmosf\u00e9rico.<\/p>\n<p>Este tipo de puerta cumple los principios de desmaterializaci\u00f3n y ecosostenibilidad, dos fundamentos de la filosof\u00eda de dise\u00f1o de Valcucine. De hecho la estructura se reduce a lo esencial, siempre manteniendo \u00edntegra su resistencia y, gracias al uso del aluminio, el marco es 100% reciclable.<\/p>\n<p>La puerta, patentada en todo el mundo, combina resistencia y ligereza y permite realizar soluciones est\u00e9ticas que logran seguir las variaciones del gusto a lo largo del tiempo.[\/vc_column_text][\/vc_column][\/vc_row][vc_row][vc_column css=\u00bb.vc_custom_1710760314040{padding-bottom: 40px !important;}\u00bb][vc_separator color=\u00bbcustom\u00bb el_width=\u00bb10&#8243; accent_color=\u00bb#666666&#8243;][\/vc_column][\/vc_row]<\/p>\n<\/div>","protected":false},"excerpt":{"rendered":"<p>[vc_row][vc_column][\/vc_column][\/vc_row][vc_row el_class=\u00bbpt-6&#8243; css=\u00bb.vc_custom_1709741038744{padding-top: 40px !important;}\u00bb][vc_column][\/vc_column][\/vc_row][vc_row][vc_column width=\u00bb1\/4&#8243;][vc_single_image image=\u00bb5460&#8243; img_size=\u00bb300&#215;300&#8243; alignment=\u00bbcenter\u00bb][\/vc_column][vc_column width=\u00bb3\/4&#8243;][vc_column_text]Valcucine fue la primera empresa del mundo en renovar totalmente el dise\u00f1o de la puerta, una s\u00edntesis perfecta de sentido est\u00e9tico, simplicidad formal e inteligencia t\u00e9cnica. La puerta est\u00e1 formada por un marco estructural de aluminio anodizado y un panel est\u00e9tico disponible en diferentes materiales con [&hellip;]<\/p>\n","protected":false},"author":1,"featured_media":0,"parent":14784,"menu_order":0,"comment_status":"closed","ping_status":"closed","template":"","meta":{"footnotes":""},"class_list":["post-14787","page","type-page","status-publish","hentry"],"yoast_head":"<!-- This site is optimized with the Yoast SEO plugin v26.2 - https:\/\/yoast.com\/wordpress\/plugins\/seo\/ -->\n<title>\u200bLa tecnolog\u00eda de la puerta - Valcucine<\/title>\n<meta name=\"robots\" content=\"index, follow, max-snippet:-1, max-image-preview:large, max-video-preview:-1\" \/>\n<link rel=\"canonical\" href=\"https:\/\/www.valcucine.com\/es\/elementos-caractersticos\/la-tecnologa-de-la-puerta\/\" \/>\n<meta property=\"og:locale\" content=\"es_ES\" \/>\n<meta property=\"og:type\" content=\"article\" \/>\n<meta property=\"og:title\" content=\"\u200bLa tecnolog\u00eda de la puerta - Valcucine\" \/>\n<meta property=\"og:description\" content=\"[vc_row][vc_column][\/vc_column][\/vc_row][vc_row el_class=\u00bbpt-6&#8243; css=\u00bb.vc_custom_1709741038744{padding-top: 40px !important;}\u00bb][vc_column][\/vc_column][\/vc_row][vc_row][vc_column width=\u00bb1\/4&#8243;][vc_single_image image=\u00bb5460&#8243; img_size=\u00bb300&#215;300&#8243; alignment=\u00bbcenter\u00bb][\/vc_column][vc_column width=\u00bb3\/4&#8243;][vc_column_text]Valcucine fue la primera empresa del mundo en renovar totalmente el dise\u00f1o de la puerta, una s\u00edntesis perfecta de sentido est\u00e9tico, simplicidad formal e inteligencia t\u00e9cnica. La puerta est\u00e1 formada por un marco estructural de aluminio anodizado y un panel est\u00e9tico disponible en diferentes materiales con [&hellip;]\" \/>\n<meta property=\"og:url\" content=\"https:\/\/www.valcucine.com\/es\/elementos-caractersticos\/la-tecnologa-de-la-puerta\/\" \/>\n<meta property=\"og:site_name\" content=\"Valcucine\" \/>\n<meta property=\"article:publisher\" content=\"https:\/\/www.facebook.com\/valcucine\/\" \/>\n<meta property=\"article:modified_time\" content=\"2024-06-05T06:59:07+00:00\" \/>\n<meta name=\"twitter:card\" content=\"summary_large_image\" \/>\n<meta name=\"twitter:label1\" content=\"Tiempo de lectura\" \/>\n\t<meta name=\"twitter:data1\" content=\"2 minutos\" \/>\n<script type=\"application\/ld+json\" class=\"yoast-schema-graph\">{\"@context\":\"https:\/\/schema.org\",\"@graph\":[{\"@type\":\"WebPage\",\"@id\":\"https:\/\/www.valcucine.com\/es\/elementos-caractersticos\/la-tecnologa-de-la-puerta\/\",\"url\":\"https:\/\/www.valcucine.com\/es\/elementos-caractersticos\/la-tecnologa-de-la-puerta\/\",\"name\":\"\u200bLa tecnolog\u00eda de la puerta - Valcucine\",\"isPartOf\":{\"@id\":\"https:\/\/www.valcucine.com\/#website\"},\"datePublished\":\"2024-03-18T11:03:11+00:00\",\"dateModified\":\"2024-06-05T06:59:07+00:00\",\"breadcrumb\":{\"@id\":\"https:\/\/www.valcucine.com\/es\/elementos-caractersticos\/la-tecnologa-de-la-puerta\/#breadcrumb\"},\"inLanguage\":\"es\",\"potentialAction\":[{\"@type\":\"ReadAction\",\"target\":[\"https:\/\/www.valcucine.com\/es\/elementos-caractersticos\/la-tecnologa-de-la-puerta\/\"]}]},{\"@type\":\"BreadcrumbList\",\"@id\":\"https:\/\/www.valcucine.com\/es\/elementos-caractersticos\/la-tecnologa-de-la-puerta\/#breadcrumb\",\"itemListElement\":[{\"@type\":\"ListItem\",\"position\":1,\"name\":\"Valcucine\",\"item\":\"https:\/\/www.valcucine.com\/es\/\"},{\"@type\":\"ListItem\",\"position\":2,\"name\":\"Elementos caracter\u00ecsticos\",\"item\":\"https:\/\/www.valcucine.com\/es\/elementos-caractersticos\/\"},{\"@type\":\"ListItem\",\"position\":3,\"name\":\"\u200bLa tecnolog\u00eda de la puerta\"}]},{\"@type\":\"WebSite\",\"@id\":\"https:\/\/www.valcucine.com\/#website\",\"url\":\"https:\/\/www.valcucine.com\/\",\"name\":\"Valcucine\",\"description\":\"\",\"publisher\":{\"@id\":\"https:\/\/www.valcucine.com\/#organization\"},\"potentialAction\":[{\"@type\":\"SearchAction\",\"target\":{\"@type\":\"EntryPoint\",\"urlTemplate\":\"https:\/\/www.valcucine.com\/?s={search_term_string}\"},\"query-input\":{\"@type\":\"PropertyValueSpecification\",\"valueRequired\":true,\"valueName\":\"search_term_string\"}}],\"inLanguage\":\"es\"},{\"@type\":\"Organization\",\"@id\":\"https:\/\/www.valcucine.com\/#organization\",\"name\":\"Valcucine\",\"url\":\"https:\/\/www.valcucine.com\/\",\"logo\":{\"@type\":\"ImageObject\",\"inLanguage\":\"es\",\"@id\":\"https:\/\/www.valcucine.com\/#\/schema\/logo\/image\/\",\"url\":\"https:\/\/www.valcucine.com\/wp-content\/uploads\/2024\/02\/logo-valcucine.webp?wsr\",\"contentUrl\":\"https:\/\/www.valcucine.com\/wp-content\/uploads\/2024\/02\/logo-valcucine.webp?wsr\",\"width\":288,\"height\":46,\"caption\":\"Valcucine\"},\"image\":{\"@id\":\"https:\/\/www.valcucine.com\/#\/schema\/logo\/image\/\"},\"sameAs\":[\"https:\/\/www.facebook.com\/valcucine\/\",\"https:\/\/www.instagram.com\/valcucine\/\",\"https:\/\/www.linkedin.com\/company\/valcucine\"]}]}<\/script>\n<!-- \/ Yoast SEO plugin. -->","yoast_head_json":{"title":"\u200bLa tecnolog\u00eda de la puerta - Valcucine","robots":{"index":"index","follow":"follow","max-snippet":"max-snippet:-1","max-image-preview":"max-image-preview:large","max-video-preview":"max-video-preview:-1"},"canonical":"https:\/\/www.valcucine.com\/es\/elementos-caractersticos\/la-tecnologa-de-la-puerta\/","og_locale":"es_ES","og_type":"article","og_title":"\u200bLa tecnolog\u00eda de la puerta - Valcucine","og_description":"[vc_row][vc_column][\/vc_column][\/vc_row][vc_row el_class=\u00bbpt-6&#8243; css=\u00bb.vc_custom_1709741038744{padding-top: 40px !important;}\u00bb][vc_column][\/vc_column][\/vc_row][vc_row][vc_column width=\u00bb1\/4&#8243;][vc_single_image image=\u00bb5460&#8243; img_size=\u00bb300&#215;300&#8243; alignment=\u00bbcenter\u00bb][\/vc_column][vc_column width=\u00bb3\/4&#8243;][vc_column_text]Valcucine fue la primera empresa del mundo en renovar totalmente el dise\u00f1o de la puerta, una s\u00edntesis perfecta de sentido est\u00e9tico, simplicidad formal e inteligencia t\u00e9cnica. La puerta est\u00e1 formada por un marco estructural de aluminio anodizado y un panel est\u00e9tico disponible en diferentes materiales con [&hellip;]","og_url":"https:\/\/www.valcucine.com\/es\/elementos-caractersticos\/la-tecnologa-de-la-puerta\/","og_site_name":"Valcucine","article_publisher":"https:\/\/www.facebook.com\/valcucine\/","article_modified_time":"2024-06-05T06:59:07+00:00","twitter_card":"summary_large_image","twitter_misc":{"Tiempo de lectura":"2 minutos"},"schema":{"@context":"https:\/\/schema.org","@graph":[{"@type":"WebPage","@id":"https:\/\/www.valcucine.com\/es\/elementos-caractersticos\/la-tecnologa-de-la-puerta\/","url":"https:\/\/www.valcucine.com\/es\/elementos-caractersticos\/la-tecnologa-de-la-puerta\/","name":"\u200bLa tecnolog\u00eda de la puerta - Valcucine","isPartOf":{"@id":"https:\/\/www.valcucine.com\/#website"},"datePublished":"2024-03-18T11:03:11+00:00","dateModified":"2024-06-05T06:59:07+00:00","breadcrumb":{"@id":"https:\/\/www.valcucine.com\/es\/elementos-caractersticos\/la-tecnologa-de-la-puerta\/#breadcrumb"},"inLanguage":"es","potentialAction":[{"@type":"ReadAction","target":["https:\/\/www.valcucine.com\/es\/elementos-caractersticos\/la-tecnologa-de-la-puerta\/"]}]},{"@type":"BreadcrumbList","@id":"https:\/\/www.valcucine.com\/es\/elementos-caractersticos\/la-tecnologa-de-la-puerta\/#breadcrumb","itemListElement":[{"@type":"ListItem","position":1,"name":"Valcucine","item":"https:\/\/www.valcucine.com\/es\/"},{"@type":"ListItem","position":2,"name":"Elementos caracter\u00ecsticos","item":"https:\/\/www.valcucine.com\/es\/elementos-caractersticos\/"},{"@type":"ListItem","position":3,"name":"\u200bLa tecnolog\u00eda de la puerta"}]},{"@type":"WebSite","@id":"https:\/\/www.valcucine.com\/#website","url":"https:\/\/www.valcucine.com\/","name":"Valcucine","description":"","publisher":{"@id":"https:\/\/www.valcucine.com\/#organization"},"potentialAction":[{"@type":"SearchAction","target":{"@type":"EntryPoint","urlTemplate":"https:\/\/www.valcucine.com\/?s={search_term_string}"},"query-input":{"@type":"PropertyValueSpecification","valueRequired":true,"valueName":"search_term_string"}}],"inLanguage":"es"},{"@type":"Organization","@id":"https:\/\/www.valcucine.com\/#organization","name":"Valcucine","url":"https:\/\/www.valcucine.com\/","logo":{"@type":"ImageObject","inLanguage":"es","@id":"https:\/\/www.valcucine.com\/#\/schema\/logo\/image\/","url":"https:\/\/www.valcucine.com\/wp-content\/uploads\/2024\/02\/logo-valcucine.webp?wsr","contentUrl":"https:\/\/www.valcucine.com\/wp-content\/uploads\/2024\/02\/logo-valcucine.webp?wsr","width":288,"height":46,"caption":"Valcucine"},"image":{"@id":"https:\/\/www.valcucine.com\/#\/schema\/logo\/image\/"},"sameAs":["https:\/\/www.facebook.com\/valcucine\/","https:\/\/www.instagram.com\/valcucine\/","https:\/\/www.linkedin.com\/company\/valcucine"]}]}},"_links":{"self":[{"href":"https:\/\/www.valcucine.com\/es\/wp-json\/wp\/v2\/pages\/14787","targetHints":{"allow":["GET"]}}],"collection":[{"href":"https:\/\/www.valcucine.com\/es\/wp-json\/wp\/v2\/pages"}],"about":[{"href":"https:\/\/www.valcucine.com\/es\/wp-json\/wp\/v2\/types\/page"}],"author":[{"embeddable":true,"href":"https:\/\/www.valcucine.com\/es\/wp-json\/wp\/v2\/users\/1"}],"replies":[{"embeddable":true,"href":"https:\/\/www.valcucine.com\/es\/wp-json\/wp\/v2\/comments?post=14787"}],"version-history":[{"count":2,"href":"https:\/\/www.valcucine.com\/es\/wp-json\/wp\/v2\/pages\/14787\/revisions"}],"predecessor-version":[{"id":14789,"href":"https:\/\/www.valcucine.com\/es\/wp-json\/wp\/v2\/pages\/14787\/revisions\/14789"}],"up":[{"embeddable":true,"href":"https:\/\/www.valcucine.com\/es\/wp-json\/wp\/v2\/pages\/14784"}],"wp:attachment":[{"href":"https:\/\/www.valcucine.com\/es\/wp-json\/wp\/v2\/media?parent=14787"}],"curies":[{"name":"wp","href":"https:\/\/api.w.org\/{rel}","templated":true}]}}