{"id":14790,"date":"2024-03-18T11:10:21","date_gmt":"2024-03-18T11:10:21","guid":{"rendered":"https:\/\/devel.valcucine.com\/elementos-caractersticos\/la-filosofia-della-dematerializzazione\/"},"modified":"2025-03-20T08:18:12","modified_gmt":"2025-03-20T08:18:12","slug":"la-filosofa-de-la-desmaterializacin","status":"publish","type":"page","link":"https:\/\/www.valcucine.com\/es\/elementos-caractersticos\/la-filosofa-de-la-desmaterializacin\/","title":{"rendered":"\u200bLa filosof\u00eda de la desmaterializaci\u00f3n"},"content":{"rendered":"<div class=\"wpb-content-wrapper\"><p>[vc_row][vc_column]\n\t\t\t<!-- START La filosofia della dematerializzazione REVOLUTION SLIDER 6.7.38 --><p class=\"rs-p-wp-fix\"><\/p>\n\t\t\t<rs-module-wrap id=\"rev_slider_26_1_wrapper\" data-source=\"gallery\" style=\"visibility:hidden;background:transparent;padding:0;\">\n\t\t\t\t<rs-module id=\"rev_slider_26_1\" style=\"\" data-version=\"6.7.38\">\n\t\t\t\t\t<rs-slides style=\"overflow: hidden; position: absolute;\">\n\t\t\t\t\t\t<rs-slide style=\"position: absolute;\" data-key=\"rs-152\" data-title=\"Slide\" data-thumb=\"\/\/www.valcucine.com\/wp-content\/uploads\/2024\/03\/2206_valcucine_0063_artematica_soft_outline-50x100.webp\" data-in=\"o:0;\" data-out=\"a:false;\">\n\t\t\t\t\t\t\t<img decoding=\"async\" src=\"\/\/www.valcucine.com\/wp-content\/plugins\/revslider\/sr6\/assets\/assets\/dummy.png\" alt=\"sustainable kitchen design\" title=\"2206_valcucine_0063_artematica_soft_outline\" width=\"1878\" height=\"1200\" class=\"rev-slidebg tp-rs-img rs-lazyload\" data-lazyload=\"\/\/www.valcucine.com\/wp-content\/uploads\/2024\/03\/2206_valcucine_0063_artematica_soft_outline.webp\" data-no-retina>\n<!---->\t\t\t\t\t<\/rs-slide>\n\t\t\t\t\t\t<rs-slide style=\"position: absolute;\" data-key=\"rs-153\" data-title=\"Slide\" data-thumb=\"\/\/www.valcucine.com\/wp-content\/uploads\/2024\/03\/2295_valcucine_luxury_kitchens_innovation-50x100.webp\" data-in=\"o:0;\" data-out=\"a:false;\">\n\t\t\t\t\t\t\t<img decoding=\"async\" src=\"\/\/www.valcucine.com\/wp-content\/plugins\/revslider\/sr6\/assets\/assets\/dummy.png\" alt=\"\" title=\"2295_valcucine_luxury_kitchens_innovation\" width=\"2400\" height=\"1200\" class=\"rev-slidebg tp-rs-img rs-lazyload\" data-lazyload=\"\/\/www.valcucine.com\/wp-content\/uploads\/2024\/03\/2295_valcucine_luxury_kitchens_innovation.webp\" data-no-retina>\n<!--\n\t\t\t\t\t\t\t--><rs-layer\n\t\t\t\t\t\t\t\tid=\"slider-26-slide-153-layer-14\" \n\t\t\t\t\t\t\t\tclass=\"slider_fade\"\n\t\t\t\t\t\t\t\tdata-type=\"shape\"\n\t\t\t\t\t\t\t\tdata-rsp_ch=\"on\"\n\t\t\t\t\t\t\t\tdata-text=\"w:normal;s:20,20,20,7;l:0,0,0,9;\"\n\t\t\t\t\t\t\t\tdata-dim=\"w:100%;h:100%;\"\n\t\t\t\t\t\t\t\tdata-basealign=\"slide\"\n\t\t\t\t\t\t\t\tdata-frame_999=\"o:0;st:w;\"\n\t\t\t\t\t\t\t\tstyle=\"z-index:6;background-color:rgba(0,0,0,0.5);\"\n\t\t\t\t\t\t\t> \n\t\t\t\t\t\t\t<\/rs-layer><!--\n-->\t\t\t\t\t<\/rs-slide>\n\t\t\t\t\t<\/rs-slides>\n\t\t\t\t\t<rs-static-layers><!--\n\n\t\t\t\t\t\t\t--><rs-layer\n\t\t\t\t\t\t\t\tid=\"slider-26-slide-25-layer-12\" \n\t\t\t\t\t\t\t\tclass=\"play-button rs-svg rs-layer-static\"\n\t\t\t\t\t\t\t\tdata-type=\"svg\"\n\t\t\t\t\t\t\t\tdata-rsp_ch=\"on\"\n\t\t\t\t\t\t\t\tdata-xy=\"xo:20px;y:b;yo:20px;\"\n\t\t\t\t\t\t\t\tdata-text=\"w:normal;s:20,20,20,7;l:0,0,0,9;\"\n\t\t\t\t\t\t\t\tdata-dim=\"w:20px,20px,20px,30px;h:20px,20px,20px,30px;\"\n\t\t\t\t\t\t\t\tdata-actions='o:click;a:playslider;'\n\t\t\t\t\t\t\t\tdata-svg_src=\"\/\/www.valcucine.com\/wp-content\/uploads\/revslider\/svg\/objects\/svgcustom\/circle-play.svg\"\n\t\t\t\t\t\t\t\tdata-svgi=\"oc:t;\"\n\t\t\t\t\t\t\t\tdata-basealign=\"slide\"\n\t\t\t\t\t\t\t\tdata-onslides=\"s:1;\"\n\t\t\t\t\t\t\t\tdata-frame_999=\"o:0;st:w;\"\n\t\t\t\t\t\t\t\tstyle=\"z-index:7;font-family:'Roboto';\"\n\t\t\t\t\t\t\t> \n\t\t\t\t\t\t\t<\/rs-layer><!--\n\n\t\t\t\t\t\t\t--><rs-layer\n\t\t\t\t\t\t\t\tid=\"slider-26-slide-25-layer-13\" \n\t\t\t\t\t\t\t\tclass=\"pause-button current-slider rs-svg rs-layer-static\"\n\t\t\t\t\t\t\t\tdata-type=\"svg\"\n\t\t\t\t\t\t\t\tdata-rsp_ch=\"on\"\n\t\t\t\t\t\t\t\tdata-xy=\"xo:20px;y:b;yo:20px;\"\n\t\t\t\t\t\t\t\tdata-text=\"w:normal;s:20,20,20,7;l:0,0,0,9;\"\n\t\t\t\t\t\t\t\tdata-dim=\"w:20px,20px,20px,30px;h:20px,20px,20px,30px;\"\n\t\t\t\t\t\t\t\tdata-actions='o:click;a:pauseslider;'\n\t\t\t\t\t\t\t\tdata-svg_src=\"\/\/www.valcucine.com\/wp-content\/uploads\/revslider\/svg\/objects\/svgcustom\/circle-pause.svg\"\n\t\t\t\t\t\t\t\tdata-svgi=\"oc:t;\"\n\t\t\t\t\t\t\t\tdata-basealign=\"slide\"\n\t\t\t\t\t\t\t\tdata-onslides=\"s:1;\"\n\t\t\t\t\t\t\t\tdata-frame_999=\"o:0;st:w;\"\n\t\t\t\t\t\t\t\tstyle=\"z-index:8;font-family:'Roboto';\"\n\t\t\t\t\t\t\t> \n\t\t\t\t\t\t\t<\/rs-layer><!--\n\t\t\t\t\t--><\/rs-static-layers>\n\t\t\t\t<\/rs-module>\n\t\t\t\t<script>\n\t\t\t\t\tsetREVStartSize({c: 'rev_slider_26_1',rl:[1240,1240,1240,480],el:[568.984,568.984,568.984,480],gw:[1240,1240,1240,480],gh:[569,569,569,480],type:'standard',justify:'',layout:'fullscreen',offsetContainer:'#slider__height',offset:'0px',mh:\"0\"});if (window.RS_MODULES!==undefined && window.RS_MODULES.modules!==undefined && window.RS_MODULES.modules[\"revslider261\"]!==undefined) {window.RS_MODULES.modules[\"revslider261\"].once = false;window.revapi26 = undefined;if (window.RS_MODULES.checkMinimal!==undefined) window.RS_MODULES.checkMinimal()}\n\t\t\t\t<\/script>\n\t\t\t<\/rs-module-wrap>\n\t\t\t<!-- END REVOLUTION SLIDER -->\n[\/vc_column][\/vc_row][vc_row el_class=\u00bbpt-6&#8243; css=\u00bb.vc_custom_1711706221520{padding-top: 40px !important;padding-bottom: 40px !important;}\u00bb][vc_column]\n        \n        <h1 class=\"text-center  main__title__h1  \" style=\"color:#333333;\"> \n\n          La filosof\u00eda de la desmaterializaci\u00f3n\n        \n        <\/h1>[\/vc_column][\/vc_row][vc_row][vc_column][vc_column_text]Valcucine fue la primera empresa del mundo en presentar una renovaci\u00f3n total de los elementos que determinan la estructura de una cocina &#8211; puerta, encimera y cuerpo alcanzando soluciones de vanguardia, perfecta s\u00edntesis entre sentido est\u00e9tico, simplicidad formal e inteligencia t\u00e9cnica.<\/p>\n<p>Los elementos se han vuelto a plantear respetando el principio de desmaterializaci\u00f3n que implica menos uso de materia prima y bajo consumo de energ\u00eda, en una perspectiva de eco sostenibilidad tema desde siempre a la base de la filosof\u00eda de dise\u00f1o Valcucine.<\/p>\n<p>Las estructuras se reducen a lo esencial, manteniendo intacta su resistencia, y son parcial o totalmente reciclables. Nacen as\u00ed productos que responden a un efectiva mejor\u00eda funcional, est\u00e9tica y medioambiental,\u00a0patentados en todo el mundo.[\/vc_column_text][\/vc_column][\/vc_row][vc_row css=\u00bb.vc_custom_1709741045295{margin-top: 10px !important;}\u00bb][vc_column width=\u00bb1\/4&#8243;][vc_single_image image=\u00bb9003&#8243; img_size=\u00bb\u00bb alignment=\u00bbcenter\u00bb][\/vc_column][vc_column width=\u00bb3\/4&#8243;]\n        \n        <h2 class=\"text-start  main__title__h2  vc_custom_1717570990708 \" style=\"color:#333333;\"> \n\n         La puerta\n        \n        <\/h2>[vc_column_text]La puerta Valcucine est\u00e1 formada por un marco estructural de aluminio anodizado, hecho solo con juntas mec\u00e1nicas, y un panel est\u00e9tico soldado al marco de forma invisible desde afuera. Esta tecnolog\u00eda permite obtener una puerta m\u00e1s funcional y de calidad superior que combina resistencia y ligereza, lo que representa una aut\u00e9ntica innovaci\u00f3n en el sector. La variedad de materiales, colores y acabados disponibles para el panel est\u00e9tico expresa la flexibilidad del producto, favoreciendo<br \/>\nun enfoque a medida del proyecto. El resultado es una puerta revolucionaria, patentada, que permite soluciones est\u00e9ticas completamente nuevas, capaces de evolucionar y seguir las variaciones del gusto a lo largo del tiempo.[\/vc_column_text][\/vc_column][\/vc_row][vc_row css=\u00bb.vc_custom_1709741045295{margin-top: 10px !important;}\u00bb][vc_column width=\u00bb3\/4&#8243;]\n        \n        <h2 class=\"text-start  main__title__h2  vc_custom_1717571076388 \" style=\"color:#333333;\"> \n\n         La encimera\n        \n        <\/h2>[vc_column_text]La encimera Valcucine est\u00e1 formada por un marco estructural de aluminio anodizado y un tablero disponible en una amplia gama de acabados. El marco estructural confiere a la encimera resistencia y ligereza y permite reducir el uso de material con respecto a las encimeras tradicionales. Tambi\u00e9n con vistas a la optimizaci\u00f3n de los recursos naturales, algunas piezas se fabrican con aluminio secundario. La reducci\u00f3n de los espesores y la consiguiente disminuci\u00f3n del peso de la encimera tambi\u00e9n aportan ventajas parael transporte y la instalaci\u00f3n.[\/vc_column_text][\/vc_column][vc_column width=\u00bb1\/4&#8243;][vc_single_image image=\u00bb9008&#8243; img_size=\u00bb\u00bb alignment=\u00bbcenter\u00bb][\/vc_column][\/vc_row][vc_row css=\u00bb.vc_custom_1709741045295{margin-top: 10px !important;}\u00bb][vc_column width=\u00bb1\/4&#8243;][vc_single_image image=\u00bb9013&#8243; img_size=\u00bb\u00bb alignment=\u00bbcenter\u00bb][\/vc_column][vc_column width=\u00bb3\/4&#8243;]\n        \n        <h2 class=\"text-start  main__title__h2  vc_custom_1717571128547 \" style=\"color:#333333;\"> \n\n         Los cuerpos\n        \n        <\/h2>\n        \n        <h4 class=\"text-start  main__title__h4  vc_custom_1717571142523 \" style=\"color:#333333;\"> \n\n         Cuerpo de aglomerado de madera recubierto\n        \n        <\/h4>[vc_column_text]El cuerpo est\u00e1 fabricado de aglomerado recubierto con l\u00e1minas de papel de melamina que proporcionan una buena resistencia a ara\u00f1azos, abrasiones y manchas. El soporte de aglomerado es mucho m\u00e1s resistente al agua de lo habitual y est\u00e1 clasificado con la sigla P3. El cuerpo cumple la certificaci\u00f3n estadounidense TSCA Title VI y los valores l\u00edmite establecidos por la m\u00e1s r\u00edgida normativa del mundo, la japonesa F****, sobre la emisi\u00f3n de formaldeh\u00eddo.[\/vc_column_text][\/vc_column][\/vc_row][vc_row css=\u00bb.vc_custom_1709741045295{margin-top: 10px !important;}\u00bb][vc_column width=\u00bb3\/4&#8243;]\n        \n        <h4 class=\"text-start  main__title__h4  vc_custom_1717571200140 \" style=\"color:#333333;\"> \n\n         Cuerpo de estratificado\n        \n        <\/h4>[vc_column_text]El cuerpo cuenta con un conjunto de capas de madera unidas entre s\u00ed con adhesivos y por fuera est\u00e1 recubierto en ambas caras con hojas de laminado HPL (High Pressure Laminate) que confieren la m\u00e1xima resistencia a ara\u00f1azos,\u00a0manchas, abrasiones, golpes, vahos y calor. El estratificado tiene una mayor resistencia<br \/>\nal agua que el aglomerado de nivel P3. Esta soluci\u00f3n es muy adecuada en los pa\u00edses con un elevado porcentaje de humedad.[\/vc_column_text][\/vc_column][vc_column width=\u00bb1\/4&#8243;][vc_single_image image=\u00bb9018&#8243; img_size=\u00bb\u00bb alignment=\u00bbcenter\u00bb][\/vc_column][\/vc_row][vc_row css=\u00bb.vc_custom_1709741045295{margin-top: 10px !important;}\u00bb][vc_column width=\u00bb1\/4&#8243;][vc_single_image image=\u00bb9032&#8243; img_size=\u00bb\u00bb alignment=\u00bbcenter\u00bb][\/vc_column][vc_column width=\u00bb3\/4&#8243;]\n        \n        <h4 class=\"text-start  main__title__h4  vc_custom_1717571273214 \" style=\"color:#333333;\"> \n\n         Cuerpo Invitrum de cristal o aluminio\n        \n        <\/h4>[vc_column_text]El cuerpo est\u00e1 formado por costados de cristal o aluminio alveolar, base de cristal y elementos de conexi\u00f3n de aluminio. No tiene adhesivos, es desmontable y reciclable. A diferencia de los cuerpos tradicionales que prev\u00e9n dos costados cada vez que se colocan uno al lado del otro, Invitrum est\u00e1 dise\u00f1ado con un costado \u00fanico de tan solo 10 mm de espesor, una soluci\u00f3n que optimiza el uso de materias primas.[\/vc_column_text][\/vc_column][\/vc_row][vc_row][vc_column][vc_separator color=\u00bbcustom\u00bb el_width=\u00bb10&#8243; accent_color=\u00bb#666666&#8243;][\/vc_column][\/vc_row]<\/p>\n<\/div>","protected":false},"excerpt":{"rendered":"<p>[vc_row][vc_column][\/vc_column][\/vc_row][vc_row el_class=\u00bbpt-6&#8243; css=\u00bb.vc_custom_1711706221520{padding-top: 40px !important;padding-bottom: 40px !important;}\u00bb][vc_column][\/vc_column][\/vc_row][vc_row][vc_column][vc_column_text]Valcucine fue la primera empresa del mundo en presentar una renovaci\u00f3n total de los elementos que determinan la estructura de una cocina &#8211; puerta, encimera y cuerpo alcanzando soluciones de vanguardia, perfecta s\u00edntesis entre sentido est\u00e9tico, simplicidad formal e inteligencia t\u00e9cnica. Los elementos se han vuelto a plantear respetando [&hellip;]<\/p>\n","protected":false},"author":1,"featured_media":0,"parent":14784,"menu_order":0,"comment_status":"closed","ping_status":"closed","template":"","meta":{"footnotes":""},"class_list":["post-14790","page","type-page","status-publish","hentry"],"yoast_head":"<!-- This site is optimized with the Yoast SEO plugin v26.2 - https:\/\/yoast.com\/wordpress\/plugins\/seo\/ -->\n<title>\u200bLa filosof\u00eda de la desmaterializaci\u00f3n - Valcucine<\/title>\n<meta name=\"description\" content=\"Descubre la filosof\u00eda de la desmaterializaci\u00f3n de Valcucine, donde la ligereza visual y estructural redefine el concepto de cocina.\" \/>\n<meta name=\"robots\" content=\"index, follow, max-snippet:-1, max-image-preview:large, max-video-preview:-1\" \/>\n<link rel=\"canonical\" href=\"https:\/\/www.valcucine.com\/es\/elementos-caractersticos\/la-filosofa-de-la-desmaterializacin\/\" \/>\n<meta property=\"og:locale\" content=\"es_ES\" \/>\n<meta property=\"og:type\" content=\"article\" \/>\n<meta property=\"og:title\" content=\"\u200bLa filosof\u00eda de la desmaterializaci\u00f3n - Valcucine\" \/>\n<meta property=\"og:description\" content=\"Descubre la filosof\u00eda de la desmaterializaci\u00f3n de Valcucine, donde la ligereza visual y estructural redefine el concepto de cocina.\" \/>\n<meta property=\"og:url\" content=\"https:\/\/www.valcucine.com\/es\/elementos-caractersticos\/la-filosofa-de-la-desmaterializacin\/\" \/>\n<meta property=\"og:site_name\" content=\"Valcucine\" \/>\n<meta property=\"article:publisher\" content=\"https:\/\/www.facebook.com\/valcucine\/\" \/>\n<meta property=\"article:modified_time\" content=\"2025-03-20T08:18:12+00:00\" \/>\n<meta name=\"twitter:card\" content=\"summary_large_image\" \/>\n<meta name=\"twitter:label1\" content=\"Tiempo de lectura\" \/>\n\t<meta name=\"twitter:data1\" content=\"4 minutos\" \/>\n<script type=\"application\/ld+json\" class=\"yoast-schema-graph\">{\"@context\":\"https:\/\/schema.org\",\"@graph\":[{\"@type\":\"WebPage\",\"@id\":\"https:\/\/www.valcucine.com\/es\/elementos-caractersticos\/la-filosofa-de-la-desmaterializacin\/\",\"url\":\"https:\/\/www.valcucine.com\/es\/elementos-caractersticos\/la-filosofa-de-la-desmaterializacin\/\",\"name\":\"\u200bLa filosof\u00eda de la desmaterializaci\u00f3n - Valcucine\",\"isPartOf\":{\"@id\":\"https:\/\/www.valcucine.com\/#website\"},\"datePublished\":\"2024-03-18T11:10:21+00:00\",\"dateModified\":\"2025-03-20T08:18:12+00:00\",\"description\":\"Descubre la filosof\u00eda de la desmaterializaci\u00f3n de Valcucine, donde la ligereza visual y estructural redefine el concepto de cocina.\",\"breadcrumb\":{\"@id\":\"https:\/\/www.valcucine.com\/es\/elementos-caractersticos\/la-filosofa-de-la-desmaterializacin\/#breadcrumb\"},\"inLanguage\":\"es\",\"potentialAction\":[{\"@type\":\"ReadAction\",\"target\":[\"https:\/\/www.valcucine.com\/es\/elementos-caractersticos\/la-filosofa-de-la-desmaterializacin\/\"]}]},{\"@type\":\"BreadcrumbList\",\"@id\":\"https:\/\/www.valcucine.com\/es\/elementos-caractersticos\/la-filosofa-de-la-desmaterializacin\/#breadcrumb\",\"itemListElement\":[{\"@type\":\"ListItem\",\"position\":1,\"name\":\"Valcucine\",\"item\":\"https:\/\/www.valcucine.com\/es\/\"},{\"@type\":\"ListItem\",\"position\":2,\"name\":\"Elementos caracter\u00ecsticos\",\"item\":\"https:\/\/www.valcucine.com\/es\/elementos-caractersticos\/\"},{\"@type\":\"ListItem\",\"position\":3,\"name\":\"\u200bLa filosof\u00eda de la desmaterializaci\u00f3n\"}]},{\"@type\":\"WebSite\",\"@id\":\"https:\/\/www.valcucine.com\/#website\",\"url\":\"https:\/\/www.valcucine.com\/\",\"name\":\"Valcucine\",\"description\":\"\",\"publisher\":{\"@id\":\"https:\/\/www.valcucine.com\/#organization\"},\"potentialAction\":[{\"@type\":\"SearchAction\",\"target\":{\"@type\":\"EntryPoint\",\"urlTemplate\":\"https:\/\/www.valcucine.com\/?s={search_term_string}\"},\"query-input\":{\"@type\":\"PropertyValueSpecification\",\"valueRequired\":true,\"valueName\":\"search_term_string\"}}],\"inLanguage\":\"es\"},{\"@type\":\"Organization\",\"@id\":\"https:\/\/www.valcucine.com\/#organization\",\"name\":\"Valcucine\",\"url\":\"https:\/\/www.valcucine.com\/\",\"logo\":{\"@type\":\"ImageObject\",\"inLanguage\":\"es\",\"@id\":\"https:\/\/www.valcucine.com\/#\/schema\/logo\/image\/\",\"url\":\"https:\/\/www.valcucine.com\/wp-content\/uploads\/2024\/02\/logo-valcucine.webp?wsr\",\"contentUrl\":\"https:\/\/www.valcucine.com\/wp-content\/uploads\/2024\/02\/logo-valcucine.webp?wsr\",\"width\":288,\"height\":46,\"caption\":\"Valcucine\"},\"image\":{\"@id\":\"https:\/\/www.valcucine.com\/#\/schema\/logo\/image\/\"},\"sameAs\":[\"https:\/\/www.facebook.com\/valcucine\/\",\"https:\/\/www.instagram.com\/valcucine\/\",\"https:\/\/www.linkedin.com\/company\/valcucine\"]}]}<\/script>\n<!-- \/ Yoast SEO plugin. -->","yoast_head_json":{"title":"\u200bLa filosof\u00eda de la desmaterializaci\u00f3n - Valcucine","description":"Descubre la filosof\u00eda de la desmaterializaci\u00f3n de Valcucine, donde la ligereza visual y estructural redefine el concepto de cocina.","robots":{"index":"index","follow":"follow","max-snippet":"max-snippet:-1","max-image-preview":"max-image-preview:large","max-video-preview":"max-video-preview:-1"},"canonical":"https:\/\/www.valcucine.com\/es\/elementos-caractersticos\/la-filosofa-de-la-desmaterializacin\/","og_locale":"es_ES","og_type":"article","og_title":"\u200bLa filosof\u00eda de la desmaterializaci\u00f3n - Valcucine","og_description":"Descubre la filosof\u00eda de la desmaterializaci\u00f3n de Valcucine, donde la ligereza visual y estructural redefine el concepto de cocina.","og_url":"https:\/\/www.valcucine.com\/es\/elementos-caractersticos\/la-filosofa-de-la-desmaterializacin\/","og_site_name":"Valcucine","article_publisher":"https:\/\/www.facebook.com\/valcucine\/","article_modified_time":"2025-03-20T08:18:12+00:00","twitter_card":"summary_large_image","twitter_misc":{"Tiempo de lectura":"4 minutos"},"schema":{"@context":"https:\/\/schema.org","@graph":[{"@type":"WebPage","@id":"https:\/\/www.valcucine.com\/es\/elementos-caractersticos\/la-filosofa-de-la-desmaterializacin\/","url":"https:\/\/www.valcucine.com\/es\/elementos-caractersticos\/la-filosofa-de-la-desmaterializacin\/","name":"\u200bLa filosof\u00eda de la desmaterializaci\u00f3n - Valcucine","isPartOf":{"@id":"https:\/\/www.valcucine.com\/#website"},"datePublished":"2024-03-18T11:10:21+00:00","dateModified":"2025-03-20T08:18:12+00:00","description":"Descubre la filosof\u00eda de la desmaterializaci\u00f3n de Valcucine, donde la ligereza visual y estructural redefine el concepto de cocina.","breadcrumb":{"@id":"https:\/\/www.valcucine.com\/es\/elementos-caractersticos\/la-filosofa-de-la-desmaterializacin\/#breadcrumb"},"inLanguage":"es","potentialAction":[{"@type":"ReadAction","target":["https:\/\/www.valcucine.com\/es\/elementos-caractersticos\/la-filosofa-de-la-desmaterializacin\/"]}]},{"@type":"BreadcrumbList","@id":"https:\/\/www.valcucine.com\/es\/elementos-caractersticos\/la-filosofa-de-la-desmaterializacin\/#breadcrumb","itemListElement":[{"@type":"ListItem","position":1,"name":"Valcucine","item":"https:\/\/www.valcucine.com\/es\/"},{"@type":"ListItem","position":2,"name":"Elementos caracter\u00ecsticos","item":"https:\/\/www.valcucine.com\/es\/elementos-caractersticos\/"},{"@type":"ListItem","position":3,"name":"\u200bLa filosof\u00eda de la desmaterializaci\u00f3n"}]},{"@type":"WebSite","@id":"https:\/\/www.valcucine.com\/#website","url":"https:\/\/www.valcucine.com\/","name":"Valcucine","description":"","publisher":{"@id":"https:\/\/www.valcucine.com\/#organization"},"potentialAction":[{"@type":"SearchAction","target":{"@type":"EntryPoint","urlTemplate":"https:\/\/www.valcucine.com\/?s={search_term_string}"},"query-input":{"@type":"PropertyValueSpecification","valueRequired":true,"valueName":"search_term_string"}}],"inLanguage":"es"},{"@type":"Organization","@id":"https:\/\/www.valcucine.com\/#organization","name":"Valcucine","url":"https:\/\/www.valcucine.com\/","logo":{"@type":"ImageObject","inLanguage":"es","@id":"https:\/\/www.valcucine.com\/#\/schema\/logo\/image\/","url":"https:\/\/www.valcucine.com\/wp-content\/uploads\/2024\/02\/logo-valcucine.webp?wsr","contentUrl":"https:\/\/www.valcucine.com\/wp-content\/uploads\/2024\/02\/logo-valcucine.webp?wsr","width":288,"height":46,"caption":"Valcucine"},"image":{"@id":"https:\/\/www.valcucine.com\/#\/schema\/logo\/image\/"},"sameAs":["https:\/\/www.facebook.com\/valcucine\/","https:\/\/www.instagram.com\/valcucine\/","https:\/\/www.linkedin.com\/company\/valcucine"]}]}},"_links":{"self":[{"href":"https:\/\/www.valcucine.com\/es\/wp-json\/wp\/v2\/pages\/14790","targetHints":{"allow":["GET"]}}],"collection":[{"href":"https:\/\/www.valcucine.com\/es\/wp-json\/wp\/v2\/pages"}],"about":[{"href":"https:\/\/www.valcucine.com\/es\/wp-json\/wp\/v2\/types\/page"}],"author":[{"embeddable":true,"href":"https:\/\/www.valcucine.com\/es\/wp-json\/wp\/v2\/users\/1"}],"replies":[{"embeddable":true,"href":"https:\/\/www.valcucine.com\/es\/wp-json\/wp\/v2\/comments?post=14790"}],"version-history":[{"count":2,"href":"https:\/\/www.valcucine.com\/es\/wp-json\/wp\/v2\/pages\/14790\/revisions"}],"predecessor-version":[{"id":14792,"href":"https:\/\/www.valcucine.com\/es\/wp-json\/wp\/v2\/pages\/14790\/revisions\/14792"}],"up":[{"embeddable":true,"href":"https:\/\/www.valcucine.com\/es\/wp-json\/wp\/v2\/pages\/14784"}],"wp:attachment":[{"href":"https:\/\/www.valcucine.com\/es\/wp-json\/wp\/v2\/media?parent=14790"}],"curies":[{"name":"wp","href":"https:\/\/api.w.org\/{rel}","templated":true}]}}