{"id":14794,"date":"2024-03-18T13:10:06","date_gmt":"2024-03-18T13:10:06","guid":{"rendered":"https:\/\/devel.valcucine.com\/elementos-caractersticos\/vitrum-il-vetro-valcucine\/"},"modified":"2025-05-09T09:21:42","modified_gmt":"2025-05-09T09:21:42","slug":"vitrum-il-vetro-valcucine","status":"publish","type":"page","link":"https:\/\/www.valcucine.com\/es\/elementos-caractersticos\/vitrum-il-vetro-valcucine\/","title":{"rendered":"Vitrum: el cristal Valcucine"},"content":{"rendered":"<div class=\"wpb-content-wrapper\"><p>[vc_row][vc_column]\n\t\t\t<!-- START Vitrum: il vetro Valcucine REVOLUTION SLIDER 6.7.38 --><p class=\"rs-p-wp-fix\"><\/p>\n\t\t\t<rs-module-wrap id=\"rev_slider_25_1_wrapper\" data-source=\"gallery\" style=\"visibility:hidden;background:transparent;padding:0;\">\n\t\t\t\t<rs-module id=\"rev_slider_25_1\" style=\"\" data-version=\"6.7.38\">\n\t\t\t\t\t<rs-slides style=\"overflow: hidden; position: absolute;\">\n\t\t\t\t\t\t<rs-slide style=\"position: absolute;\" data-key=\"rs-148\" data-title=\"Slide\" data-thumb=\"\/\/www.valcucine.com\/wp-content\/uploads\/2024\/03\/1960_2_vitrum_resistente-50x100.webp\" data-in=\"o:0;\" data-out=\"a:false;\">\n\t\t\t\t\t\t\t<img decoding=\"async\" src=\"\/\/www.valcucine.com\/wp-content\/plugins\/revslider\/sr6\/assets\/assets\/dummy.png\" alt=\"\" title=\"1960_2_vitrum_resistente\" width=\"2400\" height=\"1200\" class=\"rev-slidebg tp-rs-img rs-lazyload\" data-lazyload=\"\/\/www.valcucine.com\/wp-content\/uploads\/2024\/03\/1960_2_vitrum_resistente.webp\" data-no-retina>\n<!---->\t\t\t\t\t<\/rs-slide>\n\t\t\t\t\t\t<rs-slide style=\"position: absolute;\" data-key=\"rs-149\" data-title=\"Slide\" data-thumb=\"\/\/www.valcucine.com\/wp-content\/uploads\/2024\/03\/1961_vitrum_lucido_e_opaco__intro-50x100.webp\" data-in=\"o:0;\" data-out=\"a:false;\">\n\t\t\t\t\t\t\t<img decoding=\"async\" src=\"\/\/www.valcucine.com\/wp-content\/plugins\/revslider\/sr6\/assets\/assets\/dummy.png\" alt=\"\" title=\"1961_vitrum_lucido_e_opaco__intro\" width=\"1024\" height=\"837\" class=\"rev-slidebg tp-rs-img rs-lazyload\" data-lazyload=\"\/\/www.valcucine.com\/wp-content\/uploads\/2024\/03\/1961_vitrum_lucido_e_opaco__intro.webp\" data-no-retina>\n<!---->\t\t\t\t\t<\/rs-slide>\n\t\t\t\t\t\t<rs-slide style=\"position: absolute;\" data-key=\"rs-150\" data-title=\"Slide\" data-thumb=\"\/\/www.valcucine.com\/wp-content\/uploads\/2024\/03\/1962_valcucine_1078_low-50x100.webp\" data-in=\"o:0;\" data-out=\"a:false;\">\n\t\t\t\t\t\t\t<img decoding=\"async\" src=\"\/\/www.valcucine.com\/wp-content\/plugins\/revslider\/sr6\/assets\/assets\/dummy.png\" alt=\"\" title=\"1962_valcucine_1078_low\" width=\"2400\" height=\"1200\" class=\"rev-slidebg tp-rs-img rs-lazyload\" data-lazyload=\"\/\/www.valcucine.com\/wp-content\/uploads\/2024\/03\/1962_valcucine_1078_low.webp\" data-no-retina>\n<!---->\t\t\t\t\t<\/rs-slide>\n\t\t\t\t\t\t<rs-slide style=\"position: absolute;\" data-key=\"rs-151\" data-title=\"Slide\" data-thumb=\"\/\/www.valcucine.com\/wp-content\/uploads\/2024\/03\/1963_vitrum_velato_intro-50x100.webp\" data-in=\"o:0;\" data-out=\"a:false;\">\n\t\t\t\t\t\t\t<img decoding=\"async\" src=\"\/\/www.valcucine.com\/wp-content\/plugins\/revslider\/sr6\/assets\/assets\/dummy.png\" alt=\"\" title=\"1963_vitrum_velato_intro\" width=\"2400\" height=\"1200\" class=\"rev-slidebg tp-rs-img rs-lazyload\" data-lazyload=\"\/\/www.valcucine.com\/wp-content\/uploads\/2024\/03\/1963_vitrum_velato_intro.webp\" data-no-retina>\n<!---->\t\t\t\t\t<\/rs-slide>\n\t\t\t\t\t<\/rs-slides>\n\t\t\t\t\t<rs-static-layers><!--\n\n\t\t\t\t\t\t\t--><rs-layer\n\t\t\t\t\t\t\t\tid=\"slider-25-slide-24-layer-12\" \n\t\t\t\t\t\t\t\tclass=\"play-button rs-svg rs-layer-static\"\n\t\t\t\t\t\t\t\tdata-type=\"svg\"\n\t\t\t\t\t\t\t\tdata-rsp_ch=\"on\"\n\t\t\t\t\t\t\t\tdata-xy=\"xo:20px;y:b;yo:20px;\"\n\t\t\t\t\t\t\t\tdata-text=\"w:normal;s:20,20,20,7;l:0,0,0,9;\"\n\t\t\t\t\t\t\t\tdata-dim=\"w:20px,20px,20px,30px;h:20px,20px,20px,30px;\"\n\t\t\t\t\t\t\t\tdata-actions='o:click;a:playslider;'\n\t\t\t\t\t\t\t\tdata-svg_src=\"\/\/www.valcucine.com\/wp-content\/uploads\/revslider\/svg\/objects\/svgcustom\/circle-play.svg\"\n\t\t\t\t\t\t\t\tdata-svgi=\"oc:t;\"\n\t\t\t\t\t\t\t\tdata-basealign=\"slide\"\n\t\t\t\t\t\t\t\tdata-onslides=\"s:1;\"\n\t\t\t\t\t\t\t\tdata-frame_999=\"o:0;st:w;\"\n\t\t\t\t\t\t\t\tstyle=\"z-index:7;font-family:'Roboto';\"\n\t\t\t\t\t\t\t> \n\t\t\t\t\t\t\t<\/rs-layer><!--\n\n\t\t\t\t\t\t\t--><rs-layer\n\t\t\t\t\t\t\t\tid=\"slider-25-slide-24-layer-13\" \n\t\t\t\t\t\t\t\tclass=\"pause-button current-slider rs-svg rs-layer-static\"\n\t\t\t\t\t\t\t\tdata-type=\"svg\"\n\t\t\t\t\t\t\t\tdata-rsp_ch=\"on\"\n\t\t\t\t\t\t\t\tdata-xy=\"xo:20px;y:b;yo:20px;\"\n\t\t\t\t\t\t\t\tdata-text=\"w:normal;s:20,20,20,7;l:0,0,0,9;\"\n\t\t\t\t\t\t\t\tdata-dim=\"w:20px,20px,20px,30px;h:20px,20px,20px,30px;\"\n\t\t\t\t\t\t\t\tdata-actions='o:click;a:pauseslider;'\n\t\t\t\t\t\t\t\tdata-svg_src=\"\/\/www.valcucine.com\/wp-content\/uploads\/revslider\/svg\/objects\/svgcustom\/circle-pause.svg\"\n\t\t\t\t\t\t\t\tdata-svgi=\"oc:t;\"\n\t\t\t\t\t\t\t\tdata-basealign=\"slide\"\n\t\t\t\t\t\t\t\tdata-onslides=\"s:1;\"\n\t\t\t\t\t\t\t\tdata-frame_999=\"o:0;st:w;\"\n\t\t\t\t\t\t\t\tstyle=\"z-index:8;font-family:'Roboto';\"\n\t\t\t\t\t\t\t> \n\t\t\t\t\t\t\t<\/rs-layer><!--\n\t\t\t\t\t--><\/rs-static-layers>\n\t\t\t\t<\/rs-module>\n\t\t\t\t<script>\n\t\t\t\t\tsetREVStartSize({c: 'rev_slider_25_1',rl:[1240,1240,1240,480],el:[568.984,568.984,568.984,480],gw:[1240,1240,1240,480],gh:[569,569,569,480],type:'standard',justify:'',layout:'fullscreen',offsetContainer:'#slider__height',offset:'0px',mh:\"0\"});if (window.RS_MODULES!==undefined && window.RS_MODULES.modules!==undefined && window.RS_MODULES.modules[\"revslider251\"]!==undefined) {window.RS_MODULES.modules[\"revslider251\"].once = false;window.revapi25 = undefined;if (window.RS_MODULES.checkMinimal!==undefined) window.RS_MODULES.checkMinimal()}\n\t\t\t\t<\/script>\n\t\t\t<\/rs-module-wrap>\n\t\t\t<!-- END REVOLUTION SLIDER -->\n[\/vc_column][\/vc_row][vc_row el_class=\u00bbpt-6&#8243; css=\u00bb.vc_custom_1709741038744{padding-top: 40px !important;}\u00bb][vc_column]\n        \n        <h1 class=\"text-center  main__title__h1  \" style=\"color:#333333;\"> \n\n         Vitrum: el cristal Valcucine\n        \n        <\/h1>\n        \n        <h2 class=\"text-center  main__title__h2  \" style=\"color:#333333;\"> \n\n         La cocina de cristal\n        \n        <\/h2>[\/vc_column][\/vc_row][vc_row css=\u00bb.vc_custom_1709741045295{margin-top: 10px !important;}\u00bb][vc_column][vc_column_text]<\/p>\n<p style=\"text-align: center;\"><em>\u00abConsidero el cristal un material m\u00e1gico, cuya elaboraci\u00f3n desde hace tres mil a\u00f1os produce misterio. <\/em><br \/>\n<em>Ecosostenible y resistente, el cristal refleja la filosof\u00eda que caracteriza mi forma de dise\u00f1ar, que tiende a la b\u00fasqueda del bienestar en la cocina\u00bb.<\/em><\/p>\n<p style=\"text-align: center;\">Gabriele Centazzo, dise\u00f1ador de Valcucine<\/p>\n<p>[\/vc_column_text][\/vc_column][\/vc_row][vc_row][vc_column css=\u00bb.vc_custom_1710767612318{padding-bottom: 40px !important;}\u00bb][vc_separator color=\u00bbcustom\u00bb el_width=\u00bb10&#8243; accent_color=\u00bb#666666&#8243;][vc_column_text]Valcucine fue la primera empresa que utiliz\u00f3 el cristal en las composiciones de las cocinas, abriendo nuevas perspectivas revolucionarias, ricas de encanto y tecnolog\u00eda. Material precioso, el cristal se caracteriza por su gran expresividad.Aparentemente fr\u00e1gil, pero en realidad resistente y capaz de proporcionar sensaciones de inesperada y sorprendente ligereza, el cristal se articula en sus infinitas posibilidades, en el juego continuo de colores y en sus asombrosas sugestiones t\u00e1ctiles. El infinito juego del vidrio le permite encontrar siempre la soluci\u00f3n que mejor se adapte a su gusto y estilo de vida.<\/p>\n<p><strong>RESISTENTE<\/strong><\/p>\n<p>Vitrum es el resultado de pruebas espec\u00edficas y tratamientos que ponen a prueba el material para hacerlo a\u00fan m\u00e1s prestacional. Gracias al tratamiento de templado, el cristal se vuelve cinco veces m\u00e1s resistente que el cristal normal y, en caso de rotura total, se fragmenta en trozos min\u00fasculos no cortantes.<\/p>\n<p><strong>UNA OPCI\u00d3N ECOSOSTENIBLE<\/strong><\/p>\n<p>Gracias a la investigaci\u00f3n y al uso consciente del material, el cristal constituye la m\u00e1xima expresi\u00f3n del dise\u00f1o ecosostenible que permite proyectar productos 100% reciclables, lo m\u00e1s posible desmaterializados, con cero emisiones de formaldeh\u00eddo y capaces de garantizar larga durabilidad t\u00e9cnica y est\u00e9tica.<\/p>\n<p><strong>PR\u00c1CTICO, F\u00c1CIL DE LIMPIAR Y DURADERO<\/strong><\/p>\n<p>Adem\u00e1s de las notables caracter\u00edsticas est\u00e9ticas, el cristal garantiza elevada resistencia a las manchas y a la cal. No se hincha ni se quema. Es higi\u00e9nico, inatacable por mohos y bacterias y f\u00e1cil de limpiar. Pocos materiales pueden mantener invariadas en el tiempo todas sus caracter\u00edsticas como el cristal.<\/p>\n<p><strong>COLORES INALTERABLES EN EL TIEMPO<\/strong><\/p>\n<p>Valcucine ha realizado un amplio trabajo de investigaci\u00f3n para garantizar tonos uniformes y duraderos. Estudios sofisticados y un alto nivel de conocimientos t\u00e9cnicos han permitido desarrollar el primer barniz que mantiene inalterado el color aplicado y asegura una excelente adherencia al cristal.<\/p>\n<p><strong>AT\u00d3XICO<\/strong><\/p>\n<p>Para proteger la superficie de cristal y volver los colores inalterables en el tiempo, Valcucine ha adoptado unos ciclos de barnizado al agua que reducen la presencia de disolventes sint\u00e9ticos y eliminan del todo aqu\u00e9llos arom\u00e1ticos, que se consideran grandemente cancer\u00edgenos.<\/p>\n<p><strong>PERSONALIZABLE<\/strong><\/p>\n<p>El cristal Valcucine est\u00e1 disponible en una extensa gama de colores y en los tres acabados: brillante, mate y al \u00e1cido por zonas. Adem\u00e1s, las especiales t\u00e9cnicas de elaboraci\u00f3n exclusivas, puestas a punto por Valcucine, transmiten al cristal sensaciones nuevas y distintas volvi\u00e9ndolo Gr\u00e1fico con dibujos que se inspiran en la naturaleza, Mimesis con efecto de piedra, T\u00e1ctil capaz e transmitir sugerentes experiencias sensoriales, Textil con textura vibrante, Velato para un efecto \u201cvisto y no visto\u201d y Arte, como un lienzo elaborado a mano, personalizado tambi\u00e9n seg\u00fan el dibujo del cliente para que cada cocina sea una pieza \u00fanica.<br \/>\nEl juego infinito sobre el cristal permite encontrar siempre la soluci\u00f3n m\u00e1s adecuada para el gusto y el estilo de vida de cada cual.[\/vc_column_text][\/vc_column][\/vc_row][vc_row][vc_column width=\u00bb1\/3&#8243;][vc_single_image image=\u00bb45511&#8243; img_size=\u00bbfull\u00bb][vc_column_text]<sup> Vitrum Grafico | Hex\u00e1gonos naturales Blanco Nube <\/sup>[\/vc_column_text][\/vc_column][vc_column width=\u00bb1\/3&#8243;][vc_single_image image=\u00bb45516&#8243; img_size=\u00bbfull\u00bb][vc_column_text]<sup> Vitrum Grafico | Ala de mariposa Gris Fuego <\/sup>[\/vc_column_text][\/vc_column][vc_column width=\u00bb1\/3&#8243;][vc_single_image image=\u00bb45506&#8243; img_size=\u00bbfull\u00bb][vc_column_text]<sup> Vitrum Mimesis | Calacatta Oro <\/sup>[\/vc_column_text][\/vc_column][\/vc_row]<\/p>\n<\/div>","protected":false},"excerpt":{"rendered":"<p>[vc_row][vc_column][\/vc_column][\/vc_row][vc_row el_class=\u00bbpt-6&#8243; css=\u00bb.vc_custom_1709741038744{padding-top: 40px !important;}\u00bb][vc_column][\/vc_column][\/vc_row][vc_row css=\u00bb.vc_custom_1709741045295{margin-top: 10px !important;}\u00bb][vc_column][vc_column_text] \u00abConsidero el cristal un material m\u00e1gico, cuya elaboraci\u00f3n desde hace tres mil a\u00f1os produce misterio. Ecosostenible y resistente, el cristal refleja la filosof\u00eda que caracteriza mi forma de dise\u00f1ar, que tiende a la b\u00fasqueda del bienestar en la cocina\u00bb. Gabriele Centazzo, dise\u00f1ador de Valcucine [\/vc_column_text][\/vc_column][\/vc_row][vc_row][vc_column css=\u00bb.vc_custom_1710767612318{padding-bottom: 40px [&hellip;]<\/p>\n","protected":false},"author":1,"featured_media":0,"parent":14784,"menu_order":0,"comment_status":"closed","ping_status":"closed","template":"","meta":{"footnotes":""},"class_list":["post-14794","page","type-page","status-publish","hentry"],"yoast_head":"<!-- This site is optimized with the Yoast SEO plugin v26.2 - https:\/\/yoast.com\/wordpress\/plugins\/seo\/ -->\n<title>Vitrum: el cristal Valcucine - Valcucine<\/title>\n<meta name=\"description\" content=\"Descubre Vitrum de Valcucine: innovaci\u00f3n en cocinas con vidrio sostenible, dise\u00f1o elegante y resistencia excepcional para espacios modernos y sofisticados.\" \/>\n<meta name=\"robots\" content=\"index, follow, max-snippet:-1, max-image-preview:large, max-video-preview:-1\" \/>\n<link rel=\"canonical\" href=\"https:\/\/www.valcucine.com\/es\/elementos-caractersticos\/vitrum-il-vetro-valcucine\/\" \/>\n<meta property=\"og:locale\" content=\"es_ES\" \/>\n<meta property=\"og:type\" content=\"article\" \/>\n<meta property=\"og:title\" content=\"Vitrum: el cristal Valcucine - Valcucine\" \/>\n<meta property=\"og:description\" content=\"Descubre Vitrum de Valcucine: innovaci\u00f3n en cocinas con vidrio sostenible, dise\u00f1o elegante y resistencia excepcional para espacios modernos y sofisticados.\" \/>\n<meta property=\"og:url\" content=\"https:\/\/www.valcucine.com\/es\/elementos-caractersticos\/vitrum-il-vetro-valcucine\/\" \/>\n<meta property=\"og:site_name\" content=\"Valcucine\" \/>\n<meta property=\"article:publisher\" content=\"https:\/\/www.facebook.com\/valcucine\/\" \/>\n<meta property=\"article:modified_time\" content=\"2025-05-09T09:21:42+00:00\" \/>\n<meta name=\"twitter:card\" content=\"summary_large_image\" \/>\n<meta name=\"twitter:label1\" content=\"Tiempo de lectura\" \/>\n\t<meta name=\"twitter:data1\" content=\"4 minutos\" \/>\n<script type=\"application\/ld+json\" class=\"yoast-schema-graph\">{\"@context\":\"https:\/\/schema.org\",\"@graph\":[{\"@type\":\"WebPage\",\"@id\":\"https:\/\/www.valcucine.com\/es\/elementos-caractersticos\/vitrum-il-vetro-valcucine\/\",\"url\":\"https:\/\/www.valcucine.com\/es\/elementos-caractersticos\/vitrum-il-vetro-valcucine\/\",\"name\":\"Vitrum: el cristal Valcucine - Valcucine\",\"isPartOf\":{\"@id\":\"https:\/\/www.valcucine.com\/#website\"},\"datePublished\":\"2024-03-18T13:10:06+00:00\",\"dateModified\":\"2025-05-09T09:21:42+00:00\",\"description\":\"Descubre Vitrum de Valcucine: innovaci\u00f3n en cocinas con vidrio sostenible, dise\u00f1o elegante y resistencia excepcional para espacios modernos y sofisticados.\",\"breadcrumb\":{\"@id\":\"https:\/\/www.valcucine.com\/es\/elementos-caractersticos\/vitrum-il-vetro-valcucine\/#breadcrumb\"},\"inLanguage\":\"es\",\"potentialAction\":[{\"@type\":\"ReadAction\",\"target\":[\"https:\/\/www.valcucine.com\/es\/elementos-caractersticos\/vitrum-il-vetro-valcucine\/\"]}]},{\"@type\":\"BreadcrumbList\",\"@id\":\"https:\/\/www.valcucine.com\/es\/elementos-caractersticos\/vitrum-il-vetro-valcucine\/#breadcrumb\",\"itemListElement\":[{\"@type\":\"ListItem\",\"position\":1,\"name\":\"Valcucine\",\"item\":\"https:\/\/www.valcucine.com\/es\/\"},{\"@type\":\"ListItem\",\"position\":2,\"name\":\"Elementos caracter\u00ecsticos\",\"item\":\"https:\/\/www.valcucine.com\/es\/elementos-caractersticos\/\"},{\"@type\":\"ListItem\",\"position\":3,\"name\":\"Vitrum: el cristal Valcucine\"}]},{\"@type\":\"WebSite\",\"@id\":\"https:\/\/www.valcucine.com\/#website\",\"url\":\"https:\/\/www.valcucine.com\/\",\"name\":\"Valcucine\",\"description\":\"\",\"publisher\":{\"@id\":\"https:\/\/www.valcucine.com\/#organization\"},\"potentialAction\":[{\"@type\":\"SearchAction\",\"target\":{\"@type\":\"EntryPoint\",\"urlTemplate\":\"https:\/\/www.valcucine.com\/?s={search_term_string}\"},\"query-input\":{\"@type\":\"PropertyValueSpecification\",\"valueRequired\":true,\"valueName\":\"search_term_string\"}}],\"inLanguage\":\"es\"},{\"@type\":\"Organization\",\"@id\":\"https:\/\/www.valcucine.com\/#organization\",\"name\":\"Valcucine\",\"url\":\"https:\/\/www.valcucine.com\/\",\"logo\":{\"@type\":\"ImageObject\",\"inLanguage\":\"es\",\"@id\":\"https:\/\/www.valcucine.com\/#\/schema\/logo\/image\/\",\"url\":\"https:\/\/www.valcucine.com\/wp-content\/uploads\/2024\/02\/logo-valcucine.webp?wsr\",\"contentUrl\":\"https:\/\/www.valcucine.com\/wp-content\/uploads\/2024\/02\/logo-valcucine.webp?wsr\",\"width\":288,\"height\":46,\"caption\":\"Valcucine\"},\"image\":{\"@id\":\"https:\/\/www.valcucine.com\/#\/schema\/logo\/image\/\"},\"sameAs\":[\"https:\/\/www.facebook.com\/valcucine\/\",\"https:\/\/www.instagram.com\/valcucine\/\",\"https:\/\/www.linkedin.com\/company\/valcucine\"]}]}<\/script>\n<!-- \/ Yoast SEO plugin. -->","yoast_head_json":{"title":"Vitrum: el cristal Valcucine - Valcucine","description":"Descubre Vitrum de Valcucine: innovaci\u00f3n en cocinas con vidrio sostenible, dise\u00f1o elegante y resistencia excepcional para espacios modernos y sofisticados.","robots":{"index":"index","follow":"follow","max-snippet":"max-snippet:-1","max-image-preview":"max-image-preview:large","max-video-preview":"max-video-preview:-1"},"canonical":"https:\/\/www.valcucine.com\/es\/elementos-caractersticos\/vitrum-il-vetro-valcucine\/","og_locale":"es_ES","og_type":"article","og_title":"Vitrum: el cristal Valcucine - Valcucine","og_description":"Descubre Vitrum de Valcucine: innovaci\u00f3n en cocinas con vidrio sostenible, dise\u00f1o elegante y resistencia excepcional para espacios modernos y sofisticados.","og_url":"https:\/\/www.valcucine.com\/es\/elementos-caractersticos\/vitrum-il-vetro-valcucine\/","og_site_name":"Valcucine","article_publisher":"https:\/\/www.facebook.com\/valcucine\/","article_modified_time":"2025-05-09T09:21:42+00:00","twitter_card":"summary_large_image","twitter_misc":{"Tiempo de lectura":"4 minutos"},"schema":{"@context":"https:\/\/schema.org","@graph":[{"@type":"WebPage","@id":"https:\/\/www.valcucine.com\/es\/elementos-caractersticos\/vitrum-il-vetro-valcucine\/","url":"https:\/\/www.valcucine.com\/es\/elementos-caractersticos\/vitrum-il-vetro-valcucine\/","name":"Vitrum: el cristal Valcucine - Valcucine","isPartOf":{"@id":"https:\/\/www.valcucine.com\/#website"},"datePublished":"2024-03-18T13:10:06+00:00","dateModified":"2025-05-09T09:21:42+00:00","description":"Descubre Vitrum de Valcucine: innovaci\u00f3n en cocinas con vidrio sostenible, dise\u00f1o elegante y resistencia excepcional para espacios modernos y sofisticados.","breadcrumb":{"@id":"https:\/\/www.valcucine.com\/es\/elementos-caractersticos\/vitrum-il-vetro-valcucine\/#breadcrumb"},"inLanguage":"es","potentialAction":[{"@type":"ReadAction","target":["https:\/\/www.valcucine.com\/es\/elementos-caractersticos\/vitrum-il-vetro-valcucine\/"]}]},{"@type":"BreadcrumbList","@id":"https:\/\/www.valcucine.com\/es\/elementos-caractersticos\/vitrum-il-vetro-valcucine\/#breadcrumb","itemListElement":[{"@type":"ListItem","position":1,"name":"Valcucine","item":"https:\/\/www.valcucine.com\/es\/"},{"@type":"ListItem","position":2,"name":"Elementos caracter\u00ecsticos","item":"https:\/\/www.valcucine.com\/es\/elementos-caractersticos\/"},{"@type":"ListItem","position":3,"name":"Vitrum: el cristal Valcucine"}]},{"@type":"WebSite","@id":"https:\/\/www.valcucine.com\/#website","url":"https:\/\/www.valcucine.com\/","name":"Valcucine","description":"","publisher":{"@id":"https:\/\/www.valcucine.com\/#organization"},"potentialAction":[{"@type":"SearchAction","target":{"@type":"EntryPoint","urlTemplate":"https:\/\/www.valcucine.com\/?s={search_term_string}"},"query-input":{"@type":"PropertyValueSpecification","valueRequired":true,"valueName":"search_term_string"}}],"inLanguage":"es"},{"@type":"Organization","@id":"https:\/\/www.valcucine.com\/#organization","name":"Valcucine","url":"https:\/\/www.valcucine.com\/","logo":{"@type":"ImageObject","inLanguage":"es","@id":"https:\/\/www.valcucine.com\/#\/schema\/logo\/image\/","url":"https:\/\/www.valcucine.com\/wp-content\/uploads\/2024\/02\/logo-valcucine.webp?wsr","contentUrl":"https:\/\/www.valcucine.com\/wp-content\/uploads\/2024\/02\/logo-valcucine.webp?wsr","width":288,"height":46,"caption":"Valcucine"},"image":{"@id":"https:\/\/www.valcucine.com\/#\/schema\/logo\/image\/"},"sameAs":["https:\/\/www.facebook.com\/valcucine\/","https:\/\/www.instagram.com\/valcucine\/","https:\/\/www.linkedin.com\/company\/valcucine"]}]}},"_links":{"self":[{"href":"https:\/\/www.valcucine.com\/es\/wp-json\/wp\/v2\/pages\/14794","targetHints":{"allow":["GET"]}}],"collection":[{"href":"https:\/\/www.valcucine.com\/es\/wp-json\/wp\/v2\/pages"}],"about":[{"href":"https:\/\/www.valcucine.com\/es\/wp-json\/wp\/v2\/types\/page"}],"author":[{"embeddable":true,"href":"https:\/\/www.valcucine.com\/es\/wp-json\/wp\/v2\/users\/1"}],"replies":[{"embeddable":true,"href":"https:\/\/www.valcucine.com\/es\/wp-json\/wp\/v2\/comments?post=14794"}],"version-history":[{"count":8,"href":"https:\/\/www.valcucine.com\/es\/wp-json\/wp\/v2\/pages\/14794\/revisions"}],"predecessor-version":[{"id":45537,"href":"https:\/\/www.valcucine.com\/es\/wp-json\/wp\/v2\/pages\/14794\/revisions\/45537"}],"up":[{"embeddable":true,"href":"https:\/\/www.valcucine.com\/es\/wp-json\/wp\/v2\/pages\/14784"}],"wp:attachment":[{"href":"https:\/\/www.valcucine.com\/es\/wp-json\/wp\/v2\/media?parent=14794"}],"curies":[{"name":"wp","href":"https:\/\/api.w.org\/{rel}","templated":true}]}}